{"id":16869,"date":"2023-06-30T17:07:49","date_gmt":"2023-06-30T20:07:49","guid":{"rendered":"https:\/\/abix.com.br\/aluguel-de-radio-dtr620\/"},"modified":"2023-11-06T13:46:25","modified_gmt":"2023-11-06T16:46:25","slug":"aluguel-de-radio-dtr620","status":"publish","type":"page","link":"https:\/\/abix.com.br\/en\/aluguel-de-radio-dtr620\/","title":{"rendered":"DTR620 Radio Rental"},"content":{"rendered":"\n\t<section class=\"section paginas-internas\" id=\"section_1041462715\">\n\t\t<div class=\"section-bg fill\" >\n\t\t\t\t\t\t\t\t\t\n\t\t\t\n\n\t\t<\/div>\n\n\t\t\n\n\t\t<div class=\"section-content relative\">\n\t\t\t\n<div class=\"row\"  id=\"row-961162766\">\n\n\t<div id=\"col-88875998\" class=\"col small-12 large-12\"  >\n\t\t\t\t<div class=\"col-inner\"  >\n\t\t\t\n\t\t\t\n<h1 style=\"text-align: center;\">ALUGUEL DE R\u00c1DIO DTR620<\/h1>\n\t\t<\/div>\n\t\t\t\t\t<\/div>\n\n\t\n<\/div>\n\t\t<\/div>\n\n\t\t\n<style>\n#section_1041462715 {\n  padding-top: 70px;\n  padding-bottom: 70px;\n}\n<\/style>\n\t<\/section>\n\t\n\n\t<section class=\"section\" id=\"section_2043321027\">\n\t\t<div class=\"section-bg fill\" >\n\t\t\t\t\t\t\t\t\t\n\t\t\t\n\n\t\t<\/div>\n\n\t\t\n\n\t\t<div class=\"section-content relative\">\n\t\t\t\n<div class=\"row\"  id=\"row-1902682778\">\n\n\t<div id=\"col-1861389162\" class=\"col medium-6 small-12 large-6\"  >\n\t\t\t\t<div class=\"col-inner\"  >\n\t\t\t\n\t\t\t\n\t<div class=\"img has-hover x md-x lg-x y md-y lg-y\" id=\"image_1637851128\">\n\t\t\t\t\t\t\t\t<div class=\"img-inner dark\" >\n\t\t\t<img decoding=\"async\" width=\"600\" height=\"600\" src=\"https:\/\/abix.com.br\/wp-content\/uploads\/2023\/07\/aluguel_dtr620_1.webp\" class=\"attachment-original size-original\" alt=\"\" srcset=\"https:\/\/abix.com.br\/wp-content\/uploads\/2023\/07\/aluguel_dtr620_1.webp 600w, https:\/\/abix.com.br\/wp-content\/uploads\/2023\/07\/aluguel_dtr620_1-300x300.webp 300w, https:\/\/abix.com.br\/wp-content\/uploads\/2023\/07\/aluguel_dtr620_1-100x100.webp 100w, https:\/\/abix.com.br\/wp-content\/uploads\/2023\/07\/aluguel_dtr620_1-150x150.webp 150w\" sizes=\"(max-width: 600px) 100vw, 600px\" \/>\t\t\t\t\t\t\n\t\t\t\t\t<\/div>\n\t\t\t\t\t\t\t\t\n<style>\n#image_1637851128 {\n  width: 100%;\n}\n<\/style>\n\t<\/div>\n\t\n\t\t<\/div>\n\t\t\t\t\t<\/div>\n\n\t\n\n\t<div id=\"col-1472163149\" class=\"col medium-6 small-12 large-6\"  >\n\t\t\t\t<div class=\"col-inner\"  >\n\t\t\t\n\t\t\t\n<h3><strong>MOTOROLA DTR620<\/strong><\/h3>\n<p>Em caso de trabalho em \u00e1reas de risco de explos\u00e3o ou de inc\u00eandios, o tablet indicado tem que ter certificado ATEX e aprova\u00e7\u00e3o do INMETRO. Os tablets s\u00e3o equipamentos ultra resistentes a qualquer condi\u00e7\u00e3o adversa, apoie-o no ombro, use-o em ambientes internos ou externos, exponha-o a poeira, quedas, chuva e a temperaturas extremamente altas e baixas.<\/p>\n<p>Abix sempre um passo \u00e0 frente! Os tablets Atex da Abix s\u00e3o equipamentos inteligentes e inovadores com a tecnologia mais avan\u00e7ada no mercado.<\/p>\n\t\t<\/div>\n\t\t\t\t\t<\/div>\n\n\t\n<\/div>\n\t\t<\/div>\n\n\t\t\n<style>\n#section_2043321027 {\n  padding-top: 30px;\n  padding-bottom: 30px;\n}\n<\/style>\n\t<\/section>\n\t\n\n\t<section class=\"section\" id=\"section_825454231\">\n\t\t<div class=\"section-bg fill\" >\n\t\t\t\t\t\t\t\t\t\n\t\t\t\n\n\t\t<\/div>\n\n\t\t\n\n\t\t<div class=\"section-content relative\">\n\t\t\t\n<div class=\"row\"  id=\"row-1312525229\">\n\n\t<div id=\"col-821420580\" class=\"col medium-6 small-12 large-6\"  >\n\t\t\t\t<div class=\"col-inner\"  >\n\t\t\t\n\t\t\t\n<h3><strong>EQUIPAMENTOS EM PERFEITO ESTADO<\/strong><\/h3>\n<p>A Abix disp\u00f5e para loca\u00e7\u00e3o a pronta entrega de um grande parque de radiocomunicadores DTR620 e DRT720 em perfeito estado de conserva\u00e7\u00e3o e funcionamento garantidos por um rigoroso processo de qualidade certificado pela <a href=\"https:\/\/www.abix.com.br\/wp-content\/uploads\/ISO-9001_2015.webp\">ISO9001<\/a>.<\/p>\n<h3><strong>CONTROLE E REDU\u00c7\u00c3O DE CUSTOS<\/strong><\/h3>\n<p>Ao alugar r\u00e1dios comunicadores DTR620 e DTR720 com a Abix voc\u00ea receber\u00e1 mensalmente relat\u00f3rios detalhados com os locais de uso (centros de custo) e todas informa\u00e7\u00f5es sobre os r\u00e1dios alugados sem quaisquer despesas com controle, estoque, configura\u00e7\u00e3o e manuten\u00e7\u00e3o (exceto em caso de mal uso).<\/p>\n<h3><strong>AGILIDADE, RAPIDEZ E PONTUALIDADE NA ENTREGA<\/strong><\/h3>\n<p>A Abix possui a estrutura e log\u00edstica capazes de atender com rapidez solicita\u00e7\u00f5es de aluguel de qualquer quantidade de r\u00e1dios.<\/p>\n\t\t<\/div>\n\t\t\t\t\t<\/div>\n\n\t\n\n\t<div id=\"col-508882579\" class=\"col medium-6 small-12 large-6\"  >\n\t\t\t\t<div class=\"col-inner\"  >\n\t\t\t\n\t\t\t\n<h3><strong>CONFIGURA\u00c7\u00d5ES CUSTOMIZADAS<\/strong><\/h3>\n<p>Os r\u00e1dios podem ser fornecidos com programa\u00e7\u00f5es distintas para cada grupo conforme suas necessidades e com etiquetas identificadoras para facilitar a distribui\u00e7\u00e3o e identifica\u00e7\u00e3o dos r\u00e1dios locados.<\/p>\n<h3><strong>EQUIPE T\u00c9CNICA E CONSULTORES CAPACITADOS<\/strong><\/h3>\n<p>Treinados na f\u00e1brica da Motorola, a equipe Abix oferece consultoria sob demanda para projetos na venda e loca\u00e7\u00e3o de sistemas de comunica\u00e7\u00e3o por r\u00e1dio.<\/p>\n\t\t<\/div>\n\t\t\t\t\t<\/div>\n\n\t\n<\/div>\n\t\t<\/div>\n\n\t\t\n<style>\n#section_825454231 {\n  padding-top: 30px;\n  padding-bottom: 30px;\n  background-color: rgb(230, 230, 230);\n}\n<\/style>\n\t<\/section>\n\t\n\n\t<section class=\"section\" id=\"section_2018108376\">\n\t\t<div class=\"section-bg fill\" >\n\t\t\t\t\t\t\t\t\t\n\t\t\t\n\n\t\t<\/div>\n\n\t\t\n\n\t\t<div class=\"section-content relative\">\n\t\t\t\n<div class=\"row\"  id=\"row-1544811452\">\n\n\t<div id=\"col-1481291216\" class=\"col medium-6 small-12 large-6\"  >\n\t\t\t\t<div class=\"col-inner\"  >\n\t\t\t\n\t\t\t\n<div class=\"row align-middle\"  id=\"row-773423163\">\n\n\t<div id=\"col-1769258371\" class=\"col medium-3 small-12 large-3\"  >\n\t\t\t\t<div class=\"col-inner\"  >\n\t\t\t\n\t\t\t\n\t<div class=\"img has-hover x md-x lg-x y md-y lg-y\" id=\"image_1855939458\">\n\t\t\t\t\t\t\t\t<div class=\"img-inner dark\" >\n\t\t\t<img decoding=\"async\" width=\"75\" height=\"75\" src=\"https:\/\/abix.com.br\/wp-content\/uploads\/2023\/07\/download.webp\" class=\"attachment-original size-original\" alt=\"\" \/>\t\t\t\t\t\t\n\t\t\t\t\t<\/div>\n\t\t\t\t\t\t\t\t\n<style>\n#image_1855939458 {\n  width: 100%;\n}\n<\/style>\n\t<\/div>\n\t\n\t\t<\/div>\n\t\t\t\t\t<\/div>\n\n\t\n\n\t<div id=\"col-799945940\" class=\"col medium-6 small-12 large-6\"  >\n\t\t\t\t<div class=\"col-inner\"  >\n\t\t\t\n\t\t\t\n<h3><a href=\"https:\/\/abix.com.br\/wp-content\/uploads\/Radio_DTR620.pdf\">CATALOGO DTR620<\/a><\/h3>\n\t\t<\/div>\n\t\t\t\t\t<\/div>\n\n\t\n<\/div>\n<div class=\"row align-middle\"  id=\"row-895816555\">\n\n\t<div id=\"col-312747969\" class=\"col medium-3 small-12 large-3\"  >\n\t\t\t\t<div class=\"col-inner\"  >\n\t\t\t\n\t\t\t\n\t<div class=\"img has-hover x md-x lg-x y md-y lg-y\" id=\"image_1717289804\">\n\t\t\t\t\t\t\t\t<div class=\"img-inner dark\" >\n\t\t\t<img decoding=\"async\" width=\"75\" height=\"75\" src=\"https:\/\/abix.com.br\/wp-content\/uploads\/2023\/07\/download.webp\" class=\"attachment-original size-original\" alt=\"\" \/>\t\t\t\t\t\t\n\t\t\t\t\t<\/div>\n\t\t\t\t\t\t\t\t\n<style>\n#image_1717289804 {\n  width: 100%;\n}\n<\/style>\n\t<\/div>\n\t\n\t\t<\/div>\n\t\t\t\t\t<\/div>\n\n\t\n\n\t<div id=\"col-265930099\" class=\"col medium-6 small-12 large-6\"  >\n\t\t\t\t<div class=\"col-inner\"  >\n\t\t\t\n\t\t\t\n<h3><a href=\"https:\/\/abix.com.br\/wp-content\/uploads\/Radio_DTR720.pdf\">CATALOGO DTR720<\/a><\/h3>\n\t\t<\/div>\n\t\t\t\t\t<\/div>\n\n\t\n<\/div>\n\t\t<\/div>\n\t\t\t\t\t<\/div>\n\n\t\n\n\t<div id=\"col-1705311399\" class=\"col medium-6 small-12 large-6\"  >\n\t\t\t\t<div class=\"col-inner\"  >\n\t\t\t\n\t\t\t\n\t\t<\/div>\n\t\t\t\t\t<\/div>\n\n\t\n<\/div>\n\t\t<\/div>\n\n\t\t\n<style>\n#section_2018108376 {\n  padding-top: 30px;\n  padding-bottom: 30px;\n}\n<\/style>\n\t<\/section>\n\t\n","protected":false},"excerpt":{"rendered":"","protected":false},"author":1,"featured_media":0,"parent":0,"menu_order":0,"comment_status":"closed","ping_status":"closed","template":"page-blank.php","meta":{"footnotes":""},"class_list":["post-16869","page","type-page","status-publish","hentry"],"yoast_head":"<!-- This site is optimized with the Yoast SEO plugin v27.5 - https:\/\/yoast.com\/product\/yoast-seo-wordpress\/ -->\n<title>DTR620 Radio Rental - Radio Communicator Rental -Abix<\/title>\n<meta name=\"description\" content=\"Motorola DTR620 radio rental for hotels, bars and restaurants. Free of anatel license, long battery life.\" \/>\n<meta name=\"robots\" content=\"index, follow, max-snippet:-1, max-image-preview:large, max-video-preview:-1\" \/>\n<link rel=\"canonical\" href=\"https:\/\/abix.com.br\/en\/aluguel-de-radio-dtr620\/\" \/>\n<meta property=\"og:locale\" content=\"en_US\" \/>\n<meta property=\"og:type\" content=\"article\" \/>\n<meta property=\"og:title\" content=\"DTR620 Radio Rental - Radio Communicator Rental -Abix\" \/>\n<meta property=\"og:description\" content=\"Motorola DTR620 radio rental for hotels, bars and restaurants. Free of anatel license, long battery life.\" \/>\n<meta property=\"og:url\" content=\"https:\/\/abix.com.br\/en\/aluguel-de-radio-dtr620\/\" \/>\n<meta property=\"og:site_name\" content=\"Abix\" \/>\n<meta property=\"article:modified_time\" content=\"2023-11-06T16:46:25+00:00\" \/>\n<meta name=\"twitter:card\" content=\"summary_large_image\" \/>\n<meta name=\"twitter:label1\" content=\"Est. reading time\" \/>\n\t<meta name=\"twitter:data1\" content=\"2 minutes\" \/>\n<script type=\"application\/ld+json\" class=\"yoast-schema-graph\">{\"@context\":\"https:\\\/\\\/schema.org\",\"@graph\":[{\"@type\":\"WebPage\",\"@id\":\"https:\\\/\\\/abix.com.br\\\/en\\\/aluguel-de-radio-dtr620\\\/\",\"url\":\"https:\\\/\\\/abix.com.br\\\/en\\\/aluguel-de-radio-dtr620\\\/\",\"name\":\"DTR620 Radio Rental - Radio Communicator Rental -Abix\",\"isPartOf\":{\"@id\":\"https:\\\/\\\/abix.com.br\\\/#website\"},\"datePublished\":\"2023-06-30T20:07:49+00:00\",\"dateModified\":\"2023-11-06T16:46:25+00:00\",\"description\":\"Motorola DTR620 radio rental for hotels, bars and restaurants. Free of anatel license, long battery life.\",\"breadcrumb\":{\"@id\":\"https:\\\/\\\/abix.com.br\\\/en\\\/aluguel-de-radio-dtr620\\\/#breadcrumb\"},\"inLanguage\":\"en-US\",\"potentialAction\":[{\"@type\":\"ReadAction\",\"target\":[\"https:\\\/\\\/abix.com.br\\\/en\\\/aluguel-de-radio-dtr620\\\/\"]}]},{\"@type\":\"BreadcrumbList\",\"@id\":\"https:\\\/\\\/abix.com.br\\\/en\\\/aluguel-de-radio-dtr620\\\/#breadcrumb\",\"itemListElement\":[{\"@type\":\"ListItem\",\"position\":1,\"name\":\"In\u00edcio\",\"item\":\"https:\\\/\\\/abix.com.br\\\/en\\\/\"},{\"@type\":\"ListItem\",\"position\":2,\"name\":\"DTR620 Radio Rental\"}]},{\"@type\":\"WebSite\",\"@id\":\"https:\\\/\\\/abix.com.br\\\/#website\",\"url\":\"https:\\\/\\\/abix.com.br\\\/\",\"name\":\"Abix\",\"description\":\"\",\"potentialAction\":[{\"@type\":\"SearchAction\",\"target\":{\"@type\":\"EntryPoint\",\"urlTemplate\":\"https:\\\/\\\/abix.com.br\\\/?s={search_term_string}\"},\"query-input\":{\"@type\":\"PropertyValueSpecification\",\"valueRequired\":true,\"valueName\":\"search_term_string\"}}],\"inLanguage\":\"en-US\"}]}<\/script>\n<!-- \/ Yoast SEO plugin. -->","yoast_head_json":{"title":"DTR620 Radio Rental - Radio Communicator Rental -Abix","description":"Motorola DTR620 radio rental for hotels, bars and restaurants. Free of anatel license, long battery life.","robots":{"index":"index","follow":"follow","max-snippet":"max-snippet:-1","max-image-preview":"max-image-preview:large","max-video-preview":"max-video-preview:-1"},"canonical":"https:\/\/abix.com.br\/en\/aluguel-de-radio-dtr620\/","og_locale":"en_US","og_type":"article","og_title":"DTR620 Radio Rental - Radio Communicator Rental -Abix","og_description":"Motorola DTR620 radio rental for hotels, bars and restaurants. Free of anatel license, long battery life.","og_url":"https:\/\/abix.com.br\/en\/aluguel-de-radio-dtr620\/","og_site_name":"Abix","article_modified_time":"2023-11-06T16:46:25+00:00","twitter_card":"summary_large_image","twitter_misc":{"Est. reading time":"2 minutes"},"schema":{"@context":"https:\/\/schema.org","@graph":[{"@type":"WebPage","@id":"https:\/\/abix.com.br\/en\/aluguel-de-radio-dtr620\/","url":"https:\/\/abix.com.br\/en\/aluguel-de-radio-dtr620\/","name":"DTR620 Radio Rental - Radio Communicator Rental -Abix","isPartOf":{"@id":"https:\/\/abix.com.br\/#website"},"datePublished":"2023-06-30T20:07:49+00:00","dateModified":"2023-11-06T16:46:25+00:00","description":"Motorola DTR620 radio rental for hotels, bars and restaurants. Free of anatel license, long battery life.","breadcrumb":{"@id":"https:\/\/abix.com.br\/en\/aluguel-de-radio-dtr620\/#breadcrumb"},"inLanguage":"en-US","potentialAction":[{"@type":"ReadAction","target":["https:\/\/abix.com.br\/en\/aluguel-de-radio-dtr620\/"]}]},{"@type":"BreadcrumbList","@id":"https:\/\/abix.com.br\/en\/aluguel-de-radio-dtr620\/#breadcrumb","itemListElement":[{"@type":"ListItem","position":1,"name":"In\u00edcio","item":"https:\/\/abix.com.br\/en\/"},{"@type":"ListItem","position":2,"name":"DTR620 Radio Rental"}]},{"@type":"WebSite","@id":"https:\/\/abix.com.br\/#website","url":"https:\/\/abix.com.br\/","name":"Abix","description":"","potentialAction":[{"@type":"SearchAction","target":{"@type":"EntryPoint","urlTemplate":"https:\/\/abix.com.br\/?s={search_term_string}"},"query-input":{"@type":"PropertyValueSpecification","valueRequired":true,"valueName":"search_term_string"}}],"inLanguage":"en-US"}]}},"_links":{"self":[{"href":"https:\/\/abix.com.br\/en\/wp-json\/wp\/v2\/pages\/16869","targetHints":{"allow":["GET"]}}],"collection":[{"href":"https:\/\/abix.com.br\/en\/wp-json\/wp\/v2\/pages"}],"about":[{"href":"https:\/\/abix.com.br\/en\/wp-json\/wp\/v2\/types\/page"}],"author":[{"embeddable":true,"href":"https:\/\/abix.com.br\/en\/wp-json\/wp\/v2\/users\/1"}],"replies":[{"embeddable":true,"href":"https:\/\/abix.com.br\/en\/wp-json\/wp\/v2\/comments?post=16869"}],"version-history":[{"count":42,"href":"https:\/\/abix.com.br\/en\/wp-json\/wp\/v2\/pages\/16869\/revisions"}],"predecessor-version":[{"id":19715,"href":"https:\/\/abix.com.br\/en\/wp-json\/wp\/v2\/pages\/16869\/revisions\/19715"}],"wp:attachment":[{"href":"https:\/\/abix.com.br\/en\/wp-json\/wp\/v2\/media?parent=16869"}],"curies":[{"name":"wp","href":"https:\/\/api.w.org\/{rel}","templated":true}]}}