{"id":17946,"date":"2016-03-18T11:09:32","date_gmt":"2016-03-18T14:09:32","guid":{"rendered":"https:\/\/abix.com.br\/services\/"},"modified":"2025-10-16T14:51:41","modified_gmt":"2025-10-16T17:51:41","slug":"services","status":"publish","type":"page","link":"https:\/\/abix.com.br\/en\/services\/","title":{"rendered":"Services"},"content":{"rendered":"\n\t<section class=\"section secao1-noticias\" id=\"section_1566329950\">\n\t\t<div class=\"section-bg fill\" >\n\t\t\t\t\t\t\t\t\t\n\t\t\t\n\n\t\t<\/div>\n\n\t\t\n\n\t\t<div class=\"section-content relative\">\n\t\t\t\n<div class=\"row\"  id=\"row-181046725\">\n\n\t<div id=\"col-1602317505\" class=\"col coluna-1 medium-5 small-12 large-5\"  >\n\t\t\t\t<div class=\"col-inner text-left\"  >\n\t\t\t\n\t\t\t\n<h1>SERVICES<\/h1>\n\t\t<\/div>\n\t\t\t\t\t<\/div>\n\n\t\n\n\t<div id=\"col-876548302\" class=\"col coluna-2 medium-7 small-12 large-7\"  >\n\t\t\t\t<div class=\"col-inner\"  >\n\t\t\t\n\t\t\t\n\t<div class=\"img has-hover x md-x lg-x y md-y lg-y\" id=\"image_1066921506\">\n\t\t\t\t\t\t\t\t<div class=\"img-inner dark\" >\n\t\t\t<img decoding=\"async\" width=\"1\" height=\"1\" src=\"https:\/\/abix.com.br\/wp-content\/uploads\/2025\/10\/SERVICOS-2.svg\" class=\"attachment-2048x2048 size-2048x2048\" alt=\"\" \/>\t\t\t\t\t\t\n\t\t\t\t\t<\/div>\n\t\t\t\t\t\t\t\t\n<style>\n#image_1066921506 {\n  width: 100%;\n}\n<\/style>\n\t<\/div>\n\t\n\t\t<\/div>\n\t\t\t\t\t<\/div>\n\n\t\n<\/div>\n\t\t<\/div>\n\n\t\t\n<style>\n#section_1566329950 {\n  padding-top: 70px;\n  padding-bottom: 70px;\n}\n<\/style>\n\t<\/section>\n\t\n\n\t<section class=\"section\" id=\"section_90297170\">\n\t\t<div class=\"section-bg fill\" >\n\t\t\t\t\t\t\t\t\t\n\t\t\t\n\n\t\t<\/div>\n\n\t\t\n\n\t\t<div class=\"section-content relative\">\n\t\t\t\n<div class=\"row align-bottom\"  id=\"row-533497950\">\n\n\t<div id=\"col-866854908\" class=\"col medium-6 small-12 large-6\"  >\n\t\t\t\t<div class=\"col-inner text-center\"  >\n\t\t\t\n\t\t\t\n\t<div class=\"img has-hover x md-x lg-x y md-y lg-y\" id=\"image_962095280\">\n\t\t\t\t\t\t\t\t<div class=\"img-inner dark\" >\n\t\t\t<img decoding=\"async\" width=\"406\" height=\"590\" src=\"https:\/\/abix.com.br\/wp-content\/uploads\/2020\/12\/img-servicos.jpg\" class=\"attachment-original size-original\" alt=\"\" srcset=\"https:\/\/abix.com.br\/wp-content\/uploads\/2020\/12\/img-servicos.jpg 406w, https:\/\/abix.com.br\/wp-content\/uploads\/2020\/12\/img-servicos-206x300.jpg 206w\" sizes=\"(max-width: 406px) 100vw, 406px\" \/>\t\t\t\t\t\t\n\t\t\t\t\t<\/div>\n\t\t\t\t\t\t\t\t\n<style>\n#image_962095280 {\n  width: 66%;\n}\n<\/style>\n\t<\/div>\n\t\n\t\t<\/div>\n\t\t\t\t\t<\/div>\n\n\t\n\n\t<div id=\"col-520107627\" class=\"col medium-6 small-12 large-6\"  >\n\t\t\t\t<div class=\"col-inner\"  >\n\t\t\t\n\t\t\t\n<h2>Radio rental<\/h2>\n<p>Abix is a national leader in the provision of professional radio rental services and the development of radio communication projects. Serving the most diverse segments such as large industries, petrochemical industries, mining companies, agribusiness, hotels, public security, private security and events, we stand out for the variety of equipment in stock and our traditional highly specialized technical staff, which gives our projects the highest success rates and quality, providing efficient voice and data communication for our customers in the most diverse environments.<\/p>\n<p>Our technicians and engineers are constantly trained and updated in the main analog and digital Motorola Solutions radio technologies. Through our premium partnership with Motorola, we have access to the most up-to-date training, equipment and documentation available on the market. For more than 20 years, Abix has been working on the design, rental and sale of radio systems and is the best in the market for professional radio solutions.<\/p>\n<p>Abix has technicians available to monitor the use of radios, train users, install and uninstall repeaters, bases and mobile radios.<\/p>\n\t\t<\/div>\n\t\t\t\t\t<\/div>\n\n\t\n<\/div>\n\t\t<\/div>\n\n\t\t\n<style>\n#section_90297170 {\n  padding-top: 0px;\n  padding-bottom: 0px;\n}\n<\/style>\n\t<\/section>\n\t\n\n\t<section class=\"section\" id=\"section_136756203\">\n\t\t<div class=\"section-bg fill\" >\n\t\t\t\t\t\t\t\t\t\n\t\t\t\n\n\t\t<\/div>\n\n\t\t\n\n\t\t<div class=\"section-content relative\">\n\t\t\t\n<div class=\"row locacao_CFTV_borda\"  id=\"row-307863082\">\n\n\t<div id=\"col-409391678\" class=\"col medium-6 small-12 large-6\"  >\n\t\t\t\t<div class=\"col-inner\"  >\n\t\t\t\n\t\t\t\n<h2>CCTV system rental<\/h2>\n<p>In the CCTV (Closed Circuit Television) service line, Abix sells and rents equipment, as well as designing and implementing Security Camera Monitoring Systems. Our projects use high-quality equipment from partners such as Pelco, Alson, Intelbras, Hikvision and the new Motorola Avigilon line of video surveillance solutions. The projects are designed and executed by specialist and certified technicians, which guarantees high quality in the delivery of solutions. The segments of operation are similar to the segments served by radio communication solutions. We offer traditional CCTV solutions as well as customized Video Analytics solutions with artificial intelligence, such as facial identification and recognition, object recognition, license plate reading and people and vehicle counting.<\/p>\n\t\t<\/div>\n\t\t\t\t\t<\/div>\n\n\t\n\n\t<div id=\"col-1857610149\" class=\"col medium-6 small-12 large-6\"  >\n\t\t\t\t<div class=\"col-inner\"  >\n\t\t\t\n\t\t\t\n\t<div class=\"img has-hover x md-x lg-x y md-y lg-y\" id=\"image_779978264\">\n\t\t\t\t\t\t\t\t<div class=\"img-inner dark\" >\n\t\t\t<img decoding=\"async\" width=\"560\" height=\"322\" src=\"https:\/\/abix.com.br\/wp-content\/uploads\/2020\/12\/img-servicos-2.jpg\" class=\"attachment-original size-original\" alt=\"Apresenta\u00e7\u00e3o ilustrada do servi\u00e7o de CFTV\" srcset=\"https:\/\/abix.com.br\/wp-content\/uploads\/2020\/12\/img-servicos-2.jpg 560w, https:\/\/abix.com.br\/wp-content\/uploads\/2020\/12\/img-servicos-2-300x173.jpg 300w\" sizes=\"(max-width: 560px) 100vw, 560px\" \/>\t\t\t\t\t\t\n\t\t\t\t\t<\/div>\n\t\t\t\t\t\t\t\t\n<style>\n#image_779978264 {\n  width: 100%;\n}\n<\/style>\n\t<\/div>\n\t\n\t\t<\/div>\n\t\t\t\t\t<\/div>\n\n\t\n<\/div>\n\t\t<\/div>\n\n\t\t\n<style>\n#section_136756203 {\n  padding-top: 30px;\n  padding-bottom: 30px;\n}\n<\/style>\n\t<\/section>\n\t\n\n\t<section class=\"section\" id=\"section_269932180\">\n\t\t<div class=\"section-bg fill\" >\n\t\t\t\t\t\t\t\t\t\n\t\t\t\n\n\t\t<\/div>\n\n\t\t\n\n\t\t<div class=\"section-content relative\">\n\t\t\t\n<div class=\"row\"  id=\"row-409646773\">\n\n\t<div id=\"col-2056152594\" class=\"col medium-6 small-12 large-6\"  >\n\t\t\t\t<div class=\"col-inner\"  >\n\t\t\t\n\t\t\t\n\t<div class=\"img has-hover x md-x lg-x y md-y lg-y\" id=\"image_1826572772\">\n\t\t\t\t\t\t\t\t<div class=\"img-inner dark\" >\n\t\t\t<img decoding=\"async\" width=\"502\" height=\"302\" src=\"https:\/\/abix.com.br\/wp-content\/uploads\/2020\/12\/img-servicos-3.jpg\" class=\"attachment-original size-original\" alt=\"\" srcset=\"https:\/\/abix.com.br\/wp-content\/uploads\/2020\/12\/img-servicos-3.jpg 502w, https:\/\/abix.com.br\/wp-content\/uploads\/2020\/12\/img-servicos-3-300x180.jpg 300w\" sizes=\"(max-width: 502px) 100vw, 502px\" \/>\t\t\t\t\t\t\n\t\t\t\t\t<\/div>\n\t\t\t\t\t\t\t\t\n<style>\n#image_1826572772 {\n  width: 100%;\n}\n<\/style>\n\t<\/div>\n\t\n\t\t<\/div>\n\t\t\t\t\t<\/div>\n\n\t\n\n\t<div id=\"col-1786751731\" class=\"col medium-6 small-12 large-6\"  >\n\t\t\t\t<div class=\"col-inner\"  >\n\t\t\t\n\t\t\t\n<h2>Monitoring<\/h2>\n<p>Seeking the support of a specialized company such as Abix is the best course of action. Our technical team of analysts and engineers can monitor the health of your company&#8217;s radio system 24 hours a day, 7 days a week, to ensure that the system is operating in optimum condition and that corrective action can be taken quickly in the event of a problem.<\/p>\n<p>The Abix monitoring system offers a 100% web interface for administration and data display. Combined with alert indicators via e-mail, SNMP, SMS and\/or the voice messaging facility, monitoring helps ensure that radio systems operate in optimum condition. The system also allows automatic actions such as restarting services to be carried out based on events.<\/p>\n\t\t<\/div>\n\t\t\t\t\t<\/div>\n\n\t\n<\/div>\n\t\t<\/div>\n\n\t\t\n<style>\n#section_269932180 {\n  padding-top: 30px;\n  padding-bottom: 30px;\n}\n<\/style>\n\t<\/section>\n\t\n\n\t<section class=\"section\" id=\"section_1181075170\">\n\t\t<div class=\"section-bg fill\" >\n\t\t\t\t\t\t\t\t\t\n\t\t\t\n\n\t\t<\/div>\n\n\t\t\n\n\t\t<div class=\"section-content relative\">\n\t\t\t\n<div class=\"row align-equal align-center\"  id=\"row-2095844089\">\n\n\t<div id=\"col-1109505324\" class=\"col small-12 large-12\"  >\n\t\t\t\t<div class=\"col-inner text-center\"  >\n\t\t\t\n\t\t\t\n\t<div id=\"text-3058599736\" class=\"text\">\n\t\t\n<h2 style=\"text-align: center;\">Telecom Engineering<\/h2>\n<p style=\"text-align: center;\">Abix offers expert advice on equipment legalization, legislation, regulation and<br \/>supervising activities in the telecommunications sector, following Anatel&#8217;s rules and CREA&#8217;s guidelines.<\/p>\n\t\t\n<style>\n#text-3058599736 {\n  text-align: center;\n  color: rgb(255,255,255);\n}\n#text-3058599736 > * {\n  color: rgb(255,255,255);\n}\n<\/style>\n\t<\/div>\n\t\n\t\t<\/div>\n\t\t\t\t\t<\/div>\n\n\t\n<\/div>\n\t\t<\/div>\n\n\t\t\n<style>\n#section_1181075170 {\n  padding-top: 50px;\n  padding-bottom: 50px;\n  background-color: #3365ae;\n}\n<\/style>\n\t<\/section>\n\t\n\n\t<section class=\"section\" id=\"section_135001127\">\n\t\t<div class=\"section-bg fill\" >\n\t\t\t\t\t\t\t\t\t\n\t\t\t\n\n\t\t<\/div>\n\n\t\t\n\n\t\t<div class=\"section-content relative\">\n\t\t\t\n<div class=\"row\"  id=\"row-888758708\">\n\n\t<div id=\"col-1510226392\" class=\"col medium-6 small-12 large-6\"  >\n\t\t\t\t<div class=\"col-inner\"  >\n\t\t\t\n\t\t\t\n<h2>Anatel licensing<\/h2>\n<p>Abix carries out the entire process with Anatel:<\/p>\n<ul>\n<li>Project preparation for radio frequency legalization with Anatel;<\/li>\n<li>Project to obtain licenses; Application for renewal of licenses;<\/li>\n<li>Evaluation of human exposure to electric, magnetic and electromagnetic fields associated with the operation of radio transmitting stations;<\/li>\n<li>Application for renewal of licenses;<\/li>\n<\/ul>\n<p>All telecommunications systems need to be legalized by Anatel (the National Telecommunications Agency) and to do this you need to carry out a number of procedures to obtain this license from ANATEL.<\/p>\n\t\t<\/div>\n\t\t\t\t\t<\/div>\n\n\t\n\n\t<div id=\"col-1177015282\" class=\"col medium-6 small-12 large-6\"  >\n\t\t\t\t<div class=\"col-inner text-center\"  >\n\t\t\t\n\t\t\t\n\t<div class=\"img has-hover x md-x lg-x y md-y lg-y\" id=\"image_289094796\">\n\t\t\t\t\t\t\t\t<div class=\"img-inner dark\" >\n\t\t\t<img decoding=\"async\" width=\"432\" height=\"479\" src=\"https:\/\/abix.com.br\/wp-content\/uploads\/2020\/12\/img-servicos-4-1.png\" class=\"attachment-original size-original\" alt=\"\" srcset=\"https:\/\/abix.com.br\/wp-content\/uploads\/2020\/12\/img-servicos-4-1.png 432w, https:\/\/abix.com.br\/wp-content\/uploads\/2020\/12\/img-servicos-4-1-271x300.png 271w\" sizes=\"(max-width: 432px) 100vw, 432px\" \/>\t\t\t\t\t\t\n\t\t\t\t\t<\/div>\n\t\t\t\t\t\t\t\t\n<style>\n#image_289094796 {\n  width: 62%;\n}\n<\/style>\n\t<\/div>\n\t\n\t\t<\/div>\n\t\t\t\t\t<\/div>\n\n\t\n<\/div>\n\t\t<\/div>\n\n\t\t\n<style>\n#section_135001127 {\n  padding-top: 30px;\n  padding-bottom: 30px;\n  background-color: rgb(243, 240, 247);\n}\n<\/style>\n\t<\/section>\n\t\n\n\t<section class=\"section\" id=\"section_1038157627\">\n\t\t<div class=\"section-bg fill\" >\n\t\t\t\t\t\t\t\t\t\n\t\t\t\n\n\t\t<\/div>\n\n\t\t\n\n\t\t<div class=\"section-content relative\">\n\t\t\t\n<div class=\"row align-middle align-center\"  id=\"row-1217636717\">\n\n\t<div id=\"col-645459389\" class=\"col medium-6 small-12 large-6\"  >\n\t\t\t\t<div class=\"col-inner\"  >\n\t\t\t\n\t\t\t\n<h2>Site survey and RF Survey<\/h2>\n<p>Ensure the quality of your radiocommunication project&#8217;s system implementation with Abix&#8217;s Predictive Site Survey (Theoretical) and Active Site Survey (Field) technical inspections. Through the work of a trained technical team, it is possible to gather the first data to assess fundamental points such as the positioning of equipment and the infrastructure required for the correct operation of the communication system to be adopted. The proposed evaluations always take into account the possibility of achieving the best data and voice transmission quality at a cost adapted to the needs of each company.<\/p>\n<p>In our inspections, we always consider both indoor and outdoor environments for better system sizing.<\/p>\n<p>Our service also includes a complete spectrum analysis to detect RF interference that can degrade the performance of a radio system.<\/p>\n\t\t<\/div>\n\t\t\t\t\t<\/div>\n\n\t\n\n\t<div id=\"col-1006555265\" class=\"col medium-6 small-12 large-6\"  >\n\t\t\t\t<div class=\"col-inner\"  >\n\t\t\t\n\t<div class=\"is-border\"\n\t\tstyle=\"border-width:2px 2px 2px 2px;\">\n\t<\/div>\n\t\t\t\n\t<div id=\"text-952631903\" class=\"text\">\n\t\t\n<h2>Preventive and corrective maintenance<\/h2>\n<p>We offer preventive and corrective maintenance services for the entire radio system, including repeaters, RF infrastructure, portable, mobile and fixed terminals. In addition to checking antennas, cabling, connectors, surge protectors, combiners, duplexers, power supplies and carrying out on-site repairs, we replace faulty components and guarantee the immediate availability of the radio system.<\/p>\n<p>Another of Abix&#8217;s differentials is that the equipment it offers, both for hire and sale, is always inspected and guaranteed by SAM. This gives Abix-labeled equipment security and a guarantee.<\/p>\n\t\t\n<style>\n#text-952631903 {\n  color: #3365ae;\n}\n#text-952631903 > * {\n  color: #3365ae;\n}\n<\/style>\n\t<\/div>\n\t\n\t\t<\/div>\n\t\t\t\t\n<style>\n#col-1006555265 > .col-inner {\n  padding: 40px 40px 40px 40px;\n}\n<\/style>\n\t<\/div>\n\n\t\n<\/div>\n\t\t<\/div>\n\n\t\t\n<style>\n#section_1038157627 {\n  padding-top: 30px;\n  padding-bottom: 30px;\n}\n<\/style>\n\t<\/section>\n\t\n\n\t<section class=\"section\" id=\"section_2095620380\">\n\t\t<div class=\"section-bg fill\" >\n\t\t\t\t\t\t\t\t\t\n\t\t\t\n\n\t\t<\/div>\n\n\t\t\n\n\t\t<div class=\"section-content relative\">\n\t\t\t\n<div class=\"row\"  id=\"row-96284409\">\n\n\t<div id=\"col-87218292\" class=\"col medium-6 small-12 large-6\"  >\n\t\t\t\t<div class=\"col-inner text-center\"  >\n\t\t\t\n\t\t\t\n\t<div class=\"img has-hover x md-x lg-x y md-y lg-y\" id=\"image_731109530\">\n\t\t\t\t\t\t\t\t<div class=\"img-inner dark\" >\n\t\t\t<img decoding=\"async\" width=\"386\" height=\"425\" src=\"https:\/\/abix.com.br\/wp-content\/uploads\/2020\/12\/img-servicos-4.jpg\" class=\"attachment-original size-original\" alt=\"\" srcset=\"https:\/\/abix.com.br\/wp-content\/uploads\/2020\/12\/img-servicos-4.jpg 386w, https:\/\/abix.com.br\/wp-content\/uploads\/2020\/12\/img-servicos-4-272x300.jpg 272w\" sizes=\"(max-width: 386px) 100vw, 386px\" \/>\t\t\t\t\t\t\n\t\t\t\t\t<\/div>\n\t\t\t\t\t\t\t\t\n<style>\n#image_731109530 {\n  width: 80%;\n}\n<\/style>\n\t<\/div>\n\t\n\t\t<\/div>\n\t\t\t\t\t<\/div>\n\n\t\n\n\t<div id=\"col-1434845101\" class=\"col medium-6 small-12 large-6\"  >\n\t\t\t\t<div class=\"col-inner\"  >\n\t\t\t\n\t\t\t\n<h2>Motorola Authorized Service (SAM)<\/h2>\n<p>Abix is SAM certified, Motorola Authorized Service, and is authorized to carry out warranty repairs on Motorola professional line radio communicators as it complies with the technical standards and repair procedures, and has the laboratory equipment and service tools required by Motorola.<\/p>\n<p>As a SAM (Motorola Authorized Service), Abix has access to official documents, access to exclusive courses at the Motorola factory and access to original components for equipment repair and maintenance. Our laboratory has the most advanced equipment for repairing and testing your company&#8217;s radios, which makes Abix the ideal solution for problems with your company&#8217;s Motorola equipment.<\/p>\n<p>Abix&#8217;s SAM laboratory is also one of the only ones to have been approved by INMETRO to carry out maintenance on intrinsically safe radio transmitters and has ISO9001 and ISO14001, so with Abix you can be sure that your radio transmitters will always be in perfect condition.<\/p>\n\t\t<\/div>\n\t\t\t\t\t<\/div>\n\n\t\n<\/div>\n\t\t<\/div>\n\n\t\t\n<style>\n#section_2095620380 {\n  padding-top: 30px;\n  padding-bottom: 30px;\n}\n<\/style>\n\t<\/section>\n\t\n\n\t<section class=\"section\" id=\"section_1363947342\">\n\t\t<div class=\"section-bg fill\" >\n\t\t\t<img decoding=\"async\" width=\"1920\" height=\"228\" src=\"https:\/\/abix.com.br\/wp-content\/uploads\/2020\/06\/bg-vantagens-abix-2.jpg\" class=\"bg attachment-original size-original\" alt=\"\" \/>\t\t\t\t\t\t\n\t\t\t\n\n\t\t<\/div>\n\n\t\t\n\n\t\t<div class=\"section-content relative\">\n\t\t\t\n\t<div id=\"gap-1001646799\" class=\"gap-element clearfix\" style=\"display:block; height:auto;\">\n\t\t\n<style>\n#gap-1001646799 {\n  padding-top: 40px;\n}\n<\/style>\n\t<\/div>\n\t\n<div class=\"row align-middle align-center\"  id=\"row-340879262\">\n\n\t<div id=\"col-282615255\" class=\"col medium-8 small-12 large-8\"  >\n\t\t\t\t<div class=\"col-inner\"  >\n\t\t\t\n\t\t\t\n\t<div id=\"text-818586196\" class=\"text\">\n\t\t\n<h3>Unsure which radio, smartphone or tablet is best for your company? Call us now (business hours) and we&#8217;ll be happy to help you!<\/h3>\n\t\t\n<style>\n#text-818586196 {\n  color: rgb(255, 255, 255);\n}\n#text-818586196 > * {\n  color: rgb(255, 255, 255);\n}\n<\/style>\n\t<\/div>\n\t\n\t\t<\/div>\n\t\t\t\t\t<\/div>\n\n\t\n\n\t<div id=\"col-359895982\" class=\"col medium-4 small-12 large-4\"  >\n\t\t\t\t<div class=\"col-inner text-center\"  >\n\t\t\t\n\t\t\t\n<a href=\"https:\/\/abix.com.br\/en\/contato\/\" class=\"button primary lowercase btn-todos\"  >\n\t\t<span>Talk to us<\/span>\n\t<\/a>\n\n\t\t<\/div>\n\t\t\t\t\t<\/div>\n\n\t\n<\/div>\n\t\t<\/div>\n\n\t\t\n<style>\n#section_1363947342 {\n  padding-top: 30px;\n  padding-bottom: 30px;\n}\n<\/style>\n\t<\/section>\n\t\n","protected":false},"excerpt":{"rendered":"","protected":false},"author":1,"featured_media":0,"parent":0,"menu_order":0,"comment_status":"closed","ping_status":"closed","template":"page-blank.php","meta":{"footnotes":""},"class_list":["post-17946","page","type-page","status-publish","hentry"],"yoast_head":"<!-- This site is optimized with the Yoast SEO plugin v27.4 - https:\/\/yoast.com\/product\/yoast-seo-wordpress\/ -->\n<title>Radiocommunication Services | Abix<\/title>\n<meta name=\"description\" content=\"Check out all the services that Abix offers so that you can find the radio communications and monitoring solution for your company.\" \/>\n<meta name=\"robots\" content=\"index, follow, max-snippet:-1, max-image-preview:large, max-video-preview:-1\" \/>\n<link rel=\"canonical\" href=\"https:\/\/abix.com.br\/es\/servicos-de-radiocomunicacao\/\" \/>\n<meta property=\"og:locale\" content=\"en_US\" \/>\n<meta property=\"og:type\" content=\"article\" \/>\n<meta property=\"og:title\" content=\"Radiocommunication Services | Abix\" \/>\n<meta property=\"og:description\" content=\"Check out all the services that Abix offers so that you can find the radio communications and monitoring solution for your company.\" \/>\n<meta property=\"og:url\" content=\"https:\/\/abix.com.br\/es\/servicos-de-radiocomunicacao\/\" \/>\n<meta property=\"og:site_name\" content=\"Abix\" \/>\n<meta property=\"article:modified_time\" content=\"2025-10-16T17:51:41+00:00\" \/>\n<meta name=\"twitter:card\" content=\"summary_large_image\" \/>\n<meta name=\"twitter:label1\" content=\"Est. reading time\" \/>\n\t<meta name=\"twitter:data1\" content=\"6 minutes\" \/>\n<script type=\"application\/ld+json\" class=\"yoast-schema-graph\">{\"@context\":\"https:\\\/\\\/schema.org\",\"@graph\":[{\"@type\":\"WebPage\",\"@id\":\"https:\\\/\\\/abix.com.br\\\/es\\\/servicos-de-radiocomunicacao\\\/\",\"url\":\"https:\\\/\\\/abix.com.br\\\/es\\\/servicos-de-radiocomunicacao\\\/\",\"name\":\"Radiocommunication Services | Abix\",\"isPartOf\":{\"@id\":\"https:\\\/\\\/abix.com.br\\\/#website\"},\"datePublished\":\"2016-03-18T14:09:32+00:00\",\"dateModified\":\"2025-10-16T17:51:41+00:00\",\"description\":\"Check out all the services that Abix offers so that you can find the radio communications and monitoring solution for your company.\",\"breadcrumb\":{\"@id\":\"https:\\\/\\\/abix.com.br\\\/es\\\/servicos-de-radiocomunicacao\\\/#breadcrumb\"},\"inLanguage\":\"en-US\",\"potentialAction\":[{\"@type\":\"ReadAction\",\"target\":[\"https:\\\/\\\/abix.com.br\\\/es\\\/servicos-de-radiocomunicacao\\\/\"]}]},{\"@type\":\"BreadcrumbList\",\"@id\":\"https:\\\/\\\/abix.com.br\\\/es\\\/servicos-de-radiocomunicacao\\\/#breadcrumb\",\"itemListElement\":[{\"@type\":\"ListItem\",\"position\":1,\"name\":\"In\u00edcio\",\"item\":\"https:\\\/\\\/abix.com.br\\\/en\\\/\"},{\"@type\":\"ListItem\",\"position\":2,\"name\":\"Services\"}]},{\"@type\":\"WebSite\",\"@id\":\"https:\\\/\\\/abix.com.br\\\/#website\",\"url\":\"https:\\\/\\\/abix.com.br\\\/\",\"name\":\"Abix\",\"description\":\"\",\"potentialAction\":[{\"@type\":\"SearchAction\",\"target\":{\"@type\":\"EntryPoint\",\"urlTemplate\":\"https:\\\/\\\/abix.com.br\\\/?s={search_term_string}\"},\"query-input\":{\"@type\":\"PropertyValueSpecification\",\"valueRequired\":true,\"valueName\":\"search_term_string\"}}],\"inLanguage\":\"en-US\"}]}<\/script>\n<!-- \/ Yoast SEO plugin. -->","yoast_head_json":{"title":"Radiocommunication Services | Abix","description":"Check out all the services that Abix offers so that you can find the radio communications and monitoring solution for your company.","robots":{"index":"index","follow":"follow","max-snippet":"max-snippet:-1","max-image-preview":"max-image-preview:large","max-video-preview":"max-video-preview:-1"},"canonical":"https:\/\/abix.com.br\/es\/servicos-de-radiocomunicacao\/","og_locale":"en_US","og_type":"article","og_title":"Radiocommunication Services | Abix","og_description":"Check out all the services that Abix offers so that you can find the radio communications and monitoring solution for your company.","og_url":"https:\/\/abix.com.br\/es\/servicos-de-radiocomunicacao\/","og_site_name":"Abix","article_modified_time":"2025-10-16T17:51:41+00:00","twitter_card":"summary_large_image","twitter_misc":{"Est. reading time":"6 minutes"},"schema":{"@context":"https:\/\/schema.org","@graph":[{"@type":"WebPage","@id":"https:\/\/abix.com.br\/es\/servicos-de-radiocomunicacao\/","url":"https:\/\/abix.com.br\/es\/servicos-de-radiocomunicacao\/","name":"Radiocommunication Services | Abix","isPartOf":{"@id":"https:\/\/abix.com.br\/#website"},"datePublished":"2016-03-18T14:09:32+00:00","dateModified":"2025-10-16T17:51:41+00:00","description":"Check out all the services that Abix offers so that you can find the radio communications and monitoring solution for your company.","breadcrumb":{"@id":"https:\/\/abix.com.br\/es\/servicos-de-radiocomunicacao\/#breadcrumb"},"inLanguage":"en-US","potentialAction":[{"@type":"ReadAction","target":["https:\/\/abix.com.br\/es\/servicos-de-radiocomunicacao\/"]}]},{"@type":"BreadcrumbList","@id":"https:\/\/abix.com.br\/es\/servicos-de-radiocomunicacao\/#breadcrumb","itemListElement":[{"@type":"ListItem","position":1,"name":"In\u00edcio","item":"https:\/\/abix.com.br\/en\/"},{"@type":"ListItem","position":2,"name":"Services"}]},{"@type":"WebSite","@id":"https:\/\/abix.com.br\/#website","url":"https:\/\/abix.com.br\/","name":"Abix","description":"","potentialAction":[{"@type":"SearchAction","target":{"@type":"EntryPoint","urlTemplate":"https:\/\/abix.com.br\/?s={search_term_string}"},"query-input":{"@type":"PropertyValueSpecification","valueRequired":true,"valueName":"search_term_string"}}],"inLanguage":"en-US"}]}},"_links":{"self":[{"href":"https:\/\/abix.com.br\/en\/wp-json\/wp\/v2\/pages\/17946","targetHints":{"allow":["GET"]}}],"collection":[{"href":"https:\/\/abix.com.br\/en\/wp-json\/wp\/v2\/pages"}],"about":[{"href":"https:\/\/abix.com.br\/en\/wp-json\/wp\/v2\/types\/page"}],"author":[{"embeddable":true,"href":"https:\/\/abix.com.br\/en\/wp-json\/wp\/v2\/users\/1"}],"replies":[{"embeddable":true,"href":"https:\/\/abix.com.br\/en\/wp-json\/wp\/v2\/comments?post=17946"}],"version-history":[{"count":26,"href":"https:\/\/abix.com.br\/en\/wp-json\/wp\/v2\/pages\/17946\/revisions"}],"predecessor-version":[{"id":22822,"href":"https:\/\/abix.com.br\/en\/wp-json\/wp\/v2\/pages\/17946\/revisions\/22822"}],"wp:attachment":[{"href":"https:\/\/abix.com.br\/en\/wp-json\/wp\/v2\/media?parent=17946"}],"curies":[{"name":"wp","href":"https:\/\/api.w.org\/{rel}","templated":true}]}}