{"id":18080,"date":"2020-07-23T13:42:18","date_gmt":"2020-07-23T16:42:18","guid":{"rendered":"https:\/\/abix.com.br\/locacao-de-radio-comunicador-em-brasilia\/"},"modified":"2025-03-06T16:16:52","modified_gmt":"2025-03-06T19:16:52","slug":"locacao-de-radio-comunicador-em-brasilia","status":"publish","type":"page","link":"https:\/\/abix.com.br\/en\/locacao-de-radio-comunicador-em-brasilia\/","title":{"rendered":"Location Bras\u00edlia"},"content":{"rendered":"\n\t<section class=\"section paginas-internas\" id=\"section_126968593\">\n\t\t<div class=\"section-bg fill\" >\n\t\t\t\t\t\t\t\t\t\n\t\t\t\n\n\t\t<\/div>\n\n\t\t\n\n\t\t<div class=\"section-content relative\">\n\t\t\t\n<div class=\"row\"  id=\"row-933594549\">\n\n\t<div id=\"col-1254731866\" class=\"col small-12 large-12\"  >\n\t\t\t\t<div class=\"col-inner\"  >\n\t\t\t\n\t\t\t\n<h1 style=\"text-align: center;\">LOCALIZA\u00c7\u00c3O BRAS\u00cdLIA<\/h1>\n\t\t<\/div>\n\t\t\t\t\t<\/div>\n\n\t\n<\/div>\n\t\t<\/div>\n\n\t\t\n<style>\n#section_126968593 {\n  padding-top: 70px;\n  padding-bottom: 70px;\n}\n<\/style>\n\t<\/section>\n\t\n\n\t<section class=\"section\" id=\"section_1439307891\">\n\t\t<div class=\"section-bg fill\" >\n\t\t\t\t\t\t\t\t\t\n\t\t\t\n\n\t\t<\/div>\n\n\t\t\n\n\t\t<div class=\"section-content relative\">\n\t\t\t\n<div class=\"row\"  id=\"row-1454652180\">\n\n\t<div id=\"col-1823915432\" class=\"col small-12 large-12\"  >\n\t\t\t\t<div class=\"col-inner\"  >\n\t\t\t\n\t\t\t\n\t<div class=\"img has-hover x md-x lg-x y md-y lg-y\" id=\"image_217546147\">\n\t\t\t\t\t\t\t\t<div class=\"img-inner dark\" >\n\t\t\t<img decoding=\"async\" width=\"1199\" height=\"414\" src=\"https:\/\/abix.com.br\/wp-content\/uploads\/2020\/07\/brasiliafoto.jpg\" class=\"attachment-original size-original\" alt=\"\" srcset=\"https:\/\/abix.com.br\/wp-content\/uploads\/2020\/07\/brasiliafoto.jpg 1199w, https:\/\/abix.com.br\/wp-content\/uploads\/2020\/07\/brasiliafoto-600x207.jpg 600w, https:\/\/abix.com.br\/wp-content\/uploads\/2020\/07\/brasiliafoto-300x104.jpg 300w, https:\/\/abix.com.br\/wp-content\/uploads\/2020\/07\/brasiliafoto-1024x354.jpg 1024w, https:\/\/abix.com.br\/wp-content\/uploads\/2020\/07\/brasiliafoto-768x265.jpg 768w\" sizes=\"(max-width: 1199px) 100vw, 1199px\" \/>\t\t\t\t\t\t\n\t\t\t\t\t<\/div>\n\t\t\t\t\t\t\t\t\n<style>\n#image_217546147 {\n  width: 100%;\n}\n<\/style>\n\t<\/div>\n\t\n\t\t<\/div>\n\t\t\t\t\t<\/div>\n\n\t\n<\/div>\n<div class=\"row\"  id=\"row-1694128288\">\n\n\t<div id=\"col-632020777\" class=\"col medium-6 small-12 large-6\"  >\n\t\t\t\t<div class=\"col-inner\"  >\n\t\t\t\n\t\t\t\n<p>Com acesso e estacionamento f\u00e1cil no Lago Sul a\u00a0<a href=\"https:\/\/abix.com.br\/en\/sobre\/\">Abix<\/a>\u00a0faz a loca\u00e7\u00e3o de r\u00e1dios em Bras\u00edlia para shopping centers, hot\u00e9is, hospitais e empresas de seguran\u00e7a. Tamb\u00e9m atendemos com aluguel de r\u00e1dios em Goi\u00e2nia, An\u00e1polis e outras cidades no estado de Goi\u00e1s.<\/p>\n\t\t<\/div>\n\t\t\t\t\t<\/div>\n\n\t\n\n\t<div id=\"col-109333907\" class=\"col medium-6 small-12 large-6\"  >\n\t\t\t\t<div class=\"col-inner\"  >\n\t\t\t\n\t\t\t\n<h2>ABIX TECNOLOGIA<br \/>\n<strong>EM BRAS\u00cdLIA<br \/>\n<\/strong><\/h2>\n<ul>\n<li>Endere\u00e7o: <a href=\"https:\/\/maps.app.goo.gl\/Q2ZhQaazsSEdiQEa6\">Setor de Habita\u00e7\u00f5es Individuais Sul SHIS, QI 5, Bloco D2, \u2013 Sala 11, Edif\u00edcio Hangar 5\u00a0 \u2013 Lago Sul, Bras\u00edlia\/DF, CEP 71615-485<\/a><\/li>\n<li><a href=\"tel:6135215731\">Fone: (61) 3521-5731<\/a><\/li>\n<\/ul>\n<a href=\"https:\/\/goo.gl\/maps\/bh7BzvViwvi39LKb9\" target=\"_blank\" class=\"button primary btn-homr\" rel=\"noopener\"  >\n\t\t<span>MORE DETAILS\/SHOW MAP<\/span>\n\t<\/a>\n\n\t\t<\/div>\n\t\t\t\t\t<\/div>\n\n\t\n<\/div>\n\t\t<\/div>\n\n\t\t\n<style>\n#section_1439307891 {\n  padding-top: 30px;\n  padding-bottom: 30px;\n}\n<\/style>\n\t<\/section>\n\t\n\n\t<section class=\"section\" id=\"section_170157540\">\n\t\t<div class=\"section-bg fill\" >\n\t\t\t\t\t\t\t\t\t\n\t\t\t\n\n\t\t<\/div>\n\n\t\t\n\n\t\t<div class=\"section-content relative\">\n\t\t\t\n<div class=\"row row-collapse row-full-width\"  id=\"row-2127540846\">\n\n\t<div id=\"col-1881263463\" class=\"col large-12\"  >\n\t\t\t\t<div class=\"col-inner\"  >\n\t\t\t\n\t\t\t\n\n<p><iframe style=\"border: 0;\" src=\"https:\/\/www.google.com\/maps\/embed?pb=!1m14!1m8!1m3!1d1919.0963249543263!2d-47.89334179870718!3d-15.846468854845885!3m2!1i1024!2i768!4f13.1!3m3!1m2!1s0x935a2519070f3f7f%3A0xb66a139f60b1d440!2sCoworking%20Hangar%205!5e0!3m2!1spt-BR!2sbr!4v1694691533012!5m2!1spt-BR!2sbr\" width=\"100%\" height=\"600\" allowfullscreen=\"allowfullscreen\"><\/iframe><br \/>\n\n\t\t<\/div>\n\t\t\t\t\t<\/div>\n\n\t\n<\/div>\n\t\t<\/div>\n\n\t\t\n<style>\n#section_170157540 {\n  padding-top: 0px;\n  padding-bottom: 0px;\n}\n<\/style>\n\t<\/section>\n\t\n","protected":false},"excerpt":{"rendered":"","protected":false},"author":1,"featured_media":0,"parent":0,"menu_order":0,"comment_status":"closed","ping_status":"closed","template":"page-blank.php","meta":{"footnotes":""},"class_list":["post-18080","page","type-page","status-publish","hentry"],"yoast_head":"<!-- This site is optimized with the Yoast SEO plugin v27.4 - https:\/\/yoast.com\/product\/yoast-seo-wordpress\/ -->\n<title>Radio communicator rental in Brasilia - Abix<\/title>\n<meta name=\"description\" content=\"Abix rents radio communicators in Brasilia for shopping centers, hotels, hospitals and security companies. Visit our website!\" \/>\n<meta name=\"robots\" content=\"index, follow, max-snippet:-1, max-image-preview:large, max-video-preview:-1\" \/>\n<link rel=\"canonical\" href=\"https:\/\/abix.com.br\/en\/locacao-de-radio-comunicador-em-brasilia\/\" \/>\n<meta property=\"og:locale\" content=\"en_US\" \/>\n<meta property=\"og:type\" content=\"article\" \/>\n<meta property=\"og:title\" content=\"Radio communicator rental in Brasilia - Abix\" \/>\n<meta property=\"og:description\" content=\"Abix rents radio communicators in Brasilia for shopping centers, hotels, hospitals and security companies. Visit our website!\" \/>\n<meta property=\"og:url\" content=\"https:\/\/abix.com.br\/en\/locacao-de-radio-comunicador-em-brasilia\/\" \/>\n<meta property=\"og:site_name\" content=\"Abix\" \/>\n<meta property=\"article:modified_time\" content=\"2025-03-06T19:16:52+00:00\" \/>\n<meta name=\"twitter:card\" content=\"summary_large_image\" \/>\n<meta name=\"twitter:label1\" content=\"Est. reading time\" \/>\n\t<meta name=\"twitter:data1\" content=\"1 minute\" \/>\n<script type=\"application\/ld+json\" class=\"yoast-schema-graph\">{\"@context\":\"https:\\\/\\\/schema.org\",\"@graph\":[{\"@type\":\"WebPage\",\"@id\":\"https:\\\/\\\/abix.com.br\\\/en\\\/locacao-de-radio-comunicador-em-brasilia\\\/\",\"url\":\"https:\\\/\\\/abix.com.br\\\/en\\\/locacao-de-radio-comunicador-em-brasilia\\\/\",\"name\":\"Radio communicator rental in Brasilia - Abix\",\"isPartOf\":{\"@id\":\"https:\\\/\\\/abix.com.br\\\/#website\"},\"datePublished\":\"2020-07-23T16:42:18+00:00\",\"dateModified\":\"2025-03-06T19:16:52+00:00\",\"description\":\"Abix rents radio communicators in Brasilia for shopping centers, hotels, hospitals and security companies. Visit our website!\",\"breadcrumb\":{\"@id\":\"https:\\\/\\\/abix.com.br\\\/en\\\/locacao-de-radio-comunicador-em-brasilia\\\/#breadcrumb\"},\"inLanguage\":\"en-US\",\"potentialAction\":[{\"@type\":\"ReadAction\",\"target\":[\"https:\\\/\\\/abix.com.br\\\/en\\\/locacao-de-radio-comunicador-em-brasilia\\\/\"]}]},{\"@type\":\"BreadcrumbList\",\"@id\":\"https:\\\/\\\/abix.com.br\\\/en\\\/locacao-de-radio-comunicador-em-brasilia\\\/#breadcrumb\",\"itemListElement\":[{\"@type\":\"ListItem\",\"position\":1,\"name\":\"In\u00edcio\",\"item\":\"https:\\\/\\\/abix.com.br\\\/es\\\/\"},{\"@type\":\"ListItem\",\"position\":2,\"name\":\"Location Bras\u00edlia\"}]},{\"@type\":\"WebSite\",\"@id\":\"https:\\\/\\\/abix.com.br\\\/#website\",\"url\":\"https:\\\/\\\/abix.com.br\\\/\",\"name\":\"Abix\",\"description\":\"\",\"potentialAction\":[{\"@type\":\"SearchAction\",\"target\":{\"@type\":\"EntryPoint\",\"urlTemplate\":\"https:\\\/\\\/abix.com.br\\\/?s={search_term_string}\"},\"query-input\":{\"@type\":\"PropertyValueSpecification\",\"valueRequired\":true,\"valueName\":\"search_term_string\"}}],\"inLanguage\":\"en-US\"}]}<\/script>\n<!-- \/ Yoast SEO plugin. -->","yoast_head_json":{"title":"Radio communicator rental in Brasilia - Abix","description":"Abix rents radio communicators in Brasilia for shopping centers, hotels, hospitals and security companies. Visit our website!","robots":{"index":"index","follow":"follow","max-snippet":"max-snippet:-1","max-image-preview":"max-image-preview:large","max-video-preview":"max-video-preview:-1"},"canonical":"https:\/\/abix.com.br\/en\/locacao-de-radio-comunicador-em-brasilia\/","og_locale":"en_US","og_type":"article","og_title":"Radio communicator rental in Brasilia - Abix","og_description":"Abix rents radio communicators in Brasilia for shopping centers, hotels, hospitals and security companies. Visit our website!","og_url":"https:\/\/abix.com.br\/en\/locacao-de-radio-comunicador-em-brasilia\/","og_site_name":"Abix","article_modified_time":"2025-03-06T19:16:52+00:00","twitter_card":"summary_large_image","twitter_misc":{"Est. reading time":"1 minute"},"schema":{"@context":"https:\/\/schema.org","@graph":[{"@type":"WebPage","@id":"https:\/\/abix.com.br\/en\/locacao-de-radio-comunicador-em-brasilia\/","url":"https:\/\/abix.com.br\/en\/locacao-de-radio-comunicador-em-brasilia\/","name":"Radio communicator rental in Brasilia - Abix","isPartOf":{"@id":"https:\/\/abix.com.br\/#website"},"datePublished":"2020-07-23T16:42:18+00:00","dateModified":"2025-03-06T19:16:52+00:00","description":"Abix rents radio communicators in Brasilia for shopping centers, hotels, hospitals and security companies. Visit our website!","breadcrumb":{"@id":"https:\/\/abix.com.br\/en\/locacao-de-radio-comunicador-em-brasilia\/#breadcrumb"},"inLanguage":"en-US","potentialAction":[{"@type":"ReadAction","target":["https:\/\/abix.com.br\/en\/locacao-de-radio-comunicador-em-brasilia\/"]}]},{"@type":"BreadcrumbList","@id":"https:\/\/abix.com.br\/en\/locacao-de-radio-comunicador-em-brasilia\/#breadcrumb","itemListElement":[{"@type":"ListItem","position":1,"name":"In\u00edcio","item":"https:\/\/abix.com.br\/es\/"},{"@type":"ListItem","position":2,"name":"Location Bras\u00edlia"}]},{"@type":"WebSite","@id":"https:\/\/abix.com.br\/#website","url":"https:\/\/abix.com.br\/","name":"Abix","description":"","potentialAction":[{"@type":"SearchAction","target":{"@type":"EntryPoint","urlTemplate":"https:\/\/abix.com.br\/?s={search_term_string}"},"query-input":{"@type":"PropertyValueSpecification","valueRequired":true,"valueName":"search_term_string"}}],"inLanguage":"en-US"}]}},"_links":{"self":[{"href":"https:\/\/abix.com.br\/en\/wp-json\/wp\/v2\/pages\/18080","targetHints":{"allow":["GET"]}}],"collection":[{"href":"https:\/\/abix.com.br\/en\/wp-json\/wp\/v2\/pages"}],"about":[{"href":"https:\/\/abix.com.br\/en\/wp-json\/wp\/v2\/types\/page"}],"author":[{"embeddable":true,"href":"https:\/\/abix.com.br\/en\/wp-json\/wp\/v2\/users\/1"}],"replies":[{"embeddable":true,"href":"https:\/\/abix.com.br\/en\/wp-json\/wp\/v2\/comments?post=18080"}],"version-history":[{"count":12,"href":"https:\/\/abix.com.br\/en\/wp-json\/wp\/v2\/pages\/18080\/revisions"}],"predecessor-version":[{"id":20450,"href":"https:\/\/abix.com.br\/en\/wp-json\/wp\/v2\/pages\/18080\/revisions\/20450"}],"wp:attachment":[{"href":"https:\/\/abix.com.br\/en\/wp-json\/wp\/v2\/media?parent=18080"}],"curies":[{"name":"wp","href":"https:\/\/api.w.org\/{rel}","templated":true}]}}