{"id":18081,"date":"2020-07-23T11:49:33","date_gmt":"2020-07-23T14:49:33","guid":{"rendered":"https:\/\/abix.com.br\/locacao-de-radio-comunicador-em-canoas\/"},"modified":"2023-10-19T15:53:58","modified_gmt":"2023-10-19T18:53:58","slug":"locacao-de-radio-comunicador-em-canoas","status":"publish","type":"page","link":"https:\/\/abix.com.br\/en\/locacao-de-radio-comunicador-em-canoas\/","title":{"rendered":"Location Canoas"},"content":{"rendered":"\n\t<section class=\"section paginas-internas\" id=\"section_762038689\">\n\t\t<div class=\"section-bg fill\" >\n\t\t\t\t\t\t\t\t\t\n\t\t\t\n\n\t\t<\/div>\n\n\t\t\n\n\t\t<div class=\"section-content relative\">\n\t\t\t\n<div class=\"row\"  id=\"row-1261881996\">\n\n\t<div id=\"col-1807126507\" class=\"col small-12 large-12\"  >\n\t\t\t\t<div class=\"col-inner\"  >\n\t\t\t\n\t\t\t\n<h1 style=\"text-align: center;\">LOCALIZA\u00c7\u00c3O CANOAS<\/h1>\n\t\t<\/div>\n\t\t\t\t\t<\/div>\n\n\t\n<\/div>\n\t\t<\/div>\n\n\t\t\n<style>\n#section_762038689 {\n  padding-top: 70px;\n  padding-bottom: 70px;\n}\n<\/style>\n\t<\/section>\n\t\n\n\t<section class=\"section\" id=\"section_1301151394\">\n\t\t<div class=\"section-bg fill\" >\n\t\t\t\t\t\t\t\t\t\n\t\t\t\n\n\t\t<\/div>\n\n\t\t\n\n\t\t<div class=\"section-content relative\">\n\t\t\t\n<div class=\"row\"  id=\"row-488296940\">\n\n\t<div id=\"col-1406129557\" class=\"col small-12 large-12\"  >\n\t\t\t\t<div class=\"col-inner\"  >\n\t\t\t\n\t\t\t\n\t<div class=\"img has-hover x md-x lg-x y md-y lg-y\" id=\"image_610974744\">\n\t\t\t\t\t\t\t\t<div class=\"img-inner dark\" >\n\t\t\t<img decoding=\"async\" width=\"1199\" height=\"414\" src=\"https:\/\/abix.com.br\/wp-content\/uploads\/2020\/07\/canoasfoto.jpg\" class=\"attachment-original size-original\" alt=\"\" srcset=\"https:\/\/abix.com.br\/wp-content\/uploads\/2020\/07\/canoasfoto.jpg 1199w, https:\/\/abix.com.br\/wp-content\/uploads\/2020\/07\/canoasfoto-600x207.jpg 600w, https:\/\/abix.com.br\/wp-content\/uploads\/2020\/07\/canoasfoto-300x104.jpg 300w, https:\/\/abix.com.br\/wp-content\/uploads\/2020\/07\/canoasfoto-1024x354.jpg 1024w, https:\/\/abix.com.br\/wp-content\/uploads\/2020\/07\/canoasfoto-768x265.jpg 768w\" sizes=\"(max-width: 1199px) 100vw, 1199px\" \/>\t\t\t\t\t\t\n\t\t\t\t\t<\/div>\n\t\t\t\t\t\t\t\t\n<style>\n#image_610974744 {\n  width: 100%;\n}\n<\/style>\n\t<\/div>\n\t\n\t\t<\/div>\n\t\t\t\t\t<\/div>\n\n\t\n<\/div>\n<div class=\"row\"  id=\"row-1519895127\">\n\n\t<div id=\"col-240787562\" class=\"col medium-6 small-12 large-6\"  >\n\t\t\t\t<div class=\"col-inner\"  >\n\t\t\t\n\t\t\t\n<p>Localizada pr\u00f3xima a BR116, principal sa\u00edda de Canoas a Abix aluga r\u00e1dios para hot\u00e9is, shopping centers, ind\u00fastrias e empresas de seguran\u00e7a para clientes\u00a0<span class=\"gmail_default\">no<\/span>\u00a0P\u00f3lo\u00a0Petroqu\u00edmico, Triunfo, Caxias do Sul e Gramado<span class=\"gmail_default\">. A Abix \u00e9 bastante competitiva e tem o<\/span>\u00a0melhor atendimento<span class=\"gmail_default\">\u00a0com qualidade assegurada pela<\/span>\u00a0ISO9001 para a loca\u00e7\u00e3o de r\u00e1dios comunicadores, r\u00e1dios para a transmiss\u00e3o de dados e equipamentos de CFTV. O aluguel de equipamentos de CFTV \u00e9 uma solu\u00e7\u00e3o interessante para sua empresa ter a certeza de que as imagens estar\u00e3o dispon\u00edveis quando necess\u00e1rio.<\/p>\n\t\t<\/div>\n\t\t\t\t\t<\/div>\n\n\t\n\n\t<div id=\"col-2146194859\" class=\"col medium-6 small-12 large-6\"  >\n\t\t\t\t<div class=\"col-inner\"  >\n\t\t\t\n\t\t\t\n<h2>ABIX TECNOLOGIA<br \/>\n<strong>EM CANOAS<br \/>\n<\/strong><\/h2>\n<ul>\n<li>Rua Domingos Martins, 111 \u2013 Sala 504 \u2013 Centro<br \/>\nCanoas\/RS \u2013 Condom\u00ednio Comercial Santa M\u00f4nica<br \/>\nCEP: 92010-170<\/li>\n<li><a href=\"tel:5131036291\">Fone: (51) 3103-6291<\/a><\/li>\n<\/ul>\n<a href=\"https:\/\/goo.gl\/maps\/4RHTnX1sC4x5n7Xp8\" target=\"_blank\" class=\"button primary btn-homr\" rel=\"noopener\"  >\n\t\t<span>MORE DETAILS\/SHOW MAP<\/span>\n\t<\/a>\n\n\t\t<\/div>\n\t\t\t\t\t<\/div>\n\n\t\n<\/div>\n\t\t<\/div>\n\n\t\t\n<style>\n#section_1301151394 {\n  padding-top: 30px;\n  padding-bottom: 30px;\n}\n<\/style>\n\t<\/section>\n\t\n\n\t<section class=\"section\" id=\"section_1132432684\">\n\t\t<div class=\"section-bg fill\" >\n\t\t\t\t\t\t\t\t\t\n\t\t\t\n\n\t\t<\/div>\n\n\t\t\n\n\t\t<div class=\"section-content relative\">\n\t\t\t\n<div class=\"row row-collapse row-full-width\"  id=\"row-1874989048\">\n\n\t<div id=\"col-1994664796\" class=\"col large-12\"  >\n\t\t\t\t<div class=\"col-inner\"  >\n\t\t\t\n\t\t\t\n\n<p><iframe style=\"border: 0;\" src=\"https:\/\/www.google.com\/maps\/embed?pb=!1m14!1m8!1m3!1d110549.3506216769!2d-51.2560536!3d-30.0177108!3m2!1i1024!2i768!4f13.1!3m3!1m2!1s0x9519717ff7a4afd9%3A0xe5d9dc1a755fe465!2sAbix%20Tecnologia!5e0!3m2!1spt-BR!2sbr!4v1694692023950!5m2!1spt-BR!2sbr\" width=\"100%\" height=\"600\" allowfullscreen=\"allowfullscreen\" data-mce-fragment=\"1\"><\/iframe><br \/>\n\n\t\t<\/div>\n\t\t\t\t\t<\/div>\n\n\t\n<\/div>\n\t\t<\/div>\n\n\t\t\n<style>\n#section_1132432684 {\n  padding-top: 0px;\n  padding-bottom: 0px;\n}\n<\/style>\n\t<\/section>\n\t\n","protected":false},"excerpt":{"rendered":"","protected":false},"author":1,"featured_media":0,"parent":0,"menu_order":0,"comment_status":"closed","ping_status":"closed","template":"page-blank.php","meta":{"footnotes":""},"class_list":["post-18081","page","type-page","status-publish","hentry"],"yoast_head":"<!-- This site is optimized with the Yoast SEO plugin v27.4 - https:\/\/yoast.com\/product\/yoast-seo-wordpress\/ -->\n<title>Radio communicator rental in Canoas - Abix<\/title>\n<meta name=\"description\" content=\"Abix rents radio communicators in Canoas for shopping centers, hotels, hospitals and security companies. Visit our website!\" \/>\n<meta name=\"robots\" content=\"index, follow, max-snippet:-1, max-image-preview:large, max-video-preview:-1\" \/>\n<link rel=\"canonical\" href=\"https:\/\/abix.com.br\/locacao-de-radio-comunicador-em-canoas\/\" \/>\n<meta property=\"og:locale\" content=\"en_US\" \/>\n<meta property=\"og:type\" content=\"article\" \/>\n<meta property=\"og:title\" content=\"Radio communicator rental in Canoas - Abix\" \/>\n<meta property=\"og:description\" content=\"Abix rents radio communicators in Canoas for shopping centers, hotels, hospitals and security companies. Visit our website!\" \/>\n<meta property=\"og:url\" content=\"https:\/\/abix.com.br\/locacao-de-radio-comunicador-em-canoas\/\" \/>\n<meta property=\"og:site_name\" content=\"Abix\" \/>\n<meta property=\"article:modified_time\" content=\"2023-10-19T18:53:58+00:00\" \/>\n<meta name=\"twitter:card\" content=\"summary_large_image\" \/>\n<meta name=\"twitter:label1\" content=\"Est. reading time\" \/>\n\t<meta name=\"twitter:data1\" content=\"1 minute\" \/>\n<script type=\"application\/ld+json\" class=\"yoast-schema-graph\">{\"@context\":\"https:\\\/\\\/schema.org\",\"@graph\":[{\"@type\":\"WebPage\",\"@id\":\"https:\\\/\\\/abix.com.br\\\/locacao-de-radio-comunicador-em-canoas\\\/\",\"url\":\"https:\\\/\\\/abix.com.br\\\/locacao-de-radio-comunicador-em-canoas\\\/\",\"name\":\"Radio communicator rental in Canoas - Abix\",\"isPartOf\":{\"@id\":\"https:\\\/\\\/abix.com.br\\\/#website\"},\"datePublished\":\"2020-07-23T14:49:33+00:00\",\"dateModified\":\"2023-10-19T18:53:58+00:00\",\"description\":\"Abix rents radio communicators in Canoas for shopping centers, hotels, hospitals and security companies. Visit our website!\",\"breadcrumb\":{\"@id\":\"https:\\\/\\\/abix.com.br\\\/locacao-de-radio-comunicador-em-canoas\\\/#breadcrumb\"},\"inLanguage\":\"en-US\",\"potentialAction\":[{\"@type\":\"ReadAction\",\"target\":[\"https:\\\/\\\/abix.com.br\\\/locacao-de-radio-comunicador-em-canoas\\\/\"]}]},{\"@type\":\"BreadcrumbList\",\"@id\":\"https:\\\/\\\/abix.com.br\\\/locacao-de-radio-comunicador-em-canoas\\\/#breadcrumb\",\"itemListElement\":[{\"@type\":\"ListItem\",\"position\":1,\"name\":\"In\u00edcio\",\"item\":\"https:\\\/\\\/abix.com.br\\\/es\\\/\"},{\"@type\":\"ListItem\",\"position\":2,\"name\":\"Location Canoas\"}]},{\"@type\":\"WebSite\",\"@id\":\"https:\\\/\\\/abix.com.br\\\/#website\",\"url\":\"https:\\\/\\\/abix.com.br\\\/\",\"name\":\"Abix\",\"description\":\"\",\"potentialAction\":[{\"@type\":\"SearchAction\",\"target\":{\"@type\":\"EntryPoint\",\"urlTemplate\":\"https:\\\/\\\/abix.com.br\\\/?s={search_term_string}\"},\"query-input\":{\"@type\":\"PropertyValueSpecification\",\"valueRequired\":true,\"valueName\":\"search_term_string\"}}],\"inLanguage\":\"en-US\"}]}<\/script>\n<!-- \/ Yoast SEO plugin. -->","yoast_head_json":{"title":"Radio communicator rental in Canoas - Abix","description":"Abix rents radio communicators in Canoas for shopping centers, hotels, hospitals and security companies. Visit our website!","robots":{"index":"index","follow":"follow","max-snippet":"max-snippet:-1","max-image-preview":"max-image-preview:large","max-video-preview":"max-video-preview:-1"},"canonical":"https:\/\/abix.com.br\/locacao-de-radio-comunicador-em-canoas\/","og_locale":"en_US","og_type":"article","og_title":"Radio communicator rental in Canoas - Abix","og_description":"Abix rents radio communicators in Canoas for shopping centers, hotels, hospitals and security companies. Visit our website!","og_url":"https:\/\/abix.com.br\/locacao-de-radio-comunicador-em-canoas\/","og_site_name":"Abix","article_modified_time":"2023-10-19T18:53:58+00:00","twitter_card":"summary_large_image","twitter_misc":{"Est. reading time":"1 minute"},"schema":{"@context":"https:\/\/schema.org","@graph":[{"@type":"WebPage","@id":"https:\/\/abix.com.br\/locacao-de-radio-comunicador-em-canoas\/","url":"https:\/\/abix.com.br\/locacao-de-radio-comunicador-em-canoas\/","name":"Radio communicator rental in Canoas - Abix","isPartOf":{"@id":"https:\/\/abix.com.br\/#website"},"datePublished":"2020-07-23T14:49:33+00:00","dateModified":"2023-10-19T18:53:58+00:00","description":"Abix rents radio communicators in Canoas for shopping centers, hotels, hospitals and security companies. Visit our website!","breadcrumb":{"@id":"https:\/\/abix.com.br\/locacao-de-radio-comunicador-em-canoas\/#breadcrumb"},"inLanguage":"en-US","potentialAction":[{"@type":"ReadAction","target":["https:\/\/abix.com.br\/locacao-de-radio-comunicador-em-canoas\/"]}]},{"@type":"BreadcrumbList","@id":"https:\/\/abix.com.br\/locacao-de-radio-comunicador-em-canoas\/#breadcrumb","itemListElement":[{"@type":"ListItem","position":1,"name":"In\u00edcio","item":"https:\/\/abix.com.br\/es\/"},{"@type":"ListItem","position":2,"name":"Location Canoas"}]},{"@type":"WebSite","@id":"https:\/\/abix.com.br\/#website","url":"https:\/\/abix.com.br\/","name":"Abix","description":"","potentialAction":[{"@type":"SearchAction","target":{"@type":"EntryPoint","urlTemplate":"https:\/\/abix.com.br\/?s={search_term_string}"},"query-input":{"@type":"PropertyValueSpecification","valueRequired":true,"valueName":"search_term_string"}}],"inLanguage":"en-US"}]}},"_links":{"self":[{"href":"https:\/\/abix.com.br\/en\/wp-json\/wp\/v2\/pages\/18081","targetHints":{"allow":["GET"]}}],"collection":[{"href":"https:\/\/abix.com.br\/en\/wp-json\/wp\/v2\/pages"}],"about":[{"href":"https:\/\/abix.com.br\/en\/wp-json\/wp\/v2\/types\/page"}],"author":[{"embeddable":true,"href":"https:\/\/abix.com.br\/en\/wp-json\/wp\/v2\/users\/1"}],"replies":[{"embeddable":true,"href":"https:\/\/abix.com.br\/en\/wp-json\/wp\/v2\/comments?post=18081"}],"version-history":[{"count":10,"href":"https:\/\/abix.com.br\/en\/wp-json\/wp\/v2\/pages\/18081\/revisions"}],"predecessor-version":[{"id":19433,"href":"https:\/\/abix.com.br\/en\/wp-json\/wp\/v2\/pages\/18081\/revisions\/19433"}],"wp:attachment":[{"href":"https:\/\/abix.com.br\/en\/wp-json\/wp\/v2\/media?parent=18081"}],"curies":[{"name":"wp","href":"https:\/\/api.w.org\/{rel}","templated":true}]}}