{"id":18082,"date":"2020-07-23T13:43:04","date_gmt":"2020-07-23T16:43:04","guid":{"rendered":"https:\/\/abix.com.br\/locacao-de-radio-comunicador-em-curitiba\/"},"modified":"2023-09-14T08:44:03","modified_gmt":"2023-09-14T11:44:03","slug":"locacao-de-radio-comunicador-em-curitiba","status":"publish","type":"page","link":"https:\/\/abix.com.br\/en\/locacao-de-radio-comunicador-em-curitiba\/","title":{"rendered":"Location Curitiba"},"content":{"rendered":"\n\t<section class=\"section paginas-internas\" id=\"section_713948982\">\n\t\t<div class=\"section-bg fill\" >\n\t\t\t\t\t\t\t\t\t\n\t\t\t\n\n\t\t<\/div>\n\n\t\t\n\n\t\t<div class=\"section-content relative\">\n\t\t\t\n<div class=\"row\"  id=\"row-1967395024\">\n\n\t<div id=\"col-1391987311\" class=\"col small-12 large-12\"  >\n\t\t\t\t<div class=\"col-inner\"  >\n\t\t\t\n\t\t\t\n<h1 style=\"text-align: center;\">LOCALIZA\u00c7\u00c3O CURITIBA<\/h1>\n\t\t<\/div>\n\t\t\t\t\t<\/div>\n\n\t\n<\/div>\n\t\t<\/div>\n\n\t\t\n<style>\n#section_713948982 {\n  padding-top: 70px;\n  padding-bottom: 70px;\n}\n<\/style>\n\t<\/section>\n\t\n\n\t<section class=\"section\" id=\"section_1102206579\">\n\t\t<div class=\"section-bg fill\" >\n\t\t\t\t\t\t\t\t\t\n\t\t\t\n\n\t\t<\/div>\n\n\t\t\n\n\t\t<div class=\"section-content relative\">\n\t\t\t\n<div class=\"row\"  id=\"row-1566050448\">\n\n\t<div id=\"col-658321665\" class=\"col small-12 large-12\"  >\n\t\t\t\t<div class=\"col-inner\"  >\n\t\t\t\n\t\t\t\n\t<div class=\"img has-hover x md-x lg-x y md-y lg-y\" id=\"image_2002822511\">\n\t\t\t\t\t\t\t\t<div class=\"img-inner dark\" >\n\t\t\t<img decoding=\"async\" width=\"1199\" height=\"414\" src=\"https:\/\/abix.com.br\/wp-content\/uploads\/2020\/07\/img-localizacao-curitiba.jpg\" class=\"attachment-original size-original\" alt=\"\" srcset=\"https:\/\/abix.com.br\/wp-content\/uploads\/2020\/07\/img-localizacao-curitiba.jpg 1199w, https:\/\/abix.com.br\/wp-content\/uploads\/2020\/07\/img-localizacao-curitiba-600x207.jpg 600w, https:\/\/abix.com.br\/wp-content\/uploads\/2020\/07\/img-localizacao-curitiba-300x104.jpg 300w, https:\/\/abix.com.br\/wp-content\/uploads\/2020\/07\/img-localizacao-curitiba-1024x354.jpg 1024w, https:\/\/abix.com.br\/wp-content\/uploads\/2020\/07\/img-localizacao-curitiba-768x265.jpg 768w\" sizes=\"(max-width: 1199px) 100vw, 1199px\" \/>\t\t\t\t\t\t\n\t\t\t\t\t<\/div>\n\t\t\t\t\t\t\t\t\n<style>\n#image_2002822511 {\n  width: 100%;\n}\n<\/style>\n\t<\/div>\n\t\n\t\t<\/div>\n\t\t\t\t\t<\/div>\n\n\t\n<\/div>\n<div class=\"row\"  id=\"row-453193587\">\n\n\t<div id=\"col-1202525465\" class=\"col medium-6 small-12 large-6\"  >\n\t\t\t\t<div class=\"col-inner\"  >\n\t\t\t\n\t\t\t\n<p>Localizada em regi\u00e3o nobre de Curitiba a Abix Tecnologia est\u00e1 no Shopping Crystal numa sede conceito onde o cliente tem facilidade de estacionamento,\u00a0<span class=\"gmail_default\">acesso f\u00e1cil,\u00a0<\/span>entrada<span class=\"gmail_default\">\u00a0e sa\u00edda<\/span>\u00a0r\u00e1pida, drive thru para a retirada expressa de r\u00e1dios, local especializado para a instala\u00e7\u00e3o de r\u00e1dios em viaturas e autom\u00f3veis e servi\u00e7o autorizado para o reparo de r\u00e1dios bidirecionais com certifica\u00e7\u00e3o do INMETRO\u00a0para reparo de radiocomunicadores\u00a0<wbr \/>intrinsecamente seguros. A Abix aluga r\u00e1dios e sistemas para as maiores empresas do Paran\u00e1, com clientes em Paranagu\u00e1, Arauc\u00e1ria, Cascavel, Ponta Grossa, Londrina e Foz do Igua\u00e7u.<\/p>\n\t\t<\/div>\n\t\t\t\t\t<\/div>\n\n\t\n\n\t<div id=\"col-874812305\" class=\"col medium-6 small-12 large-6\"  >\n\t\t\t\t<div class=\"col-inner\"  >\n\t\t\t\n\t\t\t\n<h2>ABIX TECNOLOGIA<br \/><strong>EM CURITIBA<\/strong><\/h2>\n<ul>\n<li>Rua: Comendador Ara\u00fajo, 731<br \/>Batel \u2013 Curitiba\/PR \u2013 CEP: 80420-063<br \/>Shopping Crystal: Andar L4 \u2013 Salas 411 e 441<\/li>\n<li><a href=\"tel:4130220500\">Fone: (41) 3022-0500<\/a><\/li>\n<\/ul>\n<a href=\"https:\/\/goo.gl\/maps\/GnV1ap4rBwK68QCw6\" target=\"_blank\" class=\"button primary btn-homr\" rel=\"noopener\"  >\n\t\t<span>MORE DETAILS\/SHOW MAP<\/span>\n\t<\/a>\n\n\t\t<\/div>\n\t\t\t\t\t<\/div>\n\n\t\n<\/div>\n\t\t<\/div>\n\n\t\t\n<style>\n#section_1102206579 {\n  padding-top: 30px;\n  padding-bottom: 30px;\n}\n<\/style>\n\t<\/section>\n\t\n\n\t<section class=\"section\" id=\"section_1872990345\">\n\t\t<div class=\"section-bg fill\" >\n\t\t\t\t\t\t\t\t\t\n\t\t\t\n\n\t\t<\/div>\n\n\t\t\n\n\t\t<div class=\"section-content relative\">\n\t\t\t\n<div class=\"row row-collapse row-full-width\"  id=\"row-76765725\">\n\n\t<div id=\"col-1067406256\" class=\"col large-12\"  >\n\t\t\t\t<div class=\"col-inner\"  >\n\t\t\t\n\t\t\t\n\n<p><iframe src=\"https:\/\/www.google.com\/maps\/embed?pb=!1m14!1m8!1m3!1d14411.91272235279!2d-49.28148!3d-25.438993!3m2!1i1024!2i768!4f13.1!3m3!1m2!1s0x94dce3f5ae089769%3A0x9a19105e72d73ec!2sAbix%20Tecnologia!5e0!3m2!1spt-BR!2sbr!4v1694691767524!5m2!1spt-BR!2sbr\" width=\"100%\" height=\"600\" style=\"border:0;\" allowfullscreen=\"\" loading=\"lazy\" referrerpolicy=\"no-referrer-when-downgrade\"><\/iframe><br \/>\n\n\t\t<\/div>\n\t\t\t\t\t<\/div>\n\n\t\n<\/div>\n\t\t<\/div>\n\n\t\t\n<style>\n#section_1872990345 {\n  padding-top: 0px;\n  padding-bottom: 0px;\n}\n<\/style>\n\t<\/section>\n\t\n","protected":false},"excerpt":{"rendered":"","protected":false},"author":1,"featured_media":0,"parent":0,"menu_order":0,"comment_status":"closed","ping_status":"closed","template":"page-blank.php","meta":{"footnotes":""},"class_list":["post-18082","page","type-page","status-publish","hentry"],"yoast_head":"<!-- This site is optimized with the Yoast SEO plugin v27.4 - https:\/\/yoast.com\/product\/yoast-seo-wordpress\/ -->\n<title>Radio communicator rental in Curitiba - Abix<\/title>\n<meta name=\"description\" content=\"Radio communicator rental in Curitiba - Abix also carries out technical projects for your company before Anatel. Contact us!\" \/>\n<meta name=\"robots\" content=\"index, follow, max-snippet:-1, max-image-preview:large, max-video-preview:-1\" \/>\n<link rel=\"canonical\" href=\"https:\/\/abix.com.br\/locacao-de-radio-comunicador-em-curitiba\/\" \/>\n<meta property=\"og:locale\" content=\"en_US\" \/>\n<meta property=\"og:type\" content=\"article\" \/>\n<meta property=\"og:title\" content=\"Radio communicator rental in Curitiba - Abix\" \/>\n<meta property=\"og:description\" content=\"Radio communicator rental in Curitiba - Abix also carries out technical projects for your company before Anatel. Contact us!\" \/>\n<meta property=\"og:url\" content=\"https:\/\/abix.com.br\/locacao-de-radio-comunicador-em-curitiba\/\" \/>\n<meta property=\"og:site_name\" content=\"Abix\" \/>\n<meta property=\"article:modified_time\" content=\"2023-09-14T11:44:03+00:00\" \/>\n<meta name=\"twitter:card\" content=\"summary_large_image\" \/>\n<meta name=\"twitter:label1\" content=\"Est. reading time\" \/>\n\t<meta name=\"twitter:data1\" content=\"1 minute\" \/>\n<script type=\"application\/ld+json\" class=\"yoast-schema-graph\">{\"@context\":\"https:\\\/\\\/schema.org\",\"@graph\":[{\"@type\":\"WebPage\",\"@id\":\"https:\\\/\\\/abix.com.br\\\/locacao-de-radio-comunicador-em-curitiba\\\/\",\"url\":\"https:\\\/\\\/abix.com.br\\\/locacao-de-radio-comunicador-em-curitiba\\\/\",\"name\":\"Radio communicator rental in Curitiba - Abix\",\"isPartOf\":{\"@id\":\"https:\\\/\\\/abix.com.br\\\/#website\"},\"datePublished\":\"2020-07-23T16:43:04+00:00\",\"dateModified\":\"2023-09-14T11:44:03+00:00\",\"description\":\"Radio communicator rental in Curitiba - Abix also carries out technical projects for your company before Anatel. Contact us!\",\"breadcrumb\":{\"@id\":\"https:\\\/\\\/abix.com.br\\\/locacao-de-radio-comunicador-em-curitiba\\\/#breadcrumb\"},\"inLanguage\":\"en-US\",\"potentialAction\":[{\"@type\":\"ReadAction\",\"target\":[\"https:\\\/\\\/abix.com.br\\\/locacao-de-radio-comunicador-em-curitiba\\\/\"]}]},{\"@type\":\"BreadcrumbList\",\"@id\":\"https:\\\/\\\/abix.com.br\\\/locacao-de-radio-comunicador-em-curitiba\\\/#breadcrumb\",\"itemListElement\":[{\"@type\":\"ListItem\",\"position\":1,\"name\":\"In\u00edcio\",\"item\":\"https:\\\/\\\/abix.com.br\\\/en\\\/\"},{\"@type\":\"ListItem\",\"position\":2,\"name\":\"Location Curitiba\"}]},{\"@type\":\"WebSite\",\"@id\":\"https:\\\/\\\/abix.com.br\\\/#website\",\"url\":\"https:\\\/\\\/abix.com.br\\\/\",\"name\":\"Abix\",\"description\":\"\",\"potentialAction\":[{\"@type\":\"SearchAction\",\"target\":{\"@type\":\"EntryPoint\",\"urlTemplate\":\"https:\\\/\\\/abix.com.br\\\/?s={search_term_string}\"},\"query-input\":{\"@type\":\"PropertyValueSpecification\",\"valueRequired\":true,\"valueName\":\"search_term_string\"}}],\"inLanguage\":\"en-US\"}]}<\/script>\n<!-- \/ Yoast SEO plugin. -->","yoast_head_json":{"title":"Radio communicator rental in Curitiba - Abix","description":"Radio communicator rental in Curitiba - Abix also carries out technical projects for your company before Anatel. Contact us!","robots":{"index":"index","follow":"follow","max-snippet":"max-snippet:-1","max-image-preview":"max-image-preview:large","max-video-preview":"max-video-preview:-1"},"canonical":"https:\/\/abix.com.br\/locacao-de-radio-comunicador-em-curitiba\/","og_locale":"en_US","og_type":"article","og_title":"Radio communicator rental in Curitiba - Abix","og_description":"Radio communicator rental in Curitiba - Abix also carries out technical projects for your company before Anatel. Contact us!","og_url":"https:\/\/abix.com.br\/locacao-de-radio-comunicador-em-curitiba\/","og_site_name":"Abix","article_modified_time":"2023-09-14T11:44:03+00:00","twitter_card":"summary_large_image","twitter_misc":{"Est. reading time":"1 minute"},"schema":{"@context":"https:\/\/schema.org","@graph":[{"@type":"WebPage","@id":"https:\/\/abix.com.br\/locacao-de-radio-comunicador-em-curitiba\/","url":"https:\/\/abix.com.br\/locacao-de-radio-comunicador-em-curitiba\/","name":"Radio communicator rental in Curitiba - Abix","isPartOf":{"@id":"https:\/\/abix.com.br\/#website"},"datePublished":"2020-07-23T16:43:04+00:00","dateModified":"2023-09-14T11:44:03+00:00","description":"Radio communicator rental in Curitiba - Abix also carries out technical projects for your company before Anatel. Contact us!","breadcrumb":{"@id":"https:\/\/abix.com.br\/locacao-de-radio-comunicador-em-curitiba\/#breadcrumb"},"inLanguage":"en-US","potentialAction":[{"@type":"ReadAction","target":["https:\/\/abix.com.br\/locacao-de-radio-comunicador-em-curitiba\/"]}]},{"@type":"BreadcrumbList","@id":"https:\/\/abix.com.br\/locacao-de-radio-comunicador-em-curitiba\/#breadcrumb","itemListElement":[{"@type":"ListItem","position":1,"name":"In\u00edcio","item":"https:\/\/abix.com.br\/en\/"},{"@type":"ListItem","position":2,"name":"Location Curitiba"}]},{"@type":"WebSite","@id":"https:\/\/abix.com.br\/#website","url":"https:\/\/abix.com.br\/","name":"Abix","description":"","potentialAction":[{"@type":"SearchAction","target":{"@type":"EntryPoint","urlTemplate":"https:\/\/abix.com.br\/?s={search_term_string}"},"query-input":{"@type":"PropertyValueSpecification","valueRequired":true,"valueName":"search_term_string"}}],"inLanguage":"en-US"}]}},"_links":{"self":[{"href":"https:\/\/abix.com.br\/en\/wp-json\/wp\/v2\/pages\/18082","targetHints":{"allow":["GET"]}}],"collection":[{"href":"https:\/\/abix.com.br\/en\/wp-json\/wp\/v2\/pages"}],"about":[{"href":"https:\/\/abix.com.br\/en\/wp-json\/wp\/v2\/types\/page"}],"author":[{"embeddable":true,"href":"https:\/\/abix.com.br\/en\/wp-json\/wp\/v2\/users\/1"}],"replies":[{"embeddable":true,"href":"https:\/\/abix.com.br\/en\/wp-json\/wp\/v2\/comments?post=18082"}],"version-history":[{"count":12,"href":"https:\/\/abix.com.br\/en\/wp-json\/wp\/v2\/pages\/18082\/revisions"}],"predecessor-version":[{"id":18455,"href":"https:\/\/abix.com.br\/en\/wp-json\/wp\/v2\/pages\/18082\/revisions\/18455"}],"wp:attachment":[{"href":"https:\/\/abix.com.br\/en\/wp-json\/wp\/v2\/media?parent=18082"}],"curies":[{"name":"wp","href":"https:\/\/api.w.org\/{rel}","templated":true}]}}