{"id":18084,"date":"2020-07-23T14:00:33","date_gmt":"2020-07-23T17:00:33","guid":{"rendered":"https:\/\/abix.com.br\/locacao-de-radio-comunicador-em-macae\/"},"modified":"2023-09-14T09:06:13","modified_gmt":"2023-09-14T12:06:13","slug":"locacao-de-radio-comunicador-em-macae","status":"publish","type":"page","link":"https:\/\/abix.com.br\/en\/locacao-de-radio-comunicador-em-macae\/","title":{"rendered":"Location Maca\u00e9"},"content":{"rendered":"\n\t<section class=\"section paginas-internas\" id=\"section_1008843719\">\n\t\t<div class=\"section-bg fill\" >\n\t\t\t\t\t\t\t\t\t\n\t\t\t\n\n\t\t<\/div>\n\n\t\t\n\n\t\t<div class=\"section-content relative\">\n\t\t\t\n<div class=\"row\"  id=\"row-2102468244\">\n\n\t<div id=\"col-2083479066\" class=\"col small-12 large-12\"  >\n\t\t\t\t<div class=\"col-inner\"  >\n\t\t\t\n\t\t\t\n<h1 style=\"text-align: center;\">MACA\u00c9 LOCATION<\/h1>\n\t\t<\/div>\n\t\t\t\t\t<\/div>\n\n\t\n<\/div>\n\t\t<\/div>\n\n\t\t\n<style>\n#section_1008843719 {\n  padding-top: 70px;\n  padding-bottom: 70px;\n}\n<\/style>\n\t<\/section>\n\t\n\n\t<section class=\"section\" id=\"section_626918234\">\n\t\t<div class=\"section-bg fill\" >\n\t\t\t\t\t\t\t\t\t\n\t\t\t\n\n\t\t<\/div>\n\n\t\t\n\n\t\t<div class=\"section-content relative\">\n\t\t\t\n<div class=\"row\"  id=\"row-473945967\">\n\n\t<div id=\"col-1364074763\" class=\"col small-12 large-12\"  >\n\t\t\t\t<div class=\"col-inner\"  >\n\t\t\t\n\t\t\t\n\t<div class=\"img has-hover x md-x lg-x y md-y lg-y\" id=\"image_1677104622\">\n\t\t\t\t\t\t\t\t<div class=\"img-inner dark\" >\n\t\t\t<img decoding=\"async\" width=\"1199\" height=\"414\" src=\"https:\/\/abix.com.br\/wp-content\/uploads\/2020\/07\/macaefoto.jpg\" class=\"attachment-original size-original\" alt=\"\" srcset=\"https:\/\/abix.com.br\/wp-content\/uploads\/2020\/07\/macaefoto.jpg 1199w, https:\/\/abix.com.br\/wp-content\/uploads\/2020\/07\/macaefoto-600x207.jpg 600w, https:\/\/abix.com.br\/wp-content\/uploads\/2020\/07\/macaefoto-300x104.jpg 300w, https:\/\/abix.com.br\/wp-content\/uploads\/2020\/07\/macaefoto-1024x354.jpg 1024w, https:\/\/abix.com.br\/wp-content\/uploads\/2020\/07\/macaefoto-768x265.jpg 768w\" sizes=\"(max-width: 1199px) 100vw, 1199px\" \/>\t\t\t\t\t\t\n\t\t\t\t\t<\/div>\n\t\t\t\t\t\t\t\t\n<style>\n#image_1677104622 {\n  width: 100%;\n}\n<\/style>\n\t<\/div>\n\t\n\t\t<\/div>\n\t\t\t\t\t<\/div>\n\n\t\n<\/div>\n<div class=\"row\"  id=\"row-1489779562\">\n\n\t<div id=\"col-901147103\" class=\"col medium-6 small-12 large-6\"  >\n\t\t\t\t<div class=\"col-inner\"  >\n\t\t\t\n\t\t\t\n<p>Located just a few blocks from Petrobras&#8217; Imbetiba base, <a href=\"https:\/\/abix.com.br\/antigo-evo\/\">Abix<\/a> rents intrinsically safe radios for the petrochemical industry, offshore, maintenance and oil and gas operations. From this unit, Abix rents radios in Campos de Goytacazes, Maca\u00e9, COMPERJ, Rio das Pedras and Itabora\u00ed. Abix has ISO9001 for the rental of radio communicators, radios for data transmission and CCTV equipment and is approved by INMETRO\/CEPEL for the maintenance of intrinsically safe radios.<\/p>\n\t\t<\/div>\n\t\t\t\t\t<\/div>\n\n\t\n\n\t<div id=\"col-310903089\" class=\"col medium-6 small-12 large-6\"  >\n\t\t\t\t<div class=\"col-inner\"  >\n\t\t\t\n\t\t\t\n<h2>ABIX TECHNOLOGY<br \/><strong>IN MACA\u00c9<br \/><\/strong><\/h2>\n<ul>\n<li>Av Carlos Augusto Tinoco Garcia, 2060 \u2013 Room 309<br \/>Riviera Fluminense \u2013 Maca\u00e9\/RJ<br \/>Zip Code: 27937-590<\/li>\n<li><a href=\"tel:2235180002\">Phone: (22) 3518-0002<\/a><\/li>\n<\/ul>\n<a href=\"https:\/\/goo.gl\/maps\/yr6MX7Yx4jDhyKMc8\" target=\"_blank\" class=\"button primary btn-homr\" rel=\"noopener\"  >\n\t\t<span>MORE DETAILS\/SHOW MAP<\/span>\n\t<\/a>\n\n\t\t<\/div>\n\t\t\t\t\t<\/div>\n\n\t\n<\/div>\n\t\t<\/div>\n\n\t\t\n<style>\n#section_626918234 {\n  padding-top: 30px;\n  padding-bottom: 30px;\n}\n<\/style>\n\t<\/section>\n\t\n\n\t<section class=\"section\" id=\"section_652353276\">\n\t\t<div class=\"section-bg fill\" >\n\t\t\t\t\t\t\t\t\t\n\t\t\t\n\n\t\t<\/div>\n\n\t\t\n\n\t\t<div class=\"section-content relative\">\n\t\t\t\n<div class=\"row row-collapse row-full-width\"  id=\"row-1792517746\">\n\n\t<div id=\"col-1750435185\" class=\"col large-12\"  >\n\t\t\t\t<div class=\"col-inner\"  >\n\t\t\t\n\t\t\t\n\n<p><iframe src=\"https:\/\/www.google.com\/maps\/embed?pb=!1m18!1m12!1m3!1d3688.922324608014!2d-41.78745310000001!3d-22.3942855!2m3!1f0!2f0!3f0!3m2!1i1024!2i768!4f13.1!3m3!1m2!1s0x9630f34b308593%3A0x835df03538aabce9!2sAbix%20Tecnologia%20-%20Loca%C3%A7%C3%A3o%20e%20Venda%20de%20R%C3%A1dio%20Comunicadores%20-%20Maca%C3%A9!5e0!3m2!1spt-BR!2sbr!4v1694693019928!5m2!1spt-BR!2sbr\" width=\"100%\" height=\"600\" style=\"border:0;\" allowfullscreen=\"\" loading=\"lazy\" referrerpolicy=\"no-referrer-when-downgrade\"><\/iframe><br \/>\n\n\t\t<\/div>\n\t\t\t\t\t<\/div>\n\n\t\n<\/div>\n\t\t<\/div>\n\n\t\t\n<style>\n#section_652353276 {\n  padding-top: 0px;\n  padding-bottom: 0px;\n}\n<\/style>\n\t<\/section>\n\t\n","protected":false},"excerpt":{"rendered":"","protected":false},"author":1,"featured_media":0,"parent":0,"menu_order":0,"comment_status":"closed","ping_status":"closed","template":"page-blank.php","meta":{"footnotes":""},"class_list":["post-18084","page","type-page","status-publish","hentry"],"yoast_head":"<!-- This site is optimized with the Yoast SEO plugin v27.4 - https:\/\/yoast.com\/product\/yoast-seo-wordpress\/ -->\n<title>Radio communicator rental in Maca\u00e9 - Abix Tecnologia<\/title>\n<meta name=\"description\" content=\"Radio Communicator Rental in Maca\u00e9 - Av Carlos Augusto Tinoco Garcia, 2060 - Sala 309 Riviera Fluminense - Maca\u00e9\/RJ - Abix Tecnologia\" \/>\n<meta name=\"robots\" content=\"index, follow, max-snippet:-1, max-image-preview:large, max-video-preview:-1\" \/>\n<link rel=\"canonical\" href=\"https:\/\/abix.com.br\/locacao-de-radio-comunicador-em-macae\/\" \/>\n<meta property=\"og:locale\" content=\"en_US\" \/>\n<meta property=\"og:type\" content=\"article\" \/>\n<meta property=\"og:title\" content=\"Radio communicator rental in Maca\u00e9 - Abix Tecnologia\" \/>\n<meta property=\"og:description\" content=\"Radio Communicator Rental in Maca\u00e9 - Av Carlos Augusto Tinoco Garcia, 2060 - Sala 309 Riviera Fluminense - Maca\u00e9\/RJ - Abix Tecnologia\" \/>\n<meta property=\"og:url\" content=\"https:\/\/abix.com.br\/locacao-de-radio-comunicador-em-macae\/\" \/>\n<meta property=\"og:site_name\" content=\"Abix\" \/>\n<meta property=\"article:modified_time\" content=\"2023-09-14T12:06:13+00:00\" \/>\n<meta name=\"twitter:card\" content=\"summary_large_image\" \/>\n<meta name=\"twitter:label1\" content=\"Est. reading time\" \/>\n\t<meta name=\"twitter:data1\" content=\"1 minute\" \/>\n<script type=\"application\/ld+json\" class=\"yoast-schema-graph\">{\"@context\":\"https:\\\/\\\/schema.org\",\"@graph\":[{\"@type\":\"WebPage\",\"@id\":\"https:\\\/\\\/abix.com.br\\\/locacao-de-radio-comunicador-em-macae\\\/\",\"url\":\"https:\\\/\\\/abix.com.br\\\/locacao-de-radio-comunicador-em-macae\\\/\",\"name\":\"Radio communicator rental in Maca\u00e9 - Abix Tecnologia\",\"isPartOf\":{\"@id\":\"https:\\\/\\\/abix.com.br\\\/#website\"},\"datePublished\":\"2020-07-23T17:00:33+00:00\",\"dateModified\":\"2023-09-14T12:06:13+00:00\",\"description\":\"Radio Communicator Rental in Maca\u00e9 - Av Carlos Augusto Tinoco Garcia, 2060 - Sala 309 Riviera Fluminense - Maca\u00e9\\\/RJ - Abix Tecnologia\",\"breadcrumb\":{\"@id\":\"https:\\\/\\\/abix.com.br\\\/locacao-de-radio-comunicador-em-macae\\\/#breadcrumb\"},\"inLanguage\":\"en-US\",\"potentialAction\":[{\"@type\":\"ReadAction\",\"target\":[\"https:\\\/\\\/abix.com.br\\\/locacao-de-radio-comunicador-em-macae\\\/\"]}]},{\"@type\":\"BreadcrumbList\",\"@id\":\"https:\\\/\\\/abix.com.br\\\/locacao-de-radio-comunicador-em-macae\\\/#breadcrumb\",\"itemListElement\":[{\"@type\":\"ListItem\",\"position\":1,\"name\":\"In\u00edcio\",\"item\":\"https:\\\/\\\/abix.com.br\\\/en\\\/\"},{\"@type\":\"ListItem\",\"position\":2,\"name\":\"Location Maca\u00e9\"}]},{\"@type\":\"WebSite\",\"@id\":\"https:\\\/\\\/abix.com.br\\\/#website\",\"url\":\"https:\\\/\\\/abix.com.br\\\/\",\"name\":\"Abix\",\"description\":\"\",\"potentialAction\":[{\"@type\":\"SearchAction\",\"target\":{\"@type\":\"EntryPoint\",\"urlTemplate\":\"https:\\\/\\\/abix.com.br\\\/?s={search_term_string}\"},\"query-input\":{\"@type\":\"PropertyValueSpecification\",\"valueRequired\":true,\"valueName\":\"search_term_string\"}}],\"inLanguage\":\"en-US\"}]}<\/script>\n<!-- \/ Yoast SEO plugin. -->","yoast_head_json":{"title":"Radio communicator rental in Maca\u00e9 - Abix Tecnologia","description":"Radio Communicator Rental in Maca\u00e9 - Av Carlos Augusto Tinoco Garcia, 2060 - Sala 309 Riviera Fluminense - Maca\u00e9\/RJ - Abix Tecnologia","robots":{"index":"index","follow":"follow","max-snippet":"max-snippet:-1","max-image-preview":"max-image-preview:large","max-video-preview":"max-video-preview:-1"},"canonical":"https:\/\/abix.com.br\/locacao-de-radio-comunicador-em-macae\/","og_locale":"en_US","og_type":"article","og_title":"Radio communicator rental in Maca\u00e9 - Abix Tecnologia","og_description":"Radio Communicator Rental in Maca\u00e9 - Av Carlos Augusto Tinoco Garcia, 2060 - Sala 309 Riviera Fluminense - Maca\u00e9\/RJ - Abix Tecnologia","og_url":"https:\/\/abix.com.br\/locacao-de-radio-comunicador-em-macae\/","og_site_name":"Abix","article_modified_time":"2023-09-14T12:06:13+00:00","twitter_card":"summary_large_image","twitter_misc":{"Est. reading time":"1 minute"},"schema":{"@context":"https:\/\/schema.org","@graph":[{"@type":"WebPage","@id":"https:\/\/abix.com.br\/locacao-de-radio-comunicador-em-macae\/","url":"https:\/\/abix.com.br\/locacao-de-radio-comunicador-em-macae\/","name":"Radio communicator rental in Maca\u00e9 - Abix Tecnologia","isPartOf":{"@id":"https:\/\/abix.com.br\/#website"},"datePublished":"2020-07-23T17:00:33+00:00","dateModified":"2023-09-14T12:06:13+00:00","description":"Radio Communicator Rental in Maca\u00e9 - Av Carlos Augusto Tinoco Garcia, 2060 - Sala 309 Riviera Fluminense - Maca\u00e9\/RJ - Abix Tecnologia","breadcrumb":{"@id":"https:\/\/abix.com.br\/locacao-de-radio-comunicador-em-macae\/#breadcrumb"},"inLanguage":"en-US","potentialAction":[{"@type":"ReadAction","target":["https:\/\/abix.com.br\/locacao-de-radio-comunicador-em-macae\/"]}]},{"@type":"BreadcrumbList","@id":"https:\/\/abix.com.br\/locacao-de-radio-comunicador-em-macae\/#breadcrumb","itemListElement":[{"@type":"ListItem","position":1,"name":"In\u00edcio","item":"https:\/\/abix.com.br\/en\/"},{"@type":"ListItem","position":2,"name":"Location Maca\u00e9"}]},{"@type":"WebSite","@id":"https:\/\/abix.com.br\/#website","url":"https:\/\/abix.com.br\/","name":"Abix","description":"","potentialAction":[{"@type":"SearchAction","target":{"@type":"EntryPoint","urlTemplate":"https:\/\/abix.com.br\/?s={search_term_string}"},"query-input":{"@type":"PropertyValueSpecification","valueRequired":true,"valueName":"search_term_string"}}],"inLanguage":"en-US"}]}},"_links":{"self":[{"href":"https:\/\/abix.com.br\/en\/wp-json\/wp\/v2\/pages\/18084","targetHints":{"allow":["GET"]}}],"collection":[{"href":"https:\/\/abix.com.br\/en\/wp-json\/wp\/v2\/pages"}],"about":[{"href":"https:\/\/abix.com.br\/en\/wp-json\/wp\/v2\/types\/page"}],"author":[{"embeddable":true,"href":"https:\/\/abix.com.br\/en\/wp-json\/wp\/v2\/users\/1"}],"replies":[{"embeddable":true,"href":"https:\/\/abix.com.br\/en\/wp-json\/wp\/v2\/comments?post=18084"}],"version-history":[{"count":15,"href":"https:\/\/abix.com.br\/en\/wp-json\/wp\/v2\/pages\/18084\/revisions"}],"predecessor-version":[{"id":18516,"href":"https:\/\/abix.com.br\/en\/wp-json\/wp\/v2\/pages\/18084\/revisions\/18516"}],"wp:attachment":[{"href":"https:\/\/abix.com.br\/en\/wp-json\/wp\/v2\/media?parent=18084"}],"curies":[{"name":"wp","href":"https:\/\/api.w.org\/{rel}","templated":true}]}}