{"id":18085,"date":"2020-07-23T13:51:54","date_gmt":"2020-07-23T16:51:54","guid":{"rendered":"https:\/\/abix.com.br\/locacao-de-radio-comunicador-em-maceio\/"},"modified":"2023-10-19T15:59:08","modified_gmt":"2023-10-19T18:59:08","slug":"locacao-de-radio-comunicador-em-maceio","status":"publish","type":"page","link":"https:\/\/abix.com.br\/en\/locacao-de-radio-comunicador-em-maceio\/","title":{"rendered":"Location Macei\u00f3"},"content":{"rendered":"\n\t<section class=\"section paginas-internas\" id=\"section_1744769901\">\n\t\t<div class=\"section-bg fill\" >\n\t\t\t\t\t\t\t\t\t\n\t\t\t\n\n\t\t<\/div>\n\n\t\t\n\n\t\t<div class=\"section-content relative\">\n\t\t\t\n<div class=\"row\"  id=\"row-1628472749\">\n\n\t<div id=\"col-524807834\" class=\"col small-12 large-12\"  >\n\t\t\t\t<div class=\"col-inner\"  >\n\t\t\t\n\t\t\t\n<h1 style=\"text-align: center;\">LOCALIZA\u00c7\u00c3O MACEI\u00d3<\/h1>\n\t\t<\/div>\n\t\t\t\t\t<\/div>\n\n\t\n<\/div>\n\t\t<\/div>\n\n\t\t\n<style>\n#section_1744769901 {\n  padding-top: 70px;\n  padding-bottom: 70px;\n}\n<\/style>\n\t<\/section>\n\t\n\n\t<section class=\"section\" id=\"section_1620523770\">\n\t\t<div class=\"section-bg fill\" >\n\t\t\t\t\t\t\t\t\t\n\t\t\t\n\n\t\t<\/div>\n\n\t\t\n\n\t\t<div class=\"section-content relative\">\n\t\t\t\n<div class=\"row\"  id=\"row-1402035954\">\n\n\t<div id=\"col-770149081\" class=\"col small-12 large-12\"  >\n\t\t\t\t<div class=\"col-inner\"  >\n\t\t\t\n\t\t\t\n\t<div class=\"img has-hover x md-x lg-x y md-y lg-y\" id=\"image_1386104901\">\n\t\t\t\t\t\t\t\t<div class=\"img-inner dark\" >\n\t\t\t<img decoding=\"async\" width=\"1199\" height=\"414\" src=\"https:\/\/abix.com.br\/wp-content\/uploads\/2020\/07\/maceiofoto.jpg\" class=\"attachment-original size-original\" alt=\"\" srcset=\"https:\/\/abix.com.br\/wp-content\/uploads\/2020\/07\/maceiofoto.jpg 1199w, https:\/\/abix.com.br\/wp-content\/uploads\/2020\/07\/maceiofoto-600x207.jpg 600w, https:\/\/abix.com.br\/wp-content\/uploads\/2020\/07\/maceiofoto-300x104.jpg 300w, https:\/\/abix.com.br\/wp-content\/uploads\/2020\/07\/maceiofoto-1024x354.jpg 1024w, https:\/\/abix.com.br\/wp-content\/uploads\/2020\/07\/maceiofoto-768x265.jpg 768w\" sizes=\"(max-width: 1199px) 100vw, 1199px\" \/>\t\t\t\t\t\t\n\t\t\t\t\t<\/div>\n\t\t\t\t\t\t\t\t\n<style>\n#image_1386104901 {\n  width: 100%;\n}\n<\/style>\n\t<\/div>\n\t\n\t\t<\/div>\n\t\t\t\t\t<\/div>\n\n\t\n<\/div>\n<div class=\"row\"  id=\"row-1212437228\">\n\n\t<div id=\"col-190016456\" class=\"col medium-6 small-12 large-6\"  >\n\t\t\t\t<div class=\"col-inner\"  >\n\t\t\t\n\t\t\t\n<p>Localizada no Paju\u00e7ara, bairro central da bela capital do estado do Alagoas a\u00a0<a href=\"https:\/\/abix.com.br\/\">Abix<\/a>\u00a0faz o aluguel de r\u00e1dios em Macei\u00f3 e interior do estado inclusive modelos intrinsecamente seguros para uso em ambientes com atmosferas explosivas bem como a loca\u00e7\u00e3o de r\u00e1dios para eventos.<\/p>\n\t\t<\/div>\n\t\t\t\t\t<\/div>\n\n\t\n\n\t<div id=\"col-223467091\" class=\"col medium-6 small-12 large-6\"  >\n\t\t\t\t<div class=\"col-inner\"  >\n\t\t\t\n\t\t\t\n<h2>ABIX TECNOLOGIA<br \/>\n<strong>EM MACEI\u00d3<br \/>\n<\/strong><\/h2>\n<ul>\n<li>Rua: Epaminondas Gracindo, 22<br \/>\nPaju\u00e7ara \u2013 Macei\u00f3\/AL<br \/>\nCEP: 57030-101<\/li>\n<li><a href=\"tel:8221267473\">Fone: (82) 2126-7473<\/a><\/li>\n<\/ul>\n<a href=\"https:\/\/goo.gl\/maps\/rcTSYMf1xTda6F3LA\" target=\"_blank\" class=\"button primary btn-homr\" rel=\"noopener\"  >\n\t\t<span>MORE DETAILS\/SHOW MAP<\/span>\n\t<\/a>\n\n\t\t<\/div>\n\t\t\t\t\t<\/div>\n\n\t\n<\/div>\n\t\t<\/div>\n\n\t\t\n<style>\n#section_1620523770 {\n  padding-top: 30px;\n  padding-bottom: 30px;\n}\n<\/style>\n\t<\/section>\n\t\n\n\t<section class=\"section\" id=\"section_649409608\">\n\t\t<div class=\"section-bg fill\" >\n\t\t\t\t\t\t\t\t\t\n\t\t\t\n\n\t\t<\/div>\n\n\t\t\n\n\t\t<div class=\"section-content relative\">\n\t\t\t\n<div class=\"row row-collapse row-full-width\"  id=\"row-1782142583\">\n\n\t<div id=\"col-1365350062\" class=\"col large-12\"  >\n\t\t\t\t<div class=\"col-inner\"  >\n\t\t\t\n\t\t\t\n\n<p><iframe style=\"border: 0;\" src=\"https:\/\/www.google.com\/maps\/embed?pb=!1m14!1m8!1m3!1d491.6360370438865!2d-35.7188807!3d-9.6734968!3m2!1i1024!2i768!4f13.1!3m3!1m2!1s0x7014512cc158e0b%3A0x9d2c4b612e81d282!2sR.%20Epaminondas%20Gracindo%2C%2022%20-%20Paju%C3%A7ara%2C%20Macei%C3%B3%20-%20AL%2C%2057030-101!5e0!3m2!1spt-BR!2sbr!4v1694692685606!5m2!1spt-BR!2sbr\" width=\"100%\" height=\"600\" allowfullscreen=\"allowfullscreen\" data-mce-fragment=\"1\"><\/iframe><br \/>\n\n\t\t<\/div>\n\t\t\t\t\t<\/div>\n\n\t\n<\/div>\n\t\t<\/div>\n\n\t\t\n<style>\n#section_649409608 {\n  padding-top: 0px;\n  padding-bottom: 0px;\n}\n<\/style>\n\t<\/section>\n\t\n","protected":false},"excerpt":{"rendered":"","protected":false},"author":1,"featured_media":0,"parent":0,"menu_order":0,"comment_status":"closed","ping_status":"closed","template":"page-blank.php","meta":{"footnotes":""},"class_list":["post-18085","page","type-page","status-publish","hentry"],"yoast_head":"<!-- This site is optimized with the Yoast SEO plugin v27.3 - https:\/\/yoast.com\/product\/yoast-seo-wordpress\/ -->\n<title>Radio communicator rental in Macei\u00f3 - Abix Tecnologia<\/title>\n<meta name=\"description\" content=\"Radio communicator rental in Macei\u00f3 - Rua: Epaminondas Gracindo, 22 Paju\u00e7ara - Macei\u00f3\/AL - Abix Tecnologia\" \/>\n<meta name=\"robots\" content=\"index, follow, max-snippet:-1, max-image-preview:large, max-video-preview:-1\" \/>\n<link rel=\"canonical\" href=\"https:\/\/abix.com.br\/locacao-de-radio-comunicador-em-maceio\/\" \/>\n<meta property=\"og:locale\" content=\"en_US\" \/>\n<meta property=\"og:type\" content=\"article\" \/>\n<meta property=\"og:title\" content=\"Radio communicator rental in Macei\u00f3 - Abix Tecnologia\" \/>\n<meta property=\"og:description\" content=\"Radio communicator rental in Macei\u00f3 - Rua: Epaminondas Gracindo, 22 Paju\u00e7ara - Macei\u00f3\/AL - Abix Tecnologia\" \/>\n<meta property=\"og:url\" content=\"https:\/\/abix.com.br\/locacao-de-radio-comunicador-em-maceio\/\" \/>\n<meta property=\"og:site_name\" content=\"Abix\" \/>\n<meta property=\"article:modified_time\" content=\"2023-10-19T18:59:08+00:00\" \/>\n<meta name=\"twitter:card\" content=\"summary_large_image\" \/>\n<meta name=\"twitter:label1\" content=\"Est. reading time\" \/>\n\t<meta name=\"twitter:data1\" content=\"1 minute\" \/>\n<script type=\"application\/ld+json\" class=\"yoast-schema-graph\">{\"@context\":\"https:\\\/\\\/schema.org\",\"@graph\":[{\"@type\":\"WebPage\",\"@id\":\"https:\\\/\\\/abix.com.br\\\/locacao-de-radio-comunicador-em-maceio\\\/\",\"url\":\"https:\\\/\\\/abix.com.br\\\/locacao-de-radio-comunicador-em-maceio\\\/\",\"name\":\"Radio communicator rental in Macei\u00f3 - Abix Tecnologia\",\"isPartOf\":{\"@id\":\"https:\\\/\\\/abix.com.br\\\/#website\"},\"datePublished\":\"2020-07-23T16:51:54+00:00\",\"dateModified\":\"2023-10-19T18:59:08+00:00\",\"description\":\"Radio communicator rental in Macei\u00f3 - Rua: Epaminondas Gracindo, 22 Paju\u00e7ara - Macei\u00f3\\\/AL - Abix Tecnologia\",\"breadcrumb\":{\"@id\":\"https:\\\/\\\/abix.com.br\\\/locacao-de-radio-comunicador-em-maceio\\\/#breadcrumb\"},\"inLanguage\":\"en-US\",\"potentialAction\":[{\"@type\":\"ReadAction\",\"target\":[\"https:\\\/\\\/abix.com.br\\\/locacao-de-radio-comunicador-em-maceio\\\/\"]}]},{\"@type\":\"BreadcrumbList\",\"@id\":\"https:\\\/\\\/abix.com.br\\\/locacao-de-radio-comunicador-em-maceio\\\/#breadcrumb\",\"itemListElement\":[{\"@type\":\"ListItem\",\"position\":1,\"name\":\"In\u00edcio\",\"item\":\"https:\\\/\\\/abix.com.br\\\/es\\\/\"},{\"@type\":\"ListItem\",\"position\":2,\"name\":\"Location Macei\u00f3\"}]},{\"@type\":\"WebSite\",\"@id\":\"https:\\\/\\\/abix.com.br\\\/#website\",\"url\":\"https:\\\/\\\/abix.com.br\\\/\",\"name\":\"Abix\",\"description\":\"\",\"potentialAction\":[{\"@type\":\"SearchAction\",\"target\":{\"@type\":\"EntryPoint\",\"urlTemplate\":\"https:\\\/\\\/abix.com.br\\\/?s={search_term_string}\"},\"query-input\":{\"@type\":\"PropertyValueSpecification\",\"valueRequired\":true,\"valueName\":\"search_term_string\"}}],\"inLanguage\":\"en-US\"}]}<\/script>\n<!-- \/ Yoast SEO plugin. -->","yoast_head_json":{"title":"Radio communicator rental in Macei\u00f3 - Abix Tecnologia","description":"Radio communicator rental in Macei\u00f3 - Rua: Epaminondas Gracindo, 22 Paju\u00e7ara - Macei\u00f3\/AL - Abix Tecnologia","robots":{"index":"index","follow":"follow","max-snippet":"max-snippet:-1","max-image-preview":"max-image-preview:large","max-video-preview":"max-video-preview:-1"},"canonical":"https:\/\/abix.com.br\/locacao-de-radio-comunicador-em-maceio\/","og_locale":"en_US","og_type":"article","og_title":"Radio communicator rental in Macei\u00f3 - Abix Tecnologia","og_description":"Radio communicator rental in Macei\u00f3 - Rua: Epaminondas Gracindo, 22 Paju\u00e7ara - Macei\u00f3\/AL - Abix Tecnologia","og_url":"https:\/\/abix.com.br\/locacao-de-radio-comunicador-em-maceio\/","og_site_name":"Abix","article_modified_time":"2023-10-19T18:59:08+00:00","twitter_card":"summary_large_image","twitter_misc":{"Est. reading time":"1 minute"},"schema":{"@context":"https:\/\/schema.org","@graph":[{"@type":"WebPage","@id":"https:\/\/abix.com.br\/locacao-de-radio-comunicador-em-maceio\/","url":"https:\/\/abix.com.br\/locacao-de-radio-comunicador-em-maceio\/","name":"Radio communicator rental in Macei\u00f3 - Abix Tecnologia","isPartOf":{"@id":"https:\/\/abix.com.br\/#website"},"datePublished":"2020-07-23T16:51:54+00:00","dateModified":"2023-10-19T18:59:08+00:00","description":"Radio communicator rental in Macei\u00f3 - Rua: Epaminondas Gracindo, 22 Paju\u00e7ara - Macei\u00f3\/AL - Abix Tecnologia","breadcrumb":{"@id":"https:\/\/abix.com.br\/locacao-de-radio-comunicador-em-maceio\/#breadcrumb"},"inLanguage":"en-US","potentialAction":[{"@type":"ReadAction","target":["https:\/\/abix.com.br\/locacao-de-radio-comunicador-em-maceio\/"]}]},{"@type":"BreadcrumbList","@id":"https:\/\/abix.com.br\/locacao-de-radio-comunicador-em-maceio\/#breadcrumb","itemListElement":[{"@type":"ListItem","position":1,"name":"In\u00edcio","item":"https:\/\/abix.com.br\/es\/"},{"@type":"ListItem","position":2,"name":"Location Macei\u00f3"}]},{"@type":"WebSite","@id":"https:\/\/abix.com.br\/#website","url":"https:\/\/abix.com.br\/","name":"Abix","description":"","potentialAction":[{"@type":"SearchAction","target":{"@type":"EntryPoint","urlTemplate":"https:\/\/abix.com.br\/?s={search_term_string}"},"query-input":{"@type":"PropertyValueSpecification","valueRequired":true,"valueName":"search_term_string"}}],"inLanguage":"en-US"}]}},"_links":{"self":[{"href":"https:\/\/abix.com.br\/en\/wp-json\/wp\/v2\/pages\/18085","targetHints":{"allow":["GET"]}}],"collection":[{"href":"https:\/\/abix.com.br\/en\/wp-json\/wp\/v2\/pages"}],"about":[{"href":"https:\/\/abix.com.br\/en\/wp-json\/wp\/v2\/types\/page"}],"author":[{"embeddable":true,"href":"https:\/\/abix.com.br\/en\/wp-json\/wp\/v2\/users\/1"}],"replies":[{"embeddable":true,"href":"https:\/\/abix.com.br\/en\/wp-json\/wp\/v2\/comments?post=18085"}],"version-history":[{"count":8,"href":"https:\/\/abix.com.br\/en\/wp-json\/wp\/v2\/pages\/18085\/revisions"}],"predecessor-version":[{"id":19457,"href":"https:\/\/abix.com.br\/en\/wp-json\/wp\/v2\/pages\/18085\/revisions\/19457"}],"wp:attachment":[{"href":"https:\/\/abix.com.br\/en\/wp-json\/wp\/v2\/media?parent=18085"}],"curies":[{"name":"wp","href":"https:\/\/api.w.org\/{rel}","templated":true}]}}