{"id":18089,"date":"2020-07-21T14:50:56","date_gmt":"2020-07-21T17:50:56","guid":{"rendered":"https:\/\/abix.com.br\/locacao-de-radio-comunicador-em-uberlandia\/"},"modified":"2023-10-19T16:04:10","modified_gmt":"2023-10-19T19:04:10","slug":"locacao-de-radio-comunicador-em-uberlandia","status":"publish","type":"page","link":"https:\/\/abix.com.br\/en\/locacao-de-radio-comunicador-em-uberlandia\/","title":{"rendered":"Location Uberl\u00e2ndia"},"content":{"rendered":"\n\t<section class=\"section paginas-internas\" id=\"section_198790225\">\n\t\t<div class=\"section-bg fill\" >\n\t\t\t\t\t\t\t\t\t\n\t\t\t\n\n\t\t<\/div>\n\n\t\t\n\n\t\t<div class=\"section-content relative\">\n\t\t\t\n<div class=\"row\"  id=\"row-196472959\">\n\n\t<div id=\"col-1199467713\" class=\"col small-12 large-12\"  >\n\t\t\t\t<div class=\"col-inner\"  >\n\t\t\t\n\t\t\t\n<h1 style=\"text-align: center;\">LOCATION UBERL\u00c2NDIA<\/h1>\n\t\t<\/div>\n\t\t\t\t\t<\/div>\n\n\t\n<\/div>\n\t\t<\/div>\n\n\t\t\n<style>\n#section_198790225 {\n  padding-top: 70px;\n  padding-bottom: 70px;\n}\n<\/style>\n\t<\/section>\n\t\n\n\t<section class=\"section\" id=\"section_2068552524\">\n\t\t<div class=\"section-bg fill\" >\n\t\t\t\t\t\t\t\t\t\n\t\t\t\n\n\t\t<\/div>\n\n\t\t\n\n\t\t<div class=\"section-content relative\">\n\t\t\t\n<div class=\"row\"  id=\"row-880822675\">\n\n\t<div id=\"col-543040960\" class=\"col small-12 large-12\"  >\n\t\t\t\t<div class=\"col-inner\"  >\n\t\t\t\n\t\t\t\n\t<div class=\"img has-hover x md-x lg-x y md-y lg-y\" id=\"image_433459532\">\n\t\t\t\t\t\t\t\t<div class=\"img-inner dark\" >\n\t\t\t<img decoding=\"async\" width=\"1199\" height=\"414\" src=\"https:\/\/abix.com.br\/wp-content\/uploads\/2020\/07\/uberlandiafoto.jpg\" class=\"attachment-original size-original\" alt=\"\" srcset=\"https:\/\/abix.com.br\/wp-content\/uploads\/2020\/07\/uberlandiafoto.jpg 1199w, https:\/\/abix.com.br\/wp-content\/uploads\/2020\/07\/uberlandiafoto-600x207.jpg 600w, https:\/\/abix.com.br\/wp-content\/uploads\/2020\/07\/uberlandiafoto-300x104.jpg 300w, https:\/\/abix.com.br\/wp-content\/uploads\/2020\/07\/uberlandiafoto-1024x354.jpg 1024w, https:\/\/abix.com.br\/wp-content\/uploads\/2020\/07\/uberlandiafoto-768x265.jpg 768w\" sizes=\"(max-width: 1199px) 100vw, 1199px\" \/>\t\t\t\t\t\t\n\t\t\t\t\t<\/div>\n\t\t\t\t\t\t\t\t\n<style>\n#image_433459532 {\n  width: 100%;\n}\n<\/style>\n\t<\/div>\n\t\n\t\t<\/div>\n\t\t\t\t\t<\/div>\n\n\t\n<\/div>\n<div class=\"row\"  id=\"row-1035757928\">\n\n\t<div id=\"col-876269435\" class=\"col medium-6 small-12 large-6\"  >\n\t\t\t\t<div class=\"col-inner\"  >\n\t\t\t\n\t\t\t\n<p>Located in Brazil, in the central district of Uberl\u00e2ndia, <a href=\"https:\/\/abix.com.br\/en\/\">Abix<\/a> rents radios in Uberaba, Bela Vista, Catal\u00e3o, Rio Verde\/GO, S\u00e3o Jos\u00e9 do Rio Preto\/SP, Ribeir\u00e3o Preto\/SP (northwest of S\u00e3o Paulo and the Minas triangle).<\/p>\n\t\t<\/div>\n\t\t\t\t\t<\/div>\n\n\t\n\n\t<div id=\"col-771184293\" class=\"col medium-6 small-12 large-6\"  >\n\t\t\t\t<div class=\"col-inner\"  >\n\t\t\t\n\t\t\t\n<h2>ABIX TECHNOLOGY<br \/><strong>IN UBERLAND<br \/><\/strong><\/h2>\n<ul>\n<li>Street: Rio de Janeiro, 353 \u2013 Room 303<br \/>Brazil \u2013 Uberl\u00e2ndia\/MG<br \/>Zip Code: 38400-658<\/li>\n<li><a href=\"tel:3433045494\">Phone: (34) 3304-5494<\/a><\/li>\n<\/ul>\n<a href=\"https:\/\/goo.gl\/maps\/oEaneZsrHpdcdxzJ6\" target=\"_blank\" class=\"button primary btn-homr\" rel=\"noopener\"  >\n\t\t<span>MORE DETAILS\/SHOW MAP<\/span>\n\t<\/a>\n\n\t\t<\/div>\n\t\t\t\t\t<\/div>\n\n\t\n<\/div>\n\t\t<\/div>\n\n\t\t\n<style>\n#section_2068552524 {\n  padding-top: 30px;\n  padding-bottom: 30px;\n}\n<\/style>\n\t<\/section>\n\t\n\n\t<section class=\"section\" id=\"section_242836025\">\n\t\t<div class=\"section-bg fill\" >\n\t\t\t\t\t\t\t\t\t\n\t\t\t\n\n\t\t<\/div>\n\n\t\t\n\n\t\t<div class=\"section-content relative\">\n\t\t\t\n<div class=\"row row-collapse row-full-width\"  id=\"row-618563973\">\n\n\t<div id=\"col-672088128\" class=\"col large-12\"  >\n\t\t\t\t<div class=\"col-inner\"  >\n\t\t\t\n\t\t\t\n\n<p><iframe src=\"https:\/\/www.google.com\/maps\/embed?pb=!1m18!1m12!1m3!1d3774.7862768125938!2d-48.260384699999996!3d-18.8965603!2m3!1f0!2f0!3f0!3m2!1i1024!2i768!4f13.1!3m3!1m2!1s0x94a445825430a7f7%3A0xce7f5b6b263e731c!2sAbix%20Tecnologia!5e0!3m2!1spt-BR!2sbr!4v1694692296704!5m2!1spt-BR!2sbr\" width=\"100%\" height=\"600\" style=\"border:0;\" allowfullscreen=\"\" loading=\"lazy\" referrerpolicy=\"no-referrer-when-downgrade\"><\/iframe><br \/>\n\n\t\t<\/div>\n\t\t\t\t\t<\/div>\n\n\t\n<\/div>\n\t\t<\/div>\n\n\t\t\n<style>\n#section_242836025 {\n  padding-top: 0px;\n  padding-bottom: 0px;\n}\n<\/style>\n\t<\/section>\n\t\n","protected":false},"excerpt":{"rendered":"","protected":false},"author":1,"featured_media":0,"parent":0,"menu_order":0,"comment_status":"closed","ping_status":"closed","template":"page-blank.php","meta":{"footnotes":""},"class_list":["post-18089","page","type-page","status-publish","hentry"],"yoast_head":"<!-- This site is optimized with the Yoast SEO plugin v27.5 - https:\/\/yoast.com\/product\/yoast-seo-wordpress\/ -->\n<title>Radio communicator rental in Uberl\u00e2ndia - Abix<\/title>\n<meta name=\"description\" content=\"Radio communicator rental in Uberl\u00e2ndia - Rua: Rio de Janeiro, 353 - Sala 303Brasil - Uberl\u00e2ndia\/MG - contact - Abix Tecnologia\" \/>\n<meta name=\"robots\" content=\"index, follow, max-snippet:-1, max-image-preview:large, max-video-preview:-1\" \/>\n<link rel=\"canonical\" href=\"https:\/\/abix.com.br\/localizacao-uberlandia\/\" \/>\n<meta property=\"og:locale\" content=\"en_US\" \/>\n<meta property=\"og:type\" content=\"article\" \/>\n<meta property=\"og:title\" content=\"Radio communicator rental in Uberl\u00e2ndia - Abix\" \/>\n<meta property=\"og:description\" content=\"Radio communicator rental in Uberl\u00e2ndia - Rua: Rio de Janeiro, 353 - Sala 303Brasil - Uberl\u00e2ndia\/MG - contact - Abix Tecnologia\" \/>\n<meta property=\"og:url\" content=\"https:\/\/abix.com.br\/localizacao-uberlandia\/\" \/>\n<meta property=\"og:site_name\" content=\"Abix\" \/>\n<meta property=\"article:modified_time\" content=\"2023-10-19T19:04:10+00:00\" \/>\n<meta name=\"twitter:card\" content=\"summary_large_image\" \/>\n<meta name=\"twitter:label1\" content=\"Est. reading time\" \/>\n\t<meta name=\"twitter:data1\" content=\"1 minute\" \/>\n<script type=\"application\/ld+json\" class=\"yoast-schema-graph\">{\"@context\":\"https:\\\/\\\/schema.org\",\"@graph\":[{\"@type\":\"WebPage\",\"@id\":\"https:\\\/\\\/abix.com.br\\\/localizacao-uberlandia\\\/\",\"url\":\"https:\\\/\\\/abix.com.br\\\/localizacao-uberlandia\\\/\",\"name\":\"Radio communicator rental in Uberl\u00e2ndia - Abix\",\"isPartOf\":{\"@id\":\"https:\\\/\\\/abix.com.br\\\/#website\"},\"datePublished\":\"2020-07-21T17:50:56+00:00\",\"dateModified\":\"2023-10-19T19:04:10+00:00\",\"description\":\"Radio communicator rental in Uberl\u00e2ndia - Rua: Rio de Janeiro, 353 - Sala 303Brasil - Uberl\u00e2ndia\\\/MG - contact - Abix Tecnologia\",\"breadcrumb\":{\"@id\":\"https:\\\/\\\/abix.com.br\\\/localizacao-uberlandia\\\/#breadcrumb\"},\"inLanguage\":\"en-US\",\"potentialAction\":[{\"@type\":\"ReadAction\",\"target\":[\"https:\\\/\\\/abix.com.br\\\/localizacao-uberlandia\\\/\"]}]},{\"@type\":\"BreadcrumbList\",\"@id\":\"https:\\\/\\\/abix.com.br\\\/localizacao-uberlandia\\\/#breadcrumb\",\"itemListElement\":[{\"@type\":\"ListItem\",\"position\":1,\"name\":\"In\u00edcio\",\"item\":\"https:\\\/\\\/abix.com.br\\\/en\\\/\"},{\"@type\":\"ListItem\",\"position\":2,\"name\":\"Location Uberl\u00e2ndia\"}]},{\"@type\":\"WebSite\",\"@id\":\"https:\\\/\\\/abix.com.br\\\/#website\",\"url\":\"https:\\\/\\\/abix.com.br\\\/\",\"name\":\"Abix\",\"description\":\"\",\"potentialAction\":[{\"@type\":\"SearchAction\",\"target\":{\"@type\":\"EntryPoint\",\"urlTemplate\":\"https:\\\/\\\/abix.com.br\\\/?s={search_term_string}\"},\"query-input\":{\"@type\":\"PropertyValueSpecification\",\"valueRequired\":true,\"valueName\":\"search_term_string\"}}],\"inLanguage\":\"en-US\"}]}<\/script>\n<!-- \/ Yoast SEO plugin. -->","yoast_head_json":{"title":"Radio communicator rental in Uberl\u00e2ndia - Abix","description":"Radio communicator rental in Uberl\u00e2ndia - Rua: Rio de Janeiro, 353 - Sala 303Brasil - Uberl\u00e2ndia\/MG - contact - Abix Tecnologia","robots":{"index":"index","follow":"follow","max-snippet":"max-snippet:-1","max-image-preview":"max-image-preview:large","max-video-preview":"max-video-preview:-1"},"canonical":"https:\/\/abix.com.br\/localizacao-uberlandia\/","og_locale":"en_US","og_type":"article","og_title":"Radio communicator rental in Uberl\u00e2ndia - Abix","og_description":"Radio communicator rental in Uberl\u00e2ndia - Rua: Rio de Janeiro, 353 - Sala 303Brasil - Uberl\u00e2ndia\/MG - contact - Abix Tecnologia","og_url":"https:\/\/abix.com.br\/localizacao-uberlandia\/","og_site_name":"Abix","article_modified_time":"2023-10-19T19:04:10+00:00","twitter_card":"summary_large_image","twitter_misc":{"Est. reading time":"1 minute"},"schema":{"@context":"https:\/\/schema.org","@graph":[{"@type":"WebPage","@id":"https:\/\/abix.com.br\/localizacao-uberlandia\/","url":"https:\/\/abix.com.br\/localizacao-uberlandia\/","name":"Radio communicator rental in Uberl\u00e2ndia - Abix","isPartOf":{"@id":"https:\/\/abix.com.br\/#website"},"datePublished":"2020-07-21T17:50:56+00:00","dateModified":"2023-10-19T19:04:10+00:00","description":"Radio communicator rental in Uberl\u00e2ndia - Rua: Rio de Janeiro, 353 - Sala 303Brasil - Uberl\u00e2ndia\/MG - contact - Abix Tecnologia","breadcrumb":{"@id":"https:\/\/abix.com.br\/localizacao-uberlandia\/#breadcrumb"},"inLanguage":"en-US","potentialAction":[{"@type":"ReadAction","target":["https:\/\/abix.com.br\/localizacao-uberlandia\/"]}]},{"@type":"BreadcrumbList","@id":"https:\/\/abix.com.br\/localizacao-uberlandia\/#breadcrumb","itemListElement":[{"@type":"ListItem","position":1,"name":"In\u00edcio","item":"https:\/\/abix.com.br\/en\/"},{"@type":"ListItem","position":2,"name":"Location Uberl\u00e2ndia"}]},{"@type":"WebSite","@id":"https:\/\/abix.com.br\/#website","url":"https:\/\/abix.com.br\/","name":"Abix","description":"","potentialAction":[{"@type":"SearchAction","target":{"@type":"EntryPoint","urlTemplate":"https:\/\/abix.com.br\/?s={search_term_string}"},"query-input":{"@type":"PropertyValueSpecification","valueRequired":true,"valueName":"search_term_string"}}],"inLanguage":"en-US"}]}},"_links":{"self":[{"href":"https:\/\/abix.com.br\/en\/wp-json\/wp\/v2\/pages\/18089","targetHints":{"allow":["GET"]}}],"collection":[{"href":"https:\/\/abix.com.br\/en\/wp-json\/wp\/v2\/pages"}],"about":[{"href":"https:\/\/abix.com.br\/en\/wp-json\/wp\/v2\/types\/page"}],"author":[{"embeddable":true,"href":"https:\/\/abix.com.br\/en\/wp-json\/wp\/v2\/users\/1"}],"replies":[{"embeddable":true,"href":"https:\/\/abix.com.br\/en\/wp-json\/wp\/v2\/comments?post=18089"}],"version-history":[{"count":22,"href":"https:\/\/abix.com.br\/en\/wp-json\/wp\/v2\/pages\/18089\/revisions"}],"predecessor-version":[{"id":19485,"href":"https:\/\/abix.com.br\/en\/wp-json\/wp\/v2\/pages\/18089\/revisions\/19485"}],"wp:attachment":[{"href":"https:\/\/abix.com.br\/en\/wp-json\/wp\/v2\/media?parent=18089"}],"curies":[{"name":"wp","href":"https:\/\/api.w.org\/{rel}","templated":true}]}}