{"id":18094,"date":"2020-04-27T07:54:21","date_gmt":"2020-04-27T10:54:21","guid":{"rendered":"https:\/\/abix.com.br\/migracao-analogico-para-digital\/"},"modified":"2023-10-19T16:07:02","modified_gmt":"2023-10-19T19:07:02","slug":"migracao-analogico-para-digital","status":"publish","type":"page","link":"https:\/\/abix.com.br\/en\/migracao-analogico-para-digital\/","title":{"rendered":"Analog to digital migration"},"content":{"rendered":"\n\t<section class=\"section paginas-internas\" id=\"section_1626053994\">\n\t\t<div class=\"section-bg fill\" >\n\t\t\t\t\t\t\t\t\t\n\t\t\t\n\n\t\t<\/div>\n\n\t\t\n\n\t\t<div class=\"section-content relative\">\n\t\t\t\n<div class=\"row\"  id=\"row-324110763\">\n\n\t<div id=\"col-1286885723\" class=\"col small-12 large-12\"  >\n\t\t\t\t<div class=\"col-inner\"  >\n\t\t\t\n\t\t\t\n<h1 style=\"text-align: center;\">ANALOG TO DIGITAL MIGRATION<\/h1>\n\t\t<\/div>\n\t\t\t\t\t<\/div>\n\n\t\n<\/div>\n\t\t<\/div>\n\n\t\t\n<style>\n#section_1626053994 {\n  padding-top: 70px;\n  padding-bottom: 70px;\n}\n<\/style>\n\t<\/section>\n\t\n<div class=\"row\"  id=\"row-1156333131\">\n\n\t<div id=\"col-1680576261\" class=\"col medium-6 small-12 large-6\"  >\n\t\t\t\t<div class=\"col-inner\"  >\n\t\t\t\n\t\t\t\n<h2><strong>HOW MUCH DOES AN ACCIDENT COST<\/strong><br \/><strong>WORK ON YOUR PREMISES?<\/strong><br \/>OR 1 MINUTE OF INACTIVITY IN<br \/>YOUR INDUSTRIAL PLANT?<br \/><strong>THE COST IS VERY HIGH.<\/strong><\/h2>\n\t\t<\/div>\n\t\t\t\t\t<\/div>\n\n\t\n\n\t<div id=\"col-9422529\" class=\"col medium-6 small-12 large-6\"  >\n\t\t\t\t<div class=\"col-inner\"  >\n\t\t\t\n\t\t\t\n\t<div class=\"img has-hover x md-x lg-x y md-y lg-y\" id=\"image_1117077898\">\n\t\t\t\t\t\t\t\t<div class=\"img-inner dark\" >\n\t\t\t<img decoding=\"async\" width=\"661\" height=\"335\" src=\"https:\/\/abix.com.br\/wp-content\/uploads\/2020\/04\/migracao-img-1.png\" class=\"attachment-original size-original\" alt=\"\" srcset=\"https:\/\/abix.com.br\/wp-content\/uploads\/2020\/04\/migracao-img-1.png 661w, https:\/\/abix.com.br\/wp-content\/uploads\/2020\/04\/migracao-img-1-600x304.png 600w, https:\/\/abix.com.br\/wp-content\/uploads\/2020\/04\/migracao-img-1-300x152.png 300w\" sizes=\"(max-width: 661px) 100vw, 661px\" \/>\t\t\t\t\t\t\n\t\t\t\t\t<\/div>\n\t\t\t\t\t\t\t\t\n<style>\n#image_1117077898 {\n  width: 100%;\n}\n<\/style>\n\t<\/div>\n\t\n\t\t<\/div>\n\t\t\t\t\t<\/div>\n\n\t\n<\/div>\n\n\t<section class=\"section\" id=\"section_1341468440\">\n\t\t<div class=\"section-bg fill\" >\n\t\t\t\t\t\t\t\t\t\n\t\t\t\n\n\t\t<\/div>\n\n\t\t\n\n\t\t<div class=\"section-content relative\">\n\t\t\t\n\t<div id=\"gap-310448201\" class=\"gap-element clearfix\" style=\"display:block; height:auto;\">\n\t\t\n<style>\n#gap-310448201 {\n  padding-top: 50px;\n}\n<\/style>\n\t<\/div>\n\t\n<div class=\"row\"  id=\"row-645256335\">\n\n\t<div id=\"col-647111677\" class=\"col medium-4 small-12 large-4\"  >\n\t\t\t\t<div class=\"col-inner\"  >\n\t\t\t\n\t\t\t\n<div class=\"row\"  id=\"row-655750705\">\n\n\t<div id=\"col-99974823\" class=\"col small-12 large-12\"  >\n\t\t\t\t<div class=\"col-inner\" style=\"background-color:#3365ae;\" >\n\t\t\t\n\t\t\t\n\t<div id=\"text-60431771\" class=\"text\">\n\t\t\n<p>Analog radios with unique voice communication functionality don&#8217;t have enough range to help increase uptime, productivity and safety.<\/p>\n\t\t\n<style>\n#text-60431771 {\n  line-height: 1.35;\n  color: rgb(255, 255, 255);\n}\n#text-60431771 > * {\n  color: rgb(255, 255, 255);\n}\n<\/style>\n\t<\/div>\n\t\n\t\t<\/div>\n\t\t\t\t\n<style>\n#col-99974823 > .col-inner {\n  padding: 40px 20px 30px 20px;\n}\n<\/style>\n\t<\/div>\n\n\t\n<\/div>\n\t\t<\/div>\n\t\t\t\t\t<\/div>\n\n\t\n\n\t<div id=\"col-1963870735\" class=\"col medium-4 small-12 large-4\"  >\n\t\t\t\t<div class=\"col-inner\"  >\n\t\t\t\n\t\t\t\n<div class=\"row\"  id=\"row-544970307\">\n\n\t<div id=\"col-1636257470\" class=\"col small-12 large-12\"  >\n\t\t\t\t<div class=\"col-inner\" style=\"background-color:rgb(59, 94, 168);\" >\n\t\t\t\n\t\t\t\n\t<div id=\"text-2848571093\" class=\"text\">\n\t\t\n<p>Abix can help solve this problem by implementing Digital Voice and Data solutions to boost your performance levels and profitability.<\/p>\n\t\t\n<style>\n#text-2848571093 {\n  color: rgb(255, 255, 255);\n}\n#text-2848571093 > * {\n  color: rgb(255, 255, 255);\n}\n<\/style>\n\t<\/div>\n\t\n\t\t<\/div>\n\t\t\t\t\n<style>\n#col-1636257470 > .col-inner {\n  padding: 40px 20px 50px 20px;\n}\n<\/style>\n\t<\/div>\n\n\t\n<\/div>\n\t\t<\/div>\n\t\t\t\t\t<\/div>\n\n\t\n\n\t<div id=\"col-552253989\" class=\"col medium-4 small-12 large-4\"  >\n\t\t\t\t<div class=\"col-inner\"  >\n\t\t\t\n\t\t\t\n<div class=\"row\"  id=\"row-66734051\">\n\n\t<div id=\"col-754215204\" class=\"col small-12 large-12\"  >\n\t\t\t\t<div class=\"col-inner\" style=\"background-color:rgb(46, 57, 123);\" >\n\t\t\t\n\t\t\t\n\t<div id=\"text-2231892357\" class=\"text\">\n\t\t\n<p>By migrating from analog to digital radio communication technologies, Abix enables companies to use real-time information to make better decisions when they need to.<\/p>\n\t\t\n<style>\n#text-2231892357 {\n  color: rgb(255, 255, 255);\n}\n#text-2231892357 > * {\n  color: rgb(255, 255, 255);\n}\n<\/style>\n\t<\/div>\n\t\n\t\t<\/div>\n\t\t\t\t\n<style>\n#col-754215204 > .col-inner {\n  padding: 40px 20px 0px 20px;\n}\n<\/style>\n\t<\/div>\n\n\t\n<\/div>\n\t\t<\/div>\n\t\t\t\t\t<\/div>\n\n\t\n<\/div>\n<div class=\"row\"  id=\"row-1675628805\">\n\n\t<div id=\"col-554491214\" class=\"col small-12 large-12\"  >\n\t\t\t\t<div class=\"col-inner\"  >\n\t\t\t\n\t\t\t\n<h2 style=\"text-align: center;\"><strong>MIGRATION CAN BE IMPLEMENTED IN STAGES,<\/strong><br \/>USING EXISTING INFRASTRUCTURE.<\/h2>\n\t\t<\/div>\n\t\t\t\t\t<\/div>\n\n\t\n<\/div>\n\t\t<\/div>\n\n\t\t\n<style>\n#section_1341468440 {\n  padding-top: 30px;\n  padding-bottom: 30px;\n  background-color: rgb(241, 240, 245);\n}\n<\/style>\n\t<\/section>\n\t\n\n\t<section class=\"section\" id=\"section_1781954082\">\n\t\t<div class=\"section-bg fill\" >\n\t\t\t<img decoding=\"async\" width=\"1920\" height=\"331\" src=\"https:\/\/abix.com.br\/wp-content\/uploads\/2020\/04\/migracao-footer.png\" class=\"bg attachment-original size-original\" alt=\"\" \/>\t\t\t\t\t\t\n\t\t\t\n\n\t\t<\/div>\n\n\t\t\n\n\t\t<div class=\"section-content relative\">\n\t\t\t\n\t<div id=\"gap-1412099813\" class=\"gap-element clearfix\" style=\"display:block; height:auto;\">\n\t\t\n<style>\n#gap-1412099813 {\n  padding-top: 45px;\n}\n<\/style>\n\t<\/div>\n\t\n<div class=\"row align-middle\"  id=\"row-2032043788\">\n\n\t<div id=\"col-1775635938\" class=\"col medium-6 small-12 large-6\"  >\n\t\t\t\t<div class=\"col-inner\"  >\n\t\t\t\n\t\t\t\n\t<div class=\"img has-hover x md-x lg-x y md-y lg-y\" id=\"image_1819250708\">\n\t\t\t\t\t\t\t\t<div class=\"img-inner dark\" >\n\t\t\t<img decoding=\"async\" width=\"585\" height=\"131\" src=\"https:\/\/abix.com.br\/wp-content\/uploads\/2020\/04\/migracao-img-3.png\" class=\"attachment-original size-original\" alt=\"\" srcset=\"https:\/\/abix.com.br\/wp-content\/uploads\/2020\/04\/migracao-img-3.png 585w, https:\/\/abix.com.br\/wp-content\/uploads\/2020\/04\/migracao-img-3-300x67.png 300w\" sizes=\"(max-width: 585px) 100vw, 585px\" \/>\t\t\t\t\t\t\n\t\t\t\t\t<\/div>\n\t\t\t\t\t\t\t\t\n<style>\n#image_1819250708 {\n  width: 100%;\n}\n<\/style>\n\t<\/div>\n\t\n\t\t<\/div>\n\t\t\t\t\t<\/div>\n\n\t\n\n\t<div id=\"col-981798575\" class=\"col medium-6 small-12 large-6\"  >\n\t\t\t\t<div class=\"col-inner\"  >\n\t\t\t\n\t\t\t\n\t<div id=\"text-788189157\" class=\"text\">\n\t\t\n<p>With the migration from analog to digital radio technology, Abix provides a fully connected environment with unlimited communication. You can know the location of each of your employees and assets, with Fleet, Equipment and People Monitoring through GPS-based Mapping and Location.<\/p>\n\t\t\n<style>\n#text-788189157 {\n  color: rgb(255,255,255);\n}\n#text-788189157 > * {\n  color: rgb(255,255,255);\n}\n<\/style>\n\t<\/div>\n\t\n\t\t<\/div>\n\t\t\t\t\t<\/div>\n\n\t\n<\/div>\n\t\t<\/div>\n\n\t\t\n<style>\n#section_1781954082 {\n  padding-top: 30px;\n  padding-bottom: 30px;\n}\n<\/style>\n\t<\/section>\n\t\n\n\t<section class=\"section\" id=\"section_945478469\">\n\t\t<div class=\"section-bg fill\" >\n\t\t\t\t\t\t\t\t\t\n\t\t\t\n\n\t\t<\/div>\n\n\t\t\n\n\t\t<div class=\"section-content relative\">\n\t\t\t\n<div class=\"row\"  id=\"row-790185731\">\n\n\t<div id=\"col-1284852144\" class=\"col medium-6 small-12 large-6\"  >\n\t\t\t\t<div class=\"col-inner\"  >\n\t\t\t\n\t\t\t\n<h2><strong>AS COMUNICA\u00c7\u00d5ES<\/strong>\u00a0AVAN\u00c7ARAM<\/h2>\n<p>E a Abix acompanhou este avan\u00e7o para oferecer \u00e0s empresas tecnologia de ponta para produtividade otimizada. A tecnologia de radiocomunica\u00e7\u00e3o digital \u00e9 repleta de novas funcionalidades como por exemplo a excelente de qualidade de \u00e1udio que ajuda a evitar erros de interpreta\u00e7\u00e3o em linhas de produ\u00e7\u00e3o ou outros ambientes com elevado \u00edndice de ru\u00eddo sonoro.<\/p>\n\t<div class=\"img has-hover x md-x lg-x y md-y lg-y\" id=\"image_395066065\">\n\t\t\t\t\t\t\t\t<div class=\"img-inner dark\" >\n\t\t\t<img decoding=\"async\" width=\"661\" height=\"206\" src=\"https:\/\/abix.com.br\/wp-content\/uploads\/2020\/04\/migracao-img-2-2.png\" class=\"attachment-original size-original\" alt=\"\" srcset=\"https:\/\/abix.com.br\/wp-content\/uploads\/2020\/04\/migracao-img-2-2.png 661w, https:\/\/abix.com.br\/wp-content\/uploads\/2020\/04\/migracao-img-2-2-600x187.png 600w, https:\/\/abix.com.br\/wp-content\/uploads\/2020\/04\/migracao-img-2-2-300x93.png 300w\" sizes=\"(max-width: 661px) 100vw, 661px\" \/>\t\t\t\t\t\t\n\t\t\t\t\t<\/div>\n\t\t\t\t\t\t\t\t\n<style>\n#image_395066065 {\n  width: 100%;\n}\n<\/style>\n\t<\/div>\n\t\n\t\t<\/div>\n\t\t\t\t\t<\/div>\n\n\t\n\n\t<div id=\"col-1013347162\" class=\"col medium-6 small-12 large-6\"  >\n\t\t\t\t<div class=\"col-inner\"  >\n\t\t\t\n\t\t\t\n\t<div id=\"text-897147724\" class=\"text\">\n\t\t\n<h3><strong>Algumas outras funcionalidades de elevado valor agregado s\u00e3o:<\/strong><\/h3>\n\t\t\n<style>\n#text-897147724 {\n  color: rgb(51, 101, 174);\n}\n#text-897147724 > * {\n  color: rgb(51, 101, 174);\n}\n<\/style>\n\t<\/div>\n\t\n<p>Programa\u00e7\u00e3o Wi-Fi at\u00e9 90% mais r\u00e1pida;<\/p>\n<p>Servi\u00e7o de Mapeamento e Localiza\u00e7\u00e3o GPS;<\/p>\n<p>Alerta de Trabalhador Acidentado;<\/p>\n<p>Comunica\u00e7\u00f5es Unificadas;<\/p>\n<p>Aplica\u00e7\u00f5es especialmente projetadas para o seu neg\u00f3cio.<\/p>\n\t\t<\/div>\n\t\t\t\t\t<\/div>\n\n\t\n<\/div>\n\t\t<\/div>\n\n\t\t\n<style>\n#section_945478469 {\n  padding-top: 30px;\n  padding-bottom: 30px;\n}\n<\/style>\n\t<\/section>\n\t\n\n\t<section class=\"section btn-todos\" id=\"section_760812162\">\n\t\t<div class=\"section-bg fill\" >\n\t\t\t<img decoding=\"async\" width=\"1920\" height=\"228\" src=\"https:\/\/abix.com.br\/wp-content\/uploads\/2020\/06\/bg-vantagens-abix-2.jpg\" class=\"bg attachment- size-\" alt=\"\" \/>\t\t\t\t\t\t\n\t\t\t\n\n\t\t<\/div>\n\n\t\t\n\n\t\t<div class=\"section-content relative\">\n\t\t\t\n\t<div id=\"gap-1903684401\" class=\"gap-element clearfix\" style=\"display:block; height:auto;\">\n\t\t\n<style>\n#gap-1903684401 {\n  padding-top: 40px;\n}\n<\/style>\n\t<\/div>\n\t\n<div class=\"row align-middle\"  id=\"row-440718014\">\n\n\t<div id=\"col-1322658932\" class=\"col medium-8 small-12 large-8\"  >\n\t\t\t\t<div class=\"col-inner\"  >\n\t\t\t\n\t\t\t\n\t<div id=\"text-1413599065\" class=\"text\">\n\t\t\n<h2><strong>QUER ALUGAR COM A ABIX? FALE CONOSCO<\/strong><br \/>E TEREMOS O PRAZER EM ATEND\u00ca-LO!<\/h2>\n\t\t\n<style>\n#text-1413599065 {\n  color: rgb(255, 255, 255);\n}\n#text-1413599065 > * {\n  color: rgb(255, 255, 255);\n}\n<\/style>\n\t<\/div>\n\t\n\t\t<\/div>\n\t\t\t\t\t<\/div>\n\n\t\n\n\t<div id=\"col-638346241\" class=\"col medium-4 small-12 large-4\"  >\n\t\t\t\t<div class=\"col-inner\"  >\n\t\t\t\n\t\t\t\n<a class=\"button primary btn-todos\"  >\n\t\t<span>ENTRE EM CONTATO<\/span>\n\t<\/a>\n\n\t\t<\/div>\n\t\t\t\t\t<\/div>\n\n\t\n<\/div>\n\t\t<\/div>\n\n\t\t\n<style>\n#section_760812162 {\n  padding-top: 30px;\n  padding-bottom: 30px;\n}\n<\/style>\n\t<\/section>\n\t\n","protected":false},"excerpt":{"rendered":"","protected":false},"author":1,"featured_media":0,"parent":0,"menu_order":0,"comment_status":"closed","ping_status":"closed","template":"page-blank.php","meta":{"footnotes":""},"class_list":["post-18094","page","type-page","status-publish","hentry"],"yoast_head":"<!-- This site is optimized with the Yoast SEO plugin v27.6 - https:\/\/yoast.com\/product\/yoast-seo-wordpress\/ -->\n<title>Migration from Analog to Digital - Abix Comunica\u00e7\u00f5es<\/title>\n<meta name=\"description\" content=\"With Analog to Digital Migration, Abix provides a fully connected environment with unlimited communication. See more!\" \/>\n<meta name=\"robots\" content=\"index, follow, max-snippet:-1, max-image-preview:large, max-video-preview:-1\" \/>\n<link rel=\"canonical\" href=\"https:\/\/abix.com.br\/migracao-analogico-para-digital\/\" \/>\n<meta property=\"og:locale\" content=\"en_US\" \/>\n<meta property=\"og:type\" content=\"article\" \/>\n<meta property=\"og:title\" content=\"Migration from Analog to Digital - Abix Comunica\u00e7\u00f5es\" \/>\n<meta property=\"og:description\" content=\"With Analog to Digital Migration, Abix provides a fully connected environment with unlimited communication. See more!\" \/>\n<meta property=\"og:url\" content=\"https:\/\/abix.com.br\/migracao-analogico-para-digital\/\" \/>\n<meta property=\"og:site_name\" content=\"Abix\" \/>\n<meta property=\"article:modified_time\" content=\"2023-10-19T19:07:02+00:00\" \/>\n<meta name=\"twitter:card\" content=\"summary_large_image\" \/>\n<meta name=\"twitter:label1\" content=\"Est. reading time\" \/>\n\t<meta name=\"twitter:data1\" content=\"2 minutes\" \/>\n<script type=\"application\/ld+json\" class=\"yoast-schema-graph\">{\"@context\":\"https:\\\/\\\/schema.org\",\"@graph\":[{\"@type\":\"WebPage\",\"@id\":\"https:\\\/\\\/abix.com.br\\\/migracao-analogico-para-digital\\\/\",\"url\":\"https:\\\/\\\/abix.com.br\\\/migracao-analogico-para-digital\\\/\",\"name\":\"Migration from Analog to Digital - Abix Comunica\u00e7\u00f5es\",\"isPartOf\":{\"@id\":\"https:\\\/\\\/abix.com.br\\\/#website\"},\"datePublished\":\"2020-04-27T10:54:21+00:00\",\"dateModified\":\"2023-10-19T19:07:02+00:00\",\"description\":\"With Analog to Digital Migration, Abix provides a fully connected environment with unlimited communication. See more!\",\"breadcrumb\":{\"@id\":\"https:\\\/\\\/abix.com.br\\\/migracao-analogico-para-digital\\\/#breadcrumb\"},\"inLanguage\":\"en-US\",\"potentialAction\":[{\"@type\":\"ReadAction\",\"target\":[\"https:\\\/\\\/abix.com.br\\\/migracao-analogico-para-digital\\\/\"]}]},{\"@type\":\"BreadcrumbList\",\"@id\":\"https:\\\/\\\/abix.com.br\\\/migracao-analogico-para-digital\\\/#breadcrumb\",\"itemListElement\":[{\"@type\":\"ListItem\",\"position\":1,\"name\":\"In\u00edcio\",\"item\":\"https:\\\/\\\/abix.com.br\\\/en\\\/\"},{\"@type\":\"ListItem\",\"position\":2,\"name\":\"Analog to digital migration\"}]},{\"@type\":\"WebSite\",\"@id\":\"https:\\\/\\\/abix.com.br\\\/#website\",\"url\":\"https:\\\/\\\/abix.com.br\\\/\",\"name\":\"Abix\",\"description\":\"\",\"potentialAction\":[{\"@type\":\"SearchAction\",\"target\":{\"@type\":\"EntryPoint\",\"urlTemplate\":\"https:\\\/\\\/abix.com.br\\\/?s={search_term_string}\"},\"query-input\":{\"@type\":\"PropertyValueSpecification\",\"valueRequired\":true,\"valueName\":\"search_term_string\"}}],\"inLanguage\":\"en-US\"}]}<\/script>\n<!-- \/ Yoast SEO plugin. -->","yoast_head_json":{"title":"Migration from Analog to Digital - Abix Comunica\u00e7\u00f5es","description":"With Analog to Digital Migration, Abix provides a fully connected environment with unlimited communication. See more!","robots":{"index":"index","follow":"follow","max-snippet":"max-snippet:-1","max-image-preview":"max-image-preview:large","max-video-preview":"max-video-preview:-1"},"canonical":"https:\/\/abix.com.br\/migracao-analogico-para-digital\/","og_locale":"en_US","og_type":"article","og_title":"Migration from Analog to Digital - Abix Comunica\u00e7\u00f5es","og_description":"With Analog to Digital Migration, Abix provides a fully connected environment with unlimited communication. See more!","og_url":"https:\/\/abix.com.br\/migracao-analogico-para-digital\/","og_site_name":"Abix","article_modified_time":"2023-10-19T19:07:02+00:00","twitter_card":"summary_large_image","twitter_misc":{"Est. reading time":"2 minutes"},"schema":{"@context":"https:\/\/schema.org","@graph":[{"@type":"WebPage","@id":"https:\/\/abix.com.br\/migracao-analogico-para-digital\/","url":"https:\/\/abix.com.br\/migracao-analogico-para-digital\/","name":"Migration from Analog to Digital - Abix Comunica\u00e7\u00f5es","isPartOf":{"@id":"https:\/\/abix.com.br\/#website"},"datePublished":"2020-04-27T10:54:21+00:00","dateModified":"2023-10-19T19:07:02+00:00","description":"With Analog to Digital Migration, Abix provides a fully connected environment with unlimited communication. See more!","breadcrumb":{"@id":"https:\/\/abix.com.br\/migracao-analogico-para-digital\/#breadcrumb"},"inLanguage":"en-US","potentialAction":[{"@type":"ReadAction","target":["https:\/\/abix.com.br\/migracao-analogico-para-digital\/"]}]},{"@type":"BreadcrumbList","@id":"https:\/\/abix.com.br\/migracao-analogico-para-digital\/#breadcrumb","itemListElement":[{"@type":"ListItem","position":1,"name":"In\u00edcio","item":"https:\/\/abix.com.br\/en\/"},{"@type":"ListItem","position":2,"name":"Analog to digital migration"}]},{"@type":"WebSite","@id":"https:\/\/abix.com.br\/#website","url":"https:\/\/abix.com.br\/","name":"Abix","description":"","potentialAction":[{"@type":"SearchAction","target":{"@type":"EntryPoint","urlTemplate":"https:\/\/abix.com.br\/?s={search_term_string}"},"query-input":{"@type":"PropertyValueSpecification","valueRequired":true,"valueName":"search_term_string"}}],"inLanguage":"en-US"}]}},"_links":{"self":[{"href":"https:\/\/abix.com.br\/en\/wp-json\/wp\/v2\/pages\/18094","targetHints":{"allow":["GET"]}}],"collection":[{"href":"https:\/\/abix.com.br\/en\/wp-json\/wp\/v2\/pages"}],"about":[{"href":"https:\/\/abix.com.br\/en\/wp-json\/wp\/v2\/types\/page"}],"author":[{"embeddable":true,"href":"https:\/\/abix.com.br\/en\/wp-json\/wp\/v2\/users\/1"}],"replies":[{"embeddable":true,"href":"https:\/\/abix.com.br\/en\/wp-json\/wp\/v2\/comments?post=18094"}],"version-history":[{"count":16,"href":"https:\/\/abix.com.br\/en\/wp-json\/wp\/v2\/pages\/18094\/revisions"}],"predecessor-version":[{"id":19497,"href":"https:\/\/abix.com.br\/en\/wp-json\/wp\/v2\/pages\/18094\/revisions\/19497"}],"wp:attachment":[{"href":"https:\/\/abix.com.br\/en\/wp-json\/wp\/v2\/media?parent=18094"}],"curies":[{"name":"wp","href":"https:\/\/api.w.org\/{rel}","templated":true}]}}