{"id":18098,"date":"2021-09-23T14:25:54","date_gmt":"2021-09-23T17:25:54","guid":{"rendered":"https:\/\/abix.com.br\/nodo-central-tetra\/"},"modified":"2021-09-23T14:25:54","modified_gmt":"2021-09-23T17:25:54","slug":"nodo-central-tetra","status":"publish","type":"page","link":"https:\/\/abix.com.br\/en\/nodo-central-tetra\/","title":{"rendered":"NODO CENTRAL TETRA"},"content":{"rendered":"[spb_row element_name=&#8221;Row&#8221; wrap_type=&#8221;content-width&#8221; parallax_image_height=&#8221;content-height&#8221; parallax_image_movement=&#8221;fixed&#8221; parallax_image_speed=&#8221;0.5&#8243; bg_video_loop=&#8221;yes&#8221; parallax_video_height=&#8221;window-height&#8221; parallax_video_overlay=&#8221;none&#8221; row_overlay_opacity=&#8221;0&#8243; row_col_pos=&#8221;default&#8221; minimize_row=&#8221;no&#8221; width=&#8221;1\/1&#8243; el_position=&#8221;first last&#8221;] [spb_column col_sm=&#8221;12&#8243; padding_horizontal=&#8221;0&#8243; width=&#8221;1\/1&#8243; el_position=&#8221;first last&#8221;] [spb_image image=&#8221;14516&#8243; image_size=&#8221;full&#8221; image_width=&#8221;344&#8243; frame=&#8221;noframe&#8221; caption_pos=&#8221;hover&#8221; remove_rounded=&#8221;yes&#8221; fullwidth=&#8221;no&#8221; overflow_mode=&#8221;none&#8221; el_class=&#8221;imagem-nodo-mobile&#8221; link_target=&#8221;_self&#8221; lightbox=&#8221;no&#8221; intro_animation=&#8221;none&#8221; animation_delay=&#8221;200&#8243; width=&#8221;1\/4&#8243; el_position=&#8221;first&#8221;][\/spb_image] [spb_text_block animation=&#8221;none&#8221; animation_delay=&#8221;0&#8243; simplified_controls=&#8221;yes&#8221; custom_css_percentage=&#8221;no&#8221; padding_vertical=&#8221;0&#8243; padding_horizontal=&#8221;0&#8243; margin_vertical=&#8221;0&#8243; custom_css=&#8221;margin-top: 0px;margin-bottom: 0px;&#8221; border_size=&#8221;0&#8243; border_styling_global=&#8221;default&#8221; el_class=&#8221;adequado&#8221; width=&#8221;2\/3&#8243; el_position=&#8221;last&#8221;]\n<h2>Sistemas de Nodo Central TETRA para comunica\u00e7\u00f5es de miss\u00e3o cr\u00edtica<\/h2>\n<p style=\"text-align: justify;\">No centro das provadas solu\u00e7\u00f5es TETRA da Motorola Solutions est\u00e3o os interruptores Dimetra IP escal\u00e1veis para satisfazer suas necessidades presentes e futuras.<\/p>\n<p style=\"text-align: justify;\">Cada solu\u00e7\u00e3o \u00e9 espec\u00edfica para as necessidades individuais de cada organiza\u00e7\u00e3o. Por isso oferecemos um conjunto de servi\u00e7os de gerenciamento de ciclo de vida e de solu\u00e7\u00f5es integradas que podem proporcionar \u00e0 sua organiza\u00e7\u00e3o uma rede flex\u00edvel, robusta e confi\u00e1vel de comunica\u00e7\u00f5es de miss\u00e3o cr\u00edtica.<br \/>\nGra\u00e7as ao nosso profundo conhecimento do ambiente de Seguran\u00e7a P\u00fablica, n\u00f3s temos os recursos e a experi\u00eancia para ajudar voc\u00ea a analisar sua situa\u00e7\u00e3o, or\u00e7amento, geografia e pessoal espec\u00edficos para criar a solu\u00e7\u00e3o de comunica\u00e7\u00f5es de miss\u00e3o cr\u00edtica mais adequada para sua organiza\u00e7\u00e3o.<\/p>\n[\/spb_text_block] [\/spb_column] [spb_blank_spacer height=&#8221;30px&#8221; width=&#8221;1\/1&#8243; el_position=&#8221;first last&#8221;] [\/spb_row] [spb_text_block animation=&#8221;none&#8221; animation_delay=&#8221;0&#8243; simplified_controls=&#8221;yes&#8221; custom_css_percentage=&#8221;no&#8221; padding_vertical=&#8221;0&#8243; padding_horizontal=&#8221;0&#8243; margin_vertical=&#8221;0&#8243; custom_css=&#8221;margin-top: 0px;margin-bottom: 0px;&#8221; border_size=&#8221;0&#8243; border_styling_global=&#8221;default&#8221; el_class=&#8221;text-link&#8221; width=&#8221;1\/1&#8243; el_position=&#8221;first last&#8221;]\n<h4><i class=\"fas fa-file-pdf\"><\/i> <a href=\"https:\/\/www.abix.com.br\/wp-content\/uploads\/folha-de-dados.pdf\"> FOLHA DE DADOS (INGL\u00caS) <\/a><\/h4>\n<h4><i class=\"fas fa-file-pdf\"><\/i> <a href=\"https:\/\/www.abix.com.br\/wp-content\/uploads\/doc-tecnico.pdf\"> DOCUMENTO T\u00c9CNICO (INGL\u00caS)<\/a><\/h4>\n[\/spb_text_block] [spb_blank_spacer height=&#8221;50px&#8221; width=&#8221;1\/1&#8243; el_position=&#8221;first last&#8221;] [spb_row element_name=&#8221;Row&#8221; wrap_type=&#8221;standard-width&#8221; row_bg_type=&#8221;color&#8221; color_row_height=&#8221;content-height&#8221; bg_type=&#8221;cover&#8221; parallax_image_height=&#8221;content-height&#8221; parallax_image_movement=&#8221;fixed&#8221; parallax_image_speed=&#8221;standard&#8221; bg_video_loop=&#8221;yes&#8221; parallax_video_height=&#8221;window-height&#8221; row_top_style=&#8221;none&#8221; row_bottom_style=&#8221;none&#8221; parallax_video_overlay=&#8221;none&#8221; row_overlay_opacity=&#8221;0&#8243; remove_element_spacing=&#8221;no&#8221; row_col_spacing=&#8221;0&#8243; row_col_pos=&#8221;default&#8221; row_col_equal_heights=&#8221;no&#8221; row_expanding=&#8221;no&#8221; row_animation=&#8221;none&#8221; row_animation_delay=&#8221;0&#8243; minimize_row=&#8221;no&#8221; simplified_controls=&#8221;no&#8221; custom_css_percentage=&#8221;no&#8221; custom_css=&#8221;margin-top: 10px;margin-bottom: 70px;&#8221; border_styling_global=&#8221;default&#8221; width=&#8221;1\/1&#8243; el_position=&#8221;first last&#8221;] [spb_column col_animation=&#8221;none&#8221; col_animation_delay=&#8221;0&#8243; col_bg_type=&#8221;pattern&#8221; col_parallax_image_movement=&#8221;fixed&#8221; col_parallax_image_speed=&#8221;0.5&#8243; col_padding=&#8221;0&#8243; col_vertical_offset=&#8221;0&#8243; col_horizontal_offset=&#8221;0&#8243; col_custom_zindex=&#8221;0&#8243; col_sm=&#8221;3&#8243; simplified_controls=&#8221;no&#8221; custom_css_percentage=&#8221;no&#8221; padding_vertical=&#8221;0&#8243; padding_horizontal=&#8221;0&#8243; margin_vertical=&#8221;0&#8243; custom_css=&#8221;margin-top: 0px;margin-bottom: 30px;&#8221; border_styling_global=&#8221;default&#8221; width=&#8221;1\/4&#8243; el_position=&#8221;first&#8221;] [spb_image_banner image=&#8221;14729&#8243; image_size=&#8221;full&#8221; fixed_height=&#8221;278&#8243; content_pos=&#8221;center&#8221; content_textalign=&#8221;center&#8221; animation=&#8221;none&#8221; animation_delay=&#8221;200&#8243; image_link=&#8221;https:\/\/www.abix.com.br\/dimetra-ip-micro\/&#8221; link_target=&#8221;_self&#8221; el_class=&#8221;segmentosBanners&#8221; width=&#8221;1\/1&#8243; el_position=&#8221;first last&#8221;][\/spb_image_banner] [spb_text_block animation=&#8221;none&#8221; animation_delay=&#8221;0&#8243; simplified_controls=&#8221;yes&#8221; custom_css_percentage=&#8221;no&#8221; padding_vertical=&#8221;0&#8243; padding_horizontal=&#8221;0&#8243; margin_vertical=&#8221;0&#8243; custom_css=&#8221;margin-top: 0px;margin-bottom: 0px;&#8221; border_size=&#8221;0&#8243; border_styling_global=&#8221;default&#8221; width=&#8221;1\/1&#8243; el_position=&#8221;first last&#8221;]\n<h3 style=\"text-align: center;\">DIMETRA IP MICRO<\/h3>\n[\/spb_text_block] [\/spb_column] [spb_column col_animation=&#8221;none&#8221; col_animation_delay=&#8221;0&#8243; col_bg_type=&#8221;cover&#8221; col_parallax_image_movement=&#8221;fixed&#8221; col_parallax_image_speed=&#8221;0.5&#8243; col_padding=&#8221;0&#8243; col_vertical_offset=&#8221;0&#8243; col_horizontal_offset=&#8221;0&#8243; col_custom_zindex=&#8221;0&#8243; col_sm=&#8221;3&#8243; simplified_controls=&#8221;no&#8221; custom_css_percentage=&#8221;no&#8221; padding_vertical=&#8221;0&#8243; padding_horizontal=&#8221;0&#8243; margin_vertical=&#8221;0&#8243; custom_css=&#8221;margin-top: 0px;margin-bottom: 30px;&#8221; border_styling_global=&#8221;default&#8221; width=&#8221;1\/4&#8243;] [spb_image_banner image=&#8221;14732&#8243; image_size=&#8221;full&#8221; fixed_height=&#8221;278&#8243; content_pos=&#8221;center&#8221; content_textalign=&#8221;center&#8221; animation=&#8221;none&#8221; animation_delay=&#8221;200&#8243; image_link=&#8221;https:\/\/www.abix.com.br\/dimetra-ip-compact\/&#8221; link_target=&#8221;_self&#8221; el_class=&#8221;segmentosBanners&#8221; width=&#8221;1\/1&#8243; el_position=&#8221;first last&#8221;][\/spb_image_banner] [spb_text_block animation=&#8221;none&#8221; animation_delay=&#8221;0&#8243; simplified_controls=&#8221;yes&#8221; custom_css_percentage=&#8221;no&#8221; padding_vertical=&#8221;0&#8243; padding_horizontal=&#8221;0&#8243; margin_vertical=&#8221;0&#8243; custom_css=&#8221;margin-top: 0px;margin-bottom: 0px;&#8221; border_size=&#8221;0&#8243; border_styling_global=&#8221;default&#8221; width=&#8221;1\/1&#8243; el_position=&#8221;first last&#8221;]\n<h3 style=\"text-align: center;\">DIMETRA IP COMPACT<\/h3>\n[\/spb_text_block] [\/spb_column] [spb_column col_animation=&#8221;none&#8221; col_animation_delay=&#8221;0&#8243; col_bg_type=&#8221;cover&#8221; col_parallax_image_movement=&#8221;fixed&#8221; col_parallax_image_speed=&#8221;0.5&#8243; col_padding=&#8221;0&#8243; col_vertical_offset=&#8221;0&#8243; col_horizontal_offset=&#8221;0&#8243; col_custom_zindex=&#8221;0&#8243; col_sm=&#8221;3&#8243; simplified_controls=&#8221;no&#8221; custom_css_percentage=&#8221;no&#8221; padding_vertical=&#8221;0&#8243; padding_horizontal=&#8221;0&#8243; margin_vertical=&#8221;0&#8243; custom_css=&#8221;margin-top: 0px;margin-bottom: 30px;&#8221; border_styling_global=&#8221;default&#8221; width=&#8221;1\/4&#8243;] [spb_image_banner image=&#8221;14723&#8243; image_size=&#8221;full&#8221; fixed_height=&#8221;278&#8243; content_pos=&#8221;center&#8221; content_textalign=&#8221;center&#8221; animation=&#8221;none&#8221; animation_delay=&#8221;200&#8243; image_link=&#8221;https:\/\/www.abix.com.br\/dimetra-express-sistema-tetra\/&#8221; link_target=&#8221;_self&#8221; el_class=&#8221;segmentosBanners&#8221; width=&#8221;1\/1&#8243; el_position=&#8221;first last&#8221;][\/spb_image_banner] [spb_text_block animation=&#8221;none&#8221; animation_delay=&#8221;0&#8243; simplified_controls=&#8221;yes&#8221; custom_css_percentage=&#8221;no&#8221; padding_vertical=&#8221;0&#8243; padding_horizontal=&#8221;0&#8243; margin_vertical=&#8221;0&#8243; custom_css=&#8221;margin-top: 0px;margin-bottom: 0px;&#8221; border_size=&#8221;0&#8243; border_styling_global=&#8221;default&#8221; width=&#8221;1\/1&#8243; el_position=&#8221;first last&#8221;]\n<h3 style=\"text-align: center;\">DIMETRA EXPRESS<\/h3>\n[\/spb_text_block] [\/spb_column] [spb_column col_animation=&#8221;none&#8221; col_animation_delay=&#8221;0&#8243; col_bg_type=&#8221;cover&#8221; col_parallax_image_movement=&#8221;fixed&#8221; col_parallax_image_speed=&#8221;0.5&#8243; col_padding=&#8221;0&#8243; col_vertical_offset=&#8221;0&#8243; col_horizontal_offset=&#8221;0&#8243; col_custom_zindex=&#8221;0&#8243; col_sm=&#8221;3&#8243; simplified_controls=&#8221;no&#8221; custom_css_percentage=&#8221;no&#8221; padding_vertical=&#8221;0&#8243; padding_horizontal=&#8221;0&#8243; margin_vertical=&#8221;0&#8243; custom_css=&#8221;margin-top: 0px;margin-bottom: 0px;&#8221; border_styling_global=&#8221;default&#8221; width=&#8221;1\/4&#8243; el_position=&#8221;last&#8221;] [spb_image_banner image=&#8221;14726&#8243; image_size=&#8221;full&#8221; fixed_height=&#8221;278&#8243; content_pos=&#8221;center&#8221; content_textalign=&#8221;center&#8221; animation=&#8221;none&#8221; animation_delay=&#8221;200&#8243; image_link=&#8221;https:\/\/www.abix.com.br\/dimetra-x-core\/&#8221; link_target=&#8221;_self&#8221; el_class=&#8221;segmentosBanners&#8221; width=&#8221;1\/1&#8243; el_position=&#8221;first last&#8221;][\/spb_image_banner] [spb_text_block animation=&#8221;none&#8221; animation_delay=&#8221;0&#8243; simplified_controls=&#8221;yes&#8221; custom_css_percentage=&#8221;no&#8221; padding_vertical=&#8221;0&#8243; padding_horizontal=&#8221;0&#8243; margin_vertical=&#8221;0&#8243; custom_css=&#8221;margin-top: 0px;margin-bottom: 0px;&#8221; border_size=&#8221;0&#8243; border_styling_global=&#8221;default&#8221; width=&#8221;1\/1&#8243; el_position=&#8221;first last&#8221;]\n<h3 style=\"text-align: center;\">DIMETRA X CORE<\/h3>\n[\/spb_text_block] [\/spb_column] [\/spb_row]\n","protected":false},"excerpt":{"rendered":"[spb_row element_name=&#8221;Row&#8221; wrap_type=&#8221;content-width&#8221; parallax_image_height=&#8221;content-height&#8221; parallax_image_movement=&#8221;fixed&#8221; parallax_image_speed=&#8221;0.5&#8243; bg_video_loop=&#8221;yes&#8221; parallax_video_height=&#8221;window-height&#8221; parallax_video_overlay=&#8221;none&#8221; row_overlay_opacity=&#8221;0&#8243; row_col_pos=&#8221;default&#8221; minimize_row=&#8221;no&#8221; width=&#8221;1\/1&#8243; el_position=&#8221;first last&#8221;] [spb_column col_sm=&#8221;12&#8243; padding_horizontal=&#8221;0&#8243; width=&#8221;1\/1&#8243; el_position=&#8221;first last&#8221;] [spb_image image=&#8221;14516&#8243; image_size=&#8221;full&#8221; image_width=&#8221;344&#8243; frame=&#8221;noframe&#8221; caption_pos=&#8221;hover&#8221; remove_rounded=&#8221;yes&#8221; fullwidth=&#8221;no&#8221; overflow_mode=&#8221;none&#8221; el_class=&#8221;imagem-nodo-mobile&#8221; link_target=&#8221;_self&#8221; lightbox=&#8221;no&#8221; intro_animation=&#8221;none&#8221; animation_delay=&#8221;200&#8243; width=&#8221;1\/4&#8243; el_position=&#8221;first&#8221;][\/spb_image] [spb_text_block animation=&#8221;none&#8221; animation_delay=&#8221;0&#8243; simplified_controls=&#8221;yes&#8221; custom_css_percentage=&#8221;no&#8221; padding_vertical=&#8221;0&#8243; padding_horizontal=&#8221;0&#8243; margin_vertical=&#8221;0&#8243; custom_css=&#8221;margin-top: 0px;margin-bottom: 0px;&#8221; border_size=&#8221;0&#8243; border_styling_global=&#8221;default&#8221; el_class=&#8221;adequado&#8221; width=&#8221;2\/3&#8243; el_position=&#8221;last&#8221;] Sistemas de [&#8230;]\n","protected":false},"author":1,"featured_media":0,"parent":0,"menu_order":0,"comment_status":"closed","ping_status":"closed","template":"","meta":{"footnotes":""},"class_list":["post-18098","page","type-page","status-publish","hentry"],"yoast_head":"<!-- This site is optimized with the Yoast SEO plugin v27.4 - https:\/\/yoast.com\/product\/yoast-seo-wordpress\/ -->\n<title>NODO CENTRAL TETRA - Abix<\/title>\n<meta name=\"robots\" content=\"index, follow, max-snippet:-1, max-image-preview:large, max-video-preview:-1\" \/>\n<link rel=\"canonical\" href=\"https:\/\/abix.com.br\/?page_id=14515\" \/>\n<meta property=\"og:locale\" content=\"en_US\" \/>\n<meta property=\"og:type\" content=\"article\" \/>\n<meta property=\"og:title\" content=\"NODO CENTRAL TETRA - Abix\" \/>\n<meta property=\"og:description\" content=\"[spb_row element_name=&#8221;Row&#8221; wrap_type=&#8221;content-width&#8221; parallax_image_height=&#8221;content-height&#8221; parallax_image_movement=&#8221;fixed&#8221; parallax_image_speed=&#8221;0.5&#8243; bg_video_loop=&#8221;yes&#8221; parallax_video_height=&#8221;window-height&#8221; parallax_video_overlay=&#8221;none&#8221; row_overlay_opacity=&#8221;0&#8243; row_col_pos=&#8221;default&#8221; minimize_row=&#8221;no&#8221; width=&#8221;1\/1&#8243; el_position=&#8221;first last&#8221;] [spb_column col_sm=&#8221;12&#8243; padding_horizontal=&#8221;0&#8243; width=&#8221;1\/1&#8243; el_position=&#8221;first last&#8221;] [spb_image image=&#8221;14516&#8243; image_size=&#8221;full&#8221; image_width=&#8221;344&#8243; frame=&#8221;noframe&#8221; caption_pos=&#8221;hover&#8221; remove_rounded=&#8221;yes&#8221; fullwidth=&#8221;no&#8221; overflow_mode=&#8221;none&#8221; el_class=&#8221;imagem-nodo-mobile&#8221; link_target=&#8221;_self&#8221; lightbox=&#8221;no&#8221; intro_animation=&#8221;none&#8221; animation_delay=&#8221;200&#8243; width=&#8221;1\/4&#8243; el_position=&#8221;first&#8221;][\/spb_image] [spb_text_block animation=&#8221;none&#8221; animation_delay=&#8221;0&#8243; simplified_controls=&#8221;yes&#8221; custom_css_percentage=&#8221;no&#8221; padding_vertical=&#8221;0&#8243; padding_horizontal=&#8221;0&#8243; margin_vertical=&#8221;0&#8243; custom_css=&#8221;margin-top: 0px;margin-bottom: 0px;&#8221; border_size=&#8221;0&#8243; border_styling_global=&#8221;default&#8221; el_class=&#8221;adequado&#8221; width=&#8221;2\/3&#8243; el_position=&#8221;last&#8221;] Sistemas de [...]\" \/>\n<meta property=\"og:url\" content=\"https:\/\/abix.com.br\/?page_id=14515\" \/>\n<meta property=\"og:site_name\" content=\"Abix\" \/>\n<meta name=\"twitter:card\" content=\"summary_large_image\" \/>\n<meta name=\"twitter:label1\" content=\"Est. reading time\" \/>\n\t<meta name=\"twitter:data1\" content=\"5 minutes\" \/>\n<script type=\"application\/ld+json\" class=\"yoast-schema-graph\">{\"@context\":\"https:\\\/\\\/schema.org\",\"@graph\":[{\"@type\":\"WebPage\",\"@id\":\"https:\\\/\\\/abix.com.br\\\/?page_id=14515\",\"url\":\"https:\\\/\\\/abix.com.br\\\/?page_id=14515\",\"name\":\"NODO CENTRAL TETRA - Abix\",\"isPartOf\":{\"@id\":\"https:\\\/\\\/abix.com.br\\\/#website\"},\"datePublished\":\"2021-09-23T17:25:54+00:00\",\"breadcrumb\":{\"@id\":\"https:\\\/\\\/abix.com.br\\\/?page_id=14515#breadcrumb\"},\"inLanguage\":\"en-US\",\"potentialAction\":[{\"@type\":\"ReadAction\",\"target\":[\"https:\\\/\\\/abix.com.br\\\/?page_id=14515\"]}]},{\"@type\":\"BreadcrumbList\",\"@id\":\"https:\\\/\\\/abix.com.br\\\/?page_id=14515#breadcrumb\",\"itemListElement\":[{\"@type\":\"ListItem\",\"position\":1,\"name\":\"In\u00edcio\",\"item\":\"https:\\\/\\\/abix.com.br\\\/en\\\/\"},{\"@type\":\"ListItem\",\"position\":2,\"name\":\"NODO CENTRAL TETRA\"}]},{\"@type\":\"WebSite\",\"@id\":\"https:\\\/\\\/abix.com.br\\\/#website\",\"url\":\"https:\\\/\\\/abix.com.br\\\/\",\"name\":\"Abix\",\"description\":\"\",\"potentialAction\":[{\"@type\":\"SearchAction\",\"target\":{\"@type\":\"EntryPoint\",\"urlTemplate\":\"https:\\\/\\\/abix.com.br\\\/?s={search_term_string}\"},\"query-input\":{\"@type\":\"PropertyValueSpecification\",\"valueRequired\":true,\"valueName\":\"search_term_string\"}}],\"inLanguage\":\"en-US\"}]}<\/script>\n<!-- \/ Yoast SEO plugin. -->","yoast_head_json":{"title":"NODO CENTRAL TETRA - Abix","robots":{"index":"index","follow":"follow","max-snippet":"max-snippet:-1","max-image-preview":"max-image-preview:large","max-video-preview":"max-video-preview:-1"},"canonical":"https:\/\/abix.com.br\/?page_id=14515","og_locale":"en_US","og_type":"article","og_title":"NODO CENTRAL TETRA - Abix","og_description":"[spb_row element_name=&#8221;Row&#8221; wrap_type=&#8221;content-width&#8221; parallax_image_height=&#8221;content-height&#8221; parallax_image_movement=&#8221;fixed&#8221; parallax_image_speed=&#8221;0.5&#8243; bg_video_loop=&#8221;yes&#8221; parallax_video_height=&#8221;window-height&#8221; parallax_video_overlay=&#8221;none&#8221; row_overlay_opacity=&#8221;0&#8243; row_col_pos=&#8221;default&#8221; minimize_row=&#8221;no&#8221; width=&#8221;1\/1&#8243; el_position=&#8221;first last&#8221;] [spb_column col_sm=&#8221;12&#8243; padding_horizontal=&#8221;0&#8243; width=&#8221;1\/1&#8243; el_position=&#8221;first last&#8221;] [spb_image image=&#8221;14516&#8243; image_size=&#8221;full&#8221; image_width=&#8221;344&#8243; frame=&#8221;noframe&#8221; caption_pos=&#8221;hover&#8221; remove_rounded=&#8221;yes&#8221; fullwidth=&#8221;no&#8221; overflow_mode=&#8221;none&#8221; el_class=&#8221;imagem-nodo-mobile&#8221; link_target=&#8221;_self&#8221; lightbox=&#8221;no&#8221; intro_animation=&#8221;none&#8221; animation_delay=&#8221;200&#8243; width=&#8221;1\/4&#8243; el_position=&#8221;first&#8221;][\/spb_image] [spb_text_block animation=&#8221;none&#8221; animation_delay=&#8221;0&#8243; simplified_controls=&#8221;yes&#8221; custom_css_percentage=&#8221;no&#8221; padding_vertical=&#8221;0&#8243; padding_horizontal=&#8221;0&#8243; margin_vertical=&#8221;0&#8243; custom_css=&#8221;margin-top: 0px;margin-bottom: 0px;&#8221; border_size=&#8221;0&#8243; border_styling_global=&#8221;default&#8221; el_class=&#8221;adequado&#8221; width=&#8221;2\/3&#8243; el_position=&#8221;last&#8221;] Sistemas de [...]","og_url":"https:\/\/abix.com.br\/?page_id=14515","og_site_name":"Abix","twitter_card":"summary_large_image","twitter_misc":{"Est. reading time":"5 minutes"},"schema":{"@context":"https:\/\/schema.org","@graph":[{"@type":"WebPage","@id":"https:\/\/abix.com.br\/?page_id=14515","url":"https:\/\/abix.com.br\/?page_id=14515","name":"NODO CENTRAL TETRA - Abix","isPartOf":{"@id":"https:\/\/abix.com.br\/#website"},"datePublished":"2021-09-23T17:25:54+00:00","breadcrumb":{"@id":"https:\/\/abix.com.br\/?page_id=14515#breadcrumb"},"inLanguage":"en-US","potentialAction":[{"@type":"ReadAction","target":["https:\/\/abix.com.br\/?page_id=14515"]}]},{"@type":"BreadcrumbList","@id":"https:\/\/abix.com.br\/?page_id=14515#breadcrumb","itemListElement":[{"@type":"ListItem","position":1,"name":"In\u00edcio","item":"https:\/\/abix.com.br\/en\/"},{"@type":"ListItem","position":2,"name":"NODO CENTRAL TETRA"}]},{"@type":"WebSite","@id":"https:\/\/abix.com.br\/#website","url":"https:\/\/abix.com.br\/","name":"Abix","description":"","potentialAction":[{"@type":"SearchAction","target":{"@type":"EntryPoint","urlTemplate":"https:\/\/abix.com.br\/?s={search_term_string}"},"query-input":{"@type":"PropertyValueSpecification","valueRequired":true,"valueName":"search_term_string"}}],"inLanguage":"en-US"}]}},"_links":{"self":[{"href":"https:\/\/abix.com.br\/en\/wp-json\/wp\/v2\/pages\/18098","targetHints":{"allow":["GET"]}}],"collection":[{"href":"https:\/\/abix.com.br\/en\/wp-json\/wp\/v2\/pages"}],"about":[{"href":"https:\/\/abix.com.br\/en\/wp-json\/wp\/v2\/types\/page"}],"author":[{"embeddable":true,"href":"https:\/\/abix.com.br\/en\/wp-json\/wp\/v2\/users\/1"}],"replies":[{"embeddable":true,"href":"https:\/\/abix.com.br\/en\/wp-json\/wp\/v2\/comments?post=18098"}],"version-history":[{"count":0,"href":"https:\/\/abix.com.br\/en\/wp-json\/wp\/v2\/pages\/18098\/revisions"}],"wp:attachment":[{"href":"https:\/\/abix.com.br\/en\/wp-json\/wp\/v2\/media?parent=18098"}],"curies":[{"name":"wp","href":"https:\/\/api.w.org\/{rel}","templated":true}]}}