{"id":18158,"date":"2020-06-15T15:26:49","date_gmt":"2020-06-15T18:26:49","guid":{"rendered":"https:\/\/abix.com.br\/produto\/pelco-dx4000-digital-video-recording-system\/"},"modified":"2025-12-12T15:20:49","modified_gmt":"2025-12-12T18:20:49","slug":"digital-video-recording-system-pelco-dx4000","status":"publish","type":"product","link":"https:\/\/abix.com.br\/en\/produto\/digital-video-recording-system-pelco-dx4000\/","title":{"rendered":"PELCO DX4000 DIGITAL VIDEO RECORDING SYSTEM"},"content":{"rendered":"\n\t<section class=\"section\" id=\"section_1396607244\">\n\t\t<div class=\"section-bg fill\" >\n\t\t\t\t\t\t\t\t\t\n\t\t\t\n\n\t\t<\/div>\n\n\t\t\n\n\t\t<div class=\"section-content relative\">\n\t\t\t\n<div class=\"row\"  id=\"row-1935256374\">\n\n\t<div id=\"col-612696928\" class=\"col small-12 large-12\"  >\n\t\t\t\t<div class=\"col-inner\"  >\n\t\t\t\n\t\t\t\n<div class=\"row\"  id=\"row-504727633\">\n\n\t<div id=\"col-349672382\" class=\"col small-12 large-12\"  >\n\t\t\t\t<div class=\"col-inner\"  >\n\t\t\t\n\t\t\t\n\n\t\t<div class=\"tabbed-content locacao-tabs\">\n\t\t\t\n\t\t\t<ul class=\"nav nav-tabs nav-normal nav-size-xlarge nav-left active-on-hover\" role=\"tablist\"><li id=\"tab-informa\u00c7\u00d5es\" class=\"tab active has-icon\" role=\"presentation\"><a href=\"#tab_informa\u00c7\u00d5es\" role=\"tab\" aria-selected=\"true\" aria-controls=\"tab_informa\u00c7\u00d5es\"><span>INFORMA\u00c7\u00d5ES<\/span><\/a><\/li>\n<li id=\"tab-acess\u00d3rios\" class=\"tab has-icon\" role=\"presentation\"><a href=\"#tab_acess\u00d3rios\" tabindex=\"-1\" role=\"tab\" aria-selected=\"false\" aria-controls=\"tab_acess\u00d3rios\"><span>ACESS\u00d3RIOS<\/span><\/a><\/li>\n<li id=\"tab-downloads\" class=\"tab has-icon\" role=\"presentation\"><a href=\"#tab_downloads\" tabindex=\"-1\" role=\"tab\" aria-selected=\"false\" aria-controls=\"tab_downloads\"><span>DOWNLOADS<\/span><\/a><\/li>\n<li id=\"tab-especifica\u00c7\u00d5es\" class=\"tab has-icon\" role=\"presentation\"><a href=\"#tab_especifica\u00c7\u00d5es\" tabindex=\"-1\" role=\"tab\" aria-selected=\"false\" aria-controls=\"tab_especifica\u00c7\u00d5es\"><span>ESPECIFICA\u00c7\u00d5ES<\/span><\/a><\/li><\/ul><div class=\"tab-panels\"><div id=\"tab_informa\u00c7\u00d5es\" class=\"panel active entry-content\" role=\"tabpanel\" aria-labelledby=\"tab-informa\u00c7\u00d5es\">\n<div class=\"row\"  id=\"row-763614790\">\n\n\t<div id=\"col-934586858\" class=\"col medium-6 small-12 large-6\"  >\n\t\t\t\t<div class=\"col-inner\"  >\n\t\t\t\n\t\t\t\n<p style=\"text-align: justify;\">With the ability to record in resolutions up to 704 x 480, the DX4000 Series DVR captures clear images, creating effective scenes for later use and retrieval. With the ability to record up to 120 images per second in CIF resolution, users can also record full motion video if desired. Individual adjustments are possible, on a per-input basis, to optimize the DX4000 to meet the video retention requirements of a specific installation. Key videos for research and archiving can easily be exported to a USB memory device or an optional CD-RW.<\/p>\n<p style=\"text-align: justify;\">With the ability to manipulate and control pan\/tilt\/zoom (PTZ) equipment such as Spectra\u00ae domes and Esprit\u00ae positioning systems, the DX4000 becomes an effective control point for a facility&#8217;s security requirements. What&#8217;s more, with the ability to trigger recordings and alarms on movement or external contacts, the DX4000 Series also becomes an automated monitoring mechanism<\/p>\n\t\t<\/div>\n\t\t\t\t\t<\/div>\n\n\t\n\n\t<div id=\"col-275446390\" class=\"col medium-6 small-12 large-6\"  >\n\t\t\t\t<div class=\"col-inner text-left\"  >\n\t\t\t\n\t\t\t\n<p style=\"text-align: justify;\">The DX4000&#8217;s video outputs offer efficient control and effective intimidation. The choice of VGA, S-Video or composite main monitor output gives the user flexibility. The main monitor can be set to full screen or quad format. The DX4000 spot monitor can be used for public display applications, providing effective intimidation for potential criminals.<\/p>\n<p style=\"text-align: justify;\">Finally, the DX4000 is designed to offer robust and reliable performance for security professionals. From the incorporation of watermarking technology to prevent alterations to captured video to the ability to capture log entries detailing user-initiated system failures or changes and the inclusion of Pelco&#8217;s world-renowned customer service promise, the DX4000 embodies the entry-level digital video recorder for protecting property and people.<\/p>\n\t\t<\/div>\n\t\t\t\t\t<\/div>\n\n\t\n<\/div>\n<\/div>\n<div id=\"tab_acess\u00d3rios\" class=\"panel entry-content\" role=\"tabpanel\" aria-labelledby=\"tab-acess\u00d3rios\">\n<div class=\"row align-middle\"  id=\"row-114210223\">\n\n\t<div id=\"col-720720140\" class=\"col medium-10 small-12 large-10\"  >\n\t\t\t\t<div class=\"col-inner\"  >\n\t\t\t\n\t\t\t\n\t\t<\/div>\n\t\t\t\t\t<\/div>\n\n\t\n\n\t<div id=\"col-727013446\" class=\"col medium-2 small-12 large-2\"  >\n\t\t\t\t<div class=\"col-inner\"  >\n\t\t\t\n\t\t\t\n\t\t<\/div>\n\t\t\t\t\t<\/div>\n\n\t\n<\/div>\n<\/div>\n<div id=\"tab_downloads\" class=\"panel entry-content\" role=\"tabpanel\" aria-labelledby=\"tab-downloads\">\n<div class=\"row\"  id=\"row-435628626\">\n\n\t<div id=\"col-184010494\" class=\"col medium-10 small-12 large-10\"  >\n\t\t\t\t<div class=\"col-inner\"  >\n\t\t\t\n\t\t\t\n<p><a href=\"https:\/\/www.abix.com.br\/wp-content\/uploads\/Ficha-DX4000.pdf\">DX4000 datasheet<\/a><\/p>\n\t\t<\/div>\n\t\t\t\t\t<\/div>\n\n\t\n<\/div>\n<\/div>\n<div id=\"tab_especifica\u00c7\u00d5es\" class=\"panel entry-content\" role=\"tabpanel\" aria-labelledby=\"tab-especifica\u00c7\u00d5es\">\n<div class=\"row\"  id=\"row-302007997\">\n\n\t<div id=\"col-227275634\" class=\"col medium-9 small-12 large-9\"  >\n\t\t\t\t<div class=\"col-inner\"  >\n\t\t\t\n\t\t\t\n<h3>ELECTRICAL SPECIFICATIONS \/ VIDEO<\/h3>\n<ul>\n<li><strong>Input voltage<\/strong><\/li>\n<\/ul>\n<p style=\"padding-left: 40px;\">100-240 VAC, 50\/60Hz, automatic selection<\/p>\n<ul>\n<li><strong>Energy consumption<\/strong><\/li>\n<\/ul>\n<p style=\"padding-left: 40px;\">60W<\/p>\n<ul>\n<li><b>Signal System<\/b><\/li>\n<\/ul>\n<p style=\"padding-left: 40px;\">NTSC\/PAL switchable<\/p>\n<ul>\n<li><strong>Recording Resolutions<\/strong><\/li>\n<\/ul>\n<p>NTSC PAL<\/p>\n<p>704 x 480 704 x 576<\/p>\n<p>704 x 240 704 x 288<\/p>\n<p>352 x 240 352 x 288<\/p>\n<ul>\n<li><strong>Video outputs <\/strong><\/li>\n<\/ul>\n<p style=\"padding-left: 40px;\">4, composite, looping with automatic termination<\/p>\n<p style=\"padding-left: 40px;\">2, composite, main and spot monitors<\/p>\n<p style=\"padding-left: 40px;\">1, VGA<\/p>\n<p style=\"padding-left: 40px;\">1, S-Video<\/p>\n<ul>\n<li><strong>Video compression<\/strong><\/li>\n<\/ul>\n<p style=\"padding-left: 40px;\">MPEG-4<\/p>\n<ul>\n<li><strong>Remote Connection<\/strong><\/li>\n<\/ul>\n<p style=\"padding-left: 40px;\">LAN\/WAN<\/p>\n<p style=\"padding-left: 40px;\">TCP\/IP<\/p>\n<p style=\"padding-left: 40px;\">10\/100mBPS<\/p>\n<p style=\"padding-left: 40px;\">Network port<\/p>\n<h3>AUDIO SPECIFICATIONS<\/h3>\n<ul>\n<li><strong>Audio Levels<\/strong>\n<ul>\n<li>Input &#8211; Line level input<\/li>\n<li>Output &#8211; Line level output<\/li>\n<\/ul>\n<\/li>\n<li><strong>Audio inputs<\/strong><\/li>\n<\/ul>\n<p style=\"padding-left: 40px;\">4 RCA sockets<\/p>\n<ul>\n<li><strong>Video output<\/strong><\/li>\n<\/ul>\n<p style=\"padding-left: 40px;\">1 RCA socket<\/p>\n<h3>MECHANICAL SPECIFICATIONS<\/h3>\n<ul>\n<li><strong>Connectors<\/strong>\n<ul>\n<li>Video inputs &#8211; 4, BNC<\/li>\n<li>Video outputs &#8211; 4, BNC, looping<\/li>\n<li>Alarm input &#8211; 4, N.F. OR N.A., supervised or unsupervised.<\/li>\n<li>Relay output &#8211; 1, N.F. or N.A., 30 VDC\/1A 125VAC\/0.5A<\/li>\n<li>TCP\/IP port &#8211; RJ-45, 10-100Mbps<\/li>\n<li>COM1 &#8211; RS-485 for PTZ control<\/li>\n<li>USB port &#8211; 1, USB 1.1<\/li>\n<\/ul>\n<\/li>\n<\/ul>\n<h3>GENERAL SPECIFICATIONS<\/h3>\n<ul>\n<li><strong>Operating Temperature<\/strong><\/li>\n<\/ul>\n<p style=\"padding-left: 40px;\">32 to 95\u00baF (0 to 35\u00baC)<\/p>\n<ul>\n<li><strong>Relative humidity<\/strong><\/li>\n<\/ul>\n<p style=\"padding-left: 40px;\">Maximum 80%, non-condensing<\/p>\n<ul>\n<li><strong>Table dimensions<\/strong><\/li>\n<\/ul>\n<p style=\"padding-left: 40px;\">14.17&#8243; D x 14.17&#8243; W x 2.6&#8243; H (36 x 36 x 6.6cm)<\/p>\n<ul>\n<li><strong>Unit weight<\/strong><\/li>\n<\/ul>\n<p style=\"padding-left: 40px;\">13.22lb (6Kg)<\/p>\n<h3>CERTIFICATIONS<\/h3>\n<ul>\n<li>CE, Class A<\/li>\n<li>UL Listed (external power supply)<\/li>\n<li>FCC, Class A<\/li>\n<\/ul>\n\t\t<\/div>\n\t\t\t\t\t<\/div>\n\n\t\n<\/div>\n<\/div><\/div><\/div>\n\t\t<\/div>\n\t\t\t\t\t<\/div>\n\n\t\n<\/div>\n\t\t<\/div>\n\t\t\t\t\t<\/div>\n\n\t\n<\/div>\n\t\t<\/div>\n\n\t\t\n<style>\n#section_1396607244 {\n  padding-top: 0px;\n  padding-bottom: 0px;\n}\n<\/style>\n\t<\/section>\n\t\n","protected":false},"excerpt":{"rendered":"<p style=\"text-align: justify;\">The DX4000 Series digital video recorder (DVR) is a professional entry-level digital recorder that, in addition to replacing the traditional VCR and multiplexer combination, offers the benefits derived from the latest in digital video processing.<\/p>\n<p style=\"text-align: justify;\">Designed to work with today&#8217;s broadband networks, the DX4000 uses MPEG-4 compression, which allows the user to view and control the DVR over a local or wide area network. In addition, the smaller file size produced by the MPEG-4 compression standard allows for longer storage times compared to traditional DVR technologies.<\/p>\n","protected":false},"featured_media":10771,"comment_status":"closed","ping_status":"closed","template":"","meta":[],"product_brand":[],"product_cat":[116,244,117],"product_tag":[],"class_list":{"0":"post-18158","1":"product","2":"type-product","3":"status-publish","4":"has-post-thumbnail","6":"product_cat-cftv-en","7":"product_cat-outros-equipamentos-cftv","8":"product_cat-pelco-en","10":"first","11":"instock","12":"shipping-taxable","13":"product-type-simple"},"yoast_head":"<!-- This site is optimized with the Yoast SEO plugin v27.3 - https:\/\/yoast.com\/product\/yoast-seo-wordpress\/ -->\n<title>PELCO DX4000 DIGITAL VIDEO RECORDING SYSTEM - Abix<\/title>\n<meta name=\"description\" content=\"PELCO DX4000 DIGITAL VIDEO RECORDING SYSTEM - The DX4000 Series digital video recorder (DVR) is a professional entry-level digital recorder.\" \/>\n<meta name=\"robots\" content=\"index, follow, max-snippet:-1, max-image-preview:large, max-video-preview:-1\" \/>\n<link rel=\"canonical\" href=\"https:\/\/abix.com.br\/en\/produto\/digital-video-recording-system-pelco-dx4000\/\" \/>\n<meta property=\"og:locale\" content=\"en_US\" \/>\n<meta property=\"og:type\" content=\"article\" \/>\n<meta property=\"og:title\" content=\"PELCO DX4000 DIGITAL VIDEO RECORDING SYSTEM - Abix\" \/>\n<meta property=\"og:description\" content=\"PELCO DX4000 DIGITAL VIDEO RECORDING SYSTEM - The DX4000 Series digital video recorder (DVR) is a professional entry-level digital recorder.\" \/>\n<meta property=\"og:url\" content=\"https:\/\/abix.com.br\/en\/produto\/digital-video-recording-system-pelco-dx4000\/\" \/>\n<meta property=\"og:site_name\" content=\"Abix\" \/>\n<meta property=\"article:modified_time\" content=\"2025-12-12T18:20:49+00:00\" \/>\n<meta name=\"twitter:card\" content=\"summary_large_image\" \/>\n<meta name=\"twitter:label1\" content=\"Est. reading time\" \/>\n\t<meta name=\"twitter:data1\" content=\"3 minutes\" \/>\n<script type=\"application\/ld+json\" class=\"yoast-schema-graph\">{\"@context\":\"https:\\\/\\\/schema.org\",\"@graph\":[{\"@type\":\"WebPage\",\"@id\":\"https:\\\/\\\/abix.com.br\\\/en\\\/produto\\\/digital-video-recording-system-pelco-dx4000\\\/\",\"url\":\"https:\\\/\\\/abix.com.br\\\/en\\\/produto\\\/digital-video-recording-system-pelco-dx4000\\\/\",\"name\":\"PELCO DX4000 DIGITAL VIDEO RECORDING SYSTEM - Abix\",\"isPartOf\":{\"@id\":\"https:\\\/\\\/abix.com.br\\\/#website\"},\"primaryImageOfPage\":{\"@id\":\"https:\\\/\\\/abix.com.br\\\/en\\\/produto\\\/digital-video-recording-system-pelco-dx4000\\\/#primaryimage\"},\"image\":{\"@id\":\"https:\\\/\\\/abix.com.br\\\/en\\\/produto\\\/digital-video-recording-system-pelco-dx4000\\\/#primaryimage\"},\"thumbnailUrl\":\"https:\\\/\\\/abix.com.br\\\/wp-content\\\/uploads\\\/2020\\\/06\\\/Pelco-DX4000.jpg\",\"datePublished\":\"2020-06-15T18:26:49+00:00\",\"dateModified\":\"2025-12-12T18:20:49+00:00\",\"description\":\"PELCO DX4000 DIGITAL VIDEO RECORDING SYSTEM - The DX4000 Series digital video recorder (DVR) is a professional entry-level digital recorder.\",\"breadcrumb\":{\"@id\":\"https:\\\/\\\/abix.com.br\\\/en\\\/produto\\\/digital-video-recording-system-pelco-dx4000\\\/#breadcrumb\"},\"inLanguage\":\"en-US\",\"potentialAction\":[{\"@type\":\"ReadAction\",\"target\":[\"https:\\\/\\\/abix.com.br\\\/en\\\/produto\\\/digital-video-recording-system-pelco-dx4000\\\/\"]}]},{\"@type\":\"ImageObject\",\"inLanguage\":\"en-US\",\"@id\":\"https:\\\/\\\/abix.com.br\\\/en\\\/produto\\\/digital-video-recording-system-pelco-dx4000\\\/#primaryimage\",\"url\":\"https:\\\/\\\/abix.com.br\\\/wp-content\\\/uploads\\\/2020\\\/06\\\/Pelco-DX4000.jpg\",\"contentUrl\":\"https:\\\/\\\/abix.com.br\\\/wp-content\\\/uploads\\\/2020\\\/06\\\/Pelco-DX4000.jpg\",\"width\":1000,\"height\":1000,\"caption\":\"SISTEMA DE GRAVA\u00c7\u00c3O DE V\u00cdDEO DIGITAL PELCO DX4000\"},{\"@type\":\"BreadcrumbList\",\"@id\":\"https:\\\/\\\/abix.com.br\\\/en\\\/produto\\\/digital-video-recording-system-pelco-dx4000\\\/#breadcrumb\",\"itemListElement\":[{\"@type\":\"ListItem\",\"position\":1,\"name\":\"In\u00edcio\",\"item\":\"https:\\\/\\\/abix.com.br\\\/es\\\/\"},{\"@type\":\"ListItem\",\"position\":2,\"name\":\"Loja\",\"item\":\"https:\\\/\\\/abix.com.br\\\/loja\\\/\"},{\"@type\":\"ListItem\",\"position\":3,\"name\":\"PELCO DX4000 DIGITAL VIDEO RECORDING SYSTEM\"}]},{\"@type\":\"WebSite\",\"@id\":\"https:\\\/\\\/abix.com.br\\\/#website\",\"url\":\"https:\\\/\\\/abix.com.br\\\/\",\"name\":\"Abix\",\"description\":\"\",\"potentialAction\":[{\"@type\":\"SearchAction\",\"target\":{\"@type\":\"EntryPoint\",\"urlTemplate\":\"https:\\\/\\\/abix.com.br\\\/?s={search_term_string}\"},\"query-input\":{\"@type\":\"PropertyValueSpecification\",\"valueRequired\":true,\"valueName\":\"search_term_string\"}}],\"inLanguage\":\"en-US\"}]}<\/script>\n<!-- \/ Yoast SEO plugin. -->","yoast_head_json":{"title":"PELCO DX4000 DIGITAL VIDEO RECORDING SYSTEM - Abix","description":"PELCO DX4000 DIGITAL VIDEO RECORDING SYSTEM - The DX4000 Series digital video recorder (DVR) is a professional entry-level digital recorder.","robots":{"index":"index","follow":"follow","max-snippet":"max-snippet:-1","max-image-preview":"max-image-preview:large","max-video-preview":"max-video-preview:-1"},"canonical":"https:\/\/abix.com.br\/en\/produto\/digital-video-recording-system-pelco-dx4000\/","og_locale":"en_US","og_type":"article","og_title":"PELCO DX4000 DIGITAL VIDEO RECORDING SYSTEM - Abix","og_description":"PELCO DX4000 DIGITAL VIDEO RECORDING SYSTEM - The DX4000 Series digital video recorder (DVR) is a professional entry-level digital recorder.","og_url":"https:\/\/abix.com.br\/en\/produto\/digital-video-recording-system-pelco-dx4000\/","og_site_name":"Abix","article_modified_time":"2025-12-12T18:20:49+00:00","twitter_card":"summary_large_image","twitter_misc":{"Est. reading time":"3 minutes"},"schema":{"@context":"https:\/\/schema.org","@graph":[{"@type":"WebPage","@id":"https:\/\/abix.com.br\/en\/produto\/digital-video-recording-system-pelco-dx4000\/","url":"https:\/\/abix.com.br\/en\/produto\/digital-video-recording-system-pelco-dx4000\/","name":"PELCO DX4000 DIGITAL VIDEO RECORDING SYSTEM - Abix","isPartOf":{"@id":"https:\/\/abix.com.br\/#website"},"primaryImageOfPage":{"@id":"https:\/\/abix.com.br\/en\/produto\/digital-video-recording-system-pelco-dx4000\/#primaryimage"},"image":{"@id":"https:\/\/abix.com.br\/en\/produto\/digital-video-recording-system-pelco-dx4000\/#primaryimage"},"thumbnailUrl":"https:\/\/abix.com.br\/wp-content\/uploads\/2020\/06\/Pelco-DX4000.jpg","datePublished":"2020-06-15T18:26:49+00:00","dateModified":"2025-12-12T18:20:49+00:00","description":"PELCO DX4000 DIGITAL VIDEO RECORDING SYSTEM - The DX4000 Series digital video recorder (DVR) is a professional entry-level digital recorder.","breadcrumb":{"@id":"https:\/\/abix.com.br\/en\/produto\/digital-video-recording-system-pelco-dx4000\/#breadcrumb"},"inLanguage":"en-US","potentialAction":[{"@type":"ReadAction","target":["https:\/\/abix.com.br\/en\/produto\/digital-video-recording-system-pelco-dx4000\/"]}]},{"@type":"ImageObject","inLanguage":"en-US","@id":"https:\/\/abix.com.br\/en\/produto\/digital-video-recording-system-pelco-dx4000\/#primaryimage","url":"https:\/\/abix.com.br\/wp-content\/uploads\/2020\/06\/Pelco-DX4000.jpg","contentUrl":"https:\/\/abix.com.br\/wp-content\/uploads\/2020\/06\/Pelco-DX4000.jpg","width":1000,"height":1000,"caption":"SISTEMA DE GRAVA\u00c7\u00c3O DE V\u00cdDEO DIGITAL PELCO DX4000"},{"@type":"BreadcrumbList","@id":"https:\/\/abix.com.br\/en\/produto\/digital-video-recording-system-pelco-dx4000\/#breadcrumb","itemListElement":[{"@type":"ListItem","position":1,"name":"In\u00edcio","item":"https:\/\/abix.com.br\/es\/"},{"@type":"ListItem","position":2,"name":"Loja","item":"https:\/\/abix.com.br\/loja\/"},{"@type":"ListItem","position":3,"name":"PELCO DX4000 DIGITAL VIDEO RECORDING SYSTEM"}]},{"@type":"WebSite","@id":"https:\/\/abix.com.br\/#website","url":"https:\/\/abix.com.br\/","name":"Abix","description":"","potentialAction":[{"@type":"SearchAction","target":{"@type":"EntryPoint","urlTemplate":"https:\/\/abix.com.br\/?s={search_term_string}"},"query-input":{"@type":"PropertyValueSpecification","valueRequired":true,"valueName":"search_term_string"}}],"inLanguage":"en-US"}]}},"_links":{"self":[{"href":"https:\/\/abix.com.br\/en\/wp-json\/wp\/v2\/product\/18158","targetHints":{"allow":["GET"]}}],"collection":[{"href":"https:\/\/abix.com.br\/en\/wp-json\/wp\/v2\/product"}],"about":[{"href":"https:\/\/abix.com.br\/en\/wp-json\/wp\/v2\/types\/product"}],"replies":[{"embeddable":true,"href":"https:\/\/abix.com.br\/en\/wp-json\/wp\/v2\/comments?post=18158"}],"wp:featuredmedia":[{"embeddable":true,"href":"https:\/\/abix.com.br\/en\/wp-json\/wp\/v2\/media\/10771"}],"wp:attachment":[{"href":"https:\/\/abix.com.br\/en\/wp-json\/wp\/v2\/media?parent=18158"}],"wp:term":[{"taxonomy":"product_brand","embeddable":true,"href":"https:\/\/abix.com.br\/en\/wp-json\/wp\/v2\/product_brand?post=18158"},{"taxonomy":"product_cat","embeddable":true,"href":"https:\/\/abix.com.br\/en\/wp-json\/wp\/v2\/product_cat?post=18158"},{"taxonomy":"product_tag","embeddable":true,"href":"https:\/\/abix.com.br\/en\/wp-json\/wp\/v2\/product_tag?post=18158"}],"curies":[{"name":"wp","href":"https:\/\/api.w.org\/{rel}","templated":true}]}}