{"id":18179,"date":"2020-05-28T19:09:34","date_gmt":"2020-05-28T22:09:34","guid":{"rendered":"https:\/\/abix.com.br\/produto\/analog-mobile-radio-pro5100\/"},"modified":"2023-10-19T14:05:07","modified_gmt":"2023-10-19T17:05:07","slug":"pro5100","status":"publish","type":"product","link":"https:\/\/abix.com.br\/en\/produto\/pro5100\/","title":{"rendered":"ANALOG MOBILE RADIO &#8211; PRO5100"},"content":{"rendered":"\n\t<section class=\"section\" id=\"section_54422344\">\n\t\t<div class=\"section-bg fill\" >\n\t\t\t\t\t\t\t\t\t\n\t\t\t\n\n\t\t<\/div>\n\n\t\t\n\n\t\t<div class=\"section-content relative\">\n\t\t\t\n<div class=\"row\"  id=\"row-1428811640\">\n\n\t<div id=\"col-1130117314\" class=\"col small-12 large-12\"  >\n\t\t\t\t<div class=\"col-inner\"  >\n\t\t\t\n\t\t\t\n<div class=\"row\"  id=\"row-939377036\">\n\n\t<div id=\"col-743247658\" class=\"col small-12 large-12\"  >\n\t\t\t\t<div class=\"col-inner\"  >\n\t\t\t\n\t\t\t\n\n\t\t<div class=\"tabbed-content locacao-tabs\">\n\t\t\t\n\t\t\t<ul class=\"nav nav-tabs nav-normal nav-size-xlarge nav-left active-on-hover\" role=\"tablist\"><li id=\"tab-informa\u00c7\u00d5es\" class=\"tab active has-icon\" role=\"presentation\"><a href=\"#tab_informa\u00c7\u00d5es\" role=\"tab\" aria-selected=\"true\" aria-controls=\"tab_informa\u00c7\u00d5es\"><span>INFORMA\u00c7\u00d5ES<\/span><\/a><\/li>\n<li id=\"tab-acess\u00d3rios\" class=\"tab has-icon\" role=\"presentation\"><a href=\"#tab_acess\u00d3rios\" tabindex=\"-1\" role=\"tab\" aria-selected=\"false\" aria-controls=\"tab_acess\u00d3rios\"><span>ACESS\u00d3RIOS<\/span><\/a><\/li>\n<li id=\"tab-downloads\" class=\"tab has-icon\" role=\"presentation\"><a href=\"#tab_downloads\" tabindex=\"-1\" role=\"tab\" aria-selected=\"false\" aria-controls=\"tab_downloads\"><span>DOWNLOADS<\/span><\/a><\/li>\n<li id=\"tab-especifica\u00c7\u00d5es\" class=\"tab has-icon\" role=\"presentation\"><a href=\"#tab_especifica\u00c7\u00d5es\" tabindex=\"-1\" role=\"tab\" aria-selected=\"false\" aria-controls=\"tab_especifica\u00c7\u00d5es\"><span>ESPECIFICA\u00c7\u00d5ES<\/span><\/a><\/li><\/ul><div class=\"tab-panels\"><div id=\"tab_informa\u00c7\u00d5es\" class=\"panel active entry-content\" role=\"tabpanel\" aria-labelledby=\"tab-informa\u00c7\u00d5es\">\n<div class=\"row\"  id=\"row-1493960113\">\n\n\t<div id=\"col-1318847044\" class=\"col small-12 large-12\"  >\n\t\t\t\t<div class=\"col-inner\"  >\n\t\t\t\n\t\t\t\n<p style=\"text-align: justify;\"><strong>15 TRUNKING ZONES WITH 16 TALK GROUPS<\/strong><\/p>\n<p style=\"text-align: justify;\">Improve the efficiency of any LTR system with trunking operation.<\/p>\n<p style=\"text-align: justify;\"><strong>MDC SIGNALING FUNCTIONS<\/strong><\/p>\n<p style=\"text-align: justify;\">Motorola&#8217;s exclusive MDC signaling functions include selective calling and call alerting. In addition, the PRO5100 mobile radio supports radio verification, caller identification (PTT-ID) and selective radio inhibition, for efficient communication between workgroups.<\/p>\n<p style=\"text-align: justify;\"><strong>14-CHARACTER ALPHANUMERIC DISPLAY<\/strong><\/p>\n<p style=\"text-align: justify;\">Easy-to-understand icons provide the status of functions such as scanning, high\/low power and received signal strength.<\/p>\n<p style=\"text-align: justify;\"><strong>DUAL PRIORITY SCANNING<\/strong><\/p>\n<p style=\"text-align: justify;\">Use this function for situations where you need to monitor one or two workgroups more frequently than the rest.<\/p>\n<div class=\"richtexteditor parbase\">\n<p style=\"text-align: justify;\"><b>RADIO SIGNAL STRENGTH<\/b><\/p>\n<p style=\"text-align: justify;\">An icon on the display shows the strength of the signal received by the radio; 5 bars indicate the highest signal.<\/p>\n<p style=\"text-align: justify;\"><b>ESCALERT<\/b><\/p>\n<p style=\"text-align: justify;\">When you are receiving a selective call or a Call Alert, the sound gradually increases until you answer the call.<\/p>\n<p style=\"text-align: justify;\"><b>EMERGENCY ALARM<\/b><\/p>\n<p style=\"text-align: justify;\">The radio can be programmed to give you quick access at the touch of a button to notify the dispatch operator in an emergency situation.<\/p>\n<p style=\"text-align: justify;\"><b>AUTOMATIC RADIO INTERROGATION<\/b><\/p>\n<p style=\"text-align: justify;\">It lets you know if the radio is on and within the system&#8217;s coverage without disturbing the user.<\/p>\n<\/div>\n\t\t<\/div>\n\t\t\t\t\t<\/div>\n\n\t\n<\/div>\n<\/div>\n<div id=\"tab_acess\u00d3rios\" class=\"panel entry-content\" role=\"tabpanel\" aria-labelledby=\"tab-acess\u00d3rios\">\n<div class=\"row align-middle\"  id=\"row-697765898\">\n\n\t<div id=\"col-962601429\" class=\"col medium-10 small-12 large-10\"  >\n\t\t\t\t<div class=\"col-inner\"  >\n\t\t\t\n\t\t\t\n\t\t<\/div>\n\t\t\t\t\t<\/div>\n\n\t\n\n\t<div id=\"col-1009425037\" class=\"col medium-2 small-12 large-2\"  >\n\t\t\t\t<div class=\"col-inner\"  >\n\t\t\t\n\t\t\t\n\t\t<\/div>\n\t\t\t\t\t<\/div>\n\n\t\n<\/div>\n<\/div>\n<div id=\"tab_downloads\" class=\"panel entry-content\" role=\"tabpanel\" aria-labelledby=\"tab-downloads\">\n<div class=\"row\"  id=\"row-1979295321\">\n\n\t<div id=\"col-1757311913\" class=\"col medium-10 small-12 large-10\"  >\n\t\t\t\t<div class=\"col-inner\"  >\n\t\t\t\n\t\t\t\n<p><a href=\"https:\/\/www.abix.com.br\/wp-content\/uploads\/Ficha-PRO5100.pdf\">PRO5100 datasheet<\/a><\/p>\n\t\t<\/div>\n\t\t\t\t\t<\/div>\n\n\t\n<\/div>\n<\/div>\n<div id=\"tab_especifica\u00c7\u00d5es\" class=\"panel entry-content\" role=\"tabpanel\" aria-labelledby=\"tab-especifica\u00c7\u00d5es\">\n<div class=\"row\"  id=\"row-1451731129\">\n\n\t<div id=\"col-1427126018\" class=\"col medium-9 small-12 large-9\"  >\n\t\t\t\t<div class=\"col-inner\"  >\n\t\t\t\n\t\t\t\n<h3>PERFORMANCE CHARACTERISTIC<\/h3>\n<ul>\n<li><strong>Frequency range<\/strong><\/li>\n<\/ul>\n<p style=\"padding-left: 40px;\">136-174 MHz<\/p>\n<p style=\"padding-left: 40px;\">403-470 MHz<\/p>\n<p style=\"padding-left: 40px;\">450-527 MHz<\/p>\n<p style=\"padding-left: 40px;\">450-520 MHz<\/p>\n<h3>USER ENVIRONMENT<\/h3>\n<ul>\n<li><strong>Military specifications<\/strong><\/li>\n<\/ul>\n<p style=\"padding-left: 40px;\">810 C, 810D, 810E,<\/p>\n<h3>PHYSICAL CHARACTERISTICS<\/h3>\n<ul>\n<li><strong>Dimensions<\/strong><\/li>\n<\/ul>\n<p style=\"padding-left: 40px;\">186mm x 179mm x 59mm<\/p>\n<ul>\n<li><strong>Weight<\/strong><\/li>\n<\/ul>\n<p style=\"padding-left: 40px;\">1.43kg<\/p>\n<h3>RADIO RESOURCES<\/h3>\n<ul>\n<li><strong>Channels<\/strong><\/li>\n<\/ul>\n<p style=\"padding-left: 40px;\">64 conventional channels<\/p>\n<ul>\n<li><strong>Zones<\/strong><\/li>\n<\/ul>\n<p style=\"padding-left: 40px;\">16 Trunking Zones<\/p>\n\t\t<\/div>\n\t\t\t\t\t<\/div>\n\n\t\n<\/div>\n<\/div><\/div><\/div>\n\t\t<\/div>\n\t\t\t\t\t<\/div>\n\n\t\n<\/div>\n\t\t<\/div>\n\t\t\t\t\t<\/div>\n\n\t\n<\/div>\n\t\t<\/div>\n\n\t\t\n<style>\n#section_54422344 {\n  padding-top: 0px;\n  padding-bottom: 0px;\n}\n<\/style>\n\t<\/section>\n\t\n","protected":false},"excerpt":{"rendered":"<p style=\"text-align: justify;\">Ideal for organizations that require standard communication, the PRO5100 radio provides simple, high-performance functionality.<\/p>\n<p style=\"text-align: justify;\">Signaling capabilities allow you to make individual or group calls, identify callers, let others know that you are trying to reach them even when they are away from their vehicles, or send a call for help in emergency situations. Efficient and cost-effective, LTR trunking provides a wider field of call, faster channel access, greater privacy and more capacity for users and workgroups The PRO5100 practical radio offers a powerful package p<\/p>\n","protected":false},"featured_media":10268,"comment_status":"closed","ping_status":"closed","template":"","meta":[],"product_brand":[],"product_cat":[101,95,93],"product_tag":[],"class_list":{"0":"post-18179","1":"product","2":"type-product","3":"status-publish","4":"has-post-thumbnail","6":"product_cat-analog-radios","7":"product_cat-motorola-en","8":"product_cat-professional-line","10":"first","11":"instock","12":"shipping-taxable","13":"product-type-simple"},"yoast_head":"<!-- This site is optimized with the Yoast SEO plugin v27.4 - https:\/\/yoast.com\/product\/yoast-seo-wordpress\/ -->\n<title>PRO5100 ANALOG MOBILE RADIO - Abix Tecnologia<\/title>\n<meta name=\"description\" content=\"Ideal for organizations that need standard communication, the PRO5100 ANALOG MOBILE RADIO provides simple functionality. Check it out!\" \/>\n<meta name=\"robots\" content=\"index, follow, max-snippet:-1, max-image-preview:large, max-video-preview:-1\" \/>\n<link rel=\"canonical\" href=\"https:\/\/abix.com.br\/produto\/pro5100\/\" \/>\n<meta property=\"og:locale\" content=\"en_US\" \/>\n<meta property=\"og:type\" content=\"article\" \/>\n<meta property=\"og:title\" content=\"PRO5100 ANALOG MOBILE RADIO - Abix Tecnologia\" \/>\n<meta property=\"og:description\" content=\"Ideal for organizations that need standard communication, the PRO5100 ANALOG MOBILE RADIO provides simple functionality. Check it out!\" \/>\n<meta property=\"og:url\" content=\"https:\/\/abix.com.br\/produto\/pro5100\/\" \/>\n<meta property=\"og:site_name\" content=\"Abix\" \/>\n<meta property=\"article:modified_time\" content=\"2023-10-19T17:05:07+00:00\" \/>\n<meta property=\"og:image\" content=\"https:\/\/abix.com.br\/wp-content\/uploads\/2020\/05\/PRO5100.jpg\" \/>\n\t<meta property=\"og:image:width\" content=\"625\" \/>\n\t<meta property=\"og:image:height\" content=\"391\" \/>\n\t<meta property=\"og:image:type\" content=\"image\/jpeg\" \/>\n<meta name=\"twitter:card\" content=\"summary_large_image\" \/>\n<meta name=\"twitter:label1\" content=\"Est. reading time\" \/>\n\t<meta name=\"twitter:data1\" content=\"2 minutes\" \/>\n<script type=\"application\/ld+json\" class=\"yoast-schema-graph\">{\"@context\":\"https:\\\/\\\/schema.org\",\"@graph\":[{\"@type\":\"WebPage\",\"@id\":\"https:\\\/\\\/abix.com.br\\\/produto\\\/pro5100\\\/\",\"url\":\"https:\\\/\\\/abix.com.br\\\/produto\\\/pro5100\\\/\",\"name\":\"PRO5100 ANALOG MOBILE RADIO - Abix Tecnologia\",\"isPartOf\":{\"@id\":\"https:\\\/\\\/abix.com.br\\\/#website\"},\"primaryImageOfPage\":{\"@id\":\"https:\\\/\\\/abix.com.br\\\/produto\\\/pro5100\\\/#primaryimage\"},\"image\":{\"@id\":\"https:\\\/\\\/abix.com.br\\\/produto\\\/pro5100\\\/#primaryimage\"},\"thumbnailUrl\":\"https:\\\/\\\/abix.com.br\\\/wp-content\\\/uploads\\\/2020\\\/05\\\/PRO5100.jpg\",\"datePublished\":\"2020-05-28T22:09:34+00:00\",\"dateModified\":\"2023-10-19T17:05:07+00:00\",\"description\":\"Ideal for organizations that need standard communication, the PRO5100 ANALOG MOBILE RADIO provides simple functionality. Check it out!\",\"breadcrumb\":{\"@id\":\"https:\\\/\\\/abix.com.br\\\/produto\\\/pro5100\\\/#breadcrumb\"},\"inLanguage\":\"en-US\",\"potentialAction\":[{\"@type\":\"ReadAction\",\"target\":[\"https:\\\/\\\/abix.com.br\\\/produto\\\/pro5100\\\/\"]}]},{\"@type\":\"ImageObject\",\"inLanguage\":\"en-US\",\"@id\":\"https:\\\/\\\/abix.com.br\\\/produto\\\/pro5100\\\/#primaryimage\",\"url\":\"https:\\\/\\\/abix.com.br\\\/wp-content\\\/uploads\\\/2020\\\/05\\\/PRO5100.jpg\",\"contentUrl\":\"https:\\\/\\\/abix.com.br\\\/wp-content\\\/uploads\\\/2020\\\/05\\\/PRO5100.jpg\",\"width\":625,\"height\":391,\"caption\":\"R\u00c1DIO M\u00d3VEL ANAL\u00d3GICO PRO5100\"},{\"@type\":\"BreadcrumbList\",\"@id\":\"https:\\\/\\\/abix.com.br\\\/produto\\\/pro5100\\\/#breadcrumb\",\"itemListElement\":[{\"@type\":\"ListItem\",\"position\":1,\"name\":\"In\u00edcio\",\"item\":\"https:\\\/\\\/abix.com.br\\\/es\\\/\"},{\"@type\":\"ListItem\",\"position\":2,\"name\":\"Loja\",\"item\":\"https:\\\/\\\/abix.com.br\\\/loja\\\/\"},{\"@type\":\"ListItem\",\"position\":3,\"name\":\"ANALOG MOBILE RADIO &#8211; PRO5100\"}]},{\"@type\":\"WebSite\",\"@id\":\"https:\\\/\\\/abix.com.br\\\/#website\",\"url\":\"https:\\\/\\\/abix.com.br\\\/\",\"name\":\"Abix\",\"description\":\"\",\"potentialAction\":[{\"@type\":\"SearchAction\",\"target\":{\"@type\":\"EntryPoint\",\"urlTemplate\":\"https:\\\/\\\/abix.com.br\\\/?s={search_term_string}\"},\"query-input\":{\"@type\":\"PropertyValueSpecification\",\"valueRequired\":true,\"valueName\":\"search_term_string\"}}],\"inLanguage\":\"en-US\"}]}<\/script>\n<!-- \/ Yoast SEO plugin. -->","yoast_head_json":{"title":"PRO5100 ANALOG MOBILE RADIO - Abix Tecnologia","description":"Ideal for organizations that need standard communication, the PRO5100 ANALOG MOBILE RADIO provides simple functionality. Check it out!","robots":{"index":"index","follow":"follow","max-snippet":"max-snippet:-1","max-image-preview":"max-image-preview:large","max-video-preview":"max-video-preview:-1"},"canonical":"https:\/\/abix.com.br\/produto\/pro5100\/","og_locale":"en_US","og_type":"article","og_title":"PRO5100 ANALOG MOBILE RADIO - Abix Tecnologia","og_description":"Ideal for organizations that need standard communication, the PRO5100 ANALOG MOBILE RADIO provides simple functionality. Check it out!","og_url":"https:\/\/abix.com.br\/produto\/pro5100\/","og_site_name":"Abix","article_modified_time":"2023-10-19T17:05:07+00:00","og_image":[{"width":625,"height":391,"url":"https:\/\/abix.com.br\/wp-content\/uploads\/2020\/05\/PRO5100.jpg","type":"image\/jpeg"}],"twitter_card":"summary_large_image","twitter_misc":{"Est. reading time":"2 minutes"},"schema":{"@context":"https:\/\/schema.org","@graph":[{"@type":"WebPage","@id":"https:\/\/abix.com.br\/produto\/pro5100\/","url":"https:\/\/abix.com.br\/produto\/pro5100\/","name":"PRO5100 ANALOG MOBILE RADIO - Abix Tecnologia","isPartOf":{"@id":"https:\/\/abix.com.br\/#website"},"primaryImageOfPage":{"@id":"https:\/\/abix.com.br\/produto\/pro5100\/#primaryimage"},"image":{"@id":"https:\/\/abix.com.br\/produto\/pro5100\/#primaryimage"},"thumbnailUrl":"https:\/\/abix.com.br\/wp-content\/uploads\/2020\/05\/PRO5100.jpg","datePublished":"2020-05-28T22:09:34+00:00","dateModified":"2023-10-19T17:05:07+00:00","description":"Ideal for organizations that need standard communication, the PRO5100 ANALOG MOBILE RADIO provides simple functionality. Check it out!","breadcrumb":{"@id":"https:\/\/abix.com.br\/produto\/pro5100\/#breadcrumb"},"inLanguage":"en-US","potentialAction":[{"@type":"ReadAction","target":["https:\/\/abix.com.br\/produto\/pro5100\/"]}]},{"@type":"ImageObject","inLanguage":"en-US","@id":"https:\/\/abix.com.br\/produto\/pro5100\/#primaryimage","url":"https:\/\/abix.com.br\/wp-content\/uploads\/2020\/05\/PRO5100.jpg","contentUrl":"https:\/\/abix.com.br\/wp-content\/uploads\/2020\/05\/PRO5100.jpg","width":625,"height":391,"caption":"R\u00c1DIO M\u00d3VEL ANAL\u00d3GICO PRO5100"},{"@type":"BreadcrumbList","@id":"https:\/\/abix.com.br\/produto\/pro5100\/#breadcrumb","itemListElement":[{"@type":"ListItem","position":1,"name":"In\u00edcio","item":"https:\/\/abix.com.br\/es\/"},{"@type":"ListItem","position":2,"name":"Loja","item":"https:\/\/abix.com.br\/loja\/"},{"@type":"ListItem","position":3,"name":"ANALOG MOBILE RADIO &#8211; PRO5100"}]},{"@type":"WebSite","@id":"https:\/\/abix.com.br\/#website","url":"https:\/\/abix.com.br\/","name":"Abix","description":"","potentialAction":[{"@type":"SearchAction","target":{"@type":"EntryPoint","urlTemplate":"https:\/\/abix.com.br\/?s={search_term_string}"},"query-input":{"@type":"PropertyValueSpecification","valueRequired":true,"valueName":"search_term_string"}}],"inLanguage":"en-US"}]}},"_links":{"self":[{"href":"https:\/\/abix.com.br\/en\/wp-json\/wp\/v2\/product\/18179","targetHints":{"allow":["GET"]}}],"collection":[{"href":"https:\/\/abix.com.br\/en\/wp-json\/wp\/v2\/product"}],"about":[{"href":"https:\/\/abix.com.br\/en\/wp-json\/wp\/v2\/types\/product"}],"replies":[{"embeddable":true,"href":"https:\/\/abix.com.br\/en\/wp-json\/wp\/v2\/comments?post=18179"}],"wp:featuredmedia":[{"embeddable":true,"href":"https:\/\/abix.com.br\/en\/wp-json\/wp\/v2\/media\/10268"}],"wp:attachment":[{"href":"https:\/\/abix.com.br\/en\/wp-json\/wp\/v2\/media?parent=18179"}],"wp:term":[{"taxonomy":"product_brand","embeddable":true,"href":"https:\/\/abix.com.br\/en\/wp-json\/wp\/v2\/product_brand?post=18179"},{"taxonomy":"product_cat","embeddable":true,"href":"https:\/\/abix.com.br\/en\/wp-json\/wp\/v2\/product_cat?post=18179"},{"taxonomy":"product_tag","embeddable":true,"href":"https:\/\/abix.com.br\/en\/wp-json\/wp\/v2\/product_tag?post=18179"}],"curies":[{"name":"wp","href":"https:\/\/api.w.org\/{rel}","templated":true}]}}