{"id":18180,"date":"2020-05-28T18:51:04","date_gmt":"2020-05-28T21:51:04","guid":{"rendered":"https:\/\/abix.com.br\/produto\/analog-mobile-radio-pro3100\/"},"modified":"2023-10-19T14:05:11","modified_gmt":"2023-10-19T17:05:11","slug":"pro3100","status":"publish","type":"product","link":"https:\/\/abix.com.br\/en\/produto\/pro3100\/","title":{"rendered":"ANALOG MOBILE RADIO &#8211; PRO3100"},"content":{"rendered":"\n\t<section class=\"section\" id=\"section_1549175290\">\n\t\t<div class=\"section-bg fill\" >\n\t\t\t\t\t\t\t\t\t\n\t\t\t\n\n\t\t<\/div>\n\n\t\t\n\n\t\t<div class=\"section-content relative\">\n\t\t\t\n<div class=\"row\"  id=\"row-921148981\">\n\n\t<div id=\"col-67562612\" class=\"col small-12 large-12\"  >\n\t\t\t\t<div class=\"col-inner\"  >\n\t\t\t\n\t\t\t\n<div class=\"row\"  id=\"row-662137380\">\n\n\t<div id=\"col-944841658\" class=\"col small-12 large-12\"  >\n\t\t\t\t<div class=\"col-inner\"  >\n\t\t\t\n\t\t\t\n\n\t\t<div class=\"tabbed-content locacao-tabs\">\n\t\t\t\n\t\t\t<ul class=\"nav nav-tabs nav-normal nav-size-xlarge nav-left active-on-hover\" role=\"tablist\"><li id=\"tab-informa\u00c7\u00d5es\" class=\"tab active has-icon\" role=\"presentation\"><a href=\"#tab_informa\u00c7\u00d5es\" role=\"tab\" aria-selected=\"true\" aria-controls=\"tab_informa\u00c7\u00d5es\"><span>INFORMA\u00c7\u00d5ES<\/span><\/a><\/li>\n<li id=\"tab-acess\u00d3rios\" class=\"tab has-icon\" role=\"presentation\"><a href=\"#tab_acess\u00d3rios\" tabindex=\"-1\" role=\"tab\" aria-selected=\"false\" aria-controls=\"tab_acess\u00d3rios\"><span>ACESS\u00d3RIOS<\/span><\/a><\/li>\n<li id=\"tab-downloads\" class=\"tab has-icon\" role=\"presentation\"><a href=\"#tab_downloads\" tabindex=\"-1\" role=\"tab\" aria-selected=\"false\" aria-controls=\"tab_downloads\"><span>DOWNLOADS<\/span><\/a><\/li>\n<li id=\"tab-especifica\u00c7\u00d5es\" class=\"tab has-icon\" role=\"presentation\"><a href=\"#tab_especifica\u00c7\u00d5es\" tabindex=\"-1\" role=\"tab\" aria-selected=\"false\" aria-controls=\"tab_especifica\u00c7\u00d5es\"><span>ESPECIFICA\u00c7\u00d5ES<\/span><\/a><\/li><\/ul><div class=\"tab-panels\"><div id=\"tab_informa\u00c7\u00d5es\" class=\"panel active entry-content\" role=\"tabpanel\" aria-labelledby=\"tab-informa\u00c7\u00d5es\">\n<div class=\"row\"  id=\"row-568577576\">\n\n\t<div id=\"col-644468932\" class=\"col small-12 large-12\"  >\n\t\t\t\t<div class=\"col-inner\"  >\n\t\t\t\n\t\t\t\n<p style=\"text-align: justify;\"><strong>PRIORITY SCANNING<\/strong><\/p>\n<p style=\"text-align: justify;\">It allows you to monitor communications taking place on different channels without having to manually consult each channel. And if there is a more important channel, you can monitor it more frequently than the others.<\/p>\n<p style=\"text-align: justify;\"><strong>ADJUSTABLE POWER LEVELS<\/strong><\/p>\n<p style=\"text-align: justify;\">You can adjust the power of your radio so that your transmissions have a greater range. Any of the programmable buttons on the radio can be set to temporarily change their power levels between high and low.<\/p>\n<p style=\"text-align: justify;\"><strong>REPEATER OPERATION \/ DIRECT COMMUNICATION<\/strong><\/p>\n<p style=\"text-align: justify;\">It allows unit-to-unit communication when you are out of range or when the repeater is not operating.<\/p>\n<div class=\"richtexteditor parbase\">\n<p style=\"text-align: justify;\"><b>ACCESSORY CONNECTOR<\/b><\/p>\n<p style=\"text-align: justify;\">Make your communications easier to hear by attaching an external speaker. Even in the noisiest environments, you&#8217;ll be able to hear your messages clearly.<\/p>\n<p style=\"text-align: justify;\"><b>SWITCHABLE CHANNEL SPACING<\/b><\/p>\n<p style=\"text-align: justify;\">Each channel can be programmed with 12.5 kHz or 25 kHz channel spacing, allowing your radio to operate in accordance with different government regulations with a single investment.<\/p>\n<\/div>\n<p style=\"text-align: justify;\"><b>X-PAND AUDIO TECHNOLOGY<\/b><\/p>\n<p style=\"text-align: justify;\">The Motorola X-Pand\u2122 Voice Compressor allows 12.5 kHz channels to have the same clear audio quality as 25 kHz channels.<\/p>\n\t\t<\/div>\n\t\t\t\t\t<\/div>\n\n\t\n<\/div>\n<\/div>\n<div id=\"tab_acess\u00d3rios\" class=\"panel entry-content\" role=\"tabpanel\" aria-labelledby=\"tab-acess\u00d3rios\">\n<div class=\"row align-middle\"  id=\"row-1834075741\">\n\n\t<div id=\"col-2092015827\" class=\"col medium-10 small-12 large-10\"  >\n\t\t\t\t<div class=\"col-inner\"  >\n\t\t\t\n\t\t\t\n\t\t<\/div>\n\t\t\t\t\t<\/div>\n\n\t\n\n\t<div id=\"col-1369365686\" class=\"col medium-2 small-12 large-2\"  >\n\t\t\t\t<div class=\"col-inner\"  >\n\t\t\t\n\t\t\t\n\t\t<\/div>\n\t\t\t\t\t<\/div>\n\n\t\n<\/div>\n<\/div>\n<div id=\"tab_downloads\" class=\"panel entry-content\" role=\"tabpanel\" aria-labelledby=\"tab-downloads\">\n<div class=\"row\"  id=\"row-2141701618\">\n\n\t<div id=\"col-8188752\" class=\"col medium-10 small-12 large-10\"  >\n\t\t\t\t<div class=\"col-inner\"  >\n\t\t\t\n\t\t\t\n<p><a href=\"https:\/\/www.abix.com.br\/wp-content\/uploads\/Ficha-PRO3100.pdf\">PRO3100 datasheet<\/a><\/p>\n\t\t<\/div>\n\t\t\t\t\t<\/div>\n\n\t\n<\/div>\n<\/div>\n<div id=\"tab_especifica\u00c7\u00d5es\" class=\"panel entry-content\" role=\"tabpanel\" aria-labelledby=\"tab-especifica\u00c7\u00d5es\">\n<div class=\"row\"  id=\"row-156354033\">\n\n\t<div id=\"col-1985381830\" class=\"col medium-9 small-12 large-9\"  >\n\t\t\t\t<div class=\"col-inner\"  >\n\t\t\t\n\t\t\t\n<h3>CARACTER\u00cdST<strong>ICA DE DESEMPENHO<\/strong><\/h3>\n<ul>\n<li><strong>Frequency range<\/strong><\/li>\n<\/ul>\n<p style=\"padding-left: 40px;\">136-174 MHz<\/p>\n<p style=\"padding-left: 40px;\">403-470 MHz<\/p>\n<p style=\"padding-left: 40px;\">450-527 MHz<\/p>\n<p style=\"padding-left: 40px;\">450-520 MHz<\/p>\n<h3><strong>USER ENVIRONMENT<\/strong><\/h3>\n<ul>\n<li><strong>Military specifications<\/strong><\/li>\n<\/ul>\n<p style=\"padding-left: 40px;\">810 C, 810D, 810E,<\/p>\n<h3>PHYSICAL CHARACTERISTICS<\/h3>\n<ul>\n<li><strong>Dimensions<\/strong><\/li>\n<\/ul>\n<p style=\"padding-left: 40px;\">177mm x 176mm x 56mm<\/p>\n<ul>\n<li><strong>Weight<\/strong><\/li>\n<\/ul>\n<p style=\"padding-left: 40px;\">1.43kg<\/p>\n<h3><strong>RADIO RESOURCES<\/strong><\/h3>\n<ul>\n<li><strong>Channels<\/strong><\/li>\n<\/ul>\n<p style=\"padding-left: 40px;\">4<\/p>\n\t\t<\/div>\n\t\t\t\t\t<\/div>\n\n\t\n<\/div>\n<\/div><\/div><\/div>\n\t\t<\/div>\n\t\t\t\t\t<\/div>\n\n\t\n<\/div>\n\t\t<\/div>\n\t\t\t\t\t<\/div>\n\n\t\n<\/div>\n\t\t<\/div>\n\n\t\t\n<style>\n#section_1549175290 {\n  padding-top: 0px;\n  padding-bottom: 0px;\n}\n<\/style>\n\t<\/section>\n\t\n","protected":false},"excerpt":{"rendered":"<p style=\"text-align: justify;\">PRO3100 Mobile Radio: The Essential Radio. This radio offers a simple and reliable business solution, with basic functions that keep work teams dynamic and in constant contact.<\/p>\n<p style=\"text-align: justify;\">Ideal for organizations with moderate communication requirements, the PRO3100 radio provides simple yet high-performance functionality. Its advanced features include the essential elements to keep the user communicating constantly and efficiently, including limited signaling capabilities and two programmable buttons.<\/p>\n","protected":false},"featured_media":10260,"comment_status":"closed","ping_status":"closed","template":"","meta":[],"product_brand":[],"product_cat":[101,95,93],"product_tag":[],"class_list":{"0":"post-18180","1":"product","2":"type-product","3":"status-publish","4":"has-post-thumbnail","6":"product_cat-analog-radios","7":"product_cat-motorola-en","8":"product_cat-professional-line","10":"first","11":"instock","12":"shipping-taxable","13":"product-type-simple"},"yoast_head":"<!-- This site is optimized with the Yoast SEO plugin v27.3 - https:\/\/yoast.com\/product\/yoast-seo-wordpress\/ -->\n<title>PRO3100 ANALOG MOBILE RADIO - Abix Tecnologia<\/title>\n<meta name=\"description\" content=\"PRO3100 ANALOG MOBILE RADIO - The essential radio. This radio offers a simple and reliable business solution. See more on our website!\" \/>\n<meta name=\"robots\" content=\"index, follow, max-snippet:-1, max-image-preview:large, max-video-preview:-1\" \/>\n<link rel=\"canonical\" href=\"https:\/\/abix.com.br\/produto\/pro3100\/\" \/>\n<meta property=\"og:locale\" content=\"en_US\" \/>\n<meta property=\"og:type\" content=\"article\" \/>\n<meta property=\"og:title\" content=\"PRO3100 ANALOG MOBILE RADIO - Abix Tecnologia\" \/>\n<meta property=\"og:description\" content=\"PRO3100 ANALOG MOBILE RADIO - The essential radio. This radio offers a simple and reliable business solution. See more on our website!\" \/>\n<meta property=\"og:url\" content=\"https:\/\/abix.com.br\/produto\/pro3100\/\" \/>\n<meta property=\"og:site_name\" content=\"Abix\" \/>\n<meta property=\"article:modified_time\" content=\"2023-10-19T17:05:11+00:00\" \/>\n<meta property=\"og:image\" content=\"https:\/\/abix.com.br\/wp-content\/uploads\/2020\/05\/PRO3100.jpg\" \/>\n\t<meta property=\"og:image:width\" content=\"600\" \/>\n\t<meta property=\"og:image:height\" content=\"342\" \/>\n\t<meta property=\"og:image:type\" content=\"image\/jpeg\" \/>\n<meta name=\"twitter:card\" content=\"summary_large_image\" \/>\n<meta name=\"twitter:label1\" content=\"Est. reading time\" \/>\n\t<meta name=\"twitter:data1\" content=\"2 minutes\" \/>\n<script type=\"application\/ld+json\" class=\"yoast-schema-graph\">{\"@context\":\"https:\\\/\\\/schema.org\",\"@graph\":[{\"@type\":\"WebPage\",\"@id\":\"https:\\\/\\\/abix.com.br\\\/produto\\\/pro3100\\\/\",\"url\":\"https:\\\/\\\/abix.com.br\\\/produto\\\/pro3100\\\/\",\"name\":\"PRO3100 ANALOG MOBILE RADIO - Abix Tecnologia\",\"isPartOf\":{\"@id\":\"https:\\\/\\\/abix.com.br\\\/#website\"},\"primaryImageOfPage\":{\"@id\":\"https:\\\/\\\/abix.com.br\\\/produto\\\/pro3100\\\/#primaryimage\"},\"image\":{\"@id\":\"https:\\\/\\\/abix.com.br\\\/produto\\\/pro3100\\\/#primaryimage\"},\"thumbnailUrl\":\"https:\\\/\\\/abix.com.br\\\/wp-content\\\/uploads\\\/2020\\\/05\\\/PRO3100.jpg\",\"datePublished\":\"2020-05-28T21:51:04+00:00\",\"dateModified\":\"2023-10-19T17:05:11+00:00\",\"description\":\"PRO3100 ANALOG MOBILE RADIO - The essential radio. This radio offers a simple and reliable business solution. See more on our website!\",\"breadcrumb\":{\"@id\":\"https:\\\/\\\/abix.com.br\\\/produto\\\/pro3100\\\/#breadcrumb\"},\"inLanguage\":\"en-US\",\"potentialAction\":[{\"@type\":\"ReadAction\",\"target\":[\"https:\\\/\\\/abix.com.br\\\/produto\\\/pro3100\\\/\"]}]},{\"@type\":\"ImageObject\",\"inLanguage\":\"en-US\",\"@id\":\"https:\\\/\\\/abix.com.br\\\/produto\\\/pro3100\\\/#primaryimage\",\"url\":\"https:\\\/\\\/abix.com.br\\\/wp-content\\\/uploads\\\/2020\\\/05\\\/PRO3100.jpg\",\"contentUrl\":\"https:\\\/\\\/abix.com.br\\\/wp-content\\\/uploads\\\/2020\\\/05\\\/PRO3100.jpg\",\"width\":600,\"height\":342,\"caption\":\"R\u00c1DIO M\u00d3VEL ANAL\u00d3GICO PRO3100\"},{\"@type\":\"BreadcrumbList\",\"@id\":\"https:\\\/\\\/abix.com.br\\\/produto\\\/pro3100\\\/#breadcrumb\",\"itemListElement\":[{\"@type\":\"ListItem\",\"position\":1,\"name\":\"In\u00edcio\",\"item\":\"https:\\\/\\\/abix.com.br\\\/es\\\/\"},{\"@type\":\"ListItem\",\"position\":2,\"name\":\"Loja\",\"item\":\"https:\\\/\\\/abix.com.br\\\/loja\\\/\"},{\"@type\":\"ListItem\",\"position\":3,\"name\":\"ANALOG MOBILE RADIO &#8211; PRO3100\"}]},{\"@type\":\"WebSite\",\"@id\":\"https:\\\/\\\/abix.com.br\\\/#website\",\"url\":\"https:\\\/\\\/abix.com.br\\\/\",\"name\":\"Abix\",\"description\":\"\",\"potentialAction\":[{\"@type\":\"SearchAction\",\"target\":{\"@type\":\"EntryPoint\",\"urlTemplate\":\"https:\\\/\\\/abix.com.br\\\/?s={search_term_string}\"},\"query-input\":{\"@type\":\"PropertyValueSpecification\",\"valueRequired\":true,\"valueName\":\"search_term_string\"}}],\"inLanguage\":\"en-US\"}]}<\/script>\n<!-- \/ Yoast SEO plugin. -->","yoast_head_json":{"title":"PRO3100 ANALOG MOBILE RADIO - Abix Tecnologia","description":"PRO3100 ANALOG MOBILE RADIO - The essential radio. This radio offers a simple and reliable business solution. See more on our website!","robots":{"index":"index","follow":"follow","max-snippet":"max-snippet:-1","max-image-preview":"max-image-preview:large","max-video-preview":"max-video-preview:-1"},"canonical":"https:\/\/abix.com.br\/produto\/pro3100\/","og_locale":"en_US","og_type":"article","og_title":"PRO3100 ANALOG MOBILE RADIO - Abix Tecnologia","og_description":"PRO3100 ANALOG MOBILE RADIO - The essential radio. This radio offers a simple and reliable business solution. See more on our website!","og_url":"https:\/\/abix.com.br\/produto\/pro3100\/","og_site_name":"Abix","article_modified_time":"2023-10-19T17:05:11+00:00","og_image":[{"width":600,"height":342,"url":"https:\/\/abix.com.br\/wp-content\/uploads\/2020\/05\/PRO3100.jpg","type":"image\/jpeg"}],"twitter_card":"summary_large_image","twitter_misc":{"Est. reading time":"2 minutes"},"schema":{"@context":"https:\/\/schema.org","@graph":[{"@type":"WebPage","@id":"https:\/\/abix.com.br\/produto\/pro3100\/","url":"https:\/\/abix.com.br\/produto\/pro3100\/","name":"PRO3100 ANALOG MOBILE RADIO - Abix Tecnologia","isPartOf":{"@id":"https:\/\/abix.com.br\/#website"},"primaryImageOfPage":{"@id":"https:\/\/abix.com.br\/produto\/pro3100\/#primaryimage"},"image":{"@id":"https:\/\/abix.com.br\/produto\/pro3100\/#primaryimage"},"thumbnailUrl":"https:\/\/abix.com.br\/wp-content\/uploads\/2020\/05\/PRO3100.jpg","datePublished":"2020-05-28T21:51:04+00:00","dateModified":"2023-10-19T17:05:11+00:00","description":"PRO3100 ANALOG MOBILE RADIO - The essential radio. This radio offers a simple and reliable business solution. See more on our website!","breadcrumb":{"@id":"https:\/\/abix.com.br\/produto\/pro3100\/#breadcrumb"},"inLanguage":"en-US","potentialAction":[{"@type":"ReadAction","target":["https:\/\/abix.com.br\/produto\/pro3100\/"]}]},{"@type":"ImageObject","inLanguage":"en-US","@id":"https:\/\/abix.com.br\/produto\/pro3100\/#primaryimage","url":"https:\/\/abix.com.br\/wp-content\/uploads\/2020\/05\/PRO3100.jpg","contentUrl":"https:\/\/abix.com.br\/wp-content\/uploads\/2020\/05\/PRO3100.jpg","width":600,"height":342,"caption":"R\u00c1DIO M\u00d3VEL ANAL\u00d3GICO PRO3100"},{"@type":"BreadcrumbList","@id":"https:\/\/abix.com.br\/produto\/pro3100\/#breadcrumb","itemListElement":[{"@type":"ListItem","position":1,"name":"In\u00edcio","item":"https:\/\/abix.com.br\/es\/"},{"@type":"ListItem","position":2,"name":"Loja","item":"https:\/\/abix.com.br\/loja\/"},{"@type":"ListItem","position":3,"name":"ANALOG MOBILE RADIO &#8211; PRO3100"}]},{"@type":"WebSite","@id":"https:\/\/abix.com.br\/#website","url":"https:\/\/abix.com.br\/","name":"Abix","description":"","potentialAction":[{"@type":"SearchAction","target":{"@type":"EntryPoint","urlTemplate":"https:\/\/abix.com.br\/?s={search_term_string}"},"query-input":{"@type":"PropertyValueSpecification","valueRequired":true,"valueName":"search_term_string"}}],"inLanguage":"en-US"}]}},"_links":{"self":[{"href":"https:\/\/abix.com.br\/en\/wp-json\/wp\/v2\/product\/18180","targetHints":{"allow":["GET"]}}],"collection":[{"href":"https:\/\/abix.com.br\/en\/wp-json\/wp\/v2\/product"}],"about":[{"href":"https:\/\/abix.com.br\/en\/wp-json\/wp\/v2\/types\/product"}],"replies":[{"embeddable":true,"href":"https:\/\/abix.com.br\/en\/wp-json\/wp\/v2\/comments?post=18180"}],"wp:featuredmedia":[{"embeddable":true,"href":"https:\/\/abix.com.br\/en\/wp-json\/wp\/v2\/media\/10260"}],"wp:attachment":[{"href":"https:\/\/abix.com.br\/en\/wp-json\/wp\/v2\/media?parent=18180"}],"wp:term":[{"taxonomy":"product_brand","embeddable":true,"href":"https:\/\/abix.com.br\/en\/wp-json\/wp\/v2\/product_brand?post=18180"},{"taxonomy":"product_cat","embeddable":true,"href":"https:\/\/abix.com.br\/en\/wp-json\/wp\/v2\/product_cat?post=18180"},{"taxonomy":"product_tag","embeddable":true,"href":"https:\/\/abix.com.br\/en\/wp-json\/wp\/v2\/product_tag?post=18180"}],"curies":[{"name":"wp","href":"https:\/\/api.w.org\/{rel}","templated":true}]}}