{"id":18193,"date":"2020-05-20T15:08:02","date_gmt":"2020-05-20T18:08:02","guid":{"rendered":"https:\/\/abix.com.br\/produto\/analog-portable-radio-pro1150\/"},"modified":"2023-10-19T14:36:33","modified_gmt":"2023-10-19T17:36:33","slug":"pro1150","status":"publish","type":"product","link":"https:\/\/abix.com.br\/en\/produto\/pro1150\/","title":{"rendered":"ANALOG PORTABLE RADIO &#8211; PRO1150"},"content":{"rendered":"\n\t<section class=\"section\" id=\"section_1940371987\">\n\t\t<div class=\"section-bg fill\" >\n\t\t\t\t\t\t\t\t\t\n\t\t\t\n\n\t\t<\/div>\n\n\t\t\n\n\t\t<div class=\"section-content relative\">\n\t\t\t\n<div class=\"row\"  id=\"row-23920368\">\n\n\t<div id=\"col-479112692\" class=\"col small-12 large-12\"  >\n\t\t\t\t<div class=\"col-inner\"  >\n\t\t\t\n\t\t\t\n<div class=\"row\"  id=\"row-1521091132\">\n\n\t<div id=\"col-724747885\" class=\"col small-12 large-12\"  >\n\t\t\t\t<div class=\"col-inner\"  >\n\t\t\t\n\t\t\t\n\n\t\t<div class=\"tabbed-content locacao-tabs\">\n\t\t\t\n\t\t\t<ul class=\"nav nav-tabs nav-normal nav-size-xlarge nav-left active-on-hover\" role=\"tablist\"><li id=\"tab-informa\u00c7\u00d5es\" class=\"tab active has-icon\" role=\"presentation\"><a href=\"#tab_informa\u00c7\u00d5es\" role=\"tab\" aria-selected=\"true\" aria-controls=\"tab_informa\u00c7\u00d5es\"><span>INFORMA\u00c7\u00d5ES<\/span><\/a><\/li>\n<li id=\"tab-acess\u00d3rios\" class=\"tab has-icon\" role=\"presentation\"><a href=\"#tab_acess\u00d3rios\" tabindex=\"-1\" role=\"tab\" aria-selected=\"false\" aria-controls=\"tab_acess\u00d3rios\"><span>ACESS\u00d3RIOS<\/span><\/a><\/li>\n<li id=\"tab-downloads\" class=\"tab has-icon\" role=\"presentation\"><a href=\"#tab_downloads\" tabindex=\"-1\" role=\"tab\" aria-selected=\"false\" aria-controls=\"tab_downloads\"><span>DOWNLOADS<\/span><\/a><\/li>\n<li id=\"tab-especifica\u00c7\u00d5es\" class=\"tab has-icon\" role=\"presentation\"><a href=\"#tab_especifica\u00c7\u00d5es\" tabindex=\"-1\" role=\"tab\" aria-selected=\"false\" aria-controls=\"tab_especifica\u00c7\u00d5es\"><span>ESPECIFICA\u00c7\u00d5ES<\/span><\/a><\/li><\/ul><div class=\"tab-panels\"><div id=\"tab_informa\u00c7\u00d5es\" class=\"panel active entry-content\" role=\"tabpanel\" aria-labelledby=\"tab-informa\u00c7\u00d5es\">\n<div class=\"row\"  id=\"row-900428328\">\n\n\t<div id=\"col-1256423374\" class=\"col small-12 large-12\"  >\n\t\t\t\t<div class=\"col-inner\"  >\n\t\t\t\n\t\t\t\n<p style=\"text-align: justify;\"><strong>EXCEPTIONAL AUDIO QUALITY<\/strong><\/p>\n<p>2000 mW audio output, user magnetic field reduction, air noise reduction and improved RF specifications ensure audio quality at 30% higher volume than Motorola&#8217;s XTN range.<\/p>\n<p><strong>STRENGTH AND COVERAGE<\/strong><\/p>\n<p>2 Watt UHF radios: Coverage of up to 23,000 m2, 20 floors.<\/p>\n<p>2-watt VHF radios: Coverage of up to 20,500 m2, 13 floors.<\/p>\n<p><strong>EXCLUSIVE BUSINESS FREQUENCIES<\/strong><\/p>\n<p>It operates on 48 UHF or 60 VHF (depending on the model) &#8211; two frequencies exclusively for business &#8211; and has 122 codes to help ensure a clear signal.<\/p>\n<p><strong>CUSTOMER PROGRAMMING SOFTWARE (CPS)*<\/strong><\/p>\n<p>It allows users to program functions and provides access to new features such as Reverse Burst, to eliminate unwanted noise; Radio Report, to manage copies and radio profiles; plus Management Lock, Power Source Selection, PL\/DPL Defeat and two additional disconnect timers.<\/p>\n<p>\u00a0<\/p>\n<p style=\"text-align: justify;\"><strong>ROBUST AND WATER-RESISTANT<\/strong><\/p>\n<p>It meets Military Standards 810 C, D, E, F and IP54\/55 with regard to shock, rain, humidity, salt spray, vibration, sand, dust, thermal shock and high and low temperatures.<\/p>\n<p><strong>EASY COPY<\/strong><\/p>\n<p>Quickly copy usage settings with the Radio-to-Radio Copy Cable or the Multiple Charger (both sold separately).<\/p>\n<p><strong>ADVANCED VOICE ACTIVATION (VOX)<\/strong><\/p>\n<p>Provides the convenience of hands-free operation with optional accessories.<\/p>\n<p><strong>TRICOLOR LED INTERFACE<\/strong><\/p>\n<p>The convenient interface allows users to identify different features and the radio&#8217;s status.<\/p>\n<p><strong>FLEXIBLE, LONG-LASTING BATTERY SOLUTIONS<\/strong><\/p>\n<p>The EP150&#8217;s unique Li-Ion battery packs have been designed and manufactured to ensure durability. The radios leave the factory with the standard Li-Ion battery. Its accessories include a high-capacity Li-Ion battery and a set of alkaline batteries.<\/p>\n<p style=\"text-align: justify;\"><strong>EXCEPTIONAL AUDIO QUALITY<\/strong><\/p>\n<p>2000 mW audio output, user magnetic field reduction, air noise reduction and improved RF specifications ensure audio quality at 30% higher volume than Motorola&#8217;s XTN range.<\/p>\n<p><strong>STRENGTH AND COVERAGE<\/strong><\/p>\n<p>2 Watt UHF radios: Coverage of up to 23,000 m2, 20 floors.<\/p>\n<p>2-watt VHF radios: Coverage of up to 20,500 m2, 13 floors.<\/p>\n<p><strong>EXCLUSIVE BUSINESS FREQUENCIES<\/strong><\/p>\n<p>It operates on 48 UHF or 60 VHF (depending on the model) &#8211; two frequencies exclusively for business &#8211; and has 122 codes to help ensure a clear signal.<\/p>\n<p><strong>CUSTOMER PROGRAMMING SOFTWARE (CPS)*<\/strong><\/p>\n<p>It allows users to program functions and provides access to new features such as Reverse Burst, to eliminate unwanted noise; Radio Report, to manage copies and radio profiles; plus Management Lock, Power Source Selection, PL\/DPL Defeat and two additional disconnect timers.<\/p>\n<p>\u00a0<\/p>\n<p style=\"text-align: justify;\"><strong>ROBUST AND WATER-RESISTANT<\/strong><\/p>\n<p>It meets Military Standards 810 C, D, E, F and IP54\/55 with regard to shock, rain, humidity, salt spray, vibration, sand, dust, thermal shock and high and low temperatures.<\/p>\n<p><strong>EASY COPY<\/strong><\/p>\n<p>Quickly copy usage settings with the Radio-to-Radio Copy Cable or the Multiple Charger (both sold separately).<\/p>\n<p><strong>ADVANCED VOICE ACTIVATION (VOX)<\/strong><\/p>\n<p>Provides the convenience of hands-free operation with optional accessories.<\/p>\n<p><strong>TRICOLOR LED INTERFACE<\/strong><\/p>\n<p>The convenient interface allows users to identify different features and the radio&#8217;s status.<\/p>\n<p><strong>FLEXIBLE, LONG-LASTING BATTERY SOLUTIONS<\/strong><\/p>\n<p>The EP150&#8217;s unique Li-Ion battery packs have been designed and manufactured to ensure durability. The radios leave the factory with the standard Li-Ion battery. Its accessories include a high-capacity Li-Ion battery and a set of alkaline batteries.<\/p>\n\t\t<\/div>\n\t\t\t\t\t<\/div>\n\n\t\n<\/div>\n<\/div>\n<div id=\"tab_acess\u00d3rios\" class=\"panel entry-content\" role=\"tabpanel\" aria-labelledby=\"tab-acess\u00d3rios\">\n<div class=\"row align-middle\"  id=\"row-378980139\">\n\n\t<div id=\"col-2005673436\" class=\"col medium-10 small-12 large-10\"  >\n\t\t\t\t<div class=\"col-inner\"  >\n\t\t\t\n\t\t\t\n\t\t<\/div>\n\t\t\t\t\t<\/div>\n\n\t\n\n\t<div id=\"col-973874518\" class=\"col medium-2 small-12 large-2\"  >\n\t\t\t\t<div class=\"col-inner\"  >\n\t\t\t\n\t\t\t\n\t\t<\/div>\n\t\t\t\t\t<\/div>\n\n\t\n<\/div>\n<\/div>\n<div id=\"tab_downloads\" class=\"panel entry-content\" role=\"tabpanel\" aria-labelledby=\"tab-downloads\">\n<div class=\"row\"  id=\"row-1991722103\">\n\n\t<div id=\"col-809544208\" class=\"col medium-10 small-12 large-10\"  >\n\t\t\t\t<div class=\"col-inner\"  >\n\t\t\t\n\t\t\t\n<p><a href=\"https:\/\/www.abix.com.br\/wp-content\/uploads\/Ficha-EP150.pdf\">EP150 datasheet<\/a><\/p>\n\t\t<\/div>\n\t\t\t\t\t<\/div>\n\n\t\n<\/div>\n<\/div>\n<div id=\"tab_especifica\u00c7\u00d5es\" class=\"panel entry-content\" role=\"tabpanel\" aria-labelledby=\"tab-especifica\u00c7\u00d5es\">\n<div class=\"row\"  id=\"row-1386957978\">\n\n\t<div id=\"col-1866169725\" class=\"col medium-9 small-12 large-9\"  >\n\t\t\t\t<div class=\"col-inner\"  >\n\t\t\t\n\t\t\t\n<h3>PHYSICAL CHARACTERISTICS<\/h3>\n<ul>\n<li><strong>Dimensions with standard battery<\/strong><\/li>\n<\/ul>\n<p style=\"padding-left: 40px;\">Width x Depth x Height<\/p>\n<p style=\"padding-left: 40px;\">115.6 x 57.6 x 40.5<\/p>\n<ul>\n<li><strong>Weight <\/strong><\/li>\n<\/ul>\n<p style=\"padding-left: 40px;\">244g<\/p>\n<h3>MILITARY SPECIFICATIONS<\/h3>\n<p style=\"padding-left: 40px;\">810C &#8211; 810D &#8211; 810E &#8211; 810F<\/p>\n<h3>PERFORMANCE CHARACTERISTICS<\/h3>\n<ul>\n<li><strong>Average battery life<\/strong><\/li>\n<\/ul>\n<p style=\"padding-left: 40px;\">Up to 12 hours<\/p>\n<ul>\n<li><strong>Frequency range<\/strong><\/li>\n<\/ul>\n<p style=\"padding-left: 40px;\">151- 161 MHz<\/p>\n<p style=\"padding-left: 40px;\">462 &#8211; 469 MHz<\/p>\n<ul>\n<li><strong>Channel band<\/strong><\/li>\n<\/ul>\n<p style=\"padding-left: 40px;\">12.5 \/ 25 KHz<\/p>\n<ul>\n<li><strong>Number of Channels<\/strong><\/li>\n<\/ul>\n<p style=\"padding-left: 40px;\">8<\/p>\n<ul>\n<li><strong>Audio output<\/strong><\/li>\n<\/ul>\n<p style=\"padding-left: 40px;\">2000mW<\/p>\n\t\t<\/div>\n\t\t\t\t\t<\/div>\n\n\t\n<\/div>\n<\/div><\/div><\/div>\n\t\t<\/div>\n\t\t\t\t\t<\/div>\n\n\t\n<\/div>\n\t\t<\/div>\n\t\t\t\t\t<\/div>\n\n\t\n<\/div>\n\t\t<\/div>\n\n\t\t\n<style>\n#section_1940371987 {\n  padding-top: 0px;\n  padding-bottom: 0px;\n}\n<\/style>\n\t<\/section>\n\t\n","protected":false},"excerpt":{"rendered":"<p style=\"text-align: justify;\">Motorola&#8217;s EP150 radio makes your company more competitive by increasing employee efficiency and overall profitability. Affordable and easy to use, the EP150 helps keep your operations on schedule, maximizes productivity with better work distribution, improves safety and raises customer satisfaction levels. Compatible with other radios operating on the same frequency and with the same code, the versatile EP150 also has a complete range of accessories to meet your specific needs.<\/p>\n","protected":false},"featured_media":10011,"comment_status":"closed","ping_status":"closed","template":"","meta":[],"product_brand":[],"product_cat":[101,121,95],"product_tag":[],"class_list":{"0":"post-18193","1":"product","2":"type-product","3":"status-publish","4":"has-post-thumbnail","6":"product_cat-analog-radios","7":"product_cat-commercial-line","8":"product_cat-motorola-en","10":"first","11":"instock","12":"shipping-taxable","13":"product-type-simple"},"yoast_head":"<!-- This site is optimized with the Yoast SEO plugin v27.3 - https:\/\/yoast.com\/product\/yoast-seo-wordpress\/ -->\n<title>ANALOG PORTABLE RADIO - PRO1150 - Abix<\/title>\n<meta name=\"description\" content=\"Motorola&#039;s EP150 radio makes your company more competitive by increasing employee efficiency and overall profitability.\" \/>\n<meta name=\"robots\" content=\"index, follow, max-snippet:-1, max-image-preview:large, max-video-preview:-1\" \/>\n<link rel=\"canonical\" href=\"https:\/\/abix.com.br\/produto\/pro1150\/\" \/>\n<meta property=\"og:locale\" content=\"en_US\" \/>\n<meta property=\"og:type\" content=\"article\" \/>\n<meta property=\"og:title\" content=\"ANALOG PORTABLE RADIO - PRO1150 - Abix\" \/>\n<meta property=\"og:description\" content=\"Motorola&#039;s EP150 radio makes your company more competitive by increasing employee efficiency and overall profitability.\" \/>\n<meta property=\"og:url\" content=\"https:\/\/abix.com.br\/produto\/pro1150\/\" \/>\n<meta property=\"og:site_name\" content=\"Abix\" \/>\n<meta property=\"article:modified_time\" content=\"2023-10-19T17:36:33+00:00\" \/>\n<meta property=\"og:image\" content=\"https:\/\/abix.com.br\/wp-content\/uploads\/2020\/05\/EPFRONT.png\" \/>\n\t<meta property=\"og:image:width\" content=\"405\" \/>\n\t<meta property=\"og:image:height\" content=\"512\" \/>\n\t<meta property=\"og:image:type\" content=\"image\/png\" \/>\n<meta name=\"twitter:card\" content=\"summary_large_image\" \/>\n<meta name=\"twitter:label1\" content=\"Est. reading time\" \/>\n\t<meta name=\"twitter:data1\" content=\"3 minutes\" \/>\n<script type=\"application\/ld+json\" class=\"yoast-schema-graph\">{\"@context\":\"https:\\\/\\\/schema.org\",\"@graph\":[{\"@type\":\"WebPage\",\"@id\":\"https:\\\/\\\/abix.com.br\\\/produto\\\/pro1150\\\/\",\"url\":\"https:\\\/\\\/abix.com.br\\\/produto\\\/pro1150\\\/\",\"name\":\"ANALOG PORTABLE RADIO - PRO1150 - Abix\",\"isPartOf\":{\"@id\":\"https:\\\/\\\/abix.com.br\\\/#website\"},\"primaryImageOfPage\":{\"@id\":\"https:\\\/\\\/abix.com.br\\\/produto\\\/pro1150\\\/#primaryimage\"},\"image\":{\"@id\":\"https:\\\/\\\/abix.com.br\\\/produto\\\/pro1150\\\/#primaryimage\"},\"thumbnailUrl\":\"https:\\\/\\\/abix.com.br\\\/wp-content\\\/uploads\\\/2020\\\/05\\\/EPFRONT.png\",\"datePublished\":\"2020-05-20T18:08:02+00:00\",\"dateModified\":\"2023-10-19T17:36:33+00:00\",\"description\":\"Motorola's EP150 radio makes your company more competitive by increasing employee efficiency and overall profitability.\",\"breadcrumb\":{\"@id\":\"https:\\\/\\\/abix.com.br\\\/produto\\\/pro1150\\\/#breadcrumb\"},\"inLanguage\":\"en-US\",\"potentialAction\":[{\"@type\":\"ReadAction\",\"target\":[\"https:\\\/\\\/abix.com.br\\\/produto\\\/pro1150\\\/\"]}]},{\"@type\":\"ImageObject\",\"inLanguage\":\"en-US\",\"@id\":\"https:\\\/\\\/abix.com.br\\\/produto\\\/pro1150\\\/#primaryimage\",\"url\":\"https:\\\/\\\/abix.com.br\\\/wp-content\\\/uploads\\\/2020\\\/05\\\/EPFRONT.png\",\"contentUrl\":\"https:\\\/\\\/abix.com.br\\\/wp-content\\\/uploads\\\/2020\\\/05\\\/EPFRONT.png\",\"width\":405,\"height\":512,\"caption\":\"R\u00c1DIO PORT\u00c1TIL ANAL\u00d3GICO\"},{\"@type\":\"BreadcrumbList\",\"@id\":\"https:\\\/\\\/abix.com.br\\\/produto\\\/pro1150\\\/#breadcrumb\",\"itemListElement\":[{\"@type\":\"ListItem\",\"position\":1,\"name\":\"In\u00edcio\",\"item\":\"https:\\\/\\\/abix.com.br\\\/es\\\/\"},{\"@type\":\"ListItem\",\"position\":2,\"name\":\"Loja\",\"item\":\"https:\\\/\\\/abix.com.br\\\/loja\\\/\"},{\"@type\":\"ListItem\",\"position\":3,\"name\":\"ANALOG PORTABLE RADIO &#8211; PRO1150\"}]},{\"@type\":\"WebSite\",\"@id\":\"https:\\\/\\\/abix.com.br\\\/#website\",\"url\":\"https:\\\/\\\/abix.com.br\\\/\",\"name\":\"Abix\",\"description\":\"\",\"potentialAction\":[{\"@type\":\"SearchAction\",\"target\":{\"@type\":\"EntryPoint\",\"urlTemplate\":\"https:\\\/\\\/abix.com.br\\\/?s={search_term_string}\"},\"query-input\":{\"@type\":\"PropertyValueSpecification\",\"valueRequired\":true,\"valueName\":\"search_term_string\"}}],\"inLanguage\":\"en-US\"}]}<\/script>\n<!-- \/ Yoast SEO plugin. -->","yoast_head_json":{"title":"ANALOG PORTABLE RADIO - PRO1150 - Abix","description":"Motorola's EP150 radio makes your company more competitive by increasing employee efficiency and overall profitability.","robots":{"index":"index","follow":"follow","max-snippet":"max-snippet:-1","max-image-preview":"max-image-preview:large","max-video-preview":"max-video-preview:-1"},"canonical":"https:\/\/abix.com.br\/produto\/pro1150\/","og_locale":"en_US","og_type":"article","og_title":"ANALOG PORTABLE RADIO - PRO1150 - Abix","og_description":"Motorola's EP150 radio makes your company more competitive by increasing employee efficiency and overall profitability.","og_url":"https:\/\/abix.com.br\/produto\/pro1150\/","og_site_name":"Abix","article_modified_time":"2023-10-19T17:36:33+00:00","og_image":[{"width":405,"height":512,"url":"https:\/\/abix.com.br\/wp-content\/uploads\/2020\/05\/EPFRONT.png","type":"image\/png"}],"twitter_card":"summary_large_image","twitter_misc":{"Est. reading time":"3 minutes"},"schema":{"@context":"https:\/\/schema.org","@graph":[{"@type":"WebPage","@id":"https:\/\/abix.com.br\/produto\/pro1150\/","url":"https:\/\/abix.com.br\/produto\/pro1150\/","name":"ANALOG PORTABLE RADIO - PRO1150 - Abix","isPartOf":{"@id":"https:\/\/abix.com.br\/#website"},"primaryImageOfPage":{"@id":"https:\/\/abix.com.br\/produto\/pro1150\/#primaryimage"},"image":{"@id":"https:\/\/abix.com.br\/produto\/pro1150\/#primaryimage"},"thumbnailUrl":"https:\/\/abix.com.br\/wp-content\/uploads\/2020\/05\/EPFRONT.png","datePublished":"2020-05-20T18:08:02+00:00","dateModified":"2023-10-19T17:36:33+00:00","description":"Motorola's EP150 radio makes your company more competitive by increasing employee efficiency and overall profitability.","breadcrumb":{"@id":"https:\/\/abix.com.br\/produto\/pro1150\/#breadcrumb"},"inLanguage":"en-US","potentialAction":[{"@type":"ReadAction","target":["https:\/\/abix.com.br\/produto\/pro1150\/"]}]},{"@type":"ImageObject","inLanguage":"en-US","@id":"https:\/\/abix.com.br\/produto\/pro1150\/#primaryimage","url":"https:\/\/abix.com.br\/wp-content\/uploads\/2020\/05\/EPFRONT.png","contentUrl":"https:\/\/abix.com.br\/wp-content\/uploads\/2020\/05\/EPFRONT.png","width":405,"height":512,"caption":"R\u00c1DIO PORT\u00c1TIL ANAL\u00d3GICO"},{"@type":"BreadcrumbList","@id":"https:\/\/abix.com.br\/produto\/pro1150\/#breadcrumb","itemListElement":[{"@type":"ListItem","position":1,"name":"In\u00edcio","item":"https:\/\/abix.com.br\/es\/"},{"@type":"ListItem","position":2,"name":"Loja","item":"https:\/\/abix.com.br\/loja\/"},{"@type":"ListItem","position":3,"name":"ANALOG PORTABLE RADIO &#8211; PRO1150"}]},{"@type":"WebSite","@id":"https:\/\/abix.com.br\/#website","url":"https:\/\/abix.com.br\/","name":"Abix","description":"","potentialAction":[{"@type":"SearchAction","target":{"@type":"EntryPoint","urlTemplate":"https:\/\/abix.com.br\/?s={search_term_string}"},"query-input":{"@type":"PropertyValueSpecification","valueRequired":true,"valueName":"search_term_string"}}],"inLanguage":"en-US"}]}},"_links":{"self":[{"href":"https:\/\/abix.com.br\/en\/wp-json\/wp\/v2\/product\/18193","targetHints":{"allow":["GET"]}}],"collection":[{"href":"https:\/\/abix.com.br\/en\/wp-json\/wp\/v2\/product"}],"about":[{"href":"https:\/\/abix.com.br\/en\/wp-json\/wp\/v2\/types\/product"}],"replies":[{"embeddable":true,"href":"https:\/\/abix.com.br\/en\/wp-json\/wp\/v2\/comments?post=18193"}],"wp:featuredmedia":[{"embeddable":true,"href":"https:\/\/abix.com.br\/en\/wp-json\/wp\/v2\/media\/10011"}],"wp:attachment":[{"href":"https:\/\/abix.com.br\/en\/wp-json\/wp\/v2\/media?parent=18193"}],"wp:term":[{"taxonomy":"product_brand","embeddable":true,"href":"https:\/\/abix.com.br\/en\/wp-json\/wp\/v2\/product_brand?post=18193"},{"taxonomy":"product_cat","embeddable":true,"href":"https:\/\/abix.com.br\/en\/wp-json\/wp\/v2\/product_cat?post=18193"},{"taxonomy":"product_tag","embeddable":true,"href":"https:\/\/abix.com.br\/en\/wp-json\/wp\/v2\/product_tag?post=18193"}],"curies":[{"name":"wp","href":"https:\/\/api.w.org\/{rel}","templated":true}]}}