{"id":18198,"date":"2020-05-20T11:22:43","date_gmt":"2020-05-20T14:22:43","guid":{"rendered":"https:\/\/abix.com.br\/produto\/analog-portable-radio-pro5150-is\/"},"modified":"2023-10-19T14:30:21","modified_gmt":"2023-10-19T17:30:21","slug":"pro5150is","status":"publish","type":"product","link":"https:\/\/abix.com.br\/en\/produto\/pro5150is\/","title":{"rendered":"ANALOG PORTABLE RADIO &#8211; PRO5150 IS"},"content":{"rendered":"\n\t<section class=\"section\" id=\"section_860811248\">\n\t\t<div class=\"section-bg fill\" >\n\t\t\t\t\t\t\t\t\t\n\t\t\t\n\n\t\t<\/div>\n\n\t\t\n\n\t\t<div class=\"section-content relative\">\n\t\t\t\n<div class=\"row\"  id=\"row-1680786207\">\n\n\t<div id=\"col-826415913\" class=\"col small-12 large-12\"  >\n\t\t\t\t<div class=\"col-inner\"  >\n\t\t\t\n\t\t\t\n<div class=\"row\"  id=\"row-2002843395\">\n\n\t<div id=\"col-1740463964\" class=\"col small-12 large-12\"  >\n\t\t\t\t<div class=\"col-inner\"  >\n\t\t\t\n\t\t\t\n\n\t\t<div class=\"tabbed-content locacao-tabs\">\n\t\t\t\n\t\t\t<ul class=\"nav nav-tabs nav-normal nav-size-xlarge nav-left active-on-hover\" role=\"tablist\"><li id=\"tab-informa\u00c7\u00d5es\" class=\"tab active has-icon\" role=\"presentation\"><a href=\"#tab_informa\u00c7\u00d5es\" role=\"tab\" aria-selected=\"true\" aria-controls=\"tab_informa\u00c7\u00d5es\"><span>INFORMA\u00c7\u00d5ES<\/span><\/a><\/li>\n<li id=\"tab-acess\u00d3rios\" class=\"tab has-icon\" role=\"presentation\"><a href=\"#tab_acess\u00d3rios\" tabindex=\"-1\" role=\"tab\" aria-selected=\"false\" aria-controls=\"tab_acess\u00d3rios\"><span>ACESS\u00d3RIOS<\/span><\/a><\/li>\n<li id=\"tab-downloads\" class=\"tab has-icon\" role=\"presentation\"><a href=\"#tab_downloads\" tabindex=\"-1\" role=\"tab\" aria-selected=\"false\" aria-controls=\"tab_downloads\"><span>DOWNLOADS<\/span><\/a><\/li>\n<li id=\"tab-especifica\u00c7\u00d5es\" class=\"tab has-icon\" role=\"presentation\"><a href=\"#tab_especifica\u00c7\u00d5es\" tabindex=\"-1\" role=\"tab\" aria-selected=\"false\" aria-controls=\"tab_especifica\u00c7\u00d5es\"><span>ESPECIFICA\u00c7\u00d5ES<\/span><\/a><\/li><\/ul><div class=\"tab-panels\"><div id=\"tab_informa\u00c7\u00d5es\" class=\"panel active entry-content\" role=\"tabpanel\" aria-labelledby=\"tab-informa\u00c7\u00d5es\">\n<div class=\"row\"  id=\"row-668076972\">\n\n\t<div id=\"col-1139357508\" class=\"col small-12 large-12\"  >\n\t\t\t\t<div class=\"col-inner\"  >\n\t\t\t\n\t\t\t\n<p style=\"text-align: justify;\"><strong>DIFFERENT TONE<\/strong><\/p>\n<p style=\"text-align: justify;\">Eight different ring tones allow you to identify an individual or group call.<\/p>\n<p style=\"text-align: justify;\"><strong>PROGRAMMABLE POWER LEVEL<\/strong><\/p>\n<p style=\"text-align: justify;\">Each channel can be programmed with high or low power, depending on your coverage needs. Any of the radio&#8217;s side buttons can be programmed to temporarily switch between high and low power levels.<\/p>\n<p style=\"text-align: justify;\"><strong>INTERNAL VOICE-OPERATED TRANSMISSION (VOX)<\/strong><\/p>\n<p style=\"text-align: justify;\">With the use of a suitable headset, you can speak and hear<br \/>over the radio without having to use your hands.<\/p>\n<p style=\"text-align: justify;\"><strong>EMERGENCY SIREN<\/strong><\/p>\n<p style=\"text-align: justify;\">A dedicated button on the top of the radio can be programmed to emit a high-pitched sound when pressed in an emergency.<\/p>\n<p style=\"text-align: justify;\"><strong>12.5 khZ \/ 25 khZ PROGRAMMABLE CHANNEL SPACE<\/strong><\/p>\n<p style=\"text-align: justify;\">Each channel can be programmed with 12.5 kHz or 25 kHz channel spacing to accommodate changes in government regulations.<\/p>\n<p style=\"text-align: justify;\"><strong>ESCALERT<\/strong><\/p>\n<p style=\"text-align: justify;\">When a selective call or alert call is not answered, the alert tone gradually increases.<\/p>\n\t\t<\/div>\n\t\t\t\t\t<\/div>\n\n\t\n<\/div>\n<\/div>\n<div id=\"tab_acess\u00d3rios\" class=\"panel entry-content\" role=\"tabpanel\" aria-labelledby=\"tab-acess\u00d3rios\">\n<div class=\"row align-middle\"  id=\"row-1823722827\">\n\n\t<div id=\"col-429919395\" class=\"col medium-10 small-12 large-10\"  >\n\t\t\t\t<div class=\"col-inner\"  >\n\t\t\t\n\t\t\t\n\t\t<\/div>\n\t\t\t\t\t<\/div>\n\n\t\n\n\t<div id=\"col-1480658127\" class=\"col medium-2 small-12 large-2\"  >\n\t\t\t\t<div class=\"col-inner\"  >\n\t\t\t\n\t\t\t\n\t\t<\/div>\n\t\t\t\t\t<\/div>\n\n\t\n<\/div>\n<\/div>\n<div id=\"tab_downloads\" class=\"panel entry-content\" role=\"tabpanel\" aria-labelledby=\"tab-downloads\">\n<div class=\"row\"  id=\"row-979547330\">\n\n\t<div id=\"col-1778813778\" class=\"col medium-10 small-12 large-10\"  >\n\t\t\t\t<div class=\"col-inner\"  >\n\t\t\t\n\t\t\t\n<p><strong>DATA SHEET<\/strong><\/p>\n<ul>\n<li><span style=\"color: #0000ff;\"><a style=\"color: #0000ff;\" href=\"https:\/\/www.abix.com.br\/wp-content\/uploads\/Ficha-PRO5150-IS.pdf\">Pro5150 IS datasheet<\/a><\/span><\/li>\n<\/ul>\n\t\t<\/div>\n\t\t\t\t\t<\/div>\n\n\t\n<\/div>\n<\/div>\n<div id=\"tab_especifica\u00c7\u00d5es\" class=\"panel entry-content\" role=\"tabpanel\" aria-labelledby=\"tab-especifica\u00c7\u00d5es\">\n<div class=\"row\"  id=\"row-1321359769\">\n\n\t<div id=\"col-1229060480\" class=\"col medium-9 small-12 large-9\"  >\n\t\t\t\t<div class=\"col-inner\"  >\n\t\t\t\n\t\t\t\n<h3>PHYSICAL CHARACTERISTICS<\/h3>\n<ul>\n<li><strong>Dimensions (standard high-capacity battery, without clip)<\/strong><\/li>\n<\/ul>\n<p style=\"padding-left: 40px;\">5.40 in. x 2.26 in. x 1.50 in.<\/p>\n<p style=\"padding-left: 40px;\">137mm x 57.5mm x 37.5mm<\/p>\n<ul>\n<li><strong>Weight (grams \/ ounces)<\/strong><\/li>\n<\/ul>\n<p style=\"padding-left: 40px;\">420\/15<\/p>\n<h3>MILITARY SPECIFICATIONS<\/h3>\n<p style=\"padding-left: 40px;\">810C , D, E.<\/p>\n<h3>PERFORMANCE CHARACTERISTICS<\/h3>\n<ul>\n<li><strong>Average battery life<\/strong><\/li>\n<\/ul>\n<p style=\"padding-left: 40px;\">11 hours low power \/ 08 hours high power<\/p>\n<ul>\n<li><strong>Frequency range<\/strong><\/li>\n<\/ul>\n<p style=\"padding-left: 40px;\">146 &#8211; 174 MHz<\/p>\n<p style=\"padding-left: 40px;\">403 &#8211; 440 MHz<\/p>\n<p style=\"padding-left: 40px;\">450 &#8211; 527 MHz<\/p>\n<ul>\n<li><strong>Channel spacing<\/strong><\/li>\n<\/ul>\n<p style=\"padding-left: 40px;\">20 KHz<\/p>\n<ul>\n<li><b>Power supply<\/b><\/li>\n<\/ul>\n<p style=\"padding-left: 40px;\">7.5 volt rechargeable battery<\/p>\n<ul>\n<li><b>Intrinsically Safe<\/b><\/li>\n<\/ul>\n<p style=\"padding-left: 40px;\">Yes<\/p>\n\t\t<\/div>\n\t\t\t\t\t<\/div>\n\n\t\n<\/div>\n<\/div><\/div><\/div>\n\t\t<\/div>\n\t\t\t\t\t<\/div>\n\n\t\n<\/div>\n\t\t<\/div>\n\t\t\t\t\t<\/div>\n\n\t\n<\/div>\n\t\t<\/div>\n\n\t\t\n<style>\n#section_860811248 {\n  padding-top: 0px;\n  padding-bottom: 0px;\n}\n<\/style>\n\t<\/section>\n\t\n","protected":false},"excerpt":{"rendered":"<p style=\"text-align: justify;\">Intrinsically Safe radios have components and accessories made with the safety of your property and your employees in mind. Many of our customers use PRO5150IS radios.<\/p>\n<p style=\"text-align: justify;\">Specially designed for work in explosion-prone environments, such as oil refineries, silos, etc., Motorola&#8217;s intrinsically safe radios prevent sparks and electrical discharges, without compromising the weight or transmission quality of the devices.<\/p>\n<p style=\"text-align: justify;\">These radios are certified in Brazil by the responsible body CEPEL-INMETRO<\/p>\n","protected":false},"featured_media":9958,"comment_status":"closed","ping_status":"closed","template":"","meta":[],"product_brand":[],"product_cat":[101,103,95,93,122],"product_tag":[],"class_list":{"0":"post-18198","1":"product","2":"type-product","3":"status-publish","4":"has-post-thumbnail","6":"product_cat-analog-radios","7":"product_cat-atex-ex-equipment","8":"product_cat-motorola-en","9":"product_cat-professional-line","10":"product_cat-radio-ex","12":"first","13":"instock","14":"shipping-taxable","15":"product-type-simple"},"yoast_head":"<!-- This site is optimized with the Yoast SEO plugin v27.3 - https:\/\/yoast.com\/product\/yoast-seo-wordpress\/ -->\n<title>ANALOG PORTABLE RADIO - PRO5150 IS - Abix<\/title>\n<meta name=\"description\" content=\"Intrinsically Safe radios have components and accessories made with the safety of your property and your employees in mind.\" \/>\n<meta name=\"robots\" content=\"index, follow, max-snippet:-1, max-image-preview:large, max-video-preview:-1\" \/>\n<link rel=\"canonical\" href=\"https:\/\/abix.com.br\/produto\/pro5150is\/\" \/>\n<meta property=\"og:locale\" content=\"en_US\" \/>\n<meta property=\"og:type\" content=\"article\" \/>\n<meta property=\"og:title\" content=\"ANALOG PORTABLE RADIO - PRO5150 IS - Abix\" \/>\n<meta property=\"og:description\" content=\"Intrinsically Safe radios have components and accessories made with the safety of your property and your employees in mind.\" \/>\n<meta property=\"og:url\" content=\"https:\/\/abix.com.br\/produto\/pro5150is\/\" \/>\n<meta property=\"og:site_name\" content=\"Abix\" \/>\n<meta property=\"article:modified_time\" content=\"2023-10-19T17:30:21+00:00\" \/>\n<meta property=\"og:image\" content=\"https:\/\/abix.com.br\/wp-content\/uploads\/2020\/05\/PRO5150-FRONT.jpg\" \/>\n\t<meta property=\"og:image:width\" content=\"671\" \/>\n\t<meta property=\"og:image:height\" content=\"675\" \/>\n\t<meta property=\"og:image:type\" content=\"image\/jpeg\" \/>\n<meta name=\"twitter:card\" content=\"summary_large_image\" \/>\n<meta name=\"twitter:label1\" content=\"Est. reading time\" \/>\n\t<meta name=\"twitter:data1\" content=\"2 minutes\" \/>\n<script type=\"application\/ld+json\" class=\"yoast-schema-graph\">{\"@context\":\"https:\\\/\\\/schema.org\",\"@graph\":[{\"@type\":\"WebPage\",\"@id\":\"https:\\\/\\\/abix.com.br\\\/produto\\\/pro5150is\\\/\",\"url\":\"https:\\\/\\\/abix.com.br\\\/produto\\\/pro5150is\\\/\",\"name\":\"ANALOG PORTABLE RADIO - PRO5150 IS - Abix\",\"isPartOf\":{\"@id\":\"https:\\\/\\\/abix.com.br\\\/#website\"},\"primaryImageOfPage\":{\"@id\":\"https:\\\/\\\/abix.com.br\\\/produto\\\/pro5150is\\\/#primaryimage\"},\"image\":{\"@id\":\"https:\\\/\\\/abix.com.br\\\/produto\\\/pro5150is\\\/#primaryimage\"},\"thumbnailUrl\":\"https:\\\/\\\/abix.com.br\\\/wp-content\\\/uploads\\\/2020\\\/05\\\/PRO5150-FRONT.jpg\",\"datePublished\":\"2020-05-20T14:22:43+00:00\",\"dateModified\":\"2023-10-19T17:30:21+00:00\",\"description\":\"Intrinsically Safe radios have components and accessories made with the safety of your property and your employees in mind.\",\"breadcrumb\":{\"@id\":\"https:\\\/\\\/abix.com.br\\\/produto\\\/pro5150is\\\/#breadcrumb\"},\"inLanguage\":\"en-US\",\"potentialAction\":[{\"@type\":\"ReadAction\",\"target\":[\"https:\\\/\\\/abix.com.br\\\/produto\\\/pro5150is\\\/\"]}]},{\"@type\":\"ImageObject\",\"inLanguage\":\"en-US\",\"@id\":\"https:\\\/\\\/abix.com.br\\\/produto\\\/pro5150is\\\/#primaryimage\",\"url\":\"https:\\\/\\\/abix.com.br\\\/wp-content\\\/uploads\\\/2020\\\/05\\\/PRO5150-FRONT.jpg\",\"contentUrl\":\"https:\\\/\\\/abix.com.br\\\/wp-content\\\/uploads\\\/2020\\\/05\\\/PRO5150-FRONT.jpg\",\"width\":671,\"height\":675,\"caption\":\"R\u00c1DIO PORT\u00c1TIL ANAL\u00d3GICO PRO5150\"},{\"@type\":\"BreadcrumbList\",\"@id\":\"https:\\\/\\\/abix.com.br\\\/produto\\\/pro5150is\\\/#breadcrumb\",\"itemListElement\":[{\"@type\":\"ListItem\",\"position\":1,\"name\":\"In\u00edcio\",\"item\":\"https:\\\/\\\/abix.com.br\\\/es\\\/\"},{\"@type\":\"ListItem\",\"position\":2,\"name\":\"Loja\",\"item\":\"https:\\\/\\\/abix.com.br\\\/loja\\\/\"},{\"@type\":\"ListItem\",\"position\":3,\"name\":\"ANALOG PORTABLE RADIO &#8211; PRO5150 IS\"}]},{\"@type\":\"WebSite\",\"@id\":\"https:\\\/\\\/abix.com.br\\\/#website\",\"url\":\"https:\\\/\\\/abix.com.br\\\/\",\"name\":\"Abix\",\"description\":\"\",\"potentialAction\":[{\"@type\":\"SearchAction\",\"target\":{\"@type\":\"EntryPoint\",\"urlTemplate\":\"https:\\\/\\\/abix.com.br\\\/?s={search_term_string}\"},\"query-input\":{\"@type\":\"PropertyValueSpecification\",\"valueRequired\":true,\"valueName\":\"search_term_string\"}}],\"inLanguage\":\"en-US\"}]}<\/script>\n<!-- \/ Yoast SEO plugin. -->","yoast_head_json":{"title":"ANALOG PORTABLE RADIO - PRO5150 IS - Abix","description":"Intrinsically Safe radios have components and accessories made with the safety of your property and your employees in mind.","robots":{"index":"index","follow":"follow","max-snippet":"max-snippet:-1","max-image-preview":"max-image-preview:large","max-video-preview":"max-video-preview:-1"},"canonical":"https:\/\/abix.com.br\/produto\/pro5150is\/","og_locale":"en_US","og_type":"article","og_title":"ANALOG PORTABLE RADIO - PRO5150 IS - Abix","og_description":"Intrinsically Safe radios have components and accessories made with the safety of your property and your employees in mind.","og_url":"https:\/\/abix.com.br\/produto\/pro5150is\/","og_site_name":"Abix","article_modified_time":"2023-10-19T17:30:21+00:00","og_image":[{"width":671,"height":675,"url":"https:\/\/abix.com.br\/wp-content\/uploads\/2020\/05\/PRO5150-FRONT.jpg","type":"image\/jpeg"}],"twitter_card":"summary_large_image","twitter_misc":{"Est. reading time":"2 minutes"},"schema":{"@context":"https:\/\/schema.org","@graph":[{"@type":"WebPage","@id":"https:\/\/abix.com.br\/produto\/pro5150is\/","url":"https:\/\/abix.com.br\/produto\/pro5150is\/","name":"ANALOG PORTABLE RADIO - PRO5150 IS - Abix","isPartOf":{"@id":"https:\/\/abix.com.br\/#website"},"primaryImageOfPage":{"@id":"https:\/\/abix.com.br\/produto\/pro5150is\/#primaryimage"},"image":{"@id":"https:\/\/abix.com.br\/produto\/pro5150is\/#primaryimage"},"thumbnailUrl":"https:\/\/abix.com.br\/wp-content\/uploads\/2020\/05\/PRO5150-FRONT.jpg","datePublished":"2020-05-20T14:22:43+00:00","dateModified":"2023-10-19T17:30:21+00:00","description":"Intrinsically Safe radios have components and accessories made with the safety of your property and your employees in mind.","breadcrumb":{"@id":"https:\/\/abix.com.br\/produto\/pro5150is\/#breadcrumb"},"inLanguage":"en-US","potentialAction":[{"@type":"ReadAction","target":["https:\/\/abix.com.br\/produto\/pro5150is\/"]}]},{"@type":"ImageObject","inLanguage":"en-US","@id":"https:\/\/abix.com.br\/produto\/pro5150is\/#primaryimage","url":"https:\/\/abix.com.br\/wp-content\/uploads\/2020\/05\/PRO5150-FRONT.jpg","contentUrl":"https:\/\/abix.com.br\/wp-content\/uploads\/2020\/05\/PRO5150-FRONT.jpg","width":671,"height":675,"caption":"R\u00c1DIO PORT\u00c1TIL ANAL\u00d3GICO PRO5150"},{"@type":"BreadcrumbList","@id":"https:\/\/abix.com.br\/produto\/pro5150is\/#breadcrumb","itemListElement":[{"@type":"ListItem","position":1,"name":"In\u00edcio","item":"https:\/\/abix.com.br\/es\/"},{"@type":"ListItem","position":2,"name":"Loja","item":"https:\/\/abix.com.br\/loja\/"},{"@type":"ListItem","position":3,"name":"ANALOG PORTABLE RADIO &#8211; PRO5150 IS"}]},{"@type":"WebSite","@id":"https:\/\/abix.com.br\/#website","url":"https:\/\/abix.com.br\/","name":"Abix","description":"","potentialAction":[{"@type":"SearchAction","target":{"@type":"EntryPoint","urlTemplate":"https:\/\/abix.com.br\/?s={search_term_string}"},"query-input":{"@type":"PropertyValueSpecification","valueRequired":true,"valueName":"search_term_string"}}],"inLanguage":"en-US"}]}},"_links":{"self":[{"href":"https:\/\/abix.com.br\/en\/wp-json\/wp\/v2\/product\/18198","targetHints":{"allow":["GET"]}}],"collection":[{"href":"https:\/\/abix.com.br\/en\/wp-json\/wp\/v2\/product"}],"about":[{"href":"https:\/\/abix.com.br\/en\/wp-json\/wp\/v2\/types\/product"}],"replies":[{"embeddable":true,"href":"https:\/\/abix.com.br\/en\/wp-json\/wp\/v2\/comments?post=18198"}],"wp:featuredmedia":[{"embeddable":true,"href":"https:\/\/abix.com.br\/en\/wp-json\/wp\/v2\/media\/9958"}],"wp:attachment":[{"href":"https:\/\/abix.com.br\/en\/wp-json\/wp\/v2\/media?parent=18198"}],"wp:term":[{"taxonomy":"product_brand","embeddable":true,"href":"https:\/\/abix.com.br\/en\/wp-json\/wp\/v2\/product_brand?post=18198"},{"taxonomy":"product_cat","embeddable":true,"href":"https:\/\/abix.com.br\/en\/wp-json\/wp\/v2\/product_cat?post=18198"},{"taxonomy":"product_tag","embeddable":true,"href":"https:\/\/abix.com.br\/en\/wp-json\/wp\/v2\/product_tag?post=18198"}],"curies":[{"name":"wp","href":"https:\/\/api.w.org\/{rel}","templated":true}]}}