{"id":18200,"date":"2020-05-20T10:23:39","date_gmt":"2020-05-20T13:23:39","guid":{"rendered":"https:\/\/abix.com.br\/produto\/analog-portable-radio-ep450\/"},"modified":"2023-10-19T14:48:54","modified_gmt":"2023-10-19T17:48:54","slug":"ep450","status":"publish","type":"product","link":"https:\/\/abix.com.br\/en\/produto\/ep450\/","title":{"rendered":"ANALOG PORTABLE RADIO &#8211; EP450"},"content":{"rendered":"\n\t<section class=\"section\" id=\"section_1637642454\">\n\t\t<div class=\"section-bg fill\" >\n\t\t\t\t\t\t\t\t\t\n\t\t\t\n\n\t\t<\/div>\n\n\t\t\n\n\t\t<div class=\"section-content relative\">\n\t\t\t\n<div class=\"row\"  id=\"row-1157370719\">\n\n\t<div id=\"col-1231893474\" class=\"col small-12 large-12\"  >\n\t\t\t\t<div class=\"col-inner\"  >\n\t\t\t\n\t\t\t\n<div class=\"row\"  id=\"row-1607531955\">\n\n\t<div id=\"col-1926589449\" class=\"col small-12 large-12\"  >\n\t\t\t\t<div class=\"col-inner\"  >\n\t\t\t\n\t\t\t\n\n\t\t<div class=\"tabbed-content locacao-tabs\">\n\t\t\t\n\t\t\t<ul class=\"nav nav-tabs nav-normal nav-size-xlarge nav-left active-on-hover\" role=\"tablist\"><li id=\"tab-informa\u00c7\u00d5es\" class=\"tab active has-icon\" role=\"presentation\"><a href=\"#tab_informa\u00c7\u00d5es\" role=\"tab\" aria-selected=\"true\" aria-controls=\"tab_informa\u00c7\u00d5es\"><span>INFORMA\u00c7\u00d5ES<\/span><\/a><\/li>\n<li id=\"tab-acess\u00d3rios\" class=\"tab has-icon\" role=\"presentation\"><a href=\"#tab_acess\u00d3rios\" tabindex=\"-1\" role=\"tab\" aria-selected=\"false\" aria-controls=\"tab_acess\u00d3rios\"><span>ACESS\u00d3RIOS<\/span><\/a><\/li>\n<li id=\"tab-downloads\" class=\"tab has-icon\" role=\"presentation\"><a href=\"#tab_downloads\" tabindex=\"-1\" role=\"tab\" aria-selected=\"false\" aria-controls=\"tab_downloads\"><span>DOWNLOADS<\/span><\/a><\/li>\n<li id=\"tab-especifica\u00c7\u00d5es\" class=\"tab has-icon\" role=\"presentation\"><a href=\"#tab_especifica\u00c7\u00d5es\" tabindex=\"-1\" role=\"tab\" aria-selected=\"false\" aria-controls=\"tab_especifica\u00c7\u00d5es\"><span>ESPECIFICA\u00c7\u00d5ES<\/span><\/a><\/li><\/ul><div class=\"tab-panels\"><div id=\"tab_informa\u00c7\u00d5es\" class=\"panel active entry-content\" role=\"tabpanel\" aria-labelledby=\"tab-informa\u00c7\u00d5es\">\n<div class=\"row\"  id=\"row-2082141102\">\n\n\t<div id=\"col-913207929\" class=\"col small-12 large-12\"  >\n\t\t\t\t<div class=\"col-inner\"  >\n\t\t\t\n\t\t\t\n<p style=\"text-align: justify;\"><strong>16 CHANNELS<\/strong><\/p>\n<p style=\"text-align: justify;\">Organize your work teams into several individual conversation groups. An ideal tool for complex operations where communication between different teams is essential.<\/p>\n<p style=\"text-align: justify;\"><strong>DUAL PRIORITY SCANNING<\/strong><\/p>\n<p style=\"text-align: justify;\">Use frequent priority channel activity scanning to avoid losing vital information. Use this function for situations where you need to supervise one or two groups more frequently.<\/p>\n<p style=\"text-align: justify;\"><strong>PTT-ID (SEND \/ RECEIVE)<\/strong><\/p>\n<p style=\"text-align: justify;\">You can optimize your time by quickly identifying radio users.<\/p>\n<p style=\"text-align: justify;\"><strong>INTERNAL VOICE-ACTIVATED TRANSMISSION (VOX)<\/strong><\/p>\n<p style=\"text-align: justify;\">With the help of an appropriate accessory, you can speak and listen without having to use your hands. Don&#8217;t interrupt your tasks, save time and be more productive.<\/p>\n<p style=\"text-align: justify;\"><b>SELECTIVE INHIBITION OF EP450 RADIO<\/b><\/p>\n<p style=\"text-align: justify;\">The EP450 radio is equipped with a safety feature that allows it to track down inoperative units from time to time when an inhibit signal is sent from the base station. This feature is normally used for disabled radios, in the event of theft or for system control reasons. When the radio is located by the base station, all the controls will be out of service except for the Power button.<\/p>\n\t\t<\/div>\n\t\t\t\t\t<\/div>\n\n\t\n<\/div>\n<\/div>\n<div id=\"tab_acess\u00d3rios\" class=\"panel entry-content\" role=\"tabpanel\" aria-labelledby=\"tab-acess\u00d3rios\">\n<div class=\"row align-middle\"  id=\"row-1009692403\">\n\n\t<div id=\"col-1682844327\" class=\"col medium-10 small-12 large-10\"  >\n\t\t\t\t<div class=\"col-inner\"  >\n\t\t\t\n\t\t\t\n\t\t<\/div>\n\t\t\t\t\t<\/div>\n\n\t\n\n\t<div id=\"col-253003462\" class=\"col medium-2 small-12 large-2\"  >\n\t\t\t\t<div class=\"col-inner\"  >\n\t\t\t\n\t\t\t\n\t\t<\/div>\n\t\t\t\t\t<\/div>\n\n\t\n<\/div>\n<\/div>\n<div id=\"tab_downloads\" class=\"panel entry-content\" role=\"tabpanel\" aria-labelledby=\"tab-downloads\">\n<div class=\"row\"  id=\"row-1946394980\">\n\n\t<div id=\"col-1749916085\" class=\"col medium-10 small-12 large-10\"  >\n\t\t\t\t<div class=\"col-inner\"  >\n\t\t\t\n\t\t\t\n<p><a href=\"https:\/\/www.abix.com.br\/wp-content\/uploads\/Ficha-EP450.pdf\">EP450 datasheet<\/a><\/p>\n\t\t<\/div>\n\t\t\t\t\t<\/div>\n\n\t\n<\/div>\n<\/div>\n<div id=\"tab_especifica\u00c7\u00d5es\" class=\"panel entry-content\" role=\"tabpanel\" aria-labelledby=\"tab-especifica\u00c7\u00d5es\">\n<div class=\"row\"  id=\"row-1846500330\">\n\n\t<div id=\"col-532830042\" class=\"col medium-9 small-12 large-9\"  >\n\t\t\t\t<div class=\"col-inner\"  >\n\t\t\t\n\t\t\t\n<h3>PHYSICAL CHARACTERISTICS<\/h3>\n<ul>\n<li><strong>Dimensions <\/strong><\/li>\n<\/ul>\n<p style=\"padding-left: 40px;\">Width x Depth x Height<\/p>\n<p>130.5mm x 62mm x 45mm (5.12in x 2.44in x 1.77in)<\/p>\n<ul>\n<li><strong>Weight <\/strong><\/li>\n<\/ul>\n<p style=\"padding-left: 40px;\">397g<\/p>\n<h3>MILITARY SPECIFICATIONS<\/h3>\n<p style=\"padding-left: 40px;\">810C &#8211; 810D &#8211; 810E &#8211; 810F<\/p>\n<h3>PERFORMANCE CHARACTERISTICS<\/h3>\n<ul>\n<li><strong>Average battery life<\/strong><\/li>\n<\/ul>\n<p style=\"padding-left: 40px;\">17 hours low power \/ 12 hours high power<\/p>\n<ul>\n<li><strong>Frequency range<\/strong><\/li>\n<\/ul>\n<p style=\"padding-left: 40px;\">146 &#8211; 174 MHz<\/p>\n<p style=\"padding-left: 40px;\">403 &#8211; 440 MHz<\/p>\n<p style=\"padding-left: 40px;\">438 &#8211; 470 MHz<\/p>\n<p style=\"padding-left: 40px;\">465 &#8211; 495 MHz<\/p>\n<ul>\n<li><strong>Channel spacing<\/strong><\/li>\n<\/ul>\n<p style=\"padding-left: 40px;\">12.5 \/ 20 \/ 25 KHz<\/p>\n\t\t<\/div>\n\t\t\t\t\t<\/div>\n\n\t\n<\/div>\n<\/div><\/div><\/div>\n\t\t<\/div>\n\t\t\t\t\t<\/div>\n\n\t\n<\/div>\n\t\t<\/div>\n\t\t\t\t\t<\/div>\n\n\t\n<\/div>\n\t\t<\/div>\n\n\t\t\n<style>\n#section_1637642454 {\n  padding-top: 0px;\n  padding-bottom: 0px;\n}\n<\/style>\n\t<\/section>\n\t\n","protected":false},"excerpt":{"rendered":"<p style=\"text-align: justify;\">The Motorola EP450 radio with keypad and display, with a modern and innovative design, ergonomic, light and compact, guaranteeing its quality.<\/p>\n<p style=\"text-align: justify;\">The EP450 portable radio has several features that make it stand out: 64 channels, 8-character alphanumeric display, several frequency bands, PL DPL, integrated VOX and several battery options.<\/p>\n<p style=\"text-align: justify;\">An affordable solution to offer a high quality service.<\/p>\n","protected":false},"featured_media":9953,"comment_status":"closed","ping_status":"closed","template":"","meta":[],"product_brand":[],"product_cat":[101,95,93],"product_tag":[],"class_list":{"0":"post-18200","1":"product","2":"type-product","3":"status-publish","4":"has-post-thumbnail","6":"product_cat-analog-radios","7":"product_cat-motorola-en","8":"product_cat-professional-line","10":"first","11":"instock","12":"shipping-taxable","13":"product-type-simple"},"yoast_head":"<!-- This site is optimized with the Yoast SEO plugin v27.4 - https:\/\/yoast.com\/product\/yoast-seo-wordpress\/ -->\n<title>ANALOG PORTABLE RADIO - EP450 - Abix Technology<\/title>\n<meta name=\"description\" content=\"The Motorola EP450 radio with keypad and display, with a modern and innovative design, ergonomic, light and compact, guaranteeing its quality.\" \/>\n<meta name=\"robots\" content=\"index, follow, max-snippet:-1, max-image-preview:large, max-video-preview:-1\" \/>\n<link rel=\"canonical\" href=\"https:\/\/abix.com.br\/produto\/ep450\/\" \/>\n<meta property=\"og:locale\" content=\"en_US\" \/>\n<meta property=\"og:type\" content=\"article\" \/>\n<meta property=\"og:title\" content=\"ANALOG PORTABLE RADIO - EP450 - Abix Technology\" \/>\n<meta property=\"og:description\" content=\"The Motorola EP450 radio with keypad and display, with a modern and innovative design, ergonomic, light and compact, guaranteeing its quality.\" \/>\n<meta property=\"og:url\" content=\"https:\/\/abix.com.br\/produto\/ep450\/\" \/>\n<meta property=\"og:site_name\" content=\"Abix\" \/>\n<meta property=\"article:modified_time\" content=\"2023-10-19T17:48:54+00:00\" \/>\n<meta property=\"og:image\" content=\"https:\/\/abix.com.br\/wp-content\/uploads\/2020\/05\/EP450.jpg\" \/>\n\t<meta property=\"og:image:width\" content=\"671\" \/>\n\t<meta property=\"og:image:height\" content=\"675\" \/>\n\t<meta property=\"og:image:type\" content=\"image\/jpeg\" \/>\n<meta name=\"twitter:card\" content=\"summary_large_image\" \/>\n<meta name=\"twitter:label1\" content=\"Est. reading time\" \/>\n\t<meta name=\"twitter:data1\" content=\"2 minutes\" \/>\n<script type=\"application\/ld+json\" class=\"yoast-schema-graph\">{\"@context\":\"https:\\\/\\\/schema.org\",\"@graph\":[{\"@type\":\"WebPage\",\"@id\":\"https:\\\/\\\/abix.com.br\\\/produto\\\/ep450\\\/\",\"url\":\"https:\\\/\\\/abix.com.br\\\/produto\\\/ep450\\\/\",\"name\":\"ANALOG PORTABLE RADIO - EP450 - Abix Technology\",\"isPartOf\":{\"@id\":\"https:\\\/\\\/abix.com.br\\\/#website\"},\"primaryImageOfPage\":{\"@id\":\"https:\\\/\\\/abix.com.br\\\/produto\\\/ep450\\\/#primaryimage\"},\"image\":{\"@id\":\"https:\\\/\\\/abix.com.br\\\/produto\\\/ep450\\\/#primaryimage\"},\"thumbnailUrl\":\"https:\\\/\\\/abix.com.br\\\/wp-content\\\/uploads\\\/2020\\\/05\\\/EP450.jpg\",\"datePublished\":\"2020-05-20T13:23:39+00:00\",\"dateModified\":\"2023-10-19T17:48:54+00:00\",\"description\":\"The Motorola EP450 radio with keypad and display, with a modern and innovative design, ergonomic, light and compact, guaranteeing its quality.\",\"breadcrumb\":{\"@id\":\"https:\\\/\\\/abix.com.br\\\/produto\\\/ep450\\\/#breadcrumb\"},\"inLanguage\":\"en-US\",\"potentialAction\":[{\"@type\":\"ReadAction\",\"target\":[\"https:\\\/\\\/abix.com.br\\\/produto\\\/ep450\\\/\"]}]},{\"@type\":\"ImageObject\",\"inLanguage\":\"en-US\",\"@id\":\"https:\\\/\\\/abix.com.br\\\/produto\\\/ep450\\\/#primaryimage\",\"url\":\"https:\\\/\\\/abix.com.br\\\/wp-content\\\/uploads\\\/2020\\\/05\\\/EP450.jpg\",\"contentUrl\":\"https:\\\/\\\/abix.com.br\\\/wp-content\\\/uploads\\\/2020\\\/05\\\/EP450.jpg\",\"width\":671,\"height\":675,\"caption\":\"R\u00c1DIO PORT\u00c1TIL ANAL\u00d3GICO EP450\"},{\"@type\":\"BreadcrumbList\",\"@id\":\"https:\\\/\\\/abix.com.br\\\/produto\\\/ep450\\\/#breadcrumb\",\"itemListElement\":[{\"@type\":\"ListItem\",\"position\":1,\"name\":\"In\u00edcio\",\"item\":\"https:\\\/\\\/abix.com.br\\\/en\\\/\"},{\"@type\":\"ListItem\",\"position\":2,\"name\":\"Loja\",\"item\":\"https:\\\/\\\/abix.com.br\\\/loja\\\/\"},{\"@type\":\"ListItem\",\"position\":3,\"name\":\"ANALOG PORTABLE RADIO &#8211; EP450\"}]},{\"@type\":\"WebSite\",\"@id\":\"https:\\\/\\\/abix.com.br\\\/#website\",\"url\":\"https:\\\/\\\/abix.com.br\\\/\",\"name\":\"Abix\",\"description\":\"\",\"potentialAction\":[{\"@type\":\"SearchAction\",\"target\":{\"@type\":\"EntryPoint\",\"urlTemplate\":\"https:\\\/\\\/abix.com.br\\\/?s={search_term_string}\"},\"query-input\":{\"@type\":\"PropertyValueSpecification\",\"valueRequired\":true,\"valueName\":\"search_term_string\"}}],\"inLanguage\":\"en-US\"}]}<\/script>\n<!-- \/ Yoast SEO plugin. -->","yoast_head_json":{"title":"ANALOG PORTABLE RADIO - EP450 - Abix Technology","description":"The Motorola EP450 radio with keypad and display, with a modern and innovative design, ergonomic, light and compact, guaranteeing its quality.","robots":{"index":"index","follow":"follow","max-snippet":"max-snippet:-1","max-image-preview":"max-image-preview:large","max-video-preview":"max-video-preview:-1"},"canonical":"https:\/\/abix.com.br\/produto\/ep450\/","og_locale":"en_US","og_type":"article","og_title":"ANALOG PORTABLE RADIO - EP450 - Abix Technology","og_description":"The Motorola EP450 radio with keypad and display, with a modern and innovative design, ergonomic, light and compact, guaranteeing its quality.","og_url":"https:\/\/abix.com.br\/produto\/ep450\/","og_site_name":"Abix","article_modified_time":"2023-10-19T17:48:54+00:00","og_image":[{"width":671,"height":675,"url":"https:\/\/abix.com.br\/wp-content\/uploads\/2020\/05\/EP450.jpg","type":"image\/jpeg"}],"twitter_card":"summary_large_image","twitter_misc":{"Est. reading time":"2 minutes"},"schema":{"@context":"https:\/\/schema.org","@graph":[{"@type":"WebPage","@id":"https:\/\/abix.com.br\/produto\/ep450\/","url":"https:\/\/abix.com.br\/produto\/ep450\/","name":"ANALOG PORTABLE RADIO - EP450 - Abix Technology","isPartOf":{"@id":"https:\/\/abix.com.br\/#website"},"primaryImageOfPage":{"@id":"https:\/\/abix.com.br\/produto\/ep450\/#primaryimage"},"image":{"@id":"https:\/\/abix.com.br\/produto\/ep450\/#primaryimage"},"thumbnailUrl":"https:\/\/abix.com.br\/wp-content\/uploads\/2020\/05\/EP450.jpg","datePublished":"2020-05-20T13:23:39+00:00","dateModified":"2023-10-19T17:48:54+00:00","description":"The Motorola EP450 radio with keypad and display, with a modern and innovative design, ergonomic, light and compact, guaranteeing its quality.","breadcrumb":{"@id":"https:\/\/abix.com.br\/produto\/ep450\/#breadcrumb"},"inLanguage":"en-US","potentialAction":[{"@type":"ReadAction","target":["https:\/\/abix.com.br\/produto\/ep450\/"]}]},{"@type":"ImageObject","inLanguage":"en-US","@id":"https:\/\/abix.com.br\/produto\/ep450\/#primaryimage","url":"https:\/\/abix.com.br\/wp-content\/uploads\/2020\/05\/EP450.jpg","contentUrl":"https:\/\/abix.com.br\/wp-content\/uploads\/2020\/05\/EP450.jpg","width":671,"height":675,"caption":"R\u00c1DIO PORT\u00c1TIL ANAL\u00d3GICO EP450"},{"@type":"BreadcrumbList","@id":"https:\/\/abix.com.br\/produto\/ep450\/#breadcrumb","itemListElement":[{"@type":"ListItem","position":1,"name":"In\u00edcio","item":"https:\/\/abix.com.br\/en\/"},{"@type":"ListItem","position":2,"name":"Loja","item":"https:\/\/abix.com.br\/loja\/"},{"@type":"ListItem","position":3,"name":"ANALOG PORTABLE RADIO &#8211; EP450"}]},{"@type":"WebSite","@id":"https:\/\/abix.com.br\/#website","url":"https:\/\/abix.com.br\/","name":"Abix","description":"","potentialAction":[{"@type":"SearchAction","target":{"@type":"EntryPoint","urlTemplate":"https:\/\/abix.com.br\/?s={search_term_string}"},"query-input":{"@type":"PropertyValueSpecification","valueRequired":true,"valueName":"search_term_string"}}],"inLanguage":"en-US"}]}},"_links":{"self":[{"href":"https:\/\/abix.com.br\/en\/wp-json\/wp\/v2\/product\/18200","targetHints":{"allow":["GET"]}}],"collection":[{"href":"https:\/\/abix.com.br\/en\/wp-json\/wp\/v2\/product"}],"about":[{"href":"https:\/\/abix.com.br\/en\/wp-json\/wp\/v2\/types\/product"}],"replies":[{"embeddable":true,"href":"https:\/\/abix.com.br\/en\/wp-json\/wp\/v2\/comments?post=18200"}],"wp:featuredmedia":[{"embeddable":true,"href":"https:\/\/abix.com.br\/en\/wp-json\/wp\/v2\/media\/9953"}],"wp:attachment":[{"href":"https:\/\/abix.com.br\/en\/wp-json\/wp\/v2\/media?parent=18200"}],"wp:term":[{"taxonomy":"product_brand","embeddable":true,"href":"https:\/\/abix.com.br\/en\/wp-json\/wp\/v2\/product_brand?post=18200"},{"taxonomy":"product_cat","embeddable":true,"href":"https:\/\/abix.com.br\/en\/wp-json\/wp\/v2\/product_cat?post=18200"},{"taxonomy":"product_tag","embeddable":true,"href":"https:\/\/abix.com.br\/en\/wp-json\/wp\/v2\/product_tag?post=18200"}],"curies":[{"name":"wp","href":"https:\/\/api.w.org\/{rel}","templated":true}]}}