{"id":18201,"date":"2020-05-20T10:10:11","date_gmt":"2020-05-20T13:10:11","guid":{"rendered":"https:\/\/abix.com.br\/produto\/analog-portable-radio-pro7550\/"},"modified":"2020-05-20T10:10:11","modified_gmt":"2020-05-20T13:10:11","slug":"pro7550","status":"publish","type":"product","link":"https:\/\/abix.com.br\/en\/produto\/pro7550\/","title":{"rendered":"ANALOG PORTABLE RADIO &#8211; PRO7550"},"content":{"rendered":"<h2><strong>INFORMATION<\/strong><\/h2>\n<p style=\"text-align: justify;\"><strong>MULTIPLE SYSTEMS\/MULTIPLE TALKGROUPS CAPABILITY<\/strong><\/p>\n<p style=\"text-align: justify;\">Provides flexible operation and access to up to 10 systems\/15 talkgroups, enabling better cooperation and coordination of different teams in your organization.<\/p>\n<p style=\"text-align: justify;\"><strong>SCANNING CHAT GROUPS<\/strong><\/p>\n<p style=\"text-align: justify;\">You can supervise multiple activities by scanning a combination of chat groups and conventional messaging channels, and monitor the channels in a multi-system environment.<\/p>\n<p style=\"text-align: justify;\"><strong>CONVENTIONAL DIRECT COMMUNICATION MODE<\/strong><\/p>\n<p style=\"text-align: justify;\">Allows unit-to-unit communications when the system is out of range.<\/p>\n<p style=\"text-align: justify;\"><strong>14-CHARACTER LCD DISPLAY WITH CODE NAME<\/strong><\/p>\n<p style=\"text-align: justify;\">The 14-character alphanumeric display with icons makes the radio&#8217;s features and commands easy to understand.<\/p>\n<p style=\"text-align: justify;\"><strong>TELEPHONE INTERCONNECTION CAPACITY<\/strong><\/p>\n<p style=\"text-align: justify;\">The PRO7550 radio allows users to receive and make calls via the trunking system. The most frequently used numbers can be accessed via the phone book set up by the user.<\/p>\n<h2><strong>ACCESSORIES<\/strong><\/h2>\n<p>CONTENT<\/p>\n<h2><strong>DOWNLOADS<\/strong><\/h2>\n<p><a href=\"https:\/\/www.abix.com.br\/wp-content\/uploads\/Ficha-PRO7550.pdf\">PRO7550 datasheet<\/a><\/p>\n<h2><strong>SPECIFICATIONS<\/strong><\/h2>\n<h3>PHYSICAL CHARACTERISTICS<\/h3>\n<ul>\n<li><strong>Dimensions with standard high-capacity NiMH battery; without belt clip<\/strong><\/li>\n<\/ul>\n<p style=\"padding-left: 40px;\">Height x Width x Depth<\/p>\n<p style=\"padding-left: 40px;\">137mm x 57.5mm x 37.5mm<\/p>\n<p style=\"padding-left: 40px;\">5.40 in. x 2.26 in. x 1.5 in.<\/p>\n<ul>\n<li><strong>Weight (grams \/ ounces)<\/strong><\/li>\n<\/ul>\n<p style=\"padding-left: 40px;\">420 \/ 15<\/p>\n<h3>MILITARY SPECIFICATIONS<\/h3>\n<p style=\"padding-left: 40px;\">810C &#8211; 810D &#8211; 810E<\/p>\n<h3>PERFORMANCE CHARACTERISTICS<\/h3>\n<ul>\n<li><strong>Power supply<\/strong><\/li>\n<\/ul>\n<p style=\"padding-left: 40px;\">7.5 volt rechargeable battery<\/p>\n<ul>\n<li><strong>Average battery life<\/strong><\/li>\n<\/ul>\n<p style=\"padding-left: 40px;\">11 hours low power \/ 8 hours high power<\/p>\n<ul>\n<li><strong>Frequency range<\/strong><\/li>\n<\/ul>\n<p style=\"padding-left: 40px;\">806 &#8211; 824 MHz<\/p>\n<p style=\"padding-left: 40px;\">851 &#8211; 869 MHz<\/p>\n<ul>\n<li><strong>Channel spacing<\/strong><\/li>\n<\/ul>\n<p style=\"padding-left: 40px;\">25 KHz<\/p>\n","protected":false},"excerpt":{"rendered":"<p style=\"text-align: justify;\">The PRO7550 Privacy Plus radio from the PRO Series is essential in a dynamic environment where efficient and instant communications are a critical factor. By using this multi-purpose radio in an 800MHz SMARTNET system, you can improve your operational efficiency, reduce risks to employee safety and maximize your ability to react in emergency situations, regardless of your sector.<\/p>\n<p style=\"text-align: justify;\">Motorola&#8217;s trunked signal features, such as Selective Calling, Call Alert\u2122, Radio Verification and Caller ID (PTT-ID), allow you to monitor workgroups efficiently. The effectiveness of the trunking system gives you wider call coverage, faster channel access, greater privacy and capacity for a larger number of users and talk groups. On top of all this, your PRO7550 Privacy Plus portable radio can be easily reprogrammed, giving you the peace of mind of knowing that your radio will continue to be of great use as your company grows and your needs change.<\/p>\n","protected":false},"featured_media":9942,"comment_status":"closed","ping_status":"closed","template":"","meta":[],"product_brand":[],"product_cat":[101,95,123,93],"product_tag":[],"class_list":{"0":"post-18201","1":"product","2":"type-product","3":"status-publish","4":"has-post-thumbnail","6":"product_cat-analog-radios","7":"product_cat-motorola-en","8":"product_cat-privacy-plus-en","9":"product_cat-professional-line","11":"first","12":"instock","13":"shipping-taxable","14":"product-type-simple"},"yoast_head":"<!-- This site is optimized with the Yoast SEO plugin v27.4 - https:\/\/yoast.com\/product\/yoast-seo-wordpress\/ -->\n<title>ANALOG PORTABLE RADIO - PRO7550 - Abix<\/title>\n<meta name=\"description\" content=\"The PRO7550 Privacy Plus radio from the PRO Series is essential in a dynamic environment where efficient and instant communications are a critical factor.\" \/>\n<meta name=\"robots\" content=\"index, follow, max-snippet:-1, max-image-preview:large, max-video-preview:-1\" \/>\n<link rel=\"canonical\" href=\"https:\/\/abix.com.br\/produto\/pro7550\/\" \/>\n<meta property=\"og:locale\" content=\"en_US\" \/>\n<meta property=\"og:type\" content=\"article\" \/>\n<meta property=\"og:title\" content=\"ANALOG PORTABLE RADIO - PRO7550 - Abix\" \/>\n<meta property=\"og:description\" content=\"The PRO7550 Privacy Plus radio from the PRO Series is essential in a dynamic environment where efficient and instant communications are a critical factor.\" \/>\n<meta property=\"og:url\" content=\"https:\/\/abix.com.br\/produto\/pro7550\/\" \/>\n<meta property=\"og:site_name\" content=\"Abix\" \/>\n<meta property=\"og:image\" content=\"https:\/\/abix.com.br\/wp-content\/uploads\/2020\/05\/PRO7550-FRONT.png\" \/>\n\t<meta property=\"og:image:width\" content=\"512\" \/>\n\t<meta property=\"og:image:height\" content=\"512\" \/>\n\t<meta property=\"og:image:type\" content=\"image\/png\" \/>\n<meta name=\"twitter:card\" content=\"summary_large_image\" \/>\n<meta name=\"twitter:label1\" content=\"Est. reading time\" \/>\n\t<meta name=\"twitter:data1\" content=\"1 minute\" \/>\n<script type=\"application\/ld+json\" class=\"yoast-schema-graph\">{\"@context\":\"https:\\\/\\\/schema.org\",\"@graph\":[{\"@type\":\"WebPage\",\"@id\":\"https:\\\/\\\/abix.com.br\\\/produto\\\/pro7550\\\/\",\"url\":\"https:\\\/\\\/abix.com.br\\\/produto\\\/pro7550\\\/\",\"name\":\"ANALOG PORTABLE RADIO - PRO7550 - Abix\",\"isPartOf\":{\"@id\":\"https:\\\/\\\/abix.com.br\\\/#website\"},\"primaryImageOfPage\":{\"@id\":\"https:\\\/\\\/abix.com.br\\\/produto\\\/pro7550\\\/#primaryimage\"},\"image\":{\"@id\":\"https:\\\/\\\/abix.com.br\\\/produto\\\/pro7550\\\/#primaryimage\"},\"thumbnailUrl\":\"https:\\\/\\\/abix.com.br\\\/wp-content\\\/uploads\\\/2020\\\/05\\\/PRO7550-FRONT.png\",\"datePublished\":\"2020-05-20T13:10:11+00:00\",\"description\":\"The PRO7550 Privacy Plus radio from the PRO Series is essential in a dynamic environment where efficient and instant communications are a critical factor.\",\"breadcrumb\":{\"@id\":\"https:\\\/\\\/abix.com.br\\\/produto\\\/pro7550\\\/#breadcrumb\"},\"inLanguage\":\"en-US\",\"potentialAction\":[{\"@type\":\"ReadAction\",\"target\":[\"https:\\\/\\\/abix.com.br\\\/produto\\\/pro7550\\\/\"]}]},{\"@type\":\"ImageObject\",\"inLanguage\":\"en-US\",\"@id\":\"https:\\\/\\\/abix.com.br\\\/produto\\\/pro7550\\\/#primaryimage\",\"url\":\"https:\\\/\\\/abix.com.br\\\/wp-content\\\/uploads\\\/2020\\\/05\\\/PRO7550-FRONT.png\",\"contentUrl\":\"https:\\\/\\\/abix.com.br\\\/wp-content\\\/uploads\\\/2020\\\/05\\\/PRO7550-FRONT.png\",\"width\":512,\"height\":512,\"caption\":\"R\u00c1DIO PORT\u00c1TIL ANAL\u00d3GICO PRO7550\"},{\"@type\":\"BreadcrumbList\",\"@id\":\"https:\\\/\\\/abix.com.br\\\/produto\\\/pro7550\\\/#breadcrumb\",\"itemListElement\":[{\"@type\":\"ListItem\",\"position\":1,\"name\":\"In\u00edcio\",\"item\":\"https:\\\/\\\/abix.com.br\\\/es\\\/\"},{\"@type\":\"ListItem\",\"position\":2,\"name\":\"Loja\",\"item\":\"https:\\\/\\\/abix.com.br\\\/loja\\\/\"},{\"@type\":\"ListItem\",\"position\":3,\"name\":\"ANALOG PORTABLE RADIO &#8211; PRO7550\"}]},{\"@type\":\"WebSite\",\"@id\":\"https:\\\/\\\/abix.com.br\\\/#website\",\"url\":\"https:\\\/\\\/abix.com.br\\\/\",\"name\":\"Abix\",\"description\":\"\",\"potentialAction\":[{\"@type\":\"SearchAction\",\"target\":{\"@type\":\"EntryPoint\",\"urlTemplate\":\"https:\\\/\\\/abix.com.br\\\/?s={search_term_string}\"},\"query-input\":{\"@type\":\"PropertyValueSpecification\",\"valueRequired\":true,\"valueName\":\"search_term_string\"}}],\"inLanguage\":\"en-US\"}]}<\/script>\n<!-- \/ Yoast SEO plugin. -->","yoast_head_json":{"title":"ANALOG PORTABLE RADIO - PRO7550 - Abix","description":"The PRO7550 Privacy Plus radio from the PRO Series is essential in a dynamic environment where efficient and instant communications are a critical factor.","robots":{"index":"index","follow":"follow","max-snippet":"max-snippet:-1","max-image-preview":"max-image-preview:large","max-video-preview":"max-video-preview:-1"},"canonical":"https:\/\/abix.com.br\/produto\/pro7550\/","og_locale":"en_US","og_type":"article","og_title":"ANALOG PORTABLE RADIO - PRO7550 - Abix","og_description":"The PRO7550 Privacy Plus radio from the PRO Series is essential in a dynamic environment where efficient and instant communications are a critical factor.","og_url":"https:\/\/abix.com.br\/produto\/pro7550\/","og_site_name":"Abix","og_image":[{"width":512,"height":512,"url":"https:\/\/abix.com.br\/wp-content\/uploads\/2020\/05\/PRO7550-FRONT.png","type":"image\/png"}],"twitter_card":"summary_large_image","twitter_misc":{"Est. reading time":"1 minute"},"schema":{"@context":"https:\/\/schema.org","@graph":[{"@type":"WebPage","@id":"https:\/\/abix.com.br\/produto\/pro7550\/","url":"https:\/\/abix.com.br\/produto\/pro7550\/","name":"ANALOG PORTABLE RADIO - PRO7550 - Abix","isPartOf":{"@id":"https:\/\/abix.com.br\/#website"},"primaryImageOfPage":{"@id":"https:\/\/abix.com.br\/produto\/pro7550\/#primaryimage"},"image":{"@id":"https:\/\/abix.com.br\/produto\/pro7550\/#primaryimage"},"thumbnailUrl":"https:\/\/abix.com.br\/wp-content\/uploads\/2020\/05\/PRO7550-FRONT.png","datePublished":"2020-05-20T13:10:11+00:00","description":"The PRO7550 Privacy Plus radio from the PRO Series is essential in a dynamic environment where efficient and instant communications are a critical factor.","breadcrumb":{"@id":"https:\/\/abix.com.br\/produto\/pro7550\/#breadcrumb"},"inLanguage":"en-US","potentialAction":[{"@type":"ReadAction","target":["https:\/\/abix.com.br\/produto\/pro7550\/"]}]},{"@type":"ImageObject","inLanguage":"en-US","@id":"https:\/\/abix.com.br\/produto\/pro7550\/#primaryimage","url":"https:\/\/abix.com.br\/wp-content\/uploads\/2020\/05\/PRO7550-FRONT.png","contentUrl":"https:\/\/abix.com.br\/wp-content\/uploads\/2020\/05\/PRO7550-FRONT.png","width":512,"height":512,"caption":"R\u00c1DIO PORT\u00c1TIL ANAL\u00d3GICO PRO7550"},{"@type":"BreadcrumbList","@id":"https:\/\/abix.com.br\/produto\/pro7550\/#breadcrumb","itemListElement":[{"@type":"ListItem","position":1,"name":"In\u00edcio","item":"https:\/\/abix.com.br\/es\/"},{"@type":"ListItem","position":2,"name":"Loja","item":"https:\/\/abix.com.br\/loja\/"},{"@type":"ListItem","position":3,"name":"ANALOG PORTABLE RADIO &#8211; PRO7550"}]},{"@type":"WebSite","@id":"https:\/\/abix.com.br\/#website","url":"https:\/\/abix.com.br\/","name":"Abix","description":"","potentialAction":[{"@type":"SearchAction","target":{"@type":"EntryPoint","urlTemplate":"https:\/\/abix.com.br\/?s={search_term_string}"},"query-input":{"@type":"PropertyValueSpecification","valueRequired":true,"valueName":"search_term_string"}}],"inLanguage":"en-US"}]}},"_links":{"self":[{"href":"https:\/\/abix.com.br\/en\/wp-json\/wp\/v2\/product\/18201","targetHints":{"allow":["GET"]}}],"collection":[{"href":"https:\/\/abix.com.br\/en\/wp-json\/wp\/v2\/product"}],"about":[{"href":"https:\/\/abix.com.br\/en\/wp-json\/wp\/v2\/types\/product"}],"replies":[{"embeddable":true,"href":"https:\/\/abix.com.br\/en\/wp-json\/wp\/v2\/comments?post=18201"}],"wp:featuredmedia":[{"embeddable":true,"href":"https:\/\/abix.com.br\/en\/wp-json\/wp\/v2\/media\/9942"}],"wp:attachment":[{"href":"https:\/\/abix.com.br\/en\/wp-json\/wp\/v2\/media?parent=18201"}],"wp:term":[{"taxonomy":"product_brand","embeddable":true,"href":"https:\/\/abix.com.br\/en\/wp-json\/wp\/v2\/product_brand?post=18201"},{"taxonomy":"product_cat","embeddable":true,"href":"https:\/\/abix.com.br\/en\/wp-json\/wp\/v2\/product_cat?post=18201"},{"taxonomy":"product_tag","embeddable":true,"href":"https:\/\/abix.com.br\/en\/wp-json\/wp\/v2\/product_tag?post=18201"}],"curies":[{"name":"wp","href":"https:\/\/api.w.org\/{rel}","templated":true}]}}