{"id":19962,"date":"2023-12-11T14:17:00","date_gmt":"2023-12-11T17:17:00","guid":{"rendered":"https:\/\/abix.com.br\/produto\/hytera-hm786\/"},"modified":"2024-01-22T10:20:27","modified_gmt":"2024-01-22T13:20:27","slug":"hytera-hm786","status":"publish","type":"product","link":"https:\/\/abix.com.br\/en\/produto\/hytera-hm786\/","title":{"rendered":"Hytera HM786"},"content":{"rendered":"\n\t<section class=\"section\" id=\"section_563472580\">\n\t\t<div class=\"section-bg fill\" >\n\t\t\t\t\t\t\t\t\t\n\t\t\t\n\n\t\t<\/div>\n\n\t\t\n\n\t\t<div class=\"section-content relative\">\n\t\t\t\n<div class=\"row\"  id=\"row-598540499\">\n\n\t<div id=\"col-26835852\" class=\"col small-12 large-12\"  >\n\t\t\t\t<div class=\"col-inner\"  >\n\t\t\t\n\t\t\t\n<div class=\"row\"  id=\"row-847647389\">\n\n\t<div id=\"col-695809243\" class=\"col small-12 large-12\"  >\n\t\t\t\t<div class=\"col-inner\"  >\n\t\t\t\n\t\t\t\n\n\t\t<div class=\"tabbed-content locacao-tabs\">\n\t\t\t\n\t\t\t<ul class=\"nav nav-tabs nav-normal nav-size-xlarge nav-left active-on-hover\" role=\"tablist\"><li id=\"tab-information\" class=\"tab active has-icon\" role=\"presentation\"><a href=\"#tab_information\" role=\"tab\" aria-selected=\"true\" aria-controls=\"tab_information\"><span>INFORMATION<\/span><\/a><\/li>\n<li id=\"tab-accessories\" class=\"tab has-icon\" role=\"presentation\"><a href=\"#tab_accessories\" tabindex=\"-1\" role=\"tab\" aria-selected=\"false\" aria-controls=\"tab_accessories\"><span>ACCESSORIES<\/span><\/a><\/li>\n<li id=\"tab-downloads\" class=\"tab has-icon\" role=\"presentation\"><a href=\"#tab_downloads\" tabindex=\"-1\" role=\"tab\" aria-selected=\"false\" aria-controls=\"tab_downloads\"><span>DOWNLOADS<\/span><\/a><\/li>\n<li id=\"tab-specifications\" class=\"tab has-icon\" role=\"presentation\"><a href=\"#tab_specifications\" tabindex=\"-1\" role=\"tab\" aria-selected=\"false\" aria-controls=\"tab_specifications\"><span>SPECIFICATIONS<\/span><\/a><\/li><\/ul><div class=\"tab-panels\"><div id=\"tab_information\" class=\"panel active entry-content\" role=\"tabpanel\" aria-labelledby=\"tab-information\">\n<div class=\"row\"  id=\"row-346590734\">\n\n\t<div id=\"col-2081624141\" class=\"col medium-6 small-12 large-6\"  >\n\t\t\t\t<div class=\"col-inner\"  >\n\t\t\t\n\t\t\t\n\t<div id=\"text-102421425\" class=\"text\">\n\t\t\n<p><strong> <\/strong><strong>Hytera HM786<\/strong><\/p>\n<p>The Hytera HM786 radio is a DMR digital portable two-way radio that offers a variety of advanced technical features to improve communication efficiency and reliability.<\/p>\n<p><strong>Clear and loud audio<\/strong><\/p>\n<p>The HM786 is equipped with a powerful and optimized speaker that can help users hear clear sounds even in noisy environments. AI (artificial intelligence) noise cancellation technology is also used to eliminate background noise, ensuring audio clarity is maintained.<\/p>\n<p><strong>Powerful battery<\/strong><\/p>\n<p>The HM786 is powered by a 2500mAh or 3000mAh lithium-ion battery that offers up to 24 hours of talk time on a single charge.<\/p>\n<p><strong>Portability and robustness<\/strong><\/p>\n<p>The HM786 is designed to be portable and robust. It weighs just 300g (with 2500mAh battery) and is dustproof, waterproof and drop resistant.<\/p>\n<p><strong>Flexible wireless connectivity<\/strong><\/p>\n<p>The HM786 supports Bluetooth 5.0 and Wi-Fi wireless connections. This allows users to connect to a variety of devices such as headsets, computers and positioning systems.<\/p>\n<p><strong> <\/strong><br \/>\n\t\t\n<style>\n#text-102421425 {\n  line-height: 1.95;\n}\n<\/style>\n\t<\/div>\n\t\n\t\t<\/div>\n\t\t\t\t\t<\/div>\n\n\t\n\n\t<div id=\"col-1354736925\" class=\"col medium-6 small-12 large-6\"  >\n\t\t\t\t<div class=\"col-inner text-left\"  >\n\t\t\t\n\t\t\t\n\t\t<\/div>\n\t\t\t\t\t<\/div>\n\n\t\n<\/div>\n<\/div>\n<div id=\"tab_accessories\" class=\"panel entry-content\" role=\"tabpanel\" aria-labelledby=\"tab-accessories\">\n<div class=\"row align-middle\"  id=\"row-1159842597\">\n\n\t<div id=\"col-489309107\" class=\"col medium-10 small-12 large-10\"  >\n\t\t\t\t<div class=\"col-inner\"  >\n\t\t\t\n\t\t\t\n\t\t<\/div>\n\t\t\t\t\t<\/div>\n\n\t\n\n\t<div id=\"col-492157290\" class=\"col medium-2 small-12 large-2\"  >\n\t\t\t\t<div class=\"col-inner\"  >\n\t\t\t\n\t\t\t\n\t\t<\/div>\n\t\t\t\t\t<\/div>\n\n\t\n<\/div>\n<\/div>\n<div id=\"tab_downloads\" class=\"panel entry-content\" role=\"tabpanel\" aria-labelledby=\"tab-downloads\">\n<div class=\"row\"  id=\"row-919417533\">\n\n\t<div id=\"col-963265949\" class=\"col medium-10 small-12 large-10\"  >\n\t\t\t\t<div class=\"col-inner\"  >\n\t\t\t\n\t\t\t\n<p><a href=\"https:\/\/abix.com.br\/wp-content\/uploads\/2023\/12\/HM78X_datasheet.pdf\" target=\"_blank\" rel=\"noopener\">HM786 SERIES &#8211; TECHNICAL SHEET<\/a><\/p>\n<p><a href=\"https:\/\/abix.com.br\/wp-content\/uploads\/2023\/12\/user_guide.pdf\" target=\"_blank\" rel=\"noopener\">HM786 SERIES &#8211; USER GUIDE<\/a><\/p>\n\t\t<\/div>\n\t\t\t\t\t<\/div>\n\n\t\n<\/div>\n<\/div>\n<div id=\"tab_specifications\" class=\"panel entry-content\" role=\"tabpanel\" aria-labelledby=\"tab-specifications\">\n<div class=\"row\"  id=\"row-773160495\">\n\n\t<div id=\"col-1010649453\" class=\"col medium-9 small-12 large-9\"  >\n\t\t\t\t<div class=\"col-inner\"  >\n\t\t\t\n\t\t\t\n<p><strong>TMO SERVICES<\/strong><\/p>\n<ul>\n<li><strong>Channel Capacity : <\/strong><span style=\"font-size: 14.4px;\">1024<\/span><\/li>\n<li><strong>Zone Capacity : <\/strong>64<\/li>\n<\/ul>\n<p><strong>USER ENVIRONMENT<\/strong><\/p>\n<ul>\n<li><strong>Operating Temperature : <\/strong>-30\u2103\uff5e+60\u2103<\/li>\n<li><strong>Storage Temperature : <\/strong>-40\u2103\uff5e+85\u2103<\/li>\n<li><strong>Protection against water and dust : <\/strong>IP54<\/li>\n<\/ul>\n<p><strong>PERFORMANCE CHARACTERISTICS<\/strong><\/p>\n<ul>\n<li><strong>Frequency Range: <\/strong>UHF1:400-470 MHz; <span style=\"color: #555555; font-size: 14.4px;\">UHF3:350-400 MHz; <\/span><span style=\"color: #555555; font-size: 14.4px;\">VHF1:136~174 MHz<\/span><\/li>\n<li><strong>Operating voltage : <\/strong>13.6V\u00b115%<\/li>\n<li><strong>Current consumption (Sleep) : <\/strong>\uff1c0.5A<\/li>\n<li><strong>Current drain(transmit) : <\/strong>1 W:\uff1c3 A; 25 W:\uff1c8 A; 45 W\/50 W: \uff1c12 A; 5 W: \uff1c4 A<\/li>\n<li><strong>Current consumption (reception) : <\/strong>\uff1c2.0 A<\/li>\n<li><strong>Communication radius : <\/strong>At\u00e9 10 km em condi\u00e7\u00f5es ideais<\/li>\n<\/ul>\n<p><strong>PHYSICAL CHARACTERISTICS<\/strong><\/p>\n<ul>\n<li><strong>Weight: <\/strong>1520g<\/li>\n<li><strong>Keyboard: <\/strong>n\u00e3o<\/li>\n<li><strong>Dimensions H x W x D : <\/strong>61.5mm x 177mm x 179mm<\/li>\n<li><strong>Exhibition : <\/strong>2.4 polegadas<\/li>\n<\/ul>\n\t\t<\/div>\n\t\t\t\t\t<\/div>\n\n\t\n<\/div>\n<\/div><\/div><\/div>\n\t\t<\/div>\n\t\t\t\t\t<\/div>\n\n\t\n<\/div>\n\t\t<\/div>\n\t\t\t\t\t<\/div>\n\n\t\n<\/div>\n\t\t<\/div>\n\n\t\t\n<style>\n#section_563472580 {\n  padding-top: 0px;\n  padding-bottom: 0px;\n}\n<\/style>\n\t<\/section>\n\t\n<p>&nbsp;<\/p>\n","protected":false},"excerpt":{"rendered":"<p>The HM786 mobile radio is the next generation of professional, flexible and scalable DMR portable two-way radio. The HM786 is compatible with a standard single control head and a remote control head (single or dual) to suit different environments such as vehicles, motorcycles and fixed control rooms, ensuring efficient communication. Furthermore, it provides multiple connections through which vast applications can be integrated with existing services to improve work efficiency<\/p>\n","protected":false},"featured_media":19833,"comment_status":"open","ping_status":"closed","template":"","meta":[],"product_brand":[],"product_cat":[199],"product_tag":[],"class_list":{"0":"post-19962","1":"product","2":"type-product","3":"status-publish","4":"has-post-thumbnail","6":"product_cat-hytera-en","8":"first","9":"instock","10":"shipping-taxable","11":"product-type-simple"},"yoast_head":"<!-- This site is optimized with the Yoast SEO plugin v27.3 - https:\/\/yoast.com\/product\/yoast-seo-wordpress\/ -->\n<title>Hytera HM786 - Abix<\/title>\n<meta name=\"robots\" content=\"index, follow, max-snippet:-1, max-image-preview:large, max-video-preview:-1\" \/>\n<link rel=\"canonical\" href=\"https:\/\/abix.com.br\/en\/produto\/hytera-hm786\/\" \/>\n<meta property=\"og:locale\" content=\"en_US\" \/>\n<meta property=\"og:type\" content=\"article\" \/>\n<meta property=\"og:title\" content=\"Hytera HM786 - Abix\" \/>\n<meta property=\"og:description\" content=\"The HM786 mobile radio is the next generation of professional, flexible and scalable DMR portable two-way radio. The HM786 is compatible with a standard single control head and a remote control head (single or dual) to suit different environments such as vehicles, motorcycles and fixed control rooms, ensuring efficient communication. Furthermore, it provides multiple connections through which vast applications can be integrated with existing services to improve work efficiency\" \/>\n<meta property=\"og:url\" content=\"https:\/\/abix.com.br\/en\/produto\/hytera-hm786\/\" \/>\n<meta property=\"og:site_name\" content=\"Abix\" \/>\n<meta property=\"article:modified_time\" content=\"2024-01-22T13:20:27+00:00\" \/>\n<meta property=\"og:image\" content=\"https:\/\/abix.com.br\/wp-content\/uploads\/2023\/12\/hm786-1-2197px.webp\" \/>\n\t<meta property=\"og:image:width\" content=\"2197\" \/>\n\t<meta property=\"og:image:height\" content=\"2197\" \/>\n\t<meta property=\"og:image:type\" content=\"image\/webp\" \/>\n<meta name=\"twitter:card\" content=\"summary_large_image\" \/>\n<meta name=\"twitter:label1\" content=\"Est. reading time\" \/>\n\t<meta name=\"twitter:data1\" content=\"2 minutes\" \/>\n<script type=\"application\/ld+json\" class=\"yoast-schema-graph\">{\"@context\":\"https:\\\/\\\/schema.org\",\"@graph\":[{\"@type\":\"WebPage\",\"@id\":\"https:\\\/\\\/abix.com.br\\\/en\\\/produto\\\/hytera-hm786\\\/\",\"url\":\"https:\\\/\\\/abix.com.br\\\/en\\\/produto\\\/hytera-hm786\\\/\",\"name\":\"Hytera HM786 - Abix\",\"isPartOf\":{\"@id\":\"https:\\\/\\\/abix.com.br\\\/#website\"},\"primaryImageOfPage\":{\"@id\":\"https:\\\/\\\/abix.com.br\\\/en\\\/produto\\\/hytera-hm786\\\/#primaryimage\"},\"image\":{\"@id\":\"https:\\\/\\\/abix.com.br\\\/en\\\/produto\\\/hytera-hm786\\\/#primaryimage\"},\"thumbnailUrl\":\"https:\\\/\\\/abix.com.br\\\/wp-content\\\/uploads\\\/2023\\\/12\\\/hm786-1-2197px.webp\",\"datePublished\":\"2023-12-11T17:17:00+00:00\",\"dateModified\":\"2024-01-22T13:20:27+00:00\",\"breadcrumb\":{\"@id\":\"https:\\\/\\\/abix.com.br\\\/en\\\/produto\\\/hytera-hm786\\\/#breadcrumb\"},\"inLanguage\":\"en-US\",\"potentialAction\":[{\"@type\":\"ReadAction\",\"target\":[\"https:\\\/\\\/abix.com.br\\\/en\\\/produto\\\/hytera-hm786\\\/\"]}]},{\"@type\":\"ImageObject\",\"inLanguage\":\"en-US\",\"@id\":\"https:\\\/\\\/abix.com.br\\\/en\\\/produto\\\/hytera-hm786\\\/#primaryimage\",\"url\":\"https:\\\/\\\/abix.com.br\\\/wp-content\\\/uploads\\\/2023\\\/12\\\/hm786-1-2197px.webp\",\"contentUrl\":\"https:\\\/\\\/abix.com.br\\\/wp-content\\\/uploads\\\/2023\\\/12\\\/hm786-1-2197px.webp\",\"width\":2197,\"height\":2197,\"caption\":\"HM786\"},{\"@type\":\"BreadcrumbList\",\"@id\":\"https:\\\/\\\/abix.com.br\\\/en\\\/produto\\\/hytera-hm786\\\/#breadcrumb\",\"itemListElement\":[{\"@type\":\"ListItem\",\"position\":1,\"name\":\"In\u00edcio\",\"item\":\"https:\\\/\\\/abix.com.br\\\/es\\\/\"},{\"@type\":\"ListItem\",\"position\":2,\"name\":\"Loja\",\"item\":\"https:\\\/\\\/abix.com.br\\\/loja\\\/\"},{\"@type\":\"ListItem\",\"position\":3,\"name\":\"Hytera HM786\"}]},{\"@type\":\"WebSite\",\"@id\":\"https:\\\/\\\/abix.com.br\\\/#website\",\"url\":\"https:\\\/\\\/abix.com.br\\\/\",\"name\":\"Abix\",\"description\":\"\",\"potentialAction\":[{\"@type\":\"SearchAction\",\"target\":{\"@type\":\"EntryPoint\",\"urlTemplate\":\"https:\\\/\\\/abix.com.br\\\/?s={search_term_string}\"},\"query-input\":{\"@type\":\"PropertyValueSpecification\",\"valueRequired\":true,\"valueName\":\"search_term_string\"}}],\"inLanguage\":\"en-US\"}]}<\/script>\n<!-- \/ Yoast SEO plugin. -->","yoast_head_json":{"title":"Hytera HM786 - Abix","robots":{"index":"index","follow":"follow","max-snippet":"max-snippet:-1","max-image-preview":"max-image-preview:large","max-video-preview":"max-video-preview:-1"},"canonical":"https:\/\/abix.com.br\/en\/produto\/hytera-hm786\/","og_locale":"en_US","og_type":"article","og_title":"Hytera HM786 - Abix","og_description":"The HM786 mobile radio is the next generation of professional, flexible and scalable DMR portable two-way radio. The HM786 is compatible with a standard single control head and a remote control head (single or dual) to suit different environments such as vehicles, motorcycles and fixed control rooms, ensuring efficient communication. Furthermore, it provides multiple connections through which vast applications can be integrated with existing services to improve work efficiency","og_url":"https:\/\/abix.com.br\/en\/produto\/hytera-hm786\/","og_site_name":"Abix","article_modified_time":"2024-01-22T13:20:27+00:00","og_image":[{"width":2197,"height":2197,"url":"https:\/\/abix.com.br\/wp-content\/uploads\/2023\/12\/hm786-1-2197px.webp","type":"image\/webp"}],"twitter_card":"summary_large_image","twitter_misc":{"Est. reading time":"2 minutes"},"schema":{"@context":"https:\/\/schema.org","@graph":[{"@type":"WebPage","@id":"https:\/\/abix.com.br\/en\/produto\/hytera-hm786\/","url":"https:\/\/abix.com.br\/en\/produto\/hytera-hm786\/","name":"Hytera HM786 - Abix","isPartOf":{"@id":"https:\/\/abix.com.br\/#website"},"primaryImageOfPage":{"@id":"https:\/\/abix.com.br\/en\/produto\/hytera-hm786\/#primaryimage"},"image":{"@id":"https:\/\/abix.com.br\/en\/produto\/hytera-hm786\/#primaryimage"},"thumbnailUrl":"https:\/\/abix.com.br\/wp-content\/uploads\/2023\/12\/hm786-1-2197px.webp","datePublished":"2023-12-11T17:17:00+00:00","dateModified":"2024-01-22T13:20:27+00:00","breadcrumb":{"@id":"https:\/\/abix.com.br\/en\/produto\/hytera-hm786\/#breadcrumb"},"inLanguage":"en-US","potentialAction":[{"@type":"ReadAction","target":["https:\/\/abix.com.br\/en\/produto\/hytera-hm786\/"]}]},{"@type":"ImageObject","inLanguage":"en-US","@id":"https:\/\/abix.com.br\/en\/produto\/hytera-hm786\/#primaryimage","url":"https:\/\/abix.com.br\/wp-content\/uploads\/2023\/12\/hm786-1-2197px.webp","contentUrl":"https:\/\/abix.com.br\/wp-content\/uploads\/2023\/12\/hm786-1-2197px.webp","width":2197,"height":2197,"caption":"HM786"},{"@type":"BreadcrumbList","@id":"https:\/\/abix.com.br\/en\/produto\/hytera-hm786\/#breadcrumb","itemListElement":[{"@type":"ListItem","position":1,"name":"In\u00edcio","item":"https:\/\/abix.com.br\/es\/"},{"@type":"ListItem","position":2,"name":"Loja","item":"https:\/\/abix.com.br\/loja\/"},{"@type":"ListItem","position":3,"name":"Hytera HM786"}]},{"@type":"WebSite","@id":"https:\/\/abix.com.br\/#website","url":"https:\/\/abix.com.br\/","name":"Abix","description":"","potentialAction":[{"@type":"SearchAction","target":{"@type":"EntryPoint","urlTemplate":"https:\/\/abix.com.br\/?s={search_term_string}"},"query-input":{"@type":"PropertyValueSpecification","valueRequired":true,"valueName":"search_term_string"}}],"inLanguage":"en-US"}]}},"_links":{"self":[{"href":"https:\/\/abix.com.br\/en\/wp-json\/wp\/v2\/product\/19962","targetHints":{"allow":["GET"]}}],"collection":[{"href":"https:\/\/abix.com.br\/en\/wp-json\/wp\/v2\/product"}],"about":[{"href":"https:\/\/abix.com.br\/en\/wp-json\/wp\/v2\/types\/product"}],"replies":[{"embeddable":true,"href":"https:\/\/abix.com.br\/en\/wp-json\/wp\/v2\/comments?post=19962"}],"wp:featuredmedia":[{"embeddable":true,"href":"https:\/\/abix.com.br\/en\/wp-json\/wp\/v2\/media\/19833"}],"wp:attachment":[{"href":"https:\/\/abix.com.br\/en\/wp-json\/wp\/v2\/media?parent=19962"}],"wp:term":[{"taxonomy":"product_brand","embeddable":true,"href":"https:\/\/abix.com.br\/en\/wp-json\/wp\/v2\/product_brand?post=19962"},{"taxonomy":"product_cat","embeddable":true,"href":"https:\/\/abix.com.br\/en\/wp-json\/wp\/v2\/product_cat?post=19962"},{"taxonomy":"product_tag","embeddable":true,"href":"https:\/\/abix.com.br\/en\/wp-json\/wp\/v2\/product_tag?post=19962"}],"curies":[{"name":"wp","href":"https:\/\/api.w.org\/{rel}","templated":true}]}}