{"id":19973,"date":"2023-12-20T09:23:23","date_gmt":"2023-12-20T12:23:23","guid":{"rendered":"https:\/\/abix.com.br\/produto\/hytera-pd506\/"},"modified":"2024-01-22T11:43:17","modified_gmt":"2024-01-22T14:43:17","slug":"hytera-pd506","status":"publish","type":"product","link":"https:\/\/abix.com.br\/en\/produto\/hytera-pd506\/","title":{"rendered":"Hytera PD506"},"content":{"rendered":"\n\t<section class=\"section\" id=\"section_1610980585\">\n\t\t<div class=\"section-bg fill\" >\n\t\t\t\t\t\t\t\t\t\n\t\t\t\n\n\t\t<\/div>\n\n\t\t\n\n\t\t<div class=\"section-content relative\">\n\t\t\t\n<div class=\"row\"  id=\"row-191526756\">\n\n\t<div id=\"col-2000685487\" class=\"col small-12 large-12\"  >\n\t\t\t\t<div class=\"col-inner\"  >\n\t\t\t\n\t\t\t\n<div class=\"row\"  id=\"row-826577011\">\n\n\t<div id=\"col-1525703120\" class=\"col small-12 large-12\"  >\n\t\t\t\t<div class=\"col-inner\"  >\n\t\t\t\n\t\t\t\n\n\t\t<div class=\"tabbed-content locacao-tabs\">\n\t\t\t\n\t\t\t<ul class=\"nav nav-tabs nav-normal nav-size-xlarge nav-left active-on-hover\" role=\"tablist\"><li id=\"tab-information\" class=\"tab active has-icon\" role=\"presentation\"><a href=\"#tab_information\" role=\"tab\" aria-selected=\"true\" aria-controls=\"tab_information\"><span>INFORMATION<\/span><\/a><\/li>\n<li id=\"tab-accessories\" class=\"tab has-icon\" role=\"presentation\"><a href=\"#tab_accessories\" tabindex=\"-1\" role=\"tab\" aria-selected=\"false\" aria-controls=\"tab_accessories\"><span>ACCESSORIES<\/span><\/a><\/li>\n<li id=\"tab-downloads\" class=\"tab has-icon\" role=\"presentation\"><a href=\"#tab_downloads\" tabindex=\"-1\" role=\"tab\" aria-selected=\"false\" aria-controls=\"tab_downloads\"><span>DOWNLOADS<\/span><\/a><\/li>\n<li id=\"tab-specifications\" class=\"tab has-icon\" role=\"presentation\"><a href=\"#tab_specifications\" tabindex=\"-1\" role=\"tab\" aria-selected=\"false\" aria-controls=\"tab_specifications\"><span>SPECIFICATIONS<\/span><\/a><\/li><\/ul><div class=\"tab-panels\"><div id=\"tab_information\" class=\"panel active entry-content\" role=\"tabpanel\" aria-labelledby=\"tab-information\">\n<div class=\"row\"  id=\"row-157914130\">\n\n\t<div id=\"col-1076005254\" class=\"col small-12 large-12\"  >\n\t\t\t\t<div class=\"col-inner\"  >\n\t\t\t\n\t\t\t\n\t<div id=\"text-2501815169\" class=\"text\">\n\t\t\n<p>Superior quality audio: The Hytera PD50x line features digital voice technology that reproduces clean, clear sound;<\/p>\n<p>Long Life Battery: The PD50x Line battery has a digital mode that operates for 14 hours under a 5-5-90 duty cycle;<\/p>\n<p>Reliability and durability: the equipment in the PD50x line is IP54 and MIL-STD-810 G certified, which protects the equipment from water splashes and dust.<\/p>\n\t\t\n<style>\n#text-2501815169 {\n  line-height: 1.95;\n}\n<\/style>\n\t<\/div>\n\t\n\t\t<\/div>\n\t\t\t\t\t<\/div>\n\n\t\n<\/div>\n<\/div>\n<div id=\"tab_accessories\" class=\"panel entry-content\" role=\"tabpanel\" aria-labelledby=\"tab-accessories\">\n<div class=\"row align-middle\"  id=\"row-970653801\">\n\n\t<div id=\"col-186511093\" class=\"col medium-10 small-12 large-10\"  >\n\t\t\t\t<div class=\"col-inner\"  >\n\t\t\t\n\t\t\t\n<p>&nbsp;<\/p>\n\t\t<\/div>\n\t\t\t\t\t<\/div>\n\n\t\n\n\t<div id=\"col-1765729155\" class=\"col medium-2 small-12 large-2\"  >\n\t\t\t\t<div class=\"col-inner\"  >\n\t\t\t\n\t\t\t\n\t\t<\/div>\n\t\t\t\t\t<\/div>\n\n\t\n<\/div>\n<\/div>\n<div id=\"tab_downloads\" class=\"panel entry-content\" role=\"tabpanel\" aria-labelledby=\"tab-downloads\">\n<div class=\"row\"  id=\"row-836582852\">\n\n\t<div id=\"col-1535569597\" class=\"col medium-10 small-12 large-10\"  >\n\t\t\t\t<div class=\"col-inner\"  >\n\t\t\t\n\t\t\t\n<p><a href=\"https:\/\/abix.com.br\/wp-content\/uploads\/2023\/12\/PD506.pdf\" target=\"_blank\" rel=\"noopener\">PD50x SERIES &#8211; TECHNICAL SHEET<\/a><\/p>\n\t\t<\/div>\n\t\t\t\t\t<\/div>\n\n\t\n<\/div>\n<\/div>\n<div id=\"tab_specifications\" class=\"panel entry-content\" role=\"tabpanel\" aria-labelledby=\"tab-specifications\">\n<div class=\"row\"  id=\"row-375250974\">\n\n\t<div id=\"col-662418277\" class=\"col small-12 large-12\"  >\n\t\t\t\t<div class=\"col-inner\"  >\n\t\t\t\n\t\t\t\n<p>GENERAL SPECIFICATIONS<\/p>\n<p>Frequency Range: UHF: 400-470MHz; VHF: 136-174MHz<br \/>\nChannel Capacity: 256<br \/>\nZone capacity: 16<br \/>\nOperating voltage: 7.4V<br \/>\nBattery: 1500mAh (Li-ion) 2000mAh (Li-ion)<br \/>\nBattery Autonomy (cycle 5\/5\/90, High transmission power): Analog\/Digital: 11.5hours\/16hours (1500mAh) 15.3hours\/20hours (2000mAh)<br \/>\nDimensions(H\u00d7W\u00d7D) mm: 115\u00d754\u00d727mm<br \/>\nWeight: 260g<\/p>\n<p>ENVIRONMENTAL<\/p>\n<p>Operating temperature: -30\u2103~+60\u2103<br \/>\nStorage temperature: -40\u2103~+85\u2103<br \/>\nProtection against water and dust: IP54<\/p>\n\t\t<\/div>\n\t\t\t\t\t<\/div>\n\n\t\n<\/div>\n<\/div><\/div><\/div>\n\t\t<\/div>\n\t\t\t\t\t<\/div>\n\n\t\n<\/div>\n\t\t<\/div>\n\t\t\t\t\t<\/div>\n\n\t\n<\/div>\n\t\t<\/div>\n\n\t\t\n<style>\n#section_1610980585 {\n  padding-top: 0px;\n  padding-bottom: 0px;\n}\n<\/style>\n\t<\/section>\n\t\n","protected":false},"excerpt":{"rendered":"<p>This radio adopts advanced digital voice and dual-timeslot technologies to ensure superior call quality and optimal fidelity. It is a new flag for voice communication. Furthermore, the communication capacity of the PD50X digital radio is twice that of analog radios, significantly reducing costs. Therefore, it is the best choice for business customers who urgently need an analog-to-digital solution.<\/p>\n","protected":false},"featured_media":19902,"comment_status":"open","ping_status":"closed","template":"","meta":[],"product_brand":[],"product_cat":[199],"product_tag":[],"class_list":{"0":"post-19973","1":"product","2":"type-product","3":"status-publish","4":"has-post-thumbnail","6":"product_cat-hytera-en","8":"first","9":"instock","10":"shipping-taxable","11":"product-type-simple"},"yoast_head":"<!-- This site is optimized with the Yoast SEO plugin v27.3 - https:\/\/yoast.com\/product\/yoast-seo-wordpress\/ -->\n<title>Hytera PD506 - Abix<\/title>\n<meta name=\"robots\" content=\"index, follow, max-snippet:-1, max-image-preview:large, max-video-preview:-1\" \/>\n<link rel=\"canonical\" href=\"https:\/\/abix.com.br\/en\/produto\/hytera-pd506\/\" \/>\n<meta property=\"og:locale\" content=\"en_US\" \/>\n<meta property=\"og:type\" content=\"article\" \/>\n<meta property=\"og:title\" content=\"Hytera PD506 - Abix\" \/>\n<meta property=\"og:description\" content=\"This radio adopts advanced digital voice and dual-timeslot technologies to ensure superior call quality and optimal fidelity. It is a new flag for voice communication. Furthermore, the communication capacity of the PD50X digital radio is twice that of analog radios, significantly reducing costs. Therefore, it is the best choice for business customers who urgently need an analog-to-digital solution.\" \/>\n<meta property=\"og:url\" content=\"https:\/\/abix.com.br\/en\/produto\/hytera-pd506\/\" \/>\n<meta property=\"og:site_name\" content=\"Abix\" \/>\n<meta property=\"article:modified_time\" content=\"2024-01-22T14:43:17+00:00\" \/>\n<meta property=\"og:image\" content=\"https:\/\/abix.com.br\/wp-content\/uploads\/2023\/12\/PD50X_2-2972px-1024x1024.png\" \/>\n\t<meta property=\"og:image:width\" content=\"1024\" \/>\n\t<meta property=\"og:image:height\" content=\"1024\" \/>\n\t<meta property=\"og:image:type\" content=\"image\/png\" \/>\n<meta name=\"twitter:card\" content=\"summary_large_image\" \/>\n<meta name=\"twitter:label1\" content=\"Est. reading time\" \/>\n\t<meta name=\"twitter:data1\" content=\"1 minute\" \/>\n<script type=\"application\/ld+json\" class=\"yoast-schema-graph\">{\"@context\":\"https:\\\/\\\/schema.org\",\"@graph\":[{\"@type\":\"WebPage\",\"@id\":\"https:\\\/\\\/abix.com.br\\\/en\\\/produto\\\/hytera-pd506\\\/\",\"url\":\"https:\\\/\\\/abix.com.br\\\/en\\\/produto\\\/hytera-pd506\\\/\",\"name\":\"Hytera PD506 - Abix\",\"isPartOf\":{\"@id\":\"https:\\\/\\\/abix.com.br\\\/#website\"},\"primaryImageOfPage\":{\"@id\":\"https:\\\/\\\/abix.com.br\\\/en\\\/produto\\\/hytera-pd506\\\/#primaryimage\"},\"image\":{\"@id\":\"https:\\\/\\\/abix.com.br\\\/en\\\/produto\\\/hytera-pd506\\\/#primaryimage\"},\"thumbnailUrl\":\"https:\\\/\\\/abix.com.br\\\/wp-content\\\/uploads\\\/2023\\\/12\\\/PD50X_2-2972px.png\",\"datePublished\":\"2023-12-20T12:23:23+00:00\",\"dateModified\":\"2024-01-22T14:43:17+00:00\",\"breadcrumb\":{\"@id\":\"https:\\\/\\\/abix.com.br\\\/en\\\/produto\\\/hytera-pd506\\\/#breadcrumb\"},\"inLanguage\":\"en-US\",\"potentialAction\":[{\"@type\":\"ReadAction\",\"target\":[\"https:\\\/\\\/abix.com.br\\\/en\\\/produto\\\/hytera-pd506\\\/\"]}]},{\"@type\":\"ImageObject\",\"inLanguage\":\"en-US\",\"@id\":\"https:\\\/\\\/abix.com.br\\\/en\\\/produto\\\/hytera-pd506\\\/#primaryimage\",\"url\":\"https:\\\/\\\/abix.com.br\\\/wp-content\\\/uploads\\\/2023\\\/12\\\/PD50X_2-2972px.png\",\"contentUrl\":\"https:\\\/\\\/abix.com.br\\\/wp-content\\\/uploads\\\/2023\\\/12\\\/PD50X_2-2972px.png\",\"width\":2972,\"height\":2972},{\"@type\":\"BreadcrumbList\",\"@id\":\"https:\\\/\\\/abix.com.br\\\/en\\\/produto\\\/hytera-pd506\\\/#breadcrumb\",\"itemListElement\":[{\"@type\":\"ListItem\",\"position\":1,\"name\":\"In\u00edcio\",\"item\":\"https:\\\/\\\/abix.com.br\\\/es\\\/\"},{\"@type\":\"ListItem\",\"position\":2,\"name\":\"Loja\",\"item\":\"https:\\\/\\\/abix.com.br\\\/loja\\\/\"},{\"@type\":\"ListItem\",\"position\":3,\"name\":\"Hytera PD506\"}]},{\"@type\":\"WebSite\",\"@id\":\"https:\\\/\\\/abix.com.br\\\/#website\",\"url\":\"https:\\\/\\\/abix.com.br\\\/\",\"name\":\"Abix\",\"description\":\"\",\"potentialAction\":[{\"@type\":\"SearchAction\",\"target\":{\"@type\":\"EntryPoint\",\"urlTemplate\":\"https:\\\/\\\/abix.com.br\\\/?s={search_term_string}\"},\"query-input\":{\"@type\":\"PropertyValueSpecification\",\"valueRequired\":true,\"valueName\":\"search_term_string\"}}],\"inLanguage\":\"en-US\"}]}<\/script>\n<!-- \/ Yoast SEO plugin. -->","yoast_head_json":{"title":"Hytera PD506 - Abix","robots":{"index":"index","follow":"follow","max-snippet":"max-snippet:-1","max-image-preview":"max-image-preview:large","max-video-preview":"max-video-preview:-1"},"canonical":"https:\/\/abix.com.br\/en\/produto\/hytera-pd506\/","og_locale":"en_US","og_type":"article","og_title":"Hytera PD506 - Abix","og_description":"This radio adopts advanced digital voice and dual-timeslot technologies to ensure superior call quality and optimal fidelity. It is a new flag for voice communication. Furthermore, the communication capacity of the PD50X digital radio is twice that of analog radios, significantly reducing costs. Therefore, it is the best choice for business customers who urgently need an analog-to-digital solution.","og_url":"https:\/\/abix.com.br\/en\/produto\/hytera-pd506\/","og_site_name":"Abix","article_modified_time":"2024-01-22T14:43:17+00:00","og_image":[{"width":1024,"height":1024,"url":"https:\/\/abix.com.br\/wp-content\/uploads\/2023\/12\/PD50X_2-2972px-1024x1024.png","type":"image\/png"}],"twitter_card":"summary_large_image","twitter_misc":{"Est. reading time":"1 minute"},"schema":{"@context":"https:\/\/schema.org","@graph":[{"@type":"WebPage","@id":"https:\/\/abix.com.br\/en\/produto\/hytera-pd506\/","url":"https:\/\/abix.com.br\/en\/produto\/hytera-pd506\/","name":"Hytera PD506 - Abix","isPartOf":{"@id":"https:\/\/abix.com.br\/#website"},"primaryImageOfPage":{"@id":"https:\/\/abix.com.br\/en\/produto\/hytera-pd506\/#primaryimage"},"image":{"@id":"https:\/\/abix.com.br\/en\/produto\/hytera-pd506\/#primaryimage"},"thumbnailUrl":"https:\/\/abix.com.br\/wp-content\/uploads\/2023\/12\/PD50X_2-2972px.png","datePublished":"2023-12-20T12:23:23+00:00","dateModified":"2024-01-22T14:43:17+00:00","breadcrumb":{"@id":"https:\/\/abix.com.br\/en\/produto\/hytera-pd506\/#breadcrumb"},"inLanguage":"en-US","potentialAction":[{"@type":"ReadAction","target":["https:\/\/abix.com.br\/en\/produto\/hytera-pd506\/"]}]},{"@type":"ImageObject","inLanguage":"en-US","@id":"https:\/\/abix.com.br\/en\/produto\/hytera-pd506\/#primaryimage","url":"https:\/\/abix.com.br\/wp-content\/uploads\/2023\/12\/PD50X_2-2972px.png","contentUrl":"https:\/\/abix.com.br\/wp-content\/uploads\/2023\/12\/PD50X_2-2972px.png","width":2972,"height":2972},{"@type":"BreadcrumbList","@id":"https:\/\/abix.com.br\/en\/produto\/hytera-pd506\/#breadcrumb","itemListElement":[{"@type":"ListItem","position":1,"name":"In\u00edcio","item":"https:\/\/abix.com.br\/es\/"},{"@type":"ListItem","position":2,"name":"Loja","item":"https:\/\/abix.com.br\/loja\/"},{"@type":"ListItem","position":3,"name":"Hytera PD506"}]},{"@type":"WebSite","@id":"https:\/\/abix.com.br\/#website","url":"https:\/\/abix.com.br\/","name":"Abix","description":"","potentialAction":[{"@type":"SearchAction","target":{"@type":"EntryPoint","urlTemplate":"https:\/\/abix.com.br\/?s={search_term_string}"},"query-input":{"@type":"PropertyValueSpecification","valueRequired":true,"valueName":"search_term_string"}}],"inLanguage":"en-US"}]}},"_links":{"self":[{"href":"https:\/\/abix.com.br\/en\/wp-json\/wp\/v2\/product\/19973","targetHints":{"allow":["GET"]}}],"collection":[{"href":"https:\/\/abix.com.br\/en\/wp-json\/wp\/v2\/product"}],"about":[{"href":"https:\/\/abix.com.br\/en\/wp-json\/wp\/v2\/types\/product"}],"replies":[{"embeddable":true,"href":"https:\/\/abix.com.br\/en\/wp-json\/wp\/v2\/comments?post=19973"}],"wp:featuredmedia":[{"embeddable":true,"href":"https:\/\/abix.com.br\/en\/wp-json\/wp\/v2\/media\/19902"}],"wp:attachment":[{"href":"https:\/\/abix.com.br\/en\/wp-json\/wp\/v2\/media?parent=19973"}],"wp:term":[{"taxonomy":"product_brand","embeddable":true,"href":"https:\/\/abix.com.br\/en\/wp-json\/wp\/v2\/product_brand?post=19973"},{"taxonomy":"product_cat","embeddable":true,"href":"https:\/\/abix.com.br\/en\/wp-json\/wp\/v2\/product_cat?post=19973"},{"taxonomy":"product_tag","embeddable":true,"href":"https:\/\/abix.com.br\/en\/wp-json\/wp\/v2\/product_tag?post=19973"}],"curies":[{"name":"wp","href":"https:\/\/api.w.org\/{rel}","templated":true}]}}