{"id":19974,"date":"2023-12-20T09:49:30","date_gmt":"2023-12-20T12:49:30","guid":{"rendered":"https:\/\/abix.com.br\/produto\/hytera-rd986\/"},"modified":"2025-01-17T23:51:34","modified_gmt":"2025-01-18T02:51:34","slug":"hytera-rd986","status":"publish","type":"product","link":"https:\/\/abix.com.br\/en\/produto\/hytera-rd986\/","title":{"rendered":"Hytera RD986"},"content":{"rendered":"\n\t<section class=\"section\" id=\"section_1871271698\">\n\t\t<div class=\"section-bg fill\" >\n\t\t\t\t\t\t\t\t\t\n\t\t\t\n\n\t\t<\/div>\n\n\t\t\n\n\t\t<div class=\"section-content relative\">\n\t\t\t\n<div class=\"row\"  id=\"row-1165684243\">\n\n\t<div id=\"col-1014448763\" class=\"col small-12 large-12\"  >\n\t\t\t\t<div class=\"col-inner\"  >\n\t\t\t\n\t\t\t\n<div class=\"row\"  id=\"row-1404198223\">\n\n\t<div id=\"col-1140845346\" class=\"col small-12 large-12\"  >\n\t\t\t\t<div class=\"col-inner\"  >\n\t\t\t\n\t\t\t\n\n\t\t<div class=\"tabbed-content locacao-tabs\">\n\t\t\t\n\t\t\t<ul class=\"nav nav-tabs nav-normal nav-size-xlarge nav-left active-on-hover\" role=\"tablist\"><li id=\"tab-information\" class=\"tab active has-icon\" role=\"presentation\"><a href=\"#tab_information\" role=\"tab\" aria-selected=\"true\" aria-controls=\"tab_information\"><span>INFORMATION<\/span><\/a><\/li>\n<li id=\"tab-accessories\" class=\"tab has-icon\" role=\"presentation\"><a href=\"#tab_accessories\" tabindex=\"-1\" role=\"tab\" aria-selected=\"false\" aria-controls=\"tab_accessories\"><span>ACCESSORIES<\/span><\/a><\/li>\n<li id=\"tab-downloads\" class=\"tab has-icon\" role=\"presentation\"><a href=\"#tab_downloads\" tabindex=\"-1\" role=\"tab\" aria-selected=\"false\" aria-controls=\"tab_downloads\"><span>DOWNLOADS<\/span><\/a><\/li>\n<li id=\"tab-specifications\" class=\"tab has-icon\" role=\"presentation\"><a href=\"#tab_specifications\" tabindex=\"-1\" role=\"tab\" aria-selected=\"false\" aria-controls=\"tab_specifications\"><span>SPECIFICATIONS<\/span><\/a><\/li><\/ul><div class=\"tab-panels\"><div id=\"tab_information\" class=\"panel active entry-content\" role=\"tabpanel\" aria-labelledby=\"tab-information\">\n<div class=\"row\"  id=\"row-1682634979\">\n\n\t<div id=\"col-545316937\" class=\"col small-12 large-12\"  >\n\t\t\t\t<div class=\"col-inner\"  >\n\t\t\t\n\t\t\t\n\t<div id=\"text-4002176380\" class=\"text\">\n\t\t\n<p>Hytera RD986<\/p>\n<p>The Hytera RD986 repeater is a professional digital communication solution that offers a variety of advanced technical features to improve communication efficiency and reliability.<\/p>\n<p>High-quality reception and transmission<\/p>\n<p>The RD986 is equipped with a high-sensitivity DSP receiver that can improve reception quality in noisy environments. The transmitter is also optimized to provide clear and strong audio transmission.<\/p>\n<p>Flexible channel capacity<\/p>\n<p>The RD986 supports up to 16 channels, which allows users to customize their radio network to meet their specific needs.<\/p>\n<p>Powerful output power<\/p>\n<p>The RD986 offers an output power of up to 50 watts, which provides superior communication range.<\/p>\n<p>IP Connectivity<\/p>\n<p>The RD986 offers IP connectivity to allow users to connect to private LTE networks or the Internet. This allows users to share data and files easily and efficiently.<\/p>\n<p>Advanced security<\/p>\n<p>The RD986 supports AES 256-bit encryption to secure communications.<\/p>\n<p>applications<\/p>\n<p>The Hytera RD986 repeater is suitable for a variety of applications including:<\/p>\n<ul>\n<li>Public security<\/li>\n<li>Construction<\/li>\n<li>Logistics<\/li>\n<li>Manufacturing<\/li>\n<li>Public services<\/li>\n<\/ul>\n\t\t\n<style>\n#text-4002176380 {\n  line-height: 1.95;\n}\n<\/style>\n\t<\/div>\n\t\n\t\t<\/div>\n\t\t\t\t\t<\/div>\n\n\t\n<\/div>\n<\/div>\n<div id=\"tab_accessories\" class=\"panel entry-content\" role=\"tabpanel\" aria-labelledby=\"tab-accessories\">\n<div class=\"row align-middle\"  id=\"row-746962101\">\n\n\t<div id=\"col-1299106980\" class=\"col medium-10 small-12 large-10\"  >\n\t\t\t\t<div class=\"col-inner\"  >\n\t\t\t\n\t\t\t\n<p>&nbsp;<\/p>\n\t\t<\/div>\n\t\t\t\t\t<\/div>\n\n\t\n\n\t<div id=\"col-1365277496\" class=\"col medium-2 small-12 large-2\"  >\n\t\t\t\t<div class=\"col-inner\"  >\n\t\t\t\n\t\t\t\n\t\t<\/div>\n\t\t\t\t\t<\/div>\n\n\t\n<\/div>\n<\/div>\n<div id=\"tab_downloads\" class=\"panel entry-content\" role=\"tabpanel\" aria-labelledby=\"tab-downloads\">\n<div class=\"row\"  id=\"row-758152608\">\n\n\t<div id=\"col-1259552117\" class=\"col medium-10 small-12 large-10\"  >\n\t\t\t\t<div class=\"col-inner\"  >\n\t\t\t\n\t\t\t\n<p><a href=\"https:\/\/abix.com.br\/wp-content\/uploads\/2023\/12\/RD986.pdf\" target=\"_blank\" rel=\"noopener\">RD986 SERIES &#8211; TECHNICAL SHEET<\/a><\/p>\n\t\t<\/div>\n\t\t\t\t\t<\/div>\n\n\t\n<\/div>\n<\/div>\n<div id=\"tab_specifications\" class=\"panel entry-content\" role=\"tabpanel\" aria-labelledby=\"tab-specifications\">\n<div class=\"row\"  id=\"row-946232457\">\n\n\t<div id=\"col-587722235\" class=\"col small-12 large-12\"  >\n\t\t\t\t<div class=\"col-inner\"  >\n\t\t\t\n\t\t\t\n<p>GENERAL SPECIFICATIONS<\/p>\n<p>Frequency Range: UHF1:400-470MHz; UHF2:450-520MHz; UHF3:350-400MHz; VHF1:136-174MHz<br \/>\nChannel Capacity: 64<br \/>\nOperating voltage: 13.6V\u00b115%<br \/>\nDuty Cycle: 100%<br \/>\nCurrent consumption (Sleep): \u22641.0A<br \/>\nDrain current(transmit): \u226411A<br \/>\nDimensions(H\u00d7W\u00d7D) mm: 483 \u00d7 88 \u00d7 366<br \/>\nWeight: 8.5kg<br \/>\nDisplay: 220*176pixel, 262000 colors, 2.0 inch, 4 rows<\/p>\n<p>RECEIVER<\/p>\n<p>Nominal audio output power: 0.5W<\/p>\n<p>TRANSMITTER<\/p>\n<p>RF output power: 5-50W<br \/>\nDigital vocoder type: AMBE+2\u2122, SELP, NVOC, COMM<\/p>\n<p>ENVIRONMENTAL<\/p>\n<p>Operating temperature: -30\u2103\uff5e+60\u2103<br \/>\nStorage temperature: -40\u2103\uff5e+85\u2103<\/p>\n\t\t<\/div>\n\t\t\t\t\t<\/div>\n\n\t\n<\/div>\n<\/div><\/div><\/div>\n\t\t<\/div>\n\t\t\t\t\t<\/div>\n\n\t\n<\/div>\n\t\t<\/div>\n\t\t\t\t\t<\/div>\n\n\t\n<\/div>\n\t\t<\/div>\n\n\t\t\n<style>\n#section_1871271698 {\n  padding-top: 0px;\n  padding-bottom: 0px;\n}\n<\/style>\n\t<\/section>\n\t\n","protected":false},"excerpt":{"rendered":"<p>This is a high quality professional digital repeater strictly following the DMR standard. Its powerful digital feature, superior communication quality and ergonomic design will certainly provide a new experience in digital communications.<\/p>\n","protected":false},"featured_media":19929,"comment_status":"open","ping_status":"closed","template":"","meta":[],"product_brand":[],"product_cat":[199],"product_tag":[],"class_list":{"0":"post-19974","1":"product","2":"type-product","3":"status-publish","4":"has-post-thumbnail","6":"product_cat-hytera-en","8":"first","9":"instock","10":"shipping-taxable","11":"product-type-simple"},"yoast_head":"<!-- This site is optimized with the Yoast SEO plugin v27.3 - https:\/\/yoast.com\/product\/yoast-seo-wordpress\/ -->\n<title>Hytera RD986 - Abix<\/title>\n<meta name=\"robots\" content=\"index, follow, max-snippet:-1, max-image-preview:large, max-video-preview:-1\" \/>\n<link rel=\"canonical\" href=\"https:\/\/abix.com.br\/en\/produto\/hytera-rd986\/\" \/>\n<meta property=\"og:locale\" content=\"en_US\" \/>\n<meta property=\"og:type\" content=\"article\" \/>\n<meta property=\"og:title\" content=\"Hytera RD986 - Abix\" \/>\n<meta property=\"og:description\" content=\"This is a high quality professional digital repeater strictly following the DMR standard. Its powerful digital feature, superior communication quality and ergonomic design will certainly provide a new experience in digital communications.\" \/>\n<meta property=\"og:url\" content=\"https:\/\/abix.com.br\/en\/produto\/hytera-rd986\/\" \/>\n<meta property=\"og:site_name\" content=\"Abix\" \/>\n<meta property=\"article:modified_time\" content=\"2025-01-18T02:51:34+00:00\" \/>\n<meta property=\"og:image\" content=\"https:\/\/abix.com.br\/wp-content\/uploads\/2023\/12\/RD986-scaled.webp\" \/>\n\t<meta property=\"og:image:width\" content=\"2560\" \/>\n\t<meta property=\"og:image:height\" content=\"2560\" \/>\n\t<meta property=\"og:image:type\" content=\"image\/webp\" \/>\n<meta name=\"twitter:card\" content=\"summary_large_image\" \/>\n<meta name=\"twitter:label1\" content=\"Est. reading time\" \/>\n\t<meta name=\"twitter:data1\" content=\"2 minutes\" \/>\n<script type=\"application\/ld+json\" class=\"yoast-schema-graph\">{\"@context\":\"https:\\\/\\\/schema.org\",\"@graph\":[{\"@type\":\"WebPage\",\"@id\":\"https:\\\/\\\/abix.com.br\\\/en\\\/produto\\\/hytera-rd986\\\/\",\"url\":\"https:\\\/\\\/abix.com.br\\\/en\\\/produto\\\/hytera-rd986\\\/\",\"name\":\"Hytera RD986 - Abix\",\"isPartOf\":{\"@id\":\"https:\\\/\\\/abix.com.br\\\/#website\"},\"primaryImageOfPage\":{\"@id\":\"https:\\\/\\\/abix.com.br\\\/en\\\/produto\\\/hytera-rd986\\\/#primaryimage\"},\"image\":{\"@id\":\"https:\\\/\\\/abix.com.br\\\/en\\\/produto\\\/hytera-rd986\\\/#primaryimage\"},\"thumbnailUrl\":\"https:\\\/\\\/abix.com.br\\\/wp-content\\\/uploads\\\/2023\\\/12\\\/RD986-scaled.webp\",\"datePublished\":\"2023-12-20T12:49:30+00:00\",\"dateModified\":\"2025-01-18T02:51:34+00:00\",\"breadcrumb\":{\"@id\":\"https:\\\/\\\/abix.com.br\\\/en\\\/produto\\\/hytera-rd986\\\/#breadcrumb\"},\"inLanguage\":\"en-US\",\"potentialAction\":[{\"@type\":\"ReadAction\",\"target\":[\"https:\\\/\\\/abix.com.br\\\/en\\\/produto\\\/hytera-rd986\\\/\"]}]},{\"@type\":\"ImageObject\",\"inLanguage\":\"en-US\",\"@id\":\"https:\\\/\\\/abix.com.br\\\/en\\\/produto\\\/hytera-rd986\\\/#primaryimage\",\"url\":\"https:\\\/\\\/abix.com.br\\\/wp-content\\\/uploads\\\/2023\\\/12\\\/RD986-scaled.webp\",\"contentUrl\":\"https:\\\/\\\/abix.com.br\\\/wp-content\\\/uploads\\\/2023\\\/12\\\/RD986-scaled.webp\",\"width\":2560,\"height\":2560},{\"@type\":\"BreadcrumbList\",\"@id\":\"https:\\\/\\\/abix.com.br\\\/en\\\/produto\\\/hytera-rd986\\\/#breadcrumb\",\"itemListElement\":[{\"@type\":\"ListItem\",\"position\":1,\"name\":\"In\u00edcio\",\"item\":\"https:\\\/\\\/abix.com.br\\\/es\\\/\"},{\"@type\":\"ListItem\",\"position\":2,\"name\":\"Loja\",\"item\":\"https:\\\/\\\/abix.com.br\\\/loja\\\/\"},{\"@type\":\"ListItem\",\"position\":3,\"name\":\"Hytera RD986\"}]},{\"@type\":\"WebSite\",\"@id\":\"https:\\\/\\\/abix.com.br\\\/#website\",\"url\":\"https:\\\/\\\/abix.com.br\\\/\",\"name\":\"Abix\",\"description\":\"\",\"potentialAction\":[{\"@type\":\"SearchAction\",\"target\":{\"@type\":\"EntryPoint\",\"urlTemplate\":\"https:\\\/\\\/abix.com.br\\\/?s={search_term_string}\"},\"query-input\":{\"@type\":\"PropertyValueSpecification\",\"valueRequired\":true,\"valueName\":\"search_term_string\"}}],\"inLanguage\":\"en-US\"}]}<\/script>\n<!-- \/ Yoast SEO plugin. -->","yoast_head_json":{"title":"Hytera RD986 - Abix","robots":{"index":"index","follow":"follow","max-snippet":"max-snippet:-1","max-image-preview":"max-image-preview:large","max-video-preview":"max-video-preview:-1"},"canonical":"https:\/\/abix.com.br\/en\/produto\/hytera-rd986\/","og_locale":"en_US","og_type":"article","og_title":"Hytera RD986 - Abix","og_description":"This is a high quality professional digital repeater strictly following the DMR standard. Its powerful digital feature, superior communication quality and ergonomic design will certainly provide a new experience in digital communications.","og_url":"https:\/\/abix.com.br\/en\/produto\/hytera-rd986\/","og_site_name":"Abix","article_modified_time":"2025-01-18T02:51:34+00:00","og_image":[{"width":2560,"height":2560,"url":"https:\/\/abix.com.br\/wp-content\/uploads\/2023\/12\/RD986-scaled.webp","type":"image\/webp"}],"twitter_card":"summary_large_image","twitter_misc":{"Est. reading time":"2 minutes"},"schema":{"@context":"https:\/\/schema.org","@graph":[{"@type":"WebPage","@id":"https:\/\/abix.com.br\/en\/produto\/hytera-rd986\/","url":"https:\/\/abix.com.br\/en\/produto\/hytera-rd986\/","name":"Hytera RD986 - Abix","isPartOf":{"@id":"https:\/\/abix.com.br\/#website"},"primaryImageOfPage":{"@id":"https:\/\/abix.com.br\/en\/produto\/hytera-rd986\/#primaryimage"},"image":{"@id":"https:\/\/abix.com.br\/en\/produto\/hytera-rd986\/#primaryimage"},"thumbnailUrl":"https:\/\/abix.com.br\/wp-content\/uploads\/2023\/12\/RD986-scaled.webp","datePublished":"2023-12-20T12:49:30+00:00","dateModified":"2025-01-18T02:51:34+00:00","breadcrumb":{"@id":"https:\/\/abix.com.br\/en\/produto\/hytera-rd986\/#breadcrumb"},"inLanguage":"en-US","potentialAction":[{"@type":"ReadAction","target":["https:\/\/abix.com.br\/en\/produto\/hytera-rd986\/"]}]},{"@type":"ImageObject","inLanguage":"en-US","@id":"https:\/\/abix.com.br\/en\/produto\/hytera-rd986\/#primaryimage","url":"https:\/\/abix.com.br\/wp-content\/uploads\/2023\/12\/RD986-scaled.webp","contentUrl":"https:\/\/abix.com.br\/wp-content\/uploads\/2023\/12\/RD986-scaled.webp","width":2560,"height":2560},{"@type":"BreadcrumbList","@id":"https:\/\/abix.com.br\/en\/produto\/hytera-rd986\/#breadcrumb","itemListElement":[{"@type":"ListItem","position":1,"name":"In\u00edcio","item":"https:\/\/abix.com.br\/es\/"},{"@type":"ListItem","position":2,"name":"Loja","item":"https:\/\/abix.com.br\/loja\/"},{"@type":"ListItem","position":3,"name":"Hytera RD986"}]},{"@type":"WebSite","@id":"https:\/\/abix.com.br\/#website","url":"https:\/\/abix.com.br\/","name":"Abix","description":"","potentialAction":[{"@type":"SearchAction","target":{"@type":"EntryPoint","urlTemplate":"https:\/\/abix.com.br\/?s={search_term_string}"},"query-input":{"@type":"PropertyValueSpecification","valueRequired":true,"valueName":"search_term_string"}}],"inLanguage":"en-US"}]}},"_links":{"self":[{"href":"https:\/\/abix.com.br\/en\/wp-json\/wp\/v2\/product\/19974","targetHints":{"allow":["GET"]}}],"collection":[{"href":"https:\/\/abix.com.br\/en\/wp-json\/wp\/v2\/product"}],"about":[{"href":"https:\/\/abix.com.br\/en\/wp-json\/wp\/v2\/types\/product"}],"replies":[{"embeddable":true,"href":"https:\/\/abix.com.br\/en\/wp-json\/wp\/v2\/comments?post=19974"}],"wp:featuredmedia":[{"embeddable":true,"href":"https:\/\/abix.com.br\/en\/wp-json\/wp\/v2\/media\/19929"}],"wp:attachment":[{"href":"https:\/\/abix.com.br\/en\/wp-json\/wp\/v2\/media?parent=19974"}],"wp:term":[{"taxonomy":"product_brand","embeddable":true,"href":"https:\/\/abix.com.br\/en\/wp-json\/wp\/v2\/product_brand?post=19974"},{"taxonomy":"product_cat","embeddable":true,"href":"https:\/\/abix.com.br\/en\/wp-json\/wp\/v2\/product_cat?post=19974"},{"taxonomy":"product_tag","embeddable":true,"href":"https:\/\/abix.com.br\/en\/wp-json\/wp\/v2\/product_tag?post=19974"}],"curies":[{"name":"wp","href":"https:\/\/api.w.org\/{rel}","templated":true}]}}