{"id":23022,"date":"2025-11-28T11:15:29","date_gmt":"2025-11-28T14:15:29","guid":{"rendered":"https:\/\/abix.com.br\/?post_type=product&#038;p=23022"},"modified":"2025-11-28T11:35:50","modified_gmt":"2025-11-28T14:35:50","slug":"mototrbo-portable-radio-dep550-copia-copia-copia-copia-copia-copia-copia-copia-copia","status":"publish","type":"product","link":"https:\/\/abix.com.br\/en\/produto\/mototrbo-portable-radio-dep550-copia-copia-copia-copia-copia-copia-copia-copia-copia\/","title":{"rendered":"MOTOTRBO PORTABLE RADIO &#8211; DEP550 (c\u00f3pia) (c\u00f3pia) (c\u00f3pia) (c\u00f3pia) (c\u00f3pia) (c\u00f3pia) (c\u00f3pia) (c\u00f3pia) (c\u00f3pia)"},"content":{"rendered":"\n\t<section class=\"section\" id=\"section_2051830607\">\n\t\t<div class=\"section-bg fill\" >\n\t\t\t\t\t\t\t\t\t\n\t\t\t\n\n\t\t<\/div>\n\n\t\t\n\n\t\t<div class=\"section-content relative\">\n\t\t\t\n<div class=\"row\"  id=\"row-155787262\">\n\n\t<div id=\"col-1001616933\" class=\"col small-12 large-12\"  >\n\t\t\t\t<div class=\"col-inner\"  >\n\t\t\t\n\t\t\t\n<div class=\"row\"  id=\"row-41145579\">\n\n\t<div id=\"col-79119649\" class=\"col small-12 large-12\"  >\n\t\t\t\t<div class=\"col-inner\"  >\n\t\t\t\n\t\t\t\n\n\t\t<div class=\"tabbed-content locacao-tabs\">\n\t\t\t\n\t\t\t<ul class=\"nav nav-tabs nav-normal nav-size-xlarge nav-left active-on-hover\" role=\"tablist\"><li id=\"tab-information\" class=\"tab active has-icon\" role=\"presentation\"><a href=\"#tab_information\" role=\"tab\" aria-selected=\"true\" aria-controls=\"tab_information\"><span>INFORMATION<\/span><\/a><\/li>\n<li id=\"tab-accessories\" class=\"tab has-icon\" role=\"presentation\"><a href=\"#tab_accessories\" tabindex=\"-1\" role=\"tab\" aria-selected=\"false\" aria-controls=\"tab_accessories\"><span>ACCESSORIES<\/span><\/a><\/li>\n<li id=\"tab-downloads\" class=\"tab has-icon\" role=\"presentation\"><a href=\"#tab_downloads\" tabindex=\"-1\" role=\"tab\" aria-selected=\"false\" aria-controls=\"tab_downloads\"><span>DOWNLOADS<\/span><\/a><\/li>\n<li id=\"tab-specifications\" class=\"tab has-icon\" role=\"presentation\"><a href=\"#tab_specifications\" tabindex=\"-1\" role=\"tab\" aria-selected=\"false\" aria-controls=\"tab_specifications\"><span>SPECIFICATIONS<\/span><\/a><\/li><\/ul><div class=\"tab-panels\"><div id=\"tab_information\" class=\"panel active entry-content\" role=\"tabpanel\" aria-labelledby=\"tab-information\">\n<div class=\"row\"  id=\"row-180733734\">\n\n\t<div id=\"col-956666010\" class=\"col medium-6 small-12 large-6\"  >\n\t\t\t\t<div class=\"col-inner\"  >\n\t\t\t\n\t\t\t\n<p><strong>CONNECTIVITY<\/strong><\/p>\n<p>The DEP\u2122500e Series is a family of DMR-standard digital radios that offer operation-critical voice communications. Bluetooth\u00ae audio functionality allows you to talk wirelessly, and the integrated Wi-Fi function enables remote software updates, giving you complete control of your fleet of radios. Its compatibility with basic trunking solutions and existing analog technology allows you to keep your organization connected as it expands.<\/p>\n<p><strong>SECURITY<\/strong><\/p>\n<p>The DEP\u2122500e Series is designed to improve security in your organization with the rapid response capability of instant PTT communications. Even if a worker doesn&#8217;t respond, you can activate the radio remotely to check their status, ensuring that your worker is safe. It also has privacy options to protect your communications and can remotely deactivate radios if it is suspected that they have been lost.<\/p>\n<p><strong>EFFICIENCY<\/strong><\/p>\n<p>With new noise cancellation technology and improved audio clarity, the DEP\u2122500e Series offers excellent audio quality to make communications in your workplace clearly intelligible. The latest in power management technology offers up to 27 hours of battery life for three full work shifts, and the optional IMPRES Radio Frequency Battery Management tool helps you maximize battery life. It has an improved receiver that extends the range by up to 8%, allowing you to reach further than ever before.<\/p>\n\t\t<\/div>\n\t\t\t\t\t<\/div>\n\n\t\n\n\t<div id=\"col-1872722151\" class=\"col medium-6 small-12 large-6\"  >\n\t\t\t\t<div class=\"col-inner text-left\"  >\n\t\t\t\n\t\t\t\n\t\t<\/div>\n\t\t\t\t\t<\/div>\n\n\t\n<\/div>\n<\/div>\n<div id=\"tab_accessories\" class=\"panel entry-content\" role=\"tabpanel\" aria-labelledby=\"tab-accessories\">\n<div class=\"row align-middle\"  id=\"row-1156354847\">\n\n\t<div id=\"col-469012228\" class=\"col medium-10 small-12 large-10\"  >\n\t\t\t\t<div class=\"col-inner\"  >\n\t\t\t\n\t\t\t\n<p>CONTENT<\/p>\n\t\t<\/div>\n\t\t\t\t\t<\/div>\n\n\t\n\n\t<div id=\"col-220748669\" class=\"col medium-2 small-12 large-2\"  >\n\t\t\t\t<div class=\"col-inner\"  >\n\t\t\t\n\t\t\t\n\t\t<\/div>\n\t\t\t\t\t<\/div>\n\n\t\n<\/div>\n<\/div>\n<div id=\"tab_downloads\" class=\"panel entry-content\" role=\"tabpanel\" aria-labelledby=\"tab-downloads\">\n<div class=\"row\"  id=\"row-617402325\">\n\n\t<div id=\"col-174751739\" class=\"col medium-10 small-12 large-10\"  >\n\t\t\t\t<div class=\"col-inner\"  >\n\t\t\t\n\t\t\t\n<p><a href=\"https:\/\/www.abix.com.br\/wp-content\/uploads\/Ficha-DEP550.pdf\">DEP550 datasheet<\/a><\/p>\n\t\t<\/div>\n\t\t\t\t\t<\/div>\n\n\t\n<\/div>\n<\/div>\n<div id=\"tab_specifications\" class=\"panel entry-content\" role=\"tabpanel\" aria-labelledby=\"tab-specifications\">\n<div class=\"row\"  id=\"row-744799120\">\n\n\t<div id=\"col-2022207109\" class=\"col medium-9 small-12 large-9\"  >\n\t\t\t\t<div class=\"col-inner\"  >\n\t\t\t\n\t\t\t\n<h3>PERFORMANCE CHARACTERISTICS<\/h3>\n<ul>\n<li><strong>Standard battery chemistry type<\/strong><\/li>\n<\/ul>\n<p>Ionized lithium<\/p>\n<ul>\n<li><strong>4, 5 vatios<\/strong><\/li>\n<\/ul>\n<p>Yes<\/p>\n<ul>\n<li><strong>Battery life (based on operating cycle 5 5 90)<\/strong><\/li>\n<\/ul>\n<p>27 hours<\/p>\n<ul>\n<li><strong>Suitable for repeater<\/strong><\/li>\n<\/ul>\n<p>Yes<\/p>\n<ul>\n<li><strong>Frequency band<\/strong><\/li>\n<\/ul>\n<p>UHF, 350-400 MHz, VHF<\/p>\n<ul>\n<li><strong>Power output<\/strong><\/li>\n<\/ul>\n<p>High power output:<br \/>VHF &#8211; 5 W<br \/>350-400 MHz W<br \/>UHF &#8211; 4 W<\/p>\n<p>Low power output:<br \/>VHF &#8211; 1 W<br \/>350-400 MHz W<br \/>UHF &#8211; 1 W<\/p>\n<\/p>\n<h3>PHYSICAL CHARACTERISTICS<\/h3>\n<ul>\n<li><strong>Dimensions H x W x D (with standard battery)<\/strong><\/li>\n<\/ul>\n<p>122 x 56 x 36 mm (4.8 x 2.2 x 1.4 in)<\/p>\n<ul>\n<li><strong>Display<\/strong><\/li>\n<\/ul>\n<p>Limited<\/p>\n<ul>\n<li><strong>Weight (with standard battery)<\/strong><\/li>\n<\/ul>\n<p>281 g (10 oz)<\/p>\n<\/p>\n<h3>TECHNOLOGY<\/h3>\n<ul>\n<li><strong>Digital technology<\/strong><\/li>\n<\/ul>\n<p>Yes<\/p>\n<ul>\n<li><strong>Type of system<\/strong><\/li>\n<\/ul>\n<p>Conventional, Capacity Plus (optional), IP Site Connect (optional)<\/p>\n<\/p>\n<h3>USER ENVIRONMENT<\/h3>\n<ul>\n<li><strong>Military specifications<\/strong><\/li>\n<\/ul>\n<p>810 C, 810 D, 810 E, 810 F, 810 G<\/p>\n<ul>\n<li><strong>IP standards<\/strong><\/li>\n<\/ul>\n<p>IP67<\/p>\n<h3>RADIO RESOURCES<\/h3>\n<ul>\n<li><strong>Busy channel blocking<\/strong><\/li>\n<\/ul>\n<p>Yes<\/p>\n<ul>\n<li><strong>Call diverting<\/strong><\/li>\n<\/ul>\n<p>Yes<\/p>\n<ul>\n<li><strong>Channel search<\/strong><\/li>\n<\/ul>\n<p>Yes<\/p>\n<ul>\n<li><strong>Channel spacing<\/strong><\/li>\n<\/ul>\n<p>12.5 kHz, 20 kHz, 25 kHz<\/p>\n<ul>\n<li><strong>Missed call alerts<\/strong><\/li>\n<\/ul>\n<p>Yes<\/p>\n<ul>\n<li><strong>Group call<\/strong><\/li>\n<\/ul>\n<p>Yes<\/p>\n<ul>\n<li><strong>Types of reading<\/strong><\/li>\n<\/ul>\n<p>Normal, Priority, Double priority, Exclusion of unwanted channels, Group conversation, Entire group, System, Revert to initial state<\/p>\n<ul>\n<li><strong>Waiting time timer<\/strong><\/li>\n<\/ul>\n<p>Yes<\/p>\n<ul>\n<li><strong>Programmable buttons<\/strong><\/li>\n<\/ul>\n<p>Yes<\/p>\n<ul>\n<li><strong>Signage<\/strong><\/li>\n<\/ul>\n<p>MDC (Encode\/Decode), Quik-Call II (Encode\/Decode)<\/p>\n<ul>\n<li><strong>Lone worker<\/strong><\/li>\n<\/ul>\n<p>Yes<\/p>\n<ul>\n<li><strong>Private line<\/strong><\/li>\n<\/ul>\n<p>Yes<\/p>\n<ul>\n<li><strong>Transmission interruption<\/strong><\/li>\n<\/ul>\n<p>yes<\/p>\n<ul>\n<li><strong>Call diverting<\/strong><\/li>\n<\/ul>\n<p>Yes<\/p>\n<ul>\n<li><strong>Caller ID<\/strong><\/li>\n<\/ul>\n<p>Yes<\/p>\n<ul>\n<li><strong>Number of channels<\/strong><\/li>\n<\/ul>\n<p>Limited keyboard model (LKP) &#8211; 128 channels<br \/>Keyboard-less model (NKP) &#8211; 32 channels<\/p>\n<ul>\n<li><strong>Customer scheduling software (CPS)<\/strong><\/li>\n<\/ul>\n<p>Yes<\/p>\n<ul>\n<li><strong>One-to-one call<\/strong><\/li>\n<\/ul>\n<p>Yes<\/p>\n<ul>\n<li><strong>Phone book<\/strong><\/li>\n<\/ul>\n<p>Yes<\/p>\n<ul>\n<li><strong>Direct communication<\/strong><\/li>\n<\/ul>\n<p>Yes<\/p>\n<ul>\n<li><strong>Transmission with interrupted carrier (VOX)<\/strong><\/li>\n<\/ul>\n<p>Yes<\/p>\n<ul>\n<li><strong>Intelligent audio<\/strong><\/li>\n<\/ul>\n<p>Yes<\/p>\n<ul>\n<li><strong>Voice announcement<\/strong><\/li>\n<\/ul>\n<p>Yes<\/p>\n<ul>\n<li><strong>Permanent monitor<\/strong><\/li>\n<\/ul>\n<p>Yes<\/p>\n<ul>\n<li><strong>Digital private line<\/strong><\/li>\n<\/ul>\n<p>Yes<\/p>\n<ul>\n<li><strong>Improved privacy<\/strong><\/li>\n<\/ul>\n<p>Optional<\/p>\n\t\t<\/div>\n\t\t\t\t\t<\/div>\n\n\t\n<\/div>\n<\/div><\/div><\/div>\n\t\t<\/div>\n\t\t\t\t\t<\/div>\n\n\t\n<\/div>\n\t\t<\/div>\n\t\t\t\t\t<\/div>\n\n\t\n<\/div>\n\t\t<\/div>\n\n\t\t\n<style>\n#section_2051830607 {\n  padding-top: 0px;\n  padding-bottom: 0px;\n}\n<\/style>\n\t<\/section>\n\t\n","protected":false},"excerpt":{"rendered":"<p style=\"text-align: justify;\">This dynamic evolution of MOTOTRBO\u2122 digital two-way radios helps you improve your connectivity, safety and efficiency. The DEP\u2122 500e Series is designed for the average worker who always needs efficient communications. With strong and clear audio and system support, these state-of-the-art radios offer cost-effective connectivity for your organization.<\/p>\n<p style=\"text-align: justify;\">This is what&#8217;s new about these latest generation radios:<\/p>\n<ul style=\"text-align: justify;\">\n<li>Integrated Wi-Fi<\/li>\n<li>Software updates via WiFi<\/li>\n<li>Bluetooth\u00ae 4.0*<\/li>\n<li>Improved audio quality<\/li>\n<li>Improved magnification capacity<\/li>\n<li>Longer battery life (up to 29 hours)<\/li>\n<li>Greater range (up to 8%)<\/li>\n<li>Increased resistance to water and dust (IP67)<\/li>\n<\/ul>\n","protected":false},"featured_media":23024,"comment_status":"closed","ping_status":"closed","template":"","meta":[],"product_brand":[],"product_cat":[93],"product_tag":[],"class_list":{"0":"post-23022","1":"product","2":"type-product","3":"status-publish","4":"has-post-thumbnail","6":"product_cat-professional-line","8":"first","9":"instock","10":"shipping-taxable","11":"product-type-simple"},"yoast_head":"<!-- This site is optimized with the Yoast SEO plugin v27.3 - https:\/\/yoast.com\/product\/yoast-seo-wordpress\/ -->\n<title>MOTOTRBO PORTABLE RADIO - DEP550 (c\u00f3pia) (c\u00f3pia) (c\u00f3pia) (c\u00f3pia) (c\u00f3pia) (c\u00f3pia) (c\u00f3pia) (c\u00f3pia) (c\u00f3pia) - Abix Technology<\/title>\n<meta name=\"description\" content=\"This dynamic evolution of MOTOTRBO\u2122 digital two-way radios helps you improve your connectivity, safety and efficiency. Check it out!\" \/>\n<meta name=\"robots\" content=\"index, follow, max-snippet:-1, max-image-preview:large, max-video-preview:-1\" \/>\n<link rel=\"canonical\" href=\"https:\/\/abix.com.br\/en\/produto\/mototrbo-portable-radio-dep550-copia-copia-copia-copia-copia-copia-copia-copia-copia\/\" \/>\n<meta property=\"og:locale\" content=\"en_US\" \/>\n<meta property=\"og:type\" content=\"article\" \/>\n<meta property=\"og:title\" content=\"MOTOTRBO PORTABLE RADIO - DEP550 (c\u00f3pia) (c\u00f3pia) (c\u00f3pia) (c\u00f3pia) (c\u00f3pia) (c\u00f3pia) (c\u00f3pia) (c\u00f3pia) (c\u00f3pia) - Abix Technology\" \/>\n<meta property=\"og:description\" content=\"This dynamic evolution of MOTOTRBO\u2122 digital two-way radios helps you improve your connectivity, safety and efficiency. Check it out!\" \/>\n<meta property=\"og:url\" content=\"https:\/\/abix.com.br\/en\/produto\/mototrbo-portable-radio-dep550-copia-copia-copia-copia-copia-copia-copia-copia-copia\/\" \/>\n<meta property=\"og:site_name\" content=\"Abix\" \/>\n<meta property=\"article:modified_time\" content=\"2025-11-28T14:35:50+00:00\" \/>\n<meta name=\"twitter:card\" content=\"summary_large_image\" \/>\n<meta name=\"twitter:label1\" content=\"Est. reading time\" \/>\n\t<meta name=\"twitter:data1\" content=\"3 minutes\" \/>\n<script type=\"application\/ld+json\" class=\"yoast-schema-graph\">{\"@context\":\"https:\\\/\\\/schema.org\",\"@graph\":[{\"@type\":\"WebPage\",\"@id\":\"https:\\\/\\\/abix.com.br\\\/en\\\/produto\\\/mototrbo-portable-radio-dep550-copia-copia-copia-copia-copia-copia-copia-copia-copia\\\/\",\"url\":\"https:\\\/\\\/abix.com.br\\\/en\\\/produto\\\/mototrbo-portable-radio-dep550-copia-copia-copia-copia-copia-copia-copia-copia-copia\\\/\",\"name\":\"MOTOTRBO PORTABLE RADIO - DEP550 (c\u00f3pia) (c\u00f3pia) (c\u00f3pia) (c\u00f3pia) (c\u00f3pia) (c\u00f3pia) (c\u00f3pia) (c\u00f3pia) (c\u00f3pia) - Abix Technology\",\"isPartOf\":{\"@id\":\"https:\\\/\\\/abix.com.br\\\/#website\"},\"primaryImageOfPage\":{\"@id\":\"https:\\\/\\\/abix.com.br\\\/en\\\/produto\\\/mototrbo-portable-radio-dep550-copia-copia-copia-copia-copia-copia-copia-copia-copia\\\/#primaryimage\"},\"image\":{\"@id\":\"https:\\\/\\\/abix.com.br\\\/en\\\/produto\\\/mototrbo-portable-radio-dep550-copia-copia-copia-copia-copia-copia-copia-copia-copia\\\/#primaryimage\"},\"thumbnailUrl\":\"https:\\\/\\\/abix.com.br\\\/wp-content\\\/uploads\\\/2025\\\/11\\\/IRC100-RSM.webp\",\"datePublished\":\"2025-11-28T14:15:29+00:00\",\"dateModified\":\"2025-11-28T14:35:50+00:00\",\"description\":\"This dynamic evolution of MOTOTRBO\u2122 digital two-way radios helps you improve your connectivity, safety and efficiency. Check it out!\",\"breadcrumb\":{\"@id\":\"https:\\\/\\\/abix.com.br\\\/en\\\/produto\\\/mototrbo-portable-radio-dep550-copia-copia-copia-copia-copia-copia-copia-copia-copia\\\/#breadcrumb\"},\"inLanguage\":\"en-US\",\"potentialAction\":[{\"@type\":\"ReadAction\",\"target\":[\"https:\\\/\\\/abix.com.br\\\/en\\\/produto\\\/mototrbo-portable-radio-dep550-copia-copia-copia-copia-copia-copia-copia-copia-copia\\\/\"]}]},{\"@type\":\"ImageObject\",\"inLanguage\":\"en-US\",\"@id\":\"https:\\\/\\\/abix.com.br\\\/en\\\/produto\\\/mototrbo-portable-radio-dep550-copia-copia-copia-copia-copia-copia-copia-copia-copia\\\/#primaryimage\",\"url\":\"https:\\\/\\\/abix.com.br\\\/wp-content\\\/uploads\\\/2025\\\/11\\\/IRC100-RSM.webp\",\"contentUrl\":\"https:\\\/\\\/abix.com.br\\\/wp-content\\\/uploads\\\/2025\\\/11\\\/IRC100-RSM.webp\",\"width\":1000,\"height\":1000},{\"@type\":\"BreadcrumbList\",\"@id\":\"https:\\\/\\\/abix.com.br\\\/en\\\/produto\\\/mototrbo-portable-radio-dep550-copia-copia-copia-copia-copia-copia-copia-copia-copia\\\/#breadcrumb\",\"itemListElement\":[{\"@type\":\"ListItem\",\"position\":1,\"name\":\"In\u00edcio\",\"item\":\"https:\\\/\\\/abix.com.br\\\/es\\\/\"},{\"@type\":\"ListItem\",\"position\":2,\"name\":\"Loja\",\"item\":\"https:\\\/\\\/abix.com.br\\\/loja\\\/\"},{\"@type\":\"ListItem\",\"position\":3,\"name\":\"MOTOTRBO PORTABLE RADIO &#8211; DEP550 (c\u00f3pia) (c\u00f3pia) (c\u00f3pia) (c\u00f3pia) (c\u00f3pia) (c\u00f3pia) (c\u00f3pia) (c\u00f3pia) (c\u00f3pia)\"}]},{\"@type\":\"WebSite\",\"@id\":\"https:\\\/\\\/abix.com.br\\\/#website\",\"url\":\"https:\\\/\\\/abix.com.br\\\/\",\"name\":\"Abix\",\"description\":\"\",\"potentialAction\":[{\"@type\":\"SearchAction\",\"target\":{\"@type\":\"EntryPoint\",\"urlTemplate\":\"https:\\\/\\\/abix.com.br\\\/?s={search_term_string}\"},\"query-input\":{\"@type\":\"PropertyValueSpecification\",\"valueRequired\":true,\"valueName\":\"search_term_string\"}}],\"inLanguage\":\"en-US\"}]}<\/script>\n<!-- \/ Yoast SEO plugin. -->","yoast_head_json":{"title":"MOTOTRBO PORTABLE RADIO - DEP550 (c\u00f3pia) (c\u00f3pia) (c\u00f3pia) (c\u00f3pia) (c\u00f3pia) (c\u00f3pia) (c\u00f3pia) (c\u00f3pia) (c\u00f3pia) - Abix Technology","description":"This dynamic evolution of MOTOTRBO\u2122 digital two-way radios helps you improve your connectivity, safety and efficiency. Check it out!","robots":{"index":"index","follow":"follow","max-snippet":"max-snippet:-1","max-image-preview":"max-image-preview:large","max-video-preview":"max-video-preview:-1"},"canonical":"https:\/\/abix.com.br\/en\/produto\/mototrbo-portable-radio-dep550-copia-copia-copia-copia-copia-copia-copia-copia-copia\/","og_locale":"en_US","og_type":"article","og_title":"MOTOTRBO PORTABLE RADIO - DEP550 (c\u00f3pia) (c\u00f3pia) (c\u00f3pia) (c\u00f3pia) (c\u00f3pia) (c\u00f3pia) (c\u00f3pia) (c\u00f3pia) (c\u00f3pia) - Abix Technology","og_description":"This dynamic evolution of MOTOTRBO\u2122 digital two-way radios helps you improve your connectivity, safety and efficiency. Check it out!","og_url":"https:\/\/abix.com.br\/en\/produto\/mototrbo-portable-radio-dep550-copia-copia-copia-copia-copia-copia-copia-copia-copia\/","og_site_name":"Abix","article_modified_time":"2025-11-28T14:35:50+00:00","twitter_card":"summary_large_image","twitter_misc":{"Est. reading time":"3 minutes"},"schema":{"@context":"https:\/\/schema.org","@graph":[{"@type":"WebPage","@id":"https:\/\/abix.com.br\/en\/produto\/mototrbo-portable-radio-dep550-copia-copia-copia-copia-copia-copia-copia-copia-copia\/","url":"https:\/\/abix.com.br\/en\/produto\/mototrbo-portable-radio-dep550-copia-copia-copia-copia-copia-copia-copia-copia-copia\/","name":"MOTOTRBO PORTABLE RADIO - DEP550 (c\u00f3pia) (c\u00f3pia) (c\u00f3pia) (c\u00f3pia) (c\u00f3pia) (c\u00f3pia) (c\u00f3pia) (c\u00f3pia) (c\u00f3pia) - Abix Technology","isPartOf":{"@id":"https:\/\/abix.com.br\/#website"},"primaryImageOfPage":{"@id":"https:\/\/abix.com.br\/en\/produto\/mototrbo-portable-radio-dep550-copia-copia-copia-copia-copia-copia-copia-copia-copia\/#primaryimage"},"image":{"@id":"https:\/\/abix.com.br\/en\/produto\/mototrbo-portable-radio-dep550-copia-copia-copia-copia-copia-copia-copia-copia-copia\/#primaryimage"},"thumbnailUrl":"https:\/\/abix.com.br\/wp-content\/uploads\/2025\/11\/IRC100-RSM.webp","datePublished":"2025-11-28T14:15:29+00:00","dateModified":"2025-11-28T14:35:50+00:00","description":"This dynamic evolution of MOTOTRBO\u2122 digital two-way radios helps you improve your connectivity, safety and efficiency. Check it out!","breadcrumb":{"@id":"https:\/\/abix.com.br\/en\/produto\/mototrbo-portable-radio-dep550-copia-copia-copia-copia-copia-copia-copia-copia-copia\/#breadcrumb"},"inLanguage":"en-US","potentialAction":[{"@type":"ReadAction","target":["https:\/\/abix.com.br\/en\/produto\/mototrbo-portable-radio-dep550-copia-copia-copia-copia-copia-copia-copia-copia-copia\/"]}]},{"@type":"ImageObject","inLanguage":"en-US","@id":"https:\/\/abix.com.br\/en\/produto\/mototrbo-portable-radio-dep550-copia-copia-copia-copia-copia-copia-copia-copia-copia\/#primaryimage","url":"https:\/\/abix.com.br\/wp-content\/uploads\/2025\/11\/IRC100-RSM.webp","contentUrl":"https:\/\/abix.com.br\/wp-content\/uploads\/2025\/11\/IRC100-RSM.webp","width":1000,"height":1000},{"@type":"BreadcrumbList","@id":"https:\/\/abix.com.br\/en\/produto\/mototrbo-portable-radio-dep550-copia-copia-copia-copia-copia-copia-copia-copia-copia\/#breadcrumb","itemListElement":[{"@type":"ListItem","position":1,"name":"In\u00edcio","item":"https:\/\/abix.com.br\/es\/"},{"@type":"ListItem","position":2,"name":"Loja","item":"https:\/\/abix.com.br\/loja\/"},{"@type":"ListItem","position":3,"name":"MOTOTRBO PORTABLE RADIO &#8211; DEP550 (c\u00f3pia) (c\u00f3pia) (c\u00f3pia) (c\u00f3pia) (c\u00f3pia) (c\u00f3pia) (c\u00f3pia) (c\u00f3pia) (c\u00f3pia)"}]},{"@type":"WebSite","@id":"https:\/\/abix.com.br\/#website","url":"https:\/\/abix.com.br\/","name":"Abix","description":"","potentialAction":[{"@type":"SearchAction","target":{"@type":"EntryPoint","urlTemplate":"https:\/\/abix.com.br\/?s={search_term_string}"},"query-input":{"@type":"PropertyValueSpecification","valueRequired":true,"valueName":"search_term_string"}}],"inLanguage":"en-US"}]}},"_links":{"self":[{"href":"https:\/\/abix.com.br\/en\/wp-json\/wp\/v2\/product\/23022","targetHints":{"allow":["GET"]}}],"collection":[{"href":"https:\/\/abix.com.br\/en\/wp-json\/wp\/v2\/product"}],"about":[{"href":"https:\/\/abix.com.br\/en\/wp-json\/wp\/v2\/types\/product"}],"replies":[{"embeddable":true,"href":"https:\/\/abix.com.br\/en\/wp-json\/wp\/v2\/comments?post=23022"}],"wp:featuredmedia":[{"embeddable":true,"href":"https:\/\/abix.com.br\/en\/wp-json\/wp\/v2\/media\/23024"}],"wp:attachment":[{"href":"https:\/\/abix.com.br\/en\/wp-json\/wp\/v2\/media?parent=23022"}],"wp:term":[{"taxonomy":"product_brand","embeddable":true,"href":"https:\/\/abix.com.br\/en\/wp-json\/wp\/v2\/product_brand?post=23022"},{"taxonomy":"product_cat","embeddable":true,"href":"https:\/\/abix.com.br\/en\/wp-json\/wp\/v2\/product_cat?post=23022"},{"taxonomy":"product_tag","embeddable":true,"href":"https:\/\/abix.com.br\/en\/wp-json\/wp\/v2\/product_tag?post=23022"}],"curies":[{"name":"wp","href":"https:\/\/api.w.org\/{rel}","templated":true}]}}