{"id":19041,"date":"2023-06-30T17:07:49","date_gmt":"2023-06-30T20:07:49","guid":{"rendered":"https:\/\/abix.com.br\/aluguel-de-radio-dtr620\/"},"modified":"2023-11-06T13:48:05","modified_gmt":"2023-11-06T16:48:05","slug":"aluguel-de-radio-dtr620","status":"publish","type":"page","link":"https:\/\/abix.com.br\/es\/aluguel-de-radio-dtr620\/","title":{"rendered":"Aluguel de R\u00e1dio DTR620"},"content":{"rendered":"\n\t<section class=\"section paginas-internas\" id=\"section_645088419\">\n\t\t<div class=\"section-bg fill\" >\n\t\t\t\t\t\t\t\t\t\n\t\t\t\n\n\t\t<\/div>\n\n\t\t\n\n\t\t<div class=\"section-content relative\">\n\t\t\t\n<div class=\"row\"  id=\"row-1086810719\">\n\n\t<div id=\"col-1474943097\" class=\"col small-12 large-12\"  >\n\t\t\t\t<div class=\"col-inner\"  >\n\t\t\t\n\t\t\t\n<h1 style=\"text-align: center;\">ALUGUEL DE R\u00c1DIO DTR620<\/h1>\n\t\t<\/div>\n\t\t\t\t\t<\/div>\n\n\t\n<\/div>\n\t\t<\/div>\n\n\t\t\n<style>\n#section_645088419 {\n  padding-top: 70px;\n  padding-bottom: 70px;\n}\n<\/style>\n\t<\/section>\n\t\n\n\t<section class=\"section\" id=\"section_254241292\">\n\t\t<div class=\"section-bg fill\" >\n\t\t\t\t\t\t\t\t\t\n\t\t\t\n\n\t\t<\/div>\n\n\t\t\n\n\t\t<div class=\"section-content relative\">\n\t\t\t\n<div class=\"row\"  id=\"row-938936421\">\n\n\t<div id=\"col-1904314556\" class=\"col medium-6 small-12 large-6\"  >\n\t\t\t\t<div class=\"col-inner\"  >\n\t\t\t\n\t\t\t\n\t<div class=\"img has-hover x md-x lg-x y md-y lg-y\" id=\"image_1020680375\">\n\t\t\t\t\t\t\t\t<div class=\"img-inner dark\" >\n\t\t\t<img decoding=\"async\" width=\"600\" height=\"600\" src=\"https:\/\/abix.com.br\/wp-content\/uploads\/2023\/07\/aluguel_dtr620_1.webp\" class=\"attachment-original size-original\" alt=\"\" srcset=\"https:\/\/abix.com.br\/wp-content\/uploads\/2023\/07\/aluguel_dtr620_1.webp 600w, https:\/\/abix.com.br\/wp-content\/uploads\/2023\/07\/aluguel_dtr620_1-300x300.webp 300w, https:\/\/abix.com.br\/wp-content\/uploads\/2023\/07\/aluguel_dtr620_1-100x100.webp 100w, https:\/\/abix.com.br\/wp-content\/uploads\/2023\/07\/aluguel_dtr620_1-150x150.webp 150w\" sizes=\"(max-width: 600px) 100vw, 600px\" \/>\t\t\t\t\t\t\n\t\t\t\t\t<\/div>\n\t\t\t\t\t\t\t\t\n<style>\n#image_1020680375 {\n  width: 100%;\n}\n<\/style>\n\t<\/div>\n\t\n\t\t<\/div>\n\t\t\t\t\t<\/div>\n\n\t\n\n\t<div id=\"col-1517734917\" class=\"col medium-6 small-12 large-6\"  >\n\t\t\t\t<div class=\"col-inner\"  >\n\t\t\t\n\t\t\t\n<h3><strong>MOTOROLA DTR620<\/strong><\/h3>\n<p>Em caso de trabalho em \u00e1reas de risco de explos\u00e3o ou de inc\u00eandios, o tablet indicado tem que ter certificado ATEX e aprova\u00e7\u00e3o do INMETRO. Os tablets s\u00e3o equipamentos ultra resistentes a qualquer condi\u00e7\u00e3o adversa, apoie-o no ombro, use-o em ambientes internos ou externos, exponha-o a poeira, quedas, chuva e a temperaturas extremamente altas e baixas.<\/p>\n<p>Abix sempre um passo \u00e0 frente! Os tablets Atex da Abix s\u00e3o equipamentos inteligentes e inovadores com a tecnologia mais avan\u00e7ada no mercado.<\/p>\n\t\t<\/div>\n\t\t\t\t\t<\/div>\n\n\t\n<\/div>\n\t\t<\/div>\n\n\t\t\n<style>\n#section_254241292 {\n  padding-top: 30px;\n  padding-bottom: 30px;\n}\n<\/style>\n\t<\/section>\n\t\n\n\t<section class=\"section\" id=\"section_459721875\">\n\t\t<div class=\"section-bg fill\" >\n\t\t\t\t\t\t\t\t\t\n\t\t\t\n\n\t\t<\/div>\n\n\t\t\n\n\t\t<div class=\"section-content relative\">\n\t\t\t\n<div class=\"row\"  id=\"row-1394573139\">\n\n\t<div id=\"col-1740121476\" class=\"col medium-6 small-12 large-6\"  >\n\t\t\t\t<div class=\"col-inner\"  >\n\t\t\t\n\t\t\t\n<h3><strong>EQUIPAMENTOS EM PERFEITO ESTADO<\/strong><\/h3>\n<p>A Abix disp\u00f5e para loca\u00e7\u00e3o a pronta entrega de um grande parque de radiocomunicadores DTR620 e DRT720 em perfeito estado de conserva\u00e7\u00e3o e funcionamento garantidos por um rigoroso processo de qualidade certificado pela <a href=\"https:\/\/www.abix.com.br\/wp-content\/uploads\/ISO-9001_2015.webp\">ISO9001<\/a>.<\/p>\n<h3><strong>CONTROLE E REDU\u00c7\u00c3O DE CUSTOS<\/strong><\/h3>\n<p>Ao alugar r\u00e1dios comunicadores DTR620 e DTR720 com a Abix voc\u00ea receber\u00e1 mensalmente relat\u00f3rios detalhados com os locais de uso (centros de custo) e todas informa\u00e7\u00f5es sobre os r\u00e1dios alugados sem quaisquer despesas com controle, estoque, configura\u00e7\u00e3o e manuten\u00e7\u00e3o (exceto em caso de mal uso).<\/p>\n<h3><strong>AGILIDADE, RAPIDEZ E PONTUALIDADE NA ENTREGA<\/strong><\/h3>\n<p>A Abix possui a estrutura e log\u00edstica capazes de atender com rapidez solicita\u00e7\u00f5es de aluguel de qualquer quantidade de r\u00e1dios.<\/p>\n\t\t<\/div>\n\t\t\t\t\t<\/div>\n\n\t\n\n\t<div id=\"col-554041219\" class=\"col medium-6 small-12 large-6\"  >\n\t\t\t\t<div class=\"col-inner\"  >\n\t\t\t\n\t\t\t\n<h3><strong>CONFIGURA\u00c7\u00d5ES CUSTOMIZADAS<\/strong><\/h3>\n<p>Os r\u00e1dios podem ser fornecidos com programa\u00e7\u00f5es distintas para cada grupo conforme suas necessidades e com etiquetas identificadoras para facilitar a distribui\u00e7\u00e3o e identifica\u00e7\u00e3o dos r\u00e1dios locados.<\/p>\n<h3><strong>EQUIPE T\u00c9CNICA E CONSULTORES CAPACITADOS<\/strong><\/h3>\n<p>Treinados na f\u00e1brica da Motorola, a equipe Abix oferece consultoria sob demanda para projetos na venda e loca\u00e7\u00e3o de sistemas de comunica\u00e7\u00e3o por r\u00e1dio.<\/p>\n\t\t<\/div>\n\t\t\t\t\t<\/div>\n\n\t\n<\/div>\n\t\t<\/div>\n\n\t\t\n<style>\n#section_459721875 {\n  padding-top: 30px;\n  padding-bottom: 30px;\n  background-color: rgb(230, 230, 230);\n}\n<\/style>\n\t<\/section>\n\t\n\n\t<section class=\"section\" id=\"section_1554080180\">\n\t\t<div class=\"section-bg fill\" >\n\t\t\t\t\t\t\t\t\t\n\t\t\t\n\n\t\t<\/div>\n\n\t\t\n\n\t\t<div class=\"section-content relative\">\n\t\t\t\n<div class=\"row\"  id=\"row-639386952\">\n\n\t<div id=\"col-1223908178\" class=\"col medium-6 small-12 large-6\"  >\n\t\t\t\t<div class=\"col-inner\"  >\n\t\t\t\n\t\t\t\n<div class=\"row align-middle\"  id=\"row-716048538\">\n\n\t<div id=\"col-1853061198\" class=\"col medium-3 small-12 large-3\"  >\n\t\t\t\t<div class=\"col-inner\"  >\n\t\t\t\n\t\t\t\n\t<div class=\"img has-hover x md-x lg-x y md-y lg-y\" id=\"image_1970512089\">\n\t\t\t\t\t\t\t\t<div class=\"img-inner dark\" >\n\t\t\t<img decoding=\"async\" width=\"75\" height=\"75\" src=\"https:\/\/abix.com.br\/wp-content\/uploads\/2023\/07\/download.webp\" class=\"attachment-original size-original\" alt=\"\" \/>\t\t\t\t\t\t\n\t\t\t\t\t<\/div>\n\t\t\t\t\t\t\t\t\n<style>\n#image_1970512089 {\n  width: 100%;\n}\n<\/style>\n\t<\/div>\n\t\n\t\t<\/div>\n\t\t\t\t\t<\/div>\n\n\t\n\n\t<div id=\"col-1157319356\" class=\"col medium-6 small-12 large-6\"  >\n\t\t\t\t<div class=\"col-inner\"  >\n\t\t\t\n\t\t\t\n<h3><a href=\"https:\/\/abix.com.br\/wp-content\/uploads\/Radio_DTR620.pdf\">CATALOGO DTR620<\/a><\/h3>\n\t\t<\/div>\n\t\t\t\t\t<\/div>\n\n\t\n<\/div>\n<div class=\"row align-middle\"  id=\"row-424598988\">\n\n\t<div id=\"col-661530296\" class=\"col medium-3 small-12 large-3\"  >\n\t\t\t\t<div class=\"col-inner\"  >\n\t\t\t\n\t\t\t\n\t<div class=\"img has-hover x md-x lg-x y md-y lg-y\" id=\"image_1734553272\">\n\t\t\t\t\t\t\t\t<div class=\"img-inner dark\" >\n\t\t\t<img decoding=\"async\" width=\"75\" height=\"75\" src=\"https:\/\/abix.com.br\/wp-content\/uploads\/2023\/07\/download.webp\" class=\"attachment-original size-original\" alt=\"\" \/>\t\t\t\t\t\t\n\t\t\t\t\t<\/div>\n\t\t\t\t\t\t\t\t\n<style>\n#image_1734553272 {\n  width: 100%;\n}\n<\/style>\n\t<\/div>\n\t\n\t\t<\/div>\n\t\t\t\t\t<\/div>\n\n\t\n\n\t<div id=\"col-1530838047\" class=\"col medium-6 small-12 large-6\"  >\n\t\t\t\t<div class=\"col-inner\"  >\n\t\t\t\n\t\t\t\n<h3><a href=\"https:\/\/abix.com.br\/wp-content\/uploads\/Radio_DTR720.pdf\">CATALOGO DTR720<\/a><\/h3>\n\t\t<\/div>\n\t\t\t\t\t<\/div>\n\n\t\n<\/div>\n\t\t<\/div>\n\t\t\t\t\t<\/div>\n\n\t\n\n\t<div id=\"col-1693582565\" class=\"col medium-6 small-12 large-6\"  >\n\t\t\t\t<div class=\"col-inner\"  >\n\t\t\t\n\t\t\t\n\t\t<\/div>\n\t\t\t\t\t<\/div>\n\n\t\n<\/div>\n\t\t<\/div>\n\n\t\t\n<style>\n#section_1554080180 {\n  padding-top: 30px;\n  padding-bottom: 30px;\n}\n<\/style>\n\t<\/section>\n\t\n","protected":false},"excerpt":{"rendered":"","protected":false},"author":1,"featured_media":0,"parent":0,"menu_order":0,"comment_status":"closed","ping_status":"closed","template":"page-blank.php","meta":{"footnotes":""},"class_list":["post-19041","page","type-page","status-publish","hentry"],"yoast_head":"<!-- This site is optimized with the Yoast SEO plugin v27.5 - https:\/\/yoast.com\/product\/yoast-seo-wordpress\/ -->\n<title>Aluguel de R\u00e1dio DTR620 - Aluguel de R\u00e1dio Comunicadores -Abix<\/title>\n<meta name=\"description\" content=\"Aluguel de R\u00e1dio Motorola DTR620 para hot\u00e9is, bares e restaurantes. Livre de licen\u00e7a anatel, bateria de longa dura\u00e7\u00e3o.\" \/>\n<meta name=\"robots\" content=\"index, follow, max-snippet:-1, max-image-preview:large, max-video-preview:-1\" \/>\n<link rel=\"canonical\" href=\"https:\/\/abix.com.br\/es\/aluguel-de-radio-dtr620\/\" \/>\n<meta property=\"og:locale\" content=\"es_ES\" \/>\n<meta property=\"og:type\" content=\"article\" \/>\n<meta property=\"og:title\" content=\"Aluguel de R\u00e1dio DTR620 - Aluguel de R\u00e1dio Comunicadores -Abix\" \/>\n<meta property=\"og:description\" content=\"Aluguel de R\u00e1dio Motorola DTR620 para hot\u00e9is, bares e restaurantes. Livre de licen\u00e7a anatel, bateria de longa dura\u00e7\u00e3o.\" \/>\n<meta property=\"og:url\" content=\"https:\/\/abix.com.br\/es\/aluguel-de-radio-dtr620\/\" \/>\n<meta property=\"og:site_name\" content=\"Abix\" \/>\n<meta property=\"article:modified_time\" content=\"2023-11-06T16:48:05+00:00\" \/>\n<meta name=\"twitter:card\" content=\"summary_large_image\" \/>\n<meta name=\"twitter:label1\" content=\"Tiempo de lectura\" \/>\n\t<meta name=\"twitter:data1\" content=\"2 minutos\" \/>\n<script type=\"application\/ld+json\" class=\"yoast-schema-graph\">{\"@context\":\"https:\\\/\\\/schema.org\",\"@graph\":[{\"@type\":\"WebPage\",\"@id\":\"https:\\\/\\\/abix.com.br\\\/es\\\/aluguel-de-radio-dtr620\\\/\",\"url\":\"https:\\\/\\\/abix.com.br\\\/es\\\/aluguel-de-radio-dtr620\\\/\",\"name\":\"Aluguel de R\u00e1dio DTR620 - Aluguel de R\u00e1dio Comunicadores -Abix\",\"isPartOf\":{\"@id\":\"https:\\\/\\\/abix.com.br\\\/#website\"},\"datePublished\":\"2023-06-30T20:07:49+00:00\",\"dateModified\":\"2023-11-06T16:48:05+00:00\",\"description\":\"Aluguel de R\u00e1dio Motorola DTR620 para hot\u00e9is, bares e restaurantes. Livre de licen\u00e7a anatel, bateria de longa dura\u00e7\u00e3o.\",\"breadcrumb\":{\"@id\":\"https:\\\/\\\/abix.com.br\\\/es\\\/aluguel-de-radio-dtr620\\\/#breadcrumb\"},\"inLanguage\":\"es\",\"potentialAction\":[{\"@type\":\"ReadAction\",\"target\":[\"https:\\\/\\\/abix.com.br\\\/es\\\/aluguel-de-radio-dtr620\\\/\"]}]},{\"@type\":\"BreadcrumbList\",\"@id\":\"https:\\\/\\\/abix.com.br\\\/es\\\/aluguel-de-radio-dtr620\\\/#breadcrumb\",\"itemListElement\":[{\"@type\":\"ListItem\",\"position\":1,\"name\":\"In\u00edcio\",\"item\":\"https:\\\/\\\/abix.com.br\\\/es\\\/\"},{\"@type\":\"ListItem\",\"position\":2,\"name\":\"Aluguel de R\u00e1dio DTR620\"}]},{\"@type\":\"WebSite\",\"@id\":\"https:\\\/\\\/abix.com.br\\\/#website\",\"url\":\"https:\\\/\\\/abix.com.br\\\/\",\"name\":\"Abix\",\"description\":\"\",\"potentialAction\":[{\"@type\":\"SearchAction\",\"target\":{\"@type\":\"EntryPoint\",\"urlTemplate\":\"https:\\\/\\\/abix.com.br\\\/?s={search_term_string}\"},\"query-input\":{\"@type\":\"PropertyValueSpecification\",\"valueRequired\":true,\"valueName\":\"search_term_string\"}}],\"inLanguage\":\"es\"}]}<\/script>\n<!-- \/ Yoast SEO plugin. -->","yoast_head_json":{"title":"Aluguel de R\u00e1dio DTR620 - Aluguel de R\u00e1dio Comunicadores -Abix","description":"Aluguel de R\u00e1dio Motorola DTR620 para hot\u00e9is, bares e restaurantes. Livre de licen\u00e7a anatel, bateria de longa dura\u00e7\u00e3o.","robots":{"index":"index","follow":"follow","max-snippet":"max-snippet:-1","max-image-preview":"max-image-preview:large","max-video-preview":"max-video-preview:-1"},"canonical":"https:\/\/abix.com.br\/es\/aluguel-de-radio-dtr620\/","og_locale":"es_ES","og_type":"article","og_title":"Aluguel de R\u00e1dio DTR620 - Aluguel de R\u00e1dio Comunicadores -Abix","og_description":"Aluguel de R\u00e1dio Motorola DTR620 para hot\u00e9is, bares e restaurantes. Livre de licen\u00e7a anatel, bateria de longa dura\u00e7\u00e3o.","og_url":"https:\/\/abix.com.br\/es\/aluguel-de-radio-dtr620\/","og_site_name":"Abix","article_modified_time":"2023-11-06T16:48:05+00:00","twitter_card":"summary_large_image","twitter_misc":{"Tiempo de lectura":"2 minutos"},"schema":{"@context":"https:\/\/schema.org","@graph":[{"@type":"WebPage","@id":"https:\/\/abix.com.br\/es\/aluguel-de-radio-dtr620\/","url":"https:\/\/abix.com.br\/es\/aluguel-de-radio-dtr620\/","name":"Aluguel de R\u00e1dio DTR620 - Aluguel de R\u00e1dio Comunicadores -Abix","isPartOf":{"@id":"https:\/\/abix.com.br\/#website"},"datePublished":"2023-06-30T20:07:49+00:00","dateModified":"2023-11-06T16:48:05+00:00","description":"Aluguel de R\u00e1dio Motorola DTR620 para hot\u00e9is, bares e restaurantes. Livre de licen\u00e7a anatel, bateria de longa dura\u00e7\u00e3o.","breadcrumb":{"@id":"https:\/\/abix.com.br\/es\/aluguel-de-radio-dtr620\/#breadcrumb"},"inLanguage":"es","potentialAction":[{"@type":"ReadAction","target":["https:\/\/abix.com.br\/es\/aluguel-de-radio-dtr620\/"]}]},{"@type":"BreadcrumbList","@id":"https:\/\/abix.com.br\/es\/aluguel-de-radio-dtr620\/#breadcrumb","itemListElement":[{"@type":"ListItem","position":1,"name":"In\u00edcio","item":"https:\/\/abix.com.br\/es\/"},{"@type":"ListItem","position":2,"name":"Aluguel de R\u00e1dio DTR620"}]},{"@type":"WebSite","@id":"https:\/\/abix.com.br\/#website","url":"https:\/\/abix.com.br\/","name":"Abix","description":"","potentialAction":[{"@type":"SearchAction","target":{"@type":"EntryPoint","urlTemplate":"https:\/\/abix.com.br\/?s={search_term_string}"},"query-input":{"@type":"PropertyValueSpecification","valueRequired":true,"valueName":"search_term_string"}}],"inLanguage":"es"}]}},"_links":{"self":[{"href":"https:\/\/abix.com.br\/es\/wp-json\/wp\/v2\/pages\/19041","targetHints":{"allow":["GET"]}}],"collection":[{"href":"https:\/\/abix.com.br\/es\/wp-json\/wp\/v2\/pages"}],"about":[{"href":"https:\/\/abix.com.br\/es\/wp-json\/wp\/v2\/types\/page"}],"author":[{"embeddable":true,"href":"https:\/\/abix.com.br\/es\/wp-json\/wp\/v2\/users\/1"}],"replies":[{"embeddable":true,"href":"https:\/\/abix.com.br\/es\/wp-json\/wp\/v2\/comments?post=19041"}],"version-history":[{"count":6,"href":"https:\/\/abix.com.br\/es\/wp-json\/wp\/v2\/pages\/19041\/revisions"}],"predecessor-version":[{"id":19718,"href":"https:\/\/abix.com.br\/es\/wp-json\/wp\/v2\/pages\/19041\/revisions\/19718"}],"wp:attachment":[{"href":"https:\/\/abix.com.br\/es\/wp-json\/wp\/v2\/media?parent=19041"}],"curies":[{"name":"wp","href":"https:\/\/api.w.org\/{rel}","templated":true}]}}