{"id":19063,"date":"2023-08-08T14:31:56","date_gmt":"2023-08-08T17:31:56","guid":{"rendered":"https:\/\/abix.com.br\/localizacao-unidades\/"},"modified":"2023-10-19T10:29:59","modified_gmt":"2023-10-19T13:29:59","slug":"localizacao-unidades","status":"publish","type":"page","link":"https:\/\/abix.com.br\/es\/localizacao-unidades\/","title":{"rendered":"UBICACI\u00d3N UNIDADES"},"content":{"rendered":"\n\t<section class=\"section paginas-internas\" id=\"section_1798167815\">\n\t\t<div class=\"section-bg fill\" >\n\t\t\t\t\t\t\t\t\t\n\t\t\t\n\n\t\t<\/div>\n\n\t\t\n\n\t\t<div class=\"section-content relative\">\n\t\t\t\n<div class=\"row\"  id=\"row-872318944\">\n\n\t<div id=\"col-1192940921\" class=\"col small-12 large-12\"  >\n\t\t\t\t<div class=\"col-inner\"  >\n\t\t\t\n\t\t\t\n<h1 style=\"text-align: center;\">UBICACI\u00d3N DE LAS UNIDADES<\/h1>\n\t\t<\/div>\n\t\t\t\t\t<\/div>\n\n\t\n<\/div>\n\t\t<\/div>\n\n\t\t\n<style>\n#section_1798167815 {\n  padding-top: 100px;\n  padding-bottom: 100px;\n}\n<\/style>\n\t<\/section>\n\t\n\n\t<section class=\"section\" id=\"section_138138675\">\n\t\t<div class=\"section-bg fill\" >\n\t\t\t\t\t\t\t\t\t\n\t\t\t\n\n\t\t<\/div>\n\n\t\t\n\n\t\t<div class=\"section-content relative\">\n\t\t\t\n<div class=\"row columa-mais-nova\"  id=\"row-1765375379\">\n\n\t<div id=\"col-1601818706\" class=\"col medium-6 small-12 large-6\"  >\n\t\t\t\t<div class=\"col-inner\"  >\n\t\t\t\n\t\t\t\n\t<div class=\"img has-hover x md-x lg-x y md-y lg-y\" id=\"image_1774646509\">\n\t\t\t\t\t\t\t\t<div class=\"img-inner dark\" >\n\t\t\t<img decoding=\"async\" width=\"586\" height=\"329\" src=\"https:\/\/abix.com.br\/wp-content\/uploads\/2020\/07\/img-localizaca-unidades-4.jpg\" class=\"attachment-original size-original\" alt=\"\" srcset=\"https:\/\/abix.com.br\/wp-content\/uploads\/2020\/07\/img-localizaca-unidades-4.jpg 586w, https:\/\/abix.com.br\/wp-content\/uploads\/2020\/07\/img-localizaca-unidades-4-300x168.jpg 300w\" sizes=\"(max-width: 586px) 100vw, 586px\" \/>\t\t\t\t\t\t\n\t\t\t\t\t<\/div>\n\t\t\t\t\t\t\t\t\n<style>\n#image_1774646509 {\n  width: 100%;\n}\n<\/style>\n\t<\/div>\n\t\n\t\t<\/div>\n\t\t\t\t\t<\/div>\n\n\t\n\n\t<div id=\"col-1863541270\" class=\"col medium-6 small-12 large-6\"  >\n\t\t\t\t<div class=\"col-inner\"  >\n\t\t\t\n\t\t\t\n<h2>TECNOLOG\u00cdA ABIX<br \/><strong>EN SAO PAULO<\/strong><\/h2>\n<p>Av. Jabaquara, n.\u00ba 2819, 12\u00ba andar, sl 122<br \/>Mirand\u00f3polis &#8211; S\u00e3o Paulo\/SP<br \/>C\u00d3DIGO POSTAL: 04045-004<\/p>\n<p><a href=\"tel:1123880088\">Tel\u00e9fono: (11) 2388-0088 | Fax: (11) 2388-0088<\/a><\/p>\n<a href=\"https:\/\/www.abix.com.br\/localizacao-sao-paulo\/\" class=\"button primary btn-homr\"  >\n\t\t<span>M\u00c1S DETALLES\/VER MAPA<\/span>\n\t<\/a>\n\n\t\t<\/div>\n\t\t\t\t\t<\/div>\n\n\t\n<\/div>\n<div class=\"row\"  id=\"row-1719635893\">\n\n\t<div id=\"col-1534909606\" class=\"col medium-6 small-12 large-6\"  >\n\t\t\t\t<div class=\"col-inner\"  >\n\t\t\t\n\t\t\t\n\t<div class=\"img has-hover x md-x lg-x y md-y lg-y\" id=\"image_1170178688\">\n\t\t\t\t\t\t\t\t<div class=\"img-inner dark\" >\n\t\t\t<img decoding=\"async\" width=\"586\" height=\"329\" src=\"https:\/\/abix.com.br\/wp-content\/uploads\/2020\/07\/img-localizaca-unidades-4.jpg\" class=\"attachment-original size-original\" alt=\"\" srcset=\"https:\/\/abix.com.br\/wp-content\/uploads\/2020\/07\/img-localizaca-unidades-4.jpg 586w, https:\/\/abix.com.br\/wp-content\/uploads\/2020\/07\/img-localizaca-unidades-4-300x168.jpg 300w\" sizes=\"(max-width: 586px) 100vw, 586px\" \/>\t\t\t\t\t\t\n\t\t\t\t\t<\/div>\n\t\t\t\t\t\t\t\t\n<style>\n#image_1170178688 {\n  width: 100%;\n}\n<\/style>\n\t<\/div>\n\t\n\t\t<\/div>\n\t\t\t\t\t<\/div>\n\n\t\n\n\t<div id=\"col-299361926\" class=\"col medium-6 small-12 large-6\"  >\n\t\t\t\t<div class=\"col-inner\"  >\n\t\t\t\n\t\t\t\n<h2>TECNOLOG\u00cdA ABIX<br \/><strong>EN SAO PAULO<\/strong><\/h2>\n<p>Av. Jabaquara, n.\u00ba 2819, 12\u00ba andar, sl 122<br \/>Mirand\u00f3polis &#8211; S\u00e3o Paulo\/SP<br \/>C\u00d3DIGO POSTAL: 04045-004<\/p>\n<p><a href=\"tel:1123880088\">Tel\u00e9fono: (11) 2388-0088 | Fax: (11) 2388-0088<\/a><\/p>\n<a href=\"https:\/\/goo.gl\/maps\/wh7sffKvHEFxy9ibA\" target=\"_blank\" class=\"button primary btn-homr\" rel=\"noopener\"  >\n\t\t<span>M\u00c1S DETALLES\/VER MAPA<\/span>\n\t<\/a>\n\n\t\t<\/div>\n\t\t\t\t\t<\/div>\n\n\t\n<\/div>\n<div class=\"row\"  id=\"row-796027041\">\n\n\t<div id=\"col-2009736475\" class=\"col medium-6 small-12 large-6\"  >\n\t\t\t\t<div class=\"col-inner\"  >\n\t\t\t\n\t\t\t\n\t<div class=\"img has-hover x md-x lg-x y md-y lg-y\" id=\"image_881849880\">\n\t\t\t\t\t\t\t\t<div class=\"img-inner dark\" >\n\t\t\t<img decoding=\"async\" width=\"586\" height=\"329\" src=\"https:\/\/abix.com.br\/wp-content\/uploads\/2020\/07\/img-localizaca-unidades-6.jpg\" class=\"attachment-original size-original\" alt=\"\" srcset=\"https:\/\/abix.com.br\/wp-content\/uploads\/2020\/07\/img-localizaca-unidades-6.jpg 586w, https:\/\/abix.com.br\/wp-content\/uploads\/2020\/07\/img-localizaca-unidades-6-300x168.jpg 300w\" sizes=\"(max-width: 586px) 100vw, 586px\" \/>\t\t\t\t\t\t\n\t\t\t\t\t<\/div>\n\t\t\t\t\t\t\t\t\n<style>\n#image_881849880 {\n  width: 100%;\n}\n<\/style>\n\t<\/div>\n\t\n\t\t<\/div>\n\t\t\t\t\t<\/div>\n\n\t\n\n\t<div id=\"col-1094407777\" class=\"col medium-6 small-12 large-6\"  >\n\t\t\t\t<div class=\"col-inner\"  >\n\t\t\t\n\t\t\t\n<h2>TECNOLOG\u00cdA ABIX<br \/><strong>EN R\u00cdO DE JANEIRO<\/strong><\/h2>\n<p>Rua S\u00e3o Sebasti\u00e3o 18, 12\u00aa planta<br \/>Habitaci\u00f3n 1201 &#8211; Ing\u00e1 &#8211; Niter\u00f3i\/RJ<br \/>C\u00d3DIGO POSTAL: 24210-110<\/p>\n<p><a href=\"tel:2135044000\">Tel\u00e9fono: (21) 3504-4000 | Fax: (21) 3504-4001<\/a><\/p>\n<a href=\"https:\/\/goo.gl\/maps\/P5a8sXk3nf1BoV8r7\" target=\"_blank\" class=\"button primary btn-homr\" rel=\"noopener\"  >\n\t\t<span>M\u00c1S DETALLES\/VER MAPA<\/span>\n\t<\/a>\n\n\t\t<\/div>\n\t\t\t\t\t<\/div>\n\n\t\n<\/div>\n<div class=\"row\"  id=\"row-219186176\">\n\n\t<div id=\"col-1128098021\" class=\"col medium-6 small-12 large-6\"  >\n\t\t\t\t<div class=\"col-inner\"  >\n\t\t\t\n\t\t\t\n\t<div class=\"img has-hover x md-x lg-x y md-y lg-y\" id=\"image_2011435184\">\n\t\t\t\t\t\t\t\t<div class=\"img-inner dark\" >\n\t\t\t<img decoding=\"async\" width=\"586\" height=\"329\" src=\"https:\/\/abix.com.br\/wp-content\/uploads\/2020\/07\/img-localizaca-unidades-9.jpg\" class=\"attachment-original size-original\" alt=\"\" srcset=\"https:\/\/abix.com.br\/wp-content\/uploads\/2020\/07\/img-localizaca-unidades-9.jpg 586w, https:\/\/abix.com.br\/wp-content\/uploads\/2020\/07\/img-localizaca-unidades-9-300x168.jpg 300w\" sizes=\"(max-width: 586px) 100vw, 586px\" \/>\t\t\t\t\t\t\n\t\t\t\t\t<\/div>\n\t\t\t\t\t\t\t\t\n<style>\n#image_2011435184 {\n  width: 100%;\n}\n<\/style>\n\t<\/div>\n\t\n\t\t<\/div>\n\t\t\t\t\t<\/div>\n\n\t\n\n\t<div id=\"col-132016073\" class=\"col medium-6 small-12 large-6\"  >\n\t\t\t\t<div class=\"col-inner\"  >\n\t\t\t\n\t\t\t\n<h2>TECNOLOG\u00cdA ABIX<br \/><strong>EN BRASILIA<\/strong><\/h2>\n<p>Calle: St. de Habita\u00e7\u00f5es Individuais Sul, QI 5, Blodo D2,<br \/>Hangar 5 &#8211; Sala 11 &#8211; Lago Sul, Brasilia\/DF<br \/>C\u00d3DIGO POSTAL: 71615-485<\/p>\n<p><a href=\"tel:6135215731\">Tel\u00e9fono: (61) 3521-5731<\/a><\/p>\n<a href=\"https:\/\/goo.gl\/maps\/EVVnjkU3aXTAQYd19\" target=\"_blank\" class=\"button primary btn-homr\" rel=\"noopener\"  >\n\t\t<span>M\u00c1S DETALLES\/VER MAPA<\/span>\n\t<\/a>\n\n\t\t<\/div>\n\t\t\t\t\t<\/div>\n\n\t\n<\/div>\n<div class=\"row\"  id=\"row-575734486\">\n\n\t<div id=\"col-1359726090\" class=\"col medium-6 small-12 large-6\"  >\n\t\t\t\t<div class=\"col-inner\"  >\n\t\t\t\n\t\t\t\n\t<div class=\"img has-hover x md-x lg-x y md-y lg-y\" id=\"image_1181800497\">\n\t\t\t\t\t\t\t\t<div class=\"img-inner dark\" >\n\t\t\t<img decoding=\"async\" width=\"586\" height=\"329\" src=\"https:\/\/abix.com.br\/wp-content\/uploads\/2020\/07\/img-localizaca-unidades-1.jpg\" class=\"attachment-original size-original\" alt=\"\" srcset=\"https:\/\/abix.com.br\/wp-content\/uploads\/2020\/07\/img-localizaca-unidades-1.jpg 586w, https:\/\/abix.com.br\/wp-content\/uploads\/2020\/07\/img-localizaca-unidades-1-300x168.jpg 300w\" sizes=\"(max-width: 586px) 100vw, 586px\" \/>\t\t\t\t\t\t\n\t\t\t\t\t<\/div>\n\t\t\t\t\t\t\t\t\n<style>\n#image_1181800497 {\n  width: 100%;\n}\n<\/style>\n\t<\/div>\n\t\n\t\t<\/div>\n\t\t\t\t\t<\/div>\n\n\t\n\n\t<div id=\"col-489413156\" class=\"col medium-6 small-12 large-6\"  >\n\t\t\t\t<div class=\"col-inner\"  >\n\t\t\t\n\t\t\t\n<h2>TECNOLOG\u00cdA ABIX<br \/><strong>EN CURITIBA<\/strong><\/h2>\n<p>Rua: Comendador Ara\u00fajo, 731<br \/>Batel &#8211; Curitiba\/PR &#8211; C\u00f3digo postal: 80420-063<br \/>Centro Comercial Crystal: Planta L4 &#8211; Salas 411 y 441<\/p>\n<p><a href=\"tel:4130220500\">Tel\u00e9fono: (41) 3022-0500<\/a><\/p>\n<a href=\"https:\/\/goo.gl\/maps\/BkB5MH3kQcN1LM5f8\" target=\"_blank\" class=\"button primary btn-homr\" rel=\"noopener\"  >\n\t\t<span>M\u00c1S DETALLES\/VER MAPA<\/span>\n\t<\/a>\n\n\t\t<\/div>\n\t\t\t\t\t<\/div>\n\n\t\n<\/div>\n<div class=\"row\"  id=\"row-1269585476\">\n\n\t<div id=\"col-514991640\" class=\"col medium-6 small-12 large-6\"  >\n\t\t\t\t<div class=\"col-inner\"  >\n\t\t\t\n\t\t\t\n\t<div class=\"img has-hover x md-x lg-x y md-y lg-y\" id=\"image_295756188\">\n\t\t\t\t\t\t\t\t<div class=\"img-inner dark\" >\n\t\t\t<img decoding=\"async\" width=\"586\" height=\"329\" src=\"https:\/\/abix.com.br\/wp-content\/uploads\/2020\/07\/img-localizaca-unidades-3.jpg\" class=\"attachment-original size-original\" alt=\"\" srcset=\"https:\/\/abix.com.br\/wp-content\/uploads\/2020\/07\/img-localizaca-unidades-3.jpg 586w, https:\/\/abix.com.br\/wp-content\/uploads\/2020\/07\/img-localizaca-unidades-3-300x168.jpg 300w\" sizes=\"(max-width: 586px) 100vw, 586px\" \/>\t\t\t\t\t\t\n\t\t\t\t\t<\/div>\n\t\t\t\t\t\t\t\t\n<style>\n#image_295756188 {\n  width: 100%;\n}\n<\/style>\n\t<\/div>\n\t\n\t\t<\/div>\n\t\t\t\t\t<\/div>\n\n\t\n\n\t<div id=\"col-1178509451\" class=\"col medium-6 small-12 large-6\"  >\n\t\t\t\t<div class=\"col-inner\"  >\n\t\t\t\n\t\t\t\n<h2>TECNOLOG\u00cdA ABIX<br \/><strong>EN EL GRAN PORTO ALEGRE<\/strong><\/h2>\n<p>Rua Domingos Martins, 111 &#8211; Oficina 504 &#8211; Centro<br \/>Canoas\/RS &#8211; Condominio Comercial Santa M\u00f4nica<br \/>C\u00d3DIGO POSTAL: 92010-170<\/p>\n<p><a href=\"tel:5131036291\">Tel\u00e9fono: (51) 3103-6291<\/a><\/p>\n<a href=\"https:\/\/goo.gl\/maps\/4Ud1k9uZdyFfg1SFA\" target=\"_blank\" class=\"button primary btn-homr\" rel=\"noopener\"  >\n\t\t<span>M\u00c1S DETALLES\/VER MAPA<\/span>\n\t<\/a>\n\n\t\t<\/div>\n\t\t\t\t\t<\/div>\n\n\t\n<\/div>\n<div class=\"row\"  id=\"row-1760214486\">\n\n\t<div id=\"col-970832885\" class=\"col medium-6 small-12 large-6\"  >\n\t\t\t\t<div class=\"col-inner\"  >\n\t\t\t\n\t\t\t\n\t<div class=\"img has-hover x md-x lg-x y md-y lg-y\" id=\"image_313003529\">\n\t\t\t\t\t\t\t\t<div class=\"img-inner dark\" >\n\t\t\t<img decoding=\"async\" width=\"586\" height=\"329\" src=\"https:\/\/abix.com.br\/wp-content\/uploads\/2020\/07\/img-localizaca-unidades-7.jpg\" class=\"attachment-original size-original\" alt=\"\" srcset=\"https:\/\/abix.com.br\/wp-content\/uploads\/2020\/07\/img-localizaca-unidades-7.jpg 586w, https:\/\/abix.com.br\/wp-content\/uploads\/2020\/07\/img-localizaca-unidades-7-300x168.jpg 300w\" sizes=\"(max-width: 586px) 100vw, 586px\" \/>\t\t\t\t\t\t\n\t\t\t\t\t<\/div>\n\t\t\t\t\t\t\t\t\n<style>\n#image_313003529 {\n  width: 100%;\n}\n<\/style>\n\t<\/div>\n\t\n\t\t<\/div>\n\t\t\t\t\t<\/div>\n\n\t\n\n\t<div id=\"col-1087123375\" class=\"col medium-6 small-12 large-6\"  >\n\t\t\t\t<div class=\"col-inner\"  >\n\t\t\t\n\t\t\t\n<h2>TECNOLOG\u00cdA ABIX<br \/><strong>EN EL TRI\u00c1NGULO MINERO<\/strong><\/h2>\n<p>Rua: Rio de Janeiro, 353 &#8211; Sala 303<br \/>Brasil &#8211; Uberl\u00e2ndia\/MG<br \/>C\u00d3DIGO POSTAL: 38400-658<\/p>\n<p><a href=\"tel:3433045494\">Tel\u00e9fono: (34) 3304-5494<\/a><\/p>\n<a href=\"https:\/\/goo.gl\/maps\/bbTMbSNxTuZ9SE2m7\" target=\"_blank\" class=\"button primary btn-homr\" rel=\"noopener\"  >\n\t\t<span>M\u00c1S DETALLES\/VER MAPA<\/span>\n\t<\/a>\n\n\t\t<\/div>\n\t\t\t\t\t<\/div>\n\n\t\n<\/div>\n<div class=\"row\"  id=\"row-2075735356\">\n\n\t<div id=\"col-1125438588\" class=\"col medium-6 small-12 large-6\"  >\n\t\t\t\t<div class=\"col-inner\"  >\n\t\t\t\n\t\t\t\n\t<div class=\"img has-hover x md-x lg-x y md-y lg-y\" id=\"image_1631692725\">\n\t\t\t\t\t\t\t\t<div class=\"img-inner dark\" >\n\t\t\t<img decoding=\"async\" width=\"586\" height=\"329\" src=\"https:\/\/abix.com.br\/wp-content\/uploads\/2020\/07\/img-localizaca-unidades-8.jpg\" class=\"attachment-original size-original\" alt=\"\" srcset=\"https:\/\/abix.com.br\/wp-content\/uploads\/2020\/07\/img-localizaca-unidades-8.jpg 586w, https:\/\/abix.com.br\/wp-content\/uploads\/2020\/07\/img-localizaca-unidades-8-300x168.jpg 300w\" sizes=\"(max-width: 586px) 100vw, 586px\" \/>\t\t\t\t\t\t\n\t\t\t\t\t<\/div>\n\t\t\t\t\t\t\t\t\n<style>\n#image_1631692725 {\n  width: 100%;\n}\n<\/style>\n\t<\/div>\n\t\n\t\t<\/div>\n\t\t\t\t\t<\/div>\n\n\t\n\n\t<div id=\"col-1657806880\" class=\"col medium-6 small-12 large-6\"  >\n\t\t\t\t<div class=\"col-inner\"  >\n\t\t\t\n\t\t\t\n<h2>TECNOLOG\u00cdA ABIX<br \/><strong>EN MACEI\u00d3<\/strong><\/h2>\n<p>Rua: Epaminondas Gracindo, 22<br \/>Paju\u00e7ara &#8211; Macei\u00f3\/AL<br \/>C\u00d3DIGO POSTAL: 57030-101<\/p>\n<p><a href=\"tel:8221267473\">Tel\u00e9fono: (82) 2126-7473<\/a><\/p>\n<a href=\"https:\/\/goo.gl\/maps\/RtVDDpBrmSiJRGBaA\" target=\"_blank\" class=\"button primary btn-homr\" rel=\"noopener\"  >\n\t\t<span>M\u00c1S DETALLES\/VER MAPA<\/span>\n\t<\/a>\n\n\t\t<\/div>\n\t\t\t\t\t<\/div>\n\n\t\n<\/div>\n<div class=\"row\"  id=\"row-1561426661\">\n\n\t<div id=\"col-1232861272\" class=\"col medium-6 small-12 large-6\"  >\n\t\t\t\t<div class=\"col-inner\"  >\n\t\t\t\n\t\t\t\n\t<div class=\"img has-hover x md-x lg-x y md-y lg-y\" id=\"image_1226365642\">\n\t\t\t\t\t\t\t\t<div class=\"img-inner dark\" >\n\t\t\t<img decoding=\"async\" width=\"586\" height=\"329\" src=\"https:\/\/abix.com.br\/wp-content\/uploads\/2020\/07\/img-localizaca-unidades-5.jpg\" class=\"attachment-original size-original\" alt=\"\" srcset=\"https:\/\/abix.com.br\/wp-content\/uploads\/2020\/07\/img-localizaca-unidades-5.jpg 586w, https:\/\/abix.com.br\/wp-content\/uploads\/2020\/07\/img-localizaca-unidades-5-300x168.jpg 300w\" sizes=\"(max-width: 586px) 100vw, 586px\" \/>\t\t\t\t\t\t\n\t\t\t\t\t<\/div>\n\t\t\t\t\t\t\t\t\n<style>\n#image_1226365642 {\n  width: 100%;\n}\n<\/style>\n\t<\/div>\n\t\n\t\t<\/div>\n\t\t\t\t\t<\/div>\n\n\t\n\n\t<div id=\"col-1559628897\" class=\"col medium-6 small-12 large-6\"  >\n\t\t\t\t<div class=\"col-inner\"  >\n\t\t\t\n\t\t\t\n<h2>TECNOLOG\u00cdA ABIX<br \/><strong>EN MACA\u00c9<\/strong><\/h2>\n<p>Av. Carlos Augusto Tinoco Garc\u00eda, 2060 &#8211; Despacho 309<br \/>Riviera Fluminense &#8211; Maca\u00e9\/RJ<br \/>C\u00d3DIGO POSTAL: 27937-590<\/p>\n<p><a href=\"tel:2235180002\">Tel\u00e9fono: (22) 3518-0002<\/a><\/p>\n<a href=\"https:\/\/goo.gl\/maps\/NgwybeYR9PCtKPbg6\" target=\"_blank\" class=\"button primary btn-homr\" rel=\"noopener\"  >\n\t\t<span>M\u00c1S DETALLES\/VER MAPA<\/span>\n\t<\/a>\n\n\t\t<\/div>\n\t\t\t\t\t<\/div>\n\n\t\n<\/div>\n<div class=\"row\"  id=\"row-1511131085\">\n\n\t<div id=\"col-1345055178\" class=\"col medium-6 small-12 large-6\"  >\n\t\t\t\t<div class=\"col-inner\"  >\n\t\t\t\n\t\t\t\n\t<div class=\"img has-hover x md-x lg-x y md-y lg-y\" id=\"image_134158175\">\n\t\t\t\t\t\t\t\t<div class=\"img-inner dark\" >\n\t\t\t<img decoding=\"async\" width=\"586\" height=\"329\" src=\"https:\/\/abix.com.br\/wp-content\/uploads\/2021\/02\/loc-poa-1.webp\" class=\"attachment-original size-original\" alt=\"\" srcset=\"https:\/\/abix.com.br\/wp-content\/uploads\/2021\/02\/loc-poa-1.webp 586w, https:\/\/abix.com.br\/wp-content\/uploads\/2021\/02\/loc-poa-1-300x168.webp 300w\" sizes=\"(max-width: 586px) 100vw, 586px\" \/>\t\t\t\t\t\t\n\t\t\t\t\t<\/div>\n\t\t\t\t\t\t\t\t\n<style>\n#image_134158175 {\n  width: 100%;\n}\n<\/style>\n\t<\/div>\n\t\n\t\t<\/div>\n\t\t\t\t\t<\/div>\n\n\t\n\n\t<div id=\"col-714109379\" class=\"col medium-6 small-12 large-6\"  >\n\t\t\t\t<div class=\"col-inner\"  >\n\t\t\t\n\t\t\t\n<h2>TECNOLOG\u00cdA ABIX<br \/><strong>EN PORTO ALEGRE<\/strong><\/h2>\n<p>Av. Praia de Belas, 1212, sl 418<br \/>Praia de Belas &#8211; Porto Alegre\/RS<br \/>C\u00d3DIGO POSTAL: 90110-000<\/p>\n<p><a href=\"tel:5131036291\">Tel\u00e9fono: (51) 3103-6291<\/a><\/p>\n<a href=\"https:\/\/goo.gl\/maps\/hFwpmffP94Uu5n3C9\" target=\"_blank\" class=\"button primary btn-homr\" rel=\"noopener\"  >\n\t\t<span>M\u00c1S DETALLES\/VER MAPA<\/span>\n\t<\/a>\n\n\t\t<\/div>\n\t\t\t\t\t<\/div>\n\n\t\n<\/div>\n<div class=\"row\"  id=\"row-2040324132\">\n\n\t<div id=\"col-306135046\" class=\"col medium-6 small-12 large-6\"  >\n\t\t\t\t<div class=\"col-inner\"  >\n\t\t\t\n\t\t\t\n\t<div class=\"img has-hover x md-x lg-x y md-y lg-y\" id=\"image_859931290\">\n\t\t\t\t\t\t\t\t<div class=\"img-inner dark\" >\n\t\t\t<img decoding=\"async\" width=\"586\" height=\"329\" src=\"https:\/\/abix.com.br\/wp-content\/uploads\/2021\/02\/loc-itajai-2.jpg\" class=\"attachment-original size-original\" alt=\"\" srcset=\"https:\/\/abix.com.br\/wp-content\/uploads\/2021\/02\/loc-itajai-2.jpg 586w, https:\/\/abix.com.br\/wp-content\/uploads\/2021\/02\/loc-itajai-2-300x168.jpg 300w\" sizes=\"(max-width: 586px) 100vw, 586px\" \/>\t\t\t\t\t\t\n\t\t\t\t\t<\/div>\n\t\t\t\t\t\t\t\t\n<style>\n#image_859931290 {\n  width: 100%;\n}\n<\/style>\n\t<\/div>\n\t\n\t\t<\/div>\n\t\t\t\t\t<\/div>\n\n\t\n\n\t<div id=\"col-402324557\" class=\"col medium-6 small-12 large-6\"  >\n\t\t\t\t<div class=\"col-inner\"  >\n\t\t\t\n\t\t\t\n<h2>TECNOLOG\u00cdA ABIX<br \/><strong>EN ITAJA\u00cd<\/strong><\/h2>\n<p>ROD Antonio Heil, 1001, KM 1, ARMZ G2, MOD 06, sl 23<br \/>Itaipava &#8211; Itaja\u00ed\/SC<br \/>C\u00d3DIGO POSTAL: 88.316-001<\/p>\n<p><a href=\"tel:4130220500\">Tel:<\/a><a href=\"tel:4721038683\">(47) 2103-8683<\/a><\/p>\n<a href=\"https:\/\/goo.gl\/maps\/LsPrkmhrRxA638237\" target=\"_blank\" class=\"button primary btn-homr\" rel=\"noopener\"  >\n\t\t<span>M\u00c1S DETALLES\/VER MAPA<\/span>\n\t<\/a>\n\n\t\t<\/div>\n\t\t\t\t\t<\/div>\n\n\t\n<\/div>\n<div class=\"row\"  id=\"row-14922948\">\n\n\t<div id=\"col-35609610\" class=\"col medium-6 small-12 large-6\"  >\n\t\t\t\t<div class=\"col-inner\"  >\n\t\t\t\n\t\t\t\n\t<div class=\"img has-hover x md-x lg-x y md-y lg-y\" id=\"image_1676853164\">\n\t\t\t\t\t\t\t\t<div class=\"img-inner dark\" >\n\t\t\t<img decoding=\"async\" width=\"586\" height=\"329\" src=\"https:\/\/abix.com.br\/wp-content\/uploads\/2021\/02\/loc-bahia-2.webp\" class=\"attachment-original size-original\" alt=\"\" srcset=\"https:\/\/abix.com.br\/wp-content\/uploads\/2021\/02\/loc-bahia-2.webp 586w, https:\/\/abix.com.br\/wp-content\/uploads\/2021\/02\/loc-bahia-2-300x168.webp 300w\" sizes=\"(max-width: 586px) 100vw, 586px\" \/>\t\t\t\t\t\t\n\t\t\t\t\t<\/div>\n\t\t\t\t\t\t\t\t\n<style>\n#image_1676853164 {\n  width: 100%;\n}\n<\/style>\n\t<\/div>\n\t\n\t\t<\/div>\n\t\t\t\t\t<\/div>\n\n\t\n\n\t<div id=\"col-1006586245\" class=\"col medium-6 small-12 large-6\"  >\n\t\t\t\t<div class=\"col-inner\"  >\n\t\t\t\n\t\t\t\n<h2>TECNOLOG\u00cdA ABIX<br \/><strong>EN BAHIA<\/strong><\/h2>\n<p>R. Lafaiete F. dos Santos, 153 &#8211; Centro, Lauro de Freitas\/BA<br \/>C\u00f3digo postal: 42703-100, Sl 01B, 02B 10B, 11B<\/p>\n<p><a href=\"tel:7140097249\">Tel\u00e9fono: (71) 4009-7249<\/a><\/p>\n<a href=\"https:\/\/goo.gl\/maps\/VY6gHxEKSqdzR2H5A\" target=\"_blank\" class=\"button primary btn-homr\" rel=\"noopener\"  >\n\t\t<span>M\u00c1S DETALLES\/VER MAPA<\/span>\n\t<\/a>\n\n\t\t<\/div>\n\t\t\t\t\t<\/div>\n\n\t\n<\/div>\n\t\t<\/div>\n\n\t\t\n<style>\n#section_138138675 {\n  padding-top: 30px;\n  padding-bottom: 30px;\n}\n<\/style>\n\t<\/section>\n\t\n","protected":false},"excerpt":{"rendered":"","protected":false},"author":1,"featured_media":0,"parent":0,"menu_order":0,"comment_status":"closed","ping_status":"closed","template":"page-blank.php","meta":{"footnotes":""},"class_list":["post-19063","page","type-page","status-publish","hentry"],"yoast_head":"<!-- This site is optimized with the Yoast SEO plugin v27.4 - https:\/\/yoast.com\/product\/yoast-seo-wordpress\/ -->\n<title>UBICACI\u00d3N UNIDADES - Abix<\/title>\n<meta name=\"robots\" content=\"index, follow, max-snippet:-1, max-image-preview:large, max-video-preview:-1\" \/>\n<link rel=\"canonical\" href=\"https:\/\/abix.com.br\/localizacao-unidades\/\" \/>\n<meta property=\"og:locale\" content=\"es_ES\" \/>\n<meta property=\"og:type\" content=\"article\" \/>\n<meta property=\"og:title\" content=\"UBICACI\u00d3N UNIDADES - Abix\" \/>\n<meta property=\"og:url\" content=\"https:\/\/abix.com.br\/localizacao-unidades\/\" \/>\n<meta property=\"og:site_name\" content=\"Abix\" \/>\n<meta property=\"article:modified_time\" content=\"2023-10-19T13:29:59+00:00\" \/>\n<meta name=\"twitter:card\" content=\"summary_large_image\" \/>\n<meta name=\"twitter:label1\" content=\"Tiempo de lectura\" \/>\n\t<meta name=\"twitter:data1\" content=\"4 minutos\" \/>\n<script type=\"application\/ld+json\" class=\"yoast-schema-graph\">{\"@context\":\"https:\\\/\\\/schema.org\",\"@graph\":[{\"@type\":\"WebPage\",\"@id\":\"https:\\\/\\\/abix.com.br\\\/localizacao-unidades\\\/\",\"url\":\"https:\\\/\\\/abix.com.br\\\/localizacao-unidades\\\/\",\"name\":\"UBICACI\u00d3N UNIDADES - Abix\",\"isPartOf\":{\"@id\":\"https:\\\/\\\/abix.com.br\\\/#website\"},\"datePublished\":\"2023-08-08T17:31:56+00:00\",\"dateModified\":\"2023-10-19T13:29:59+00:00\",\"breadcrumb\":{\"@id\":\"https:\\\/\\\/abix.com.br\\\/localizacao-unidades\\\/#breadcrumb\"},\"inLanguage\":\"es\",\"potentialAction\":[{\"@type\":\"ReadAction\",\"target\":[\"https:\\\/\\\/abix.com.br\\\/localizacao-unidades\\\/\"]}]},{\"@type\":\"BreadcrumbList\",\"@id\":\"https:\\\/\\\/abix.com.br\\\/localizacao-unidades\\\/#breadcrumb\",\"itemListElement\":[{\"@type\":\"ListItem\",\"position\":1,\"name\":\"In\u00edcio\",\"item\":\"https:\\\/\\\/abix.com.br\\\/es\\\/\"},{\"@type\":\"ListItem\",\"position\":2,\"name\":\"UBICACI\u00d3N UNIDADES\"}]},{\"@type\":\"WebSite\",\"@id\":\"https:\\\/\\\/abix.com.br\\\/#website\",\"url\":\"https:\\\/\\\/abix.com.br\\\/\",\"name\":\"Abix\",\"description\":\"\",\"potentialAction\":[{\"@type\":\"SearchAction\",\"target\":{\"@type\":\"EntryPoint\",\"urlTemplate\":\"https:\\\/\\\/abix.com.br\\\/?s={search_term_string}\"},\"query-input\":{\"@type\":\"PropertyValueSpecification\",\"valueRequired\":true,\"valueName\":\"search_term_string\"}}],\"inLanguage\":\"es\"}]}<\/script>\n<!-- \/ Yoast SEO plugin. -->","yoast_head_json":{"title":"UBICACI\u00d3N UNIDADES - Abix","robots":{"index":"index","follow":"follow","max-snippet":"max-snippet:-1","max-image-preview":"max-image-preview:large","max-video-preview":"max-video-preview:-1"},"canonical":"https:\/\/abix.com.br\/localizacao-unidades\/","og_locale":"es_ES","og_type":"article","og_title":"UBICACI\u00d3N UNIDADES - Abix","og_url":"https:\/\/abix.com.br\/localizacao-unidades\/","og_site_name":"Abix","article_modified_time":"2023-10-19T13:29:59+00:00","twitter_card":"summary_large_image","twitter_misc":{"Tiempo de lectura":"4 minutos"},"schema":{"@context":"https:\/\/schema.org","@graph":[{"@type":"WebPage","@id":"https:\/\/abix.com.br\/localizacao-unidades\/","url":"https:\/\/abix.com.br\/localizacao-unidades\/","name":"UBICACI\u00d3N UNIDADES - Abix","isPartOf":{"@id":"https:\/\/abix.com.br\/#website"},"datePublished":"2023-08-08T17:31:56+00:00","dateModified":"2023-10-19T13:29:59+00:00","breadcrumb":{"@id":"https:\/\/abix.com.br\/localizacao-unidades\/#breadcrumb"},"inLanguage":"es","potentialAction":[{"@type":"ReadAction","target":["https:\/\/abix.com.br\/localizacao-unidades\/"]}]},{"@type":"BreadcrumbList","@id":"https:\/\/abix.com.br\/localizacao-unidades\/#breadcrumb","itemListElement":[{"@type":"ListItem","position":1,"name":"In\u00edcio","item":"https:\/\/abix.com.br\/es\/"},{"@type":"ListItem","position":2,"name":"UBICACI\u00d3N UNIDADES"}]},{"@type":"WebSite","@id":"https:\/\/abix.com.br\/#website","url":"https:\/\/abix.com.br\/","name":"Abix","description":"","potentialAction":[{"@type":"SearchAction","target":{"@type":"EntryPoint","urlTemplate":"https:\/\/abix.com.br\/?s={search_term_string}"},"query-input":{"@type":"PropertyValueSpecification","valueRequired":true,"valueName":"search_term_string"}}],"inLanguage":"es"}]}},"_links":{"self":[{"href":"https:\/\/abix.com.br\/es\/wp-json\/wp\/v2\/pages\/19063","targetHints":{"allow":["GET"]}}],"collection":[{"href":"https:\/\/abix.com.br\/es\/wp-json\/wp\/v2\/pages"}],"about":[{"href":"https:\/\/abix.com.br\/es\/wp-json\/wp\/v2\/types\/page"}],"author":[{"embeddable":true,"href":"https:\/\/abix.com.br\/es\/wp-json\/wp\/v2\/users\/1"}],"replies":[{"embeddable":true,"href":"https:\/\/abix.com.br\/es\/wp-json\/wp\/v2\/comments?post=19063"}],"version-history":[{"count":4,"href":"https:\/\/abix.com.br\/es\/wp-json\/wp\/v2\/pages\/19063\/revisions"}],"predecessor-version":[{"id":19067,"href":"https:\/\/abix.com.br\/es\/wp-json\/wp\/v2\/pages\/19063\/revisions\/19067"}],"wp:attachment":[{"href":"https:\/\/abix.com.br\/es\/wp-json\/wp\/v2\/media?parent=19063"}],"curies":[{"name":"wp","href":"https:\/\/api.w.org\/{rel}","templated":true}]}}