{"id":19068,"date":"2020-07-24T11:12:36","date_gmt":"2020-07-24T14:12:36","guid":{"rendered":"https:\/\/abix.com.br\/premios-e-areas-de-atuacao\/"},"modified":"2024-03-25T15:12:00","modified_gmt":"2024-03-25T18:12:00","slug":"premios-e-areas-de-atuacao","status":"publish","type":"page","link":"https:\/\/abix.com.br\/es\/premios-e-areas-de-atuacao\/","title":{"rendered":"Premios y \u00e1reas de especializaci\u00f3n"},"content":{"rendered":"\n\t<section class=\"section paginas-internas\" id=\"section_1269245063\">\n\t\t<div class=\"section-bg fill\" >\n\t\t\t\t\t\t\t\t\t\n\t\t\t\n\n\t\t<\/div>\n\n\t\t\n\n\t\t<div class=\"section-content relative\">\n\t\t\t\n<div class=\"row\"  id=\"row-731277109\">\n\n\t<div id=\"col-2130329814\" class=\"col small-12 large-12\"  >\n\t\t\t\t<div class=\"col-inner\"  >\n\t\t\t\n\t\t\t\n<h1 style=\"text-align: center;\">PREMIOS Y \u00c1REAS DE ESPECIALIZACI\u00d3N<\/h1>\n\t\t<\/div>\n\t\t\t\t\t<\/div>\n\n\t\n<\/div>\n\t\t<\/div>\n\n\t\t\n<style>\n#section_1269245063 {\n  padding-top: 100px;\n  padding-bottom: 100px;\n}\n<\/style>\n\t<\/section>\n\t\n\n\t<section class=\"section\" id=\"section_2007013158\">\n\t\t<div class=\"section-bg fill\" >\n\t\t\t\t\t\t\t\t\t\n\t\t\t\n\n\t\t<\/div>\n\n\t\t\n\n\t\t<div class=\"section-content relative\">\n\t\t\t\n<div class=\"row\"  id=\"row-2011947729\">\n\n\t<div id=\"col-680576664\" class=\"col medium-4 small-12 large-4\"  >\n\t\t\t\t<div class=\"col-inner\"  >\n\t\t\t\n\t\t\t\n<h3>Nacional:<\/h3>\n<ul>\n<li>1er Premio a la Actitud Sostenible de la Ciudad 2023<\/li>\n<li>M\u00e1xima puntuaci\u00f3n en 2006 y 2007 en la evaluaci\u00f3n de distribuidores de Motorola<\/li>\n<li>Premio Motorola Digital Retailer 2006<\/li>\n<li>M\u00e1xima puntuaci\u00f3n entre los distribuidores Premium en la evaluaci\u00f3n de Motorola de 2005<\/li>\n<\/ul>\n\t\t<\/div>\n\t\t\t\t\t<\/div>\n\n\t\n\n\t<div id=\"col-1134907451\" class=\"col medium-4 small-12 large-4\"  >\n\t\t\t\t<div class=\"col-inner text-center\"  >\n\t\t\t\n\t\t\t\n\t<div class=\"img has-hover x md-x lg-x y md-y lg-y\" id=\"image_655160786\">\n\t\t\t\t\t\t\t\t<div class=\"img-inner dark\" >\n\t\t\t<img decoding=\"async\" width=\"183\" height=\"178\" src=\"https:\/\/abix.com.br\/wp-content\/uploads\/2020\/12\/img-premio.png\" class=\"attachment-original size-original\" alt=\"\" \/>\t\t\t\t\t\t\n\t\t\t\t\t<\/div>\n\t\t\t\t\t\t\t\t\n<style>\n#image_655160786 {\n  width: 54%;\n}\n<\/style>\n\t<\/div>\n\t\n\t\t<\/div>\n\t\t\t\t\t<\/div>\n\n\t\n\n\t<div id=\"col-1731296177\" class=\"col medium-4 small-12 large-4\"  >\n\t\t\t\t<div class=\"col-inner\"  >\n\t\t\t\n\t\t\t\n<h3>Internacional:<\/h3>\n<ul>\n<li>Proyecto ALL &#8211; Premiado en Chicago por el fabricante (Microwave Data Systems) como el proyecto m\u00e1s creativo de Am\u00e9rica Latina en 2005.<\/li>\n<\/ul>\n\t\t<\/div>\n\t\t\t\t\t<\/div>\n\n\t\n<\/div>\n\t\t<\/div>\n\n\t\t\n<style>\n#section_2007013158 {\n  padding-top: 30px;\n  padding-bottom: 30px;\n}\n<\/style>\n\t<\/section>\n\t\n\n\t<section class=\"section\" id=\"section_1611177259\">\n\t\t<div class=\"section-bg fill\" >\n\t\t\t\t\t\t\t\t\t\n\t\t\t\n\n\t\t<\/div>\n\n\t\t\n\n\t\t<div class=\"section-content relative\">\n\t\t\t\n<div class=\"row\"  id=\"row-2057138309\">\n\n\t<div id=\"col-426092009\" class=\"col small-12 large-12\"  >\n\t\t\t\t<div class=\"col-inner\"  >\n\t\t\t\n\t\t\t\n<h2 style=\"text-align: center;\">\u00c1reas de especializaci\u00f3n<\/h2>\n\t\t<\/div>\n\t\t\t\t\t<\/div>\n\n\t\n<\/div>\n<div class=\"row\"  id=\"row-1600683573\">\n\n\t<div id=\"col-1968781757\" class=\"col medium-6 small-12 large-6\"  >\n\t\t\t\t<div class=\"col-inner\"  >\n\t\t\t\n\t\t\t\n<h3>Servicio Autorizado Motorola &#8211; SAM<\/h3>\n<p>Abix es un SAM (Motorola Authorised Service) para la gama de radiocomunicadores profesionales, reparando siempre con componentes originales Motorola. Ser SAM significa tener acceso a toda la documentaci\u00f3n oficial de reparaci\u00f3n de Motorola, la garant\u00eda de calidad de servicio de Motorola, acceso a cursos exclusivos en la f\u00e1brica de Motorola y acceso a componentes originales, as\u00ed como que su equipo sea reparado en garant\u00eda sin coste alguno para su empresa (excepto portes). Ubicado en Curitiba, Paran\u00e1, nuestro laboratorio cuenta con los equipos m\u00e1s avanzados para reparar y probar las radios de su empresa.<\/p>\n\t\t<\/div>\n\t\t\t\t\t<\/div>\n\n\t\n\n\t<div id=\"col-693200961\" class=\"col medium-6 small-12 large-6\"  >\n\t\t\t\t<div class=\"col-inner text-center\"  >\n\t\t\t\n\t\t\t\n\t<div class=\"img has-hover x md-x lg-x y md-y lg-y\" id=\"image_1014746375\">\n\t\t\t\t\t\t\t\t<div class=\"img-inner dark\" >\n\t\t\t<img decoding=\"async\" width=\"303\" height=\"204\" src=\"https:\/\/abix.com.br\/wp-content\/uploads\/2020\/12\/img-motorola.png\" class=\"attachment-original size-original\" alt=\"\" srcset=\"https:\/\/abix.com.br\/wp-content\/uploads\/2020\/12\/img-motorola.png 303w, https:\/\/abix.com.br\/wp-content\/uploads\/2020\/12\/img-motorola-300x202.png 300w\" sizes=\"(max-width: 303px) 100vw, 303px\" \/>\t\t\t\t\t\t\n\t\t\t\t\t<\/div>\n\t\t\t\t\t\t\t\t\n<style>\n#image_1014746375 {\n  width: 55%;\n}\n<\/style>\n\t<\/div>\n\t\n\t\t<\/div>\n\t\t\t\t\t<\/div>\n\n\t\n<\/div>\n\t\t<\/div>\n\n\t\t\n<style>\n#section_1611177259 {\n  padding-top: 30px;\n  padding-bottom: 30px;\n  background-color: rgb(246, 245, 251);\n}\n<\/style>\n\t<\/section>\n\t\n\n\t<section class=\"section\" id=\"section_1207935324\">\n\t\t<div class=\"section-bg fill\" >\n\t\t\t\t\t\t\t\t\t\n\t\t\t\n\n\t\t<\/div>\n\n\t\t\n\n\t\t<div class=\"section-content relative\">\n\t\t\t\n<div class=\"row row-small align-middle align-center\"  id=\"row-1035620517\">\n\n\t<div id=\"col-860686863\" class=\"col medium-6 small-12 large-6\"  >\n\t\t\t\t<div class=\"col-inner text-center\"  >\n\t\t\t\n\t\t\t\n<div class=\"row\"  id=\"row-414238716\">\n\n\t<div id=\"col-401099665\" class=\"col colunas-medio medium-11 small-12 large-11\"  >\n\t\t\t\t<div class=\"col-inner\"  >\n\t\t\t\n\t\t\t\n<h3>Distribuidor Motorola Gold Premium<\/h3>\n<p>Desde sus unidades en S\u00e3o Paulo, Rio de Janeiro, Paran\u00e1 y Rio Grande do Sul, Abix Tecnologia atiende a clientes ubicados en todo el pa\u00eds, ya que cuenta con un equipo t\u00e9cnico altamente calificado que incluye ingenieros y t\u00e9cnicos capacitados para implementar las mejores soluciones con el menor costo total de propiedad para su empresa.<\/p>\n\t\t<\/div>\n\t\t\t\t\n<style>\n#col-401099665 > .col-inner {\n  padding: 25px 25px 0px 25px;\n}\n<\/style>\n\t<\/div>\n\n\t\n<\/div>\n\t\t<\/div>\n\t\t\t\t\t<\/div>\n\n\t\n\n\t<div id=\"col-122108303\" class=\"col medium-6 small-12 large-6\"  >\n\t\t\t\t<div class=\"col-inner text-center\"  >\n\t\t\t\n\t\t\t\n<div class=\"row\"  id=\"row-1611041276\">\n\n\t<div id=\"col-1950125773\" class=\"col colunas-medio medium-11 small-12 large-11\"  >\n\t\t\t\t<div class=\"col-inner\"  >\n\t\t\t\n\t\t\t\n<h3>Socio de Motorola Solutions<\/h3>\n<p>Desarrollamos sistemas inal\u00e1mbricos de transmisi\u00f3n de datos con equipos Motorola y CCTV (Circuito Cerrado de Televisi\u00f3n) con productos Bosh, Pelco y Alson. Mediante el uso combinado de estas tecnolog\u00edas, ofrecemos a su empresa una amplia gama de soluciones.<\/p>\n<\/p>\n\t\t<\/div>\n\t\t\t\t\n<style>\n#col-1950125773 > .col-inner {\n  padding: 25px 25px 0px 25px;\n}\n<\/style>\n\t<\/div>\n\n\t\n<\/div>\n\t\t<\/div>\n\t\t\t\t\t<\/div>\n\n\t\n<\/div>\n\t\t<\/div>\n\n\t\t\n<style>\n#section_1207935324 {\n  padding-top: 80px;\n  padding-bottom: 80px;\n}\n<\/style>\n\t<\/section>\n\t\n\n\t<section class=\"section\" id=\"section_1371736503\">\n\t\t<div class=\"section-bg fill\" >\n\t\t\t<img decoding=\"async\" width=\"1920\" height=\"428\" src=\"https:\/\/abix.com.br\/wp-content\/uploads\/2020\/12\/bg-premios.png\" class=\"bg attachment- size-\" alt=\"\" \/>\t\t\t\t\t\t\n\t\t\t\n\n\t\t<\/div>\n\n\t\t\n\n\t\t<div class=\"section-content relative\">\n\t\t\t\n\t<div id=\"gap-1337482177\" class=\"gap-element clearfix\" style=\"display:block; height:auto;\">\n\t\t\n<style>\n#gap-1337482177 {\n  padding-top: 30px;\n}\n<\/style>\n\t<\/div>\n\t\n<div class=\"row align-middle\"  id=\"row-992204385\">\n\n\t<div id=\"col-920425414\" class=\"col medium-6 small-12 large-6\"  >\n\t\t\t\t<div class=\"col-inner\"  >\n\t\t\t\n\t\t\t\n<h3>Distribuidor de sistemas Motorola<\/h3>\n<p>En el \u00e1rea de radiocomunicadores, Abix s\u00f3lo trabaja con transceptores adquiridos a trav\u00e9s de los canales oficiales de Motorola en Brasil y puede alquilar radios con o sin licencia de Anatel, habiendo sido el primer revendedor premium de Motorola autorizado por Motorola a alquilar radiocomunicadores ya licenciados, es decir, para su uso, no es necesario solicitar a Anatel la aprobaci\u00f3n del dise\u00f1o t\u00e9cnico de radios bidireccionales, y si su empresa ya tiene licencia, alquilamos el equipo ya programado en su frecuencia.<\/p>\n\t\t<\/div>\n\t\t\t\t\t<\/div>\n\n\t\n\n\t<div id=\"col-989510557\" class=\"col medium-6 small-12 large-6\"  >\n\t\t\t\t<div class=\"col-inner\"  >\n\t\t\t\n\t\t\t\n<p>Abix tambi\u00e9n realiza proyectos t\u00e9cnicos para su empresa ante Anatel, estudios de cobertura, proyectos de sistemas convencionales y trunking, y vende y alquila toda la gama de radiotransmisores y accesorios Motorola Professional. Abix Tecnologia recibi\u00f3 la puntuaci\u00f3n m\u00e1s alta entre los distribuidores de radio en la evaluaci\u00f3n de Motorola en 2006, y en los a\u00f1os siguientes el resultado fue a\u00fan mejor, con las mejores notas en las evaluaciones de 2007 y 2008.<\/p>\n\t\t<\/div>\n\t\t\t\t\t<\/div>\n\n\t\n<\/div>\n\t\t<\/div>\n\n\t\t\n<style>\n#section_1371736503 {\n  padding-top: 30px;\n  padding-bottom: 30px;\n}\n<\/style>\n\t<\/section>\n\t\n\n\t<section class=\"section\" id=\"section_30680660\">\n\t\t<div class=\"section-bg fill\" >\n\t\t\t\t\t\t\t\t\t\n\t\t\t\n\n\t\t<\/div>\n\n\t\t\n\n\t\t<div class=\"section-content relative\">\n\t\t\t\n<div class=\"row\"  id=\"row-1084317435\">\n\n\t<div id=\"col-409709165\" class=\"col medium-6 small-12 large-6\"  >\n\t\t\t\t<div class=\"col-inner text-center\"  >\n\t\t\t\n\t\t\t\n<div class=\"row\"  id=\"row-1892317371\">\n\n\t<div id=\"col-1456935088\" class=\"col colunas-medio medium-11 small-12 large-11\"  >\n\t\t\t\t<div class=\"col-inner\"  >\n\t\t\t\n\t\t\t\n<h3 style=\"text-align: center;\">CCTV &#8211; Vigilancia por c\u00e1mara  <br \/>seguridad<\/h3>\n<p>Desarrollamos sistemas inal\u00e1mbricos de transmisi\u00f3n de datos con equipos Motorola y CCTV (Circuito Cerrado de Televisi\u00f3n) con productos Bosh, Pelco y Alson. Mediante el uso combinado de estas tecnolog\u00edas, ofrecemos a su empresa una amplia gama de soluciones.<\/p>\n\t\t<\/div>\n\t\t\t\t\n<style>\n#col-1456935088 > .col-inner {\n  padding: 25px 25px 0px 25px;\n}\n<\/style>\n\t<\/div>\n\n\t\n<\/div>\n\t\t<\/div>\n\t\t\t\t\t<\/div>\n\n\t\n\n\t<div id=\"col-1722725862\" class=\"col medium-6 small-12 large-6\"  >\n\t\t\t\t<div class=\"col-inner text-center\"  >\n\t\t\t\n\t\t\t\n<div class=\"row\"  id=\"row-1607274442\">\n\n\t<div id=\"col-1278217797\" class=\"col colunas-medio medium-11 small-12 large-11\"  >\n\t\t\t\t<div class=\"col-inner\"  >\n\t\t\t\n\t\t\t\n<h3 style=\"text-align: center;\">Contratos de mantenimiento<\/h3>\n<p>Desarrollamos sistemas inal\u00e1mbricos de transmisi\u00f3n de datos con equipos Motorola y CCTV (Circuito Cerrado de Televisi\u00f3n) con productos Bosh, Pelco y Alson. Mediante el uso combinado de estas tecnolog\u00edas, ofrecemos a su empresa una amplia gama de soluciones.<\/p>\n\t\t<\/div>\n\t\t\t\t\n<style>\n#col-1278217797 > .col-inner {\n  padding: 35px 25px 20px 25px;\n}\n<\/style>\n\t<\/div>\n\n\t\n<\/div>\n\t\t<\/div>\n\t\t\t\t\t<\/div>\n\n\t\n<\/div>\n\t\t<\/div>\n\n\t\t\n<style>\n#section_30680660 {\n  padding-top: 80px;\n  padding-bottom: 80px;\n}\n<\/style>\n\t<\/section>\n\t\n\n\t<section class=\"section\" id=\"section_367207735\">\n\t\t<div class=\"section-bg fill\" >\n\t\t\t\t\t\t\t\t\t\n\t\t\t\n\n\t\t<\/div>\n\n\t\t\n\n\t\t<div class=\"section-content relative\">\n\t\t\t\n<div class=\"row align-middle\"  id=\"row-1983833327\">\n\n\t<div id=\"col-761006339\" class=\"col medium-5 small-12 large-5\"  >\n\t\t\t\t<div class=\"col-inner\"  >\n\t\t\t\n\t\t\t\n\t<div class=\"img has-hover x md-x lg-x y md-y lg-y\" id=\"image_1602436306\">\n\t\t\t\t\t\t\t\t<div class=\"img-inner dark\" >\n\t\t\t<img decoding=\"async\" width=\"451\" height=\"272\" src=\"https:\/\/abix.com.br\/wp-content\/uploads\/2020\/12\/img-premio-2.png\" class=\"attachment-original size-original\" alt=\"\" srcset=\"https:\/\/abix.com.br\/wp-content\/uploads\/2020\/12\/img-premio-2.png 451w, https:\/\/abix.com.br\/wp-content\/uploads\/2020\/12\/img-premio-2-300x181.png 300w\" sizes=\"(max-width: 451px) 100vw, 451px\" \/>\t\t\t\t\t\t\n\t\t\t\t\t<\/div>\n\t\t\t\t\t\t\t\t\n<style>\n#image_1602436306 {\n  width: 100%;\n}\n<\/style>\n\t<\/div>\n\t\n\t\t<\/div>\n\t\t\t\t\t<\/div>\n\n\t\n\n\t<div id=\"col-624965148\" class=\"col medium-7 small-12 large-7\"  >\n\t\t\t\t<div class=\"col-inner\"  >\n\t\t\t\n\t\t\t\n<h3>Transmisi\u00f3n de v\u00eddeo, datos y voz: soluciones integradoras<\/h3>\n<p>Transmisi\u00f3n de v\u00eddeo, datos y voz. Desarrollamos sistemas inal\u00e1mbricos de transmisi\u00f3n de datos con equipos Motorola y CCTV (Circuito Cerrado de Televisi\u00f3n) con productos Bosh, Pelco y Alson. Mediante el uso combinado de estas tecnolog\u00edas, ofrecemos a su empresa una amplia gama de soluciones.<\/p>\n\t\t<\/div>\n\t\t\t\t\t<\/div>\n\n\t\n<\/div>\n\t\t<\/div>\n\n\t\t\n<style>\n#section_367207735 {\n  padding-top: 100px;\n  padding-bottom: 100px;\n  background-color: rgb(246, 245, 251);\n}\n<\/style>\n\t<\/section>\n\t\n\n\t<section class=\"section\" id=\"section_1910811588\">\n\t\t<div class=\"section-bg fill\" >\n\t\t\t<img decoding=\"async\" width=\"1920\" height=\"228\" src=\"https:\/\/abix.com.br\/wp-content\/uploads\/2020\/04\/mineracao-bg-footer.png\" class=\"bg attachment-original size-original\" alt=\"\" \/>\t\t\t\t\t\t\n\t\t\t\n\n\t\t<\/div>\n\n\t\t\n\n\t\t<div class=\"section-content relative\">\n\t\t\t\n\t<div id=\"gap-2004868693\" class=\"gap-element clearfix\" style=\"display:block; height:auto;\">\n\t\t\n<style>\n#gap-2004868693 {\n  padding-top: 30px;\n}\n<\/style>\n\t<\/div>\n\t\n<div class=\"row align-middle align-center\"  id=\"row-437960484\">\n\n\t<div id=\"col-1695766760\" class=\"col medium-7 small-12 large-7\"  >\n\t\t\t\t<div class=\"col-inner\"  >\n\t\t\t\n\t\t\t\n\t<div id=\"text-1266051518\" class=\"text\">\n\t\t\n<h2>\u00bfQuiere saber m\u00e1s? P\u00f3ngase en contacto con nosotros.<\/h2>\n\t\t\n<style>\n#text-1266051518 {\n  color: rgb(255,255,255);\n}\n#text-1266051518 > * {\n  color: rgb(255,255,255);\n}\n<\/style>\n\t<\/div>\n\t\n\t\t<\/div>\n\t\t\t\t\t<\/div>\n\n\t\n\n\t<div id=\"col-920033342\" class=\"col medium-3 small-12 large-3\"  >\n\t\t\t\t<div class=\"col-inner text-center\"  >\n\t\t\t\n\t\t\t\n<a href=\"https:\/\/abix.com.br\/es\/contato\/\" class=\"button primary btn-todos\"  >\n\t\t<span>P\u00f3ngase en contacto con nosotros<\/span>\n\t<\/a>\n\n\t\t<\/div>\n\t\t\t\t\t<\/div>\n\n\t\n<\/div>\n\t\t<\/div>\n\n\t\t\n<style>\n#section_1910811588 {\n  padding-top: 60px;\n  padding-bottom: 60px;\n}\n<\/style>\n\t<\/section>\n\t\n","protected":false},"excerpt":{"rendered":"","protected":false},"author":1,"featured_media":0,"parent":0,"menu_order":0,"comment_status":"closed","ping_status":"closed","template":"page-blank.php","meta":{"footnotes":""},"class_list":["post-19068","page","type-page","status-publish","hentry"],"yoast_head":"<!-- This site is optimized with the Yoast SEO plugin v27.4 - https:\/\/yoast.com\/product\/yoast-seo-wordpress\/ -->\n<title>- Abix Tecnologia<\/title>\n<meta name=\"description\" content=\"Descubra los premios nacionales e internacionales Abix Tecnologia est\u00e1 especializada en el alquiler de sistemas de radiocomunicaci\u00f3n. Venga a verlo.\" \/>\n<meta name=\"robots\" content=\"index, follow, max-snippet:-1, max-image-preview:large, max-video-preview:-1\" \/>\n<link rel=\"canonical\" href=\"https:\/\/abix.com.br\/es\/premios-e-areas-de-atuacao\/\" \/>\n<meta property=\"og:locale\" content=\"es_ES\" \/>\n<meta property=\"og:type\" content=\"article\" \/>\n<meta property=\"og:title\" content=\"- Abix Tecnologia\" \/>\n<meta property=\"og:description\" content=\"Descubra los premios nacionales e internacionales Abix Tecnologia est\u00e1 especializada en el alquiler de sistemas de radiocomunicaci\u00f3n. Venga a verlo.\" \/>\n<meta property=\"og:url\" content=\"https:\/\/abix.com.br\/es\/premios-e-areas-de-atuacao\/\" \/>\n<meta property=\"og:site_name\" content=\"Abix\" \/>\n<meta property=\"article:modified_time\" content=\"2024-03-25T18:12:00+00:00\" \/>\n<meta name=\"twitter:card\" content=\"summary_large_image\" \/>\n<meta name=\"twitter:label1\" content=\"Tiempo de lectura\" \/>\n\t<meta name=\"twitter:data1\" content=\"5 minutos\" \/>\n<script type=\"application\/ld+json\" class=\"yoast-schema-graph\">{\"@context\":\"https:\\\/\\\/schema.org\",\"@graph\":[{\"@type\":\"WebPage\",\"@id\":\"https:\\\/\\\/abix.com.br\\\/es\\\/premios-e-areas-de-atuacao\\\/\",\"url\":\"https:\\\/\\\/abix.com.br\\\/es\\\/premios-e-areas-de-atuacao\\\/\",\"name\":\"- Abix Tecnologia\",\"isPartOf\":{\"@id\":\"https:\\\/\\\/abix.com.br\\\/#website\"},\"datePublished\":\"2020-07-24T14:12:36+00:00\",\"dateModified\":\"2024-03-25T18:12:00+00:00\",\"description\":\"Descubra los premios nacionales e internacionales Abix Tecnologia est\u00e1 especializada en el alquiler de sistemas de radiocomunicaci\u00f3n. Venga a verlo.\",\"breadcrumb\":{\"@id\":\"https:\\\/\\\/abix.com.br\\\/es\\\/premios-e-areas-de-atuacao\\\/#breadcrumb\"},\"inLanguage\":\"es\",\"potentialAction\":[{\"@type\":\"ReadAction\",\"target\":[\"https:\\\/\\\/abix.com.br\\\/es\\\/premios-e-areas-de-atuacao\\\/\"]}]},{\"@type\":\"BreadcrumbList\",\"@id\":\"https:\\\/\\\/abix.com.br\\\/es\\\/premios-e-areas-de-atuacao\\\/#breadcrumb\",\"itemListElement\":[{\"@type\":\"ListItem\",\"position\":1,\"name\":\"In\u00edcio\",\"item\":\"https:\\\/\\\/abix.com.br\\\/es\\\/\"},{\"@type\":\"ListItem\",\"position\":2,\"name\":\"Premios y \u00e1reas de especializaci\u00f3n\"}]},{\"@type\":\"WebSite\",\"@id\":\"https:\\\/\\\/abix.com.br\\\/#website\",\"url\":\"https:\\\/\\\/abix.com.br\\\/\",\"name\":\"Abix\",\"description\":\"\",\"potentialAction\":[{\"@type\":\"SearchAction\",\"target\":{\"@type\":\"EntryPoint\",\"urlTemplate\":\"https:\\\/\\\/abix.com.br\\\/?s={search_term_string}\"},\"query-input\":{\"@type\":\"PropertyValueSpecification\",\"valueRequired\":true,\"valueName\":\"search_term_string\"}}],\"inLanguage\":\"es\"}]}<\/script>\n<!-- \/ Yoast SEO plugin. -->","yoast_head_json":{"title":"- Abix Tecnologia","description":"Descubra los premios nacionales e internacionales Abix Tecnologia est\u00e1 especializada en el alquiler de sistemas de radiocomunicaci\u00f3n. Venga a verlo.","robots":{"index":"index","follow":"follow","max-snippet":"max-snippet:-1","max-image-preview":"max-image-preview:large","max-video-preview":"max-video-preview:-1"},"canonical":"https:\/\/abix.com.br\/es\/premios-e-areas-de-atuacao\/","og_locale":"es_ES","og_type":"article","og_title":"- Abix Tecnologia","og_description":"Descubra los premios nacionales e internacionales Abix Tecnologia est\u00e1 especializada en el alquiler de sistemas de radiocomunicaci\u00f3n. Venga a verlo.","og_url":"https:\/\/abix.com.br\/es\/premios-e-areas-de-atuacao\/","og_site_name":"Abix","article_modified_time":"2024-03-25T18:12:00+00:00","twitter_card":"summary_large_image","twitter_misc":{"Tiempo de lectura":"5 minutos"},"schema":{"@context":"https:\/\/schema.org","@graph":[{"@type":"WebPage","@id":"https:\/\/abix.com.br\/es\/premios-e-areas-de-atuacao\/","url":"https:\/\/abix.com.br\/es\/premios-e-areas-de-atuacao\/","name":"- Abix Tecnologia","isPartOf":{"@id":"https:\/\/abix.com.br\/#website"},"datePublished":"2020-07-24T14:12:36+00:00","dateModified":"2024-03-25T18:12:00+00:00","description":"Descubra los premios nacionales e internacionales Abix Tecnologia est\u00e1 especializada en el alquiler de sistemas de radiocomunicaci\u00f3n. Venga a verlo.","breadcrumb":{"@id":"https:\/\/abix.com.br\/es\/premios-e-areas-de-atuacao\/#breadcrumb"},"inLanguage":"es","potentialAction":[{"@type":"ReadAction","target":["https:\/\/abix.com.br\/es\/premios-e-areas-de-atuacao\/"]}]},{"@type":"BreadcrumbList","@id":"https:\/\/abix.com.br\/es\/premios-e-areas-de-atuacao\/#breadcrumb","itemListElement":[{"@type":"ListItem","position":1,"name":"In\u00edcio","item":"https:\/\/abix.com.br\/es\/"},{"@type":"ListItem","position":2,"name":"Premios y \u00e1reas de especializaci\u00f3n"}]},{"@type":"WebSite","@id":"https:\/\/abix.com.br\/#website","url":"https:\/\/abix.com.br\/","name":"Abix","description":"","potentialAction":[{"@type":"SearchAction","target":{"@type":"EntryPoint","urlTemplate":"https:\/\/abix.com.br\/?s={search_term_string}"},"query-input":{"@type":"PropertyValueSpecification","valueRequired":true,"valueName":"search_term_string"}}],"inLanguage":"es"}]}},"_links":{"self":[{"href":"https:\/\/abix.com.br\/es\/wp-json\/wp\/v2\/pages\/19068","targetHints":{"allow":["GET"]}}],"collection":[{"href":"https:\/\/abix.com.br\/es\/wp-json\/wp\/v2\/pages"}],"about":[{"href":"https:\/\/abix.com.br\/es\/wp-json\/wp\/v2\/types\/page"}],"author":[{"embeddable":true,"href":"https:\/\/abix.com.br\/es\/wp-json\/wp\/v2\/users\/1"}],"replies":[{"embeddable":true,"href":"https:\/\/abix.com.br\/es\/wp-json\/wp\/v2\/comments?post=19068"}],"version-history":[{"count":9,"href":"https:\/\/abix.com.br\/es\/wp-json\/wp\/v2\/pages\/19068\/revisions"}],"predecessor-version":[{"id":20158,"href":"https:\/\/abix.com.br\/es\/wp-json\/wp\/v2\/pages\/19068\/revisions\/20158"}],"wp:attachment":[{"href":"https:\/\/abix.com.br\/es\/wp-json\/wp\/v2\/media?parent=19068"}],"curies":[{"name":"wp","href":"https:\/\/api.w.org\/{rel}","templated":true}]}}