{"id":19116,"date":"2020-06-10T09:52:32","date_gmt":"2020-06-10T12:52:32","guid":{"rendered":"https:\/\/abix.com.br\/radios-tetra-3\/"},"modified":"2024-03-25T15:16:39","modified_gmt":"2024-03-25T18:16:39","slug":"radios-tetra-3","status":"publish","type":"page","link":"https:\/\/abix.com.br\/es\/radios-tetra-3\/","title":{"rendered":"Radios Tetra"},"content":{"rendered":"\n\t<section class=\"section paginas-internas\" id=\"section_983760864\">\n\t\t<div class=\"section-bg fill\" >\n\t\t\t\t\t\t\t\t\t\n\t\t\t\n\n\t\t<\/div>\n\n\t\t\n\n\t\t<div class=\"section-content relative\">\n\t\t\t\n<div class=\"row\"  id=\"row-1630591365\">\n\n\t<div id=\"col-1598893785\" class=\"col small-12 large-12\"  >\n\t\t\t\t<div class=\"col-inner\"  >\n\t\t\t\n\t\t\t\n<h1 style=\"text-align: center;\">RADIOS TETRA<\/h1>\n\t\t<\/div>\n\t\t\t\t\t<\/div>\n\n\t\n<\/div>\n\t\t<\/div>\n\n\t\t\n<style>\n#section_983760864 {\n  padding-top: 70px;\n  padding-bottom: 70px;\n}\n<\/style>\n\t<\/section>\n\t\n\n\t<section class=\"section\" id=\"section_2142387357\">\n\t\t<div class=\"section-bg fill\" >\n\t\t\t\t\t\t\t\t\t\n\t\t\t\n\n\t\t<\/div>\n\n\t\t\n\n\t\t<div class=\"section-content relative\">\n\t\t\t\n<div class=\"row align-middle\"  id=\"row-1231975494\">\n\n\t<div id=\"col-808876843\" class=\"col medium-6 small-12 large-6\"  >\n\t\t\t\t<div class=\"col-inner\"  >\n\t\t\t\n\t\t\t\n\t<div class=\"img has-hover x md-x lg-x y md-y lg-y\" id=\"image_1790491267\">\n\t\t\t\t\t\t\t\t<div class=\"img-inner dark\" >\n\t\t\t<img decoding=\"async\" width=\"585\" height=\"329\" src=\"https:\/\/abix.com.br\/wp-content\/uploads\/2020\/07\/radios-tetra.jpg\" class=\"attachment-original size-original\" alt=\"R\u00e1dios Tetra\" srcset=\"https:\/\/abix.com.br\/wp-content\/uploads\/2020\/07\/radios-tetra.jpg 585w, https:\/\/abix.com.br\/wp-content\/uploads\/2020\/07\/radios-tetra-300x169.jpg 300w\" sizes=\"(max-width: 585px) 100vw, 585px\" \/>\t\t\t\t\t\t\n\t\t\t\t\t<\/div>\n\t\t\t\t\t\t\t\t\n<style>\n#image_1790491267 {\n  width: 100%;\n}\n<\/style>\n\t<\/div>\n\t\n\t\t<\/div>\n\t\t\t\t\t<\/div>\n\n\t\n\n\t<div id=\"col-549103073\" class=\"col medium-6 small-12 large-6\"  >\n\t\t\t\t<div class=\"col-inner\"  >\n\t\t\t\n\t\t\t\n<p>Los sistemas de comunicaci\u00f3n TETRA ofrecen el m\u00e1ximo rendimiento para aplicaciones de misi\u00f3n cr\u00edtica, industriales y mineras, integrando la comunicaci\u00f3n de voz con la transmisi\u00f3n de datos mediante paquetes o mensajes cortos a un coste extremadamente favorable en aplicaciones con unos cientos de terminales o m\u00e1s.<\/p>\n<div class=\"is-divider divider clearfix\" style=\"max-width:80%;background-color:rgb(140, 153, 242);\"><\/div>\n<p><strong>ABIX TECNOLOGIA ES LA EMPRESA CON M\u00c1S EXPERIENCIA EN SISTEMAS DE RADIO TETRA MOTOROLA EN BRASIL<\/strong><\/p>\n<p>habiendo sido la primera en proyectar un sistema de Radiocomunicaci\u00f3n Motorola Tetra en Brasil y tambi\u00e9n implementado el mayor Sistema Motorola Tetra de Am\u00e9rica del Sur para la empresa ALL &#8211; Am\u00e9rica Latina Log\u00edstica para proveer radiocomunicaci\u00f3n de voz y datos en el tramo ferroviario entre Santos y Campinas.<\/p>\n<a href=\"https:\/\/abix.com.br\/es\/categoria-produto\/radio-tetra\/\" class=\"button primary btn-homr\"  >\n\t\t<span>HAGA CLIC AQU\u00cd PARA DESCUBRIR NUESTRA GAMA DE PRODUCTOS TETRA<\/span>\n\t<\/a>\n\n\t\t<\/div>\n\t\t\t\t\t<\/div>\n\n\t\n<\/div>\n\t\t<\/div>\n\n\t\t\n<style>\n#section_2142387357 {\n  padding-top: 0px;\n  padding-bottom: 0px;\n}\n<\/style>\n\t<\/section>\n\t\n\t<div id=\"gap-413668697\" class=\"gap-element clearfix\" style=\"display:block; height:auto;\">\n\t\t\n<style>\n#gap-413668697 {\n  padding-top: 30px;\n}\n<\/style>\n\t<\/div>\n\t\n\n\t<section class=\"section secao-abix\" id=\"section_440313130\">\n\t\t<div class=\"section-bg fill\" >\n\t\t\t\t\t\t\t\t\t\n\t\t\t\n\n\t\t<\/div>\n\n\t\t\n\n\t\t<div class=\"section-content relative\">\n\t\t\t\n<div class=\"row align-middle abixmais\"  id=\"row-1301000200\">\n\n\t<div id=\"col-391592299\" class=\"col medium-6 small-12 large-6\"  >\n\t\t\t\t<div class=\"col-inner\"  >\n\t\t\t\n\t\t\t\n\t<div id=\"text-2400339570\" class=\"text\">\n\t\t\n<p>Abix es tambi\u00e9n la \u00fanica empresa en Brasil que dispone de sistemas y equipos TETRA de Motorola para alquiler (radios port\u00e1tiles, radios m\u00f3viles, estaciones fijas y Master Site Dimetra IP Compact), as\u00ed como de t\u00e9cnicos e ingenieros certificados por Motorola en Brasil y Alemania (informaci\u00f3n v\u00e1lida a julio de 2011).<\/p>\n\t\t\n<style>\n#text-2400339570 {\n  color: rgb(0,0,0);\n}\n#text-2400339570 > * {\n  color: rgb(0,0,0);\n}\n<\/style>\n\t<\/div>\n\t\n\t\t<\/div>\n\t\t\t\t\t<\/div>\n\n\t\n\n\t<div id=\"col-11545499\" class=\"col medium-6 small-12 large-6\"  >\n\t\t\t\t<div class=\"col-inner\"  >\n\t\t\t\n\t\t\t\n\t<div class=\"img has-hover x md-x lg-x y md-y lg-y\" id=\"image_1174701076\">\n\t\t\t\t\t\t\t\t<div class=\"img-inner dark\" >\n\t\t\t<img decoding=\"async\" width=\"470\" height=\"317\" src=\"https:\/\/abix.com.br\/wp-content\/uploads\/2020\/06\/img-radios-tetra-2.png\" class=\"attachment-original size-original\" alt=\"R\u00e1dios Tetra\" srcset=\"https:\/\/abix.com.br\/wp-content\/uploads\/2020\/06\/img-radios-tetra-2.png 470w, https:\/\/abix.com.br\/wp-content\/uploads\/2020\/06\/img-radios-tetra-2-300x202.png 300w\" sizes=\"(max-width: 470px) 100vw, 470px\" \/>\t\t\t\t\t\t\n\t\t\t\t\t<\/div>\n\t\t\t\t\t\t\t\t\n<style>\n#image_1174701076 {\n  width: 75%;\n}\n<\/style>\n\t<\/div>\n\t\n\t\t<\/div>\n\t\t\t\t\t<\/div>\n\n\t\n<\/div>\n<div class=\"row sistemas\"  id=\"row-1359560788\">\n\n\t<div id=\"col-913354976\" class=\"col boxRadioTetra small-12 large-12\"  >\n\t\t\t\t<div class=\"col-inner\"  >\n\t\t\t\n\t\t\t\n\t<div id=\"text-3244166665\" class=\"text\">\n\t\t\n<h2>SISTEMAS DE RADIO TETRA TIENEN,<br \/>ENTRE OTRAS MUCHAS, LAS SIGUIENTES FUNCIONALIDADES:<\/h2>\n\t\t\n<style>\n#text-3244166665 {\n  text-align: center;\n}\n<\/style>\n\t<\/div>\n\t\n\t<div id=\"gap-1075893223\" class=\"gap-element clearfix\" style=\"display:block; height:auto;\">\n\t\t\n<style>\n#gap-1075893223 {\n  padding-top: 30px;\n}\n<\/style>\n\t<\/div>\n\t\n<div class=\"row\"  id=\"row-1118740070\">\n\n\t<div id=\"col-280940186\" class=\"col medium-6 small-12 large-6\"  >\n\t\t\t\t<div class=\"col-inner\"  >\n\t\t\t\n\t\t\t\n\t<div id=\"text-4221886139\" class=\"text boxRadioTetra\">\n\t\t\n<ul>\n<li>Llamadas de grupo<\/li>\n<li>Llamadas punto a punto full-duplex (privadas)<\/li>\n<li>Llamada telef\u00f3nica full-duplex<\/li>\n<li>Llamada de grupo con acuse de recibo<\/li>\n<li>Llamada de difusi\u00f3n<\/li>\n<li>Llamadas de emergencia<\/li>\n<li>Llamada por derecho de prioridad<\/li>\n<li>Reagrupaci\u00f3n din\u00e1mica<\/li>\n<li>Identificaci\u00f3n del usuario que llama<\/li>\n<li>Reenv\u00edo incondicional de cach\u00e9<\/li>\n<li>Posibilidad de consultar bases de datos y aplicaciones diversas\n<div class=\"spb_content_element col-sm-6 spb_text_column\">\n<div class=\"spb-asset-content\"> <\/div>\n<\/div>\n<\/li>\n<\/ul>\n\t\t\t<\/div>\n\t\n\t\t<\/div>\n\t\t\t\t\t<\/div>\n\n\t\n\n\t<div id=\"col-459845768\" class=\"col medium-6 small-12 large-6\"  >\n\t\t\t\t<div class=\"col-inner\"  >\n\t\t\t\n\t\t\t\n<ul>\n<li>Informes de llamadas<\/li>\n<li>Desv\u00edo de llamadas con terminal ocupado<\/li>\n<li>Funcionamiento en modo directo (DMO)<\/li>\n<li>Operaciones de despacho con varias opciones de consola<\/li>\n<li>Voz y datos simult\u00e1neos<\/li>\n<li>Cifrado de extremo a extremo<\/li>\n<li>Eficacia 4:1 en un canal de 25 kHz &#8211; Mayor eficacia espectral<\/li>\n<li>M\u00e9todo de acceso: TDMA (modulaci\u00f3n digital por divisi\u00f3n de tiempo)<\/li>\n<li>Bandas de frecuencia: 380-400MHz, 410-430 y 800 MHz<\/li>\n<li>Terminales de seguridad intr\u00ednseca (certificaci\u00f3n ATEX)<\/li>\n<li>AVL (localizaci\u00f3n de veh\u00edculos y personas por GPS)<br \/>\n<section class=\"row fw-row dynamic-header-change fw-row-adjusted\" data-header-style=\"\">\n<div class=\"spb-row bgNoRepeat row-bg-img-pattern\" data-row-type=\"image\" data-wrap=\"full-width-contained\" data-image-movement=\"scroll\" data-content-stretch=\"false\" data-row-height=\"content-height\" data-row-style=\"light\" data-col-spacing=\"0\" data-col-v-pos=\"default\" data-sb-init=\"true\">\n<div class=\"spb_content_element clearfix\">\n<section class=\"row \">\n<div class=\"spb-column-container col-sm-12 boxRadioTetra \">\n<div class=\"spb-column-inner row clearfix\">\n<section class=\"row \">\n<div class=\"spb_content_element col-sm-6 spb_text_column\">\n<div class=\"spb-asset-content\"> <\/div>\n<\/div>\n<\/section>\n<\/div>\n<\/div>\n<\/section>\n<\/div>\n<\/div>\n<\/section>\n<section class=\"row fw-row dynamic-header-change fw-row-adjusted\" data-header-style=\"\">\n<div class=\"spb-row \" data-row-type=\"image\" data-wrap=\"full-width-contained\" data-image-movement=\"scroll\" data-content-stretch=\"false\" data-row-height=\"content-height\" data-col-spacing=\"0\" data-col-v-pos=\"default\" data-sb-init=\"true\">\n<div class=\"spb_content_element clearfix\">\n<section class=\"row \">\n<div class=\"spb-column-container col-sm-6 \">\n<div class=\"spb-column-inner row clearfix\"> <\/div>\n<\/div>\n<\/section>\n<\/div>\n<\/div>\n<\/section>\n<\/li>\n<\/ul>\n\t\t<\/div>\n\t\t\t\t\t<\/div>\n\n\t\n<\/div>\n\t\t<\/div>\n\t\t\t\t\t<\/div>\n\n\t\n<\/div>\n\t\t<\/div>\n\n\t\t\n<style>\n#section_440313130 {\n  padding-top: 30px;\n  padding-bottom: 30px;\n}\n<\/style>\n\t<\/section>\n\t\n\n\t<section class=\"section\" id=\"section_341112304\">\n\t\t<div class=\"section-bg fill\" >\n\t\t\t<img decoding=\"async\" width=\"1920\" height=\"228\" src=\"https:\/\/abix.com.br\/wp-content\/uploads\/2020\/06\/img-radios-tetra-2.jpg\" class=\"bg attachment-original size-original\" alt=\"\" \/>\t\t\t\t\t\t\n\t\t\t\n\n\t\t<\/div>\n\n\t\t\n\n\t\t<div class=\"section-content relative\">\n\t\t\t\n\t<div id=\"gap-1754321409\" class=\"gap-element clearfix\" style=\"display:block; height:auto;\">\n\t\t\n<style>\n#gap-1754321409 {\n  padding-top: 30px;\n}\n<\/style>\n\t<\/div>\n\t\n<div class=\"row align-middle\"  id=\"row-132345556\">\n\n\t<div id=\"col-1169377897\" class=\"col medium-8 small-12 large-8\"  >\n\t\t\t\t<div class=\"col-inner\"  >\n\t\t\t\n\t\t\t\n\t<div id=\"text-3403072000\" class=\"text\">\n\t\t\n<h2><strong>\u00bfALGUNA PREGUNTA M\u00c1S? P\u00d3NGASE EN CONTACTO CON NOSOTROS Y<\/strong>  ESTAREMOS ENCANTADOS DE RESPONDERLE.<\/h2>\n\t\t\n<style>\n#text-3403072000 {\n  color: rgb(255, 255, 255);\n}\n#text-3403072000 > * {\n  color: rgb(255, 255, 255);\n}\n<\/style>\n\t<\/div>\n\t\n\t\t<\/div>\n\t\t\t\t\t<\/div>\n\n\t\n\n\t<div id=\"col-1001437937\" class=\"col medium-4 small-12 large-4\"  >\n\t\t\t\t<div class=\"col-inner\"  >\n\t\t\t\n\t\t\t\n<a href=\"https:\/\/abix.com.br\/es\/contato\/\" class=\"button primary btn-todos\"  >\n\t\t<span>PONERSE EN CONTACTO<\/span>\n\t<\/a>\n\n\t\t<\/div>\n\t\t\t\t\t<\/div>\n\n\t\n<\/div>\n\t\t<\/div>\n\n\t\t\n<style>\n#section_341112304 {\n  padding-top: 30px;\n  padding-bottom: 30px;\n}\n<\/style>\n\t<\/section>\n\t\n","protected":false},"excerpt":{"rendered":"","protected":false},"author":1,"featured_media":0,"parent":0,"menu_order":0,"comment_status":"closed","ping_status":"closed","template":"page-blank.php","meta":{"footnotes":""},"class_list":["post-19116","page","type-page","status-publish","hentry"],"yoast_head":"<!-- This site is optimized with the Yoast SEO plugin v27.3 - https:\/\/yoast.com\/product\/yoast-seo-wordpress\/ -->\n<title>Tetra Radio Systems | Abix - Sistemas de radiocomunicaci\u00f3n<\/title>\n<meta name=\"description\" content=\"Abix tecnologia es la empresa con m\u00e1s experiencia en sistemas Motorola Tetra Radio en Brasil. Visite nuestro sitio web e inf\u00f3rmese.\" \/>\n<meta name=\"robots\" content=\"index, follow, max-snippet:-1, max-image-preview:large, max-video-preview:-1\" \/>\n<link rel=\"canonical\" href=\"https:\/\/abix.com.br\/es\/radios-tetra-3\/\" \/>\n<meta property=\"og:locale\" content=\"es_ES\" \/>\n<meta property=\"og:type\" content=\"article\" \/>\n<meta property=\"og:title\" content=\"Tetra Radio Systems | Abix - Sistemas de radiocomunicaci\u00f3n\" \/>\n<meta property=\"og:description\" content=\"Abix tecnologia es la empresa con m\u00e1s experiencia en sistemas Motorola Tetra Radio en Brasil. Visite nuestro sitio web e inf\u00f3rmese.\" \/>\n<meta property=\"og:url\" content=\"https:\/\/abix.com.br\/es\/radios-tetra-3\/\" \/>\n<meta property=\"og:site_name\" content=\"Abix\" \/>\n<meta property=\"article:modified_time\" content=\"2024-03-25T18:16:39+00:00\" \/>\n<meta name=\"twitter:card\" content=\"summary_large_image\" \/>\n<meta name=\"twitter:label1\" content=\"Tiempo de lectura\" \/>\n\t<meta name=\"twitter:data1\" content=\"3 minutos\" \/>\n<script type=\"application\/ld+json\" class=\"yoast-schema-graph\">{\"@context\":\"https:\\\/\\\/schema.org\",\"@graph\":[{\"@type\":\"WebPage\",\"@id\":\"https:\\\/\\\/abix.com.br\\\/es\\\/radios-tetra-3\\\/\",\"url\":\"https:\\\/\\\/abix.com.br\\\/es\\\/radios-tetra-3\\\/\",\"name\":\"Tetra Radio Systems | Abix - Sistemas de radiocomunicaci\u00f3n\",\"isPartOf\":{\"@id\":\"https:\\\/\\\/abix.com.br\\\/#website\"},\"datePublished\":\"2020-06-10T12:52:32+00:00\",\"dateModified\":\"2024-03-25T18:16:39+00:00\",\"description\":\"Abix tecnologia es la empresa con m\u00e1s experiencia en sistemas Motorola Tetra Radio en Brasil. Visite nuestro sitio web e inf\u00f3rmese.\",\"breadcrumb\":{\"@id\":\"https:\\\/\\\/abix.com.br\\\/es\\\/radios-tetra-3\\\/#breadcrumb\"},\"inLanguage\":\"es\",\"potentialAction\":[{\"@type\":\"ReadAction\",\"target\":[\"https:\\\/\\\/abix.com.br\\\/es\\\/radios-tetra-3\\\/\"]}]},{\"@type\":\"BreadcrumbList\",\"@id\":\"https:\\\/\\\/abix.com.br\\\/es\\\/radios-tetra-3\\\/#breadcrumb\",\"itemListElement\":[{\"@type\":\"ListItem\",\"position\":1,\"name\":\"In\u00edcio\",\"item\":\"https:\\\/\\\/abix.com.br\\\/es\\\/\"},{\"@type\":\"ListItem\",\"position\":2,\"name\":\"Radios Tetra\"}]},{\"@type\":\"WebSite\",\"@id\":\"https:\\\/\\\/abix.com.br\\\/#website\",\"url\":\"https:\\\/\\\/abix.com.br\\\/\",\"name\":\"Abix\",\"description\":\"\",\"potentialAction\":[{\"@type\":\"SearchAction\",\"target\":{\"@type\":\"EntryPoint\",\"urlTemplate\":\"https:\\\/\\\/abix.com.br\\\/?s={search_term_string}\"},\"query-input\":{\"@type\":\"PropertyValueSpecification\",\"valueRequired\":true,\"valueName\":\"search_term_string\"}}],\"inLanguage\":\"es\"}]}<\/script>\n<!-- \/ Yoast SEO plugin. -->","yoast_head_json":{"title":"Tetra Radio Systems | Abix - Sistemas de radiocomunicaci\u00f3n","description":"Abix tecnologia es la empresa con m\u00e1s experiencia en sistemas Motorola Tetra Radio en Brasil. Visite nuestro sitio web e inf\u00f3rmese.","robots":{"index":"index","follow":"follow","max-snippet":"max-snippet:-1","max-image-preview":"max-image-preview:large","max-video-preview":"max-video-preview:-1"},"canonical":"https:\/\/abix.com.br\/es\/radios-tetra-3\/","og_locale":"es_ES","og_type":"article","og_title":"Tetra Radio Systems | Abix - Sistemas de radiocomunicaci\u00f3n","og_description":"Abix tecnologia es la empresa con m\u00e1s experiencia en sistemas Motorola Tetra Radio en Brasil. Visite nuestro sitio web e inf\u00f3rmese.","og_url":"https:\/\/abix.com.br\/es\/radios-tetra-3\/","og_site_name":"Abix","article_modified_time":"2024-03-25T18:16:39+00:00","twitter_card":"summary_large_image","twitter_misc":{"Tiempo de lectura":"3 minutos"},"schema":{"@context":"https:\/\/schema.org","@graph":[{"@type":"WebPage","@id":"https:\/\/abix.com.br\/es\/radios-tetra-3\/","url":"https:\/\/abix.com.br\/es\/radios-tetra-3\/","name":"Tetra Radio Systems | Abix - Sistemas de radiocomunicaci\u00f3n","isPartOf":{"@id":"https:\/\/abix.com.br\/#website"},"datePublished":"2020-06-10T12:52:32+00:00","dateModified":"2024-03-25T18:16:39+00:00","description":"Abix tecnologia es la empresa con m\u00e1s experiencia en sistemas Motorola Tetra Radio en Brasil. Visite nuestro sitio web e inf\u00f3rmese.","breadcrumb":{"@id":"https:\/\/abix.com.br\/es\/radios-tetra-3\/#breadcrumb"},"inLanguage":"es","potentialAction":[{"@type":"ReadAction","target":["https:\/\/abix.com.br\/es\/radios-tetra-3\/"]}]},{"@type":"BreadcrumbList","@id":"https:\/\/abix.com.br\/es\/radios-tetra-3\/#breadcrumb","itemListElement":[{"@type":"ListItem","position":1,"name":"In\u00edcio","item":"https:\/\/abix.com.br\/es\/"},{"@type":"ListItem","position":2,"name":"Radios Tetra"}]},{"@type":"WebSite","@id":"https:\/\/abix.com.br\/#website","url":"https:\/\/abix.com.br\/","name":"Abix","description":"","potentialAction":[{"@type":"SearchAction","target":{"@type":"EntryPoint","urlTemplate":"https:\/\/abix.com.br\/?s={search_term_string}"},"query-input":{"@type":"PropertyValueSpecification","valueRequired":true,"valueName":"search_term_string"}}],"inLanguage":"es"}]}},"_links":{"self":[{"href":"https:\/\/abix.com.br\/es\/wp-json\/wp\/v2\/pages\/19116","targetHints":{"allow":["GET"]}}],"collection":[{"href":"https:\/\/abix.com.br\/es\/wp-json\/wp\/v2\/pages"}],"about":[{"href":"https:\/\/abix.com.br\/es\/wp-json\/wp\/v2\/types\/page"}],"author":[{"embeddable":true,"href":"https:\/\/abix.com.br\/es\/wp-json\/wp\/v2\/users\/1"}],"replies":[{"embeddable":true,"href":"https:\/\/abix.com.br\/es\/wp-json\/wp\/v2\/comments?post=19116"}],"version-history":[{"count":6,"href":"https:\/\/abix.com.br\/es\/wp-json\/wp\/v2\/pages\/19116\/revisions"}],"predecessor-version":[{"id":20160,"href":"https:\/\/abix.com.br\/es\/wp-json\/wp\/v2\/pages\/19116\/revisions\/20160"}],"wp:attachment":[{"href":"https:\/\/abix.com.br\/es\/wp-json\/wp\/v2\/media?parent=19116"}],"curies":[{"name":"wp","href":"https:\/\/api.w.org\/{rel}","templated":true}]}}