{"id":19145,"date":"2020-06-08T10:56:49","date_gmt":"2020-06-08T13:56:49","guid":{"rendered":"https:\/\/abix.com.br\/segmento-agro-2\/"},"modified":"2023-10-19T17:05:16","modified_gmt":"2023-10-19T20:05:16","slug":"segmento-agro-2","status":"publish","type":"page","link":"https:\/\/abix.com.br\/es\/segmento-agro-2\/","title":{"rendered":"Segmento Agro"},"content":{"rendered":"\n\t<section class=\"section paginas-internas\" id=\"section_16377278\">\n\t\t<div class=\"section-bg fill\" >\n\t\t\t\t\t\t\t\t\t\n\t\t\t\n\n\t\t<\/div>\n\n\t\t\n\n\t\t<div class=\"section-content relative\">\n\t\t\t\n<div class=\"row\"  id=\"row-1078851303\">\n\n\t<div id=\"col-948593338\" class=\"col small-12 large-12\"  >\n\t\t\t\t<div class=\"col-inner\"  >\n\t\t\t\n\t\t\t\n<h1 style=\"text-align: center;\">SEGMENTO AGR\u00cdCOLA<\/h1>\n\t\t<\/div>\n\t\t\t\t\t<\/div>\n\n\t\n<\/div>\n\t\t<\/div>\n\n\t\t\n<style>\n#section_16377278 {\n  padding-top: 70px;\n  padding-bottom: 70px;\n}\n<\/style>\n\t<\/section>\n\t\n\n\t<section class=\"section\" id=\"section_1706388221\">\n\t\t<div class=\"section-bg fill\" >\n\t\t\t\t\t\t\t\t\t\n\t\t\t\n\n\t\t<\/div>\n\n\t\t\n\n\t\t<div class=\"section-content relative\">\n\t\t\t\n<div class=\"row\"  id=\"row-927091492\">\n\n\t<div id=\"col-1951598503\" class=\"col medium-6 small-12 large-6\"  >\n\t\t\t\t<div class=\"col-inner\"  >\n\t\t\t\n\t\t\t\n<h2><strong>AGROINDUSTRIA IMPLICA UNA AMPLIA<\/strong><br \/>VARIEDAD DE ACTIVIDADES PRODUCTIVAS<\/h2>\n<p>que est\u00e1n directamente relacionadas con la producci\u00f3n y la infraproducci\u00f3n de productos derivados de la agricultura y la ganader\u00eda. Mantener la comunicaci\u00f3n es siempre fundamental, m\u00e1s a\u00fan durante las temporadas de cosecha o sacrificio. Tanto si se trata de una peque\u00f1a explotaci\u00f3n agr\u00edcola que acaba de empezar como de una gran empresa, las radios que ofrece <a href=\"https:\/\/www.abix.com.br\/es\/\">Abix<\/a> pueden ayudar a mejorar la seguridad y la eficacia operativa en todas las condiciones, incluidas las condiciones meteorol\u00f3gicas adversas, mientras se maneja maquinaria agr\u00edcola pesada y mucho m\u00e1s.<\/p>\n<a href=\"https:\/\/abix.com.br\/es\/categoria-produto\/tablet_ex\/\" class=\"button primary btn-homr\"  >\n\t\t<span>DESCUBRA LA GAMA EX TABLET<\/span>\n\t<\/a>\n\n\t\t<\/div>\n\t\t\t\t\t<\/div>\n\n\t\n\n\t<div id=\"col-661470197\" class=\"col medium-6 small-12 large-6\"  >\n\t\t\t\t<div class=\"col-inner\"  >\n\t\t\t\n\t\t\t\n\t<div class=\"img has-hover x md-x lg-x y md-y lg-y\" id=\"image_1245694898\">\n\t\t\t\t\t\t\t\t<div class=\"img-inner dark\" >\n\t\t\t<img decoding=\"async\" width=\"585\" height=\"318\" src=\"https:\/\/abix.com.br\/wp-content\/uploads\/2020\/06\/IMG-1.png\" class=\"attachment-original size-original\" alt=\"\" srcset=\"https:\/\/abix.com.br\/wp-content\/uploads\/2020\/06\/IMG-1.png 585w, https:\/\/abix.com.br\/wp-content\/uploads\/2020\/06\/IMG-1-300x163.png 300w\" sizes=\"(max-width: 585px) 100vw, 585px\" \/>\t\t\t\t\t\t\n\t\t\t\t\t<\/div>\n\t\t\t\t\t\t\t\t\n<style>\n#image_1245694898 {\n  width: 100%;\n}\n<\/style>\n\t<\/div>\n\t\n\t\t<\/div>\n\t\t\t\t\t<\/div>\n\n\t\n<\/div>\n\t\t<\/div>\n\n\t\t\n<style>\n#section_1706388221 {\n  padding-top: 30px;\n  padding-bottom: 30px;\n}\n<\/style>\n\t<\/section>\n\t\n\n\t<section class=\"section\" id=\"section_1662649057\">\n\t\t<div class=\"section-bg fill\" >\n\t\t\t<img decoding=\"async\" width=\"1920\" height=\"271\" src=\"https:\/\/abix.com.br\/wp-content\/uploads\/2023\/04\/fundoo.png\" class=\"bg attachment- size-\" alt=\"\" \/>\t\t\t\t\t\t\n\t\t\t\n\n\t\t<\/div>\n\n\t\t\n\n\t\t<div class=\"section-content relative\">\n\t\t\t\n<div class=\"row\"  id=\"row-846177950\">\n\n\t<div id=\"col-1499415790\" class=\"col alguns small-12 large-12\"  >\n\t\t\t\t<div class=\"col-inner\"  >\n\t\t\t\n\t\t\t\n\t<div id=\"gap-671084515\" class=\"gap-element clearfix\" style=\"display:block; height:auto;\">\n\t\t\n<style>\n#gap-671084515 {\n  padding-top: 30px;\n}\n<\/style>\n\t<\/div>\n\t\n\t<div id=\"text-3560247226\" class=\"text\">\n\t\t\n<h2 style=\"text-align: center;\"><strong>ALGUNAS DE LAS CARACTER\u00cdSTICAS QUE DEBE ESPERAR<br \/>DE SUS RADIOS INCLUYEN LO SIGUIENTE:<\/strong><\/h2>\n\t\t\n<style>\n#text-3560247226 {\n  color: rgb(255, 255, 255);\n}\n#text-3560247226 > * {\n  color: rgb(255, 255, 255);\n}\n<\/style>\n\t<\/div>\n\t\n\t\t<\/div>\n\t\t\t\t\t<\/div>\n\n\t\n<\/div>\n\t\t<\/div>\n\n\t\t\n<style>\n#section_1662649057 {\n  padding-top: 30px;\n  padding-bottom: 30px;\n}\n<\/style>\n\t<\/section>\n\t\n\n\t<section class=\"section\" id=\"section_2104929903\">\n\t\t<div class=\"section-bg fill\" >\n\t\t\t\t\t\t\t\t\t\n\t\t\t\n\n\t\t<\/div>\n\n\t\t\n\n\t\t<div class=\"section-content relative\">\n\t\t\t\n\t<div id=\"gap-345165864\" class=\"gap-element clearfix\" style=\"display:block; height:auto;\">\n\t\t\n<style>\n#gap-345165864 {\n  padding-top: 50px;\n}\n<\/style>\n\t<\/div>\n\t\n<div class=\"row\"  id=\"row-906019626\">\n\n\t<div id=\"col-1103773067\" class=\"col medium-6 small-12 large-6\"  >\n\t\t\t\t<div class=\"col-inner\"  >\n\t\t\t\n\t\t\t\n<div class=\"row\"  id=\"row-197762607\">\n\n\t<div id=\"col-1583526924\" class=\"col medium-2 small-12 large-2\"  >\n\t\t\t\t<div class=\"col-inner text-center\"  >\n\t\t\t\n\t\t\t\n\t<div class=\"img has-hover x md-x lg-x y md-y lg-y\" id=\"image_1257630839\">\n\t\t\t\t\t\t\t\t<div class=\"img-inner dark\" >\n\t\t\t<img decoding=\"async\" width=\"65\" height=\"65\" src=\"https:\/\/abix.com.br\/wp-content\/uploads\/2020\/06\/icon-1.png\" class=\"attachment-original size-original\" alt=\"\" \/>\t\t\t\t\t\t\n\t\t\t\t\t<\/div>\n\t\t\t\t\t\t\t\t\n<style>\n#image_1257630839 {\n  width: 40%;\n}\n@media (min-width:550px) {\n  #image_1257630839 {\n    width: 100%;\n  }\n}\n<\/style>\n\t<\/div>\n\t\n\t\t<\/div>\n\t\t\t\t\t<\/div>\n\n\t\n\n\t<div id=\"col-1781465759\" class=\"col medium-10 small-12 large-10\"  >\n\t\t\t\t<div class=\"col-inner\"  >\n\t\t\t\n\t\t\t\n<p>Robustos, permiten a los usuarios seguir trabajando, incluidos algunos modelos con certificaci\u00f3n IP68 para resistir al agua y al polvo<\/p>\n\t\t<\/div>\n\t\t\t\t\t<\/div>\n\n\t\n<\/div>\n<div class=\"row\"  id=\"row-1788898417\">\n\n\t<div id=\"col-495430054\" class=\"col medium-2 small-12 large-2\"  >\n\t\t\t\t<div class=\"col-inner text-center\"  >\n\t\t\t\n\t\t\t\n\t<div class=\"img has-hover x md-x lg-x y md-y lg-y\" id=\"image_437183540\">\n\t\t\t\t\t\t\t\t<div class=\"img-inner dark\" >\n\t\t\t<img decoding=\"async\" width=\"65\" height=\"65\" src=\"https:\/\/abix.com.br\/wp-content\/uploads\/2020\/06\/icon-2.png\" class=\"attachment-original size-original\" alt=\"\" \/>\t\t\t\t\t\t\n\t\t\t\t\t<\/div>\n\t\t\t\t\t\t\t\t\n<style>\n#image_437183540 {\n  width: 40%;\n}\n@media (min-width:550px) {\n  #image_437183540 {\n    width: 100%;\n  }\n}\n<\/style>\n\t<\/div>\n\t\n\t\t<\/div>\n\t\t\t\t\t<\/div>\n\n\t\n\n\t<div id=\"col-1157597251\" class=\"col medium-10 small-12 large-10\"  >\n\t\t\t\t<div class=\"col-inner\"  >\n\t\t\t\n\t\t\t\n<p>Robustos, permiten a los usuarios seguir trabajando, incluidos algunos modelos con certificaci\u00f3n IP68 para resistir al agua y al polvo<\/p>\n\t\t<\/div>\n\t\t\t\t\t<\/div>\n\n\t\n<\/div>\n\t\t<\/div>\n\t\t\t\t\t<\/div>\n\n\t\n\n\t<div id=\"col-567525346\" class=\"col medium-6 small-12 large-6\"  >\n\t\t\t\t<div class=\"col-inner\"  >\n\t\t\t\n\t\t\t\n<div class=\"row\"  id=\"row-1107892344\">\n\n\t<div id=\"col-745178185\" class=\"col medium-2 small-12 large-2\"  >\n\t\t\t\t<div class=\"col-inner text-center\"  >\n\t\t\t\n\t\t\t\n\t<div class=\"img has-hover x md-x lg-x y md-y lg-y\" id=\"image_817185824\">\n\t\t\t\t\t\t\t\t<div class=\"img-inner dark\" >\n\t\t\t<img decoding=\"async\" width=\"65\" height=\"65\" src=\"https:\/\/abix.com.br\/wp-content\/uploads\/2020\/06\/icon-3.png\" class=\"attachment-original size-original\" alt=\"\" \/>\t\t\t\t\t\t\n\t\t\t\t\t<\/div>\n\t\t\t\t\t\t\t\t\n<style>\n#image_817185824 {\n  width: 40%;\n}\n@media (min-width:550px) {\n  #image_817185824 {\n    width: 100%;\n  }\n}\n<\/style>\n\t<\/div>\n\t\n\t\t<\/div>\n\t\t\t\t\t<\/div>\n\n\t\n\n\t<div id=\"col-919493127\" class=\"col medium-10 small-12 large-10\"  >\n\t\t\t\t<div class=\"col-inner\"  >\n\t\t\t\n\t\t\t\n<p>Accesorios como micr\u00f3fonos (RSM) que aumentan la comodidad del usuario<\/p>\n\t\t<\/div>\n\t\t\t\t\t<\/div>\n\n\t\n<\/div>\n<div class=\"row\"  id=\"row-1048851085\">\n\n\t<div id=\"col-1049410123\" class=\"col medium-2 small-12 large-2\"  >\n\t\t\t\t<div class=\"col-inner text-center\"  >\n\t\t\t\n\t\t\t\n\t<div class=\"img has-hover x md-x lg-x y md-y lg-y\" id=\"image_347369099\">\n\t\t\t\t\t\t\t\t<div class=\"img-inner dark\" >\n\t\t\t<img decoding=\"async\" width=\"65\" height=\"65\" src=\"https:\/\/abix.com.br\/wp-content\/uploads\/2020\/06\/icon-1.png\" class=\"attachment-original size-original\" alt=\"\" \/>\t\t\t\t\t\t\n\t\t\t\t\t<\/div>\n\t\t\t\t\t\t\t\t\n<style>\n#image_347369099 {\n  width: 40%;\n}\n@media (min-width:550px) {\n  #image_347369099 {\n    width: 100%;\n  }\n}\n<\/style>\n\t<\/div>\n\t\n\t\t<\/div>\n\t\t\t\t\t<\/div>\n\n\t\n\n\t<div id=\"col-1373721062\" class=\"col medium-10 small-12 large-10\"  >\n\t\t\t\t<div class=\"col-inner\"  >\n\t\t\t\n\t\t\t\n<p>Robustos, permiten a los usuarios seguir trabajando, incluidos algunos modelos con certificaci\u00f3n IP68 para resistir al agua y al polvo<\/p>\n\t\t<\/div>\n\t\t\t\t\t<\/div>\n\n\t\n<\/div>\n\t\t<\/div>\n\t\t\t\t\t<\/div>\n\n\t\n<\/div>\n\t\t<\/div>\n\n\t\t\n<style>\n#section_2104929903 {\n  padding-top: 30px;\n  padding-bottom: 30px;\n  background-color: rgb(230, 230, 230);\n}\n<\/style>\n\t<\/section>\n\t\n\n\t<section class=\"section\" id=\"section_1650321042\">\n\t\t<div class=\"section-bg fill\" >\n\t\t\t<img decoding=\"async\" width=\"1920\" height=\"228\" src=\"https:\/\/abix.com.br\/wp-content\/uploads\/2020\/06\/bg-vantagens-abix-2.jpg\" class=\"bg attachment- size-\" alt=\"\" \/>\t\t\t\t\t\t\n\t\t\t\n\n\t\t<\/div>\n\n\t\t\n\n\t\t<div class=\"section-content relative\">\n\t\t\t\n\t<div id=\"gap-980056168\" class=\"gap-element clearfix\" style=\"display:block; height:auto;\">\n\t\t\n<style>\n#gap-980056168 {\n  padding-top: 30px;\n}\n<\/style>\n\t<\/div>\n\t\n<div class=\"row align-middle\"  id=\"row-266372356\">\n\n\t<div id=\"col-1269484671\" class=\"col medium-8 small-12 large-8\"  >\n\t\t\t\t<div class=\"col-inner\"  >\n\t\t\t\n\t\t\t\n\t<div id=\"text-2945931541\" class=\"text\">\n\t\t\n<h2>CONOCER OTROS SEGMENTOS<br \/>EN EL QUE ABIX TAMBI\u00c9N EST\u00c1 ACTIVO<\/h2>\n\t\t\n<style>\n#text-2945931541 {\n  color: rgb(255, 255, 255);\n}\n#text-2945931541 > * {\n  color: rgb(255, 255, 255);\n}\n<\/style>\n\t<\/div>\n\t\n\t\t<\/div>\n\t\t\t\t\t<\/div>\n\n\t\n\n\t<div id=\"col-1898762664\" class=\"col medium-4 small-12 large-4\"  >\n\t\t\t\t<div class=\"col-inner\"  >\n\t\t\t\n\t\t\t\n<a href=\"https:\/\/abix.com.br\/es\/segmento\/\" class=\"button primary btn-todos\"  >\n\t\t<span>pulse aqu\u00ed<\/span>\n\t<\/a>\n\n\t\t<\/div>\n\t\t\t\t\t<\/div>\n\n\t\n<\/div>\n\t\t<\/div>\n\n\t\t\n<style>\n#section_1650321042 {\n  padding-top: 30px;\n  padding-bottom: 30px;\n}\n<\/style>\n\t<\/section>\n\t\n","protected":false},"excerpt":{"rendered":"","protected":false},"author":1,"featured_media":0,"parent":0,"menu_order":0,"comment_status":"closed","ping_status":"closed","template":"page-blank.php","meta":{"footnotes":""},"class_list":["post-19145","page","type-page","status-publish","hentry"],"yoast_head":"<!-- This site is optimized with the Yoast SEO plugin v27.4 - https:\/\/yoast.com\/product\/yoast-seo-wordpress\/ -->\n<title>- Alquiler de Radiocomunicadores Abix<\/title>\n<meta name=\"description\" content=\"Segmento Agro - Mantener la comunicaci\u00f3n es siempre un factor cr\u00edtico, m\u00e1s a\u00fan durante las temporadas de cosecha o sacrificio. Ver m\u00e1s\" \/>\n<meta name=\"robots\" content=\"index, follow, max-snippet:-1, max-image-preview:large, max-video-preview:-1\" \/>\n<link rel=\"canonical\" href=\"https:\/\/abix.com.br\/segmento-agro-2\/\" \/>\n<meta property=\"og:locale\" content=\"es_ES\" \/>\n<meta property=\"og:type\" content=\"article\" \/>\n<meta property=\"og:title\" content=\"- Alquiler de Radiocomunicadores Abix\" \/>\n<meta property=\"og:description\" content=\"Segmento Agro - Mantener la comunicaci\u00f3n es siempre un factor cr\u00edtico, m\u00e1s a\u00fan durante las temporadas de cosecha o sacrificio. Ver m\u00e1s\" \/>\n<meta property=\"og:url\" content=\"https:\/\/abix.com.br\/segmento-agro-2\/\" \/>\n<meta property=\"og:site_name\" content=\"Abix\" \/>\n<meta property=\"article:modified_time\" content=\"2023-10-19T20:05:16+00:00\" \/>\n<meta name=\"twitter:card\" content=\"summary_large_image\" \/>\n<meta name=\"twitter:label1\" content=\"Tiempo de lectura\" \/>\n\t<meta name=\"twitter:data1\" content=\"2 minutos\" \/>\n<script type=\"application\/ld+json\" class=\"yoast-schema-graph\">{\"@context\":\"https:\\\/\\\/schema.org\",\"@graph\":[{\"@type\":\"WebPage\",\"@id\":\"https:\\\/\\\/abix.com.br\\\/segmento-agro-2\\\/\",\"url\":\"https:\\\/\\\/abix.com.br\\\/segmento-agro-2\\\/\",\"name\":\"- Alquiler de Radiocomunicadores Abix\",\"isPartOf\":{\"@id\":\"https:\\\/\\\/abix.com.br\\\/#website\"},\"datePublished\":\"2020-06-08T13:56:49+00:00\",\"dateModified\":\"2023-10-19T20:05:16+00:00\",\"description\":\"Segmento Agro - Mantener la comunicaci\u00f3n es siempre un factor cr\u00edtico, m\u00e1s a\u00fan durante las temporadas de cosecha o sacrificio. Ver m\u00e1s\",\"breadcrumb\":{\"@id\":\"https:\\\/\\\/abix.com.br\\\/segmento-agro-2\\\/#breadcrumb\"},\"inLanguage\":\"es\",\"potentialAction\":[{\"@type\":\"ReadAction\",\"target\":[\"https:\\\/\\\/abix.com.br\\\/segmento-agro-2\\\/\"]}]},{\"@type\":\"BreadcrumbList\",\"@id\":\"https:\\\/\\\/abix.com.br\\\/segmento-agro-2\\\/#breadcrumb\",\"itemListElement\":[{\"@type\":\"ListItem\",\"position\":1,\"name\":\"In\u00edcio\",\"item\":\"https:\\\/\\\/abix.com.br\\\/es\\\/\"},{\"@type\":\"ListItem\",\"position\":2,\"name\":\"Segmento Agro\"}]},{\"@type\":\"WebSite\",\"@id\":\"https:\\\/\\\/abix.com.br\\\/#website\",\"url\":\"https:\\\/\\\/abix.com.br\\\/\",\"name\":\"Abix\",\"description\":\"\",\"potentialAction\":[{\"@type\":\"SearchAction\",\"target\":{\"@type\":\"EntryPoint\",\"urlTemplate\":\"https:\\\/\\\/abix.com.br\\\/?s={search_term_string}\"},\"query-input\":{\"@type\":\"PropertyValueSpecification\",\"valueRequired\":true,\"valueName\":\"search_term_string\"}}],\"inLanguage\":\"es\"}]}<\/script>\n<!-- \/ Yoast SEO plugin. -->","yoast_head_json":{"title":"- Alquiler de Radiocomunicadores Abix","description":"Segmento Agro - Mantener la comunicaci\u00f3n es siempre un factor cr\u00edtico, m\u00e1s a\u00fan durante las temporadas de cosecha o sacrificio. Ver m\u00e1s","robots":{"index":"index","follow":"follow","max-snippet":"max-snippet:-1","max-image-preview":"max-image-preview:large","max-video-preview":"max-video-preview:-1"},"canonical":"https:\/\/abix.com.br\/segmento-agro-2\/","og_locale":"es_ES","og_type":"article","og_title":"- Alquiler de Radiocomunicadores Abix","og_description":"Segmento Agro - Mantener la comunicaci\u00f3n es siempre un factor cr\u00edtico, m\u00e1s a\u00fan durante las temporadas de cosecha o sacrificio. Ver m\u00e1s","og_url":"https:\/\/abix.com.br\/segmento-agro-2\/","og_site_name":"Abix","article_modified_time":"2023-10-19T20:05:16+00:00","twitter_card":"summary_large_image","twitter_misc":{"Tiempo de lectura":"2 minutos"},"schema":{"@context":"https:\/\/schema.org","@graph":[{"@type":"WebPage","@id":"https:\/\/abix.com.br\/segmento-agro-2\/","url":"https:\/\/abix.com.br\/segmento-agro-2\/","name":"- Alquiler de Radiocomunicadores Abix","isPartOf":{"@id":"https:\/\/abix.com.br\/#website"},"datePublished":"2020-06-08T13:56:49+00:00","dateModified":"2023-10-19T20:05:16+00:00","description":"Segmento Agro - Mantener la comunicaci\u00f3n es siempre un factor cr\u00edtico, m\u00e1s a\u00fan durante las temporadas de cosecha o sacrificio. Ver m\u00e1s","breadcrumb":{"@id":"https:\/\/abix.com.br\/segmento-agro-2\/#breadcrumb"},"inLanguage":"es","potentialAction":[{"@type":"ReadAction","target":["https:\/\/abix.com.br\/segmento-agro-2\/"]}]},{"@type":"BreadcrumbList","@id":"https:\/\/abix.com.br\/segmento-agro-2\/#breadcrumb","itemListElement":[{"@type":"ListItem","position":1,"name":"In\u00edcio","item":"https:\/\/abix.com.br\/es\/"},{"@type":"ListItem","position":2,"name":"Segmento Agro"}]},{"@type":"WebSite","@id":"https:\/\/abix.com.br\/#website","url":"https:\/\/abix.com.br\/","name":"Abix","description":"","potentialAction":[{"@type":"SearchAction","target":{"@type":"EntryPoint","urlTemplate":"https:\/\/abix.com.br\/?s={search_term_string}"},"query-input":{"@type":"PropertyValueSpecification","valueRequired":true,"valueName":"search_term_string"}}],"inLanguage":"es"}]}},"_links":{"self":[{"href":"https:\/\/abix.com.br\/es\/wp-json\/wp\/v2\/pages\/19145","targetHints":{"allow":["GET"]}}],"collection":[{"href":"https:\/\/abix.com.br\/es\/wp-json\/wp\/v2\/pages"}],"about":[{"href":"https:\/\/abix.com.br\/es\/wp-json\/wp\/v2\/types\/page"}],"author":[{"embeddable":true,"href":"https:\/\/abix.com.br\/es\/wp-json\/wp\/v2\/users\/1"}],"replies":[{"embeddable":true,"href":"https:\/\/abix.com.br\/es\/wp-json\/wp\/v2\/comments?post=19145"}],"version-history":[{"count":4,"href":"https:\/\/abix.com.br\/es\/wp-json\/wp\/v2\/pages\/19145\/revisions"}],"predecessor-version":[{"id":19583,"href":"https:\/\/abix.com.br\/es\/wp-json\/wp\/v2\/pages\/19145\/revisions\/19583"}],"wp:attachment":[{"href":"https:\/\/abix.com.br\/es\/wp-json\/wp\/v2\/media?parent=19145"}],"curies":[{"name":"wp","href":"https:\/\/api.w.org\/{rel}","templated":true}]}}