{"id":19149,"date":"2020-04-22T09:40:33","date_gmt":"2020-04-22T12:40:33","guid":{"rendered":"https:\/\/abix.com.br\/segmento-de-mineracao\/"},"modified":"2024-03-25T15:20:32","modified_gmt":"2024-03-25T18:20:32","slug":"segmento-de-mineracao","status":"publish","type":"page","link":"https:\/\/abix.com.br\/es\/segmento-de-mineracao\/","title":{"rendered":"Sector minero"},"content":{"rendered":"\n\t<section class=\"section paginas-internas\" id=\"section_287536094\">\n\t\t<div class=\"section-bg fill\" >\n\t\t\t\t\t\t\t\t\t\n\t\t\t\n\n\t\t<\/div>\n\n\t\t\n\n\t\t<div class=\"section-content relative\">\n\t\t\t\n<div class=\"row\"  id=\"row-799235488\">\n\n\t<div id=\"col-1330854110\" class=\"col small-12 large-12\"  >\n\t\t\t\t<div class=\"col-inner\"  >\n\t\t\t\n\t\t\t\n<h1 style=\"text-align: center;\">SEGMENTO MINERO<\/h1>\n\t\t<\/div>\n\t\t\t\t\t<\/div>\n\n\t\n<\/div>\n\t\t<\/div>\n\n\t\t\n<style>\n#section_287536094 {\n  padding-top: 70px;\n  padding-bottom: 70px;\n}\n<\/style>\n\t<\/section>\n\t\n\n\t<section class=\"section\" id=\"section_566401285\">\n\t\t<div class=\"section-bg fill\" >\n\t\t\t\t\t\t\t\t\t\n\t\t\t\n\n\t\t<\/div>\n\n\t\t\n\n\t\t<div class=\"section-content relative\">\n\t\t\t\n<div class=\"row\"  id=\"row-139188919\">\n\n\t<div id=\"col-320679391\" class=\"col medium-6 small-12 large-6\"  >\n\t\t\t\t<div class=\"col-inner\"  >\n\t\t\t\n\t\t\t\n\t<div class=\"img has-hover x md-x lg-x y md-y lg-y\" id=\"image_1780091025\">\n\t\t\t\t\t\t\t\t<div class=\"img-inner dark\" >\n\t\t\t<img decoding=\"async\" width=\"974\" height=\"674\" src=\"https:\/\/abix.com.br\/wp-content\/uploads\/2020\/04\/secao-01-03.png\" class=\"attachment-large size-large\" alt=\"\" srcset=\"https:\/\/abix.com.br\/wp-content\/uploads\/2020\/04\/secao-01-03.png 974w, https:\/\/abix.com.br\/wp-content\/uploads\/2020\/04\/secao-01-03-600x415.png 600w, https:\/\/abix.com.br\/wp-content\/uploads\/2020\/04\/secao-01-03-300x208.png 300w, https:\/\/abix.com.br\/wp-content\/uploads\/2020\/04\/secao-01-03-768x531.png 768w\" sizes=\"(max-width: 974px) 100vw, 974px\" \/>\t\t\t\t\t\t\n\t\t\t\t\t<\/div>\n\t\t\t\t\t\t\t\t\n<style>\n#image_1780091025 {\n  width: 100%;\n}\n<\/style>\n\t<\/div>\n\t\n\t\t<\/div>\n\t\t\t\t\t<\/div>\n\n\t\n\n\t<div id=\"col-1905114326\" class=\"col medium-6 small-12 large-6\"  >\n\t\t\t\t<div class=\"col-inner\"  >\n\t\t\t\n\t\t\t\n<h2><strong>EL PODER DE<\/strong><br \/>UNA MINA CONECTADA<\/h2>\n<p>El mercado minero brasile\u00f1o y mundial no ha hecho m\u00e1s que crecer. En Brasil, el gobierno planea abrir nuevas zonas mineras y ampliar la industria local. Con todo este movimiento en el mercado, contar con las soluciones de radiocomunicaci\u00f3n adecuadas es fundamental para el \u00e9xito. <a href=\"https:\/\/www.abix.com.br\/es\/\">Abix<\/a> <a href=\"https:\/\/www.abix.com.br\/es\/certificados\/\">est\u00e1 especializada<\/a> en proporcionar soluciones de radiocomunicaciones seguras, resistentes y fiables para toda la cadena de producci\u00f3n minera, apoyando as\u00ed las operaciones diarias tanto en el campo como bajo tierra.<\/p>\n<p>En un entorno famoso por sus peligros, la comunicaci\u00f3n avanzada y fiable de extremo a extremo que ofrece Abix a las operaciones mineras es fundamental para garantizar la seguridad de los trabajadores y la eficacia operativa, as\u00ed como el ahorro de costes y la optimizaci\u00f3n de recursos.<\/p>\n\t\t<\/div>\n\t\t\t\t\t<\/div>\n\n\t\n<\/div>\n\t\t<\/div>\n\n\t\t\n<style>\n#section_566401285 {\n  padding-top: 30px;\n  padding-bottom: 30px;\n}\n<\/style>\n\t<\/section>\n\t\n\n\t<section class=\"section\" id=\"section_1918076722\">\n\t\t<div class=\"section-bg fill\" >\n\t\t\t<img decoding=\"async\" width=\"1920\" height=\"532\" src=\"https:\/\/abix.com.br\/wp-content\/uploads\/2020\/04\/secao-02.png\" class=\"bg attachment-original size-original\" alt=\"\" \/>\t\t\t\t\t\t\n\t\t\t\n\n\t\t<\/div>\n\n\t\t\n\n\t\t<div class=\"section-content relative\">\n\t\t\t\n<div class=\"row\"  id=\"row-1614175132\">\n\n\t<div id=\"col-1764580223\" class=\"col small-12 large-12\"  >\n\t\t\t\t<div class=\"col-inner\"  >\n\t\t\t\n\t\t\t\n\t<div id=\"text-3939922370\" class=\"text\">\n\t\t\n<h2 style=\"text-align: center;\"><strong>COMUNICACIONES<\/strong> SUBTERR\u00c1NEAS CR\u00cdTICAS<\/h2>\n<p style=\"text-align: center;\">Respuesta de seguridad en tiempo real. Las operaciones mineras optimizadas de hoy en d\u00eda necesitan algo m\u00e1s que un sistema de comunicaciones mineras fiable. Abix suministra dispositivos, sistemas, aplicaciones, accesorios y servicios que funcionan perfectamente juntos para proporcionar una soluci\u00f3n de comunicaciones mineras de extremo a extremo de eficacia probada.<\/p>\n\t\t\n<style>\n#text-3939922370 {\n  text-align: center;\n  color: rgb(255,255,255);\n}\n#text-3939922370 > * {\n  color: rgb(255,255,255);\n}\n<\/style>\n\t<\/div>\n\t\n\t\t<\/div>\n\t\t\t\t\n<style>\n#col-1764580223 > .col-inner {\n  margin: -70px 0px 0px 0px;\n}\n<\/style>\n\t<\/div>\n\n\t\n<\/div>\n\t\t<\/div>\n\n\t\t\n<style>\n#section_1918076722 {\n  padding-top: 0px;\n  padding-bottom: 0px;\n  min-height: 600px;\n}\n@media (min-width:550px) {\n  #section_1918076722 {\n    padding-top: 30px;\n    padding-bottom: 30px;\n    min-height: 400px;\n  }\n}\n<\/style>\n\t<\/section>\n\t\n<div class=\"row align-middle fundo-quadros\"  id=\"row-1569107128\">\n\n\t<div id=\"col-1757292900\" class=\"col medium-6 small-12 large-6\"  >\n\t\t\t\t<div class=\"col-inner\"  >\n\t\t\t\n\t\t\t\n<p><strong>NO SUBESTIME LOS RETOS DE LAS COMUNICACIONES DE MISI\u00d3N CR\u00cdTICA QUE PUEDEN PONER EN PELIGRO LA SEGURIDAD Y FIABILIDAD DE LAS OPERACIONES DE SU MINA.<\/strong><\/p>\n<p>Cuente con los m\u00e1s de 20 a\u00f1os de experiencia de Abix para dise\u00f1ar e implantar su proyecto de Radiocomunicaciones para Minas con equipos de alto nivel y Radios Intr\u00ednsecas que cumplen los m\u00e1s estrictos requisitos de seguridad y fiabilidad, certificados por ANATEL y CEPEL. Abix suministra l\u00edneas espec\u00edficas de equipos para ecosistemas mineros capaces de soportar temperaturas extremas, ruido, polvo, lluvia, exposici\u00f3n a sustancias t\u00f3xicas y funcionamiento en entornos potencialmente explosivos.<\/p>\n\t\t<\/div>\n\t\t\t\t\n<style>\n#col-1757292900 > .col-inner {\n  padding: 35px 35px 0px 35px;\n  margin: 0px 0px -25px 0px;\n  border-radius: 7px;\n}\n<\/style>\n\t<\/div>\n\n\t\n\n\t<div id=\"col-694088904\" class=\"col medium-6 small-12 large-6\"  >\n\t\t\t\t<div class=\"col-inner text-right\"  >\n\t\t\t\n\t\t\t\n\t<div class=\"img has-hover x md-x lg-x y md-y lg-y\" id=\"image_1790309562\">\n\t\t\t\t\t\t\t\t<div class=\"img-inner dark\" style=\"margin:0px 0px 0px 35px;\">\n\t\t\t<img decoding=\"async\" width=\"586\" height=\"480\" src=\"https:\/\/abix.com.br\/wp-content\/uploads\/2020\/04\/mineracao-foto.png\" class=\"attachment-original size-original\" alt=\"\" srcset=\"https:\/\/abix.com.br\/wp-content\/uploads\/2020\/04\/mineracao-foto.png 586w, https:\/\/abix.com.br\/wp-content\/uploads\/2020\/04\/mineracao-foto-300x246.png 300w\" sizes=\"(max-width: 586px) 100vw, 586px\" \/>\t\t\t\t\t\t\n\t\t\t\t\t<\/div>\n\t\t\t\t\t\t\t\t\n<style>\n#image_1790309562 {\n  width: 100%;\n}\n<\/style>\n\t<\/div>\n\t\n\t\t<\/div>\n\t\t\t\t\n<style>\n#col-694088904 > .col-inner {\n  margin: 0px 0px -25px 15px;\n}\n<\/style>\n\t<\/div>\n\n\t\n\n<style>\n#row-1569107128 > .col > .col-inner {\n  border-radius: 14px;\n}\n<\/style>\n<\/div>\n<div class=\"row align-middle\"  id=\"row-888232342\">\n\n\t<div id=\"col-1155548562\" class=\"col medium-6 small-12 large-6\"  >\n\t\t\t\t<div class=\"col-inner\"  >\n\t\t\t\n\t\t\t\n\t<div class=\"img has-hover x md-x lg-x y md-y lg-y\" id=\"image_1701960518\">\n\t\t\t\t\t\t\t\t<div class=\"img-inner dark\" >\n\t\t\t<img decoding=\"async\" width=\"585\" height=\"311\" src=\"https:\/\/abix.com.br\/wp-content\/uploads\/2020\/04\/secao-03.png\" class=\"attachment-original size-original\" alt=\"\" srcset=\"https:\/\/abix.com.br\/wp-content\/uploads\/2020\/04\/secao-03.png 585w, https:\/\/abix.com.br\/wp-content\/uploads\/2020\/04\/secao-03-300x159.png 300w\" sizes=\"(max-width: 585px) 100vw, 585px\" \/>\t\t\t\t\t\t\n\t\t\t\t\t<\/div>\n\t\t\t\t\t\t\t\t\n<style>\n#image_1701960518 {\n  width: 100%;\n}\n<\/style>\n\t<\/div>\n\t\n\t\t<\/div>\n\t\t\t\t\t<\/div>\n\n\t\n\n\t<div id=\"col-1503968705\" class=\"col medium-6 small-12 large-6\"  >\n\t\t\t\t<div class=\"col-inner\"  >\n\t\t\t\n\t\t\t\n<p>Algunas de las caracter\u00edsticas esenciales de las radios que ofrece Abix para entornos mineros son: resistencia y durabilidad, alta calidad de audio incluso en los entornos m\u00e1s ruidosos, bot\u00f3n de emergencia, alerta de hombre ca\u00eddo integrada con GPS, as\u00ed como botones e iconos claramente visibles que permiten su uso incluso con guantes de protecci\u00f3n.<\/p>\n<p><strong>DETR\u00c1S DE CADA RADIO EST\u00c1 LA FUERZA DE UNA INFRAESTRUCTURA DE SISTEMAS DISE\u00d1ADA PARA RESPALDAR LAS OPERACIONES DIARIAS DE SU MINA Y LAS SITUACIONES CR\u00cdTICAS, EN LAS QUE LA COMUNICACI\u00d3N ES ESENCIAL PARA EL RENDIMIENTO EMPRESARIAL.<\/strong><\/p>\n\t\t<\/div>\n\t\t\t\t\t<\/div>\n\n\t\n<\/div>\n\n\t<section class=\"section\" id=\"section_1614881011\">\n\t\t<div class=\"section-bg fill\" >\n\t\t\t\t\t\t\t\t\t\n\t\t\t\n\n\t\t<\/div>\n\n\t\t\n\n\t\t<div class=\"section-content relative\">\n\t\t\t\n<div class=\"row align-middle\"  id=\"row-815284406\">\n\n\t<div id=\"col-572743135\" class=\"col medium-6 small-12 large-6\"  >\n\t\t\t\t<div class=\"col-inner\"  >\n\t\t\t\n\t\t\t\n<p>Cuando se trabaje en zonas con riesgo de explosi\u00f3n o incendio, la tableta debe contar con la certificaci\u00f3n ATEX y la homologaci\u00f3n INMETRO. Las tabletas son dispositivos ultrarresistentes que pueden soportar cualquier condici\u00f3n adversa: apoyarla en el hombro, utilizarla en interiores o exteriores, exponerla al polvo, las ca\u00eddas, la lluvia y las temperaturas extremadamente altas y bajas.  <\/p>\n<p>Abix siempre va un paso por delante. Las tabletas Atex de Abix son dispositivos inteligentes e innovadores con la tecnolog\u00eda m\u00e1s avanzada del mercado.  <\/p>\n\t\t<\/div>\n\t\t\t\t\t<\/div>\n\n\t\n\n\t<div id=\"col-1905880457\" class=\"col medium-6 small-12 large-6\"  >\n\t\t\t\t<div class=\"col-inner\"  >\n\t\t\t\n\t\t\t\n\t<div class=\"img has-hover x md-x lg-x y md-y lg-y\" id=\"image_557456545\">\n\t\t\t\t\t\t\t\t<div class=\"img-inner dark\" >\n\t\t\t<img decoding=\"async\" width=\"570\" height=\"123\" src=\"https:\/\/abix.com.br\/wp-content\/uploads\/2020\/04\/secao-04-02.png\" class=\"attachment-original size-original\" alt=\"\" srcset=\"https:\/\/abix.com.br\/wp-content\/uploads\/2020\/04\/secao-04-02.png 570w, https:\/\/abix.com.br\/wp-content\/uploads\/2020\/04\/secao-04-02-300x65.png 300w\" sizes=\"(max-width: 570px) 100vw, 570px\" \/>\t\t\t\t\t\t\n\t\t\t\t\t<\/div>\n\t\t\t\t\t\t\t\t\n<style>\n#image_557456545 {\n  width: 100%;\n}\n<\/style>\n\t<\/div>\n\t\n\t\t<\/div>\n\t\t\t\t\t<\/div>\n\n\t\n<\/div>\n\t\t<\/div>\n\n\t\t\n<style>\n#section_1614881011 {\n  padding-top: 30px;\n  padding-bottom: 30px;\n}\n<\/style>\n\t<\/section>\n\t\n","protected":false},"excerpt":{"rendered":"","protected":false},"author":1,"featured_media":0,"parent":0,"menu_order":0,"comment_status":"closed","ping_status":"closed","template":"page-blank.php","meta":{"footnotes":""},"class_list":["post-19149","page","type-page","status-publish","hentry"],"yoast_head":"<!-- This site is optimized with the Yoast SEO plugin v27.3 - https:\/\/yoast.com\/product\/yoast-seo-wordpress\/ -->\n<title>Sector minero - Abix<\/title>\n<meta name=\"description\" content=\"Segmento Miner\u00eda - Abix es especialista en el suministro de soluciones de radiocomunicaci\u00f3n seguras, \u00a1descubra nuestra soluci\u00f3n para la miner\u00eda!\" \/>\n<meta name=\"robots\" content=\"index, follow, max-snippet:-1, max-image-preview:large, max-video-preview:-1\" \/>\n<link rel=\"canonical\" href=\"https:\/\/abix.com.br\/es\/segmento-de-mineracao\/\" \/>\n<meta property=\"og:locale\" content=\"es_ES\" \/>\n<meta property=\"og:type\" content=\"article\" \/>\n<meta property=\"og:title\" content=\"Sector minero - Abix\" \/>\n<meta property=\"og:description\" content=\"Segmento Miner\u00eda - Abix es especialista en el suministro de soluciones de radiocomunicaci\u00f3n seguras, \u00a1descubra nuestra soluci\u00f3n para la miner\u00eda!\" \/>\n<meta property=\"og:url\" content=\"https:\/\/abix.com.br\/es\/segmento-de-mineracao\/\" \/>\n<meta property=\"og:site_name\" content=\"Abix\" \/>\n<meta property=\"article:modified_time\" content=\"2024-03-25T18:20:32+00:00\" \/>\n<meta name=\"twitter:card\" content=\"summary_large_image\" \/>\n<meta name=\"twitter:label1\" content=\"Tiempo de lectura\" \/>\n\t<meta name=\"twitter:data1\" content=\"3 minutos\" \/>\n<script type=\"application\/ld+json\" class=\"yoast-schema-graph\">{\"@context\":\"https:\\\/\\\/schema.org\",\"@graph\":[{\"@type\":\"WebPage\",\"@id\":\"https:\\\/\\\/abix.com.br\\\/es\\\/segmento-de-mineracao\\\/\",\"url\":\"https:\\\/\\\/abix.com.br\\\/es\\\/segmento-de-mineracao\\\/\",\"name\":\"Sector minero - Abix\",\"isPartOf\":{\"@id\":\"https:\\\/\\\/abix.com.br\\\/#website\"},\"datePublished\":\"2020-04-22T12:40:33+00:00\",\"dateModified\":\"2024-03-25T18:20:32+00:00\",\"description\":\"Segmento Miner\u00eda - Abix es especialista en el suministro de soluciones de radiocomunicaci\u00f3n seguras, \u00a1descubra nuestra soluci\u00f3n para la miner\u00eda!\",\"breadcrumb\":{\"@id\":\"https:\\\/\\\/abix.com.br\\\/es\\\/segmento-de-mineracao\\\/#breadcrumb\"},\"inLanguage\":\"es\",\"potentialAction\":[{\"@type\":\"ReadAction\",\"target\":[\"https:\\\/\\\/abix.com.br\\\/es\\\/segmento-de-mineracao\\\/\"]}]},{\"@type\":\"BreadcrumbList\",\"@id\":\"https:\\\/\\\/abix.com.br\\\/es\\\/segmento-de-mineracao\\\/#breadcrumb\",\"itemListElement\":[{\"@type\":\"ListItem\",\"position\":1,\"name\":\"In\u00edcio\",\"item\":\"https:\\\/\\\/abix.com.br\\\/es\\\/\"},{\"@type\":\"ListItem\",\"position\":2,\"name\":\"Sector minero\"}]},{\"@type\":\"WebSite\",\"@id\":\"https:\\\/\\\/abix.com.br\\\/#website\",\"url\":\"https:\\\/\\\/abix.com.br\\\/\",\"name\":\"Abix\",\"description\":\"\",\"potentialAction\":[{\"@type\":\"SearchAction\",\"target\":{\"@type\":\"EntryPoint\",\"urlTemplate\":\"https:\\\/\\\/abix.com.br\\\/?s={search_term_string}\"},\"query-input\":{\"@type\":\"PropertyValueSpecification\",\"valueRequired\":true,\"valueName\":\"search_term_string\"}}],\"inLanguage\":\"es\"}]}<\/script>\n<!-- \/ Yoast SEO plugin. -->","yoast_head_json":{"title":"Sector minero - Abix","description":"Segmento Miner\u00eda - Abix es especialista en el suministro de soluciones de radiocomunicaci\u00f3n seguras, \u00a1descubra nuestra soluci\u00f3n para la miner\u00eda!","robots":{"index":"index","follow":"follow","max-snippet":"max-snippet:-1","max-image-preview":"max-image-preview:large","max-video-preview":"max-video-preview:-1"},"canonical":"https:\/\/abix.com.br\/es\/segmento-de-mineracao\/","og_locale":"es_ES","og_type":"article","og_title":"Sector minero - Abix","og_description":"Segmento Miner\u00eda - Abix es especialista en el suministro de soluciones de radiocomunicaci\u00f3n seguras, \u00a1descubra nuestra soluci\u00f3n para la miner\u00eda!","og_url":"https:\/\/abix.com.br\/es\/segmento-de-mineracao\/","og_site_name":"Abix","article_modified_time":"2024-03-25T18:20:32+00:00","twitter_card":"summary_large_image","twitter_misc":{"Tiempo de lectura":"3 minutos"},"schema":{"@context":"https:\/\/schema.org","@graph":[{"@type":"WebPage","@id":"https:\/\/abix.com.br\/es\/segmento-de-mineracao\/","url":"https:\/\/abix.com.br\/es\/segmento-de-mineracao\/","name":"Sector minero - Abix","isPartOf":{"@id":"https:\/\/abix.com.br\/#website"},"datePublished":"2020-04-22T12:40:33+00:00","dateModified":"2024-03-25T18:20:32+00:00","description":"Segmento Miner\u00eda - Abix es especialista en el suministro de soluciones de radiocomunicaci\u00f3n seguras, \u00a1descubra nuestra soluci\u00f3n para la miner\u00eda!","breadcrumb":{"@id":"https:\/\/abix.com.br\/es\/segmento-de-mineracao\/#breadcrumb"},"inLanguage":"es","potentialAction":[{"@type":"ReadAction","target":["https:\/\/abix.com.br\/es\/segmento-de-mineracao\/"]}]},{"@type":"BreadcrumbList","@id":"https:\/\/abix.com.br\/es\/segmento-de-mineracao\/#breadcrumb","itemListElement":[{"@type":"ListItem","position":1,"name":"In\u00edcio","item":"https:\/\/abix.com.br\/es\/"},{"@type":"ListItem","position":2,"name":"Sector minero"}]},{"@type":"WebSite","@id":"https:\/\/abix.com.br\/#website","url":"https:\/\/abix.com.br\/","name":"Abix","description":"","potentialAction":[{"@type":"SearchAction","target":{"@type":"EntryPoint","urlTemplate":"https:\/\/abix.com.br\/?s={search_term_string}"},"query-input":{"@type":"PropertyValueSpecification","valueRequired":true,"valueName":"search_term_string"}}],"inLanguage":"es"}]}},"_links":{"self":[{"href":"https:\/\/abix.com.br\/es\/wp-json\/wp\/v2\/pages\/19149","targetHints":{"allow":["GET"]}}],"collection":[{"href":"https:\/\/abix.com.br\/es\/wp-json\/wp\/v2\/pages"}],"about":[{"href":"https:\/\/abix.com.br\/es\/wp-json\/wp\/v2\/types\/page"}],"author":[{"embeddable":true,"href":"https:\/\/abix.com.br\/es\/wp-json\/wp\/v2\/users\/1"}],"replies":[{"embeddable":true,"href":"https:\/\/abix.com.br\/es\/wp-json\/wp\/v2\/comments?post=19149"}],"version-history":[{"count":5,"href":"https:\/\/abix.com.br\/es\/wp-json\/wp\/v2\/pages\/19149\/revisions"}],"predecessor-version":[{"id":20161,"href":"https:\/\/abix.com.br\/es\/wp-json\/wp\/v2\/pages\/19149\/revisions\/20161"}],"wp:attachment":[{"href":"https:\/\/abix.com.br\/es\/wp-json\/wp\/v2\/media?parent=19149"}],"curies":[{"name":"wp","href":"https:\/\/api.w.org\/{rel}","templated":true}]}}