{"id":19154,"date":"2020-04-23T15:37:25","date_gmt":"2020-04-23T18:37:25","guid":{"rendered":"https:\/\/abix.com.br\/segmento-industrial\/"},"modified":"2024-03-25T15:23:33","modified_gmt":"2024-03-25T18:23:33","slug":"segmento-industrial","status":"publish","type":"page","link":"https:\/\/abix.com.br\/es\/segmento-industrial\/","title":{"rendered":"Segmento industrial"},"content":{"rendered":"\n\t<section class=\"section paginas-internas\" id=\"section_1256147518\">\n\t\t<div class=\"section-bg fill\" >\n\t\t\t\t\t\t\t\t\t\n\t\t\t\n\n\t\t<\/div>\n\n\t\t\n\n\t\t<div class=\"section-content relative\">\n\t\t\t\n<div class=\"row\"  id=\"row-1107283452\">\n\n\t<div id=\"col-1920190727\" class=\"col small-12 large-12\"  >\n\t\t\t\t<div class=\"col-inner\"  >\n\t\t\t\n\t\t\t\n<h1 style=\"text-align: center;\">SEGMENTO INDUSTRIAL<\/h1>\n\t\t<\/div>\n\t\t\t\t\t<\/div>\n\n\t\n<\/div>\n\t\t<\/div>\n\n\t\t\n<style>\n#section_1256147518 {\n  padding-top: 70px;\n  padding-bottom: 70px;\n}\n<\/style>\n\t<\/section>\n\t\n\n\t<section class=\"section\" id=\"section_29288391\">\n\t\t<div class=\"section-bg fill\" >\n\t\t\t\t\t\t\t\t\t\n\t\t\t\n\n\t\t<\/div>\n\n\t\t\n\n\t\t<div class=\"section-content relative\">\n\t\t\t\n<div class=\"row\"  id=\"row-34761397\">\n\n\t<div id=\"col-477032447\" class=\"col medium-6 small-12 large-6\"  >\n\t\t\t\t<div class=\"col-inner\"  >\n\t\t\t\n\t\t\t\n<h2 style=\"text-align: right;\"><strong>INFORMACI\u00d3N SIN RUIDO<\/strong><br \/>\nIDEAL PARA INDUSTRIAS<\/h2>\n<p style=\"text-align: right;\">La seguridad, la eficacia y el tiempo de actividad dependen de una toma de decisiones r\u00e1pida y precisa. Abix ofrece servicios de comunicaciones unificadas industriales que permiten a los equipos estar en contacto con las personas adecuadas en el momento oportuno.<\/p>\n<p style=\"text-align: right;\">Las estructuras industriales necesitan agilidad en la comunicaci\u00f3n diaria y en situaciones de emergencia. Los trabajadores necesitan o\u00edr y ser o\u00eddos con claridad, incluso con todos los sonidos y ruidos presentes en una planta industrial. Las soluciones de comunicaci\u00f3n por radio de Abix aumentan la seguridad y la productividad en la planta, de modo que las personas adecuadas reciben la informaci\u00f3n correcta en el momento adecuado, manteniendo as\u00ed un alto rendimiento y reduciendo el tiempo de inactividad en su operaci\u00f3n.<\/p>\n\t\t<\/div>\n\t\t\t\t\t<\/div>\n\n\t\n\n\t<div id=\"col-1604184718\" class=\"col medium-6 small-12 large-6\"  >\n\t\t\t\t<div class=\"col-inner\"  >\n\t\t\t\n\t\t\t\n\t<div class=\"img has-hover x md-x lg-x y md-y lg-y\" id=\"image_1662419409\">\n\t\t\t\t\t\t\t\t<div class=\"img-inner dark\" >\n\t\t\t<img decoding=\"async\" width=\"661\" height=\"464\" src=\"https:\/\/abix.com.br\/wp-content\/uploads\/2020\/04\/industrial-img-1-2.png\" class=\"attachment-original size-original\" alt=\"\" srcset=\"https:\/\/abix.com.br\/wp-content\/uploads\/2020\/04\/industrial-img-1-2.png 661w, https:\/\/abix.com.br\/wp-content\/uploads\/2020\/04\/industrial-img-1-2-600x421.png 600w, https:\/\/abix.com.br\/wp-content\/uploads\/2020\/04\/industrial-img-1-2-300x211.png 300w\" sizes=\"(max-width: 661px) 100vw, 661px\" \/>\t\t\t\t\t\t\n\t\t\t\t\t<\/div>\n\t\t\t\t\t\t\t\t\n<style>\n#image_1662419409 {\n  width: 100%;\n}\n<\/style>\n\t<\/div>\n\t\n\t\t<\/div>\n\t\t\t\t\t<\/div>\n\n\t\n<\/div>\n\t\t<\/div>\n\n\t\t\n<style>\n#section_29288391 {\n  padding-top: 30px;\n  padding-bottom: 30px;\n}\n<\/style>\n\t<\/section>\n\t\n\n\t<section class=\"section\" id=\"section_856191042\">\n\t\t<div class=\"section-bg fill\" >\n\t\t\t<img decoding=\"async\" width=\"1920\" height=\"146\" src=\"https:\/\/abix.com.br\/wp-content\/uploads\/2023\/04\/fundo-contato.jpg\" class=\"bg attachment- size-\" alt=\"\" \/>\t\t\t\t\t\t\n\t\t\t\n\n\t\t<\/div>\n\n\t\t\n\n\t\t<div class=\"section-content relative\">\n\t\t\t\n\t<div id=\"gap-390056522\" class=\"gap-element clearfix\" style=\"display:block; height:auto;\">\n\t\t\n<style>\n#gap-390056522 {\n  padding-top: 30px;\n}\n<\/style>\n\t<\/div>\n\t\n\t<div id=\"text-2120035791\" class=\"text\">\n\t\t\n<h2 style=\"text-align: center;\"><strong>COMUNICACIONES<\/strong> SUBTERR\u00c1NEAS CR\u00cdTICAS<\/h2>\n\t\t\n<style>\n#text-2120035791 {\n  color: rgb(255,255,255);\n}\n#text-2120035791 > * {\n  color: rgb(255,255,255);\n}\n<\/style>\n\t<\/div>\n\t\n<div class=\"row\"  id=\"row-1953965459\">\n\n\t<div id=\"col-1973946536\" class=\"col small-12 large-12\"  >\n\t\t\t\t<div class=\"col-inner\"  >\n\t\t\t\n\t\t\t\n\t<div id=\"text-968783650\" class=\"text\">\n\t\t\n<h4 style=\"text-align: center;\"><strong>INCLUSO CUANDO NO ES POSIBLE HABLAR, LAS RADIOS DIGITALES PUEDEN OFRECER SOLUCIONES DE MENSAJER\u00cdA DE TEXTO A TRAV\u00c9S DE LA RED DE RADIO, GARANTIZANDO UNA COMUNICACI\u00d3N EFICAZ EN CUALQUIER SITUACI\u00d3N.<\/strong><\/h4>\n\t\t\n<style>\n#text-968783650 {\n  color: rgb(255,255,255);\n}\n#text-968783650 > * {\n  color: rgb(255,255,255);\n}\n<\/style>\n\t<\/div>\n\t\n\t\t<\/div>\n\t\t\t\t\t<\/div>\n\n\t\n<\/div>\n<div class=\"row\"  id=\"row-904471366\">\n\n\t<div id=\"col-21926102\" class=\"col medium-6 small-12 large-6\"  >\n\t\t\t\t<div class=\"col-inner\"  >\n\t\t\t\n\t\t\t\n\t<div id=\"text-1626501619\" class=\"text\">\n\t\t\n<p>La fabricaci\u00f3n es un entorno inh\u00f3spito, por lo que la seguridad es una prioridad absoluta. Con las soluciones profesionales de radiocomunicaci\u00f3n de Abix, puede aumentar la seguridad de los trabajadores de su f\u00e1brica manteni\u00e9ndolos conectados en todo momento. Gracias a las comunicaciones de grupo por radio, podr\u00e1 mantener el buen funcionamiento de sus operaciones cotidianas y responder con rapidez a las situaciones de emergencia.<\/p>\n\t\t\n<style>\n#text-1626501619 {\n  color: rgb(255, 255, 255);\n}\n#text-1626501619 > * {\n  color: rgb(255, 255, 255);\n}\n<\/style>\n\t<\/div>\n\t\n\t\t<\/div>\n\t\t\t\t\t<\/div>\n\n\t\n\n\t<div id=\"col-1763712539\" class=\"col medium-6 small-12 large-6\"  >\n\t\t\t\t<div class=\"col-inner\"  >\n\t\t\t\n\t\t\t\n\t<div id=\"text-1558395459\" class=\"text\">\n\t\t\n<p>Con radios vers\u00e1tiles y potentes, Abix ofrece a los trabajadores de su industria el dispositivo adecuado espec\u00edfico para sus necesidades y entorno, conect\u00e1ndoles de forma clara y segura incluso en los entornos m\u00e1s ruidosos, donde el volumen puede ajustarse autom\u00e1ticamente para adaptarse a los niveles de ruido.<\/p>\n\t\t\n<style>\n#text-1558395459 {\n  color: rgb(255,255,255);\n}\n#text-1558395459 > * {\n  color: rgb(255,255,255);\n}\n<\/style>\n\t<\/div>\n\t\n\t\t<\/div>\n\t\t\t\t\t<\/div>\n\n\t\n<\/div>\n<div class=\"row\"  id=\"row-768900257\">\n\n\t<div id=\"col-31387528\" class=\"col small-12 large-12\"  >\n\t\t\t\t<div class=\"col-inner\"  >\n\t\t\t\n\t\t\t\n\t<div id=\"text-785179902\" class=\"text\">\n\t\t\n<p><strong>INCLUSO CUANDO NO ES POSIBLE HABLAR, LAS RADIOS DIGITALES PUEDEN OFRECER SOLUCIONES DE MENSAJER\u00cdA DE TEXTO A TRAV\u00c9S DE LA RED DE RADIO, GARANTIZANDO UNA COMUNICACI\u00d3N EFICAZ EN CUALQUIER SITUACI\u00d3N.<\/strong><\/p>\n\t\t\n<style>\n#text-785179902 {\n  color: rgb(255,255,255);\n}\n#text-785179902 > * {\n  color: rgb(255,255,255);\n}\n<\/style>\n\t<\/div>\n\t\n\t\t<\/div>\n\t\t\t\t\t<\/div>\n\n\t\n<\/div>\n\t\t<\/div>\n\n\t\t\n<style>\n#section_856191042 {\n  padding-top: 30px;\n  padding-bottom: 30px;\n  background-color: rgb(255, 255, 255);\n}\n<\/style>\n\t<\/section>\n\t\n\n\t<section class=\"section\" id=\"section_739355333\">\n\t\t<div class=\"section-bg fill\" >\n\t\t\t\t\t\t\t\t\t\n\t\t\t\n\n\t\t<\/div>\n\n\t\t\n\n\t\t<div class=\"section-content relative\">\n\t\t\t\n\t<div id=\"gap-1086041412\" class=\"gap-element clearfix\" style=\"display:block; height:auto;\">\n\t\t\n<style>\n#gap-1086041412 {\n  padding-top: 30px;\n}\n<\/style>\n\t<\/div>\n\t\n<div class=\"row\"  id=\"row-609004909\">\n\n\t<div id=\"col-1113354955\" class=\"col medium-6 small-12 large-6\"  >\n\t\t\t\t<div class=\"col-inner\"  >\n\t\t\t\n\t\t\t\n<p><strong>ABIX TAMBI\u00c9N OFRECE UNA GAMA COMPLETA DE RADIOS:<\/strong><\/p>\n\t<div class=\"img has-hover x md-x lg-x y md-y lg-y\" id=\"image_673743436\">\n\t\t\t\t\t\t\t\t<div class=\"img-inner dark\" >\n\t\t\t<img decoding=\"async\" width=\"584\" height=\"161\" src=\"https:\/\/abix.com.br\/wp-content\/uploads\/2020\/04\/industrial-valores.png\" class=\"attachment-original size-original\" alt=\"\" srcset=\"https:\/\/abix.com.br\/wp-content\/uploads\/2020\/04\/industrial-valores.png 584w, https:\/\/abix.com.br\/wp-content\/uploads\/2020\/04\/industrial-valores-300x83.png 300w\" sizes=\"(max-width: 584px) 100vw, 584px\" \/>\t\t\t\t\t\t\n\t\t\t\t\t<\/div>\n\t\t\t\t\t\t\t\t\n<style>\n#image_673743436 {\n  width: 100%;\n}\n<\/style>\n\t<\/div>\n\t\n<p><strong>AS\u00cd COMO UNA GAMA DE ACCESORIOS Y APLICACIONES QUE INTEGRAN FUNCIONES DE VOZ Y DATOS Y EST\u00c1N LISTOS PARA TRANSFORMAR LAS OPERACIONES DE SU F\u00c1BRICA.<\/strong><\/p>\n\t\t<\/div>\n\t\t\t\t\n<style>\n#col-1113354955 > .col-inner {\n  margin: 0px 0px 0px 0px;\n}\n<\/style>\n\t<\/div>\n\n\t\n\n\t<div id=\"col-663831656\" class=\"col medium-6 small-12 large-6\"  >\n\t\t\t\t<div class=\"col-inner\" style=\"background-color:rgb(239, 243, 247);\" >\n\t\t\t\n\t\t\t\n<h2 style=\"color:#4666AC\"><strong>COMUNICACIONES INTEGRADAS<\/strong><\/h2>\n<p>Disponga de comunicaciones en todas sus operaciones con las soluciones de radiocomunicaci\u00f3n de <a href=\"https:\/\/www.abix.com.br\/es\/\">Abix<\/a> y aumente la seguridad y la eficacia de toda su cadena de producci\u00f3n. El uso de radios y sus accesorios se ha convertido en una herramienta de trabajo indispensable en la operaci\u00f3n, eliminando as\u00ed los fallos operativos. Resuelva problemas r\u00e1pidamente mediante una comunicaci\u00f3n exclusiva para su empresa, con disponibilidad 24\u00d77. Las <a href=\"https:\/\/www.abix.com.br\/es\/vantagens-de-se-alugar-com-abix\/\">radios<\/a> ofrecidas por Abix ya cumplen plenamente la nueva legislaci\u00f3n sobre eficiencia del espectro de frecuencias impuesta por ANATEL.<\/p>\n\t\t<\/div>\n\t\t\t\t\n<style>\n#col-663831656 > .col-inner {\n  padding: 20px 20px 20px 20px;\n  margin: 0px 0px 0px 0px;\n}\n<\/style>\n\t<\/div>\n\n\t\n<\/div>\n\t\t<\/div>\n\n\t\t\n<style>\n#section_739355333 {\n  padding-top: 50px;\n  padding-bottom: 50px;\n}\n<\/style>\n\t<\/section>\n\t\n\n\t<section class=\"section\" id=\"section_802891431\">\n\t\t<div class=\"section-bg fill\" >\n\t\t\t\t\t\t\t\t\t\n\t\t\t\n\n\t\t<\/div>\n\n\t\t\n\n\t\t<div class=\"section-content relative\">\n\t\t\t\n<div class=\"row\"  id=\"row-1772398658\">\n\n\t<div id=\"col-837731015\" class=\"col medium-6 small-12 large-6\"  >\n\t\t\t\t<div class=\"col-inner\"  >\n\t\t\t\n\t\t\t\n<h2><strong>ABIX ATIENDE A LOS M\u00c1S<\/strong><br \/>\nESTRICTAS NORMAS DE CALIDAD<\/h2>\n<p>Abix le ayuda a conectar personas y ubicaciones para optimizar las operaciones, mantener informados a los empleados, controlar los costes y mantener en marcha los proyectos y la cadena de producci\u00f3n. Tanto si produce alimentos como veh\u00edculos, transforma materiales en productos qu\u00edmicos o construye un rascacielos, tenemos soluciones de comunicaci\u00f3n personalizadas para cada parte de su empresa.<\/p>\n<p>En un sector exigente en el que la competencia cada vez mayor y las demandas de niveles de eficiencia y productividad se alinean con presupuestos cada vez m\u00e1s justos, las soluciones de Radio Rental son el complemento perfecto.<\/p>\n<a href=\"https:\/\/abix.com.br\/es\/categoria-produto\/tablet_ex\/\" class=\"button primary btn-homr\"  >\n\t\t<span>DESCUBRA LA GAMA EX TABLET<\/span>\n\t<\/a>\n\n\t\t<\/div>\n\t\t\t\t\t<\/div>\n\n\t\n\n\t<div id=\"col-1359032041\" class=\"col medium-6 small-12 large-6\"  >\n\t\t\t\t<div class=\"col-inner\"  >\n\t\t\t\n\t\t\t\n\t<div class=\"img has-hover x md-x lg-x y md-y lg-y\" id=\"image_1579066679\">\n\t\t\t\t\t\t\t\t<div class=\"img-inner dark\" >\n\t\t\t<img decoding=\"async\" width=\"546\" height=\"439\" src=\"https:\/\/abix.com.br\/wp-content\/uploads\/2020\/04\/industrial-img-2.png\" class=\"attachment-original size-original\" alt=\"\" srcset=\"https:\/\/abix.com.br\/wp-content\/uploads\/2020\/04\/industrial-img-2.png 546w, https:\/\/abix.com.br\/wp-content\/uploads\/2020\/04\/industrial-img-2-300x241.png 300w\" sizes=\"(max-width: 546px) 100vw, 546px\" \/>\t\t\t\t\t\t\n\t\t\t\t\t<\/div>\n\t\t\t\t\t\t\t\t\n<style>\n#image_1579066679 {\n  width: 100%;\n}\n<\/style>\n\t<\/div>\n\t\n\t\t<\/div>\n\t\t\t\t\t<\/div>\n\n\t\n<\/div>\n\t\t<\/div>\n\n\t\t\n<style>\n#section_802891431 {\n  padding-top: 30px;\n  padding-bottom: 30px;\n}\n<\/style>\n\t<\/section>\n\t\n\n\t<section class=\"section\" id=\"section_347978880\">\n\t\t<div class=\"section-bg fill\" >\n\t\t\t<img decoding=\"async\" width=\"1920\" height=\"146\" src=\"https:\/\/abix.com.br\/wp-content\/uploads\/2023\/04\/fundo-contato.jpg\" class=\"bg attachment-original size-original\" alt=\"\" \/>\t\t\t\t\t\t\n\t\t\t\n\n\t\t<\/div>\n\n\t\t\n\n\t\t<div class=\"section-content relative\">\n\t\t\t\n<div class=\"row row-collapse align-middle align-center\"  id=\"row-938649145\">\n\n\t<div id=\"col-1716701332\" class=\"col medium-6 small-12 large-6\"  >\n\t\t\t\t<div class=\"col-inner\"  >\n\t\t\t\n\t\t\t\n\t<div id=\"text-1398228840\" class=\"text\">\n\t\t\n<h2><strong>P\u00d3NGASE EN CONTACTO E INF\u00d3RMESE<\/strong><br \/>M\u00c1S INFORMACI\u00d3N SOBRE NUESTROS SERVICIOS<\/h2>\n\t\t\n<style>\n#text-1398228840 {\n  color: rgb(255,255,255);\n}\n#text-1398228840 > * {\n  color: rgb(255,255,255);\n}\n<\/style>\n\t<\/div>\n\t\n\t\t<\/div>\n\t\t\t\t\t<\/div>\n\n\t\n\n\t<div id=\"col-459296822\" class=\"col medium-4 small-12 large-4\"  >\n\t\t\t\t<div class=\"col-inner text-center\"  >\n\t\t\t\n\t\t\t\n<a href=\"https:\/\/abix.com.br\/es\/contato\/\" class=\"button primary is-gloss btn-todos\"  >\n\t\t<span>CONTACTO<\/span>\n\t<\/a>\n\n\t\t<\/div>\n\t\t\t\t\t<\/div>\n\n\t\n<\/div>\n\t\t<\/div>\n\n\t\t\n<style>\n#section_347978880 {\n  padding-top: 30px;\n  padding-bottom: 30px;\n}\n<\/style>\n\t<\/section>\n\t\n","protected":false},"excerpt":{"rendered":"","protected":false},"author":1,"featured_media":0,"parent":0,"menu_order":0,"comment_status":"closed","ping_status":"closed","template":"page-blank.php","meta":{"footnotes":""},"class_list":["post-19154","page","type-page","status-publish","hentry"],"yoast_head":"<!-- This site is optimized with the Yoast SEO plugin v27.3 - https:\/\/yoast.com\/product\/yoast-seo-wordpress\/ -->\n<title>- Sistemas de radiocomunicaci\u00f3n - Abix<\/title>\n<meta name=\"description\" content=\"Segmento industrial - Disponga de comunicaciones en toda su explotaci\u00f3n con las soluciones de radio de Abix. Compru\u00e9belo en nuestro sitio web.\" \/>\n<meta name=\"robots\" content=\"index, follow, max-snippet:-1, max-image-preview:large, max-video-preview:-1\" \/>\n<link rel=\"canonical\" href=\"https:\/\/abix.com.br\/es\/segmento-industrial\/\" \/>\n<meta property=\"og:locale\" content=\"es_ES\" \/>\n<meta property=\"og:type\" content=\"article\" \/>\n<meta property=\"og:title\" content=\"- Sistemas de radiocomunicaci\u00f3n - Abix\" \/>\n<meta property=\"og:description\" content=\"Segmento industrial - Disponga de comunicaciones en toda su explotaci\u00f3n con las soluciones de radio de Abix. Compru\u00e9belo en nuestro sitio web.\" \/>\n<meta property=\"og:url\" content=\"https:\/\/abix.com.br\/es\/segmento-industrial\/\" \/>\n<meta property=\"og:site_name\" content=\"Abix\" \/>\n<meta property=\"article:modified_time\" content=\"2024-03-25T18:23:33+00:00\" \/>\n<meta name=\"twitter:card\" content=\"summary_large_image\" \/>\n<meta name=\"twitter:label1\" content=\"Tiempo de lectura\" \/>\n\t<meta name=\"twitter:data1\" content=\"4 minutos\" \/>\n<script type=\"application\/ld+json\" class=\"yoast-schema-graph\">{\"@context\":\"https:\\\/\\\/schema.org\",\"@graph\":[{\"@type\":\"WebPage\",\"@id\":\"https:\\\/\\\/abix.com.br\\\/es\\\/segmento-industrial\\\/\",\"url\":\"https:\\\/\\\/abix.com.br\\\/es\\\/segmento-industrial\\\/\",\"name\":\"- Sistemas de radiocomunicaci\u00f3n - Abix\",\"isPartOf\":{\"@id\":\"https:\\\/\\\/abix.com.br\\\/#website\"},\"datePublished\":\"2020-04-23T18:37:25+00:00\",\"dateModified\":\"2024-03-25T18:23:33+00:00\",\"description\":\"Segmento industrial - Disponga de comunicaciones en toda su explotaci\u00f3n con las soluciones de radio de Abix. Compru\u00e9belo en nuestro sitio web.\",\"breadcrumb\":{\"@id\":\"https:\\\/\\\/abix.com.br\\\/es\\\/segmento-industrial\\\/#breadcrumb\"},\"inLanguage\":\"es\",\"potentialAction\":[{\"@type\":\"ReadAction\",\"target\":[\"https:\\\/\\\/abix.com.br\\\/es\\\/segmento-industrial\\\/\"]}]},{\"@type\":\"BreadcrumbList\",\"@id\":\"https:\\\/\\\/abix.com.br\\\/es\\\/segmento-industrial\\\/#breadcrumb\",\"itemListElement\":[{\"@type\":\"ListItem\",\"position\":1,\"name\":\"In\u00edcio\",\"item\":\"https:\\\/\\\/abix.com.br\\\/es\\\/\"},{\"@type\":\"ListItem\",\"position\":2,\"name\":\"Segmento industrial\"}]},{\"@type\":\"WebSite\",\"@id\":\"https:\\\/\\\/abix.com.br\\\/#website\",\"url\":\"https:\\\/\\\/abix.com.br\\\/\",\"name\":\"Abix\",\"description\":\"\",\"potentialAction\":[{\"@type\":\"SearchAction\",\"target\":{\"@type\":\"EntryPoint\",\"urlTemplate\":\"https:\\\/\\\/abix.com.br\\\/?s={search_term_string}\"},\"query-input\":{\"@type\":\"PropertyValueSpecification\",\"valueRequired\":true,\"valueName\":\"search_term_string\"}}],\"inLanguage\":\"es\"}]}<\/script>\n<!-- \/ Yoast SEO plugin. -->","yoast_head_json":{"title":"- Sistemas de radiocomunicaci\u00f3n - Abix","description":"Segmento industrial - Disponga de comunicaciones en toda su explotaci\u00f3n con las soluciones de radio de Abix. Compru\u00e9belo en nuestro sitio web.","robots":{"index":"index","follow":"follow","max-snippet":"max-snippet:-1","max-image-preview":"max-image-preview:large","max-video-preview":"max-video-preview:-1"},"canonical":"https:\/\/abix.com.br\/es\/segmento-industrial\/","og_locale":"es_ES","og_type":"article","og_title":"- Sistemas de radiocomunicaci\u00f3n - Abix","og_description":"Segmento industrial - Disponga de comunicaciones en toda su explotaci\u00f3n con las soluciones de radio de Abix. Compru\u00e9belo en nuestro sitio web.","og_url":"https:\/\/abix.com.br\/es\/segmento-industrial\/","og_site_name":"Abix","article_modified_time":"2024-03-25T18:23:33+00:00","twitter_card":"summary_large_image","twitter_misc":{"Tiempo de lectura":"4 minutos"},"schema":{"@context":"https:\/\/schema.org","@graph":[{"@type":"WebPage","@id":"https:\/\/abix.com.br\/es\/segmento-industrial\/","url":"https:\/\/abix.com.br\/es\/segmento-industrial\/","name":"- Sistemas de radiocomunicaci\u00f3n - Abix","isPartOf":{"@id":"https:\/\/abix.com.br\/#website"},"datePublished":"2020-04-23T18:37:25+00:00","dateModified":"2024-03-25T18:23:33+00:00","description":"Segmento industrial - Disponga de comunicaciones en toda su explotaci\u00f3n con las soluciones de radio de Abix. Compru\u00e9belo en nuestro sitio web.","breadcrumb":{"@id":"https:\/\/abix.com.br\/es\/segmento-industrial\/#breadcrumb"},"inLanguage":"es","potentialAction":[{"@type":"ReadAction","target":["https:\/\/abix.com.br\/es\/segmento-industrial\/"]}]},{"@type":"BreadcrumbList","@id":"https:\/\/abix.com.br\/es\/segmento-industrial\/#breadcrumb","itemListElement":[{"@type":"ListItem","position":1,"name":"In\u00edcio","item":"https:\/\/abix.com.br\/es\/"},{"@type":"ListItem","position":2,"name":"Segmento industrial"}]},{"@type":"WebSite","@id":"https:\/\/abix.com.br\/#website","url":"https:\/\/abix.com.br\/","name":"Abix","description":"","potentialAction":[{"@type":"SearchAction","target":{"@type":"EntryPoint","urlTemplate":"https:\/\/abix.com.br\/?s={search_term_string}"},"query-input":{"@type":"PropertyValueSpecification","valueRequired":true,"valueName":"search_term_string"}}],"inLanguage":"es"}]}},"_links":{"self":[{"href":"https:\/\/abix.com.br\/es\/wp-json\/wp\/v2\/pages\/19154","targetHints":{"allow":["GET"]}}],"collection":[{"href":"https:\/\/abix.com.br\/es\/wp-json\/wp\/v2\/pages"}],"about":[{"href":"https:\/\/abix.com.br\/es\/wp-json\/wp\/v2\/types\/page"}],"author":[{"embeddable":true,"href":"https:\/\/abix.com.br\/es\/wp-json\/wp\/v2\/users\/1"}],"replies":[{"embeddable":true,"href":"https:\/\/abix.com.br\/es\/wp-json\/wp\/v2\/comments?post=19154"}],"version-history":[{"count":5,"href":"https:\/\/abix.com.br\/es\/wp-json\/wp\/v2\/pages\/19154\/revisions"}],"predecessor-version":[{"id":20163,"href":"https:\/\/abix.com.br\/es\/wp-json\/wp\/v2\/pages\/19154\/revisions\/20163"}],"wp:attachment":[{"href":"https:\/\/abix.com.br\/es\/wp-json\/wp\/v2\/media?parent=19154"}],"curies":[{"name":"wp","href":"https:\/\/api.w.org\/{rel}","templated":true}]}}