{"id":19158,"date":"2020-04-24T10:14:24","date_gmt":"2020-04-24T13:14:24","guid":{"rendered":"https:\/\/abix.com.br\/seguranca-privada\/"},"modified":"2024-03-26T09:29:31","modified_gmt":"2024-03-26T12:29:31","slug":"seguranca-privada","status":"publish","type":"page","link":"https:\/\/abix.com.br\/es\/seguranca-privada\/","title":{"rendered":"Seguridad privada"},"content":{"rendered":"\n\t<section class=\"section paginas-internas\" id=\"section_203319927\">\n\t\t<div class=\"section-bg fill\" >\n\t\t\t\t\t\t\t\t\t\n\t\t\t\n\n\t\t<\/div>\n\n\t\t\n\n\t\t<div class=\"section-content relative\">\n\t\t\t\n<div class=\"row\"  id=\"row-2008417678\">\n\n\t<div id=\"col-1187584306\" class=\"col small-12 large-12\"  >\n\t\t\t\t<div class=\"col-inner\"  >\n\t\t\t\n\t\t\t\n<h1 style=\"text-align: center;\">SEGURIDAD PRIVADA<\/h1>\n\t\t<\/div>\n\t\t\t\t\t<\/div>\n\n\t\n<\/div>\n\t\t<\/div>\n\n\t\t\n<style>\n#section_203319927 {\n  padding-top: 70px;\n  padding-bottom: 70px;\n}\n<\/style>\n\t<\/section>\n\t\n\n\t<section class=\"section\" id=\"section_199977893\">\n\t\t<div class=\"section-bg fill\" >\n\t\t\t\t\t\t\t\t\t\n\t\t\t\n\n\t\t<\/div>\n\n\t\t\n\n\t\t<div class=\"section-content relative\">\n\t\t\t\n<div class=\"row align-middle\"  id=\"row-1492150824\">\n\n\t<div id=\"col-1270431902\" class=\"col medium-6 small-12 large-6\"  >\n\t\t\t\t<div class=\"col-inner\"  >\n\t\t\t\n\t\t\t\n<h3><strong>\u00bfEST\u00c1 SU EMPRESA DE SEGURIDAD PRIVADA PREPARADA PARA APROVECHAR LAS OPORTUNIDADES DE UNAS CIUDADES QUE<\/strong> CRECEN CADA VEZ M\u00c1S, Y CON ELLAS LA DEMANDA DE SEGURIDAD?<\/h3>\n<p>Abix ofrece soluciones de comunicaci\u00f3n por radio que le ayudar\u00e1n a aumentar la eficacia operativa y organizativa y a acelerar los tiempos de respuesta, optimizando la seguridad de su personal y sus clientes.<\/p>\n\t\t<\/div>\n\t\t\t\t\t<\/div>\n\n\t\n\n\t<div id=\"col-1026627416\" class=\"col medium-6 small-12 large-6\"  >\n\t\t\t\t<div class=\"col-inner\"  >\n\t\t\t\n\t\t\t\n\t<div class=\"img has-hover x md-x lg-x y md-y lg-y\" id=\"image_1657191253\">\n\t\t\t\t\t\t\t\t<div class=\"img-inner dark\" >\n\t\t\t<img decoding=\"async\" width=\"585\" height=\"276\" src=\"https:\/\/abix.com.br\/wp-content\/uploads\/2020\/04\/segu-pri-img-1.png\" class=\"attachment-original size-original\" alt=\"\" srcset=\"https:\/\/abix.com.br\/wp-content\/uploads\/2020\/04\/segu-pri-img-1.png 585w, https:\/\/abix.com.br\/wp-content\/uploads\/2020\/04\/segu-pri-img-1-300x142.png 300w\" sizes=\"(max-width: 585px) 100vw, 585px\" \/>\t\t\t\t\t\t\n\t\t\t\t\t<\/div>\n\t\t\t\t\t\t\t\t\n<style>\n#image_1657191253 {\n  width: 100%;\n}\n<\/style>\n\t<\/div>\n\t\n\t\t<\/div>\n\t\t\t\t\t<\/div>\n\n\t\n<\/div>\n\t\t<\/div>\n\n\t\t\n<style>\n#section_199977893 {\n  padding-top: 30px;\n  padding-bottom: 30px;\n}\n<\/style>\n\t<\/section>\n\t\n\n\t<section class=\"section\" id=\"section_1860874105\">\n\t\t<div class=\"section-bg fill\" >\n\t\t\t<img decoding=\"async\" width=\"1920\" height=\"433\" src=\"https:\/\/abix.com.br\/wp-content\/uploads\/2020\/04\/segu-pri-seccao-1.png\" class=\"bg attachment- size-\" alt=\"\" \/>\t\t\t\t\t\t\n\t\t\t\n\n\t\t<\/div>\n\n\t\t\n\n\t\t<div class=\"section-content relative\">\n\t\t\t\n\t<div id=\"gap-935204064\" class=\"gap-element clearfix\" style=\"display:block; height:auto;\">\n\t\t\n<style>\n#gap-935204064 {\n  padding-top: 50px;\n}\n<\/style>\n\t<\/div>\n\t\n<div class=\"row align-middle\"  id=\"row-785807086\">\n\n\t<div id=\"col-1879601500\" class=\"col medium-6 small-12 large-6\"  >\n\t\t\t\t<div class=\"col-inner text-center\"  >\n\t\t\t\n\t\t\t\n\t<div id=\"text-140536232\" class=\"text\">\n\t\t\n<h2 style=\"text-align: right;\"><strong>GET<\/strong><br \/>COMUNICACI\u00d3N<br \/>CONTINUO<\/h2>\n\t\t\n<style>\n#text-140536232 {\n  text-align: right;\n}\n<\/style>\n\t<\/div>\n\t\n\t\t<\/div>\n\t\t\t\t\t<\/div>\n\n\t\n\n\t<div id=\"col-1265693154\" class=\"col medium-6 small-12 large-6\"  >\n\t\t\t\t<div class=\"col-inner\"  >\n\t\t\t\n\t\t\t\n<p>Las soluciones de Radiocomunicaciones de Abix para Seguridad Privada est\u00e1n dise\u00f1adas para satisfacer las necesidades de comunicaci\u00f3n continua de las operaciones de su empresa, ofreciendo una excelente recepci\u00f3n y una amplia cobertura que ayudan a ampliar el \u00e1rea de operaciones de su empresa. Nuestros radiocomunicadores ofrecen audio de calidad con cancelaci\u00f3n de ruido de nivel industrial, lo que permite comunicarse con un alto nivel de calidad incluso en entornos con un alto nivel de ruido, como el tr\u00e1fico de las grandes ciudades, entornos industriales, lugares con una alta concentraci\u00f3n de personas o multitudes, as\u00ed como grandes conciertos y eventos.<\/p>\n\t\t<\/div>\n\t\t\t\t\t<\/div>\n\n\t\n<\/div>\n\t\t<\/div>\n\n\t\t\n<style>\n#section_1860874105 {\n  padding-top: 30px;\n  padding-bottom: 30px;\n}\n<\/style>\n\t<\/section>\n\t\n\n\t<section class=\"section test-none\" id=\"section_1089955468\">\n\t\t<div class=\"section-bg fill\" >\n\t\t\t\t\t\t\t\t\t\n\t\t\t\n\n\t\t<\/div>\n\n\t\t\n\n\t\t<div class=\"section-content relative\">\n\t\t\t\n\t<div id=\"gap-1324817865\" class=\"gap-element clearfix\" style=\"display:block; height:auto;\">\n\t\t\n<style>\n#gap-1324817865 {\n  padding-top: 70px;\n}\n<\/style>\n\t<\/div>\n\t\n<div class=\"row\"  id=\"row-654661957\">\n\n\t<div id=\"col-64002180\" class=\"col medium-6 small-12 large-6\"  >\n\t\t\t\t<div class=\"col-inner\"  >\n\t\t\t\n\t\t\t\n<h3><strong>COMUNICACIONES DE GRUPO<\/strong><\/h3>\n<p>Las Comunicaciones de Grupo se producen instant\u00e1neamente, contribuyendo a la organizaci\u00f3n de su fuerza de seguridad y garantizando una respuesta r\u00e1pida a los incidentes, as\u00ed como las Alertas Autom\u00e1ticas de Seguridad que ayudan a proteger a sus agentes sobre el terreno.<\/p>\n\t<div class=\"img has-hover x md-x lg-x y md-y lg-y\" id=\"image_2130680369\">\n\t\t\t\t\t\t\t\t<div class=\"img-inner dark\" >\n\t\t\t<img decoding=\"async\" width=\"586\" height=\"139\" src=\"https:\/\/abix.com.br\/wp-content\/uploads\/2020\/04\/segu-pri-img-2.png\" class=\"attachment-original size-original\" alt=\"\" srcset=\"https:\/\/abix.com.br\/wp-content\/uploads\/2020\/04\/segu-pri-img-2.png 586w, https:\/\/abix.com.br\/wp-content\/uploads\/2020\/04\/segu-pri-img-2-300x71.png 300w\" sizes=\"(max-width: 586px) 100vw, 586px\" \/>\t\t\t\t\t\t\n\t\t\t\t\t<\/div>\n\t\t\t\t\t\t\t\t\n<style>\n#image_2130680369 {\n  width: 100%;\n}\n<\/style>\n\t<\/div>\n\t\n\t\t<\/div>\n\t\t\t\t\t<\/div>\n\n\t\n\n\t<div id=\"col-1365861442\" class=\"col medium-6 small-12 large-6\"  >\n\t\t\t\t<div class=\"col-inner\"  >\n\t\t\t\n\t\t\t\n<p>Con el <a href=\"https:\/\/www.abix.com.br\/vantagens-de-se-alugar-com-abix\/\">servicio de alquiler de radios<\/a> de Abix, su empresa gana en eficacia y reduce los costes de mantenimiento. Todos nuestros radiocomunicadores son inspeccionados y certificados y, en caso de problemas durante su funcionamiento normal, <a href=\"https:\/\/www.abix.com.br\/sobre\/\">Abix<\/a> los sustituir\u00e1 gratuitamente*.<\/p>\n<a href=\"https:\/\/abix.com.br\/es\/vantagens-de-se-alugar-com-abix\/\" class=\"button primary btn-homr\"  >\n\t\t<span>Seguir leyendo<\/span>\n\t<\/a>\n\n\t\t<\/div>\n\t\t\t\t\t<\/div>\n\n\t\n<\/div>\n\t\t<\/div>\n\n\t\t\n<style>\n#section_1089955468 {\n  padding-top: 30px;\n  padding-bottom: 30px;\n}\n<\/style>\n\t<\/section>\n\t\n\n\t<section class=\"section\" id=\"section_391826194\">\n\t\t<div class=\"section-bg fill\" >\n\t\t\t<img decoding=\"async\" width=\"1920\" height=\"271\" src=\"https:\/\/abix.com.br\/wp-content\/uploads\/2023\/04\/fundoo.png\" class=\"bg attachment- size-\" alt=\"\" \/>\t\t\t\t\t\t\n\t\t\t\n\n\t\t<\/div>\n\n\t\t\n\n\t\t<div class=\"section-content relative\">\n\t\t\t\n<div class=\"row\"  id=\"row-871985946\">\n\n\t<div id=\"col-472118589\" class=\"col small-12 large-12\"  >\n\t\t\t\t<div class=\"col-inner\"  >\n\t\t\t\n\t\t\t\n\t<div id=\"text-786800139\" class=\"text\">\n\t\t\n<p><strong>ABIX dispone de un amplio stock de equipos de diferentes tipos y modelos <\/strong>que se adaptan a sus necesidades. Desde las radios m\u00e1s robustas y resistentes, adecuadas para servicios de patrulla en la calle, hasta radios modernas y discretas para operaciones en centros comerciales y entornos corporativos.<\/p>\n\t\t\n<style>\n#text-786800139 {\n  color: rgb(255, 255, 255);\n}\n#text-786800139 > * {\n  color: rgb(255, 255, 255);\n}\n<\/style>\n\t<\/div>\n\t\n\t\t<\/div>\n\t\t\t\t\t<\/div>\n\n\t\n<\/div>\n\t\t<\/div>\n\n\t\t\n<style>\n#section_391826194 {\n  padding-top: 30px;\n  padding-bottom: 30px;\n}\n<\/style>\n\t<\/section>\n\t\n\n\t<section class=\"section\" id=\"section_522736938\">\n\t\t<div class=\"section-bg fill\" >\n\t\t\t\t\t\t\t\t\t\n\t\t\t\n\n\t\t<\/div>\n\n\t\t\n\n\t\t<div class=\"section-content relative\">\n\t\t\t\n\t<div id=\"gap-327392997\" class=\"gap-element clearfix\" style=\"display:block; height:auto;\">\n\t\t\n<style>\n#gap-327392997 {\n  padding-top: 30px;\n}\n<\/style>\n\t<\/div>\n\t\n<div class=\"row\"  id=\"row-1473135291\">\n\n\t<div id=\"col-1210225718\" class=\"col medium-6 small-12 large-6\"  >\n\t\t\t\t<div class=\"col-inner\"  >\n\t\t\t\n\t\t\t\n<h2 style=\"text-align: right;\"><strong>EQUIPO PARA<\/strong><br \/><strong>MEJORAR SU SISTEMA<\/strong><br \/>SEGURIDAD<\/h2>\n\t\t<\/div>\n\t\t\t\t\t<\/div>\n\n\t\n\n\t<div id=\"col-558245882\" class=\"col medium-6 small-12 large-6\"  >\n\t\t\t\t<div class=\"col-inner\"  >\n\t\t\t\n\t\t\t\n<p>Mejore la seguridad de sus clientes y agentes con las soluciones de comunicaci\u00f3n por radio de Abix. Utiliza radiotransmisores con pilas de larga duraci\u00f3n, resistentes a las ca\u00eddas y a la exposici\u00f3n al polvo, agua y otros materiales. Ofrecemos varios accesorios para complementar las radios, con funciones intuitivas y elegantes espec\u00edficas para la Seguridad Privada.<\/p>\n\t\t<\/div>\n\t\t\t\t\t<\/div>\n\n\t\n<\/div>\n\t\t<\/div>\n\n\t\t\n<style>\n#section_522736938 {\n  padding-top: 30px;\n  padding-bottom: 30px;\n}\n<\/style>\n\t<\/section>\n\t\n\n\t<section class=\"section\" id=\"section_1102838386\">\n\t\t<div class=\"section-bg fill\" >\n\t\t\t<img decoding=\"async\" width=\"1920\" height=\"228\" src=\"https:\/\/abix.com.br\/wp-content\/uploads\/2020\/04\/segu-pri-seccao-4.png\" class=\"bg attachment- size-\" alt=\"\" \/>\t\t\t\t\t\t\n\t\t\t\n\n\t\t<\/div>\n\n\t\t\n\n\t\t<div class=\"section-content relative\">\n\t\t\t\n\t<div id=\"gap-1375080991\" class=\"gap-element clearfix\" style=\"display:block; height:auto;\">\n\t\t\n<style>\n#gap-1375080991 {\n  padding-top: 30px;\n}\n<\/style>\n\t<\/div>\n\t\n<div class=\"row align-middle align-center\"  id=\"row-1971445979\">\n\n\t<div id=\"col-120396195\" class=\"col medium-7 small-12 large-7\"  >\n\t\t\t\t<div class=\"col-inner\"  >\n\t\t\t\n\t\t\t\n\t<div id=\"text-21590516\" class=\"text\">\n\t\t\n<h2><strong>M\u00c1S INFORMACI\u00d3N<\/strong><br \/>SOBRE ESTE U OTROS SERVICIOS<\/h2>\n\t\t\n<style>\n#text-21590516 {\n  color: rgb(255,255,255);\n}\n#text-21590516 > * {\n  color: rgb(255,255,255);\n}\n<\/style>\n\t<\/div>\n\t\n\t\t<\/div>\n\t\t\t\t\t<\/div>\n\n\t\n\n\t<div id=\"col-1360000575\" class=\"col medium-4 small-12 large-4\"  >\n\t\t\t\t<div class=\"col-inner\"  >\n\t\t\t\n\t\t\t\n<a href=\"https:\/\/abix.com.br\/es\/contato\/\" class=\"button primary btn-todos\"  >\n\t\t<span>P\u00f3ngase en contacto<\/span>\n\t<\/a>\n\n\t\t<\/div>\n\t\t\t\t\t<\/div>\n\n\t\n<\/div>\n\t\t<\/div>\n\n\t\t\n<style>\n#section_1102838386 {\n  padding-top: 30px;\n  padding-bottom: 30px;\n}\n<\/style>\n\t<\/section>\n\t\n","protected":false},"excerpt":{"rendered":"","protected":false},"author":1,"featured_media":0,"parent":0,"menu_order":0,"comment_status":"closed","ping_status":"closed","template":"page-blank.php","meta":{"footnotes":""},"class_list":["post-19158","page","type-page","status-publish","hentry"],"yoast_head":"<!-- This site is optimized with the Yoast SEO plugin v27.3 - https:\/\/yoast.com\/product\/yoast-seo-wordpress\/ -->\n<title>- Radio Rental - Abix<\/title>\n<meta name=\"description\" content=\"Seguridad Privada - Servicio de Alquiler de Radios Abix, su empresa gana en eficacia y en reducci\u00f3n de costes de mantenimiento.\" \/>\n<meta name=\"robots\" content=\"index, follow, max-snippet:-1, max-image-preview:large, max-video-preview:-1\" \/>\n<link rel=\"canonical\" href=\"https:\/\/abix.com.br\/es\/seguranca-privada\/\" \/>\n<meta property=\"og:locale\" content=\"es_ES\" \/>\n<meta property=\"og:type\" content=\"article\" \/>\n<meta property=\"og:title\" content=\"- Radio Rental - Abix\" \/>\n<meta property=\"og:description\" content=\"Seguridad Privada - Servicio de Alquiler de Radios Abix, su empresa gana en eficacia y en reducci\u00f3n de costes de mantenimiento.\" \/>\n<meta property=\"og:url\" content=\"https:\/\/abix.com.br\/es\/seguranca-privada\/\" \/>\n<meta property=\"og:site_name\" content=\"Abix\" \/>\n<meta property=\"article:modified_time\" content=\"2024-03-26T12:29:31+00:00\" \/>\n<meta name=\"twitter:card\" content=\"summary_large_image\" \/>\n<meta name=\"twitter:label1\" content=\"Tiempo de lectura\" \/>\n\t<meta name=\"twitter:data1\" content=\"3 minutos\" \/>\n<script type=\"application\/ld+json\" class=\"yoast-schema-graph\">{\"@context\":\"https:\\\/\\\/schema.org\",\"@graph\":[{\"@type\":\"WebPage\",\"@id\":\"https:\\\/\\\/abix.com.br\\\/es\\\/seguranca-privada\\\/\",\"url\":\"https:\\\/\\\/abix.com.br\\\/es\\\/seguranca-privada\\\/\",\"name\":\"- Radio Rental - Abix\",\"isPartOf\":{\"@id\":\"https:\\\/\\\/abix.com.br\\\/#website\"},\"datePublished\":\"2020-04-24T13:14:24+00:00\",\"dateModified\":\"2024-03-26T12:29:31+00:00\",\"description\":\"Seguridad Privada - Servicio de Alquiler de Radios Abix, su empresa gana en eficacia y en reducci\u00f3n de costes de mantenimiento.\",\"breadcrumb\":{\"@id\":\"https:\\\/\\\/abix.com.br\\\/es\\\/seguranca-privada\\\/#breadcrumb\"},\"inLanguage\":\"es\",\"potentialAction\":[{\"@type\":\"ReadAction\",\"target\":[\"https:\\\/\\\/abix.com.br\\\/es\\\/seguranca-privada\\\/\"]}]},{\"@type\":\"BreadcrumbList\",\"@id\":\"https:\\\/\\\/abix.com.br\\\/es\\\/seguranca-privada\\\/#breadcrumb\",\"itemListElement\":[{\"@type\":\"ListItem\",\"position\":1,\"name\":\"In\u00edcio\",\"item\":\"https:\\\/\\\/abix.com.br\\\/es\\\/\"},{\"@type\":\"ListItem\",\"position\":2,\"name\":\"Seguridad privada\"}]},{\"@type\":\"WebSite\",\"@id\":\"https:\\\/\\\/abix.com.br\\\/#website\",\"url\":\"https:\\\/\\\/abix.com.br\\\/\",\"name\":\"Abix\",\"description\":\"\",\"potentialAction\":[{\"@type\":\"SearchAction\",\"target\":{\"@type\":\"EntryPoint\",\"urlTemplate\":\"https:\\\/\\\/abix.com.br\\\/?s={search_term_string}\"},\"query-input\":{\"@type\":\"PropertyValueSpecification\",\"valueRequired\":true,\"valueName\":\"search_term_string\"}}],\"inLanguage\":\"es\"}]}<\/script>\n<!-- \/ Yoast SEO plugin. -->","yoast_head_json":{"title":"- Radio Rental - Abix","description":"Seguridad Privada - Servicio de Alquiler de Radios Abix, su empresa gana en eficacia y en reducci\u00f3n de costes de mantenimiento.","robots":{"index":"index","follow":"follow","max-snippet":"max-snippet:-1","max-image-preview":"max-image-preview:large","max-video-preview":"max-video-preview:-1"},"canonical":"https:\/\/abix.com.br\/es\/seguranca-privada\/","og_locale":"es_ES","og_type":"article","og_title":"- Radio Rental - Abix","og_description":"Seguridad Privada - Servicio de Alquiler de Radios Abix, su empresa gana en eficacia y en reducci\u00f3n de costes de mantenimiento.","og_url":"https:\/\/abix.com.br\/es\/seguranca-privada\/","og_site_name":"Abix","article_modified_time":"2024-03-26T12:29:31+00:00","twitter_card":"summary_large_image","twitter_misc":{"Tiempo de lectura":"3 minutos"},"schema":{"@context":"https:\/\/schema.org","@graph":[{"@type":"WebPage","@id":"https:\/\/abix.com.br\/es\/seguranca-privada\/","url":"https:\/\/abix.com.br\/es\/seguranca-privada\/","name":"- Radio Rental - Abix","isPartOf":{"@id":"https:\/\/abix.com.br\/#website"},"datePublished":"2020-04-24T13:14:24+00:00","dateModified":"2024-03-26T12:29:31+00:00","description":"Seguridad Privada - Servicio de Alquiler de Radios Abix, su empresa gana en eficacia y en reducci\u00f3n de costes de mantenimiento.","breadcrumb":{"@id":"https:\/\/abix.com.br\/es\/seguranca-privada\/#breadcrumb"},"inLanguage":"es","potentialAction":[{"@type":"ReadAction","target":["https:\/\/abix.com.br\/es\/seguranca-privada\/"]}]},{"@type":"BreadcrumbList","@id":"https:\/\/abix.com.br\/es\/seguranca-privada\/#breadcrumb","itemListElement":[{"@type":"ListItem","position":1,"name":"In\u00edcio","item":"https:\/\/abix.com.br\/es\/"},{"@type":"ListItem","position":2,"name":"Seguridad privada"}]},{"@type":"WebSite","@id":"https:\/\/abix.com.br\/#website","url":"https:\/\/abix.com.br\/","name":"Abix","description":"","potentialAction":[{"@type":"SearchAction","target":{"@type":"EntryPoint","urlTemplate":"https:\/\/abix.com.br\/?s={search_term_string}"},"query-input":{"@type":"PropertyValueSpecification","valueRequired":true,"valueName":"search_term_string"}}],"inLanguage":"es"}]}},"_links":{"self":[{"href":"https:\/\/abix.com.br\/es\/wp-json\/wp\/v2\/pages\/19158","targetHints":{"allow":["GET"]}}],"collection":[{"href":"https:\/\/abix.com.br\/es\/wp-json\/wp\/v2\/pages"}],"about":[{"href":"https:\/\/abix.com.br\/es\/wp-json\/wp\/v2\/types\/page"}],"author":[{"embeddable":true,"href":"https:\/\/abix.com.br\/es\/wp-json\/wp\/v2\/users\/1"}],"replies":[{"embeddable":true,"href":"https:\/\/abix.com.br\/es\/wp-json\/wp\/v2\/comments?post=19158"}],"version-history":[{"count":6,"href":"https:\/\/abix.com.br\/es\/wp-json\/wp\/v2\/pages\/19158\/revisions"}],"predecessor-version":[{"id":20164,"href":"https:\/\/abix.com.br\/es\/wp-json\/wp\/v2\/pages\/19158\/revisions\/20164"}],"wp:attachment":[{"href":"https:\/\/abix.com.br\/es\/wp-json\/wp\/v2\/media?parent=19158"}],"curies":[{"name":"wp","href":"https:\/\/api.w.org\/{rel}","templated":true}]}}