{"id":19163,"date":"2020-04-24T17:13:20","date_gmt":"2020-04-24T20:13:20","guid":{"rendered":"https:\/\/abix.com.br\/segmento-oil-and-gas\/"},"modified":"2023-10-19T17:09:00","modified_gmt":"2023-10-19T20:09:00","slug":"segmento-oil-and-gas","status":"publish","type":"page","link":"https:\/\/abix.com.br\/es\/segmento-oil-and-gas\/","title":{"rendered":"SEGMENTO DE PETR\u00d3LEO Y GAS"},"content":{"rendered":"\n\t<section class=\"section paginas-internas\" id=\"section_145307046\">\n\t\t<div class=\"section-bg fill\" >\n\t\t\t\t\t\t\t\t\t\n\t\t\t\n\n\t\t<\/div>\n\n\t\t\n\n\t\t<div class=\"section-content relative\">\n\t\t\t\n<div class=\"row\"  id=\"row-1776149646\">\n\n\t<div id=\"col-883271394\" class=\"col small-12 large-12\"  >\n\t\t\t\t<div class=\"col-inner\"  >\n\t\t\t\n\t\t\t\n<h1 style=\"text-align: center;\"><b>SEGMENTO<\/b> DE PETR\u00d3LEO Y GAS<\/h1>\n\t\t<\/div>\n\t\t\t\t\t<\/div>\n\n\t\n<\/div>\n\t\t<\/div>\n\n\t\t\n<style>\n#section_145307046 {\n  padding-top: 70px;\n  padding-bottom: 70px;\n}\n<\/style>\n\t<\/section>\n\t\n\n\t<section class=\"section\" id=\"section_779509194\">\n\t\t<div class=\"section-bg fill\" >\n\t\t\t\t\t\t\t\t\t\n\t\t\t\n\n\t\t<\/div>\n\n\t\t\n\n\t\t<div class=\"section-content relative\">\n\t\t\t\n<div class=\"row\"  id=\"row-1070423485\">\n\n\t<div id=\"col-1586052282\" class=\"col medium-6 small-12 large-6\"  >\n\t\t\t\t<div class=\"col-inner\"  >\n\t\t\t\n\t\t\t\n<h2> <\/h2>\n<h2><strong>SEGURIDAD Y EFICACIA <\/strong><strong>OPERATIVA SON <\/strong>LAS PALABRAS CLAVE EN LA INDUSTRIA DEL PETR\u00d3LEO Y EL GAS.<\/h2>\n<p><a href=\"https:\/\/www.abix.com.br\/es\/sobre\/\">Abix<\/a> ofrece soluciones de radiocomunicaciones de misi\u00f3n cr\u00edtica para plataformas marinas, buques, refiner\u00edas y centros de operaciones. Nuestras tecnolog\u00edas fiables, resistentes y seguras ofrecen un alto rendimiento en las operaciones diarias y en situaciones de emergencia, <a href=\"https:\/\/www.abix.com.br\/es\/vantagens-de-se-alugar-com-abix\/\">mejorando<\/a> la seguridad de los trabajadores, la eficiencia y la producci\u00f3n.<\/p>\n<p>.<\/p>\n\t\t<\/div>\n\t\t\t\t\t<\/div>\n\n\t\n\n\t<div id=\"col-1408902102\" class=\"col medium-6 small-12 large-6\"  >\n\t\t\t\t<div class=\"col-inner\"  >\n\t\t\t\n\t\t\t\n\t<div class=\"img has-hover x md-x lg-x y md-y lg-y\" id=\"image_1891047386\">\n\t\t\t\t\t\t\t\t<div class=\"img-inner dark\" >\n\t\t\t<img decoding=\"async\" width=\"585\" height=\"349\" src=\"https:\/\/abix.com.br\/wp-content\/uploads\/2020\/04\/oil-img-1.png\" class=\"attachment-original size-original\" alt=\"\" srcset=\"https:\/\/abix.com.br\/wp-content\/uploads\/2020\/04\/oil-img-1.png 585w, https:\/\/abix.com.br\/wp-content\/uploads\/2020\/04\/oil-img-1-300x179.png 300w\" sizes=\"(max-width: 585px) 100vw, 585px\" \/>\t\t\t\t\t\t\n\t\t\t\t\t<\/div>\n\t\t\t\t\t\t\t\t\n<style>\n#image_1891047386 {\n  width: 100%;\n}\n<\/style>\n\t<\/div>\n\t\n\t\t<\/div>\n\t\t\t\t\t<\/div>\n\n\t\n<\/div>\n\t\t<\/div>\n\n\t\t\n<style>\n#section_779509194 {\n  padding-top: 30px;\n  padding-bottom: 30px;\n}\n<\/style>\n\t<\/section>\n\t\n\n\t<section class=\"section comunicacao-unificada\" id=\"section_153162578\">\n\t\t<div class=\"section-bg fill\" >\n\t\t\t\t\t\t\t\t\t\n\t\t\t\n\n\t\t<\/div>\n\n\t\t\n\n\t\t<div class=\"section-content relative\">\n\t\t\t\n<div class=\"row\"  id=\"row-1287172516\">\n\n\t<div id=\"col-1470416058\" class=\"col small-12 large-12\"  >\n\t\t\t\t<div class=\"col-inner\"  >\n\t\t\t\n\t\t\t\n<h2 style=\"text-align: center;\"><strong>COMUNICACI\u00d3N<\/strong> UNIFICADA<\/h2>\n<p>Nuestras soluciones de comunicaciones unificadas ofrecen al sector del petr\u00f3leo y el gas la ayuda que necesita para tomar decisiones de forma r\u00e1pida y segura, en todos los entornos y estructuras de explotaci\u00f3n.<\/p>\n\t\t<\/div>\n\t\t\t\t\n<style>\n#col-1470416058 > .col-inner {\n  padding: 50px 0px 0px 0px;\n}\n<\/style>\n\t<\/div>\n\n\t\n<\/div>\n<div class=\"row\"  id=\"row-1158165092\">\n\n\t<div id=\"col-1458428978\" class=\"col small-12 large-12\"  >\n\t\t\t\t<div class=\"col-inner text-center\" style=\"background-color:rgb(255,255,255);\" >\n\t\t\t\n\t\t\t\n<h2>SEGURIDAD Y PRODUCTIVIDAD DE LA PLANTA<\/h2>\n<div class=\"row\"  id=\"row-1370898730\">\n\n\t<div id=\"col-2105839987\" class=\"col medium-6 small-12 large-6\"  >\n\t\t\t\t<div class=\"col-inner\"  >\n\t\t\t\n\t\t\t\n<p>La seguridad laboral no es negociable. Nuestras radios intr\u00ednsecamente seguras garantizan la comunicaci\u00f3n en entornos de misi\u00f3n cr\u00edtica y soportan la exposici\u00f3n a sustancias t\u00f3xicas, lluvia, polvo, ruido y temperaturas extremas. Para ello, garantizamos que nuestros equipos cumplen los requisitos de seguridad para operar en atm\u00f3sferas explosivas mediante las certificaciones ANATEL y CEPEL.<\/p>\n\t\t<\/div>\n\t\t\t\t\t<\/div>\n\n\t\n\n\t<div id=\"col-1174532792\" class=\"col medium-6 small-12 large-6\"  >\n\t\t\t\t<div class=\"col-inner\"  >\n\t\t\t\n\t\t\t\n\t<div class=\"img has-hover x md-x lg-x y md-y lg-y\" id=\"image_1016162781\">\n\t\t\t\t\t\t\t\t<div class=\"img-inner dark\" >\n\t\t\t<img decoding=\"async\" width=\"487\" height=\"187\" src=\"https:\/\/abix.com.br\/wp-content\/uploads\/2020\/04\/oil-img-2.png\" class=\"attachment-large size-large\" alt=\"\" srcset=\"https:\/\/abix.com.br\/wp-content\/uploads\/2020\/04\/oil-img-2.png 487w, https:\/\/abix.com.br\/wp-content\/uploads\/2020\/04\/oil-img-2-300x115.png 300w\" sizes=\"(max-width: 487px) 100vw, 487px\" \/>\t\t\t\t\t\t\n\t\t\t\t\t<\/div>\n\t\t\t\t\t\t\t\t\n<style>\n#image_1016162781 {\n  width: 100%;\n}\n<\/style>\n\t<\/div>\n\t\n\t\t<\/div>\n\t\t\t\t\t<\/div>\n\n\t\n\n<style>\n#row-1370898730 > .col > .col-inner {\n  padding: 40px 0px 0px 0px;\n}\n<\/style>\n<\/div>\n\t\t<\/div>\n\t\t\t\t\n<style>\n#col-1458428978 > .col-inner {\n  padding: 50px 50px 50px 50px;\n  margin: 0px 0px 0px 0px;\n}\n<\/style>\n\t<\/div>\n\n\t\n<\/div>\n\t\t<\/div>\n\n\t\t\n<style>\n#section_153162578 {\n  padding-top: 0px;\n  padding-bottom: 0px;\n  background-color: #3365ae;\n}\n<\/style>\n\t<\/section>\n\t\n\n\t<section class=\"section\" id=\"section_1135864248\">\n\t\t<div class=\"section-bg fill\" >\n\t\t\t<img decoding=\"async\" width=\"1920\" height=\"802\" src=\"https:\/\/abix.com.br\/wp-content\/uploads\/2020\/07\/bg-atuacao-premios-2.jpg\" class=\"bg attachment-original size-original\" alt=\"\" \/>\t\t\t\t\t\t\n\t\t\t\n\n\t\t<\/div>\n\n\t\t\n\n\t\t<div class=\"section-content relative\">\n\t\t\t\n<div class=\"row align-middle align-center\"  id=\"row-351336692\">\n\n\t<div id=\"col-1269514209\" class=\"col small-12 large-12\"  >\n\t\t\t\t<div class=\"col-inner\"  >\n\t\t\t\n\t\t\t\n<h2 style=\"text-align: center;\"><strong>AUMENTAR LA SEGURIDAD Y LA PRODUCTIVIDAD EN<\/strong>LOS CAMPOS DE EXTRACCI\u00d3N <strong><br \/>\n<\/strong><\/h2>\n<div class=\"row align-middle align-center\"  id=\"row-1638185674\">\n\n\t<div id=\"col-1371055135\" class=\"col medium-6 small-12 large-6\"  >\n\t\t\t\t<div class=\"col-inner\"  >\n\t\t\t\n\t\t\t\n<p>Garantizamos una comunicaci\u00f3n \u00e1gil, eficaz y segura incluso en los lugares de exploraci\u00f3n y extracci\u00f3n m\u00e1s remotos y cr\u00edticos, donde trabajan los equipos de prospecci\u00f3n. Apoyamos las operaciones sobre el terreno mediante soluciones de radiocomunicaci\u00f3n integradas con las oficinas sobre el terreno e incluso con otras sedes. M\u00e1s que una l\u00ednea de comunicaci\u00f3n, la radio es una herramienta de productividad y seguridad en manos del trabajador.<\/p>\n\t\t<\/div>\n\t\t\t\t\t<\/div>\n\n\t\n\n\t<div id=\"col-2013511050\" class=\"col medium-6 small-12 large-6\"  >\n\t\t\t\t<div class=\"col-inner text-center\"  >\n\t\t\t\n\t\t\t\n\t<div class=\"img has-hover x md-x lg-x y md-y lg-y\" id=\"image_659916837\">\n\t\t\t\t\t\t\t\t<div class=\"img-inner dark\" >\n\t\t\t<img decoding=\"async\" width=\"487\" height=\"233\" src=\"https:\/\/abix.com.br\/wp-content\/uploads\/2020\/04\/oil-img-3.png\" class=\"attachment-original size-original\" alt=\"\" srcset=\"https:\/\/abix.com.br\/wp-content\/uploads\/2020\/04\/oil-img-3.png 487w, https:\/\/abix.com.br\/wp-content\/uploads\/2020\/04\/oil-img-3-300x144.png 300w\" sizes=\"(max-width: 487px) 100vw, 487px\" \/>\t\t\t\t\t\t\n\t\t\t\t\t<\/div>\n\t\t\t\t\t\t\t\t\n<style>\n#image_659916837 {\n  width: 100%;\n}\n<\/style>\n\t<\/div>\n\t\n\t\t<\/div>\n\t\t\t\t\n<style>\n#col-2013511050 > .col-inner {\n  padding: 0px 0px 0px 0px;\n}\n<\/style>\n\t<\/div>\n\n\t\n\n<style>\n#row-1638185674 > .col > .col-inner {\n  padding: 0px 0px 0px 0px;\n}\n<\/style>\n<\/div>\n\t\t<\/div>\n\t\t\t\t\n<style>\n#col-1269514209 > .col-inner {\n  padding: 50px 50px 50px 50px;\n  margin: 50px 0px 50px 0px;\n}\n<\/style>\n\t<\/div>\n\n\t\n\n<style>\n#row-351336692 > .col > .col-inner {\n  background-color: rgb(255,255,255);\n}\n<\/style>\n<\/div>\n\t\t<\/div>\n\n\t\t\n<style>\n#section_1135864248 {\n  padding-top: 0px;\n  padding-bottom: 0px;\n}\n<\/style>\n\t<\/section>\n\t\n\n\t<section class=\"section\" id=\"section_1743484507\">\n\t\t<div class=\"section-bg fill\" >\n\t\t\t<img decoding=\"async\" width=\"1920\" height=\"228\" src=\"https:\/\/abix.com.br\/wp-content\/uploads\/2020\/04\/mineracao-bg-footer.png\" class=\"bg attachment-original size-original\" alt=\"\" \/>\t\t\t\t\t\t\n\t\t\t\n\n\t\t<\/div>\n\n\t\t\n\n\t\t<div class=\"section-content relative\">\n\t\t\t\n\t<div id=\"gap-2018965604\" class=\"gap-element clearfix\" style=\"display:block; height:auto;\">\n\t\t\n<style>\n#gap-2018965604 {\n  padding-top: 30px;\n}\n<\/style>\n\t<\/div>\n\t\n<div class=\"row align-middle align-center\"  id=\"row-1433564311\">\n\n\t<div id=\"col-783903923\" class=\"col medium-6 small-12 large-6\"  >\n\t\t\t\t<div class=\"col-inner\"  >\n\t\t\t\n\t\t\t\n\t<div id=\"text-715563530\" class=\"text\">\n\t\t\n<h2><strong>P\u00d3NGASE EN CONTACTO E INF\u00d3RMESE<\/strong><br \/>M\u00c1S INFORMACI\u00d3N SOBRE NUESTROS SERVICIOS<\/h2>\n\t\t\n<style>\n#text-715563530 {\n  color: rgb(255,255,255);\n}\n#text-715563530 > * {\n  color: rgb(255,255,255);\n}\n<\/style>\n\t<\/div>\n\t\n\t\t<\/div>\n\t\t\t\t\t<\/div>\n\n\t\n\n\t<div id=\"col-316204196\" class=\"col medium-4 small-12 large-4\"  >\n\t\t\t\t<div class=\"col-inner text-center\"  >\n\t\t\t\n\t\t\t\n<a href=\"https:\/\/abix.com.br\/es\/contato\/\" class=\"button primary btn-todos\"  >\n\t\t<span>P\u00f3ngase en contacto<\/span>\n\t<\/a>\n\n\t\t<\/div>\n\t\t\t\t\t<\/div>\n\n\t\n<\/div>\n\t\t<\/div>\n\n\t\t\n<style>\n#section_1743484507 {\n  padding-top: 30px;\n  padding-bottom: 30px;\n}\n<\/style>\n\t<\/section>\n\t\n","protected":false},"excerpt":{"rendered":"","protected":false},"author":1,"featured_media":0,"parent":0,"menu_order":0,"comment_status":"closed","ping_status":"closed","template":"page-blank.php","meta":{"footnotes":""},"class_list":["post-19163","page","type-page","status-publish","hentry"],"yoast_head":"<!-- This site is optimized with the Yoast SEO plugin v27.3 - https:\/\/yoast.com\/product\/yoast-seo-wordpress\/ -->\n<title>Petr\u00f3leo y gas - Radiocomunicaciones - Abix Tecnologia<\/title>\n<meta name=\"description\" content=\"Segmento de petr\u00f3leo y gas: Abix ofrece soluciones de radiocomunicaci\u00f3n para plataformas marinas, buques, refiner\u00edas y centros de operaciones.\" \/>\n<meta name=\"robots\" content=\"index, follow, max-snippet:-1, max-image-preview:large, max-video-preview:-1\" \/>\n<link rel=\"canonical\" href=\"https:\/\/abix.com.br\/segmento-oil-and-gas\/\" \/>\n<meta property=\"og:locale\" content=\"es_ES\" \/>\n<meta property=\"og:type\" content=\"article\" \/>\n<meta property=\"og:title\" content=\"Petr\u00f3leo y gas - Radiocomunicaciones - Abix Tecnologia\" \/>\n<meta property=\"og:description\" content=\"Segmento de petr\u00f3leo y gas: Abix ofrece soluciones de radiocomunicaci\u00f3n para plataformas marinas, buques, refiner\u00edas y centros de operaciones.\" \/>\n<meta property=\"og:url\" content=\"https:\/\/abix.com.br\/segmento-oil-and-gas\/\" \/>\n<meta property=\"og:site_name\" content=\"Abix\" \/>\n<meta property=\"article:modified_time\" content=\"2023-10-19T20:09:00+00:00\" \/>\n<meta name=\"twitter:card\" content=\"summary_large_image\" \/>\n<meta name=\"twitter:label1\" content=\"Tiempo de lectura\" \/>\n\t<meta name=\"twitter:data1\" content=\"3 minutos\" \/>\n<script type=\"application\/ld+json\" class=\"yoast-schema-graph\">{\"@context\":\"https:\\\/\\\/schema.org\",\"@graph\":[{\"@type\":\"WebPage\",\"@id\":\"https:\\\/\\\/abix.com.br\\\/segmento-oil-and-gas\\\/\",\"url\":\"https:\\\/\\\/abix.com.br\\\/segmento-oil-and-gas\\\/\",\"name\":\"Petr\u00f3leo y gas - Radiocomunicaciones - Abix Tecnologia\",\"isPartOf\":{\"@id\":\"https:\\\/\\\/abix.com.br\\\/#website\"},\"datePublished\":\"2020-04-24T20:13:20+00:00\",\"dateModified\":\"2023-10-19T20:09:00+00:00\",\"description\":\"Segmento de petr\u00f3leo y gas: Abix ofrece soluciones de radiocomunicaci\u00f3n para plataformas marinas, buques, refiner\u00edas y centros de operaciones.\",\"breadcrumb\":{\"@id\":\"https:\\\/\\\/abix.com.br\\\/segmento-oil-and-gas\\\/#breadcrumb\"},\"inLanguage\":\"es\",\"potentialAction\":[{\"@type\":\"ReadAction\",\"target\":[\"https:\\\/\\\/abix.com.br\\\/segmento-oil-and-gas\\\/\"]}]},{\"@type\":\"BreadcrumbList\",\"@id\":\"https:\\\/\\\/abix.com.br\\\/segmento-oil-and-gas\\\/#breadcrumb\",\"itemListElement\":[{\"@type\":\"ListItem\",\"position\":1,\"name\":\"In\u00edcio\",\"item\":\"https:\\\/\\\/abix.com.br\\\/es\\\/\"},{\"@type\":\"ListItem\",\"position\":2,\"name\":\"SEGMENTO DE PETR\u00d3LEO Y GAS\"}]},{\"@type\":\"WebSite\",\"@id\":\"https:\\\/\\\/abix.com.br\\\/#website\",\"url\":\"https:\\\/\\\/abix.com.br\\\/\",\"name\":\"Abix\",\"description\":\"\",\"potentialAction\":[{\"@type\":\"SearchAction\",\"target\":{\"@type\":\"EntryPoint\",\"urlTemplate\":\"https:\\\/\\\/abix.com.br\\\/?s={search_term_string}\"},\"query-input\":{\"@type\":\"PropertyValueSpecification\",\"valueRequired\":true,\"valueName\":\"search_term_string\"}}],\"inLanguage\":\"es\"}]}<\/script>\n<!-- \/ Yoast SEO plugin. -->","yoast_head_json":{"title":"Petr\u00f3leo y gas - Radiocomunicaciones - Abix Tecnologia","description":"Segmento de petr\u00f3leo y gas: Abix ofrece soluciones de radiocomunicaci\u00f3n para plataformas marinas, buques, refiner\u00edas y centros de operaciones.","robots":{"index":"index","follow":"follow","max-snippet":"max-snippet:-1","max-image-preview":"max-image-preview:large","max-video-preview":"max-video-preview:-1"},"canonical":"https:\/\/abix.com.br\/segmento-oil-and-gas\/","og_locale":"es_ES","og_type":"article","og_title":"Petr\u00f3leo y gas - Radiocomunicaciones - Abix Tecnologia","og_description":"Segmento de petr\u00f3leo y gas: Abix ofrece soluciones de radiocomunicaci\u00f3n para plataformas marinas, buques, refiner\u00edas y centros de operaciones.","og_url":"https:\/\/abix.com.br\/segmento-oil-and-gas\/","og_site_name":"Abix","article_modified_time":"2023-10-19T20:09:00+00:00","twitter_card":"summary_large_image","twitter_misc":{"Tiempo de lectura":"3 minutos"},"schema":{"@context":"https:\/\/schema.org","@graph":[{"@type":"WebPage","@id":"https:\/\/abix.com.br\/segmento-oil-and-gas\/","url":"https:\/\/abix.com.br\/segmento-oil-and-gas\/","name":"Petr\u00f3leo y gas - Radiocomunicaciones - Abix Tecnologia","isPartOf":{"@id":"https:\/\/abix.com.br\/#website"},"datePublished":"2020-04-24T20:13:20+00:00","dateModified":"2023-10-19T20:09:00+00:00","description":"Segmento de petr\u00f3leo y gas: Abix ofrece soluciones de radiocomunicaci\u00f3n para plataformas marinas, buques, refiner\u00edas y centros de operaciones.","breadcrumb":{"@id":"https:\/\/abix.com.br\/segmento-oil-and-gas\/#breadcrumb"},"inLanguage":"es","potentialAction":[{"@type":"ReadAction","target":["https:\/\/abix.com.br\/segmento-oil-and-gas\/"]}]},{"@type":"BreadcrumbList","@id":"https:\/\/abix.com.br\/segmento-oil-and-gas\/#breadcrumb","itemListElement":[{"@type":"ListItem","position":1,"name":"In\u00edcio","item":"https:\/\/abix.com.br\/es\/"},{"@type":"ListItem","position":2,"name":"SEGMENTO DE PETR\u00d3LEO Y GAS"}]},{"@type":"WebSite","@id":"https:\/\/abix.com.br\/#website","url":"https:\/\/abix.com.br\/","name":"Abix","description":"","potentialAction":[{"@type":"SearchAction","target":{"@type":"EntryPoint","urlTemplate":"https:\/\/abix.com.br\/?s={search_term_string}"},"query-input":{"@type":"PropertyValueSpecification","valueRequired":true,"valueName":"search_term_string"}}],"inLanguage":"es"}]}},"_links":{"self":[{"href":"https:\/\/abix.com.br\/es\/wp-json\/wp\/v2\/pages\/19163","targetHints":{"allow":["GET"]}}],"collection":[{"href":"https:\/\/abix.com.br\/es\/wp-json\/wp\/v2\/pages"}],"about":[{"href":"https:\/\/abix.com.br\/es\/wp-json\/wp\/v2\/types\/page"}],"author":[{"embeddable":true,"href":"https:\/\/abix.com.br\/es\/wp-json\/wp\/v2\/users\/1"}],"replies":[{"embeddable":true,"href":"https:\/\/abix.com.br\/es\/wp-json\/wp\/v2\/comments?post=19163"}],"version-history":[{"count":5,"href":"https:\/\/abix.com.br\/es\/wp-json\/wp\/v2\/pages\/19163\/revisions"}],"predecessor-version":[{"id":19586,"href":"https:\/\/abix.com.br\/es\/wp-json\/wp\/v2\/pages\/19163\/revisions\/19586"}],"wp:attachment":[{"href":"https:\/\/abix.com.br\/es\/wp-json\/wp\/v2\/media?parent=19163"}],"curies":[{"name":"wp","href":"https:\/\/api.w.org\/{rel}","templated":true}]}}