{"id":19168,"date":"2020-04-27T16:58:19","date_gmt":"2020-04-27T19:58:19","guid":{"rendered":"https:\/\/abix.com.br\/locacao-de-radios-para-hotelaria\/"},"modified":"2024-03-25T15:22:50","modified_gmt":"2024-03-25T18:22:50","slug":"locacao-de-radios-para-hotelaria","status":"publish","type":"page","link":"https:\/\/abix.com.br\/es\/locacao-de-radios-para-hotelaria\/","title":{"rendered":"Segmento hosteler\u00eda"},"content":{"rendered":"\n\t<section class=\"section paginas-internas\" id=\"section_1010912447\">\n\t\t<div class=\"section-bg fill\" >\n\t\t\t\t\t\t\t\t\t\n\t\t\t\n\n\t\t<\/div>\n\n\t\t\n\n\t\t<div class=\"section-content relative\">\n\t\t\t\n<div class=\"row\"  id=\"row-621080632\">\n\n\t<div id=\"col-429199575\" class=\"col small-12 large-12\"  >\n\t\t\t\t<div class=\"col-inner\"  >\n\t\t\t\n\t\t\t\n<h1 style=\"text-align: center;\">SEGMENTO HOTELERO<\/h1>\n\t\t<\/div>\n\t\t\t\t\t<\/div>\n\n\t\n<\/div>\n\t\t<\/div>\n\n\t\t\n<style>\n#section_1010912447 {\n  padding-top: 70px;\n  padding-bottom: 70px;\n}\n<\/style>\n\t<\/section>\n\t\n\n\t<section class=\"section\" id=\"section_626932504\">\n\t\t<div class=\"section-bg fill\" >\n\t\t\t\t\t\t\t\t\t\n\t\t\t\n\n\t\t<\/div>\n\n\t\t\n\n\t\t<div class=\"section-content relative\">\n\t\t\t\n<div class=\"row align-middle\"  id=\"row-1337341595\">\n\n\t<div id=\"col-722764055\" class=\"col medium-6 small-12 large-6\"  >\n\t\t\t\t<div class=\"col-inner\"  >\n\t\t\t\n\t\t\t\n\t<div class=\"img has-hover x md-x lg-x y md-y lg-y\" id=\"image_130539275\">\n\t\t\t\t\t\t\t\t<div class=\"img-inner dark\" >\n\t\t\t<img decoding=\"async\" width=\"585\" height=\"382\" src=\"https:\/\/abix.com.br\/wp-content\/uploads\/2020\/04\/img-segmento-hotelaria-1.jpg\" class=\"attachment-large size-large\" alt=\"\" srcset=\"https:\/\/abix.com.br\/wp-content\/uploads\/2020\/04\/img-segmento-hotelaria-1.jpg 585w, https:\/\/abix.com.br\/wp-content\/uploads\/2020\/04\/img-segmento-hotelaria-1-300x196.jpg 300w\" sizes=\"(max-width: 585px) 100vw, 585px\" \/>\t\t\t\t\t\t\n\t\t\t\t\t<\/div>\n\t\t\t\t\t\t\t\t\n<style>\n#image_130539275 {\n  width: 100%;\n}\n<\/style>\n\t<\/div>\n\t\n\t\t<\/div>\n\t\t\t\t\t<\/div>\n\n\t\n\n\t<div id=\"col-428907283\" class=\"col medium-6 small-12 large-6\"  >\n\t\t\t\t<div class=\"col-inner\"  >\n\t\t\t\n\t\t\t\n<h2><strong>GARANTIZAR LA COMUNICACI\u00d3N ENTRE TODAS LAS \u00c1REAS DE SU <\/strong>HOTEL MEJORA LA EXPERIENCIA DE SUS HU\u00c9SPEDES.<\/h2>\n<p>Abix entiende la importancia del turismo para Brasil y ofrece soluciones de comunicaci\u00f3n por radio para hoteles de todos los tama\u00f1os y calibres. A trav\u00e9s de sistemas con cobertura local, regional e incluso nacional, su establecimiento puede comunicarse donde quiera, con quien quiera y cuando quiera, agilizando todas sus operaciones y elevando el nivel de seguridad.<\/p>\n\t\t<\/div>\n\t\t\t\t\t<\/div>\n\n\t\n<\/div>\n\t\t<\/div>\n\n\t\t\n<style>\n#section_626932504 {\n  padding-top: 30px;\n  padding-bottom: 30px;\n}\n<\/style>\n\t<\/section>\n\t\n\n\t<section class=\"section\" id=\"section_1785642045\">\n\t\t<div class=\"section-bg fill\" >\n\t\t\t\t\t\t\t\t\t\n\t\t\t\n\n\t\t<\/div>\n\n\t\t\n\n\t\t<div class=\"section-content relative\">\n\t\t\t\n<div class=\"row\"  id=\"row-248461829\">\n\n\t<div id=\"col-517364242\" class=\"col medium-4 small-12 large-4\"  >\n\t\t\t\t<div class=\"col-inner\"  >\n\t\t\t\n\t\t\t\n<div class=\"row\"  id=\"row-1630572335\">\n\n\t<div id=\"col-1779237806\" class=\"col small-12 large-12\"  >\n\t\t\t\t<div class=\"col-inner\" style=\"background-color:rgb(1, 155, 229);\" >\n\t\t\t\n\t\t\t\n\t<div id=\"gap-758007818\" class=\"gap-element clearfix\" style=\"display:block; height:auto;\">\n\t\t\n<style>\n#gap-758007818 {\n  padding-top: 30px;\n}\n<\/style>\n\t<\/div>\n\t\n\t<div id=\"text-555215176\" class=\"text\">\n\t\t\n<p class=\"impact-text\">Para hoteles peque\u00f1os, ofrecemos comunicaci\u00f3n entre radios m\u00f3viles y port\u00e1tiles sin necesidad de repetidores ni puntos de retransmisi\u00f3n.<\/p>\n<\/p>\n\t\t\n<style>\n#text-555215176 {\n  color: rgb(255,255,255);\n}\n#text-555215176 > * {\n  color: rgb(255,255,255);\n}\n<\/style>\n\t<\/div>\n\t\n\t\t<\/div>\n\t\t\t\t\n<style>\n#col-1779237806 > .col-inner {\n  padding: 20px 20px 47px 20px;\n}\n<\/style>\n\t<\/div>\n\n\t\n<\/div>\n\t\t<\/div>\n\t\t\t\t\t<\/div>\n\n\t\n\n\t<div id=\"col-775281063\" class=\"col medium-4 small-12 large-4\"  >\n\t\t\t\t<div class=\"col-inner\"  >\n\t\t\t\n\t\t\t\n<div class=\"row\"  id=\"row-1732484378\">\n\n\t<div id=\"col-361328784\" class=\"col small-12 large-12\"  >\n\t\t\t\t<div class=\"col-inner\" style=\"background-color:rgb(28, 94, 172);\" >\n\t\t\t\n\t\t\t\n\t<div id=\"gap-1300562295\" class=\"gap-element clearfix\" style=\"display:block; height:auto;\">\n\t\t\n<style>\n#gap-1300562295 {\n  padding-top: 30px;\n}\n<\/style>\n\t<\/div>\n\t\n\t<div id=\"text-3044871312\" class=\"text\">\n\t\t\n<p>Los hoteles medianos y grandes pueden recurrir a la comunicaci\u00f3n entre dispositivos port\u00e1tiles y m\u00f3viles mediante antenas repetidoras situadas en el interior de edificios o torres.<\/p>\n\t\t\n<style>\n#text-3044871312 {\n  color: rgb(255,255,255);\n}\n#text-3044871312 > * {\n  color: rgb(255,255,255);\n}\n<\/style>\n\t<\/div>\n\t\n\t\t<\/div>\n\t\t\t\t\n<style>\n#col-361328784 > .col-inner {\n  padding: 20px 20px 20px 20px;\n}\n<\/style>\n\t<\/div>\n\n\t\n<\/div>\n\t\t<\/div>\n\t\t\t\t\t<\/div>\n\n\t\n\n\t<div id=\"col-434312325\" class=\"col medium-4 small-12 large-4\"  >\n\t\t\t\t<div class=\"col-inner\"  >\n\t\t\t\n\t\t\t\n<div class=\"row\"  id=\"row-422678538\">\n\n\t<div id=\"col-2139699349\" class=\"col small-12 large-12\"  >\n\t\t\t\t<div class=\"col-inner\" style=\"background-color:rgb(36, 54, 126);\" >\n\t\t\t\n\t\t\t\n\t<div id=\"gap-588132917\" class=\"gap-element clearfix\" style=\"display:block; height:auto;\">\n\t\t\n<style>\n#gap-588132917 {\n  padding-top: 30px;\n}\n<\/style>\n\t<\/div>\n\t\n\t<div id=\"text-1108505780\" class=\"text\">\n\t\t\n<p class=\"impact-text\">Para los hoteles en los que la zona de cobertura es amplia, la comunicaci\u00f3n puede realizarse mediante repetidores e incluso la interconexi\u00f3n de infraestructuras a trav\u00e9s de una red IP.<\/p>\n\t\t\n<style>\n#text-1108505780 {\n  color: rgb(255,255,255);\n}\n#text-1108505780 > * {\n  color: rgb(255,255,255);\n}\n<\/style>\n\t<\/div>\n\t\n\t\t<\/div>\n\t\t\t\t\n<style>\n#col-2139699349 > .col-inner {\n  padding: 20px 20px 47px 20px;\n}\n<\/style>\n\t<\/div>\n\n\t\n<\/div>\n\t\t<\/div>\n\t\t\t\t\t<\/div>\n\n\t\n<\/div>\n\t\t<\/div>\n\n\t\t\n<style>\n#section_1785642045 {\n  padding-top: 30px;\n  padding-bottom: 30px;\n}\n<\/style>\n\t<\/section>\n\t\n\n\t<section class=\"section\" id=\"section_439458005\">\n\t\t<div class=\"section-bg fill\" >\n\t\t\t\t\t\t\t\t\t\n\t\t\t\n\n\t\t<\/div>\n\n\t\t\n\n\t\t<div class=\"section-content relative\">\n\t\t\t\n<div class=\"row\"  id=\"row-403779170\">\n\n\t<div id=\"col-1183736192\" class=\"col small-12 large-12\"  >\n\t\t\t\t<div class=\"col-inner\"  >\n\t\t\t\n\t\t\t\n\t<div id=\"text-2228259885\" class=\"text\">\n\t\t\n<h2 style=\"text-align: center;\">TODO PARA PROPORCIONAR SISTEMAS FIABLES CON EL ALCANCE Y LA COBERTURA NECESARIOS PARA GARANTIZAR UNA COMUNICACI\u00d3N EFICAZ ENTRE SUS EMPLEADOS Y OFRECER UNA EXPERIENCIA DE GRAN VALOR A SUS HU\u00c9SPEDES.<\/h2>\n\t\t\n<style>\n#text-2228259885 {\n  text-align: center;\n  color: rgb(255,255,255);\n}\n#text-2228259885 > * {\n  color: rgb(255,255,255);\n}\n<\/style>\n\t<\/div>\n\t\n\t\t<\/div>\n\t\t\t\t\t<\/div>\n\n\t\n<\/div>\n\t\t<\/div>\n\n\t\t\n<style>\n#section_439458005 {\n  padding-top: 30px;\n  padding-bottom: 30px;\n  background-color: rgb(28, 94, 172);\n}\n<\/style>\n\t<\/section>\n\t\n\n\t<section class=\"section\" id=\"section_1888395754\">\n\t\t<div class=\"section-bg fill\" >\n\t\t\t\t\t\t\t\t\t\n\t\t\t\n\n\t\t<\/div>\n\n\t\t\n\n\t\t<div class=\"section-content relative\">\n\t\t\t\n<div class=\"row align-middle\"  id=\"row-1342266086\">\n\n\t<div id=\"col-425888090\" class=\"col medium-6 small-12 large-6\"  >\n\t\t\t\t<div class=\"col-inner\"  >\n\t\t\t\n\t\t\t\n<h2><strong>HU\u00c9SPEDES<\/strong> SATISFECHOS<\/h2>\n<p>Los hoteles modernos necesitan comunicaciones digitales unificadas, que respalden sus operaciones con soluciones de comunicaciones integradas que impulsen su negocio aumentando su presencia. Personal conectado, reducci\u00f3n de la inactividad, optimizaci\u00f3n de la mano de obra con un claro objetivo: la satisfacci\u00f3n del cliente.<\/p>\n\t\t<\/div>\n\t\t\t\t\t<\/div>\n\n\t\n\n\t<div id=\"col-818641635\" class=\"col medium-6 small-12 large-6\"  >\n\t\t\t\t<div class=\"col-inner\"  >\n\t\t\t\n\t\t\t\n\t<div class=\"img has-hover x md-x lg-x y md-y lg-y\" id=\"image_585566851\">\n\t\t\t\t\t\t\t\t<div class=\"img-inner dark\" >\n\t\t\t<img decoding=\"async\" width=\"586\" height=\"316\" src=\"https:\/\/abix.com.br\/wp-content\/uploads\/2020\/04\/img-segmento-hotelaria-2.png\" class=\"attachment-original size-original\" alt=\"\" srcset=\"https:\/\/abix.com.br\/wp-content\/uploads\/2020\/04\/img-segmento-hotelaria-2.png 586w, https:\/\/abix.com.br\/wp-content\/uploads\/2020\/04\/img-segmento-hotelaria-2-300x162.png 300w\" sizes=\"(max-width: 586px) 100vw, 586px\" \/>\t\t\t\t\t\t\n\t\t\t\t\t<\/div>\n\t\t\t\t\t\t\t\t\n<style>\n#image_585566851 {\n  width: 100%;\n}\n<\/style>\n\t<\/div>\n\t\n\t\t<\/div>\n\t\t\t\t\t<\/div>\n\n\t\n<\/div>\n\t\t<\/div>\n\n\t\t\n<style>\n#section_1888395754 {\n  padding-top: 30px;\n  padding-bottom: 30px;\n  background-color: rgb(243, 240, 247);\n}\n<\/style>\n\t<\/section>\n\t\n\n\t<section class=\"section\" id=\"section_1758332351\">\n\t\t<div class=\"section-bg fill\" >\n\t\t\t\t\t\t\t\t\t\n\t\t\t\n\n\t\t<\/div>\n\n\t\t\n\n\t\t<div class=\"section-content relative\">\n\t\t\t\n<div class=\"row\"  id=\"row-988255147\">\n\n\t<div id=\"col-2006604851\" class=\"col small-12 large-12\"  >\n\t\t\t\t<div class=\"col-inner\"  >\n\t\t\t\n\t\t\t\n\t<div id=\"gap-1192594250\" class=\"gap-element clearfix\" style=\"display:block; height:auto;\">\n\t\t\n<style>\n#gap-1192594250 {\n  padding-top: 60px;\n}\n<\/style>\n\t<\/div>\n\t\n\t<div id=\"text-2832886616\" class=\"text\">\n\t\t\n<h4><strong>ABIX OFRECE SOLUCIONES DE RADIOCOMUNICACI\u00d3N PARA HOTELES EN R\u00c9GIMEN DE ALQUILER,<\/strong> INCLUYENDO NUMEROSOS SERVICIOS QUE MAXIMIZAN LA RELACI\u00d3N COSTE\/BENEFICIO DE LOS SERVICIOS, COMO POR EJEMPLO<\/h4>\n\t\t\n<style>\n#text-2832886616 {\n  text-align: center;\n  color: rgb(255, 255, 255);\n}\n#text-2832886616 > * {\n  color: rgb(255, 255, 255);\n}\n<\/style>\n\t<\/div>\n\t\n\t<div id=\"gap-399949568\" class=\"gap-element clearfix\" style=\"display:block; height:auto;\">\n\t\t\n<style>\n#gap-399949568 {\n  padding-top: 30px;\n}\n<\/style>\n\t<\/div>\n\t\n<div class=\"row\"  id=\"row-182480692\">\n\n\t<div id=\"col-1216902807\" class=\"col medium-4 small-12 large-4\"  >\n\t\t\t\t<div class=\"col-inner\"  >\n\t\t\t\n\t\t\t\n\t<div id=\"text-4214400838\" class=\"text\">\n\t\t\n<ul>\n<li>Proyectos a medida;<\/li>\n<li>Proyecto de licencias de frecuencias;<\/li>\n<li>Asistencia t\u00e9cnica telef\u00f3nica;<\/li>\n<li>Contratos SLA de servicios especiales;<\/li>\n<li>Sustituci\u00f3n gratuita del equipo*;<\/li>\n<\/ul>\n\t\t\n<style>\n#text-4214400838 {\n  color: rgb(255, 255, 255);\n}\n#text-4214400838 > * {\n  color: rgb(255, 255, 255);\n}\n<\/style>\n\t<\/div>\n\t\n\t\t<\/div>\n\t\t\t\t\t<\/div>\n\n\t\n\n\t<div id=\"col-845708599\" class=\"col medium-4 small-12 large-4\"  >\n\t\t\t\t<div class=\"col-inner\"  >\n\t\t\t\n\t\t\t\n\t<div id=\"text-863121004\" class=\"text\">\n\t\t\n<ul>\n<li>Equipo especializado;<\/li>\n<li>La mayor gama de radios profesionales de Brasil;<\/li>\n<li>Radios anal\u00f3gicas y radios digitales;<\/li>\n<li>Radiocomunicadores con GPS y Bluetooth;<\/li>\n<\/ul>\n\t\t\n<style>\n#text-863121004 {\n  color: rgb(255,255,255);\n}\n#text-863121004 > * {\n  color: rgb(255,255,255);\n}\n<\/style>\n\t<\/div>\n\t\n\t\t<\/div>\n\t\t\t\t\t<\/div>\n\n\t\n\n\t<div id=\"col-227080058\" class=\"col medium-4 small-12 large-4\"  >\n\t\t\t\t<div class=\"col-inner\"  >\n\t\t\t\n\t\t\t\n\t<div id=\"text-1863974333\" class=\"text\">\n\t\t\n<ul>\n<li>Transmisi\u00f3n de datos y voz a trav\u00e9s de radiocomunicadores;<\/li>\n<li>Grabaci\u00f3n de comunicaciones;<\/li>\n<li>Centro de Despacho;<\/li>\n<li>Funciones de emergencia.<\/li>\n<\/ul>\n\t\t\n<style>\n#text-1863974333 {\n  color: rgb(255,255,255);\n}\n#text-1863974333 > * {\n  color: rgb(255,255,255);\n}\n<\/style>\n\t<\/div>\n\t\n\t\t<\/div>\n\t\t\t\t\t<\/div>\n\n\t\n<\/div>\n\t\t<\/div>\n\t\t\t\t\t<\/div>\n\n\t\n<\/div>\n\t\t<\/div>\n\n\t\t\n<style>\n#section_1758332351 {\n  padding-top: 30px;\n  padding-bottom: 30px;\n  background-color: rgb(59, 95, 169);\n}\n<\/style>\n\t<\/section>\n\t\n\n\t<section class=\"section\" id=\"section_531735634\">\n\t\t<div class=\"section-bg fill\" >\n\t\t\t\t\t\t\t\t\t\n\t\t\t\n\n\t\t<\/div>\n\n\t\t\n\n\t\t<div class=\"section-content relative\">\n\t\t\t\n<div class=\"row align-middle\"  id=\"row-1844135907\">\n\n\t<div id=\"col-1424706196\" class=\"col medium-6 small-12 large-6\"  >\n\t\t\t\t<div class=\"col-inner\"  >\n\t\t\t\n\t\t\t\n\t<div class=\"img has-hover x md-x lg-x y md-y lg-y\" id=\"image_611683601\">\n\t\t\t\t\t\t\t\t<div class=\"img-inner dark\" >\n\t\t\t<img decoding=\"async\" width=\"584\" height=\"357\" src=\"https:\/\/abix.com.br\/wp-content\/uploads\/2020\/04\/img-segmento-hotelaria-3.jpg\" class=\"attachment-original size-original\" alt=\"\" srcset=\"https:\/\/abix.com.br\/wp-content\/uploads\/2020\/04\/img-segmento-hotelaria-3.jpg 584w, https:\/\/abix.com.br\/wp-content\/uploads\/2020\/04\/img-segmento-hotelaria-3-300x183.jpg 300w\" sizes=\"(max-width: 584px) 100vw, 584px\" \/>\t\t\t\t\t\t\n\t\t\t\t\t<\/div>\n\t\t\t\t\t\t\t\t\n<style>\n#image_611683601 {\n  width: 100%;\n}\n<\/style>\n\t<\/div>\n\t\n\t\t<\/div>\n\t\t\t\t\t<\/div>\n\n\t\n\n\t<div id=\"col-2096706704\" class=\"col medium-6 small-12 large-6\"  >\n\t\t\t\t<div class=\"col-inner\"  >\n\t\t\t\n\t\t\t\n<h2><strong>PROVEEDOR L\u00cdDER<\/strong><br \/>PARA LA INDUSTRIA HOTELERA<\/h2>\n<p><a href=\"https:\/\/www.abix.com.br\/es\/\">Abix<\/a> es un proveedor l\u00edder de soluciones de radiocomunicaciones para la industria hotelera en Brasil. Entendemos que una comunicaci\u00f3n de equipo eficaz puede transformar la experiencia de los hu\u00e9spedes.<\/p>\n<p>Ya sea en situaciones cotidianas o en eventos de emergencia, nuestras soluciones de comunicaci\u00f3n por radio proporcionan una conexi\u00f3n entre el personal del hotel en todos los entornos, ya sea en interiores o exteriores, en diferentes plantas y bajo tierra, siempre con una comunicaci\u00f3n instant\u00e1nea, fiable e ilimitada.<\/p>\n\t\t<\/div>\n\t\t\t\t\t<\/div>\n\n\t\n<\/div>\n\t\t<\/div>\n\n\t\t\n<style>\n#section_531735634 {\n  padding-top: 30px;\n  padding-bottom: 30px;\n}\n<\/style>\n\t<\/section>\n\t\n","protected":false},"excerpt":{"rendered":"","protected":false},"author":1,"featured_media":0,"parent":0,"menu_order":0,"comment_status":"closed","ping_status":"closed","template":"page-blank.php","meta":{"footnotes":""},"class_list":["post-19168","page","type-page","status-publish","hentry"],"yoast_head":"<!-- This site is optimized with the Yoast SEO plugin v27.5 - https:\/\/yoast.com\/product\/yoast-seo-wordpress\/ -->\n<title>HOTEL RADIO HIRING - Abix Communications<\/title>\n<meta name=\"description\" content=\"Abix es un proveedor l\u00edder de soluciones de radiocomunicaciones para la industria hotelera en Brasil. Visite nuestro sitio web y compru\u00e9belo.\" \/>\n<meta name=\"robots\" content=\"index, follow, max-snippet:-1, max-image-preview:large, max-video-preview:-1\" \/>\n<link rel=\"canonical\" href=\"https:\/\/abix.com.br\/es\/locacao-de-radios-para-hotelaria\/\" \/>\n<meta property=\"og:locale\" content=\"es_ES\" \/>\n<meta property=\"og:type\" content=\"article\" \/>\n<meta property=\"og:title\" content=\"HOTEL RADIO HIRING - Abix Communications\" \/>\n<meta property=\"og:description\" content=\"Abix es un proveedor l\u00edder de soluciones de radiocomunicaciones para la industria hotelera en Brasil. Visite nuestro sitio web y compru\u00e9belo.\" \/>\n<meta property=\"og:url\" content=\"https:\/\/abix.com.br\/es\/locacao-de-radios-para-hotelaria\/\" \/>\n<meta property=\"og:site_name\" content=\"Abix\" \/>\n<meta property=\"article:modified_time\" content=\"2024-03-25T18:22:50+00:00\" \/>\n<meta name=\"twitter:card\" content=\"summary_large_image\" \/>\n<meta name=\"twitter:label1\" content=\"Tiempo de lectura\" \/>\n\t<meta name=\"twitter:data1\" content=\"3 minutos\" \/>\n<script type=\"application\/ld+json\" class=\"yoast-schema-graph\">{\"@context\":\"https:\\\/\\\/schema.org\",\"@graph\":[{\"@type\":\"WebPage\",\"@id\":\"https:\\\/\\\/abix.com.br\\\/es\\\/locacao-de-radios-para-hotelaria\\\/\",\"url\":\"https:\\\/\\\/abix.com.br\\\/es\\\/locacao-de-radios-para-hotelaria\\\/\",\"name\":\"HOTEL RADIO HIRING - Abix Communications\",\"isPartOf\":{\"@id\":\"https:\\\/\\\/abix.com.br\\\/#website\"},\"datePublished\":\"2020-04-27T19:58:19+00:00\",\"dateModified\":\"2024-03-25T18:22:50+00:00\",\"description\":\"Abix es un proveedor l\u00edder de soluciones de radiocomunicaciones para la industria hotelera en Brasil. Visite nuestro sitio web y compru\u00e9belo.\",\"breadcrumb\":{\"@id\":\"https:\\\/\\\/abix.com.br\\\/es\\\/locacao-de-radios-para-hotelaria\\\/#breadcrumb\"},\"inLanguage\":\"es\",\"potentialAction\":[{\"@type\":\"ReadAction\",\"target\":[\"https:\\\/\\\/abix.com.br\\\/es\\\/locacao-de-radios-para-hotelaria\\\/\"]}]},{\"@type\":\"BreadcrumbList\",\"@id\":\"https:\\\/\\\/abix.com.br\\\/es\\\/locacao-de-radios-para-hotelaria\\\/#breadcrumb\",\"itemListElement\":[{\"@type\":\"ListItem\",\"position\":1,\"name\":\"In\u00edcio\",\"item\":\"https:\\\/\\\/abix.com.br\\\/es\\\/\"},{\"@type\":\"ListItem\",\"position\":2,\"name\":\"Segmento hosteler\u00eda\"}]},{\"@type\":\"WebSite\",\"@id\":\"https:\\\/\\\/abix.com.br\\\/#website\",\"url\":\"https:\\\/\\\/abix.com.br\\\/\",\"name\":\"Abix\",\"description\":\"\",\"potentialAction\":[{\"@type\":\"SearchAction\",\"target\":{\"@type\":\"EntryPoint\",\"urlTemplate\":\"https:\\\/\\\/abix.com.br\\\/?s={search_term_string}\"},\"query-input\":{\"@type\":\"PropertyValueSpecification\",\"valueRequired\":true,\"valueName\":\"search_term_string\"}}],\"inLanguage\":\"es\"}]}<\/script>\n<!-- \/ Yoast SEO plugin. -->","yoast_head_json":{"title":"HOTEL RADIO HIRING - Abix Communications","description":"Abix es un proveedor l\u00edder de soluciones de radiocomunicaciones para la industria hotelera en Brasil. Visite nuestro sitio web y compru\u00e9belo.","robots":{"index":"index","follow":"follow","max-snippet":"max-snippet:-1","max-image-preview":"max-image-preview:large","max-video-preview":"max-video-preview:-1"},"canonical":"https:\/\/abix.com.br\/es\/locacao-de-radios-para-hotelaria\/","og_locale":"es_ES","og_type":"article","og_title":"HOTEL RADIO HIRING - Abix Communications","og_description":"Abix es un proveedor l\u00edder de soluciones de radiocomunicaciones para la industria hotelera en Brasil. Visite nuestro sitio web y compru\u00e9belo.","og_url":"https:\/\/abix.com.br\/es\/locacao-de-radios-para-hotelaria\/","og_site_name":"Abix","article_modified_time":"2024-03-25T18:22:50+00:00","twitter_card":"summary_large_image","twitter_misc":{"Tiempo de lectura":"3 minutos"},"schema":{"@context":"https:\/\/schema.org","@graph":[{"@type":"WebPage","@id":"https:\/\/abix.com.br\/es\/locacao-de-radios-para-hotelaria\/","url":"https:\/\/abix.com.br\/es\/locacao-de-radios-para-hotelaria\/","name":"HOTEL RADIO HIRING - Abix Communications","isPartOf":{"@id":"https:\/\/abix.com.br\/#website"},"datePublished":"2020-04-27T19:58:19+00:00","dateModified":"2024-03-25T18:22:50+00:00","description":"Abix es un proveedor l\u00edder de soluciones de radiocomunicaciones para la industria hotelera en Brasil. Visite nuestro sitio web y compru\u00e9belo.","breadcrumb":{"@id":"https:\/\/abix.com.br\/es\/locacao-de-radios-para-hotelaria\/#breadcrumb"},"inLanguage":"es","potentialAction":[{"@type":"ReadAction","target":["https:\/\/abix.com.br\/es\/locacao-de-radios-para-hotelaria\/"]}]},{"@type":"BreadcrumbList","@id":"https:\/\/abix.com.br\/es\/locacao-de-radios-para-hotelaria\/#breadcrumb","itemListElement":[{"@type":"ListItem","position":1,"name":"In\u00edcio","item":"https:\/\/abix.com.br\/es\/"},{"@type":"ListItem","position":2,"name":"Segmento hosteler\u00eda"}]},{"@type":"WebSite","@id":"https:\/\/abix.com.br\/#website","url":"https:\/\/abix.com.br\/","name":"Abix","description":"","potentialAction":[{"@type":"SearchAction","target":{"@type":"EntryPoint","urlTemplate":"https:\/\/abix.com.br\/?s={search_term_string}"},"query-input":{"@type":"PropertyValueSpecification","valueRequired":true,"valueName":"search_term_string"}}],"inLanguage":"es"}]}},"_links":{"self":[{"href":"https:\/\/abix.com.br\/es\/wp-json\/wp\/v2\/pages\/19168","targetHints":{"allow":["GET"]}}],"collection":[{"href":"https:\/\/abix.com.br\/es\/wp-json\/wp\/v2\/pages"}],"about":[{"href":"https:\/\/abix.com.br\/es\/wp-json\/wp\/v2\/types\/page"}],"author":[{"embeddable":true,"href":"https:\/\/abix.com.br\/es\/wp-json\/wp\/v2\/users\/1"}],"replies":[{"embeddable":true,"href":"https:\/\/abix.com.br\/es\/wp-json\/wp\/v2\/comments?post=19168"}],"version-history":[{"count":5,"href":"https:\/\/abix.com.br\/es\/wp-json\/wp\/v2\/pages\/19168\/revisions"}],"predecessor-version":[{"id":20162,"href":"https:\/\/abix.com.br\/es\/wp-json\/wp\/v2\/pages\/19168\/revisions\/20162"}],"wp:attachment":[{"href":"https:\/\/abix.com.br\/es\/wp-json\/wp\/v2\/media?parent=19168"}],"curies":[{"name":"wp","href":"https:\/\/api.w.org\/{rel}","templated":true}]}}