{"id":19173,"date":"2023-09-18T09:35:28","date_gmt":"2023-09-18T12:35:28","guid":{"rendered":"https:\/\/abix.com.br\/eventos\/"},"modified":"2023-10-19T17:11:20","modified_gmt":"2023-10-19T20:11:20","slug":"eventos","status":"publish","type":"page","link":"https:\/\/abix.com.br\/es\/eventos\/","title":{"rendered":"Eventos"},"content":{"rendered":"\n\t<section class=\"section paginas-internas\" id=\"section_1648181725\">\n\t\t<div class=\"section-bg fill\" >\n\t\t\t\t\t\t\t\t\t\n\t\t\t\n\n\t\t<\/div>\n\n\t\t\n\n\t\t<div class=\"section-content relative\">\n\t\t\t\n<div class=\"row\"  id=\"row-1386703106\">\n\n\t<div id=\"col-357282987\" class=\"col small-12 large-12\"  >\n\t\t\t\t<div class=\"col-inner\"  >\n\t\t\t\n\t\t\t\n<h1 style=\"text-align: center;\">ALQUILER PARA EVENTOS<\/h1>\n\t\t<\/div>\n\t\t\t\t\t<\/div>\n\n\t\n<\/div>\n\t\t<\/div>\n\n\t\t\n<style>\n#section_1648181725 {\n  padding-top: 70px;\n  padding-bottom: 70px;\n}\n<\/style>\n\t<\/section>\n\t\n\n\t<section class=\"section\" id=\"section_2077179443\">\n\t\t<div class=\"section-bg fill\" >\n\t\t\t\t\t\t\t\t\t\n\t\t\t\n\n\t\t<\/div>\n\n\t\t\n\n\t\t<div class=\"section-content relative\">\n\t\t\t\n<div class=\"row\"  id=\"row-459986669\">\n\n\t<div id=\"col-766068036\" class=\"col medium-6 small-12 large-6\"  >\n\t\t\t\t<div class=\"col-inner text-right\"  >\n\t\t\t\n\t\t\t\n\t<div id=\"text-877673563\" class=\"text\">\n\t\t\n<h2 style=\"text-align: right;\">EL <strong>\u00c9XITO DE UN ACONTECIMIENTO DEPENDE EN GRAN MEDIDA DE <\/strong>LA EFICACIA Y RAPIDEZ DEL SISTEMA DE COMUNICACI\u00d3N UTILIZADO<\/h2>\n\t\t\n<style>\n#text-877673563 {\n  text-align: right;\n  color: #3365ae;\n}\n#text-877673563 > * {\n  color: #3365ae;\n}\n<\/style>\n\t<\/div>\n\t\n<a href=\"https:\/\/abix.com.br\/es\/vantagens-de-se-alugar-com-abix\/\" class=\"button primary btn-homr\"  >\n\t\t<span>DESCUBRA NUESTRAS VENTAJAS<\/span>\n\t<\/a>\n\n\t\t<\/div>\n\t\t\t\t\n<style>\n#col-766068036 > .col-inner {\n  margin: 0px 0px 0px 0px;\n}\n<\/style>\n\t<\/div>\n\n\t\n\n\t<div id=\"col-896690483\" class=\"col medium-6 small-12 large-6\"  >\n\t\t\t\t<div class=\"col-inner\"  >\n\t\t\t\n\t\t\t\n\t<div class=\"img has-hover x md-x lg-x y md-y lg-y\" id=\"image_699545029\">\n\t\t\t\t\t\t\t\t<div class=\"img-inner dark\" >\n\t\t\t<img decoding=\"async\" width=\"585\" height=\"228\" src=\"https:\/\/abix.com.br\/wp-content\/uploads\/2020\/06\/img-locacao-eventos-1.jpg\" class=\"attachment-original size-original\" alt=\"\" srcset=\"https:\/\/abix.com.br\/wp-content\/uploads\/2020\/06\/img-locacao-eventos-1.jpg 585w, https:\/\/abix.com.br\/wp-content\/uploads\/2020\/06\/img-locacao-eventos-1-300x117.jpg 300w\" sizes=\"(max-width: 585px) 100vw, 585px\" \/>\t\t\t\t\t\t\n\t\t\t\t\t<\/div>\n\t\t\t\t\t\t\t\t\n<style>\n#image_699545029 {\n  width: 100%;\n}\n<\/style>\n\t<\/div>\n\t\n\t\t<\/div>\n\t\t\t\t\t<\/div>\n\n\t\n\n<style>\n#row-459986669 > .col > .col-inner {\n  padding: 0px 0px 50px 0px;\n}\n<\/style>\n<\/div>\n\t\t<\/div>\n\n\t\t\n<style>\n#section_2077179443 {\n  padding-top: 0px;\n  padding-bottom: 0px;\n}\n<\/style>\n\t<\/section>\n\t\n\n\t<section class=\"section\" id=\"section_1139981908\">\n\t\t<div class=\"section-bg fill\" >\n\t\t\t<img decoding=\"async\" width=\"1920\" height=\"534\" src=\"https:\/\/abix.com.br\/wp-content\/uploads\/2020\/06\/img-radios-acpo-2.jpg\" class=\"bg attachment-original size-original\" alt=\"\" \/>\t\t\t\t\t\t\n\t\t\t\n\n\t\t<\/div>\n\n\t\t\n\n\t\t<div class=\"section-content relative\">\n\t\t\t\n<div class=\"row fundo_locacao\"  id=\"row-445503150\">\n\n\t<div id=\"col-853131008\" class=\"col small-12 large-12\"  >\n\t\t\t\t<div class=\"col-inner\"  >\n\t\t\t\n\t\t\t\n\t<div id=\"text-3986362931\" class=\"text\">\n\t\t\n<h2><\/h2>\n<h2>ESPECIALISTAS EN ALQUILER DE SISTEMAS DE RADIOCOMUNICACI\u00d3N<\/h2>\n<p>Abix Tecnologia dispone de una estructura enteramente dedicada a eventos, incluyendo un equipo t\u00e9cnico para dimensionar, instalar y programar los radiocomunicadores, formar al personal de su empresa y monitorizar el evento, garantizando el 100% de \u00e9xito en la comunicaci\u00f3n y en la integraci\u00f3n de los equipos.<\/p>\n<hr style=\"border: 1px solid grey;\">\n\t\t\n<style>\n#text-3986362931 {\n  color: rgb(255,255,255);\n}\n#text-3986362931 > * {\n  color: rgb(255,255,255);\n}\n<\/style>\n\t<\/div>\n\t\n<div class=\"row align-middle align-center\"  id=\"row-572425387\">\n\n\t<div id=\"col-1539754318\" class=\"col medium-6 small-12 large-6\"  >\n\t\t\t\t<div class=\"col-inner\"  >\n\t\t\t\n\t\t\t\n\t<div id=\"text-788540965\" class=\"text\">\n\t\t\n<h2>PARA CADA TIPO DE EVENTO HAY UN MODELO DE RADIOCOMUNICADOR QUE SE ADAPTA MEJOR<\/h2>\n<p>Para atender a los profesionales que trabajan en todo tipo de eventos (espect\u00e1culos, deportes, ferias y otros), Abix dispone de una variedad de equipos que ofrecen gama y calidad en la transmisi\u00f3n, pero tambi\u00e9n practicidad.<\/p>\n<p>Quienes tienen que utilizar estos equipos necesitan agilidad, lo que significa poder comunicarse con otros profesionales manteniendo las manos libres para no perderse otras tareas al mismo tiempo.<br \/>\n\t\t\n<style>\n#text-788540965 {\n  color: rgb(255,255,255);\n}\n#text-788540965 > * {\n  color: rgb(255,255,255);\n}\n<\/style>\n\t<\/div>\n\t\n\t\t<\/div>\n\t\t\t\t\t<\/div>\n\n\t\n\n\t<div id=\"col-101548595\" class=\"col medium-6 small-12 large-6\"  >\n\t\t\t\t<div class=\"col-inner text-center\"  >\n\t\t\t\n\t\t\t\n\t<div class=\"img has-hover x md-x lg-x y md-y lg-y\" id=\"image_264046664\">\n\t\t\t\t\t\t\t\t<div class=\"img-inner dark\" >\n\t\t\t<img decoding=\"async\" width=\"585\" height=\"397\" src=\"https:\/\/abix.com.br\/wp-content\/uploads\/2020\/06\/img-radios-intrinsecamente-4-1.png\" class=\"attachment-original size-original\" alt=\"Radiocomunicadores Intrinsecamente Seguros\" srcset=\"https:\/\/abix.com.br\/wp-content\/uploads\/2020\/06\/img-radios-intrinsecamente-4-1.png 585w, https:\/\/abix.com.br\/wp-content\/uploads\/2020\/06\/img-radios-intrinsecamente-4-1-300x204.png 300w\" sizes=\"(max-width: 585px) 100vw, 585px\" \/>\t\t\t\t\t\t\n\t\t\t\t\t<\/div>\n\t\t\t\t\t\t\t\t\n<style>\n#image_264046664 {\n  width: 100%;\n}\n<\/style>\n\t<\/div>\n\t\n\t\t<\/div>\n\t\t\t\t\t<\/div>\n\n\t\n<\/div>\n\t\t<\/div>\n\t\t\t\t\t<\/div>\n\n\t\n<\/div>\n<div class=\"row\"  id=\"row-826324710\">\n\n\t<div id=\"col-355540559\" class=\"col small-12 large-12\"  >\n\t\t\t\t<div class=\"col-inner\"  >\n\t\t\t\n\t\t\t\n\t<div id=\"text-1688678386\" class=\"text\">\n\t\t\n<p style=\"text-align: center;\">Nuestra empresa trabaja con los modelos m\u00e1s sencillos como el DTR620, DEP450 y (Mototrbo) hasta los TETRA de \u00faltima generaci\u00f3n (MTP3100, MTP3200, MTP3250, MTP3550 y otros) con los que atendemos grandes eventos como RockInRio, la Copa Confederaciones y muchos otros.<\/p>\n\t\t\n<style>\n#text-1688678386 {\n  text-align: center;\n  color: rgb(255,255,255);\n}\n#text-1688678386 > * {\n  color: rgb(255,255,255);\n}\n<\/style>\n\t<\/div>\n\t\n\t\t<\/div>\n\t\t\t\t\t<\/div>\n\n\t\n<\/div>\n\t\t<\/div>\n\n\t\t\n<style>\n#section_1139981908 {\n  padding-top: 30px;\n  padding-bottom: 30px;\n}\n<\/style>\n\t<\/section>\n\t\n\n\t<section class=\"section\" id=\"section_2051429148\">\n\t\t<div class=\"section-bg fill\" >\n\t\t\t<img decoding=\"async\" width=\"1920\" height=\"228\" src=\"https:\/\/abix.com.br\/wp-content\/uploads\/2020\/04\/mineracao-bg-footer.png\" class=\"bg attachment-original size-original\" alt=\"\" \/>\t\t\t\t\t\t\n\t\t\t\n\n\t\t<\/div>\n\n\t\t\n\n\t\t<div class=\"section-content relative\">\n\t\t\t\n\t<div id=\"gap-991019012\" class=\"gap-element clearfix\" style=\"display:block; height:auto;\">\n\t\t\n<style>\n#gap-991019012 {\n  padding-top: 30px;\n}\n<\/style>\n\t<\/div>\n\t\n<div class=\"row align-middle align-center\"  id=\"row-1284283656\">\n\n\t<div id=\"col-2050166691\" class=\"col medium-7 small-12 large-7\"  >\n\t\t\t\t<div class=\"col-inner\"  >\n\t\t\t\n\t\t\t\n\t<div id=\"text-1349068500\" class=\"text\">\n\t\t\n<h2><strong>P\u00d3NGASE EN CONTACTO E INF\u00d3RMESE<\/strong><br \/>\nM\u00c1S INFORMACI\u00d3N SOBRE NUESTROS SERVICIOS<\/h2>\n\t\t\n<style>\n#text-1349068500 {\n  color: rgb(255,255,255);\n}\n#text-1349068500 > * {\n  color: rgb(255,255,255);\n}\n<\/style>\n\t<\/div>\n\t\n\t\t<\/div>\n\t\t\t\t\t<\/div>\n\n\t\n\n\t<div id=\"col-1428198004\" class=\"col medium-4 small-12 large-4\"  >\n\t\t\t\t<div class=\"col-inner\"  >\n\t\t\t\n\t\t\t\n<a href=\"https:\/\/abix.com.br\/es\/contato\/\" class=\"button primary btn-todos\"  >\n\t\t<span>CONTACTO<\/span>\n\t<\/a>\n\n\t\t<\/div>\n\t\t\t\t\t<\/div>\n\n\t\n<\/div>\n\t\t<\/div>\n\n\t\t\n<style>\n#section_2051429148 {\n  padding-top: 30px;\n  padding-bottom: 30px;\n}\n<\/style>\n\t<\/section>\n\t\n","protected":false},"excerpt":{"rendered":"","protected":false},"author":1,"featured_media":0,"parent":0,"menu_order":0,"comment_status":"closed","ping_status":"closed","template":"page-blank.php","meta":{"footnotes":""},"class_list":["post-19173","page","type-page","status-publish","hentry"],"yoast_head":"<!-- This site is optimized with the Yoast SEO plugin v27.3 - https:\/\/yoast.com\/product\/yoast-seo-wordpress\/ -->\n<title>Alquiler de sistemas de comunicaci\u00f3n para eventos | Abix<\/title>\n<meta name=\"description\" content=\"Abix est\u00e1 especializada en el alquiler de sistemas de radiocomunicaci\u00f3n para eventos. Visite nuestro sitio web y compruebe nuestro servicio.\" \/>\n<meta name=\"robots\" content=\"index, follow, max-snippet:-1, max-image-preview:large, max-video-preview:-1\" \/>\n<link rel=\"canonical\" href=\"https:\/\/abix.com.br\/eventos\/\" \/>\n<meta property=\"og:locale\" content=\"es_ES\" \/>\n<meta property=\"og:type\" content=\"article\" \/>\n<meta property=\"og:title\" content=\"Alquiler de sistemas de comunicaci\u00f3n para eventos | Abix\" \/>\n<meta property=\"og:description\" content=\"Abix est\u00e1 especializada en el alquiler de sistemas de radiocomunicaci\u00f3n para eventos. Visite nuestro sitio web y compruebe nuestro servicio.\" \/>\n<meta property=\"og:url\" content=\"https:\/\/abix.com.br\/eventos\/\" \/>\n<meta property=\"og:site_name\" content=\"Abix\" \/>\n<meta property=\"article:modified_time\" content=\"2023-10-19T20:11:20+00:00\" \/>\n<meta name=\"twitter:card\" content=\"summary_large_image\" \/>\n<meta name=\"twitter:label1\" content=\"Tiempo de lectura\" \/>\n\t<meta name=\"twitter:data1\" content=\"2 minutos\" \/>\n<script type=\"application\/ld+json\" class=\"yoast-schema-graph\">{\"@context\":\"https:\\\/\\\/schema.org\",\"@graph\":[{\"@type\":\"WebPage\",\"@id\":\"https:\\\/\\\/abix.com.br\\\/eventos\\\/\",\"url\":\"https:\\\/\\\/abix.com.br\\\/eventos\\\/\",\"name\":\"Alquiler de sistemas de comunicaci\u00f3n para eventos | Abix\",\"isPartOf\":{\"@id\":\"https:\\\/\\\/abix.com.br\\\/#website\"},\"datePublished\":\"2023-09-18T12:35:28+00:00\",\"dateModified\":\"2023-10-19T20:11:20+00:00\",\"description\":\"Abix est\u00e1 especializada en el alquiler de sistemas de radiocomunicaci\u00f3n para eventos. Visite nuestro sitio web y compruebe nuestro servicio.\",\"breadcrumb\":{\"@id\":\"https:\\\/\\\/abix.com.br\\\/eventos\\\/#breadcrumb\"},\"inLanguage\":\"es\",\"potentialAction\":[{\"@type\":\"ReadAction\",\"target\":[\"https:\\\/\\\/abix.com.br\\\/eventos\\\/\"]}]},{\"@type\":\"BreadcrumbList\",\"@id\":\"https:\\\/\\\/abix.com.br\\\/eventos\\\/#breadcrumb\",\"itemListElement\":[{\"@type\":\"ListItem\",\"position\":1,\"name\":\"In\u00edcio\",\"item\":\"https:\\\/\\\/abix.com.br\\\/es\\\/\"},{\"@type\":\"ListItem\",\"position\":2,\"name\":\"Eventos\"}]},{\"@type\":\"WebSite\",\"@id\":\"https:\\\/\\\/abix.com.br\\\/#website\",\"url\":\"https:\\\/\\\/abix.com.br\\\/\",\"name\":\"Abix\",\"description\":\"\",\"potentialAction\":[{\"@type\":\"SearchAction\",\"target\":{\"@type\":\"EntryPoint\",\"urlTemplate\":\"https:\\\/\\\/abix.com.br\\\/?s={search_term_string}\"},\"query-input\":{\"@type\":\"PropertyValueSpecification\",\"valueRequired\":true,\"valueName\":\"search_term_string\"}}],\"inLanguage\":\"es\"}]}<\/script>\n<!-- \/ Yoast SEO plugin. -->","yoast_head_json":{"title":"Alquiler de sistemas de comunicaci\u00f3n para eventos | Abix","description":"Abix est\u00e1 especializada en el alquiler de sistemas de radiocomunicaci\u00f3n para eventos. Visite nuestro sitio web y compruebe nuestro servicio.","robots":{"index":"index","follow":"follow","max-snippet":"max-snippet:-1","max-image-preview":"max-image-preview:large","max-video-preview":"max-video-preview:-1"},"canonical":"https:\/\/abix.com.br\/eventos\/","og_locale":"es_ES","og_type":"article","og_title":"Alquiler de sistemas de comunicaci\u00f3n para eventos | Abix","og_description":"Abix est\u00e1 especializada en el alquiler de sistemas de radiocomunicaci\u00f3n para eventos. Visite nuestro sitio web y compruebe nuestro servicio.","og_url":"https:\/\/abix.com.br\/eventos\/","og_site_name":"Abix","article_modified_time":"2023-10-19T20:11:20+00:00","twitter_card":"summary_large_image","twitter_misc":{"Tiempo de lectura":"2 minutos"},"schema":{"@context":"https:\/\/schema.org","@graph":[{"@type":"WebPage","@id":"https:\/\/abix.com.br\/eventos\/","url":"https:\/\/abix.com.br\/eventos\/","name":"Alquiler de sistemas de comunicaci\u00f3n para eventos | Abix","isPartOf":{"@id":"https:\/\/abix.com.br\/#website"},"datePublished":"2023-09-18T12:35:28+00:00","dateModified":"2023-10-19T20:11:20+00:00","description":"Abix est\u00e1 especializada en el alquiler de sistemas de radiocomunicaci\u00f3n para eventos. Visite nuestro sitio web y compruebe nuestro servicio.","breadcrumb":{"@id":"https:\/\/abix.com.br\/eventos\/#breadcrumb"},"inLanguage":"es","potentialAction":[{"@type":"ReadAction","target":["https:\/\/abix.com.br\/eventos\/"]}]},{"@type":"BreadcrumbList","@id":"https:\/\/abix.com.br\/eventos\/#breadcrumb","itemListElement":[{"@type":"ListItem","position":1,"name":"In\u00edcio","item":"https:\/\/abix.com.br\/es\/"},{"@type":"ListItem","position":2,"name":"Eventos"}]},{"@type":"WebSite","@id":"https:\/\/abix.com.br\/#website","url":"https:\/\/abix.com.br\/","name":"Abix","description":"","potentialAction":[{"@type":"SearchAction","target":{"@type":"EntryPoint","urlTemplate":"https:\/\/abix.com.br\/?s={search_term_string}"},"query-input":{"@type":"PropertyValueSpecification","valueRequired":true,"valueName":"search_term_string"}}],"inLanguage":"es"}]}},"_links":{"self":[{"href":"https:\/\/abix.com.br\/es\/wp-json\/wp\/v2\/pages\/19173","targetHints":{"allow":["GET"]}}],"collection":[{"href":"https:\/\/abix.com.br\/es\/wp-json\/wp\/v2\/pages"}],"about":[{"href":"https:\/\/abix.com.br\/es\/wp-json\/wp\/v2\/types\/page"}],"author":[{"embeddable":true,"href":"https:\/\/abix.com.br\/es\/wp-json\/wp\/v2\/users\/1"}],"replies":[{"embeddable":true,"href":"https:\/\/abix.com.br\/es\/wp-json\/wp\/v2\/comments?post=19173"}],"version-history":[{"count":4,"href":"https:\/\/abix.com.br\/es\/wp-json\/wp\/v2\/pages\/19173\/revisions"}],"predecessor-version":[{"id":19588,"href":"https:\/\/abix.com.br\/es\/wp-json\/wp\/v2\/pages\/19173\/revisions\/19588"}],"wp:attachment":[{"href":"https:\/\/abix.com.br\/es\/wp-json\/wp\/v2\/media?parent=19173"}],"curies":[{"name":"wp","href":"https:\/\/api.w.org\/{rel}","templated":true}]}}