{"id":19195,"date":"2016-03-18T11:09:32","date_gmt":"2016-03-18T14:09:32","guid":{"rendered":"https:\/\/abix.com.br\/servicos-de-radiocomunicacao\/"},"modified":"2025-10-16T14:51:13","modified_gmt":"2025-10-16T17:51:13","slug":"servicos-de-radiocomunicacao","status":"publish","type":"page","link":"https:\/\/abix.com.br\/es\/servicos-de-radiocomunicacao\/","title":{"rendered":"Servicios"},"content":{"rendered":"\n\t<section class=\"section secao1-noticias\" id=\"section_898627349\">\n\t\t<div class=\"section-bg fill\" >\n\t\t\t\t\t\t\t\t\t\n\t\t\t\n\n\t\t<\/div>\n\n\t\t\n\n\t\t<div class=\"section-content relative\">\n\t\t\t\n<div class=\"row\"  id=\"row-193389601\">\n\n\t<div id=\"col-866565352\" class=\"col coluna-1 medium-5 small-12 large-5\"  >\n\t\t\t\t<div class=\"col-inner text-left\"  >\n\t\t\t\n\t\t\t\n<h1>SERVICIOS<\/h1>\n\t\t<\/div>\n\t\t\t\t\t<\/div>\n\n\t\n\n\t<div id=\"col-14163012\" class=\"col coluna-2 medium-7 small-12 large-7\"  >\n\t\t\t\t<div class=\"col-inner\"  >\n\t\t\t\n\t\t\t\n\t<div class=\"img has-hover x md-x lg-x y md-y lg-y\" id=\"image_1931545066\">\n\t\t\t\t\t\t\t\t<div class=\"img-inner dark\" >\n\t\t\t<img decoding=\"async\" width=\"1\" height=\"1\" src=\"https:\/\/abix.com.br\/wp-content\/uploads\/2025\/10\/SERVICOS-2.svg\" class=\"attachment-2048x2048 size-2048x2048\" alt=\"\" \/>\t\t\t\t\t\t\n\t\t\t\t\t<\/div>\n\t\t\t\t\t\t\t\t\n<style>\n#image_1931545066 {\n  width: 100%;\n}\n<\/style>\n\t<\/div>\n\t\n\t\t<\/div>\n\t\t\t\t\t<\/div>\n\n\t\n<\/div>\n\t\t<\/div>\n\n\t\t\n<style>\n#section_898627349 {\n  padding-top: 70px;\n  padding-bottom: 70px;\n}\n<\/style>\n\t<\/section>\n\t\n\n\t<section class=\"section\" id=\"section_1681733541\">\n\t\t<div class=\"section-bg fill\" >\n\t\t\t\t\t\t\t\t\t\n\t\t\t\n\n\t\t<\/div>\n\n\t\t\n\n\t\t<div class=\"section-content relative\">\n\t\t\t\n<div class=\"row align-bottom\"  id=\"row-1362772807\">\n\n\t<div id=\"col-1747411147\" class=\"col medium-6 small-12 large-6\"  >\n\t\t\t\t<div class=\"col-inner text-center\"  >\n\t\t\t\n\t\t\t\n\t<div class=\"img has-hover x md-x lg-x y md-y lg-y\" id=\"image_2025295926\">\n\t\t\t\t\t\t\t\t<div class=\"img-inner dark\" >\n\t\t\t<img decoding=\"async\" width=\"406\" height=\"590\" src=\"https:\/\/abix.com.br\/wp-content\/uploads\/2020\/12\/img-servicos.jpg\" class=\"attachment-original size-original\" alt=\"\" srcset=\"https:\/\/abix.com.br\/wp-content\/uploads\/2020\/12\/img-servicos.jpg 406w, https:\/\/abix.com.br\/wp-content\/uploads\/2020\/12\/img-servicos-206x300.jpg 206w\" sizes=\"(max-width: 406px) 100vw, 406px\" \/>\t\t\t\t\t\t\n\t\t\t\t\t<\/div>\n\t\t\t\t\t\t\t\t\n<style>\n#image_2025295926 {\n  width: 66%;\n}\n<\/style>\n\t<\/div>\n\t\n\t\t<\/div>\n\t\t\t\t\t<\/div>\n\n\t\n\n\t<div id=\"col-309013937\" class=\"col medium-6 small-12 large-6\"  >\n\t\t\t\t<div class=\"col-inner\"  >\n\t\t\t\n\t\t\t\n<h2>Alquiler de radio<\/h2>\n<p>Abix es l\u00edder nacional en la prestaci\u00f3n de servicios profesionales de alquiler de equipos de radio y en el desarrollo de proyectos de radiocomunicaci\u00f3n. Atendiendo a los m\u00e1s diversos segmentos como grandes industrias, plantas petroqu\u00edmicas, mineras, agronegocios, hoteles, seguridad p\u00fablica, seguridad privada y eventos, nos destacamos por la variedad de equipos en stock y nuestro tradicional equipo t\u00e9cnico altamente especializado, que confiere a nuestros proyectos los m\u00e1s altos niveles de \u00e9xito y calidad, proporcionando una eficiente comunicaci\u00f3n de voz y datos para nuestros clientes en los m\u00e1s diversos ambientes.<\/p>\n<p>Nuestros t\u00e9cnicos e ingenieros est\u00e1n constantemente formados y actualizados en las principales tecnolog\u00edas de radio anal\u00f3gicas y digitales de Motorola Solutions. Gracias a nuestra asociaci\u00f3n premium con Motorola, tenemos acceso a la formaci\u00f3n, los equipos y la documentaci\u00f3n m\u00e1s actualizados del mercado. Desde hace m\u00e1s de 20 a\u00f1os, Abix trabaja en el dise\u00f1o, alquiler y venta de sistemas de radio y es el mejor del mercado en soluciones de radio profesionales.<\/p>\n<p>Abix dispone de t\u00e9cnicos para supervisar el uso de las radios, formar a los usuarios, instalar y desinstalar repetidores, bases y radios m\u00f3viles.<\/p>\n\t\t<\/div>\n\t\t\t\t\t<\/div>\n\n\t\n<\/div>\n\t\t<\/div>\n\n\t\t\n<style>\n#section_1681733541 {\n  padding-top: 0px;\n  padding-bottom: 0px;\n}\n<\/style>\n\t<\/section>\n\t\n\n\t<section class=\"section\" id=\"section_87024433\">\n\t\t<div class=\"section-bg fill\" >\n\t\t\t\t\t\t\t\t\t\n\t\t\t\n\n\t\t<\/div>\n\n\t\t\n\n\t\t<div class=\"section-content relative\">\n\t\t\t\n<div class=\"row locacao_CFTV_borda\"  id=\"row-903588064\">\n\n\t<div id=\"col-831412152\" class=\"col medium-6 small-12 large-6\"  >\n\t\t\t\t<div class=\"col-inner\"  >\n\t\t\t\n\t\t\t\n<h2>Alquiler de sistemas de v\u00eddeovigilancia<\/h2>\n<p>En el \u00e1rea de servicios de CCTV (Circuito Cerrado de Televisi\u00f3n), Abix vende y alquila equipos, adem\u00e1s de dise\u00f1ar y ejecutar proyectos de Sistemas de Monitorizaci\u00f3n de C\u00e1maras de Seguridad. Nuestros proyectos utilizan equipos de alta calidad de socios como Pelco, Alson, Intelbras, Hikvision y la nueva l\u00ednea de soluciones de videovigilancia Avigilon de Motorola. Los proyectos son dise\u00f1ados y ejecutados por t\u00e9cnicos especializados y certificados, lo que garantiza una alta calidad en la entrega de soluciones. Los segmentos de actuaci\u00f3n son similares a los segmentos atendidos por las soluciones de radiocomunicaci\u00f3n. Ofrecemos soluciones tradicionales de CCTV, as\u00ed como soluciones personalizadas de an\u00e1lisis de v\u00eddeo con inteligencia artificial, como identificaci\u00f3n y reconocimiento facial, reconocimiento de objetos, lectura de matr\u00edculas y recuento de personas y veh\u00edculos.<\/p>\n\t\t<\/div>\n\t\t\t\t\t<\/div>\n\n\t\n\n\t<div id=\"col-123119347\" class=\"col medium-6 small-12 large-6\"  >\n\t\t\t\t<div class=\"col-inner\"  >\n\t\t\t\n\t\t\t\n\t<div class=\"img has-hover x md-x lg-x y md-y lg-y\" id=\"image_1030106783\">\n\t\t\t\t\t\t\t\t<div class=\"img-inner dark\" >\n\t\t\t<img decoding=\"async\" width=\"560\" height=\"322\" src=\"https:\/\/abix.com.br\/wp-content\/uploads\/2020\/12\/img-servicos-2.jpg\" class=\"attachment-original size-original\" alt=\"Apresenta\u00e7\u00e3o ilustrada do servi\u00e7o de CFTV\" srcset=\"https:\/\/abix.com.br\/wp-content\/uploads\/2020\/12\/img-servicos-2.jpg 560w, https:\/\/abix.com.br\/wp-content\/uploads\/2020\/12\/img-servicos-2-300x173.jpg 300w\" sizes=\"(max-width: 560px) 100vw, 560px\" \/>\t\t\t\t\t\t\n\t\t\t\t\t<\/div>\n\t\t\t\t\t\t\t\t\n<style>\n#image_1030106783 {\n  width: 100%;\n}\n<\/style>\n\t<\/div>\n\t\n\t\t<\/div>\n\t\t\t\t\t<\/div>\n\n\t\n<\/div>\n\t\t<\/div>\n\n\t\t\n<style>\n#section_87024433 {\n  padding-top: 30px;\n  padding-bottom: 30px;\n}\n<\/style>\n\t<\/section>\n\t\n\n\t<section class=\"section\" id=\"section_2000265896\">\n\t\t<div class=\"section-bg fill\" >\n\t\t\t\t\t\t\t\t\t\n\t\t\t\n\n\t\t<\/div>\n\n\t\t\n\n\t\t<div class=\"section-content relative\">\n\t\t\t\n<div class=\"row\"  id=\"row-632624721\">\n\n\t<div id=\"col-1063223447\" class=\"col medium-6 small-12 large-6\"  >\n\t\t\t\t<div class=\"col-inner\"  >\n\t\t\t\n\t\t\t\n\t<div class=\"img has-hover x md-x lg-x y md-y lg-y\" id=\"image_780794818\">\n\t\t\t\t\t\t\t\t<div class=\"img-inner dark\" >\n\t\t\t<img decoding=\"async\" width=\"502\" height=\"302\" src=\"https:\/\/abix.com.br\/wp-content\/uploads\/2020\/12\/img-servicos-3.jpg\" class=\"attachment-original size-original\" alt=\"\" srcset=\"https:\/\/abix.com.br\/wp-content\/uploads\/2020\/12\/img-servicos-3.jpg 502w, https:\/\/abix.com.br\/wp-content\/uploads\/2020\/12\/img-servicos-3-300x180.jpg 300w\" sizes=\"(max-width: 502px) 100vw, 502px\" \/>\t\t\t\t\t\t\n\t\t\t\t\t<\/div>\n\t\t\t\t\t\t\t\t\n<style>\n#image_780794818 {\n  width: 100%;\n}\n<\/style>\n\t<\/div>\n\t\n\t\t<\/div>\n\t\t\t\t\t<\/div>\n\n\t\n\n\t<div id=\"col-568073831\" class=\"col medium-6 small-12 large-6\"  >\n\t\t\t\t<div class=\"col-inner\"  >\n\t\t\t\n\t\t\t\n<h2>Supervisi\u00f3n<\/h2>\n<p>Recurrir a una empresa especializada como Abix es la mejor soluci\u00f3n. Nuestro equipo t\u00e9cnico de analistas e ingenieros puede supervisar la salud del sistema de radio de su empresa 24 horas al d\u00eda, 7 d\u00edas a la semana, para garantizar que el sistema funciona en condiciones \u00f3ptimas y que se pueden tomar medidas correctivas r\u00e1pidamente en caso de que surja alg\u00fan problema.<\/p>\n<p>El sistema de supervisi\u00f3n Abix ofrece una interfaz web 100% para la administraci\u00f3n y la visualizaci\u00f3n de datos. Combinada con indicadores de alerta por correo electr\u00f3nico, SNMP, SMS y\/o la funci\u00f3n de mensajer\u00eda de voz, la supervisi\u00f3n ayuda a garantizar que los sistemas de radio funcionen en condiciones \u00f3ptimas. El sistema tambi\u00e9n permite realizar acciones autom\u00e1ticas, como reiniciar servicios, en funci\u00f3n de los eventos.<\/p>\n\t\t<\/div>\n\t\t\t\t\t<\/div>\n\n\t\n<\/div>\n\t\t<\/div>\n\n\t\t\n<style>\n#section_2000265896 {\n  padding-top: 30px;\n  padding-bottom: 30px;\n}\n<\/style>\n\t<\/section>\n\t\n\n\t<section class=\"section\" id=\"section_1474550349\">\n\t\t<div class=\"section-bg fill\" >\n\t\t\t\t\t\t\t\t\t\n\t\t\t\n\n\t\t<\/div>\n\n\t\t\n\n\t\t<div class=\"section-content relative\">\n\t\t\t\n<div class=\"row align-equal align-center\"  id=\"row-1619653978\">\n\n\t<div id=\"col-573632306\" class=\"col small-12 large-12\"  >\n\t\t\t\t<div class=\"col-inner text-center\"  >\n\t\t\t\n\t\t\t\n\t<div id=\"text-1920619529\" class=\"text\">\n\t\t\n<h2 style=\"text-align: center;\">Ingenier\u00eda de telecomunicaciones<\/h2>\n<p style=\"text-align: center;\">Abix ofrece asesoramiento especializado sobre legalizaci\u00f3n de equipos, legislaci\u00f3n, reglamentaci\u00f3n y<br \/>supervisar las actividades en el sector de las telecomunicaciones, siguiendo las normas de Anatel y las directrices de CREA.<\/p>\n\t\t\n<style>\n#text-1920619529 {\n  text-align: center;\n  color: rgb(255,255,255);\n}\n#text-1920619529 > * {\n  color: rgb(255,255,255);\n}\n<\/style>\n\t<\/div>\n\t\n\t\t<\/div>\n\t\t\t\t\t<\/div>\n\n\t\n<\/div>\n\t\t<\/div>\n\n\t\t\n<style>\n#section_1474550349 {\n  padding-top: 50px;\n  padding-bottom: 50px;\n  background-color: #3365ae;\n}\n<\/style>\n\t<\/section>\n\t\n\n\t<section class=\"section\" id=\"section_1659541506\">\n\t\t<div class=\"section-bg fill\" >\n\t\t\t\t\t\t\t\t\t\n\t\t\t\n\n\t\t<\/div>\n\n\t\t\n\n\t\t<div class=\"section-content relative\">\n\t\t\t\n<div class=\"row\"  id=\"row-632522500\">\n\n\t<div id=\"col-2077416034\" class=\"col medium-6 small-12 large-6\"  >\n\t\t\t\t<div class=\"col-inner\"  >\n\t\t\t\n\t\t\t\n<h2>Licencias de Anatel<\/h2>\n<p>Abix lleva a cabo todo el proceso con Anatel:<\/p>\n<ul>\n<li>Preparaci\u00f3n del proyecto de legalizaci\u00f3n de radiofrecuencias con Anatel;<\/li>\n<li>Proyecto de obtenci\u00f3n de licencias; Solicitud de renovaci\u00f3n de licencias;<\/li>\n<li>Evaluaci\u00f3n de la exposici\u00f3n humana a los campos el\u00e9ctricos, magn\u00e9ticos y electromagn\u00e9ticos asociados al funcionamiento de las estaciones transmisoras de radio;<\/li>\n<li>Solicitud de renovaci\u00f3n de licencias;<\/li>\n<\/ul>\n<p>Todos los sistemas de telecomunicaciones deben ser legalizados por Anatel (Agencia Nacional de Telecomunicaciones) y para ello es necesario realizar una serie de tr\u00e1mites para obtener esta licencia de ANATEL.<\/p>\n\t\t<\/div>\n\t\t\t\t\t<\/div>\n\n\t\n\n\t<div id=\"col-1825051921\" class=\"col medium-6 small-12 large-6\"  >\n\t\t\t\t<div class=\"col-inner text-center\"  >\n\t\t\t\n\t\t\t\n\t<div class=\"img has-hover x md-x lg-x y md-y lg-y\" id=\"image_1244219533\">\n\t\t\t\t\t\t\t\t<div class=\"img-inner dark\" >\n\t\t\t<img decoding=\"async\" width=\"432\" height=\"479\" src=\"https:\/\/abix.com.br\/wp-content\/uploads\/2020\/12\/img-servicos-4-1.png\" class=\"attachment-original size-original\" alt=\"\" srcset=\"https:\/\/abix.com.br\/wp-content\/uploads\/2020\/12\/img-servicos-4-1.png 432w, https:\/\/abix.com.br\/wp-content\/uploads\/2020\/12\/img-servicos-4-1-271x300.png 271w\" sizes=\"(max-width: 432px) 100vw, 432px\" \/>\t\t\t\t\t\t\n\t\t\t\t\t<\/div>\n\t\t\t\t\t\t\t\t\n<style>\n#image_1244219533 {\n  width: 62%;\n}\n<\/style>\n\t<\/div>\n\t\n\t\t<\/div>\n\t\t\t\t\t<\/div>\n\n\t\n<\/div>\n\t\t<\/div>\n\n\t\t\n<style>\n#section_1659541506 {\n  padding-top: 30px;\n  padding-bottom: 30px;\n  background-color: rgb(243, 240, 247);\n}\n<\/style>\n\t<\/section>\n\t\n\n\t<section class=\"section\" id=\"section_331100918\">\n\t\t<div class=\"section-bg fill\" >\n\t\t\t\t\t\t\t\t\t\n\t\t\t\n\n\t\t<\/div>\n\n\t\t\n\n\t\t<div class=\"section-content relative\">\n\t\t\t\n<div class=\"row align-middle align-center\"  id=\"row-479886901\">\n\n\t<div id=\"col-457616431\" class=\"col medium-6 small-12 large-6\"  >\n\t\t\t\t<div class=\"col-inner\"  >\n\t\t\t\n\t\t\t\n<h2>Estudio del emplazamiento y estudio de RF<\/h2>\n<p>Garantice la calidad de la implantaci\u00f3n del sistema de su proyecto de radiocomunicaci\u00f3n con las inspecciones t\u00e9cnicas Predictive Site Survey (Te\u00f3rica) y Active Site Survey (de Campo) de Abix. A trav\u00e9s del trabajo de un equipo t\u00e9cnico capacitado, es posible reunir los primeros datos para evaluar puntos fundamentales como el posicionamiento de los equipos y la infraestructura necesaria para el correcto funcionamiento del sistema de comunicaci\u00f3n a adoptar. Las evaluaciones propuestas tienen siempre en cuenta la posibilidad de conseguir la mejor calidad de transmisi\u00f3n de datos y voz a un coste adaptado a las necesidades de cada empresa.<\/p>\n<p>En nuestras inspecciones, siempre tenemos en cuenta tanto el ambiente interior como el exterior para dimensionar mejor el sistema.<\/p>\n<p>Nuestro servicio tambi\u00e9n incluye un an\u00e1lisis completo del espectro para detectar interferencias de radiofrecuencia que puedan degradar el rendimiento de un sistema de radiocomunicaciones.<\/p>\n\t\t<\/div>\n\t\t\t\t\t<\/div>\n\n\t\n\n\t<div id=\"col-581536059\" class=\"col medium-6 small-12 large-6\"  >\n\t\t\t\t<div class=\"col-inner\"  >\n\t\t\t\n\t<div class=\"is-border\"\n\t\tstyle=\"border-width:2px 2px 2px 2px;\">\n\t<\/div>\n\t\t\t\n\t<div id=\"text-63178536\" class=\"text\">\n\t\t\n<h2>Mantenimiento preventivo y correctivo<\/h2>\n<p>Ofrecemos servicios de mantenimiento preventivo y correctivo para todo el sistema de radiocomunicaciones, incluidos repetidores, infraestructura de RF, terminales port\u00e1tiles, m\u00f3viles y fijos. Adem\u00e1s de comprobar antenas, cableado, conectores, protectores contra sobretensiones, combinadores, duplexores, fuentes de alimentaci\u00f3n y realizar reparaciones in situ, sustituimos los componentes defectuosos y garantizamos la disponibilidad inmediata del sistema de radio.<\/p>\n<p>Otro de los rasgos distintivos de Abix es que los equipos que ofrece, tanto en alquiler como en venta, son siempre inspeccionados y garantizados por SAM. Esto da seguridad y garant\u00eda a los equipos etiquetados por Abix.<\/p>\n\t\t\n<style>\n#text-63178536 {\n  color: #3365ae;\n}\n#text-63178536 > * {\n  color: #3365ae;\n}\n<\/style>\n\t<\/div>\n\t\n\t\t<\/div>\n\t\t\t\t\n<style>\n#col-581536059 > .col-inner {\n  padding: 40px 40px 40px 40px;\n}\n<\/style>\n\t<\/div>\n\n\t\n<\/div>\n\t\t<\/div>\n\n\t\t\n<style>\n#section_331100918 {\n  padding-top: 30px;\n  padding-bottom: 30px;\n}\n<\/style>\n\t<\/section>\n\t\n\n\t<section class=\"section\" id=\"section_774648463\">\n\t\t<div class=\"section-bg fill\" >\n\t\t\t\t\t\t\t\t\t\n\t\t\t\n\n\t\t<\/div>\n\n\t\t\n\n\t\t<div class=\"section-content relative\">\n\t\t\t\n<div class=\"row\"  id=\"row-1290630834\">\n\n\t<div id=\"col-1831193092\" class=\"col medium-6 small-12 large-6\"  >\n\t\t\t\t<div class=\"col-inner text-center\"  >\n\t\t\t\n\t\t\t\n\t<div class=\"img has-hover x md-x lg-x y md-y lg-y\" id=\"image_313186488\">\n\t\t\t\t\t\t\t\t<div class=\"img-inner dark\" >\n\t\t\t<img decoding=\"async\" width=\"386\" height=\"425\" src=\"https:\/\/abix.com.br\/wp-content\/uploads\/2020\/12\/img-servicos-4.jpg\" class=\"attachment-original size-original\" alt=\"\" srcset=\"https:\/\/abix.com.br\/wp-content\/uploads\/2020\/12\/img-servicos-4.jpg 386w, https:\/\/abix.com.br\/wp-content\/uploads\/2020\/12\/img-servicos-4-272x300.jpg 272w\" sizes=\"(max-width: 386px) 100vw, 386px\" \/>\t\t\t\t\t\t\n\t\t\t\t\t<\/div>\n\t\t\t\t\t\t\t\t\n<style>\n#image_313186488 {\n  width: 80%;\n}\n<\/style>\n\t<\/div>\n\t\n\t\t<\/div>\n\t\t\t\t\t<\/div>\n\n\t\n\n\t<div id=\"col-127571737\" class=\"col medium-6 small-12 large-6\"  >\n\t\t\t\t<div class=\"col-inner\"  >\n\t\t\t\n\t\t\t\n<h2>Servicio autorizado Motorola (SAM)<\/h2>\n<p>Abix cuenta con la certificaci\u00f3n SAM, Motorola Authorised Service, y est\u00e1 autorizada a realizar reparaciones en garant\u00eda de los radiocomunicadores de la l\u00ednea profesional de Motorola, ya que cumple las normas t\u00e9cnicas y los procedimientos de reparaci\u00f3n, y dispone de los equipos de laboratorio y las herramientas de servicio requeridas por Motorola.<\/p>\n<p>Como SAM (Motorola Authorised Service), Abix tiene acceso a documentos oficiales, acceso a cursos exclusivos en la f\u00e1brica de Motorola y acceso a componentes originales para la reparaci\u00f3n y el mantenimiento de los equipos. Nuestro laboratorio cuenta con los equipos m\u00e1s avanzados para reparar y probar las radios de su empresa, lo que convierte a Abix en la soluci\u00f3n ideal para los problemas con los equipos Motorola de su empresa.<\/p>\n<p>Adem\u00e1s, el laboratorio SAM de Abix es uno de los \u00fanicos homologados por INMETRO para realizar el mantenimiento de radiotransmisores de seguridad intr\u00ednseca y cuenta con las certificaciones ISO9001 e ISO14001, por lo que con Abix puede estar seguro de que sus radiotransmisores estar\u00e1n siempre en perfecto estado.<\/p>\n\t\t<\/div>\n\t\t\t\t\t<\/div>\n\n\t\n<\/div>\n\t\t<\/div>\n\n\t\t\n<style>\n#section_774648463 {\n  padding-top: 30px;\n  padding-bottom: 30px;\n}\n<\/style>\n\t<\/section>\n\t\n\n\t<section class=\"section\" id=\"section_418493514\">\n\t\t<div class=\"section-bg fill\" >\n\t\t\t<img decoding=\"async\" width=\"1920\" height=\"228\" src=\"https:\/\/abix.com.br\/wp-content\/uploads\/2020\/06\/bg-vantagens-abix-2.jpg\" class=\"bg attachment-original size-original\" alt=\"\" \/>\t\t\t\t\t\t\n\t\t\t\n\n\t\t<\/div>\n\n\t\t\n\n\t\t<div class=\"section-content relative\">\n\t\t\t\n\t<div id=\"gap-1627865639\" class=\"gap-element clearfix\" style=\"display:block; height:auto;\">\n\t\t\n<style>\n#gap-1627865639 {\n  padding-top: 40px;\n}\n<\/style>\n\t<\/div>\n\t\n<div class=\"row align-middle align-center\"  id=\"row-84126695\">\n\n\t<div id=\"col-154231828\" class=\"col medium-8 small-12 large-8\"  >\n\t\t\t\t<div class=\"col-inner\"  >\n\t\t\t\n\t\t\t\n\t<div id=\"text-3460587058\" class=\"text\">\n\t\t\n<h3>\u00bfNo est\u00e1 seguro de qu\u00e9 radio, smartphone o tableta es mejor para su empresa? Ll\u00e1menos ahora (en horario comercial) y estaremos encantados de ayudarle.<\/h3>\n\t\t\n<style>\n#text-3460587058 {\n  color: rgb(255, 255, 255);\n}\n#text-3460587058 > * {\n  color: rgb(255, 255, 255);\n}\n<\/style>\n\t<\/div>\n\t\n\t\t<\/div>\n\t\t\t\t\t<\/div>\n\n\t\n\n\t<div id=\"col-68208143\" class=\"col medium-4 small-12 large-4\"  >\n\t\t\t\t<div class=\"col-inner text-center\"  >\n\t\t\t\n\t\t\t\n<a href=\"https:\/\/abix.com.br\/es\/contato\/\" class=\"button primary lowercase btn-todos\"  >\n\t\t<span>Hable con nosotros<\/span>\n\t<\/a>\n\n\t\t<\/div>\n\t\t\t\t\t<\/div>\n\n\t\n<\/div>\n\t\t<\/div>\n\n\t\t\n<style>\n#section_418493514 {\n  padding-top: 30px;\n  padding-bottom: 30px;\n}\n<\/style>\n\t<\/section>\n\t\n","protected":false},"excerpt":{"rendered":"","protected":false},"author":1,"featured_media":0,"parent":0,"menu_order":0,"comment_status":"closed","ping_status":"closed","template":"page-blank.php","meta":{"footnotes":""},"class_list":["post-19195","page","type-page","status-publish","hentry"],"yoast_head":"<!-- This site is optimized with the Yoast SEO plugin v27.4 - https:\/\/yoast.com\/product\/yoast-seo-wordpress\/ -->\n<title>Servicios de Radiocomunicaciones | Abix<\/title>\n<meta name=\"description\" content=\"Consulte todos los servicios que ofrece Abix para encontrar la soluci\u00f3n de radiocomunicaciones y monitorizaci\u00f3n para su empresa.\" \/>\n<meta name=\"robots\" content=\"index, follow, max-snippet:-1, max-image-preview:large, max-video-preview:-1\" \/>\n<link rel=\"canonical\" href=\"https:\/\/abix.com.br\/es\/servicos-de-radiocomunicacao\/\" \/>\n<meta property=\"og:locale\" content=\"es_ES\" \/>\n<meta property=\"og:type\" content=\"article\" \/>\n<meta property=\"og:title\" content=\"Servicios de Radiocomunicaciones | Abix\" \/>\n<meta property=\"og:description\" content=\"Consulte todos los servicios que ofrece Abix para encontrar la soluci\u00f3n de radiocomunicaciones y monitorizaci\u00f3n para su empresa.\" \/>\n<meta property=\"og:url\" content=\"https:\/\/abix.com.br\/es\/servicos-de-radiocomunicacao\/\" \/>\n<meta property=\"og:site_name\" content=\"Abix\" \/>\n<meta property=\"article:modified_time\" content=\"2025-10-16T17:51:13+00:00\" \/>\n<meta name=\"twitter:card\" content=\"summary_large_image\" \/>\n<meta name=\"twitter:label1\" content=\"Tiempo de lectura\" \/>\n\t<meta name=\"twitter:data1\" content=\"7 minutos\" \/>\n<script type=\"application\/ld+json\" class=\"yoast-schema-graph\">{\"@context\":\"https:\\\/\\\/schema.org\",\"@graph\":[{\"@type\":\"WebPage\",\"@id\":\"https:\\\/\\\/abix.com.br\\\/es\\\/servicos-de-radiocomunicacao\\\/\",\"url\":\"https:\\\/\\\/abix.com.br\\\/es\\\/servicos-de-radiocomunicacao\\\/\",\"name\":\"Servicios de Radiocomunicaciones | Abix\",\"isPartOf\":{\"@id\":\"https:\\\/\\\/abix.com.br\\\/#website\"},\"datePublished\":\"2016-03-18T14:09:32+00:00\",\"dateModified\":\"2025-10-16T17:51:13+00:00\",\"description\":\"Consulte todos los servicios que ofrece Abix para encontrar la soluci\u00f3n de radiocomunicaciones y monitorizaci\u00f3n para su empresa.\",\"breadcrumb\":{\"@id\":\"https:\\\/\\\/abix.com.br\\\/es\\\/servicos-de-radiocomunicacao\\\/#breadcrumb\"},\"inLanguage\":\"es\",\"potentialAction\":[{\"@type\":\"ReadAction\",\"target\":[\"https:\\\/\\\/abix.com.br\\\/es\\\/servicos-de-radiocomunicacao\\\/\"]}]},{\"@type\":\"BreadcrumbList\",\"@id\":\"https:\\\/\\\/abix.com.br\\\/es\\\/servicos-de-radiocomunicacao\\\/#breadcrumb\",\"itemListElement\":[{\"@type\":\"ListItem\",\"position\":1,\"name\":\"In\u00edcio\",\"item\":\"https:\\\/\\\/abix.com.br\\\/es\\\/\"},{\"@type\":\"ListItem\",\"position\":2,\"name\":\"Servicios\"}]},{\"@type\":\"WebSite\",\"@id\":\"https:\\\/\\\/abix.com.br\\\/#website\",\"url\":\"https:\\\/\\\/abix.com.br\\\/\",\"name\":\"Abix\",\"description\":\"\",\"potentialAction\":[{\"@type\":\"SearchAction\",\"target\":{\"@type\":\"EntryPoint\",\"urlTemplate\":\"https:\\\/\\\/abix.com.br\\\/?s={search_term_string}\"},\"query-input\":{\"@type\":\"PropertyValueSpecification\",\"valueRequired\":true,\"valueName\":\"search_term_string\"}}],\"inLanguage\":\"es\"}]}<\/script>\n<!-- \/ Yoast SEO plugin. -->","yoast_head_json":{"title":"Servicios de Radiocomunicaciones | Abix","description":"Consulte todos los servicios que ofrece Abix para encontrar la soluci\u00f3n de radiocomunicaciones y monitorizaci\u00f3n para su empresa.","robots":{"index":"index","follow":"follow","max-snippet":"max-snippet:-1","max-image-preview":"max-image-preview:large","max-video-preview":"max-video-preview:-1"},"canonical":"https:\/\/abix.com.br\/es\/servicos-de-radiocomunicacao\/","og_locale":"es_ES","og_type":"article","og_title":"Servicios de Radiocomunicaciones | Abix","og_description":"Consulte todos los servicios que ofrece Abix para encontrar la soluci\u00f3n de radiocomunicaciones y monitorizaci\u00f3n para su empresa.","og_url":"https:\/\/abix.com.br\/es\/servicos-de-radiocomunicacao\/","og_site_name":"Abix","article_modified_time":"2025-10-16T17:51:13+00:00","twitter_card":"summary_large_image","twitter_misc":{"Tiempo de lectura":"7 minutos"},"schema":{"@context":"https:\/\/schema.org","@graph":[{"@type":"WebPage","@id":"https:\/\/abix.com.br\/es\/servicos-de-radiocomunicacao\/","url":"https:\/\/abix.com.br\/es\/servicos-de-radiocomunicacao\/","name":"Servicios de Radiocomunicaciones | Abix","isPartOf":{"@id":"https:\/\/abix.com.br\/#website"},"datePublished":"2016-03-18T14:09:32+00:00","dateModified":"2025-10-16T17:51:13+00:00","description":"Consulte todos los servicios que ofrece Abix para encontrar la soluci\u00f3n de radiocomunicaciones y monitorizaci\u00f3n para su empresa.","breadcrumb":{"@id":"https:\/\/abix.com.br\/es\/servicos-de-radiocomunicacao\/#breadcrumb"},"inLanguage":"es","potentialAction":[{"@type":"ReadAction","target":["https:\/\/abix.com.br\/es\/servicos-de-radiocomunicacao\/"]}]},{"@type":"BreadcrumbList","@id":"https:\/\/abix.com.br\/es\/servicos-de-radiocomunicacao\/#breadcrumb","itemListElement":[{"@type":"ListItem","position":1,"name":"In\u00edcio","item":"https:\/\/abix.com.br\/es\/"},{"@type":"ListItem","position":2,"name":"Servicios"}]},{"@type":"WebSite","@id":"https:\/\/abix.com.br\/#website","url":"https:\/\/abix.com.br\/","name":"Abix","description":"","potentialAction":[{"@type":"SearchAction","target":{"@type":"EntryPoint","urlTemplate":"https:\/\/abix.com.br\/?s={search_term_string}"},"query-input":{"@type":"PropertyValueSpecification","valueRequired":true,"valueName":"search_term_string"}}],"inLanguage":"es"}]}},"_links":{"self":[{"href":"https:\/\/abix.com.br\/es\/wp-json\/wp\/v2\/pages\/19195","targetHints":{"allow":["GET"]}}],"collection":[{"href":"https:\/\/abix.com.br\/es\/wp-json\/wp\/v2\/pages"}],"about":[{"href":"https:\/\/abix.com.br\/es\/wp-json\/wp\/v2\/types\/page"}],"author":[{"embeddable":true,"href":"https:\/\/abix.com.br\/es\/wp-json\/wp\/v2\/users\/1"}],"replies":[{"embeddable":true,"href":"https:\/\/abix.com.br\/es\/wp-json\/wp\/v2\/comments?post=19195"}],"version-history":[{"count":9,"href":"https:\/\/abix.com.br\/es\/wp-json\/wp\/v2\/pages\/19195\/revisions"}],"predecessor-version":[{"id":22821,"href":"https:\/\/abix.com.br\/es\/wp-json\/wp\/v2\/pages\/19195\/revisions\/22821"}],"wp:attachment":[{"href":"https:\/\/abix.com.br\/es\/wp-json\/wp\/v2\/media?parent=19195"}],"curies":[{"name":"wp","href":"https:\/\/api.w.org\/{rel}","templated":true}]}}