{"id":19364,"date":"2021-09-24T16:54:10","date_gmt":"2021-09-24T19:54:10","guid":{"rendered":"https:\/\/abix.com.br\/dimetra-express-sistema-tetra\/"},"modified":"2024-03-25T15:03:49","modified_gmt":"2024-03-25T18:03:49","slug":"dimetra-express-sistema-tetra","status":"publish","type":"page","link":"https:\/\/abix.com.br\/es\/dimetra-express-sistema-tetra\/","title":{"rendered":"DIMETRA EXPRESS &#8211; SISTEMA TETRA"},"content":{"rendered":"\n\t<section class=\"section paginas-internas\" id=\"section_1016883161\">\n\t\t<div class=\"section-bg fill\" >\n\t\t\t\t\t\t\t\t\t\n\t\t\t\n\n\t\t<\/div>\n\n\t\t\n\n\t\t<div class=\"section-content relative\">\n\t\t\t\n<div class=\"row\"  id=\"row-2103664715\">\n\n\t<div id=\"col-1710802574\" class=\"col small-12 large-12\"  >\n\t\t\t\t<div class=\"col-inner\"  >\n\t\t\t\n\t\t\t\n<h1 class=\"entry-title\" style=\"text-align: center;\">DIMETRA EXPRESS &#8211; SISTEMA TETRA<\/h1>\n\t\t<\/div>\n\t\t\t\t\t<\/div>\n\n\t\n<\/div>\n\t\t<\/div>\n\n\t\t\n<style>\n#section_1016883161 {\n  padding-top: 70px;\n  padding-bottom: 70px;\n}\n<\/style>\n\t<\/section>\n\t\n\n\t<section class=\"section\" id=\"section_306823137\">\n\t\t<div class=\"section-bg fill\" >\n\t\t\t\t\t\t\t\t\t\n\t\t\t\n\n\t\t<\/div>\n\n\t\t\n\n\t\t<div class=\"section-content relative\">\n\t\t\t\n<div class=\"row align-middle\"  id=\"row-1216379941\">\n\n\t<div id=\"col-948686870\" class=\"col medium-4 small-12 large-4\"  >\n\t\t\t\t<div class=\"col-inner\"  >\n\t\t\t\n\t\t\t\n\t<div class=\"img has-hover x md-x lg-x y md-y lg-y\" id=\"image_746171753\">\n\t\t\t\t\t\t\t\t<div class=\"img-inner dark\" >\n\t\t\t<img decoding=\"async\" width=\"292\" height=\"213\" src=\"https:\/\/abix.com.br\/wp-content\/uploads\/2021\/09\/imagem-express.png\" class=\"attachment-original size-original\" alt=\"\" \/>\t\t\t\t\t\t\n\t\t\t\t\t<\/div>\n\t\t\t\t\t\t\t\t\n<style>\n#image_746171753 {\n  width: 100%;\n}\n<\/style>\n\t<\/div>\n\t\n\t\t<\/div>\n\t\t\t\t\t<\/div>\n\n\t\n\n\t<div id=\"col-1507651213\" class=\"col medium-8 small-12 large-8\"  >\n\t\t\t\t<div class=\"col-inner\"  >\n\t\t\t\n\t\t\t\n<h2>Un sistema TETRA basado en las necesidades de su equipo<\/h2>\n<p>DIMETRA Express, un sistema TETRA flexible. Al integrar el conmutador y la base de radio en un \u00fanico armario o sistema modular, ahora es f\u00e1cil configurar, desplegar y gestionar sus comunicaciones. Simplifique sus operaciones diarias, al tiempo que reduce los costes y el nivel de complejidad a largo plazo.<\/p>\n<p>Integre r\u00e1pidamente DIMETRA Express en su red, proporcione m\u00faltiples abonados y complete f\u00e1cilmente la instalaci\u00f3n mediante aplicaciones y herramientas basadas en navegador web. Una vez en funcionamiento, DIMETRA Express es f\u00e1cil de gestionar y manejar a trav\u00e9s de aplicaciones web de despacho y gesti\u00f3n de red.<\/p>\n<p>DIMETRA Express ofrece los servicios de voz, datos cortos y telefon\u00eda que necesitan sus equipos. Y lo que es m\u00e1s, puede ampliarse a m\u00faltiples ubicaciones y crecer junto con su negocio.<\/p>\n\t\t<\/div>\n\t\t\t\t\t<\/div>\n\n\t\n<\/div>\n\t\t<\/div>\n\n\t\t\n<style>\n#section_306823137 {\n  padding-top: 30px;\n  padding-bottom: 30px;\n}\n<\/style>\n\t<\/section>\n\t\n\n\t<section class=\"section\" id=\"section_588355752\">\n\t\t<div class=\"section-bg fill\" >\n\t\t\t\t\t\t\t\t\t\n\t\t\t\n\n\t\t<\/div>\n\n\t\t\n\n\t\t<div class=\"section-content relative\">\n\t\t\t\n<div class=\"row\"  id=\"row-1870981741\">\n\n\t<div id=\"col-1154722919\" class=\"col small-12 large-12\"  >\n\t\t\t\t<div class=\"col-inner\"  >\n\t\t\t\n\t\t\t\n<div class=\"row\"  id=\"row-563597146\">\n\n\t<div id=\"col-2091102681\" class=\"col small-12 large-12\"  >\n\t\t\t\t<div class=\"col-inner\"  >\n\t\t\t\n\t\t\t\n\n\t\t<div class=\"tabbed-content locacao-tabs\">\n\t\t\t\n\t\t\t<ul class=\"nav nav-tabs nav-normal nav-size-xlarge nav-left active-on-hover\" role=\"tablist\"><li id=\"tab-caracter\u00edsticas\" class=\"tab active has-icon\" role=\"presentation\"><a href=\"#tab_caracter\u00edsticas\" role=\"tab\" aria-selected=\"true\" aria-controls=\"tab_caracter\u00edsticas\"><span>Caracter\u00edsticas<\/span><\/a><\/li>\n<li id=\"tab-especificaciones\" class=\"tab has-icon\" role=\"presentation\"><a href=\"#tab_especificaciones\" tabindex=\"-1\" role=\"tab\" aria-selected=\"false\" aria-controls=\"tab_especificaciones\"><span>Especificaciones<\/span><\/a><\/li>\n<li id=\"tab-recursos-disponibles\" class=\"tab has-icon\" role=\"presentation\"><a href=\"#tab_recursos-disponibles\" tabindex=\"-1\" role=\"tab\" aria-selected=\"false\" aria-controls=\"tab_recursos-disponibles\"><span>Recursos disponibles<\/span><\/a><\/li><\/ul><div class=\"tab-panels\"><div id=\"tab_caracter\u00edsticas\" class=\"panel active entry-content\" role=\"tabpanel\" aria-labelledby=\"tab-caracter\u00edsticas\">\n<div class=\"row\"  id=\"row-1340272786\">\n\n\t<div id=\"col-355447700\" class=\"col small-12 large-12\"  >\n\t\t\t\t<div class=\"col-inner\"  >\n\t\t\t\n\t\t\t\n<h2><img decoding=\"async\" class=\"size-full wp-image-14588 alignleft\" src=\"https:\/\/abix.com.br\/antigo-evo\/wp-content\/uploads\/CONTEUDO.png\" alt=\"\" width=\"37\" height=\"37\">Sistema totalmente integrado<\/h2>\n<p>Con el equipo de red y las radios base en el mismo armario, DIMETRA Express es m\u00e1s f\u00e1cil de configurar e instalar. De peque\u00f1o tama\u00f1o, requiere menos espacio y energ\u00eda, y tiene menos componentes. \u00bfEl resultado? Reducir\u00e1 el coste de propiedad y podr\u00e1 concentrarse en su negocio en lugar de aferrarse a su sistema de comunicaci\u00f3n.<\/p>\n<h2><img decoding=\"async\" class=\"size-full wp-image-14591 alignleft\" src=\"https:\/\/abix.com.br\/antigo-evo\/wp-content\/uploads\/capacidade.png\" alt=\"\" width=\"37\" height=\"37\">Capacidad TETRA total<\/h2>\n<p>Hoy en d\u00eda, las organizaciones exigen algo m\u00e1s que palabras. Necesitan muchos tipos de comunicaciones de voz y datos para completar sus tareas. Por eso, el sistema DIMETRA Express TETRA permite servicios de voz, datos cortos y telefon\u00eda. Recibir\u00e1 comunicaciones de voz altas y claras para unas operaciones diarias seguras. Mensajer\u00eda de texto para los momentos en que sus equipos necesitan informaci\u00f3n r\u00e1pida, y la posibilidad de realizar llamadas telef\u00f3nicas VoIP fuera de la red, como llamadas a otras ubicaciones u organizaciones, a la alta direcci\u00f3n o a los servicios de emergencia.<\/p>\n<h2><img decoding=\"async\" class=\"size-full wp-image-14594 alignleft\" src=\"https:\/\/abix.com.br\/antigo-evo\/wp-content\/uploads\/configuracao.png\" alt=\"\" width=\"37\" height=\"37\">Configuraci\u00f3n sencilla e intuitiva<\/h2>\n<p>Hemos dise\u00f1ado este sistema TETRA f\u00e1cil de configurar e instalar para que pueda poner en marcha sus equipos con mayor rapidez. De hecho, ahora puede implantar el sistema en menos de 15 minutos con un sencillo instalador. Utilizando una \u00fanica direcci\u00f3n IP, puede integrar r\u00e1pidamente DIMETRA Express en su red existente. Con la provisi\u00f3n de abonado de grupo, puedes configurar usuarios de radio al instante. Adem\u00e1s, DIMETRA Express est\u00e1 preparado para el futuro. S\u00f3lo hace falta un clic para actualizar el software del sistema.<\/p>\n<h2><img decoding=\"async\" class=\"size-full wp-image-14597 alignleft\" src=\"https:\/\/abix.com.br\/antigo-evo\/wp-content\/uploads\/aplicativos.png\" alt=\"\" width=\"37\" height=\"37\">Aplicaciones web<\/h2>\n<p>La gesti\u00f3n de la red es sencilla gracias a herramientas basadas en la red, como un monitor de estado del sistema y una sencilla aplicaci\u00f3n de despacho. Todo lo que necesitas es un PC o tableta con sistema operativo Android\u2122 o Windows\u00ae y un navegador. Adem\u00e1s, es compatible con la mensajer\u00eda de texto basada en web, que permite a los equipos enviar mensajes cortos o preconfigurados que aumentan la eficacia sobre el terreno.<\/p>\n<h2><img decoding=\"async\" class=\"size-full wp-image-14600 alignleft\" src=\"https:\/\/abix.com.br\/antigo-evo\/wp-content\/uploads\/comunicacoes.png\" alt=\"\" width=\"37\" height=\"37\">Comunicaciones s\u00f3lidas y fiables<\/h2>\n<p>Puede confiar en las s\u00f3lidas y fiables comunicaciones DIMETRA, ahora con todo en un solo armario, sabiendo que est\u00e1n a disposici\u00f3n de su equipo dondequiera que las necesite. Como l\u00edder mundial en TETRA, le ofrecemos una completa cartera de soluciones integradas y probadas conjuntamente, desde equipos de red y estaciones base hasta radios y accesorios. Nuestro objetivo es ofrecerle tranquilidad con productos de calidad y asistencia de primera clase.<\/p>\n<h2><img decoding=\"async\" class=\"size-full wp-image-14603 alignleft\" src=\"https:\/\/abix.com.br\/antigo-evo\/wp-content\/uploads\/arquitetura.png\" alt=\"\" width=\"37\" height=\"37\">Arquitectura flexible y ampliable<\/h2>\n<p>DIMETRA Express est\u00e1 dise\u00f1ado para ampliarse en funci\u00f3n de sus necesidades. A\u00f1ada f\u00e1cilmente radios base a un emplazamiento y obtenga canales adicionales para una mayor capacidad. O a\u00f1ade otra ubicaci\u00f3n para ampliar tu \u00e1rea de cobertura. Tambi\u00e9n puede desplegar el sistema como soluci\u00f3n temporal, ya sea para un evento o en caso de emergencia, cambiando las frecuencias y a\u00f1adiendo nuevos abonados para que sus radios sigan conectadas y funcionando.<\/p>\n\t\t<\/div>\n\t\t\t\t\t<\/div>\n\n\t\n<\/div>\n<\/div>\n<div id=\"tab_especificaciones\" class=\"panel entry-content\" role=\"tabpanel\" aria-labelledby=\"tab-especificaciones\">\n<div class=\"row\"  id=\"row-1904156260\">\n\n\t<div id=\"col-70638089\" class=\"col small-12 large-12\"  >\n\t\t\t\t<div class=\"col-inner\"  >\n\t\t\t\n\t\t\t\n<h4><i class=\"fas fa-file-pdf\"><\/i><a href=\"https:\/\/www.motorolasolutions.com\/content\/dam\/msi\/docs\/XL-PT\/dimetra_express_spec_sheet_pt.pdf\" target=\"_blank\" rel=\"noopener\">  Dimetra Express<\/a><\/h4>\n<h3>Actualizado 2020\/03\/09 | PDF 1.01MB<\/h3>\n<p>DIMETRA Express es un sistema TETRA verdaderamente flexible.<\/p>\n\t\t<\/div>\n\t\t\t\t\t<\/div>\n\n\t\n<\/div>\n<\/div>\n<div id=\"tab_recursos-disponibles\" class=\"panel entry-content\" role=\"tabpanel\" aria-labelledby=\"tab-recursos-disponibles\">\n<div class=\"row\"  id=\"row-2086724076\">\n\n\t<div id=\"col-1828128746\" class=\"col small-12 large-12\"  >\n\t\t\t\t<div class=\"col-inner\"  >\n\t\t\t\n\t\t\t\n<h2>Ficha de datos<\/h2>\n<h4><i class=\"fas fa-file-pdf\"><\/i><a href=\"https:\/\/www.motorolasolutions.com\/content\/dam\/msi\/docs\/XL-PT\/dimetra_express_data_sheet_pt.pdf\" target=\"_blank\" rel=\"noopener\">  Ficha t\u00e9cnica de DIMETRA Express<\/a><\/h4>\n<h3>Actualizado 2021\/04\/05 | PDF 1.00MB<\/h3>\n<p>DIMETRA Express es un nuevo sistema TETRA flexible. Con el conmutador y las radios base integrados en una \u00fanica caja o sistema modular, ahora es m\u00e1s f\u00e1cil que nunca configurar, implantar y gestionar sus comunicaciones. Usted simplifica las operaciones diarias, reduciendo costes y complejidad a largo plazo.<\/p>\n\t\t<\/div>\n\t\t\t\t\t<\/div>\n\n\t\n<\/div>\n<\/div><\/div><\/div>\n\t\t<\/div>\n\t\t\t\t\t<\/div>\n\n\t\n<\/div>\n<div class=\"row\"  id=\"row-124263716\">\n\n\t<div id=\"col-1345318236\" class=\"col medium-2 small-12 large-2\"  >\n\t\t\t\t<div class=\"col-inner\"  >\n\t\t\t\n\t\t\t\n\t\t<\/div>\n\t\t\t\t\t<\/div>\n\n\t\n\n\t<div id=\"col-47879933\" class=\"col medium-8 small-12 large-8\"  >\n\t\t\t\t<div class=\"col-inner\"  >\n\t\t\t\n\t\t\t\n<div class=\"video video-fit mb\" style=\"padding-top:56.25%;\"><p><iframe title=\"COMMUNICATIONS MADE SIMPLE WITH DIMETRA EXPRESS\" src=\"https:\/\/player.vimeo.com\/video\/613842608?dnt=1&amp;app_id=122963\" width=\"640\" height=\"360\" frameborder=\"0\" allow=\"autoplay; fullscreen; picture-in-picture\"><\/iframe><\/p>\n<\/div>\n\t\t<\/div>\n\t\t\t\t\t<\/div>\n\n\t\n\n\t<div id=\"col-1297148692\" class=\"col medium-2 small-12 large-2\"  >\n\t\t\t\t<div class=\"col-inner\"  >\n\t\t\t\n\t\t\t\n\t\t<\/div>\n\t\t\t\t\t<\/div>\n\n\t\n<\/div>\n\t\t<\/div>\n\t\t\t\t\t<\/div>\n\n\t\n<\/div>\n\t\t<\/div>\n\n\t\t\n<style>\n#section_588355752 {\n  padding-top: 0px;\n  padding-bottom: 0px;\n}\n<\/style>\n\t<\/section>\n\t\n","protected":false},"excerpt":{"rendered":"","protected":false},"author":1,"featured_media":0,"parent":0,"menu_order":0,"comment_status":"closed","ping_status":"closed","template":"page-blank.php","meta":{"footnotes":""},"class_list":["post-19364","page","type-page","status-publish","hentry"],"yoast_head":"<!-- This site is optimized with the Yoast SEO plugin v27.3 - https:\/\/yoast.com\/product\/yoast-seo-wordpress\/ -->\n<title>DIMETRA EXPRESS - SISTEMA TETRA - Abix<\/title>\n<meta name=\"robots\" content=\"index, follow, max-snippet:-1, max-image-preview:large, max-video-preview:-1\" \/>\n<link rel=\"canonical\" href=\"https:\/\/abix.com.br\/es\/dimetra-express-sistema-tetra\/\" \/>\n<meta property=\"og:locale\" content=\"es_ES\" \/>\n<meta property=\"og:type\" content=\"article\" \/>\n<meta property=\"og:title\" content=\"DIMETRA EXPRESS - SISTEMA TETRA - Abix\" \/>\n<meta property=\"og:url\" content=\"https:\/\/abix.com.br\/es\/dimetra-express-sistema-tetra\/\" \/>\n<meta property=\"og:site_name\" content=\"Abix\" \/>\n<meta property=\"article:modified_time\" content=\"2024-03-25T18:03:49+00:00\" \/>\n<meta property=\"og:image\" content=\"https:\/\/abix.com.br\/antigo-evo\/wp-content\/uploads\/CONTEUDO.png\" \/>\n<meta name=\"twitter:card\" content=\"summary_large_image\" \/>\n<meta name=\"twitter:label1\" content=\"Tiempo de lectura\" \/>\n\t<meta name=\"twitter:data1\" content=\"4 minutos\" \/>\n<script type=\"application\/ld+json\" class=\"yoast-schema-graph\">{\"@context\":\"https:\\\/\\\/schema.org\",\"@graph\":[{\"@type\":\"WebPage\",\"@id\":\"https:\\\/\\\/abix.com.br\\\/es\\\/dimetra-express-sistema-tetra\\\/\",\"url\":\"https:\\\/\\\/abix.com.br\\\/es\\\/dimetra-express-sistema-tetra\\\/\",\"name\":\"DIMETRA EXPRESS - SISTEMA TETRA - Abix\",\"isPartOf\":{\"@id\":\"https:\\\/\\\/abix.com.br\\\/#website\"},\"primaryImageOfPage\":{\"@id\":\"https:\\\/\\\/abix.com.br\\\/es\\\/dimetra-express-sistema-tetra\\\/#primaryimage\"},\"image\":{\"@id\":\"https:\\\/\\\/abix.com.br\\\/es\\\/dimetra-express-sistema-tetra\\\/#primaryimage\"},\"thumbnailUrl\":\"https:\\\/\\\/abix.com.br\\\/antigo-evo\\\/wp-content\\\/uploads\\\/CONTEUDO.png\",\"datePublished\":\"2021-09-24T19:54:10+00:00\",\"dateModified\":\"2024-03-25T18:03:49+00:00\",\"breadcrumb\":{\"@id\":\"https:\\\/\\\/abix.com.br\\\/es\\\/dimetra-express-sistema-tetra\\\/#breadcrumb\"},\"inLanguage\":\"es\",\"potentialAction\":[{\"@type\":\"ReadAction\",\"target\":[\"https:\\\/\\\/abix.com.br\\\/es\\\/dimetra-express-sistema-tetra\\\/\"]}]},{\"@type\":\"ImageObject\",\"inLanguage\":\"es\",\"@id\":\"https:\\\/\\\/abix.com.br\\\/es\\\/dimetra-express-sistema-tetra\\\/#primaryimage\",\"url\":\"https:\\\/\\\/abix.com.br\\\/antigo-evo\\\/wp-content\\\/uploads\\\/CONTEUDO.png\",\"contentUrl\":\"https:\\\/\\\/abix.com.br\\\/antigo-evo\\\/wp-content\\\/uploads\\\/CONTEUDO.png\"},{\"@type\":\"BreadcrumbList\",\"@id\":\"https:\\\/\\\/abix.com.br\\\/es\\\/dimetra-express-sistema-tetra\\\/#breadcrumb\",\"itemListElement\":[{\"@type\":\"ListItem\",\"position\":1,\"name\":\"In\u00edcio\",\"item\":\"https:\\\/\\\/abix.com.br\\\/es\\\/\"},{\"@type\":\"ListItem\",\"position\":2,\"name\":\"DIMETRA EXPRESS &#8211; SISTEMA TETRA\"}]},{\"@type\":\"WebSite\",\"@id\":\"https:\\\/\\\/abix.com.br\\\/#website\",\"url\":\"https:\\\/\\\/abix.com.br\\\/\",\"name\":\"Abix\",\"description\":\"\",\"potentialAction\":[{\"@type\":\"SearchAction\",\"target\":{\"@type\":\"EntryPoint\",\"urlTemplate\":\"https:\\\/\\\/abix.com.br\\\/?s={search_term_string}\"},\"query-input\":{\"@type\":\"PropertyValueSpecification\",\"valueRequired\":true,\"valueName\":\"search_term_string\"}}],\"inLanguage\":\"es\"}]}<\/script>\n<!-- \/ Yoast SEO plugin. -->","yoast_head_json":{"title":"DIMETRA EXPRESS - SISTEMA TETRA - Abix","robots":{"index":"index","follow":"follow","max-snippet":"max-snippet:-1","max-image-preview":"max-image-preview:large","max-video-preview":"max-video-preview:-1"},"canonical":"https:\/\/abix.com.br\/es\/dimetra-express-sistema-tetra\/","og_locale":"es_ES","og_type":"article","og_title":"DIMETRA EXPRESS - SISTEMA TETRA - Abix","og_url":"https:\/\/abix.com.br\/es\/dimetra-express-sistema-tetra\/","og_site_name":"Abix","article_modified_time":"2024-03-25T18:03:49+00:00","og_image":[{"url":"https:\/\/abix.com.br\/antigo-evo\/wp-content\/uploads\/CONTEUDO.png","type":"","width":"","height":""}],"twitter_card":"summary_large_image","twitter_misc":{"Tiempo de lectura":"4 minutos"},"schema":{"@context":"https:\/\/schema.org","@graph":[{"@type":"WebPage","@id":"https:\/\/abix.com.br\/es\/dimetra-express-sistema-tetra\/","url":"https:\/\/abix.com.br\/es\/dimetra-express-sistema-tetra\/","name":"DIMETRA EXPRESS - SISTEMA TETRA - Abix","isPartOf":{"@id":"https:\/\/abix.com.br\/#website"},"primaryImageOfPage":{"@id":"https:\/\/abix.com.br\/es\/dimetra-express-sistema-tetra\/#primaryimage"},"image":{"@id":"https:\/\/abix.com.br\/es\/dimetra-express-sistema-tetra\/#primaryimage"},"thumbnailUrl":"https:\/\/abix.com.br\/antigo-evo\/wp-content\/uploads\/CONTEUDO.png","datePublished":"2021-09-24T19:54:10+00:00","dateModified":"2024-03-25T18:03:49+00:00","breadcrumb":{"@id":"https:\/\/abix.com.br\/es\/dimetra-express-sistema-tetra\/#breadcrumb"},"inLanguage":"es","potentialAction":[{"@type":"ReadAction","target":["https:\/\/abix.com.br\/es\/dimetra-express-sistema-tetra\/"]}]},{"@type":"ImageObject","inLanguage":"es","@id":"https:\/\/abix.com.br\/es\/dimetra-express-sistema-tetra\/#primaryimage","url":"https:\/\/abix.com.br\/antigo-evo\/wp-content\/uploads\/CONTEUDO.png","contentUrl":"https:\/\/abix.com.br\/antigo-evo\/wp-content\/uploads\/CONTEUDO.png"},{"@type":"BreadcrumbList","@id":"https:\/\/abix.com.br\/es\/dimetra-express-sistema-tetra\/#breadcrumb","itemListElement":[{"@type":"ListItem","position":1,"name":"In\u00edcio","item":"https:\/\/abix.com.br\/es\/"},{"@type":"ListItem","position":2,"name":"DIMETRA EXPRESS &#8211; SISTEMA TETRA"}]},{"@type":"WebSite","@id":"https:\/\/abix.com.br\/#website","url":"https:\/\/abix.com.br\/","name":"Abix","description":"","potentialAction":[{"@type":"SearchAction","target":{"@type":"EntryPoint","urlTemplate":"https:\/\/abix.com.br\/?s={search_term_string}"},"query-input":{"@type":"PropertyValueSpecification","valueRequired":true,"valueName":"search_term_string"}}],"inLanguage":"es"}]}},"_links":{"self":[{"href":"https:\/\/abix.com.br\/es\/wp-json\/wp\/v2\/pages\/19364","targetHints":{"allow":["GET"]}}],"collection":[{"href":"https:\/\/abix.com.br\/es\/wp-json\/wp\/v2\/pages"}],"about":[{"href":"https:\/\/abix.com.br\/es\/wp-json\/wp\/v2\/types\/page"}],"author":[{"embeddable":true,"href":"https:\/\/abix.com.br\/es\/wp-json\/wp\/v2\/users\/1"}],"replies":[{"embeddable":true,"href":"https:\/\/abix.com.br\/es\/wp-json\/wp\/v2\/comments?post=19364"}],"version-history":[{"count":7,"href":"https:\/\/abix.com.br\/es\/wp-json\/wp\/v2\/pages\/19364\/revisions"}],"predecessor-version":[{"id":20154,"href":"https:\/\/abix.com.br\/es\/wp-json\/wp\/v2\/pages\/19364\/revisions\/20154"}],"wp:attachment":[{"href":"https:\/\/abix.com.br\/es\/wp-json\/wp\/v2\/media?parent=19364"}],"curies":[{"name":"wp","href":"https:\/\/api.w.org\/{rel}","templated":true}]}}