{"id":19371,"date":"2021-09-23T14:07:34","date_gmt":"2021-09-23T17:07:34","guid":{"rendered":"https:\/\/abix.com.br\/dimetra-ip-compact\/"},"modified":"2024-03-25T15:05:02","modified_gmt":"2024-03-25T18:05:02","slug":"dimetra-ip-compact","status":"publish","type":"page","link":"https:\/\/abix.com.br\/es\/dimetra-ip-compact\/","title":{"rendered":"DIMETRA IP COMPACT"},"content":{"rendered":"\n\t<section class=\"section paginas-internas\" id=\"section_1196099740\">\n\t\t<div class=\"section-bg fill\" >\n\t\t\t\t\t\t\t\t\t\n\t\t\t\n\n\t\t<\/div>\n\n\t\t\n\n\t\t<div class=\"section-content relative\">\n\t\t\t\n<div class=\"row\"  id=\"row-1505460917\">\n\n\t<div id=\"col-1300712493\" class=\"col small-12 large-12\"  >\n\t\t\t\t<div class=\"col-inner\"  >\n\t\t\t\n\t\t\t\n<div class=\"page-heading page-heading-breadcrumbs clearfix\">\n<div class=\"container\">\n<div class=\"heading-text\" data-textalign=\"center\">\n<h1 class=\"entry-title\" style=\"text-align: center;\">DIMETRA IP COMPACT<\/h1>\n<\/div>\n<\/div>\n<\/div>\n\t\t<\/div>\n\t\t\t\t\t<\/div>\n\n\t\n<\/div>\n\t\t<\/div>\n\n\t\t\n<style>\n#section_1196099740 {\n  padding-top: 70px;\n  padding-bottom: 70px;\n}\n<\/style>\n\t<\/section>\n\t\n\n\t<section class=\"section\" id=\"section_7753046\">\n\t\t<div class=\"section-bg fill\" >\n\t\t\t\t\t\t\t\t\t\n\t\t\t\n\n\t\t<\/div>\n\n\t\t\n\n\t\t<div class=\"section-content relative\">\n\t\t\t\n<div class=\"row align-middle\"  id=\"row-2139301325\">\n\n\t<div id=\"col-398878063\" class=\"col medium-4 small-12 large-4\"  >\n\t\t\t\t<div class=\"col-inner\"  >\n\t\t\t\n\t\t\t\n\t<div class=\"img has-hover x md-x lg-x y md-y lg-y\" id=\"image_543366807\">\n\t\t\t\t\t\t\t\t<div class=\"img-inner dark\" >\n\t\t\t<img decoding=\"async\" width=\"253\" height=\"199\" src=\"https:\/\/abix.com.br\/wp-content\/uploads\/2021\/09\/IMAGEM-1-MAX.png\" class=\"attachment-original size-original\" alt=\"\" \/>\t\t\t\t\t\t\n\t\t\t\t\t<\/div>\n\t\t\t\t\t\t\t\t\n<style>\n#image_543366807 {\n  width: 100%;\n}\n<\/style>\n\t<\/div>\n\t\n\t\t<\/div>\n\t\t\t\t\t<\/div>\n\n\t\n\n\t<div id=\"col-1080474065\" class=\"col medium-8 small-12 large-8\"  >\n\t\t\t\t<div class=\"col-inner\"  >\n\t\t\t\n\t\t\t\n<p>Una infraestructura TETRA escalable, como Dimetra IP Compact, permite la ampliaci\u00f3n sin afectar a los usuarios existentes.<\/p>\n<p>Dimetra IP Compact ofrece una soluci\u00f3n de comunicaciones completa y escalable con una arquitectura IP mejorada que garantiza excelentes niveles de disponibilidad y configuraci\u00f3n de llamadas. En t\u00e9rminos de ingresos, somos el principal proveedor de soluciones TETRA compactas y escalables.<\/p>\n\t\t<\/div>\n\t\t\t\t\t<\/div>\n\n\t\n<\/div>\n\t\t<\/div>\n\n\t\t\n<style>\n#section_7753046 {\n  padding-top: 30px;\n  padding-bottom: 30px;\n}\n<\/style>\n\t<\/section>\n\t\n\n\t<section class=\"section\" id=\"section_1141517602\">\n\t\t<div class=\"section-bg fill\" >\n\t\t\t\t\t\t\t\t\t\n\t\t\t\n\n\t\t<\/div>\n\n\t\t\n\n\t\t<div class=\"section-content relative\">\n\t\t\t\n<div class=\"row\"  id=\"row-1884943948\">\n\n\t<div id=\"col-1107842535\" class=\"col small-12 large-12\"  >\n\t\t\t\t<div class=\"col-inner\"  >\n\t\t\t\n\t\t\t\n<div class=\"row\"  id=\"row-1811373063\">\n\n\t<div id=\"col-1645043685\" class=\"col small-12 large-12\"  >\n\t\t\t\t<div class=\"col-inner\"  >\n\t\t\t\n\t\t\t\n\n\t\t<div class=\"tabbed-content locacao-tabs\">\n\t\t\t\n\t\t\t<ul class=\"nav nav-tabs nav-normal nav-size-xlarge nav-left active-on-hover\" role=\"tablist\"><li id=\"tab-caracter\u00edsticas\" class=\"tab active has-icon\" role=\"presentation\"><a href=\"#tab_caracter\u00edsticas\" role=\"tab\" aria-selected=\"true\" aria-controls=\"tab_caracter\u00edsticas\"><span>Caracter\u00edsticas<\/span><\/a><\/li>\n<li id=\"tab-especificaciones\" class=\"tab has-icon\" role=\"presentation\"><a href=\"#tab_especificaciones\" tabindex=\"-1\" role=\"tab\" aria-selected=\"false\" aria-controls=\"tab_especificaciones\"><span>Especificaciones<\/span><\/a><\/li>\n<li id=\"tab-recursos-disponibles\" class=\"tab has-icon\" role=\"presentation\"><a href=\"#tab_recursos-disponibles\" tabindex=\"-1\" role=\"tab\" aria-selected=\"false\" aria-controls=\"tab_recursos-disponibles\"><span>Recursos disponibles<\/span><\/a><\/li><\/ul><div class=\"tab-panels\"><div id=\"tab_caracter\u00edsticas\" class=\"panel active entry-content\" role=\"tabpanel\" aria-labelledby=\"tab-caracter\u00edsticas\">\n<div class=\"row\"  id=\"row-999550927\">\n\n\t<div id=\"col-1575366527\" class=\"col small-12 large-12\"  >\n\t\t\t\t<div class=\"col-inner\"  >\n\t\t\t\n\t\t\t\n<p><strong>Estante de voz<\/strong>. Es compatible con los servicios de voz TETRA*, incluidas las llamadas individuales y de grupo. Compatible con las estaciones base TETRA Motorola MTS2 y MTS4 y las consolas IP MCC7500.<\/p>\n<p><strong>Bastidor del sistema mejorado.  <\/strong>Como el rack de voz, pero con opciones de ampliaci\u00f3n:<\/p>\n<p>&#8211; Servicios de datos cortos<br \/>&#8211; Datos del paquete (entrada \u00fanica y entradas m\u00faltiples)<br \/>&#8211; Puerto de enlace de interconexi\u00f3n telef\u00f3nica<br \/>&#8211; Opci\u00f3n de redundancia del sistema<br \/>&#8211; Opci\u00f3n de grabaci\u00f3n de voz<br \/>&#8211; Opci\u00f3n de seguridad, incluye:<br \/>&#8211; Autentificaci\u00f3n<br \/>&#8211; Interfaz a\u00e9rea<br \/>&#8211; Criptograf\u00eda<br \/>&#8211; Compatibilidad total con cifrado<\/p>\n<p><strong>Soluci\u00f3n modular y escalable que puede adaptarse al crecimiento.  <\/strong>La arquitectura flexible de Dimetra IP Compact le permite empezar con poco y crecer a medida que crece su empresa. Tanto si empieza con una \u00fanica ubicaci\u00f3n como si s\u00f3lo tiene funciones de voz, nuestras soluciones le permitir\u00e1n ampliarlas cuando quiera sin afectar a los usuarios existentes.<\/p>\n<p><strong>Conjunto de funciones y capacidad demostrada.  <\/strong>Dimetra IP Compact utiliza la misma arquitectura y software probados que nuestras soluciones TETRA, utilizadas por organizaciones de seguridad p\u00fablica de todo el mundo.<\/p>\n\t\t<\/div>\n\t\t\t\t\t<\/div>\n\n\t\n<\/div>\n<\/div>\n<div id=\"tab_especificaciones\" class=\"panel entry-content\" role=\"tabpanel\" aria-labelledby=\"tab-especificaciones\">\n<div class=\"row\"  id=\"row-2017371402\">\n\n\t<div id=\"col-1585314210\" class=\"col small-12 large-12\"  >\n\t\t\t\t<div class=\"col-inner\"  >\n\t\t\t\n\t\t\t\n<h4><i class=\"fas fa-file-pdf\"><\/i><a href=\"https:\/\/www.motorolasolutions.com\/content\/dam\/msi\/docs\/business\/product_lines\/dimetra_tetra\/infrastructure\/core_network\/dimetra_ip_compact\/_documents\/_static_files\/mot_dimetra_ip_compact_specsheet_pt_022712.pdf\" target=\"_blank\" rel=\"noopener\">  Soluciones escalables TETRA para comunicaciones cr\u00edticas Dimetra\u2122 IP Compact<\/a><\/h4>\n<h3>Actualizado 2012\/02\/27 | PDF 82.96KB<\/h3>\n\t\t<\/div>\n\t\t\t\t\t<\/div>\n\n\t\n<\/div>\n<\/div>\n<div id=\"tab_recursos-disponibles\" class=\"panel entry-content\" role=\"tabpanel\" aria-labelledby=\"tab-recursos-disponibles\">\n<div class=\"row\"  id=\"row-833758280\">\n\n\t<div id=\"col-937282438\" class=\"col small-12 large-12\"  >\n\t\t\t\t<div class=\"col-inner\"  >\n\t\t\t\n\t\t\t\n<h2>Folletos<\/h2>\n<h4><i class=\"fas fa-file-pdf\"><\/i><a href=\"https:\/\/abix.com.br\/antigo-evo\/dimetra-ip-compact\/#\">  Folleto sobre terminales Tetra (ingl\u00e9s)<\/a><\/h4>\n<h3>PDF 0.88KB<\/h3>\n<p>Folleto de terminales Tetra<\/p>\n<h2>Casos de \u00e9xito<\/h2>\n<h4><i class=\"fas fa-file-pdf\"><\/i><a href=\"https:\/\/abix.com.br\/antigo-evo\/wp-content\/uploads\/A-cidade-de-Gijon-na-Espanha-conta-com-o-Dimetra-IP-Compact-para-otimizar-as-capacidades-da-TETRA-Ingles.pdf\">  La ciudad espa\u00f1ola de Gij\u00f3n conf\u00eda en Dimetra IP Compact para optimizar las capacidades de TETRA<\/a><\/h4>\n<h3>Actualizado 2010\/06\/11 | PDF 83.27KB<\/h3>\n<p>El municipio de Gij\u00f3n est\u00e1 situado en el centro de la costa asturiana, en el norte de Espa\u00f1a. Abarcando principalmente zonas rurales, m\u00e1s del 90% de los 275.000 residentes se encuentran en Gij\u00f3n, la ciudad m\u00e1s grande de la regi\u00f3n.<\/p>\n<h2>Sitios suplementarios<\/h2>\n<h4><i class=\"fas fa-file-pdf\"><\/i><a href=\"https:\/\/abix.com.br\/antigo-evo\/dimetra-ip-compact\/#\">  Micrositio del terminal TETRA (ingl\u00e9s)<\/a><\/h4>\n\t\t<\/div>\n\t\t\t\t\t<\/div>\n\n\t\n<\/div>\n<\/div><\/div><\/div>\n\t\t<\/div>\n\t\t\t\t\t<\/div>\n\n\t\n<\/div>\n\t\t<\/div>\n\t\t\t\t\t<\/div>\n\n\t\n<\/div>\n\t\t<\/div>\n\n\t\t\n<style>\n#section_1141517602 {\n  padding-top: 0px;\n  padding-bottom: 0px;\n}\n<\/style>\n\t<\/section>\n\t\n","protected":false},"excerpt":{"rendered":"","protected":false},"author":1,"featured_media":0,"parent":0,"menu_order":0,"comment_status":"closed","ping_status":"closed","template":"","meta":{"footnotes":""},"class_list":["post-19371","page","type-page","status-publish","hentry"],"yoast_head":"<!-- This site is optimized with the Yoast SEO plugin v27.4 - https:\/\/yoast.com\/product\/yoast-seo-wordpress\/ -->\n<title>DIMETRA IP COMPACT - Abix<\/title>\n<meta name=\"robots\" content=\"index, follow, max-snippet:-1, max-image-preview:large, max-video-preview:-1\" \/>\n<link rel=\"canonical\" href=\"https:\/\/abix.com.br\/es\/dimetra-ip-compact\/\" \/>\n<meta property=\"og:locale\" content=\"es_ES\" \/>\n<meta property=\"og:type\" content=\"article\" \/>\n<meta property=\"og:title\" content=\"DIMETRA IP COMPACT - Abix\" \/>\n<meta property=\"og:url\" content=\"https:\/\/abix.com.br\/es\/dimetra-ip-compact\/\" \/>\n<meta property=\"og:site_name\" content=\"Abix\" \/>\n<meta property=\"article:modified_time\" content=\"2024-03-25T18:05:02+00:00\" \/>\n<meta name=\"twitter:card\" content=\"summary_large_image\" \/>\n<meta name=\"twitter:label1\" content=\"Tiempo de lectura\" \/>\n\t<meta name=\"twitter:data1\" content=\"2 minutos\" \/>\n<script type=\"application\/ld+json\" class=\"yoast-schema-graph\">{\"@context\":\"https:\\\/\\\/schema.org\",\"@graph\":[{\"@type\":\"WebPage\",\"@id\":\"https:\\\/\\\/abix.com.br\\\/es\\\/dimetra-ip-compact\\\/\",\"url\":\"https:\\\/\\\/abix.com.br\\\/es\\\/dimetra-ip-compact\\\/\",\"name\":\"DIMETRA IP COMPACT - Abix\",\"isPartOf\":{\"@id\":\"https:\\\/\\\/abix.com.br\\\/#website\"},\"datePublished\":\"2021-09-23T17:07:34+00:00\",\"dateModified\":\"2024-03-25T18:05:02+00:00\",\"breadcrumb\":{\"@id\":\"https:\\\/\\\/abix.com.br\\\/es\\\/dimetra-ip-compact\\\/#breadcrumb\"},\"inLanguage\":\"es\",\"potentialAction\":[{\"@type\":\"ReadAction\",\"target\":[\"https:\\\/\\\/abix.com.br\\\/es\\\/dimetra-ip-compact\\\/\"]}]},{\"@type\":\"BreadcrumbList\",\"@id\":\"https:\\\/\\\/abix.com.br\\\/es\\\/dimetra-ip-compact\\\/#breadcrumb\",\"itemListElement\":[{\"@type\":\"ListItem\",\"position\":1,\"name\":\"In\u00edcio\",\"item\":\"https:\\\/\\\/abix.com.br\\\/es\\\/\"},{\"@type\":\"ListItem\",\"position\":2,\"name\":\"DIMETRA IP COMPACT\"}]},{\"@type\":\"WebSite\",\"@id\":\"https:\\\/\\\/abix.com.br\\\/#website\",\"url\":\"https:\\\/\\\/abix.com.br\\\/\",\"name\":\"Abix\",\"description\":\"\",\"potentialAction\":[{\"@type\":\"SearchAction\",\"target\":{\"@type\":\"EntryPoint\",\"urlTemplate\":\"https:\\\/\\\/abix.com.br\\\/?s={search_term_string}\"},\"query-input\":{\"@type\":\"PropertyValueSpecification\",\"valueRequired\":true,\"valueName\":\"search_term_string\"}}],\"inLanguage\":\"es\"}]}<\/script>\n<!-- \/ Yoast SEO plugin. -->","yoast_head_json":{"title":"DIMETRA IP COMPACT - Abix","robots":{"index":"index","follow":"follow","max-snippet":"max-snippet:-1","max-image-preview":"max-image-preview:large","max-video-preview":"max-video-preview:-1"},"canonical":"https:\/\/abix.com.br\/es\/dimetra-ip-compact\/","og_locale":"es_ES","og_type":"article","og_title":"DIMETRA IP COMPACT - Abix","og_url":"https:\/\/abix.com.br\/es\/dimetra-ip-compact\/","og_site_name":"Abix","article_modified_time":"2024-03-25T18:05:02+00:00","twitter_card":"summary_large_image","twitter_misc":{"Tiempo de lectura":"2 minutos"},"schema":{"@context":"https:\/\/schema.org","@graph":[{"@type":"WebPage","@id":"https:\/\/abix.com.br\/es\/dimetra-ip-compact\/","url":"https:\/\/abix.com.br\/es\/dimetra-ip-compact\/","name":"DIMETRA IP COMPACT - Abix","isPartOf":{"@id":"https:\/\/abix.com.br\/#website"},"datePublished":"2021-09-23T17:07:34+00:00","dateModified":"2024-03-25T18:05:02+00:00","breadcrumb":{"@id":"https:\/\/abix.com.br\/es\/dimetra-ip-compact\/#breadcrumb"},"inLanguage":"es","potentialAction":[{"@type":"ReadAction","target":["https:\/\/abix.com.br\/es\/dimetra-ip-compact\/"]}]},{"@type":"BreadcrumbList","@id":"https:\/\/abix.com.br\/es\/dimetra-ip-compact\/#breadcrumb","itemListElement":[{"@type":"ListItem","position":1,"name":"In\u00edcio","item":"https:\/\/abix.com.br\/es\/"},{"@type":"ListItem","position":2,"name":"DIMETRA IP COMPACT"}]},{"@type":"WebSite","@id":"https:\/\/abix.com.br\/#website","url":"https:\/\/abix.com.br\/","name":"Abix","description":"","potentialAction":[{"@type":"SearchAction","target":{"@type":"EntryPoint","urlTemplate":"https:\/\/abix.com.br\/?s={search_term_string}"},"query-input":{"@type":"PropertyValueSpecification","valueRequired":true,"valueName":"search_term_string"}}],"inLanguage":"es"}]}},"_links":{"self":[{"href":"https:\/\/abix.com.br\/es\/wp-json\/wp\/v2\/pages\/19371","targetHints":{"allow":["GET"]}}],"collection":[{"href":"https:\/\/abix.com.br\/es\/wp-json\/wp\/v2\/pages"}],"about":[{"href":"https:\/\/abix.com.br\/es\/wp-json\/wp\/v2\/types\/page"}],"author":[{"embeddable":true,"href":"https:\/\/abix.com.br\/es\/wp-json\/wp\/v2\/users\/1"}],"replies":[{"embeddable":true,"href":"https:\/\/abix.com.br\/es\/wp-json\/wp\/v2\/comments?post=19371"}],"version-history":[{"count":4,"href":"https:\/\/abix.com.br\/es\/wp-json\/wp\/v2\/pages\/19371\/revisions"}],"predecessor-version":[{"id":20155,"href":"https:\/\/abix.com.br\/es\/wp-json\/wp\/v2\/pages\/19371\/revisions\/20155"}],"wp:attachment":[{"href":"https:\/\/abix.com.br\/es\/wp-json\/wp\/v2\/media?parent=19371"}],"curies":[{"name":"wp","href":"https:\/\/api.w.org\/{rel}","templated":true}]}}