{"id":19375,"date":"2021-09-24T16:27:36","date_gmt":"2021-09-24T19:27:36","guid":{"rendered":"https:\/\/abix.com.br\/dimetra-x-core\/"},"modified":"2024-03-25T15:06:06","modified_gmt":"2024-03-25T18:06:06","slug":"dimetra-x-core","status":"publish","type":"page","link":"https:\/\/abix.com.br\/es\/dimetra-x-core\/","title":{"rendered":"DIMETRA X CORE"},"content":{"rendered":"\n\t<section class=\"section paginas-internas\" id=\"section_1061268400\">\n\t\t<div class=\"section-bg fill\" >\n\t\t\t\t\t\t\t\t\t\n\t\t\t\n\n\t\t<\/div>\n\n\t\t\n\n\t\t<div class=\"section-content relative\">\n\t\t\t\n<div class=\"row\"  id=\"row-2001294565\">\n\n\t<div id=\"col-221721839\" class=\"col small-12 large-12\"  >\n\t\t\t\t<div class=\"col-inner\"  >\n\t\t\t\n\t\t\t\n<div class=\"page-heading page-heading-breadcrumbs clearfix\">\n<div class=\"container\">\n<div class=\"heading-text\" data-textalign=\"center\">\n<h1 class=\"entry-title\" style=\"text-align: center;\">DIMETRA X CORE<\/h1>\n<\/div>\n<\/div>\n<\/div>\n\t\t<\/div>\n\t\t\t\t\t<\/div>\n\n\t\n<\/div>\n\t\t<\/div>\n\n\t\t\n<style>\n#section_1061268400 {\n  padding-top: 70px;\n  padding-bottom: 70px;\n}\n<\/style>\n\t<\/section>\n\t\n\n\t<section class=\"section\" id=\"section_1937150932\">\n\t\t<div class=\"section-bg fill\" >\n\t\t\t\t\t\t\t\t\t\n\t\t\t\n\n\t\t<\/div>\n\n\t\t\n\n\t\t<div class=\"section-content relative\">\n\t\t\t\n<div class=\"row align-middle\"  id=\"row-833950554\">\n\n\t<div id=\"col-312980895\" class=\"col medium-4 small-12 large-4\"  >\n\t\t\t\t<div class=\"col-inner\"  >\n\t\t\t\n\t\t\t\n\t<div class=\"img has-hover x md-x lg-x y md-y lg-y\" id=\"image_1784610779\">\n\t\t\t\t\t\t\t\t<div class=\"img-inner dark\" >\n\t\t\t<img decoding=\"async\" width=\"267\" height=\"359\" src=\"https:\/\/abix.com.br\/wp-content\/uploads\/2021\/09\/core.png\" class=\"attachment-original size-original\" alt=\"\" srcset=\"https:\/\/abix.com.br\/wp-content\/uploads\/2021\/09\/core.png 267w, https:\/\/abix.com.br\/wp-content\/uploads\/2021\/09\/core-223x300.png 223w\" sizes=\"(max-width: 267px) 100vw, 267px\" \/>\t\t\t\t\t\t\n\t\t\t\t\t<\/div>\n\t\t\t\t\t\t\t\t\n<style>\n#image_1784610779 {\n  width: 100%;\n}\n<\/style>\n\t<\/div>\n\t\n\t\t<\/div>\n\t\t\t\t\t<\/div>\n\n\t\n\n\t<div id=\"col-902141972\" class=\"col medium-8 small-12 large-8\"  >\n\t\t\t\t<div class=\"col-inner\"  >\n\t\t\t\n\t\t\t\n<p>Pronto, las organizaciones gubernamentales y de seguridad p\u00fablica, as\u00ed como las grandes empresas, podr\u00e1n confiar en la tecnolog\u00eda de banda ancha m\u00f3vil. Aunque no sabemos exactamente cu\u00e1ndo se producir\u00e1 este cambio, con DIMETRA X Core no se llevar\u00e1 sorpresas. Dise\u00f1ado para maximizar el uso de su red DIMETRA actual, tambi\u00e9n est\u00e1 preparado para las funciones que incorporar\u00e1 la tecnolog\u00eda de banda ancha m\u00f3vil.<\/p>\n<p>Con un n\u00facleo definido por software, ciberseguridad mejorada e interfaces inteligentes, DIMETRA X Core est\u00e1 dise\u00f1ado para ofrecer el m\u00e1ximo rendimiento a largo plazo, proporcionando las comunicaciones de misi\u00f3n cr\u00edtica necesarias para los pr\u00f3ximos 15 a\u00f1os o m\u00e1s. Al sustituir su red central actual por DIMETRA X Core, estar\u00e1 realizando una inversi\u00f3n realmente rentable para mejorar y prolongar la vida \u00fatil de su red de acceso radioel\u00e9ctrico DIMETRA.<\/p>\n<p>Su sistema DIMETRA seguir\u00e1 el ritmo de los avances tecnol\u00f3gicos. Cuenta con una arquitectura totalmente escalable que permite ampliar el sistema de una ubicaci\u00f3n a m\u00e1s de 5.000. Y, cuando lo necesite, podr\u00e1 a\u00f1adir f\u00e1cilmente nuevos usuarios y recursos habilitando licencias de software.<\/p>\n<p>DIMETRA X Core consume menos energ\u00eda y reduce el coste total de propiedad a largo plazo para su organizaci\u00f3n. Adem\u00e1s, le permite asumir los costes de forma escalonada, para que s\u00f3lo tenga que adquirir los recursos y funcionalidades que necesite. Basado en la probada tecnolog\u00eda DIMETRA TETRA y en est\u00e1ndares abiertos, DIMETRA X Core representa una inversi\u00f3n inteligente y segura para el futuro de su organizaci\u00f3n.<\/p>\n\t\t<\/div>\n\t\t\t\t\t<\/div>\n\n\t\n<\/div>\n\t\t<\/div>\n\n\t\t\n<style>\n#section_1937150932 {\n  padding-top: 30px;\n  padding-bottom: 30px;\n}\n<\/style>\n\t<\/section>\n\t\n\n\t<section class=\"section\" id=\"section_693505877\">\n\t\t<div class=\"section-bg fill\" >\n\t\t\t\t\t\t\t\t\t\n\t\t\t\n\n\t\t<\/div>\n\n\t\t\n\n\t\t<div class=\"section-content relative\">\n\t\t\t\n<div class=\"row\"  id=\"row-728833126\">\n\n\t<div id=\"col-1304192337\" class=\"col small-12 large-12\"  >\n\t\t\t\t<div class=\"col-inner\"  >\n\t\t\t\n\t\t\t\n<div class=\"row\"  id=\"row-607628399\">\n\n\t<div id=\"col-900568273\" class=\"col small-12 large-12\"  >\n\t\t\t\t<div class=\"col-inner\"  >\n\t\t\t\n\t\t\t\n\n\t\t<div class=\"tabbed-content locacao-tabs\">\n\t\t\t\n\t\t\t<ul class=\"nav nav-tabs nav-normal nav-size-xlarge nav-left active-on-hover\" role=\"tablist\"><li id=\"tab-caracter\u00edsticas\" class=\"tab active has-icon\" role=\"presentation\"><a href=\"#tab_caracter\u00edsticas\" role=\"tab\" aria-selected=\"true\" aria-controls=\"tab_caracter\u00edsticas\"><span>Caracter\u00edsticas<\/span><\/a><\/li>\n<li id=\"tab-especificaciones\" class=\"tab has-icon\" role=\"presentation\"><a href=\"#tab_especificaciones\" tabindex=\"-1\" role=\"tab\" aria-selected=\"false\" aria-controls=\"tab_especificaciones\"><span>Especificaciones<\/span><\/a><\/li>\n<li id=\"tab-recursos-disponibles\" class=\"tab has-icon\" role=\"presentation\"><a href=\"#tab_recursos-disponibles\" tabindex=\"-1\" role=\"tab\" aria-selected=\"false\" aria-controls=\"tab_recursos-disponibles\"><span>Recursos disponibles<\/span><\/a><\/li><\/ul><div class=\"tab-panels\"><div id=\"tab_caracter\u00edsticas\" class=\"panel active entry-content\" role=\"tabpanel\" aria-labelledby=\"tab-caracter\u00edsticas\">\n<div class=\"row\"  id=\"row-1616181515\">\n\n\t<div id=\"col-404720743\" class=\"col small-12 large-12\"  >\n\t\t\t\t<div class=\"col-inner\"  >\n\t\t\t\n\t\t\t\n<h2><img decoding=\"async\" class=\"size-full wp-image-14551 alignleft\" src=\"https:\/\/abix.com.br\/antigo-evo\/wp-content\/uploads\/prova-de-tudo.png\" alt=\"\" width=\"37\" height=\"37\">A prueba de todo<\/h2>\n<p>Con su moderna arquitectura, DIMETRA X Core se ha dise\u00f1ado hoy para el futuro. Sus avanzadas funciones le permitir\u00e1n migrar f\u00e1cilmente a la tecnolog\u00eda de banda ancha m\u00f3vil en el momento oportuno, protegiendo su inversi\u00f3n en la red de \u00e1rea radioel\u00e9ctrica. DIMETRA X Core integra un n\u00facleo definido por software e interfaces inteligentes que proporcionar\u00e1n el m\u00e1ximo rendimiento durante los pr\u00f3ximos 15 a\u00f1os o m\u00e1s. Adem\u00e1s, recibir\u00e1 peri\u00f3dicamente actualizaciones del software DIMETRA que garantizar\u00e1n el funcionamiento \u00f3ptimo de su red y le permitir\u00e1n INICIAR SESI\u00d3N en las nuevas funcionalidades que se vayan desarrollando. Y estar\u00e1 preparada para soluciones PTT WAVETM e interfaces middleware inteligentes que ampl\u00eden el alcance de las aplicaciones y las comunicaciones de voz en el punto de convergencia de las tecnolog\u00edas TETRA y de banda ancha m\u00f3vil.<\/p>\n<h2><img decoding=\"async\" class=\"size-full wp-image-14556 alignleft\" src=\"https:\/\/abix.com.br\/antigo-evo\/wp-content\/uploads\/escalavel.png\" alt=\"\" width=\"37\" height=\"37\">Totalmente escalable<\/h2>\n<p>No importa si gestiona un sistema aeroportuario, una empresa regional de servicios p\u00fablicos o una red nacional de seguridad p\u00fablica&#8230; en todos los casos dispondr\u00e1 de los m\u00e1s altos niveles de flexibilidad operativa, fiabilidad y seguridad, as\u00ed como de un conjunto de prestaciones realmente completo, para que obtenga la cobertura, capacidad y funcionalidades que necesita. DIMETRA X Core cuenta con una arquitectura completamente escalable que permite ampliar el sistema de un emplazamiento a m\u00e1s de 5.000. Adem\u00e1s, le permite compartir el mismo sitio con otras organizaciones para reducir costes. La divisi\u00f3n de \u00f3rganos permite compartir la red sin poner en peligro la seguridad y privacidad de tus comunicaciones.<br \/>Tambi\u00e9n permite interconectar varias redes TETRA para comunicaciones PTT de misi\u00f3n cr\u00edtica entre distintas jurisdicciones. La interfaz entre sistemas permite un nivel de colaboraci\u00f3n sin precedentes. En una \u00e9poca en que la cooperaci\u00f3n internacional es m\u00e1s importante que nunca, las regiones o pa\u00edses vecinos pueden ahora comunicarse sin limitaciones. Ya se trate del control de fronteras o de la respuesta a una cat\u00e1strofe natural, trabajar juntos nunca ha sido tan f\u00e1cil.<\/p>\n<h2><img decoding=\"async\" class=\"size-full wp-image-14559 alignleft\" src=\"https:\/\/abix.com.br\/antigo-evo\/wp-content\/uploads\/missao-critica.png\" alt=\"\" width=\"37\" height=\"37\">Misi\u00f3n cr\u00edtica<\/h2>\n<p>Para sus comunicaciones de misi\u00f3n cr\u00edtica, conf\u00ede en DIMETRA X Core. Ya se trate de un servicio PTT individual o de grupo, mensajer\u00eda individual o de grupo para optimizar la colaboraci\u00f3n, gesti\u00f3n din\u00e1mica de equipos de trabajo para una respuesta coordinada a un incidente, localizaci\u00f3n y seguimiento, o grabaci\u00f3n de voz, en todos los casos dispondr\u00e1 de los servicios avanzados que necesita.<br \/>Con varios niveles de flexibilidad y redundancia, incluida la posibilidad de permitir la redundancia geogr\u00e1fica, se garantiza un rendimiento \u00f3ptimo incluso en caso de emergencias civiles o cat\u00e1strofes naturales. Porque para su organizaci\u00f3n, un fallo en la comunicaci\u00f3n no es una opci\u00f3n.<\/p>\n<h2><img decoding=\"async\" class=\"size-full wp-image-14562 alignleft\" src=\"https:\/\/abix.com.br\/antigo-evo\/wp-content\/uploads\/recursos.png\" alt=\"\" width=\"37\" height=\"37\">Recursos realmente flexibles<\/h2>\n<p>Toda organizaci\u00f3n gubernamental o de seguridad p\u00fablica y toda gran empresa deben disponer necesariamente de una red de comunicaciones flexible. El n\u00facleo definido por software de<br \/>DIMETRA X Core le permite incorporar f\u00e1cilmente nuevas funciones o usuarios. Basta con activar las licencias de software seg\u00fan sea necesario; podr\u00eda tratarse, por ejemplo, de establecer una cobertura temporal para un evento regional a gran escala o de cubrir permanentemente las necesidades de su organizaci\u00f3n en constante crecimiento.<br \/>Las limitaciones presupuestarias son un tema recurrente. Gracias a su n\u00facleo virtualizado consolidado, DIMETRA X Core consume menos energ\u00eda y simplifica la gesti\u00f3n del sistema, al tiempo que prepara el terreno para futuras actualizaciones de software. Y puede pagar s\u00f3lo por las caracter\u00edsticas y funcionalidades que necesite. Todo ello contribuye a reducir los costes de funcionamiento y el coste total de propiedad.<\/p>\n<h2><img decoding=\"async\" class=\"size-full wp-image-14565 alignleft\" src=\"https:\/\/abix.com.br\/antigo-evo\/wp-content\/uploads\/icone.png\" alt=\"\" width=\"37\" height=\"37\">Protecci\u00f3n mejorada<\/h2>\n<p>Amenazas a la ciberseguridad<br \/>son una realidad del mundo en que vivimos. Los atacantes actuales son m\u00e1s invasivos, persistentes y h\u00e1biles a la hora de eludir los bloqueos de seguridad y comprometer las operaciones. Con la seguridad de su personal en peligro, conf\u00ede en Motorola Solutions, l\u00edder en comunicaciones de misi\u00f3n cr\u00edtica, para ayudarle a identificar y gestionar los riesgos en un entorno en constante cambio.<br \/>DIMETRA X Core le ayuda a afrontar estos retos para estar mejor protegido hoy y preparado para las constantes mejoras de la seguridad en los pr\u00f3ximos a\u00f1os.<\/p>\n<h2><img decoding=\"async\" class=\"size-full wp-image-14568 alignleft\" src=\"https:\/\/abix.com.br\/antigo-evo\/wp-content\/uploads\/confiabilidade.png\" alt=\"\" width=\"37\" height=\"37\">Fiabilidad probada<\/h2>\n<p>En cuanto a las comunicaciones de misi\u00f3n cr\u00edtica, debe confiar en la tecnolog\u00eda TETRA probada de DIMETRA. Con m\u00e1s de 1.000 sistemas DIMETRA desplegados por Motorola Solutions en m\u00e1s de 100 pa\u00edses, usted sabe que est\u00e1 haciendo una inversi\u00f3n inteligente para el futuro. Dado que TETRA es una tecnolog\u00eda de est\u00e1ndar abierto (ETSI) que ha sido desarrollada, es muy estable y ha demostrado su eficacia, usted sabe que su compatibilidad e interoperabilidad est\u00e1n garantizadas.<\/p>\n\t\t<\/div>\n\t\t\t\t\t<\/div>\n\n\t\n<\/div>\n<\/div>\n<div id=\"tab_especificaciones\" class=\"panel entry-content\" role=\"tabpanel\" aria-labelledby=\"tab-especificaciones\">\n<div class=\"row\"  id=\"row-710433777\">\n\n\t<div id=\"col-1889346307\" class=\"col small-12 large-12\"  >\n\t\t\t\t<div class=\"col-inner\"  >\n\t\t\t\n\t\t\t\n<h4><i class=\"fas fa-file-pdf\"><\/i><a href=\"https:\/\/www.motorolasolutions.com\/content\/dam\/msi\/docs\/XL-PT\/dimetra_x_core_spec_sheet_pt.pdf\" target=\"_blank\" rel=\"noopener\">  N\u00facleo Dimetra X<\/a><\/h4>\n<h3>Actualizado 2017\/10\/11 | PDF 248.63KB<\/h3>\n<p>Dimetra X Core est\u00e1 dise\u00f1ado para maximizar el uso de su red TETRA actual, al tiempo que le prepara para las capacidades adicionales que ofrecer\u00e1 la tecnolog\u00eda de banda ancha m\u00f3vil.<\/p>\n\t\t<\/div>\n\t\t\t\t\t<\/div>\n\n\t\n<\/div>\n<\/div>\n<div id=\"tab_recursos-disponibles\" class=\"panel entry-content\" role=\"tabpanel\" aria-labelledby=\"tab-recursos-disponibles\">\n<div class=\"row\"  id=\"row-206935205\">\n\n\t<div id=\"col-638988190\" class=\"col small-12 large-12\"  >\n\t\t\t\t<div class=\"col-inner\"  >\n\t\t\t\n\t\t\t\n<h2>Folletos<\/h2>\n<h4><i class=\"fas fa-file-pdf\"><\/i><a href=\"https:\/\/www.motorolasolutions.com\/content\/dam\/msi\/docs\/XL-PT\/dimetra_x_core_spec_sheet_pt.pdf\" target=\"_blank\" rel=\"noopener\">  N\u00facleo Dimetra X<\/a><\/h4>\n<h3>Actualizado 2017\/10\/11 | PDF 248.63KB<\/h3>\n<p>Dimetra X Core est\u00e1 dise\u00f1ado para maximizar el uso de su red TETRA actual, al tiempo que le prepara para las capacidades adicionales que ofrecer\u00e1 la tecnolog\u00eda de banda ancha m\u00f3vil.<\/p>\n<h4><i class=\"fas fa-file-pdf\"><\/i> <a href=\"https:\/\/www.motorolasolutions.com\/content\/dam\/msi\/docs\/XL-PT\/dimetra_xcore_brochure_pt.pdf\" target=\"_blank\" rel=\"noopener\">DIMETRA X CORE &#8211; Preparado para el futuro, hoy mismo<\/a><\/h4>\n<h3>Actualizado 2017\/10\/12 | PDF 952.41KB<\/h3>\n<p>Con un n\u00facleo definido por software, ciberseguridad mejorada e interfaces inteligentes, DIMETRA X Core est\u00e1 dise\u00f1ado para ofrecer el m\u00e1ximo rendimiento a largo plazo, proporcionando las comunicaciones de misi\u00f3n cr\u00edtica que necesita para los pr\u00f3ximos 15 a\u00f1os o m\u00e1s.<\/p>\n\t\t<\/div>\n\t\t\t\t\t<\/div>\n\n\t\n<\/div>\n<\/div><\/div><\/div>\n\t\t<\/div>\n\t\t\t\t\t<\/div>\n\n\t\n<\/div>\n\t\t<\/div>\n\t\t\t\t\t<\/div>\n\n\t\n<\/div>\n<div class=\"row\"  id=\"row-2034603557\">\n\n\t<div id=\"col-805297558\" class=\"col small-12 large-12\"  >\n\t\t\t\t<div class=\"col-inner\"  >\n\t\t\t\n\t\t\t\n<h4><i class=\"fab fa-youtube\"><\/i> <a href=\"https:\/\/vimeo.com\/613842608\">PREPARADO PARA EL FUTURO HOY, CON DIMETRA X CORE<\/a><\/h4>\n<h4><i class=\"fas fa-file-pdf\"><\/i> <a href=\"https:\/\/abix.com.br\/antigo-evo\/wp-content\/uploads\/especificacoes-2.pdf\">ESPECIFICACIONES<\/a><\/h4>\n<h4><i class=\"fab fa-youtube\"><\/i> <a href=\"https:\/\/vimeo.com\/613842673\">V\u00cdDEO &#8211; ESPA\u00d1OL<\/a><\/h4>\n\t\t<\/div>\n\t\t\t\t\t<\/div>\n\n\t\n<\/div>\n\t\t<\/div>\n\n\t\t\n<style>\n#section_693505877 {\n  padding-top: 0px;\n  padding-bottom: 0px;\n}\n<\/style>\n\t<\/section>\n\t\n","protected":false},"excerpt":{"rendered":"","protected":false},"author":1,"featured_media":0,"parent":0,"menu_order":0,"comment_status":"closed","ping_status":"closed","template":"","meta":{"footnotes":""},"class_list":["post-19375","page","type-page","status-publish","hentry"],"yoast_head":"<!-- This site is optimized with the Yoast SEO plugin v27.4 - https:\/\/yoast.com\/product\/yoast-seo-wordpress\/ -->\n<title>DIMETRA X CORE - Abix<\/title>\n<meta name=\"robots\" content=\"index, follow, max-snippet:-1, max-image-preview:large, max-video-preview:-1\" \/>\n<link rel=\"canonical\" href=\"https:\/\/abix.com.br\/es\/dimetra-x-core\/\" \/>\n<meta property=\"og:locale\" content=\"es_ES\" \/>\n<meta property=\"og:type\" content=\"article\" \/>\n<meta property=\"og:title\" content=\"DIMETRA X CORE - Abix\" \/>\n<meta property=\"og:url\" content=\"https:\/\/abix.com.br\/es\/dimetra-x-core\/\" \/>\n<meta property=\"og:site_name\" content=\"Abix\" \/>\n<meta property=\"article:modified_time\" content=\"2024-03-25T18:06:06+00:00\" \/>\n<meta property=\"og:image\" content=\"https:\/\/abix.com.br\/antigo-evo\/wp-content\/uploads\/prova-de-tudo.png\" \/>\n<meta name=\"twitter:card\" content=\"summary_large_image\" \/>\n<meta name=\"twitter:label1\" content=\"Tiempo de lectura\" \/>\n\t<meta name=\"twitter:data1\" content=\"7 minutos\" \/>\n<script type=\"application\/ld+json\" class=\"yoast-schema-graph\">{\"@context\":\"https:\\\/\\\/schema.org\",\"@graph\":[{\"@type\":\"WebPage\",\"@id\":\"https:\\\/\\\/abix.com.br\\\/es\\\/dimetra-x-core\\\/\",\"url\":\"https:\\\/\\\/abix.com.br\\\/es\\\/dimetra-x-core\\\/\",\"name\":\"DIMETRA X CORE - Abix\",\"isPartOf\":{\"@id\":\"https:\\\/\\\/abix.com.br\\\/#website\"},\"primaryImageOfPage\":{\"@id\":\"https:\\\/\\\/abix.com.br\\\/es\\\/dimetra-x-core\\\/#primaryimage\"},\"image\":{\"@id\":\"https:\\\/\\\/abix.com.br\\\/es\\\/dimetra-x-core\\\/#primaryimage\"},\"thumbnailUrl\":\"https:\\\/\\\/abix.com.br\\\/antigo-evo\\\/wp-content\\\/uploads\\\/prova-de-tudo.png\",\"datePublished\":\"2021-09-24T19:27:36+00:00\",\"dateModified\":\"2024-03-25T18:06:06+00:00\",\"breadcrumb\":{\"@id\":\"https:\\\/\\\/abix.com.br\\\/es\\\/dimetra-x-core\\\/#breadcrumb\"},\"inLanguage\":\"es\",\"potentialAction\":[{\"@type\":\"ReadAction\",\"target\":[\"https:\\\/\\\/abix.com.br\\\/es\\\/dimetra-x-core\\\/\"]}]},{\"@type\":\"ImageObject\",\"inLanguage\":\"es\",\"@id\":\"https:\\\/\\\/abix.com.br\\\/es\\\/dimetra-x-core\\\/#primaryimage\",\"url\":\"https:\\\/\\\/abix.com.br\\\/antigo-evo\\\/wp-content\\\/uploads\\\/prova-de-tudo.png\",\"contentUrl\":\"https:\\\/\\\/abix.com.br\\\/antigo-evo\\\/wp-content\\\/uploads\\\/prova-de-tudo.png\"},{\"@type\":\"BreadcrumbList\",\"@id\":\"https:\\\/\\\/abix.com.br\\\/es\\\/dimetra-x-core\\\/#breadcrumb\",\"itemListElement\":[{\"@type\":\"ListItem\",\"position\":1,\"name\":\"In\u00edcio\",\"item\":\"https:\\\/\\\/abix.com.br\\\/es\\\/\"},{\"@type\":\"ListItem\",\"position\":2,\"name\":\"DIMETRA X CORE\"}]},{\"@type\":\"WebSite\",\"@id\":\"https:\\\/\\\/abix.com.br\\\/#website\",\"url\":\"https:\\\/\\\/abix.com.br\\\/\",\"name\":\"Abix\",\"description\":\"\",\"potentialAction\":[{\"@type\":\"SearchAction\",\"target\":{\"@type\":\"EntryPoint\",\"urlTemplate\":\"https:\\\/\\\/abix.com.br\\\/?s={search_term_string}\"},\"query-input\":{\"@type\":\"PropertyValueSpecification\",\"valueRequired\":true,\"valueName\":\"search_term_string\"}}],\"inLanguage\":\"es\"}]}<\/script>\n<!-- \/ Yoast SEO plugin. -->","yoast_head_json":{"title":"DIMETRA X CORE - Abix","robots":{"index":"index","follow":"follow","max-snippet":"max-snippet:-1","max-image-preview":"max-image-preview:large","max-video-preview":"max-video-preview:-1"},"canonical":"https:\/\/abix.com.br\/es\/dimetra-x-core\/","og_locale":"es_ES","og_type":"article","og_title":"DIMETRA X CORE - Abix","og_url":"https:\/\/abix.com.br\/es\/dimetra-x-core\/","og_site_name":"Abix","article_modified_time":"2024-03-25T18:06:06+00:00","og_image":[{"url":"https:\/\/abix.com.br\/antigo-evo\/wp-content\/uploads\/prova-de-tudo.png","type":"","width":"","height":""}],"twitter_card":"summary_large_image","twitter_misc":{"Tiempo de lectura":"7 minutos"},"schema":{"@context":"https:\/\/schema.org","@graph":[{"@type":"WebPage","@id":"https:\/\/abix.com.br\/es\/dimetra-x-core\/","url":"https:\/\/abix.com.br\/es\/dimetra-x-core\/","name":"DIMETRA X CORE - Abix","isPartOf":{"@id":"https:\/\/abix.com.br\/#website"},"primaryImageOfPage":{"@id":"https:\/\/abix.com.br\/es\/dimetra-x-core\/#primaryimage"},"image":{"@id":"https:\/\/abix.com.br\/es\/dimetra-x-core\/#primaryimage"},"thumbnailUrl":"https:\/\/abix.com.br\/antigo-evo\/wp-content\/uploads\/prova-de-tudo.png","datePublished":"2021-09-24T19:27:36+00:00","dateModified":"2024-03-25T18:06:06+00:00","breadcrumb":{"@id":"https:\/\/abix.com.br\/es\/dimetra-x-core\/#breadcrumb"},"inLanguage":"es","potentialAction":[{"@type":"ReadAction","target":["https:\/\/abix.com.br\/es\/dimetra-x-core\/"]}]},{"@type":"ImageObject","inLanguage":"es","@id":"https:\/\/abix.com.br\/es\/dimetra-x-core\/#primaryimage","url":"https:\/\/abix.com.br\/antigo-evo\/wp-content\/uploads\/prova-de-tudo.png","contentUrl":"https:\/\/abix.com.br\/antigo-evo\/wp-content\/uploads\/prova-de-tudo.png"},{"@type":"BreadcrumbList","@id":"https:\/\/abix.com.br\/es\/dimetra-x-core\/#breadcrumb","itemListElement":[{"@type":"ListItem","position":1,"name":"In\u00edcio","item":"https:\/\/abix.com.br\/es\/"},{"@type":"ListItem","position":2,"name":"DIMETRA X CORE"}]},{"@type":"WebSite","@id":"https:\/\/abix.com.br\/#website","url":"https:\/\/abix.com.br\/","name":"Abix","description":"","potentialAction":[{"@type":"SearchAction","target":{"@type":"EntryPoint","urlTemplate":"https:\/\/abix.com.br\/?s={search_term_string}"},"query-input":{"@type":"PropertyValueSpecification","valueRequired":true,"valueName":"search_term_string"}}],"inLanguage":"es"}]}},"_links":{"self":[{"href":"https:\/\/abix.com.br\/es\/wp-json\/wp\/v2\/pages\/19375","targetHints":{"allow":["GET"]}}],"collection":[{"href":"https:\/\/abix.com.br\/es\/wp-json\/wp\/v2\/pages"}],"about":[{"href":"https:\/\/abix.com.br\/es\/wp-json\/wp\/v2\/types\/page"}],"author":[{"embeddable":true,"href":"https:\/\/abix.com.br\/es\/wp-json\/wp\/v2\/users\/1"}],"replies":[{"embeddable":true,"href":"https:\/\/abix.com.br\/es\/wp-json\/wp\/v2\/comments?post=19375"}],"version-history":[{"count":4,"href":"https:\/\/abix.com.br\/es\/wp-json\/wp\/v2\/pages\/19375\/revisions"}],"predecessor-version":[{"id":20156,"href":"https:\/\/abix.com.br\/es\/wp-json\/wp\/v2\/pages\/19375\/revisions\/20156"}],"wp:attachment":[{"href":"https:\/\/abix.com.br\/es\/wp-json\/wp\/v2\/media?parent=19375"}],"curies":[{"name":"wp","href":"https:\/\/api.w.org\/{rel}","templated":true}]}}