{"id":19379,"date":"2021-09-23T11:05:52","date_gmt":"2021-09-23T14:05:52","guid":{"rendered":"https:\/\/abix.com.br\/dimetra-ip-micro\/"},"modified":"2024-03-25T15:08:07","modified_gmt":"2024-03-25T18:08:07","slug":"dimetra-ip-micro","status":"publish","type":"page","link":"https:\/\/abix.com.br\/es\/dimetra-ip-micro\/","title":{"rendered":"DIMETRA\u2122 IP MICRO"},"content":{"rendered":"\n\t<section class=\"section paginas-internas\" id=\"section_874691008\">\n\t\t<div class=\"section-bg fill\" >\n\t\t\t\t\t\t\t\t\t\n\t\t\t\n\n\t\t<\/div>\n\n\t\t\n\n\t\t<div class=\"section-content relative\">\n\t\t\t\n<div class=\"row\"  id=\"row-1284750449\">\n\n\t<div id=\"col-2103805420\" class=\"col small-12 large-12\"  >\n\t\t\t\t<div class=\"col-inner\"  >\n\t\t\t\n\t\t\t\n<h1 class=\"entry-title\" style=\"text-align: center;\">DIMETRA\u2122 IP MICRO<\/h1>\n\t\t<\/div>\n\t\t\t\t\t<\/div>\n\n\t\n<\/div>\n\t\t<\/div>\n\n\t\t\n<style>\n#section_874691008 {\n  padding-top: 70px;\n  padding-bottom: 70px;\n}\n<\/style>\n\t<\/section>\n\t\n\n\t<section class=\"section\" id=\"section_867566634\">\n\t\t<div class=\"section-bg fill\" >\n\t\t\t\t\t\t\t\t\t\n\t\t\t\n\n\t\t<\/div>\n\n\t\t\n\n\t\t<div class=\"section-content relative\">\n\t\t\t\n<div class=\"row align-middle\"  id=\"row-1896114161\">\n\n\t<div id=\"col-68778508\" class=\"col medium-4 small-12 large-4\"  >\n\t\t\t\t<div class=\"col-inner\"  >\n\t\t\t\n\t\t\t\n\t<div class=\"img has-hover x md-x lg-x y md-y lg-y\" id=\"image_1398662238\">\n\t\t\t\t\t\t\t\t<div class=\"img-inner dark\" >\n\t\t\t<img decoding=\"async\" width=\"283\" height=\"193\" src=\"https:\/\/abix.com.br\/wp-content\/uploads\/2021\/09\/imagem-1.png\" class=\"attachment-original size-original\" alt=\"\" \/>\t\t\t\t\t\t\n\t\t\t\t\t<\/div>\n\t\t\t\t\t\t\t\t\n<style>\n#image_1398662238 {\n  width: 100%;\n}\n<\/style>\n\t<\/div>\n\t\n\t\t<\/div>\n\t\t\t\t\t<\/div>\n\n\t\n\n\t<div id=\"col-1542267889\" class=\"col medium-8 small-12 large-8\"  >\n\t\t\t\t<div class=\"col-inner\"  >\n\t\t\t\n\t\t\t\n<p>Dimetra IP Micro ampl\u00eda las ventajas de misi\u00f3n cr\u00edtica que ofrecen las probadas soluciones Dimetra IP TETRA de Motorola a una amplia gama de usuarios comerciales y empresariales, como hoteles, complejos tur\u00edsticos, campus universitarios, industrias de la construcci\u00f3n, fabricaci\u00f3n, miner\u00eda y transporte. Es ideal para operadores con sistemas anal\u00f3gicos que necesitan una v\u00eda de migraci\u00f3n sencilla y directa a la tecnolog\u00eda digital.<\/p>\n\t\t<\/div>\n\t\t\t\t\t<\/div>\n\n\t\n<\/div>\n\t\t<\/div>\n\n\t\t\n<style>\n#section_867566634 {\n  padding-top: 30px;\n  padding-bottom: 30px;\n}\n<\/style>\n\t<\/section>\n\t\n\n\t<section class=\"section\" id=\"section_457311886\">\n\t\t<div class=\"section-bg fill\" >\n\t\t\t\t\t\t\t\t\t\n\t\t\t\n\n\t\t<\/div>\n\n\t\t\n\n\t\t<div class=\"section-content relative\">\n\t\t\t\n<div class=\"row\"  id=\"row-1092117570\">\n\n\t<div id=\"col-1305872535\" class=\"col small-12 large-12\"  >\n\t\t\t\t<div class=\"col-inner\"  >\n\t\t\t\n\t\t\t\n<div class=\"row\"  id=\"row-1679279576\">\n\n\t<div id=\"col-1912668699\" class=\"col small-12 large-12\"  >\n\t\t\t\t<div class=\"col-inner\"  >\n\t\t\t\n\t\t\t\n\n\t\t<div class=\"tabbed-content locacao-tabs\">\n\t\t\t\n\t\t\t<ul class=\"nav nav-tabs nav-normal nav-size-xlarge nav-left active-on-hover\" role=\"tablist\"><li id=\"tab-caracter\u00edsticas\" class=\"tab active has-icon\" role=\"presentation\"><a href=\"#tab_caracter\u00edsticas\" role=\"tab\" aria-selected=\"true\" aria-controls=\"tab_caracter\u00edsticas\"><span>Caracter\u00edsticas<\/span><\/a><\/li>\n<li id=\"tab-especificaciones\" class=\"tab has-icon\" role=\"presentation\"><a href=\"#tab_especificaciones\" tabindex=\"-1\" role=\"tab\" aria-selected=\"false\" aria-controls=\"tab_especificaciones\"><span>Especificaciones<\/span><\/a><\/li>\n<li id=\"tab-recursos-disponibles\" class=\"tab has-icon\" role=\"presentation\"><a href=\"#tab_recursos-disponibles\" tabindex=\"-1\" role=\"tab\" aria-selected=\"false\" aria-controls=\"tab_recursos-disponibles\"><span>Recursos disponibles<\/span><\/a><\/li><\/ul><div class=\"tab-panels\"><div id=\"tab_caracter\u00edsticas\" class=\"panel active entry-content\" role=\"tabpanel\" aria-labelledby=\"tab-caracter\u00edsticas\">\n<div class=\"row\"  id=\"row-529560139\">\n\n\t<div id=\"col-1829605277\" class=\"col small-12 large-12\"  >\n\t\t\t\t<div class=\"col-inner\"  >\n\t\t\t\n\t\t\t\n<p><strong>Instalaci\u00f3n Plug &amp; Play.<\/strong>  La soluci\u00f3n es f\u00e1cil de implantar, utilizar y mantener. Utiliza una interfaz GUI para la gesti\u00f3n de la red basada en web.<\/p>\n<p><strong>Bajo coste total de propiedad<\/strong>. Las sedes se conectan mediante una interfaz Ethernet, lo que ahorra potencialmente el coste de las l\u00edneas alquiladas. El acceso remoto permite supervisar y diagnosticar el sistema, lo que reduce los costes de mantenimiento. La unidad puede montarse en la pared, lo que ahorra un valioso espacio en la sala de equipos; adem\u00e1s, la soluci\u00f3n tiene un bajo consumo de energ\u00eda y emisiones de calor.<\/p>\n<p><strong>Ruta migratoria<\/strong>. La interfaz con los sistemas existentes permite una migraci\u00f3n sin problemas a los usuarios de sistemas anal\u00f3gicos que buscan sistemas digitales avanzados.<\/p>\n<h2>Servicios opcionales<\/h2>\n<p>&#8211; Servicio de datos cortos (SDS); mensajes de texto gratuitos, SDS de grupo, SDS de almacenamiento y reenv\u00edo<br \/>&#8211; Servicio de telefon\u00eda, llamadas de voz sobre IP, hasta 10 llamadas simult\u00e1neas<br \/>&#8211; Pasarela de canal convencional a la interfaz y los sistemas anal\u00f3gicos existentes<br \/>&#8211; Opci\u00f3n adquirible, posici\u00f3n GPS desde los terminales para una r\u00e1pida toma de decisiones y seguridad del usuario<\/p>\n\t\t<\/div>\n\t\t\t\t\t<\/div>\n\n\t\n<\/div>\n<\/div>\n<div id=\"tab_especificaciones\" class=\"panel entry-content\" role=\"tabpanel\" aria-labelledby=\"tab-especificaciones\">\n<div class=\"row\"  id=\"row-1684713160\">\n\n\t<div id=\"col-1826254750\" class=\"col small-12 large-12\"  >\n\t\t\t\t<div class=\"col-inner\"  >\n\t\t\t\n\t\t\t\n<h4><i class=\"fas fa-file-pdf\"><\/i><a href=\"https:\/\/www.motorolasolutions.com\/content\/dam\/msi\/docs\/business\/product_lines\/dimetra_tetra\/terminals\/portable_radios\/mtp3000\/_documents\/staticfiles\/mot_dimetra_ip_micro_spec_sheet_en_071312.pdf\" target=\"_blank\" rel=\"noopener\">  Comunicado de prensa sobre la publicaci\u00f3n de la ficha t\u00e9cnica de Dimetra IP Micro<\/a><\/h4>\n<h3>Actualizado 2016\/08\/22 | PDF 427.24KB<\/h3>\n<p>Tanto si trabaja en un organismo p\u00fablico como en una organizaci\u00f3n comercial con operaciones cr\u00edticas, necesita un sistema de comunicaciones en el que pueda confiar. Dimetra IP Compact es una soluci\u00f3n TETRA escalable y flexible que aprovecha las capacidades probadas y el conjunto de funciones de nuestro sistema Dimetra IP.<\/p>\n\t\t<\/div>\n\t\t\t\t\t<\/div>\n\n\t\n<\/div>\n<\/div>\n<div id=\"tab_recursos-disponibles\" class=\"panel entry-content\" role=\"tabpanel\" aria-labelledby=\"tab-recursos-disponibles\">\n<div class=\"row\"  id=\"row-1499672513\">\n\n\t<div id=\"col-261385367\" class=\"col small-12 large-12\"  >\n\t\t\t\t<div class=\"col-inner\"  >\n\t\t\t\n\t\t\t\n<h2>Folletos<\/h2>\n<h4><i class=\"fas fa-file-pdf\"><\/i><a href=\"https:\/\/www.motorolasolutions.com\/content\/dam\/msi\/docs\/business\/product_lines\/dimetra_tetra\/infrastructure\/core_network\/dim_etra_ip_micro\/_documents\/dimetra_ip_micro_brochure.pdf\" target=\"_blank\" rel=\"noopener\">  Dimetria IP Micro<\/a><\/h4>\n<h3>Actualizado 2016\/08\/22 | PDF 427.24KB<\/h3>\n<p>Tanto si es un organismo p\u00fablico como una organizaci\u00f3n comercial, necesita un sistema de comunicaci\u00f3n en el que pueda confiar. Dimetra IP Compact es una soluci\u00f3n TETRA escalable y flexible que aprovecha las capacidades probadas y las caracter\u00edsticas establecidas de nuestro sistema Dimetra IP.<\/p>\n<h4><i class=\"fas fa-file-pdf\"><\/i> <a href=\"https:\/\/abix.com.br\/antigo-evo\/dimetra-ip-micro\/#\" target=\"_blank\" rel=\"noopener\">Folleto de la terminal Tetra<\/a><\/h4>\n<h3>PDF 0.88KB<\/h3>\n<p>Folleto de la terminal Tetra<\/p>\n<h2>Casos de \u00e9xito<\/h2>\n<h4><i class=\"fas fa-file-pdf\"><\/i><a href=\"https:\/\/www.motorolasolutions.com\/content\/dam\/msi\/docs\/business\/_documents\/case_studies\/_static_files\/gassco_dipm_case_study.pdf\" target=\"_blank\" rel=\"noopener\">  Gassco conf\u00eda en TETRA<\/a><\/h4>\n<h3>Actualizado 2018\/07\/03 | PDF 148.72KB<\/h3>\n<p>Gassco conf\u00eda en TETRA<\/p>\n\t\t<\/div>\n\t\t\t\t\t<\/div>\n\n\t\n<\/div>\n<\/div><\/div><\/div>\n\t\t<\/div>\n\t\t\t\t\t<\/div>\n\n\t\n<\/div>\n\t\t<\/div>\n\t\t\t\t\t<\/div>\n\n\t\n<\/div>\n<div class=\"row\"  id=\"row-1590831053\">\n\n\t<div id=\"col-1066934402\" class=\"col small-12 large-12\"  >\n\t\t\t\t<div class=\"col-inner\"  >\n\t\t\t\n\t\t\t\n<h4><i class=\"fas fa-file-pdf\"><\/i> <a href=\"https:\/\/abix.com.br\/antigo-evo\/wp-content\/uploads\/casos-de-sucesso.pdf\">HISTORIAS DE \u00c9XITO<\/a><\/h4>\n<h4><i class=\"fas fa-file-pdf\"><\/i> <a href=\"https:\/\/abix.com.br\/antigo-evo\/wp-content\/uploads\/especificacoes.pdf\">ESPECIFICACIONES<\/a><\/h4>\n\t\t<\/div>\n\t\t\t\t\t<\/div>\n\n\t\n<\/div>\n\t\t<\/div>\n\n\t\t\n<style>\n#section_457311886 {\n  padding-top: 0px;\n  padding-bottom: 0px;\n}\n<\/style>\n\t<\/section>\n\t\n","protected":false},"excerpt":{"rendered":"","protected":false},"author":1,"featured_media":0,"parent":0,"menu_order":0,"comment_status":"closed","ping_status":"closed","template":"","meta":{"footnotes":""},"class_list":["post-19379","page","type-page","status-publish","hentry"],"yoast_head":"<!-- This site is optimized with the Yoast SEO plugin v27.4 - https:\/\/yoast.com\/product\/yoast-seo-wordpress\/ -->\n<title>DIMETRA\u2122 IP MICRO - Abix<\/title>\n<meta name=\"robots\" content=\"index, follow, max-snippet:-1, max-image-preview:large, max-video-preview:-1\" \/>\n<link rel=\"canonical\" href=\"https:\/\/abix.com.br\/es\/dimetra-ip-micro\/\" \/>\n<meta property=\"og:locale\" content=\"es_ES\" \/>\n<meta property=\"og:type\" content=\"article\" \/>\n<meta property=\"og:title\" content=\"DIMETRA\u2122 IP MICRO - Abix\" \/>\n<meta property=\"og:url\" content=\"https:\/\/abix.com.br\/es\/dimetra-ip-micro\/\" \/>\n<meta property=\"og:site_name\" content=\"Abix\" \/>\n<meta property=\"article:modified_time\" content=\"2024-03-25T18:08:07+00:00\" \/>\n<meta name=\"twitter:card\" content=\"summary_large_image\" \/>\n<meta name=\"twitter:label1\" content=\"Tiempo de lectura\" \/>\n\t<meta name=\"twitter:data1\" content=\"3 minutos\" \/>\n<script type=\"application\/ld+json\" class=\"yoast-schema-graph\">{\"@context\":\"https:\\\/\\\/schema.org\",\"@graph\":[{\"@type\":\"WebPage\",\"@id\":\"https:\\\/\\\/abix.com.br\\\/es\\\/dimetra-ip-micro\\\/\",\"url\":\"https:\\\/\\\/abix.com.br\\\/es\\\/dimetra-ip-micro\\\/\",\"name\":\"DIMETRA\u2122 IP MICRO - Abix\",\"isPartOf\":{\"@id\":\"https:\\\/\\\/abix.com.br\\\/#website\"},\"datePublished\":\"2021-09-23T14:05:52+00:00\",\"dateModified\":\"2024-03-25T18:08:07+00:00\",\"breadcrumb\":{\"@id\":\"https:\\\/\\\/abix.com.br\\\/es\\\/dimetra-ip-micro\\\/#breadcrumb\"},\"inLanguage\":\"es\",\"potentialAction\":[{\"@type\":\"ReadAction\",\"target\":[\"https:\\\/\\\/abix.com.br\\\/es\\\/dimetra-ip-micro\\\/\"]}]},{\"@type\":\"BreadcrumbList\",\"@id\":\"https:\\\/\\\/abix.com.br\\\/es\\\/dimetra-ip-micro\\\/#breadcrumb\",\"itemListElement\":[{\"@type\":\"ListItem\",\"position\":1,\"name\":\"In\u00edcio\",\"item\":\"https:\\\/\\\/abix.com.br\\\/es\\\/\"},{\"@type\":\"ListItem\",\"position\":2,\"name\":\"DIMETRA\u2122 IP MICRO\"}]},{\"@type\":\"WebSite\",\"@id\":\"https:\\\/\\\/abix.com.br\\\/#website\",\"url\":\"https:\\\/\\\/abix.com.br\\\/\",\"name\":\"Abix\",\"description\":\"\",\"potentialAction\":[{\"@type\":\"SearchAction\",\"target\":{\"@type\":\"EntryPoint\",\"urlTemplate\":\"https:\\\/\\\/abix.com.br\\\/?s={search_term_string}\"},\"query-input\":{\"@type\":\"PropertyValueSpecification\",\"valueRequired\":true,\"valueName\":\"search_term_string\"}}],\"inLanguage\":\"es\"}]}<\/script>\n<!-- \/ Yoast SEO plugin. -->","yoast_head_json":{"title":"DIMETRA\u2122 IP MICRO - Abix","robots":{"index":"index","follow":"follow","max-snippet":"max-snippet:-1","max-image-preview":"max-image-preview:large","max-video-preview":"max-video-preview:-1"},"canonical":"https:\/\/abix.com.br\/es\/dimetra-ip-micro\/","og_locale":"es_ES","og_type":"article","og_title":"DIMETRA\u2122 IP MICRO - Abix","og_url":"https:\/\/abix.com.br\/es\/dimetra-ip-micro\/","og_site_name":"Abix","article_modified_time":"2024-03-25T18:08:07+00:00","twitter_card":"summary_large_image","twitter_misc":{"Tiempo de lectura":"3 minutos"},"schema":{"@context":"https:\/\/schema.org","@graph":[{"@type":"WebPage","@id":"https:\/\/abix.com.br\/es\/dimetra-ip-micro\/","url":"https:\/\/abix.com.br\/es\/dimetra-ip-micro\/","name":"DIMETRA\u2122 IP MICRO - Abix","isPartOf":{"@id":"https:\/\/abix.com.br\/#website"},"datePublished":"2021-09-23T14:05:52+00:00","dateModified":"2024-03-25T18:08:07+00:00","breadcrumb":{"@id":"https:\/\/abix.com.br\/es\/dimetra-ip-micro\/#breadcrumb"},"inLanguage":"es","potentialAction":[{"@type":"ReadAction","target":["https:\/\/abix.com.br\/es\/dimetra-ip-micro\/"]}]},{"@type":"BreadcrumbList","@id":"https:\/\/abix.com.br\/es\/dimetra-ip-micro\/#breadcrumb","itemListElement":[{"@type":"ListItem","position":1,"name":"In\u00edcio","item":"https:\/\/abix.com.br\/es\/"},{"@type":"ListItem","position":2,"name":"DIMETRA\u2122 IP MICRO"}]},{"@type":"WebSite","@id":"https:\/\/abix.com.br\/#website","url":"https:\/\/abix.com.br\/","name":"Abix","description":"","potentialAction":[{"@type":"SearchAction","target":{"@type":"EntryPoint","urlTemplate":"https:\/\/abix.com.br\/?s={search_term_string}"},"query-input":{"@type":"PropertyValueSpecification","valueRequired":true,"valueName":"search_term_string"}}],"inLanguage":"es"}]}},"_links":{"self":[{"href":"https:\/\/abix.com.br\/es\/wp-json\/wp\/v2\/pages\/19379","targetHints":{"allow":["GET"]}}],"collection":[{"href":"https:\/\/abix.com.br\/es\/wp-json\/wp\/v2\/pages"}],"about":[{"href":"https:\/\/abix.com.br\/es\/wp-json\/wp\/v2\/types\/page"}],"author":[{"embeddable":true,"href":"https:\/\/abix.com.br\/es\/wp-json\/wp\/v2\/users\/1"}],"replies":[{"embeddable":true,"href":"https:\/\/abix.com.br\/es\/wp-json\/wp\/v2\/comments?post=19379"}],"version-history":[{"count":4,"href":"https:\/\/abix.com.br\/es\/wp-json\/wp\/v2\/pages\/19379\/revisions"}],"predecessor-version":[{"id":20157,"href":"https:\/\/abix.com.br\/es\/wp-json\/wp\/v2\/pages\/19379\/revisions\/20157"}],"wp:attachment":[{"href":"https:\/\/abix.com.br\/es\/wp-json\/wp\/v2\/media?parent=19379"}],"curies":[{"name":"wp","href":"https:\/\/api.w.org\/{rel}","templated":true}]}}