{"id":19428,"date":"2020-07-23T11:49:33","date_gmt":"2020-07-23T14:49:33","guid":{"rendered":"https:\/\/abix.com.br\/locacao-de-radio-comunicador-em-canoas\/"},"modified":"2023-10-19T15:54:21","modified_gmt":"2023-10-19T18:54:21","slug":"locacao-de-radio-comunicador-em-canoas","status":"publish","type":"page","link":"https:\/\/abix.com.br\/es\/locacao-de-radio-comunicador-em-canoas\/","title":{"rendered":"Localizaci\u00f3n Canoas"},"content":{"rendered":"\n\t<section class=\"section paginas-internas\" id=\"section_1074824719\">\n\t\t<div class=\"section-bg fill\" >\n\t\t\t\t\t\t\t\t\t\n\t\t\t\n\n\t\t<\/div>\n\n\t\t\n\n\t\t<div class=\"section-content relative\">\n\t\t\t\n<div class=\"row\"  id=\"row-466923179\">\n\n\t<div id=\"col-1151975684\" class=\"col small-12 large-12\"  >\n\t\t\t\t<div class=\"col-inner\"  >\n\t\t\t\n\t\t\t\n<h1 style=\"text-align: center;\">UBICACI\u00d3N DE CANOAS<\/h1>\n\t\t<\/div>\n\t\t\t\t\t<\/div>\n\n\t\n<\/div>\n\t\t<\/div>\n\n\t\t\n<style>\n#section_1074824719 {\n  padding-top: 70px;\n  padding-bottom: 70px;\n}\n<\/style>\n\t<\/section>\n\t\n\n\t<section class=\"section\" id=\"section_1999830453\">\n\t\t<div class=\"section-bg fill\" >\n\t\t\t\t\t\t\t\t\t\n\t\t\t\n\n\t\t<\/div>\n\n\t\t\n\n\t\t<div class=\"section-content relative\">\n\t\t\t\n<div class=\"row\"  id=\"row-1199965210\">\n\n\t<div id=\"col-1841341051\" class=\"col small-12 large-12\"  >\n\t\t\t\t<div class=\"col-inner\"  >\n\t\t\t\n\t\t\t\n\t<div class=\"img has-hover x md-x lg-x y md-y lg-y\" id=\"image_342356646\">\n\t\t\t\t\t\t\t\t<div class=\"img-inner dark\" >\n\t\t\t<img decoding=\"async\" width=\"1199\" height=\"414\" src=\"https:\/\/abix.com.br\/wp-content\/uploads\/2020\/07\/canoasfoto.jpg\" class=\"attachment-original size-original\" alt=\"\" srcset=\"https:\/\/abix.com.br\/wp-content\/uploads\/2020\/07\/canoasfoto.jpg 1199w, https:\/\/abix.com.br\/wp-content\/uploads\/2020\/07\/canoasfoto-600x207.jpg 600w, https:\/\/abix.com.br\/wp-content\/uploads\/2020\/07\/canoasfoto-300x104.jpg 300w, https:\/\/abix.com.br\/wp-content\/uploads\/2020\/07\/canoasfoto-1024x354.jpg 1024w, https:\/\/abix.com.br\/wp-content\/uploads\/2020\/07\/canoasfoto-768x265.jpg 768w\" sizes=\"(max-width: 1199px) 100vw, 1199px\" \/>\t\t\t\t\t\t\n\t\t\t\t\t<\/div>\n\t\t\t\t\t\t\t\t\n<style>\n#image_342356646 {\n  width: 100%;\n}\n<\/style>\n\t<\/div>\n\t\n\t\t<\/div>\n\t\t\t\t\t<\/div>\n\n\t\n<\/div>\n<div class=\"row\"  id=\"row-875204392\">\n\n\t<div id=\"col-748373555\" class=\"col medium-6 small-12 large-6\"  >\n\t\t\t\t<div class=\"col-inner\"  >\n\t\t\t\n\t\t\t\n<p>Situada cerca de la BR116, la principal salida de Canoas, Abix alquila radios a hoteles, centros comerciales, industrias y empresas de seguridad para clientes <span class=\"gmail_default\">del<\/span> Complejo Petroqu\u00edmico, Triunfo, Caxias do Sul y Gramado.<span class=\"gmail_default\">. Abix es muy competitivo y tiene la<\/span>  el mejor servicio<span class=\"gmail_default\"> con calidad asegurada por<\/span> ISO9001 para el alquiler de radiocomunicadores, radios para transmisi\u00f3n de datos y equipos de CCTV. El alquiler de equipos de v\u00eddeovigilancia es una soluci\u00f3n interesante para que su empresa tenga la seguridad de que las im\u00e1genes estar\u00e1n disponibles cuando las necesite.<\/p>\n\t\t<\/div>\n\t\t\t\t\t<\/div>\n\n\t\n\n\t<div id=\"col-1883547203\" class=\"col medium-6 small-12 large-6\"  >\n\t\t\t\t<div class=\"col-inner\"  >\n\t\t\t\n\t\t\t\n<h2>TECNOLOG\u00cdA ABIX<br \/>\n<strong>EN CANOAS<br \/>\n<\/strong><\/h2>\n<ul>\n<li>Rua Domingos Martins, 111 &#8211; Oficina 504 &#8211; Centro<br \/>\nCanoas\/RS &#8211; Condominio Comercial Santa M\u00f4nica<br \/>\nC\u00d3DIGO POSTAL: 92010-170<\/li>\n<li><a href=\"tel:5131036291\">Tel\u00e9fono: (51) 3103-6291<\/a><\/li>\n<\/ul>\n<a href=\"https:\/\/goo.gl\/maps\/4RHTnX1sC4x5n7Xp8\" target=\"_blank\" class=\"button primary btn-homr\" rel=\"noopener\"  >\n\t\t<span>M\u00c1S DETALLES\/VER MAPA<\/span>\n\t<\/a>\n\n\t\t<\/div>\n\t\t\t\t\t<\/div>\n\n\t\n<\/div>\n\t\t<\/div>\n\n\t\t\n<style>\n#section_1999830453 {\n  padding-top: 30px;\n  padding-bottom: 30px;\n}\n<\/style>\n\t<\/section>\n\t\n\n\t<section class=\"section\" id=\"section_803930104\">\n\t\t<div class=\"section-bg fill\" >\n\t\t\t\t\t\t\t\t\t\n\t\t\t\n\n\t\t<\/div>\n\n\t\t\n\n\t\t<div class=\"section-content relative\">\n\t\t\t\n<div class=\"row row-collapse row-full-width\"  id=\"row-1360332819\">\n\n\t<div id=\"col-1348719849\" class=\"col large-12\"  >\n\t\t\t\t<div class=\"col-inner\"  >\n\t\t\t\n\t\t\t\n\n<p><iframe style=\"border: 0;\" src=\"https:\/\/www.google.com\/maps\/embed?pb=!1m14!1m8!1m3!1d110549.3506216769!2d-51.2560536!3d-30.0177108!3m2!1i1024!2i768!4f13.1!3m3!1m2!1s0x9519717ff7a4afd9%3A0xe5d9dc1a755fe465!2sAbix%20Tecnologia!5e0!3m2!1spt-BR!2sbr!4v1694692023950!5m2!1spt-BR!2sbr\" width=\"100%\" height=\"600\" allowfullscreen=\"allowfullscreen\" data-mce-fragment=\"1\"><\/iframe><br \/>\n\n\t\t<\/div>\n\t\t\t\t\t<\/div>\n\n\t\n<\/div>\n\t\t<\/div>\n\n\t\t\n<style>\n#section_803930104 {\n  padding-top: 0px;\n  padding-bottom: 0px;\n}\n<\/style>\n\t<\/section>\n\t\n","protected":false},"excerpt":{"rendered":"","protected":false},"author":1,"featured_media":0,"parent":0,"menu_order":0,"comment_status":"closed","ping_status":"closed","template":"page-blank.php","meta":{"footnotes":""},"class_list":["post-19428","page","type-page","status-publish","hentry"],"yoast_head":"<!-- This site is optimized with the Yoast SEO plugin v27.4 - https:\/\/yoast.com\/product\/yoast-seo-wordpress\/ -->\n<title>Alquiler de radios en Canoas - Abix<\/title>\n<meta name=\"description\" content=\"Abix contrata comunicadores por radio en Canoas para centros comerciales, hoteles, hospitales y empresas de seguridad. Visite nuestro sitio web\" \/>\n<meta name=\"robots\" content=\"index, follow, max-snippet:-1, max-image-preview:large, max-video-preview:-1\" \/>\n<link rel=\"canonical\" href=\"https:\/\/abix.com.br\/locacao-de-radio-comunicador-em-canoas\/\" \/>\n<meta property=\"og:locale\" content=\"es_ES\" \/>\n<meta property=\"og:type\" content=\"article\" \/>\n<meta property=\"og:title\" content=\"Alquiler de radios en Canoas - Abix\" \/>\n<meta property=\"og:description\" content=\"Abix contrata comunicadores por radio en Canoas para centros comerciales, hoteles, hospitales y empresas de seguridad. Visite nuestro sitio web\" \/>\n<meta property=\"og:url\" content=\"https:\/\/abix.com.br\/locacao-de-radio-comunicador-em-canoas\/\" \/>\n<meta property=\"og:site_name\" content=\"Abix\" \/>\n<meta property=\"article:modified_time\" content=\"2023-10-19T18:54:21+00:00\" \/>\n<meta name=\"twitter:card\" content=\"summary_large_image\" \/>\n<meta name=\"twitter:label1\" content=\"Tiempo de lectura\" \/>\n\t<meta name=\"twitter:data1\" content=\"1 minuto\" \/>\n<script type=\"application\/ld+json\" class=\"yoast-schema-graph\">{\"@context\":\"https:\\\/\\\/schema.org\",\"@graph\":[{\"@type\":\"WebPage\",\"@id\":\"https:\\\/\\\/abix.com.br\\\/locacao-de-radio-comunicador-em-canoas\\\/\",\"url\":\"https:\\\/\\\/abix.com.br\\\/locacao-de-radio-comunicador-em-canoas\\\/\",\"name\":\"Alquiler de radios en Canoas - Abix\",\"isPartOf\":{\"@id\":\"https:\\\/\\\/abix.com.br\\\/#website\"},\"datePublished\":\"2020-07-23T14:49:33+00:00\",\"dateModified\":\"2023-10-19T18:54:21+00:00\",\"description\":\"Abix contrata comunicadores por radio en Canoas para centros comerciales, hoteles, hospitales y empresas de seguridad. Visite nuestro sitio web\",\"breadcrumb\":{\"@id\":\"https:\\\/\\\/abix.com.br\\\/locacao-de-radio-comunicador-em-canoas\\\/#breadcrumb\"},\"inLanguage\":\"es\",\"potentialAction\":[{\"@type\":\"ReadAction\",\"target\":[\"https:\\\/\\\/abix.com.br\\\/locacao-de-radio-comunicador-em-canoas\\\/\"]}]},{\"@type\":\"BreadcrumbList\",\"@id\":\"https:\\\/\\\/abix.com.br\\\/locacao-de-radio-comunicador-em-canoas\\\/#breadcrumb\",\"itemListElement\":[{\"@type\":\"ListItem\",\"position\":1,\"name\":\"In\u00edcio\",\"item\":\"https:\\\/\\\/abix.com.br\\\/es\\\/\"},{\"@type\":\"ListItem\",\"position\":2,\"name\":\"Localizaci\u00f3n Canoas\"}]},{\"@type\":\"WebSite\",\"@id\":\"https:\\\/\\\/abix.com.br\\\/#website\",\"url\":\"https:\\\/\\\/abix.com.br\\\/\",\"name\":\"Abix\",\"description\":\"\",\"potentialAction\":[{\"@type\":\"SearchAction\",\"target\":{\"@type\":\"EntryPoint\",\"urlTemplate\":\"https:\\\/\\\/abix.com.br\\\/?s={search_term_string}\"},\"query-input\":{\"@type\":\"PropertyValueSpecification\",\"valueRequired\":true,\"valueName\":\"search_term_string\"}}],\"inLanguage\":\"es\"}]}<\/script>\n<!-- \/ Yoast SEO plugin. -->","yoast_head_json":{"title":"Alquiler de radios en Canoas - Abix","description":"Abix contrata comunicadores por radio en Canoas para centros comerciales, hoteles, hospitales y empresas de seguridad. Visite nuestro sitio web","robots":{"index":"index","follow":"follow","max-snippet":"max-snippet:-1","max-image-preview":"max-image-preview:large","max-video-preview":"max-video-preview:-1"},"canonical":"https:\/\/abix.com.br\/locacao-de-radio-comunicador-em-canoas\/","og_locale":"es_ES","og_type":"article","og_title":"Alquiler de radios en Canoas - Abix","og_description":"Abix contrata comunicadores por radio en Canoas para centros comerciales, hoteles, hospitales y empresas de seguridad. Visite nuestro sitio web","og_url":"https:\/\/abix.com.br\/locacao-de-radio-comunicador-em-canoas\/","og_site_name":"Abix","article_modified_time":"2023-10-19T18:54:21+00:00","twitter_card":"summary_large_image","twitter_misc":{"Tiempo de lectura":"1 minuto"},"schema":{"@context":"https:\/\/schema.org","@graph":[{"@type":"WebPage","@id":"https:\/\/abix.com.br\/locacao-de-radio-comunicador-em-canoas\/","url":"https:\/\/abix.com.br\/locacao-de-radio-comunicador-em-canoas\/","name":"Alquiler de radios en Canoas - Abix","isPartOf":{"@id":"https:\/\/abix.com.br\/#website"},"datePublished":"2020-07-23T14:49:33+00:00","dateModified":"2023-10-19T18:54:21+00:00","description":"Abix contrata comunicadores por radio en Canoas para centros comerciales, hoteles, hospitales y empresas de seguridad. Visite nuestro sitio web","breadcrumb":{"@id":"https:\/\/abix.com.br\/locacao-de-radio-comunicador-em-canoas\/#breadcrumb"},"inLanguage":"es","potentialAction":[{"@type":"ReadAction","target":["https:\/\/abix.com.br\/locacao-de-radio-comunicador-em-canoas\/"]}]},{"@type":"BreadcrumbList","@id":"https:\/\/abix.com.br\/locacao-de-radio-comunicador-em-canoas\/#breadcrumb","itemListElement":[{"@type":"ListItem","position":1,"name":"In\u00edcio","item":"https:\/\/abix.com.br\/es\/"},{"@type":"ListItem","position":2,"name":"Localizaci\u00f3n Canoas"}]},{"@type":"WebSite","@id":"https:\/\/abix.com.br\/#website","url":"https:\/\/abix.com.br\/","name":"Abix","description":"","potentialAction":[{"@type":"SearchAction","target":{"@type":"EntryPoint","urlTemplate":"https:\/\/abix.com.br\/?s={search_term_string}"},"query-input":{"@type":"PropertyValueSpecification","valueRequired":true,"valueName":"search_term_string"}}],"inLanguage":"es"}]}},"_links":{"self":[{"href":"https:\/\/abix.com.br\/es\/wp-json\/wp\/v2\/pages\/19428","targetHints":{"allow":["GET"]}}],"collection":[{"href":"https:\/\/abix.com.br\/es\/wp-json\/wp\/v2\/pages"}],"about":[{"href":"https:\/\/abix.com.br\/es\/wp-json\/wp\/v2\/types\/page"}],"author":[{"embeddable":true,"href":"https:\/\/abix.com.br\/es\/wp-json\/wp\/v2\/users\/1"}],"replies":[{"embeddable":true,"href":"https:\/\/abix.com.br\/es\/wp-json\/wp\/v2\/comments?post=19428"}],"version-history":[{"count":4,"href":"https:\/\/abix.com.br\/es\/wp-json\/wp\/v2\/pages\/19428\/revisions"}],"predecessor-version":[{"id":19436,"href":"https:\/\/abix.com.br\/es\/wp-json\/wp\/v2\/pages\/19428\/revisions\/19436"}],"wp:attachment":[{"href":"https:\/\/abix.com.br\/es\/wp-json\/wp\/v2\/media?parent=19428"}],"curies":[{"name":"wp","href":"https:\/\/api.w.org\/{rel}","templated":true}]}}