{"id":19437,"date":"2020-07-23T13:43:04","date_gmt":"2020-07-23T16:43:04","guid":{"rendered":"https:\/\/abix.com.br\/locacao-de-radio-comunicador-em-curitiba\/"},"modified":"2023-10-19T15:56:07","modified_gmt":"2023-10-19T18:56:07","slug":"locacao-de-radio-comunicador-em-curitiba","status":"publish","type":"page","link":"https:\/\/abix.com.br\/es\/locacao-de-radio-comunicador-em-curitiba\/","title":{"rendered":"Localizaci\u00f3n Curitiba"},"content":{"rendered":"\n\t<section class=\"section paginas-internas\" id=\"section_1241472236\">\n\t\t<div class=\"section-bg fill\" >\n\t\t\t\t\t\t\t\t\t\n\t\t\t\n\n\t\t<\/div>\n\n\t\t\n\n\t\t<div class=\"section-content relative\">\n\t\t\t\n<div class=\"row\"  id=\"row-735245456\">\n\n\t<div id=\"col-434135529\" class=\"col small-12 large-12\"  >\n\t\t\t\t<div class=\"col-inner\"  >\n\t\t\t\n\t\t\t\n<h1 style=\"text-align: center;\">LOCALIZACI\u00d3N CURITIBA<\/h1>\n\t\t<\/div>\n\t\t\t\t\t<\/div>\n\n\t\n<\/div>\n\t\t<\/div>\n\n\t\t\n<style>\n#section_1241472236 {\n  padding-top: 70px;\n  padding-bottom: 70px;\n}\n<\/style>\n\t<\/section>\n\t\n\n\t<section class=\"section\" id=\"section_488729404\">\n\t\t<div class=\"section-bg fill\" >\n\t\t\t\t\t\t\t\t\t\n\t\t\t\n\n\t\t<\/div>\n\n\t\t\n\n\t\t<div class=\"section-content relative\">\n\t\t\t\n<div class=\"row\"  id=\"row-2114818983\">\n\n\t<div id=\"col-47878594\" class=\"col small-12 large-12\"  >\n\t\t\t\t<div class=\"col-inner\"  >\n\t\t\t\n\t\t\t\n\t<div class=\"img has-hover x md-x lg-x y md-y lg-y\" id=\"image_549932703\">\n\t\t\t\t\t\t\t\t<div class=\"img-inner dark\" >\n\t\t\t<img decoding=\"async\" width=\"1199\" height=\"414\" src=\"https:\/\/abix.com.br\/wp-content\/uploads\/2020\/07\/img-localizacao-curitiba.jpg\" class=\"attachment-original size-original\" alt=\"\" srcset=\"https:\/\/abix.com.br\/wp-content\/uploads\/2020\/07\/img-localizacao-curitiba.jpg 1199w, https:\/\/abix.com.br\/wp-content\/uploads\/2020\/07\/img-localizacao-curitiba-600x207.jpg 600w, https:\/\/abix.com.br\/wp-content\/uploads\/2020\/07\/img-localizacao-curitiba-300x104.jpg 300w, https:\/\/abix.com.br\/wp-content\/uploads\/2020\/07\/img-localizacao-curitiba-1024x354.jpg 1024w, https:\/\/abix.com.br\/wp-content\/uploads\/2020\/07\/img-localizacao-curitiba-768x265.jpg 768w\" sizes=\"(max-width: 1199px) 100vw, 1199px\" \/>\t\t\t\t\t\t\n\t\t\t\t\t<\/div>\n\t\t\t\t\t\t\t\t\n<style>\n#image_549932703 {\n  width: 100%;\n}\n<\/style>\n\t<\/div>\n\t\n\t\t<\/div>\n\t\t\t\t\t<\/div>\n\n\t\n<\/div>\n<div class=\"row\"  id=\"row-1714776764\">\n\n\t<div id=\"col-1189962548\" class=\"col medium-6 small-12 large-6\"  >\n\t\t\t\t<div class=\"col-inner\"  >\n\t\t\t\n\t\t\t\n<p>Situado en una zona privilegiada de Curitiba, Abix Tecnologia est\u00e1 en Shopping Crystal en una sede de concepto donde los clientes pueden aparcar f\u00e1cilmente,  <span class=\"gmail_default\">f\u00e1cil acceso,  <\/span>entrada<span class=\"gmail_default\">  y salida<\/span>  r\u00e1pido, drive thru para la retirada expr\u00e9s de radios, local especializado para la instalaci\u00f3n de radios en veh\u00edculos y turismos y servicio autorizado para la reparaci\u00f3n de radios bidireccionales con certificaci\u00f3n INMETRO para la reparaci\u00f3n de radiocomunicadores.  <wbr><\/wbr>intr\u00ednsecamente seguro. Abix alquila radios y sistemas a las mayores empresas de Paran\u00e1, con clientes en Paranagu\u00e1, Arauc\u00e1ria, Cascavel, Ponta Grossa, Londrina y Foz do Igua\u00e7u.<\/p>\n\t\t<\/div>\n\t\t\t\t\t<\/div>\n\n\t\n\n\t<div id=\"col-1086597414\" class=\"col medium-6 small-12 large-6\"  >\n\t\t\t\t<div class=\"col-inner\"  >\n\t\t\t\n\t\t\t\n<h2>TECNOLOG\u00cdA ABIX<br \/><strong>EN CURITIBA<\/strong><\/h2>\n<ul>\n<li>Rua: Comendador Ara\u00fajo, 731<br \/>Batel &#8211; Curitiba\/PR &#8211; C\u00f3digo postal: 80420-063<br \/>Centro Comercial Crystal: Planta L4 &#8211; Salas 411 y 441<\/li>\n<li><a href=\"tel:4130220500\">Tel\u00e9fono: (41) 3022-0500<\/a><\/li>\n<\/ul>\n<a href=\"https:\/\/goo.gl\/maps\/GnV1ap4rBwK68QCw6\" target=\"_blank\" class=\"button primary btn-homr\" rel=\"noopener\"  >\n\t\t<span>M\u00c1S DETALLES\/VER MAPA<\/span>\n\t<\/a>\n\n\t\t<\/div>\n\t\t\t\t\t<\/div>\n\n\t\n<\/div>\n\t\t<\/div>\n\n\t\t\n<style>\n#section_488729404 {\n  padding-top: 30px;\n  padding-bottom: 30px;\n}\n<\/style>\n\t<\/section>\n\t\n\n\t<section class=\"section\" id=\"section_951077277\">\n\t\t<div class=\"section-bg fill\" >\n\t\t\t\t\t\t\t\t\t\n\t\t\t\n\n\t\t<\/div>\n\n\t\t\n\n\t\t<div class=\"section-content relative\">\n\t\t\t\n<div class=\"row row-collapse row-full-width\"  id=\"row-1763007853\">\n\n\t<div id=\"col-1152816411\" class=\"col large-12\"  >\n\t\t\t\t<div class=\"col-inner\"  >\n\t\t\t\n\t\t\t\n\n<p><iframe src=\"https:\/\/www.google.com\/maps\/embed?pb=!1m14!1m8!1m3!1d14411.91272235279!2d-49.28148!3d-25.438993!3m2!1i1024!2i768!4f13.1!3m3!1m2!1s0x94dce3f5ae089769%3A0x9a19105e72d73ec!2sAbix%20Tecnologia!5e0!3m2!1spt-BR!2sbr!4v1694691767524!5m2!1spt-BR!2sbr\" width=\"100%\" height=\"600\" style=\"border:0;\" allowfullscreen=\"\" loading=\"lazy\" referrerpolicy=\"no-referrer-when-downgrade\"><\/iframe><br \/>\n\n\t\t<\/div>\n\t\t\t\t\t<\/div>\n\n\t\n<\/div>\n\t\t<\/div>\n\n\t\t\n<style>\n#section_951077277 {\n  padding-top: 0px;\n  padding-bottom: 0px;\n}\n<\/style>\n\t<\/section>\n\t\n","protected":false},"excerpt":{"rendered":"","protected":false},"author":1,"featured_media":0,"parent":0,"menu_order":0,"comment_status":"closed","ping_status":"closed","template":"page-blank.php","meta":{"footnotes":""},"class_list":["post-19437","page","type-page","status-publish","hentry"],"yoast_head":"<!-- This site is optimized with the Yoast SEO plugin v27.4 - https:\/\/yoast.com\/product\/yoast-seo-wordpress\/ -->\n<title>Alquiler de Radio comunicador en Curitiba - Abix<\/title>\n<meta name=\"description\" content=\"Alquiler de radio comunicadores en Curitiba - Abix tambi\u00e9n realiza proyectos t\u00e9cnicos para su empresa ante Anatel. P\u00f3ngase en contacto con nosotros\" \/>\n<meta name=\"robots\" content=\"index, follow, max-snippet:-1, max-image-preview:large, max-video-preview:-1\" \/>\n<link rel=\"canonical\" href=\"https:\/\/abix.com.br\/locacao-de-radio-comunicador-em-curitiba\/\" \/>\n<meta property=\"og:locale\" content=\"es_ES\" \/>\n<meta property=\"og:type\" content=\"article\" \/>\n<meta property=\"og:title\" content=\"Alquiler de Radio comunicador en Curitiba - Abix\" \/>\n<meta property=\"og:description\" content=\"Alquiler de radio comunicadores en Curitiba - Abix tambi\u00e9n realiza proyectos t\u00e9cnicos para su empresa ante Anatel. P\u00f3ngase en contacto con nosotros\" \/>\n<meta property=\"og:url\" content=\"https:\/\/abix.com.br\/locacao-de-radio-comunicador-em-curitiba\/\" \/>\n<meta property=\"og:site_name\" content=\"Abix\" \/>\n<meta property=\"article:modified_time\" content=\"2023-10-19T18:56:07+00:00\" \/>\n<meta name=\"twitter:card\" content=\"summary_large_image\" \/>\n<meta name=\"twitter:label1\" content=\"Tiempo de lectura\" \/>\n\t<meta name=\"twitter:data1\" content=\"1 minuto\" \/>\n<script type=\"application\/ld+json\" class=\"yoast-schema-graph\">{\"@context\":\"https:\\\/\\\/schema.org\",\"@graph\":[{\"@type\":\"WebPage\",\"@id\":\"https:\\\/\\\/abix.com.br\\\/locacao-de-radio-comunicador-em-curitiba\\\/\",\"url\":\"https:\\\/\\\/abix.com.br\\\/locacao-de-radio-comunicador-em-curitiba\\\/\",\"name\":\"Alquiler de Radio comunicador en Curitiba - Abix\",\"isPartOf\":{\"@id\":\"https:\\\/\\\/abix.com.br\\\/#website\"},\"datePublished\":\"2020-07-23T16:43:04+00:00\",\"dateModified\":\"2023-10-19T18:56:07+00:00\",\"description\":\"Alquiler de radio comunicadores en Curitiba - Abix tambi\u00e9n realiza proyectos t\u00e9cnicos para su empresa ante Anatel. P\u00f3ngase en contacto con nosotros\",\"breadcrumb\":{\"@id\":\"https:\\\/\\\/abix.com.br\\\/locacao-de-radio-comunicador-em-curitiba\\\/#breadcrumb\"},\"inLanguage\":\"es\",\"potentialAction\":[{\"@type\":\"ReadAction\",\"target\":[\"https:\\\/\\\/abix.com.br\\\/locacao-de-radio-comunicador-em-curitiba\\\/\"]}]},{\"@type\":\"BreadcrumbList\",\"@id\":\"https:\\\/\\\/abix.com.br\\\/locacao-de-radio-comunicador-em-curitiba\\\/#breadcrumb\",\"itemListElement\":[{\"@type\":\"ListItem\",\"position\":1,\"name\":\"In\u00edcio\",\"item\":\"https:\\\/\\\/abix.com.br\\\/es\\\/\"},{\"@type\":\"ListItem\",\"position\":2,\"name\":\"Localizaci\u00f3n Curitiba\"}]},{\"@type\":\"WebSite\",\"@id\":\"https:\\\/\\\/abix.com.br\\\/#website\",\"url\":\"https:\\\/\\\/abix.com.br\\\/\",\"name\":\"Abix\",\"description\":\"\",\"potentialAction\":[{\"@type\":\"SearchAction\",\"target\":{\"@type\":\"EntryPoint\",\"urlTemplate\":\"https:\\\/\\\/abix.com.br\\\/?s={search_term_string}\"},\"query-input\":{\"@type\":\"PropertyValueSpecification\",\"valueRequired\":true,\"valueName\":\"search_term_string\"}}],\"inLanguage\":\"es\"}]}<\/script>\n<!-- \/ Yoast SEO plugin. -->","yoast_head_json":{"title":"Alquiler de Radio comunicador en Curitiba - Abix","description":"Alquiler de radio comunicadores en Curitiba - Abix tambi\u00e9n realiza proyectos t\u00e9cnicos para su empresa ante Anatel. P\u00f3ngase en contacto con nosotros","robots":{"index":"index","follow":"follow","max-snippet":"max-snippet:-1","max-image-preview":"max-image-preview:large","max-video-preview":"max-video-preview:-1"},"canonical":"https:\/\/abix.com.br\/locacao-de-radio-comunicador-em-curitiba\/","og_locale":"es_ES","og_type":"article","og_title":"Alquiler de Radio comunicador en Curitiba - Abix","og_description":"Alquiler de radio comunicadores en Curitiba - Abix tambi\u00e9n realiza proyectos t\u00e9cnicos para su empresa ante Anatel. P\u00f3ngase en contacto con nosotros","og_url":"https:\/\/abix.com.br\/locacao-de-radio-comunicador-em-curitiba\/","og_site_name":"Abix","article_modified_time":"2023-10-19T18:56:07+00:00","twitter_card":"summary_large_image","twitter_misc":{"Tiempo de lectura":"1 minuto"},"schema":{"@context":"https:\/\/schema.org","@graph":[{"@type":"WebPage","@id":"https:\/\/abix.com.br\/locacao-de-radio-comunicador-em-curitiba\/","url":"https:\/\/abix.com.br\/locacao-de-radio-comunicador-em-curitiba\/","name":"Alquiler de Radio comunicador en Curitiba - Abix","isPartOf":{"@id":"https:\/\/abix.com.br\/#website"},"datePublished":"2020-07-23T16:43:04+00:00","dateModified":"2023-10-19T18:56:07+00:00","description":"Alquiler de radio comunicadores en Curitiba - Abix tambi\u00e9n realiza proyectos t\u00e9cnicos para su empresa ante Anatel. P\u00f3ngase en contacto con nosotros","breadcrumb":{"@id":"https:\/\/abix.com.br\/locacao-de-radio-comunicador-em-curitiba\/#breadcrumb"},"inLanguage":"es","potentialAction":[{"@type":"ReadAction","target":["https:\/\/abix.com.br\/locacao-de-radio-comunicador-em-curitiba\/"]}]},{"@type":"BreadcrumbList","@id":"https:\/\/abix.com.br\/locacao-de-radio-comunicador-em-curitiba\/#breadcrumb","itemListElement":[{"@type":"ListItem","position":1,"name":"In\u00edcio","item":"https:\/\/abix.com.br\/es\/"},{"@type":"ListItem","position":2,"name":"Localizaci\u00f3n Curitiba"}]},{"@type":"WebSite","@id":"https:\/\/abix.com.br\/#website","url":"https:\/\/abix.com.br\/","name":"Abix","description":"","potentialAction":[{"@type":"SearchAction","target":{"@type":"EntryPoint","urlTemplate":"https:\/\/abix.com.br\/?s={search_term_string}"},"query-input":{"@type":"PropertyValueSpecification","valueRequired":true,"valueName":"search_term_string"}}],"inLanguage":"es"}]}},"_links":{"self":[{"href":"https:\/\/abix.com.br\/es\/wp-json\/wp\/v2\/pages\/19437","targetHints":{"allow":["GET"]}}],"collection":[{"href":"https:\/\/abix.com.br\/es\/wp-json\/wp\/v2\/pages"}],"about":[{"href":"https:\/\/abix.com.br\/es\/wp-json\/wp\/v2\/types\/page"}],"author":[{"embeddable":true,"href":"https:\/\/abix.com.br\/es\/wp-json\/wp\/v2\/users\/1"}],"replies":[{"embeddable":true,"href":"https:\/\/abix.com.br\/es\/wp-json\/wp\/v2\/comments?post=19437"}],"version-history":[{"count":4,"href":"https:\/\/abix.com.br\/es\/wp-json\/wp\/v2\/pages\/19437\/revisions"}],"predecessor-version":[{"id":19441,"href":"https:\/\/abix.com.br\/es\/wp-json\/wp\/v2\/pages\/19437\/revisions\/19441"}],"wp:attachment":[{"href":"https:\/\/abix.com.br\/es\/wp-json\/wp\/v2\/media?parent=19437"}],"curies":[{"name":"wp","href":"https:\/\/api.w.org\/{rel}","templated":true}]}}