{"id":19442,"date":"2021-02-03T14:41:56","date_gmt":"2021-02-03T17:41:56","guid":{"rendered":"https:\/\/abix.com.br\/locacao-de-radio-comunicador-em-itajai\/"},"modified":"2023-10-19T15:57:55","modified_gmt":"2023-10-19T18:57:55","slug":"locacao-de-radio-comunicador-em-itajai","status":"publish","type":"page","link":"https:\/\/abix.com.br\/es\/locacao-de-radio-comunicador-em-itajai\/","title":{"rendered":"Localizaci\u00f3n Itaja\u00ed"},"content":{"rendered":"\n\t<section class=\"section paginas-internas\" id=\"section_455384953\">\n\t\t<div class=\"section-bg fill\" >\n\t\t\t\t\t\t\t\t\t\n\t\t\t\n\n\t\t<\/div>\n\n\t\t\n\n\t\t<div class=\"section-content relative\">\n\t\t\t\n<div class=\"row\"  id=\"row-473030418\">\n\n\t<div id=\"col-1604712023\" class=\"col small-12 large-12\"  >\n\t\t\t\t<div class=\"col-inner\"  >\n\t\t\t\n\t\t\t\n<h1 style=\"text-align: center;\">ITAJA\u00cd UBICACI\u00d3N<\/h1>\n\t\t<\/div>\n\t\t\t\t\t<\/div>\n\n\t\n<\/div>\n\t\t<\/div>\n\n\t\t\n<style>\n#section_455384953 {\n  padding-top: 70px;\n  padding-bottom: 70px;\n}\n<\/style>\n\t<\/section>\n\t\n\n\t<section class=\"section\" id=\"section_103768287\">\n\t\t<div class=\"section-bg fill\" >\n\t\t\t\t\t\t\t\t\t\n\t\t\t\n\n\t\t<\/div>\n\n\t\t\n\n\t\t<div class=\"section-content relative\">\n\t\t\t\n<div class=\"row\"  id=\"row-1078844828\">\n\n\t<div id=\"col-1513413166\" class=\"col small-12 large-12\"  >\n\t\t\t\t<div class=\"col-inner\"  >\n\t\t\t\n\t\t\t\n\t<div class=\"img has-hover x md-x lg-x y md-y lg-y\" id=\"image_191337446\">\n\t\t\t\t\t\t\t\t<div class=\"img-inner dark\" >\n\t\t\t<img decoding=\"async\" width=\"1199\" height=\"519\" src=\"https:\/\/abix.com.br\/wp-content\/uploads\/2021\/02\/loc-itajai-1.webp\" class=\"attachment-original size-original\" alt=\"\" srcset=\"https:\/\/abix.com.br\/wp-content\/uploads\/2021\/02\/loc-itajai-1.webp 1199w, https:\/\/abix.com.br\/wp-content\/uploads\/2021\/02\/loc-itajai-1-600x260.webp 600w, https:\/\/abix.com.br\/wp-content\/uploads\/2021\/02\/loc-itajai-1-300x130.webp 300w, https:\/\/abix.com.br\/wp-content\/uploads\/2021\/02\/loc-itajai-1-1024x443.webp 1024w, https:\/\/abix.com.br\/wp-content\/uploads\/2021\/02\/loc-itajai-1-768x332.webp 768w\" sizes=\"(max-width: 1199px) 100vw, 1199px\" \/>\t\t\t\t\t\t\n\t\t\t\t\t<\/div>\n\t\t\t\t\t\t\t\t\n<style>\n#image_191337446 {\n  width: 100%;\n}\n<\/style>\n\t<\/div>\n\t\n\t\t<\/div>\n\t\t\t\t\t<\/div>\n\n\t\n<\/div>\n<div class=\"row\"  id=\"row-398410572\">\n\n\t<div id=\"col-1346415097\" class=\"col medium-6 small-12 large-6\"  >\n\t\t\t\t<div class=\"col-inner\"  >\n\t\t\t\n\t\t\t\n<p>En una actualizaci\u00f3n &#8230;<\/p>\n\t\t<\/div>\n\t\t\t\t\t<\/div>\n\n\t\n\n\t<div id=\"col-1048081136\" class=\"col medium-6 small-12 large-6\"  >\n\t\t\t\t<div class=\"col-inner\"  >\n\t\t\t\n\t\t\t\n<h2>TECNOLOG\u00cdA ABIX<br \/><strong>EN ITAJA\u00cd<br \/><\/strong><\/h2>\n<ul>\n<li>ROD Antonio Heil, 1001, KM1, ARMZ G2, MOD 06, sl 26<br \/>Itaipava &#8211; Itaja\u00ed\/SC<br \/>C\u00d3DIGO POSTAL: 88.316-001<\/li>\n<li><a href=\"tel:4130220500\">Tel:<\/a><a href=\"tel:4721038683\">(47) 2103-8683<\/a><\/li>\n<\/ul>\n<a href=\"https:\/\/goo.gl\/maps\/DUP5RKW3nLRe7Fir6\" target=\"_blank\" class=\"button primary btn-homr\" rel=\"noopener\"  >\n\t\t<span>M\u00c1S DETALLES\/VER MAPA<\/span>\n\t<\/a>\n\n\t\t<\/div>\n\t\t\t\t\t<\/div>\n\n\t\n<\/div>\n\t\t<\/div>\n\n\t\t\n<style>\n#section_103768287 {\n  padding-top: 30px;\n  padding-bottom: 30px;\n}\n<\/style>\n\t<\/section>\n\t\n\n\t<section class=\"section\" id=\"section_40457836\">\n\t\t<div class=\"section-bg fill\" >\n\t\t\t\t\t\t\t\t\t\n\t\t\t\n\n\t\t<\/div>\n\n\t\t\n\n\t\t<div class=\"section-content relative\">\n\t\t\t\n<div class=\"row row-collapse row-full-width\"  id=\"row-947059285\">\n\n\t<div id=\"col-549406580\" class=\"col large-12\"  >\n\t\t\t\t<div class=\"col-inner\"  >\n\t\t\t\n\t\t\t\n\n<p><iframe src=\"https:\/\/www.google.com\/maps\/embed?pb=!1m18!1m12!1m3!1d3556.821798066163!2d-48.7079672!3d-26.9408633!2m3!1f0!2f0!3f0!3m2!1i1024!2i768!4f13.1!3m3!1m2!1s0x94d8cb5ab65b5d5f%3A0x1b70700974fd0cd4!2sRod.%20Ant%C3%B4nio%20Heil%2C%201001%20-%20Itaipava%2C%20Itaja%C3%AD%20-%20SC%2C%2088316-001!5e0!3m2!1spt-BR!2sbr!4v1694694150975!5m2!1spt-BR!2sbr\" width=\"100%\" height=\"600\" style=\"border:0;\" allowfullscreen=\"\" loading=\"lazy\" referrerpolicy=\"no-referrer-when-downgrade\"><\/iframe><br \/>\n\n\t\t<\/div>\n\t\t\t\t\t<\/div>\n\n\t\n<\/div>\n\t\t<\/div>\n\n\t\t\n<style>\n#section_40457836 {\n  padding-top: 0px;\n  padding-bottom: 0px;\n}\n<\/style>\n\t<\/section>\n\t\n","protected":false},"excerpt":{"rendered":"","protected":false},"author":1,"featured_media":0,"parent":0,"menu_order":0,"comment_status":"closed","ping_status":"closed","template":"page-blank.php","meta":{"footnotes":""},"class_list":["post-19442","page","type-page","status-publish","hentry"],"yoast_head":"<!-- This site is optimized with the Yoast SEO plugin v27.5 - https:\/\/yoast.com\/product\/yoast-seo-wordpress\/ -->\n<title>Alquiler de Radio comunicador en Itaja\u00ed - Abix Tecnologia<\/title>\n<meta name=\"description\" content=\"Alquiler de Radio Comunicador en Itaja\u00ed - ROD Antonio Heil, 1001, KM1, ARMZ G2, MOD 06, sl 26Itaipava - Itaja\u00ed\/SC - C\u00f3digo Postal: 88.316-001\" \/>\n<meta name=\"robots\" content=\"index, follow, max-snippet:-1, max-image-preview:large, max-video-preview:-1\" \/>\n<link rel=\"canonical\" href=\"https:\/\/abix.com.br\/locacao-de-radio-comunicador-em-itajai\/\" \/>\n<meta property=\"og:locale\" content=\"es_ES\" \/>\n<meta property=\"og:type\" content=\"article\" \/>\n<meta property=\"og:title\" content=\"Alquiler de Radio comunicador en Itaja\u00ed - Abix Tecnologia\" \/>\n<meta property=\"og:description\" content=\"Alquiler de Radio Comunicador en Itaja\u00ed - ROD Antonio Heil, 1001, KM1, ARMZ G2, MOD 06, sl 26Itaipava - Itaja\u00ed\/SC - C\u00f3digo Postal: 88.316-001\" \/>\n<meta property=\"og:url\" content=\"https:\/\/abix.com.br\/locacao-de-radio-comunicador-em-itajai\/\" \/>\n<meta property=\"og:site_name\" content=\"Abix\" \/>\n<meta property=\"article:modified_time\" content=\"2023-10-19T18:57:55+00:00\" \/>\n<meta name=\"twitter:card\" content=\"summary_large_image\" \/>\n<meta name=\"twitter:label1\" content=\"Tiempo de lectura\" \/>\n\t<meta name=\"twitter:data1\" content=\"1 minuto\" \/>\n<script type=\"application\/ld+json\" class=\"yoast-schema-graph\">{\"@context\":\"https:\\\/\\\/schema.org\",\"@graph\":[{\"@type\":\"WebPage\",\"@id\":\"https:\\\/\\\/abix.com.br\\\/locacao-de-radio-comunicador-em-itajai\\\/\",\"url\":\"https:\\\/\\\/abix.com.br\\\/locacao-de-radio-comunicador-em-itajai\\\/\",\"name\":\"Alquiler de Radio comunicador en Itaja\u00ed - Abix Tecnologia\",\"isPartOf\":{\"@id\":\"https:\\\/\\\/abix.com.br\\\/#website\"},\"datePublished\":\"2021-02-03T17:41:56+00:00\",\"dateModified\":\"2023-10-19T18:57:55+00:00\",\"description\":\"Alquiler de Radio Comunicador en Itaja\u00ed - ROD Antonio Heil, 1001, KM1, ARMZ G2, MOD 06, sl 26Itaipava - Itaja\u00ed\\\/SC - C\u00f3digo Postal: 88.316-001\",\"breadcrumb\":{\"@id\":\"https:\\\/\\\/abix.com.br\\\/locacao-de-radio-comunicador-em-itajai\\\/#breadcrumb\"},\"inLanguage\":\"es\",\"potentialAction\":[{\"@type\":\"ReadAction\",\"target\":[\"https:\\\/\\\/abix.com.br\\\/locacao-de-radio-comunicador-em-itajai\\\/\"]}]},{\"@type\":\"BreadcrumbList\",\"@id\":\"https:\\\/\\\/abix.com.br\\\/locacao-de-radio-comunicador-em-itajai\\\/#breadcrumb\",\"itemListElement\":[{\"@type\":\"ListItem\",\"position\":1,\"name\":\"In\u00edcio\",\"item\":\"https:\\\/\\\/abix.com.br\\\/es\\\/\"},{\"@type\":\"ListItem\",\"position\":2,\"name\":\"Localizaci\u00f3n Itaja\u00ed\"}]},{\"@type\":\"WebSite\",\"@id\":\"https:\\\/\\\/abix.com.br\\\/#website\",\"url\":\"https:\\\/\\\/abix.com.br\\\/\",\"name\":\"Abix\",\"description\":\"\",\"potentialAction\":[{\"@type\":\"SearchAction\",\"target\":{\"@type\":\"EntryPoint\",\"urlTemplate\":\"https:\\\/\\\/abix.com.br\\\/?s={search_term_string}\"},\"query-input\":{\"@type\":\"PropertyValueSpecification\",\"valueRequired\":true,\"valueName\":\"search_term_string\"}}],\"inLanguage\":\"es\"}]}<\/script>\n<!-- \/ Yoast SEO plugin. -->","yoast_head_json":{"title":"Alquiler de Radio comunicador en Itaja\u00ed - Abix Tecnologia","description":"Alquiler de Radio Comunicador en Itaja\u00ed - ROD Antonio Heil, 1001, KM1, ARMZ G2, MOD 06, sl 26Itaipava - Itaja\u00ed\/SC - C\u00f3digo Postal: 88.316-001","robots":{"index":"index","follow":"follow","max-snippet":"max-snippet:-1","max-image-preview":"max-image-preview:large","max-video-preview":"max-video-preview:-1"},"canonical":"https:\/\/abix.com.br\/locacao-de-radio-comunicador-em-itajai\/","og_locale":"es_ES","og_type":"article","og_title":"Alquiler de Radio comunicador en Itaja\u00ed - Abix Tecnologia","og_description":"Alquiler de Radio Comunicador en Itaja\u00ed - ROD Antonio Heil, 1001, KM1, ARMZ G2, MOD 06, sl 26Itaipava - Itaja\u00ed\/SC - C\u00f3digo Postal: 88.316-001","og_url":"https:\/\/abix.com.br\/locacao-de-radio-comunicador-em-itajai\/","og_site_name":"Abix","article_modified_time":"2023-10-19T18:57:55+00:00","twitter_card":"summary_large_image","twitter_misc":{"Tiempo de lectura":"1 minuto"},"schema":{"@context":"https:\/\/schema.org","@graph":[{"@type":"WebPage","@id":"https:\/\/abix.com.br\/locacao-de-radio-comunicador-em-itajai\/","url":"https:\/\/abix.com.br\/locacao-de-radio-comunicador-em-itajai\/","name":"Alquiler de Radio comunicador en Itaja\u00ed - Abix Tecnologia","isPartOf":{"@id":"https:\/\/abix.com.br\/#website"},"datePublished":"2021-02-03T17:41:56+00:00","dateModified":"2023-10-19T18:57:55+00:00","description":"Alquiler de Radio Comunicador en Itaja\u00ed - ROD Antonio Heil, 1001, KM1, ARMZ G2, MOD 06, sl 26Itaipava - Itaja\u00ed\/SC - C\u00f3digo Postal: 88.316-001","breadcrumb":{"@id":"https:\/\/abix.com.br\/locacao-de-radio-comunicador-em-itajai\/#breadcrumb"},"inLanguage":"es","potentialAction":[{"@type":"ReadAction","target":["https:\/\/abix.com.br\/locacao-de-radio-comunicador-em-itajai\/"]}]},{"@type":"BreadcrumbList","@id":"https:\/\/abix.com.br\/locacao-de-radio-comunicador-em-itajai\/#breadcrumb","itemListElement":[{"@type":"ListItem","position":1,"name":"In\u00edcio","item":"https:\/\/abix.com.br\/es\/"},{"@type":"ListItem","position":2,"name":"Localizaci\u00f3n Itaja\u00ed"}]},{"@type":"WebSite","@id":"https:\/\/abix.com.br\/#website","url":"https:\/\/abix.com.br\/","name":"Abix","description":"","potentialAction":[{"@type":"SearchAction","target":{"@type":"EntryPoint","urlTemplate":"https:\/\/abix.com.br\/?s={search_term_string}"},"query-input":{"@type":"PropertyValueSpecification","valueRequired":true,"valueName":"search_term_string"}}],"inLanguage":"es"}]}},"_links":{"self":[{"href":"https:\/\/abix.com.br\/es\/wp-json\/wp\/v2\/pages\/19442","targetHints":{"allow":["GET"]}}],"collection":[{"href":"https:\/\/abix.com.br\/es\/wp-json\/wp\/v2\/pages"}],"about":[{"href":"https:\/\/abix.com.br\/es\/wp-json\/wp\/v2\/types\/page"}],"author":[{"embeddable":true,"href":"https:\/\/abix.com.br\/es\/wp-json\/wp\/v2\/users\/1"}],"replies":[{"embeddable":true,"href":"https:\/\/abix.com.br\/es\/wp-json\/wp\/v2\/comments?post=19442"}],"version-history":[{"count":4,"href":"https:\/\/abix.com.br\/es\/wp-json\/wp\/v2\/pages\/19442\/revisions"}],"predecessor-version":[{"id":19446,"href":"https:\/\/abix.com.br\/es\/wp-json\/wp\/v2\/pages\/19442\/revisions\/19446"}],"wp:attachment":[{"href":"https:\/\/abix.com.br\/es\/wp-json\/wp\/v2\/media?parent=19442"}],"curies":[{"name":"wp","href":"https:\/\/api.w.org\/{rel}","templated":true}]}}