{"id":19452,"date":"2020-07-23T13:51:54","date_gmt":"2020-07-23T16:51:54","guid":{"rendered":"https:\/\/abix.com.br\/locacao-de-radio-comunicador-em-maceio\/"},"modified":"2023-10-19T15:59:22","modified_gmt":"2023-10-19T18:59:22","slug":"locacao-de-radio-comunicador-em-maceio","status":"publish","type":"page","link":"https:\/\/abix.com.br\/es\/locacao-de-radio-comunicador-em-maceio\/","title":{"rendered":"Ubicaci\u00f3n Macei\u00f3"},"content":{"rendered":"\n\t<section class=\"section paginas-internas\" id=\"section_2031626225\">\n\t\t<div class=\"section-bg fill\" >\n\t\t\t\t\t\t\t\t\t\n\t\t\t\n\n\t\t<\/div>\n\n\t\t\n\n\t\t<div class=\"section-content relative\">\n\t\t\t\n<div class=\"row\"  id=\"row-2007159097\">\n\n\t<div id=\"col-62187434\" class=\"col small-12 large-12\"  >\n\t\t\t\t<div class=\"col-inner\"  >\n\t\t\t\n\t\t\t\n<h1 style=\"text-align: center;\">UBICACI\u00d3N MACEI\u00d3<\/h1>\n\t\t<\/div>\n\t\t\t\t\t<\/div>\n\n\t\n<\/div>\n\t\t<\/div>\n\n\t\t\n<style>\n#section_2031626225 {\n  padding-top: 70px;\n  padding-bottom: 70px;\n}\n<\/style>\n\t<\/section>\n\t\n\n\t<section class=\"section\" id=\"section_862333299\">\n\t\t<div class=\"section-bg fill\" >\n\t\t\t\t\t\t\t\t\t\n\t\t\t\n\n\t\t<\/div>\n\n\t\t\n\n\t\t<div class=\"section-content relative\">\n\t\t\t\n<div class=\"row\"  id=\"row-1495473363\">\n\n\t<div id=\"col-1808859691\" class=\"col small-12 large-12\"  >\n\t\t\t\t<div class=\"col-inner\"  >\n\t\t\t\n\t\t\t\n\t<div class=\"img has-hover x md-x lg-x y md-y lg-y\" id=\"image_57031369\">\n\t\t\t\t\t\t\t\t<div class=\"img-inner dark\" >\n\t\t\t<img decoding=\"async\" width=\"1199\" height=\"414\" src=\"https:\/\/abix.com.br\/wp-content\/uploads\/2020\/07\/maceiofoto.jpg\" class=\"attachment-original size-original\" alt=\"\" srcset=\"https:\/\/abix.com.br\/wp-content\/uploads\/2020\/07\/maceiofoto.jpg 1199w, https:\/\/abix.com.br\/wp-content\/uploads\/2020\/07\/maceiofoto-600x207.jpg 600w, https:\/\/abix.com.br\/wp-content\/uploads\/2020\/07\/maceiofoto-300x104.jpg 300w, https:\/\/abix.com.br\/wp-content\/uploads\/2020\/07\/maceiofoto-1024x354.jpg 1024w, https:\/\/abix.com.br\/wp-content\/uploads\/2020\/07\/maceiofoto-768x265.jpg 768w\" sizes=\"(max-width: 1199px) 100vw, 1199px\" \/>\t\t\t\t\t\t\n\t\t\t\t\t<\/div>\n\t\t\t\t\t\t\t\t\n<style>\n#image_57031369 {\n  width: 100%;\n}\n<\/style>\n\t<\/div>\n\t\n\t\t<\/div>\n\t\t\t\t\t<\/div>\n\n\t\n<\/div>\n<div class=\"row\"  id=\"row-1626230969\">\n\n\t<div id=\"col-886528294\" class=\"col medium-6 small-12 large-6\"  >\n\t\t\t\t<div class=\"col-inner\"  >\n\t\t\t\n\t\t\t\n<p>Situada en Paju\u00e7ara, el barrio central de la bella capital del estado de Alagoas, <a href=\"https:\/\/abix.com.br\/es\/\">Abix<\/a> alquila radios en Macei\u00f3 y en el interior del estado, incluyendo modelos intr\u00ednsecamente seguros para su uso en entornos con atm\u00f3sferas explosivas, as\u00ed como alquiler de radios para eventos.<\/p>\n\t\t<\/div>\n\t\t\t\t\t<\/div>\n\n\t\n\n\t<div id=\"col-389591355\" class=\"col medium-6 small-12 large-6\"  >\n\t\t\t\t<div class=\"col-inner\"  >\n\t\t\t\n\t\t\t\n<h2>TECNOLOG\u00cdA ABIX<br \/>\n<strong>EN MACEI\u00d3<br \/>\n<\/strong><\/h2>\n<ul>\n<li>Rua: Epaminondas Gracindo, 22<br \/>\nPaju\u00e7ara &#8211; Macei\u00f3\/AL<br \/>\nC\u00d3DIGO POSTAL: 57030-101<\/li>\n<li><a href=\"tel:8221267473\">Tel\u00e9fono: (82) 2126-7473<\/a><\/li>\n<\/ul>\n<a href=\"https:\/\/goo.gl\/maps\/rcTSYMf1xTda6F3LA\" target=\"_blank\" class=\"button primary btn-homr\" rel=\"noopener\"  >\n\t\t<span>M\u00c1S DETALLES\/VER MAPA<\/span>\n\t<\/a>\n\n\t\t<\/div>\n\t\t\t\t\t<\/div>\n\n\t\n<\/div>\n\t\t<\/div>\n\n\t\t\n<style>\n#section_862333299 {\n  padding-top: 30px;\n  padding-bottom: 30px;\n}\n<\/style>\n\t<\/section>\n\t\n\n\t<section class=\"section\" id=\"section_735482056\">\n\t\t<div class=\"section-bg fill\" >\n\t\t\t\t\t\t\t\t\t\n\t\t\t\n\n\t\t<\/div>\n\n\t\t\n\n\t\t<div class=\"section-content relative\">\n\t\t\t\n<div class=\"row row-collapse row-full-width\"  id=\"row-931501494\">\n\n\t<div id=\"col-702853078\" class=\"col large-12\"  >\n\t\t\t\t<div class=\"col-inner\"  >\n\t\t\t\n\t\t\t\n\n<p><iframe style=\"border: 0;\" src=\"https:\/\/www.google.com\/maps\/embed?pb=!1m14!1m8!1m3!1d491.6360370438865!2d-35.7188807!3d-9.6734968!3m2!1i1024!2i768!4f13.1!3m3!1m2!1s0x7014512cc158e0b%3A0x9d2c4b612e81d282!2sR.%20Epaminondas%20Gracindo%2C%2022%20-%20Paju%C3%A7ara%2C%20Macei%C3%B3%20-%20AL%2C%2057030-101!5e0!3m2!1spt-BR!2sbr!4v1694692685606!5m2!1spt-BR!2sbr\" width=\"100%\" height=\"600\" allowfullscreen=\"allowfullscreen\" data-mce-fragment=\"1\"><\/iframe><br \/>\n\n\t\t<\/div>\n\t\t\t\t\t<\/div>\n\n\t\n<\/div>\n\t\t<\/div>\n\n\t\t\n<style>\n#section_735482056 {\n  padding-top: 0px;\n  padding-bottom: 0px;\n}\n<\/style>\n\t<\/section>\n\t\n","protected":false},"excerpt":{"rendered":"","protected":false},"author":1,"featured_media":0,"parent":0,"menu_order":0,"comment_status":"closed","ping_status":"closed","template":"page-blank.php","meta":{"footnotes":""},"class_list":["post-19452","page","type-page","status-publish","hentry"],"yoast_head":"<!-- This site is optimized with the Yoast SEO plugin v27.4 - https:\/\/yoast.com\/product\/yoast-seo-wordpress\/ -->\n<title>Alquiler de radio comunicadores en Macei\u00f3 - Abix Tecnologia<\/title>\n<meta name=\"description\" content=\"Alquiler de Radio en Macei\u00f3 - Rua: Epaminondas Gracindo, 22 Paju\u00e7ara - Macei\u00f3\/AL - Abix Tecnologia\" \/>\n<meta name=\"robots\" content=\"index, follow, max-snippet:-1, max-image-preview:large, max-video-preview:-1\" \/>\n<link rel=\"canonical\" href=\"https:\/\/abix.com.br\/locacao-de-radio-comunicador-em-maceio\/\" \/>\n<meta property=\"og:locale\" content=\"es_ES\" \/>\n<meta property=\"og:type\" content=\"article\" \/>\n<meta property=\"og:title\" content=\"Alquiler de radio comunicadores en Macei\u00f3 - Abix Tecnologia\" \/>\n<meta property=\"og:description\" content=\"Alquiler de Radio en Macei\u00f3 - Rua: Epaminondas Gracindo, 22 Paju\u00e7ara - Macei\u00f3\/AL - Abix Tecnologia\" \/>\n<meta property=\"og:url\" content=\"https:\/\/abix.com.br\/locacao-de-radio-comunicador-em-maceio\/\" \/>\n<meta property=\"og:site_name\" content=\"Abix\" \/>\n<meta property=\"article:modified_time\" content=\"2023-10-19T18:59:22+00:00\" \/>\n<meta name=\"twitter:card\" content=\"summary_large_image\" \/>\n<meta name=\"twitter:label1\" content=\"Tiempo de lectura\" \/>\n\t<meta name=\"twitter:data1\" content=\"1 minuto\" \/>\n<script type=\"application\/ld+json\" class=\"yoast-schema-graph\">{\"@context\":\"https:\\\/\\\/schema.org\",\"@graph\":[{\"@type\":\"WebPage\",\"@id\":\"https:\\\/\\\/abix.com.br\\\/locacao-de-radio-comunicador-em-maceio\\\/\",\"url\":\"https:\\\/\\\/abix.com.br\\\/locacao-de-radio-comunicador-em-maceio\\\/\",\"name\":\"Alquiler de radio comunicadores en Macei\u00f3 - Abix Tecnologia\",\"isPartOf\":{\"@id\":\"https:\\\/\\\/abix.com.br\\\/#website\"},\"datePublished\":\"2020-07-23T16:51:54+00:00\",\"dateModified\":\"2023-10-19T18:59:22+00:00\",\"description\":\"Alquiler de Radio en Macei\u00f3 - Rua: Epaminondas Gracindo, 22 Paju\u00e7ara - Macei\u00f3\\\/AL - Abix Tecnologia\",\"breadcrumb\":{\"@id\":\"https:\\\/\\\/abix.com.br\\\/locacao-de-radio-comunicador-em-maceio\\\/#breadcrumb\"},\"inLanguage\":\"es\",\"potentialAction\":[{\"@type\":\"ReadAction\",\"target\":[\"https:\\\/\\\/abix.com.br\\\/locacao-de-radio-comunicador-em-maceio\\\/\"]}]},{\"@type\":\"BreadcrumbList\",\"@id\":\"https:\\\/\\\/abix.com.br\\\/locacao-de-radio-comunicador-em-maceio\\\/#breadcrumb\",\"itemListElement\":[{\"@type\":\"ListItem\",\"position\":1,\"name\":\"In\u00edcio\",\"item\":\"https:\\\/\\\/abix.com.br\\\/es\\\/\"},{\"@type\":\"ListItem\",\"position\":2,\"name\":\"Ubicaci\u00f3n Macei\u00f3\"}]},{\"@type\":\"WebSite\",\"@id\":\"https:\\\/\\\/abix.com.br\\\/#website\",\"url\":\"https:\\\/\\\/abix.com.br\\\/\",\"name\":\"Abix\",\"description\":\"\",\"potentialAction\":[{\"@type\":\"SearchAction\",\"target\":{\"@type\":\"EntryPoint\",\"urlTemplate\":\"https:\\\/\\\/abix.com.br\\\/?s={search_term_string}\"},\"query-input\":{\"@type\":\"PropertyValueSpecification\",\"valueRequired\":true,\"valueName\":\"search_term_string\"}}],\"inLanguage\":\"es\"}]}<\/script>\n<!-- \/ Yoast SEO plugin. -->","yoast_head_json":{"title":"Alquiler de radio comunicadores en Macei\u00f3 - Abix Tecnologia","description":"Alquiler de Radio en Macei\u00f3 - Rua: Epaminondas Gracindo, 22 Paju\u00e7ara - Macei\u00f3\/AL - Abix Tecnologia","robots":{"index":"index","follow":"follow","max-snippet":"max-snippet:-1","max-image-preview":"max-image-preview:large","max-video-preview":"max-video-preview:-1"},"canonical":"https:\/\/abix.com.br\/locacao-de-radio-comunicador-em-maceio\/","og_locale":"es_ES","og_type":"article","og_title":"Alquiler de radio comunicadores en Macei\u00f3 - Abix Tecnologia","og_description":"Alquiler de Radio en Macei\u00f3 - Rua: Epaminondas Gracindo, 22 Paju\u00e7ara - Macei\u00f3\/AL - Abix Tecnologia","og_url":"https:\/\/abix.com.br\/locacao-de-radio-comunicador-em-maceio\/","og_site_name":"Abix","article_modified_time":"2023-10-19T18:59:22+00:00","twitter_card":"summary_large_image","twitter_misc":{"Tiempo de lectura":"1 minuto"},"schema":{"@context":"https:\/\/schema.org","@graph":[{"@type":"WebPage","@id":"https:\/\/abix.com.br\/locacao-de-radio-comunicador-em-maceio\/","url":"https:\/\/abix.com.br\/locacao-de-radio-comunicador-em-maceio\/","name":"Alquiler de radio comunicadores en Macei\u00f3 - Abix Tecnologia","isPartOf":{"@id":"https:\/\/abix.com.br\/#website"},"datePublished":"2020-07-23T16:51:54+00:00","dateModified":"2023-10-19T18:59:22+00:00","description":"Alquiler de Radio en Macei\u00f3 - Rua: Epaminondas Gracindo, 22 Paju\u00e7ara - Macei\u00f3\/AL - Abix Tecnologia","breadcrumb":{"@id":"https:\/\/abix.com.br\/locacao-de-radio-comunicador-em-maceio\/#breadcrumb"},"inLanguage":"es","potentialAction":[{"@type":"ReadAction","target":["https:\/\/abix.com.br\/locacao-de-radio-comunicador-em-maceio\/"]}]},{"@type":"BreadcrumbList","@id":"https:\/\/abix.com.br\/locacao-de-radio-comunicador-em-maceio\/#breadcrumb","itemListElement":[{"@type":"ListItem","position":1,"name":"In\u00edcio","item":"https:\/\/abix.com.br\/es\/"},{"@type":"ListItem","position":2,"name":"Ubicaci\u00f3n Macei\u00f3"}]},{"@type":"WebSite","@id":"https:\/\/abix.com.br\/#website","url":"https:\/\/abix.com.br\/","name":"Abix","description":"","potentialAction":[{"@type":"SearchAction","target":{"@type":"EntryPoint","urlTemplate":"https:\/\/abix.com.br\/?s={search_term_string}"},"query-input":{"@type":"PropertyValueSpecification","valueRequired":true,"valueName":"search_term_string"}}],"inLanguage":"es"}]}},"_links":{"self":[{"href":"https:\/\/abix.com.br\/es\/wp-json\/wp\/v2\/pages\/19452","targetHints":{"allow":["GET"]}}],"collection":[{"href":"https:\/\/abix.com.br\/es\/wp-json\/wp\/v2\/pages"}],"about":[{"href":"https:\/\/abix.com.br\/es\/wp-json\/wp\/v2\/types\/page"}],"author":[{"embeddable":true,"href":"https:\/\/abix.com.br\/es\/wp-json\/wp\/v2\/users\/1"}],"replies":[{"embeddable":true,"href":"https:\/\/abix.com.br\/es\/wp-json\/wp\/v2\/comments?post=19452"}],"version-history":[{"count":4,"href":"https:\/\/abix.com.br\/es\/wp-json\/wp\/v2\/pages\/19452\/revisions"}],"predecessor-version":[{"id":19460,"href":"https:\/\/abix.com.br\/es\/wp-json\/wp\/v2\/pages\/19452\/revisions\/19460"}],"wp:attachment":[{"href":"https:\/\/abix.com.br\/es\/wp-json\/wp\/v2\/media?parent=19452"}],"curies":[{"name":"wp","href":"https:\/\/api.w.org\/{rel}","templated":true}]}}