{"id":19480,"date":"2020-07-21T14:50:56","date_gmt":"2020-07-21T17:50:56","guid":{"rendered":"https:\/\/abix.com.br\/localizacao-uberlandia\/"},"modified":"2023-10-19T16:04:46","modified_gmt":"2023-10-19T19:04:46","slug":"localizacao-uberlandia","status":"publish","type":"page","link":"https:\/\/abix.com.br\/es\/localizacao-uberlandia\/","title":{"rendered":"Localizaci\u00f3n Uberl\u00e2ndia"},"content":{"rendered":"\n\t<section class=\"section paginas-internas\" id=\"section_334125853\">\n\t\t<div class=\"section-bg fill\" >\n\t\t\t\t\t\t\t\t\t\n\t\t\t\n\n\t\t<\/div>\n\n\t\t\n\n\t\t<div class=\"section-content relative\">\n\t\t\t\n<div class=\"row\"  id=\"row-1356897876\">\n\n\t<div id=\"col-455055056\" class=\"col small-12 large-12\"  >\n\t\t\t\t<div class=\"col-inner\"  >\n\t\t\t\n\t\t\t\n<h1 style=\"text-align: center;\">UBICACI\u00d3N UBERL\u00c2NDIA<\/h1>\n\t\t<\/div>\n\t\t\t\t\t<\/div>\n\n\t\n<\/div>\n\t\t<\/div>\n\n\t\t\n<style>\n#section_334125853 {\n  padding-top: 70px;\n  padding-bottom: 70px;\n}\n<\/style>\n\t<\/section>\n\t\n\n\t<section class=\"section\" id=\"section_498283371\">\n\t\t<div class=\"section-bg fill\" >\n\t\t\t\t\t\t\t\t\t\n\t\t\t\n\n\t\t<\/div>\n\n\t\t\n\n\t\t<div class=\"section-content relative\">\n\t\t\t\n<div class=\"row\"  id=\"row-410913861\">\n\n\t<div id=\"col-2125278915\" class=\"col small-12 large-12\"  >\n\t\t\t\t<div class=\"col-inner\"  >\n\t\t\t\n\t\t\t\n\t<div class=\"img has-hover x md-x lg-x y md-y lg-y\" id=\"image_1311531695\">\n\t\t\t\t\t\t\t\t<div class=\"img-inner dark\" >\n\t\t\t<img decoding=\"async\" width=\"1199\" height=\"414\" src=\"https:\/\/abix.com.br\/wp-content\/uploads\/2020\/07\/uberlandiafoto.jpg\" class=\"attachment-original size-original\" alt=\"\" srcset=\"https:\/\/abix.com.br\/wp-content\/uploads\/2020\/07\/uberlandiafoto.jpg 1199w, https:\/\/abix.com.br\/wp-content\/uploads\/2020\/07\/uberlandiafoto-600x207.jpg 600w, https:\/\/abix.com.br\/wp-content\/uploads\/2020\/07\/uberlandiafoto-300x104.jpg 300w, https:\/\/abix.com.br\/wp-content\/uploads\/2020\/07\/uberlandiafoto-1024x354.jpg 1024w, https:\/\/abix.com.br\/wp-content\/uploads\/2020\/07\/uberlandiafoto-768x265.jpg 768w\" sizes=\"(max-width: 1199px) 100vw, 1199px\" \/>\t\t\t\t\t\t\n\t\t\t\t\t<\/div>\n\t\t\t\t\t\t\t\t\n<style>\n#image_1311531695 {\n  width: 100%;\n}\n<\/style>\n\t<\/div>\n\t\n\t\t<\/div>\n\t\t\t\t\t<\/div>\n\n\t\n<\/div>\n<div class=\"row\"  id=\"row-1352689182\">\n\n\t<div id=\"col-841652894\" class=\"col medium-6 small-12 large-6\"  >\n\t\t\t\t<div class=\"col-inner\"  >\n\t\t\t\n\t\t\t\n<p>Situada en Brasil, en el c\u00e9ntrico barrio de Uberl\u00e2ndia, <a href=\"https:\/\/abix.com.br\/es\/\">Abix<\/a> alquila radios en Uberaba, Bela Vista, Catal\u00e3o, Rio Verde\/GO, S\u00e3o Jos\u00e9 do Rio Preto\/SP, Ribeir\u00e3o Preto\/SP (noroeste de S\u00e3o Paulo y tri\u00e1ngulo de Minas).<\/p>\n\t\t<\/div>\n\t\t\t\t\t<\/div>\n\n\t\n\n\t<div id=\"col-1088604323\" class=\"col medium-6 small-12 large-6\"  >\n\t\t\t\t<div class=\"col-inner\"  >\n\t\t\t\n\t\t\t\n<h2>TECNOLOG\u00cdA ABIX<br \/><strong>EN UBERLAND<br \/><\/strong><\/h2>\n<ul>\n<li>Rua: Rio de Janeiro, 353 &#8211; Sala 303<br \/>Brasil &#8211; Uberl\u00e2ndia\/MG<br \/>C\u00d3DIGO POSTAL: 38400-658<\/li>\n<li><a href=\"tel:3433045494\">Tel\u00e9fono: (34) 3304-5494<\/a><\/li>\n<\/ul>\n<a href=\"https:\/\/goo.gl\/maps\/oEaneZsrHpdcdxzJ6\" target=\"_blank\" class=\"button primary btn-homr\" rel=\"noopener\"  >\n\t\t<span>M\u00c1S DETALLES\/VER MAPA<\/span>\n\t<\/a>\n\n\t\t<\/div>\n\t\t\t\t\t<\/div>\n\n\t\n<\/div>\n\t\t<\/div>\n\n\t\t\n<style>\n#section_498283371 {\n  padding-top: 30px;\n  padding-bottom: 30px;\n}\n<\/style>\n\t<\/section>\n\t\n\n\t<section class=\"section\" id=\"section_1042800259\">\n\t\t<div class=\"section-bg fill\" >\n\t\t\t\t\t\t\t\t\t\n\t\t\t\n\n\t\t<\/div>\n\n\t\t\n\n\t\t<div class=\"section-content relative\">\n\t\t\t\n<div class=\"row row-collapse row-full-width\"  id=\"row-335145930\">\n\n\t<div id=\"col-141005926\" class=\"col large-12\"  >\n\t\t\t\t<div class=\"col-inner\"  >\n\t\t\t\n\t\t\t\n\n<p><iframe src=\"https:\/\/www.google.com\/maps\/embed?pb=!1m18!1m12!1m3!1d3774.7862768125938!2d-48.260384699999996!3d-18.8965603!2m3!1f0!2f0!3f0!3m2!1i1024!2i768!4f13.1!3m3!1m2!1s0x94a445825430a7f7%3A0xce7f5b6b263e731c!2sAbix%20Tecnologia!5e0!3m2!1spt-BR!2sbr!4v1694692296704!5m2!1spt-BR!2sbr\" width=\"100%\" height=\"600\" style=\"border:0;\" allowfullscreen=\"\" loading=\"lazy\" referrerpolicy=\"no-referrer-when-downgrade\"><\/iframe><br \/>\n\n\t\t<\/div>\n\t\t\t\t\t<\/div>\n\n\t\n<\/div>\n\t\t<\/div>\n\n\t\t\n<style>\n#section_1042800259 {\n  padding-top: 0px;\n  padding-bottom: 0px;\n}\n<\/style>\n\t<\/section>\n\t\n","protected":false},"excerpt":{"rendered":"","protected":false},"author":1,"featured_media":0,"parent":0,"menu_order":0,"comment_status":"closed","ping_status":"closed","template":"page-blank.php","meta":{"footnotes":""},"class_list":["post-19480","page","type-page","status-publish","hentry"],"yoast_head":"<!-- This site is optimized with the Yoast SEO plugin v27.5 - https:\/\/yoast.com\/product\/yoast-seo-wordpress\/ -->\n<title>Alquiler de Radio comunicador en Uberl\u00e2ndia - Abix<\/title>\n<meta name=\"description\" content=\"Alquiler de Radios en Uberl\u00e2ndia - Rua: Rio de Janeiro, 353 - Sala 303Brasil - Uberl\u00e2ndia\/MG - contacto - Abix Tecnologia\" \/>\n<meta name=\"robots\" content=\"index, follow, max-snippet:-1, max-image-preview:large, max-video-preview:-1\" \/>\n<link rel=\"canonical\" href=\"https:\/\/abix.com.br\/localizacao-uberlandia\/\" \/>\n<meta property=\"og:locale\" content=\"es_ES\" \/>\n<meta property=\"og:type\" content=\"article\" \/>\n<meta property=\"og:title\" content=\"Alquiler de Radio comunicador en Uberl\u00e2ndia - Abix\" \/>\n<meta property=\"og:description\" content=\"Alquiler de Radios en Uberl\u00e2ndia - Rua: Rio de Janeiro, 353 - Sala 303Brasil - Uberl\u00e2ndia\/MG - contacto - Abix Tecnologia\" \/>\n<meta property=\"og:url\" content=\"https:\/\/abix.com.br\/localizacao-uberlandia\/\" \/>\n<meta property=\"og:site_name\" content=\"Abix\" \/>\n<meta property=\"article:modified_time\" content=\"2023-10-19T19:04:46+00:00\" \/>\n<meta name=\"twitter:card\" content=\"summary_large_image\" \/>\n<meta name=\"twitter:label1\" content=\"Tiempo de lectura\" \/>\n\t<meta name=\"twitter:data1\" content=\"1 minuto\" \/>\n<script type=\"application\/ld+json\" class=\"yoast-schema-graph\">{\"@context\":\"https:\\\/\\\/schema.org\",\"@graph\":[{\"@type\":\"WebPage\",\"@id\":\"https:\\\/\\\/abix.com.br\\\/localizacao-uberlandia\\\/\",\"url\":\"https:\\\/\\\/abix.com.br\\\/localizacao-uberlandia\\\/\",\"name\":\"Alquiler de Radio comunicador en Uberl\u00e2ndia - Abix\",\"isPartOf\":{\"@id\":\"https:\\\/\\\/abix.com.br\\\/#website\"},\"datePublished\":\"2020-07-21T17:50:56+00:00\",\"dateModified\":\"2023-10-19T19:04:46+00:00\",\"description\":\"Alquiler de Radios en Uberl\u00e2ndia - Rua: Rio de Janeiro, 353 - Sala 303Brasil - Uberl\u00e2ndia\\\/MG - contacto - Abix Tecnologia\",\"breadcrumb\":{\"@id\":\"https:\\\/\\\/abix.com.br\\\/localizacao-uberlandia\\\/#breadcrumb\"},\"inLanguage\":\"es\",\"potentialAction\":[{\"@type\":\"ReadAction\",\"target\":[\"https:\\\/\\\/abix.com.br\\\/localizacao-uberlandia\\\/\"]}]},{\"@type\":\"BreadcrumbList\",\"@id\":\"https:\\\/\\\/abix.com.br\\\/localizacao-uberlandia\\\/#breadcrumb\",\"itemListElement\":[{\"@type\":\"ListItem\",\"position\":1,\"name\":\"In\u00edcio\",\"item\":\"https:\\\/\\\/abix.com.br\\\/es\\\/\"},{\"@type\":\"ListItem\",\"position\":2,\"name\":\"Localizaci\u00f3n Uberl\u00e2ndia\"}]},{\"@type\":\"WebSite\",\"@id\":\"https:\\\/\\\/abix.com.br\\\/#website\",\"url\":\"https:\\\/\\\/abix.com.br\\\/\",\"name\":\"Abix\",\"description\":\"\",\"potentialAction\":[{\"@type\":\"SearchAction\",\"target\":{\"@type\":\"EntryPoint\",\"urlTemplate\":\"https:\\\/\\\/abix.com.br\\\/?s={search_term_string}\"},\"query-input\":{\"@type\":\"PropertyValueSpecification\",\"valueRequired\":true,\"valueName\":\"search_term_string\"}}],\"inLanguage\":\"es\"}]}<\/script>\n<!-- \/ Yoast SEO plugin. -->","yoast_head_json":{"title":"Alquiler de Radio comunicador en Uberl\u00e2ndia - Abix","description":"Alquiler de Radios en Uberl\u00e2ndia - Rua: Rio de Janeiro, 353 - Sala 303Brasil - Uberl\u00e2ndia\/MG - contacto - Abix Tecnologia","robots":{"index":"index","follow":"follow","max-snippet":"max-snippet:-1","max-image-preview":"max-image-preview:large","max-video-preview":"max-video-preview:-1"},"canonical":"https:\/\/abix.com.br\/localizacao-uberlandia\/","og_locale":"es_ES","og_type":"article","og_title":"Alquiler de Radio comunicador en Uberl\u00e2ndia - Abix","og_description":"Alquiler de Radios en Uberl\u00e2ndia - Rua: Rio de Janeiro, 353 - Sala 303Brasil - Uberl\u00e2ndia\/MG - contacto - Abix Tecnologia","og_url":"https:\/\/abix.com.br\/localizacao-uberlandia\/","og_site_name":"Abix","article_modified_time":"2023-10-19T19:04:46+00:00","twitter_card":"summary_large_image","twitter_misc":{"Tiempo de lectura":"1 minuto"},"schema":{"@context":"https:\/\/schema.org","@graph":[{"@type":"WebPage","@id":"https:\/\/abix.com.br\/localizacao-uberlandia\/","url":"https:\/\/abix.com.br\/localizacao-uberlandia\/","name":"Alquiler de Radio comunicador en Uberl\u00e2ndia - Abix","isPartOf":{"@id":"https:\/\/abix.com.br\/#website"},"datePublished":"2020-07-21T17:50:56+00:00","dateModified":"2023-10-19T19:04:46+00:00","description":"Alquiler de Radios en Uberl\u00e2ndia - Rua: Rio de Janeiro, 353 - Sala 303Brasil - Uberl\u00e2ndia\/MG - contacto - Abix Tecnologia","breadcrumb":{"@id":"https:\/\/abix.com.br\/localizacao-uberlandia\/#breadcrumb"},"inLanguage":"es","potentialAction":[{"@type":"ReadAction","target":["https:\/\/abix.com.br\/localizacao-uberlandia\/"]}]},{"@type":"BreadcrumbList","@id":"https:\/\/abix.com.br\/localizacao-uberlandia\/#breadcrumb","itemListElement":[{"@type":"ListItem","position":1,"name":"In\u00edcio","item":"https:\/\/abix.com.br\/es\/"},{"@type":"ListItem","position":2,"name":"Localizaci\u00f3n Uberl\u00e2ndia"}]},{"@type":"WebSite","@id":"https:\/\/abix.com.br\/#website","url":"https:\/\/abix.com.br\/","name":"Abix","description":"","potentialAction":[{"@type":"SearchAction","target":{"@type":"EntryPoint","urlTemplate":"https:\/\/abix.com.br\/?s={search_term_string}"},"query-input":{"@type":"PropertyValueSpecification","valueRequired":true,"valueName":"search_term_string"}}],"inLanguage":"es"}]}},"_links":{"self":[{"href":"https:\/\/abix.com.br\/es\/wp-json\/wp\/v2\/pages\/19480","targetHints":{"allow":["GET"]}}],"collection":[{"href":"https:\/\/abix.com.br\/es\/wp-json\/wp\/v2\/pages"}],"about":[{"href":"https:\/\/abix.com.br\/es\/wp-json\/wp\/v2\/types\/page"}],"author":[{"embeddable":true,"href":"https:\/\/abix.com.br\/es\/wp-json\/wp\/v2\/users\/1"}],"replies":[{"embeddable":true,"href":"https:\/\/abix.com.br\/es\/wp-json\/wp\/v2\/comments?post=19480"}],"version-history":[{"count":4,"href":"https:\/\/abix.com.br\/es\/wp-json\/wp\/v2\/pages\/19480\/revisions"}],"predecessor-version":[{"id":19488,"href":"https:\/\/abix.com.br\/es\/wp-json\/wp\/v2\/pages\/19480\/revisions\/19488"}],"wp:attachment":[{"href":"https:\/\/abix.com.br\/es\/wp-json\/wp\/v2\/media?parent=19480"}],"curies":[{"name":"wp","href":"https:\/\/api.w.org\/{rel}","templated":true}]}}