{"id":19492,"date":"2020-04-27T07:54:21","date_gmt":"2020-04-27T10:54:21","guid":{"rendered":"https:\/\/abix.com.br\/migracao-analogico-para-digital\/"},"modified":"2023-10-19T16:07:19","modified_gmt":"2023-10-19T19:07:19","slug":"migracao-analogico-para-digital","status":"publish","type":"page","link":"https:\/\/abix.com.br\/es\/migracao-analogico-para-digital\/","title":{"rendered":"Migraci\u00f3n anal\u00f3gica a digital"},"content":{"rendered":"\n\t<section class=\"section paginas-internas\" id=\"section_360425285\">\n\t\t<div class=\"section-bg fill\" >\n\t\t\t\t\t\t\t\t\t\n\t\t\t\n\n\t\t<\/div>\n\n\t\t\n\n\t\t<div class=\"section-content relative\">\n\t\t\t\n<div class=\"row\"  id=\"row-110014755\">\n\n\t<div id=\"col-683013048\" class=\"col small-12 large-12\"  >\n\t\t\t\t<div class=\"col-inner\"  >\n\t\t\t\n\t\t\t\n<h1 style=\"text-align: center;\">MIGRACI\u00d3N ANAL\u00d3GICA A DIGITAL<\/h1>\n\t\t<\/div>\n\t\t\t\t\t<\/div>\n\n\t\n<\/div>\n\t\t<\/div>\n\n\t\t\n<style>\n#section_360425285 {\n  padding-top: 70px;\n  padding-bottom: 70px;\n}\n<\/style>\n\t<\/section>\n\t\n<div class=\"row\"  id=\"row-1501140180\">\n\n\t<div id=\"col-459721892\" class=\"col medium-6 small-12 large-6\"  >\n\t\t\t\t<div class=\"col-inner\"  >\n\t\t\t\n\t\t\t\n<h2><strong>CU\u00c1NTO CUESTA UN ACCIDENTE<\/strong><br \/><strong>TRABAJAR EN SUS INSTALACIONES?<\/strong><br \/>O 1 MINUTO DE INACTIVIDAD EN<br \/>SU PLANTA INDUSTRIAL?<br \/><strong>EL COSTE ES MUY ELEVADO.<\/strong><\/h2>\n\t\t<\/div>\n\t\t\t\t\t<\/div>\n\n\t\n\n\t<div id=\"col-2145252286\" class=\"col medium-6 small-12 large-6\"  >\n\t\t\t\t<div class=\"col-inner\"  >\n\t\t\t\n\t\t\t\n\t<div class=\"img has-hover x md-x lg-x y md-y lg-y\" id=\"image_1259882101\">\n\t\t\t\t\t\t\t\t<div class=\"img-inner dark\" >\n\t\t\t<img decoding=\"async\" width=\"661\" height=\"335\" src=\"https:\/\/abix.com.br\/wp-content\/uploads\/2020\/04\/migracao-img-1.png\" class=\"attachment-original size-original\" alt=\"\" srcset=\"https:\/\/abix.com.br\/wp-content\/uploads\/2020\/04\/migracao-img-1.png 661w, https:\/\/abix.com.br\/wp-content\/uploads\/2020\/04\/migracao-img-1-600x304.png 600w, https:\/\/abix.com.br\/wp-content\/uploads\/2020\/04\/migracao-img-1-300x152.png 300w\" sizes=\"(max-width: 661px) 100vw, 661px\" \/>\t\t\t\t\t\t\n\t\t\t\t\t<\/div>\n\t\t\t\t\t\t\t\t\n<style>\n#image_1259882101 {\n  width: 100%;\n}\n<\/style>\n\t<\/div>\n\t\n\t\t<\/div>\n\t\t\t\t\t<\/div>\n\n\t\n<\/div>\n\n\t<section class=\"section\" id=\"section_34842809\">\n\t\t<div class=\"section-bg fill\" >\n\t\t\t\t\t\t\t\t\t\n\t\t\t\n\n\t\t<\/div>\n\n\t\t\n\n\t\t<div class=\"section-content relative\">\n\t\t\t\n\t<div id=\"gap-1926257952\" class=\"gap-element clearfix\" style=\"display:block; height:auto;\">\n\t\t\n<style>\n#gap-1926257952 {\n  padding-top: 50px;\n}\n<\/style>\n\t<\/div>\n\t\n<div class=\"row\"  id=\"row-1763176442\">\n\n\t<div id=\"col-73650264\" class=\"col medium-4 small-12 large-4\"  >\n\t\t\t\t<div class=\"col-inner\"  >\n\t\t\t\n\t\t\t\n<div class=\"row\"  id=\"row-112535507\">\n\n\t<div id=\"col-1595102630\" class=\"col small-12 large-12\"  >\n\t\t\t\t<div class=\"col-inner\" style=\"background-color:#3365ae;\" >\n\t\t\t\n\t\t\t\n\t<div id=\"text-2289038302\" class=\"text\">\n\t\t\n<p>Las radios anal\u00f3gicas con funciones exclusivas de comunicaci\u00f3n por voz no tienen suficiente alcance para ayudar a aumentar el tiempo de actividad, la productividad y la seguridad.<\/p>\n\t\t\n<style>\n#text-2289038302 {\n  line-height: 1.35;\n  color: rgb(255, 255, 255);\n}\n#text-2289038302 > * {\n  color: rgb(255, 255, 255);\n}\n<\/style>\n\t<\/div>\n\t\n\t\t<\/div>\n\t\t\t\t\n<style>\n#col-1595102630 > .col-inner {\n  padding: 40px 20px 30px 20px;\n}\n<\/style>\n\t<\/div>\n\n\t\n<\/div>\n\t\t<\/div>\n\t\t\t\t\t<\/div>\n\n\t\n\n\t<div id=\"col-1210082377\" class=\"col medium-4 small-12 large-4\"  >\n\t\t\t\t<div class=\"col-inner\"  >\n\t\t\t\n\t\t\t\n<div class=\"row\"  id=\"row-748841443\">\n\n\t<div id=\"col-1443248177\" class=\"col small-12 large-12\"  >\n\t\t\t\t<div class=\"col-inner\" style=\"background-color:rgb(59, 94, 168);\" >\n\t\t\t\n\t\t\t\n\t<div id=\"text-2879166002\" class=\"text\">\n\t\t\n<p>Abix puede ayudarle a resolver este problema implantando soluciones de voz y datos digitales para aumentar sus niveles de rendimiento y rentabilidad.<\/p>\n\t\t\n<style>\n#text-2879166002 {\n  color: rgb(255, 255, 255);\n}\n#text-2879166002 > * {\n  color: rgb(255, 255, 255);\n}\n<\/style>\n\t<\/div>\n\t\n\t\t<\/div>\n\t\t\t\t\n<style>\n#col-1443248177 > .col-inner {\n  padding: 40px 20px 50px 20px;\n}\n<\/style>\n\t<\/div>\n\n\t\n<\/div>\n\t\t<\/div>\n\t\t\t\t\t<\/div>\n\n\t\n\n\t<div id=\"col-119365953\" class=\"col medium-4 small-12 large-4\"  >\n\t\t\t\t<div class=\"col-inner\"  >\n\t\t\t\n\t\t\t\n<div class=\"row\"  id=\"row-1412426155\">\n\n\t<div id=\"col-2124261701\" class=\"col small-12 large-12\"  >\n\t\t\t\t<div class=\"col-inner\" style=\"background-color:rgb(46, 57, 123);\" >\n\t\t\t\n\t\t\t\n\t<div id=\"text-757166946\" class=\"text\">\n\t\t\n<p>Al migrar de las tecnolog\u00edas de radiocomunicaci\u00f3n anal\u00f3gicas a las digitales, Abix permite a las empresas utilizar informaci\u00f3n en tiempo real para tomar mejores decisiones cuando lo necesitan.<\/p>\n\t\t\n<style>\n#text-757166946 {\n  color: rgb(255, 255, 255);\n}\n#text-757166946 > * {\n  color: rgb(255, 255, 255);\n}\n<\/style>\n\t<\/div>\n\t\n\t\t<\/div>\n\t\t\t\t\n<style>\n#col-2124261701 > .col-inner {\n  padding: 40px 20px 0px 20px;\n}\n<\/style>\n\t<\/div>\n\n\t\n<\/div>\n\t\t<\/div>\n\t\t\t\t\t<\/div>\n\n\t\n<\/div>\n<div class=\"row\"  id=\"row-1173356400\">\n\n\t<div id=\"col-1331421364\" class=\"col small-12 large-12\"  >\n\t\t\t\t<div class=\"col-inner\"  >\n\t\t\t\n\t\t\t\n<h2 style=\"text-align: center;\"><strong>LA MIGRACI\u00d3N PUEDE REALIZARSE POR ETAPAS,<\/strong><br \/>UTILIZANDO LA INFRAESTRUCTURA EXISTENTE.<\/h2>\n\t\t<\/div>\n\t\t\t\t\t<\/div>\n\n\t\n<\/div>\n\t\t<\/div>\n\n\t\t\n<style>\n#section_34842809 {\n  padding-top: 30px;\n  padding-bottom: 30px;\n  background-color: rgb(241, 240, 245);\n}\n<\/style>\n\t<\/section>\n\t\n\n\t<section class=\"section\" id=\"section_1753507482\">\n\t\t<div class=\"section-bg fill\" >\n\t\t\t<img decoding=\"async\" width=\"1920\" height=\"331\" src=\"https:\/\/abix.com.br\/wp-content\/uploads\/2020\/04\/migracao-footer.png\" class=\"bg attachment-original size-original\" alt=\"\" \/>\t\t\t\t\t\t\n\t\t\t\n\n\t\t<\/div>\n\n\t\t\n\n\t\t<div class=\"section-content relative\">\n\t\t\t\n\t<div id=\"gap-2123912839\" class=\"gap-element clearfix\" style=\"display:block; height:auto;\">\n\t\t\n<style>\n#gap-2123912839 {\n  padding-top: 45px;\n}\n<\/style>\n\t<\/div>\n\t\n<div class=\"row align-middle\"  id=\"row-1574082943\">\n\n\t<div id=\"col-53731897\" class=\"col medium-6 small-12 large-6\"  >\n\t\t\t\t<div class=\"col-inner\"  >\n\t\t\t\n\t\t\t\n\t<div class=\"img has-hover x md-x lg-x y md-y lg-y\" id=\"image_2103961183\">\n\t\t\t\t\t\t\t\t<div class=\"img-inner dark\" >\n\t\t\t<img decoding=\"async\" width=\"585\" height=\"131\" src=\"https:\/\/abix.com.br\/wp-content\/uploads\/2020\/04\/migracao-img-3.png\" class=\"attachment-original size-original\" alt=\"\" srcset=\"https:\/\/abix.com.br\/wp-content\/uploads\/2020\/04\/migracao-img-3.png 585w, https:\/\/abix.com.br\/wp-content\/uploads\/2020\/04\/migracao-img-3-300x67.png 300w\" sizes=\"(max-width: 585px) 100vw, 585px\" \/>\t\t\t\t\t\t\n\t\t\t\t\t<\/div>\n\t\t\t\t\t\t\t\t\n<style>\n#image_2103961183 {\n  width: 100%;\n}\n<\/style>\n\t<\/div>\n\t\n\t\t<\/div>\n\t\t\t\t\t<\/div>\n\n\t\n\n\t<div id=\"col-825795709\" class=\"col medium-6 small-12 large-6\"  >\n\t\t\t\t<div class=\"col-inner\"  >\n\t\t\t\n\t\t\t\n\t<div id=\"text-2746093994\" class=\"text\">\n\t\t\n<p>Con la migraci\u00f3n de la tecnolog\u00eda de radio anal\u00f3gica a la digital, Abix proporciona un entorno totalmente conectado con comunicaci\u00f3n ilimitada. Puede conocer la ubicaci\u00f3n de cada uno de sus empleados y activos, con la supervisi\u00f3n de flotas, equipos y personas mediante la localizaci\u00f3n y cartograf\u00eda basada en GPS.<\/p>\n\t\t\n<style>\n#text-2746093994 {\n  color: rgb(255,255,255);\n}\n#text-2746093994 > * {\n  color: rgb(255,255,255);\n}\n<\/style>\n\t<\/div>\n\t\n\t\t<\/div>\n\t\t\t\t\t<\/div>\n\n\t\n<\/div>\n\t\t<\/div>\n\n\t\t\n<style>\n#section_1753507482 {\n  padding-top: 30px;\n  padding-bottom: 30px;\n}\n<\/style>\n\t<\/section>\n\t\n\n\t<section class=\"section\" id=\"section_1628433207\">\n\t\t<div class=\"section-bg fill\" >\n\t\t\t\t\t\t\t\t\t\n\t\t\t\n\n\t\t<\/div>\n\n\t\t\n\n\t\t<div class=\"section-content relative\">\n\t\t\t\n<div class=\"row\"  id=\"row-1203358769\">\n\n\t<div id=\"col-2130455529\" class=\"col medium-6 small-12 large-6\"  >\n\t\t\t\t<div class=\"col-inner\"  >\n\t\t\t\n\t\t\t\n<h2><strong>LAS COMUNICACIONES<\/strong> HAN AVANZADO<\/h2>\n<p>Y Abix ha seguido el ritmo de este progreso para ofrecer a las empresas tecnolog\u00eda punta para optimizar la productividad. La tecnolog\u00eda de radiocomunicaci\u00f3n digital est\u00e1 repleta de novedades, como una excelente calidad de audio que ayuda a evitar interpretaciones err\u00f3neas en las cadenas de producci\u00f3n o en otros entornos ruidosos.<\/p>\n\t<div class=\"img has-hover x md-x lg-x y md-y lg-y\" id=\"image_1535439143\">\n\t\t\t\t\t\t\t\t<div class=\"img-inner dark\" >\n\t\t\t<img decoding=\"async\" width=\"661\" height=\"206\" src=\"https:\/\/abix.com.br\/wp-content\/uploads\/2020\/04\/migracao-img-2-2.png\" class=\"attachment-original size-original\" alt=\"\" srcset=\"https:\/\/abix.com.br\/wp-content\/uploads\/2020\/04\/migracao-img-2-2.png 661w, https:\/\/abix.com.br\/wp-content\/uploads\/2020\/04\/migracao-img-2-2-600x187.png 600w, https:\/\/abix.com.br\/wp-content\/uploads\/2020\/04\/migracao-img-2-2-300x93.png 300w\" sizes=\"(max-width: 661px) 100vw, 661px\" \/>\t\t\t\t\t\t\n\t\t\t\t\t<\/div>\n\t\t\t\t\t\t\t\t\n<style>\n#image_1535439143 {\n  width: 100%;\n}\n<\/style>\n\t<\/div>\n\t\n\t\t<\/div>\n\t\t\t\t\t<\/div>\n\n\t\n\n\t<div id=\"col-1491207706\" class=\"col medium-6 small-12 large-6\"  >\n\t\t\t\t<div class=\"col-inner\"  >\n\t\t\t\n\t\t\t\n\t<div id=\"text-617679443\" class=\"text\">\n\t\t\n<h3><strong>Otras funcionalidades de alto valor a\u00f1adido son:<\/strong><\/h3>\n\t\t\n<style>\n#text-617679443 {\n  color: rgb(51, 101, 174);\n}\n#text-617679443 > * {\n  color: rgb(51, 101, 174);\n}\n<\/style>\n\t<\/div>\n\t\n<p>Programaci\u00f3n Wi-Fi hasta un 90% m\u00e1s r\u00e1pida;<\/p>\n<p>Servicio de cartograf\u00eda y localizaci\u00f3n GPS;<\/p>\n<p>Alerta de accidente;<\/p>\n<p>Comunicaciones unificadas;<\/p>\n<p>Aplicaciones especialmente dise\u00f1adas para su negocio.<\/p>\n\t\t<\/div>\n\t\t\t\t\t<\/div>\n\n\t\n<\/div>\n\t\t<\/div>\n\n\t\t\n<style>\n#section_1628433207 {\n  padding-top: 30px;\n  padding-bottom: 30px;\n}\n<\/style>\n\t<\/section>\n\t\n\n\t<section class=\"section btn-todos\" id=\"section_1550286950\">\n\t\t<div class=\"section-bg fill\" >\n\t\t\t<img decoding=\"async\" width=\"1920\" height=\"228\" src=\"https:\/\/abix.com.br\/wp-content\/uploads\/2020\/06\/bg-vantagens-abix-2.jpg\" class=\"bg attachment- size-\" alt=\"\" \/>\t\t\t\t\t\t\n\t\t\t\n\n\t\t<\/div>\n\n\t\t\n\n\t\t<div class=\"section-content relative\">\n\t\t\t\n\t<div id=\"gap-497831654\" class=\"gap-element clearfix\" style=\"display:block; height:auto;\">\n\t\t\n<style>\n#gap-497831654 {\n  padding-top: 40px;\n}\n<\/style>\n\t<\/div>\n\t\n<div class=\"row align-middle\"  id=\"row-346739996\">\n\n\t<div id=\"col-839109956\" class=\"col medium-8 small-12 large-8\"  >\n\t\t\t\t<div class=\"col-inner\"  >\n\t\t\t\n\t\t\t\n\t<div id=\"text-2204897268\" class=\"text\">\n\t\t\n<h2><strong>\u00bfQUIERES ALQUILAR CON ABIX? CONTACTO<\/strong><br \/>Y ESTAREMOS ENCANTADOS DE AYUDARLE.<\/h2>\n\t\t\n<style>\n#text-2204897268 {\n  color: rgb(255, 255, 255);\n}\n#text-2204897268 > * {\n  color: rgb(255, 255, 255);\n}\n<\/style>\n\t<\/div>\n\t\n\t\t<\/div>\n\t\t\t\t\t<\/div>\n\n\t\n\n\t<div id=\"col-1426377071\" class=\"col medium-4 small-12 large-4\"  >\n\t\t\t\t<div class=\"col-inner\"  >\n\t\t\t\n\t\t\t\n<a class=\"button primary btn-todos\"  >\n\t\t<span>PONERSE EN CONTACTO<\/span>\n\t<\/a>\n\n\t\t<\/div>\n\t\t\t\t\t<\/div>\n\n\t\n<\/div>\n\t\t<\/div>\n\n\t\t\n<style>\n#section_1550286950 {\n  padding-top: 30px;\n  padding-bottom: 30px;\n}\n<\/style>\n\t<\/section>\n\t\n","protected":false},"excerpt":{"rendered":"","protected":false},"author":1,"featured_media":0,"parent":0,"menu_order":0,"comment_status":"closed","ping_status":"closed","template":"page-blank.php","meta":{"footnotes":""},"class_list":["post-19492","page","type-page","status-publish","hentry"],"yoast_head":"<!-- This site is optimized with the Yoast SEO plugin v27.6 - https:\/\/yoast.com\/product\/yoast-seo-wordpress\/ -->\n<title>Migraci\u00f3n del sistema anal\u00f3gico al digital - Abix Comunica\u00e7\u00f5es<\/title>\n<meta name=\"description\" content=\"Con la migraci\u00f3n de anal\u00f3gico a digital, Abix proporciona un entorno totalmente conectado con comunicaci\u00f3n ilimitada. Ver m\u00e1s\" \/>\n<meta name=\"robots\" content=\"index, follow, max-snippet:-1, max-image-preview:large, max-video-preview:-1\" \/>\n<link rel=\"canonical\" href=\"https:\/\/abix.com.br\/migracao-analogico-para-digital\/\" \/>\n<meta property=\"og:locale\" content=\"es_ES\" \/>\n<meta property=\"og:type\" content=\"article\" \/>\n<meta property=\"og:title\" content=\"Migraci\u00f3n del sistema anal\u00f3gico al digital - Abix Comunica\u00e7\u00f5es\" \/>\n<meta property=\"og:description\" content=\"Con la migraci\u00f3n de anal\u00f3gico a digital, Abix proporciona un entorno totalmente conectado con comunicaci\u00f3n ilimitada. Ver m\u00e1s\" \/>\n<meta property=\"og:url\" content=\"https:\/\/abix.com.br\/migracao-analogico-para-digital\/\" \/>\n<meta property=\"og:site_name\" content=\"Abix\" \/>\n<meta property=\"article:modified_time\" content=\"2023-10-19T19:07:19+00:00\" \/>\n<meta name=\"twitter:card\" content=\"summary_large_image\" \/>\n<meta name=\"twitter:label1\" content=\"Tiempo de lectura\" \/>\n\t<meta name=\"twitter:data1\" content=\"3 minutos\" \/>\n<script type=\"application\/ld+json\" class=\"yoast-schema-graph\">{\"@context\":\"https:\\\/\\\/schema.org\",\"@graph\":[{\"@type\":\"WebPage\",\"@id\":\"https:\\\/\\\/abix.com.br\\\/migracao-analogico-para-digital\\\/\",\"url\":\"https:\\\/\\\/abix.com.br\\\/migracao-analogico-para-digital\\\/\",\"name\":\"Migraci\u00f3n del sistema anal\u00f3gico al digital - Abix Comunica\u00e7\u00f5es\",\"isPartOf\":{\"@id\":\"https:\\\/\\\/abix.com.br\\\/#website\"},\"datePublished\":\"2020-04-27T10:54:21+00:00\",\"dateModified\":\"2023-10-19T19:07:19+00:00\",\"description\":\"Con la migraci\u00f3n de anal\u00f3gico a digital, Abix proporciona un entorno totalmente conectado con comunicaci\u00f3n ilimitada. Ver m\u00e1s\",\"breadcrumb\":{\"@id\":\"https:\\\/\\\/abix.com.br\\\/migracao-analogico-para-digital\\\/#breadcrumb\"},\"inLanguage\":\"es\",\"potentialAction\":[{\"@type\":\"ReadAction\",\"target\":[\"https:\\\/\\\/abix.com.br\\\/migracao-analogico-para-digital\\\/\"]}]},{\"@type\":\"BreadcrumbList\",\"@id\":\"https:\\\/\\\/abix.com.br\\\/migracao-analogico-para-digital\\\/#breadcrumb\",\"itemListElement\":[{\"@type\":\"ListItem\",\"position\":1,\"name\":\"In\u00edcio\",\"item\":\"https:\\\/\\\/abix.com.br\\\/es\\\/\"},{\"@type\":\"ListItem\",\"position\":2,\"name\":\"Migraci\u00f3n anal\u00f3gica a digital\"}]},{\"@type\":\"WebSite\",\"@id\":\"https:\\\/\\\/abix.com.br\\\/#website\",\"url\":\"https:\\\/\\\/abix.com.br\\\/\",\"name\":\"Abix\",\"description\":\"\",\"potentialAction\":[{\"@type\":\"SearchAction\",\"target\":{\"@type\":\"EntryPoint\",\"urlTemplate\":\"https:\\\/\\\/abix.com.br\\\/?s={search_term_string}\"},\"query-input\":{\"@type\":\"PropertyValueSpecification\",\"valueRequired\":true,\"valueName\":\"search_term_string\"}}],\"inLanguage\":\"es\"}]}<\/script>\n<!-- \/ Yoast SEO plugin. -->","yoast_head_json":{"title":"Migraci\u00f3n del sistema anal\u00f3gico al digital - Abix Comunica\u00e7\u00f5es","description":"Con la migraci\u00f3n de anal\u00f3gico a digital, Abix proporciona un entorno totalmente conectado con comunicaci\u00f3n ilimitada. Ver m\u00e1s","robots":{"index":"index","follow":"follow","max-snippet":"max-snippet:-1","max-image-preview":"max-image-preview:large","max-video-preview":"max-video-preview:-1"},"canonical":"https:\/\/abix.com.br\/migracao-analogico-para-digital\/","og_locale":"es_ES","og_type":"article","og_title":"Migraci\u00f3n del sistema anal\u00f3gico al digital - Abix Comunica\u00e7\u00f5es","og_description":"Con la migraci\u00f3n de anal\u00f3gico a digital, Abix proporciona un entorno totalmente conectado con comunicaci\u00f3n ilimitada. Ver m\u00e1s","og_url":"https:\/\/abix.com.br\/migracao-analogico-para-digital\/","og_site_name":"Abix","article_modified_time":"2023-10-19T19:07:19+00:00","twitter_card":"summary_large_image","twitter_misc":{"Tiempo de lectura":"3 minutos"},"schema":{"@context":"https:\/\/schema.org","@graph":[{"@type":"WebPage","@id":"https:\/\/abix.com.br\/migracao-analogico-para-digital\/","url":"https:\/\/abix.com.br\/migracao-analogico-para-digital\/","name":"Migraci\u00f3n del sistema anal\u00f3gico al digital - Abix Comunica\u00e7\u00f5es","isPartOf":{"@id":"https:\/\/abix.com.br\/#website"},"datePublished":"2020-04-27T10:54:21+00:00","dateModified":"2023-10-19T19:07:19+00:00","description":"Con la migraci\u00f3n de anal\u00f3gico a digital, Abix proporciona un entorno totalmente conectado con comunicaci\u00f3n ilimitada. Ver m\u00e1s","breadcrumb":{"@id":"https:\/\/abix.com.br\/migracao-analogico-para-digital\/#breadcrumb"},"inLanguage":"es","potentialAction":[{"@type":"ReadAction","target":["https:\/\/abix.com.br\/migracao-analogico-para-digital\/"]}]},{"@type":"BreadcrumbList","@id":"https:\/\/abix.com.br\/migracao-analogico-para-digital\/#breadcrumb","itemListElement":[{"@type":"ListItem","position":1,"name":"In\u00edcio","item":"https:\/\/abix.com.br\/es\/"},{"@type":"ListItem","position":2,"name":"Migraci\u00f3n anal\u00f3gica a digital"}]},{"@type":"WebSite","@id":"https:\/\/abix.com.br\/#website","url":"https:\/\/abix.com.br\/","name":"Abix","description":"","potentialAction":[{"@type":"SearchAction","target":{"@type":"EntryPoint","urlTemplate":"https:\/\/abix.com.br\/?s={search_term_string}"},"query-input":{"@type":"PropertyValueSpecification","valueRequired":true,"valueName":"search_term_string"}}],"inLanguage":"es"}]}},"_links":{"self":[{"href":"https:\/\/abix.com.br\/es\/wp-json\/wp\/v2\/pages\/19492","targetHints":{"allow":["GET"]}}],"collection":[{"href":"https:\/\/abix.com.br\/es\/wp-json\/wp\/v2\/pages"}],"about":[{"href":"https:\/\/abix.com.br\/es\/wp-json\/wp\/v2\/types\/page"}],"author":[{"embeddable":true,"href":"https:\/\/abix.com.br\/es\/wp-json\/wp\/v2\/users\/1"}],"replies":[{"embeddable":true,"href":"https:\/\/abix.com.br\/es\/wp-json\/wp\/v2\/comments?post=19492"}],"version-history":[{"count":4,"href":"https:\/\/abix.com.br\/es\/wp-json\/wp\/v2\/pages\/19492\/revisions"}],"predecessor-version":[{"id":19500,"href":"https:\/\/abix.com.br\/es\/wp-json\/wp\/v2\/pages\/19492\/revisions\/19500"}],"wp:attachment":[{"href":"https:\/\/abix.com.br\/es\/wp-json\/wp\/v2\/media?parent=19492"}],"curies":[{"name":"wp","href":"https:\/\/api.w.org\/{rel}","templated":true}]}}