{"id":19501,"date":"2023-10-10T16:27:26","date_gmt":"2023-10-10T19:27:26","guid":{"rendered":"https:\/\/abix.com.br\/mototrbo-sistema-de-radios-digitais-bidirecionais-2\/"},"modified":"2023-10-19T16:10:29","modified_gmt":"2023-10-19T19:10:29","slug":"mototrbo-sistema-de-radios-digitais-bidirecionais-2","status":"publish","type":"page","link":"https:\/\/abix.com.br\/es\/mototrbo-sistema-de-radios-digitais-bidirecionais-2\/","title":{"rendered":"MOTOTRBO\u2122 SISTEMA DE RADIO BIDIRECCIONAL DIGITAL"},"content":{"rendered":"\n\t<section class=\"section paginas-internas\" id=\"section_905156806\">\n\t\t<div class=\"section-bg fill\" >\n\t\t\t\t\t\t\t\t\t\n\t\t\t\n\n\t\t<\/div>\n\n\t\t\n\n\t\t<div class=\"section-content relative\">\n\t\t\t\n<div class=\"row\"  id=\"row-32517537\">\n\n\t<div id=\"col-1613208334\" class=\"col small-12 large-12\"  >\n\t\t\t\t<div class=\"col-inner\"  >\n\t\t\t\n\t\t\t\n<div class=\"page-heading page-heading-breadcrumbs clearfix\">\n<div class=\"container\">\n<div class=\"heading-text\" data-textalign=\"center\">\n<h1 class=\"entry-title\" style=\"text-align: center;\">MOTOTRBO\u2122 SISTEMA DE RADIO BIDIRECCIONAL DIGITAL<\/h1>\n<\/div>\n<\/div>\n<\/div>\n\t\t<\/div>\n\t\t\t\t\t<\/div>\n\n\t\n<\/div>\n\t\t<\/div>\n\n\t\t\n<style>\n#section_905156806 {\n  padding-top: 70px;\n  padding-bottom: 70px;\n}\n<\/style>\n\t<\/section>\n\t\n\n\t<section class=\"section\" id=\"section_180656265\">\n\t\t<div class=\"section-bg fill\" >\n\t\t\t\t\t\t\t\t\t\n\t\t\t\n\n\t\t<\/div>\n\n\t\t\n\n\t\t<div class=\"section-content relative\">\n\t\t\t\n<div class=\"row align-middle\"  id=\"row-1375891589\">\n\n\t<div id=\"col-1122186842\" class=\"col medium-8 small-12 large-8\"  >\n\t\t\t\t<div class=\"col-inner\"  >\n\t\t\t\n\t\t\t\n<h2>Reinvente su plantilla con la radio adecuada<\/h2>\n<p>Desde la mesa de la oficina hasta el muelle de la f\u00e1brica, caminando por el campus o viajando por todo el pa\u00eds, las radios MOTOTRBO conectan a m\u00e1s personas sin esfuerzo y de forma eficiente dondequiera que trabajen. La informaci\u00f3n es instant\u00e1nea. La toma de decisiones es m\u00e1s f\u00e1cil. La seguridad es m\u00e1s s\u00f3lida. Aumenta la productividad. La calidad del servicio mejora y los clientes est\u00e1n m\u00e1s satisfechos.<\/p>\n<p>Tanto si desea unidades port\u00e1tiles ultradelgadas o superresistentes, con Bluetooth integrado o aplicaciones de datos l\u00edderes del sector, ahora tenemos la radio adecuada que se ocupa de sus necesidades y evoluciona con nuevas funciones para responder a sus requisitos de cara al futuro. M\u00e1s de un mill\u00f3n de usuarios conf\u00edan en nuestras radios, que han sido desarrolladas con un s\u00f3lido conjunto de funciones para aumentar la eficacia, la productividad y la seguridad de los trabajadores.<\/p>\n\t\t<\/div>\n\t\t\t\t\t<\/div>\n\n\t\n\n\t<div id=\"col-192373152\" class=\"col medium-4 small-12 large-4\"  >\n\t\t\t\t<div class=\"col-inner\"  >\n\t\t\t\n\t\t\t\n\t<div class=\"img has-hover x md-x lg-x y md-y lg-y\" id=\"image_2147410771\">\n\t\t\t\t\t\t\t\t<div class=\"img-inner dark\" >\n\t\t\t<img decoding=\"async\" width=\"295\" height=\"283\" src=\"https:\/\/abix.com.br\/wp-content\/uploads\/2021\/09\/imagem-um.png\" class=\"attachment-original size-original\" alt=\"\" \/>\t\t\t\t\t\t\n\t\t\t\t\t<\/div>\n\t\t\t\t\t\t\t\t\n<style>\n#image_2147410771 {\n  width: 100%;\n}\n<\/style>\n\t<\/div>\n\t\n\t\t<\/div>\n\t\t\t\t\t<\/div>\n\n\t\n<\/div>\n\t\t<\/div>\n\n\t\t\n<style>\n#section_180656265 {\n  padding-top: 30px;\n  padding-bottom: 30px;\n}\n<\/style>\n\t<\/section>\n\t\n\n\t<section class=\"section\" id=\"section_524113572\">\n\t\t<div class=\"section-bg fill\" >\n\t\t\t\t\t\t\t\t\t\n\t\t\t\n\n\t\t<\/div>\n\n\t\t\n\n\t\t<div class=\"section-content relative\">\n\t\t\t\n<div class=\"row\"  id=\"row-957969626\">\n\n\t<div id=\"col-1146645330\" class=\"col small-12 large-12\"  >\n\t\t\t\t<div class=\"col-inner\"  >\n\t\t\t\n\t\t\t\n<div class=\"video video-fit mb\" style=\"padding-top:56.25%;\"><p><iframe title=\"MOTOTRBO CAPACITY MAX \u2013 MOTOROLA SOLUTIONS\" src=\"https:\/\/player.vimeo.com\/video\/613841420?dnt=1&amp;app_id=122963\" width=\"640\" height=\"360\" frameborder=\"0\" allow=\"autoplay; fullscreen; picture-in-picture\"><\/iframe><\/p>\n<\/div>\n\t<div id=\"text-1610736489\" class=\"text\">\n\t\t\n<h4><i class=\"fas fa-file-pdf\"><\/i> <a href=\"https:\/\/abix.com.br\/wp-content\/uploads\/2021\/09\/acessorios-de-radio-mototrbo.pdf\">ACCESORIOS DE RADIO MOTOTRBO<\/a><\/h4>\n<h4><i class=\"fas fa-file-pdf\"><\/i> <a href=\"https:\/\/abix.com.br\/wp-content\/uploads\/2021\/09\/sistemas-mototrbo.pdf\">  Sistemas MOTOTRBO\u2122 Informaci\u00f3n general<\/a><\/h4>\n<h4><i class=\"fas fa-file-pdf\"><\/i> <a href=\"https:\/\/abix.com.br\/wp-content\/uploads\/2021\/09\/catalogo.pdf\">CAT\u00c1LOGO<\/a><\/h4>\n<h4><i class=\"fas fa-file-pdf\"><\/i> <a href=\"https:\/\/abix.com.br\/es\/\">Soluciones de radio bidireccional MOTOTRBO\u2122 informaci\u00f3n general<\/a><\/h4>\n\t\t\n<style>\n#text-1610736489 {\n  color: #3365ae;\n}\n#text-1610736489 > * {\n  color: #3365ae;\n}\n<\/style>\n\t<\/div>\n\t\n\t\t<\/div>\n\t\t\t\t\t<\/div>\n\n\t\n<\/div>\n\t\t<\/div>\n\n\t\t\n<style>\n#section_524113572 {\n  padding-top: 30px;\n  padding-bottom: 30px;\n}\n<\/style>\n\t<\/section>\n\t\n\n\t<section class=\"section\" id=\"section_177273202\">\n\t\t<div class=\"section-bg fill\" >\n\t\t\t\t\t\t\t\t\t\n\t\t\t\n\n\t\t<\/div>\n\n\t\t\n\n\t\t<div class=\"section-content relative\">\n\t\t\t\n<div class=\"row\"  id=\"row-652447929\">\n\n\t<div id=\"col-1505033090\" class=\"col medium-4 small-12 large-4\"  >\n\t\t\t\t<div class=\"col-inner\"  >\n\t\t\t\n\t\t\t\n<div class=\"row\"  id=\"row-332282055\">\n\n\t<div id=\"col-820481967\" class=\"col small-12 large-12\"  >\n\t\t\t\t<div class=\"col-inner\"  >\n\t\t\t\n\t<div class=\"is-border\"\n\t\tstyle=\"border-color:rgb(187, 178, 178);border-radius:7px;border-width:2px 2px 2px 2px;\">\n\t<\/div>\n\t\t\t\n\t<div id=\"text-4100531879\" class=\"text\">\n\t\t\n<h3 style=\"text-align: center;\">Radios port\u00e1tiles<\/h3>\n<p style=\"text-align: center;\">Aumente la productividad con radios<br \/>MOTOTRBO bidireccional digital port\u00e1til.<\/p>\n<p style=\"text-align: center;\">\n<p style=\"text-align: center;\"><a href=\"https:\/\/abix.com.br\/wp-content\/uploads\/2021\/09\/Guia-Rapido-Dos-Radios-Digitais-Bidirecionais-MOTOTRBO%E2%84%A2-Mineracao.pdf\">MOTOTRBO\u2122 SL500e<\/a><\/p>\n<p style=\"text-align: center;\"><a href=\"https:\/\/abix.com.br\/wp-content\/uploads\/2021\/09\/Guia-Rapido-Dos-Radios-Digitais-Bidirecionais-MOTOTRBO%E2%84%A2-Mineracao.pdf\">Radio port\u00e1til MOTOTRBO\u2122 DGP 8550EX<\/a><\/p>\n<p style=\"text-align: center;\"><a href=\"https:\/\/www.motorolasolutions.com\/pt_xl\/products\/radios-bidirecionais-para-empresas\/radios-portateis\/area-ampla-para-grandes-empresas\/dep500e.html#tabproductinfo\">MOTOTRBO\u2122 Serie DEP\u2122500e<\/a><\/p>\n<p style=\"text-align: center;\"><a href=\"https:\/\/www.motorolasolutions.com\/pt_xl\/products\/radios-bidirecionais-para-empresas\/radios-portateis\/area-ampla-para-grandes-empresas\/dgp8000e-dgp5000e.html#tabproductinfo\">MOTOTRBO\u2122 DGP\u21228000e\/DGP\u2122 Series<\/a><br \/><a href=\"https:\/\/www.motorolasolutions.com\/pt_xl\/products\/radios-bidirecionais-para-empresas\/radios-portateis\/area-ampla-para-grandes-empresas\/dgp8000e-dgp5000e.html#tabproductinfo\">5000e<\/a><\/p>\n<p style=\"text-align: center;\"><a href=\"https:\/\/www.motorolasolutions.com\/pt_xl\/products\/radios-bidirecionais-seguranca-publica\/produtos-descontinuados\/dgp8050e-elite.html#tabproductinfo\">MOTOTRBO\u2122 DGP\u21228050e ELITE<\/a><\/p>\n<p style=\"text-align: center;\"><a href=\"https:\/\/www.motorolasolutions.com\/pt_xl\/products\/radios-bidirecionais-para-empresas\/radios-portateis\/area-ampla-para-grandes-empresas\/sl8550e.html#tabproductinfo\">MOTOTRBO\u2122 SL 8550e<\/a><\/p>\n<p style=\"text-align: center;\"><a href=\"https:\/\/www.motorolasolutions.com\/pt_xl\/products\/radios-bidirecionais-para-empresas\/radios-portateis\/area-ampla-para-grandes-empresas\/dep450.html#tabproductinfo\">Radio digital\/anal\u00f3gica MOTOTRBO<\/a><br \/><a href=\"https:\/\/www.motorolasolutions.com\/pt_xl\/products\/radios-bidirecionais-para-empresas\/radios-portateis\/area-ampla-para-grandes-empresas\/dep450.html#tabproductinfo\">DEP 450 idireccional port\u00e1til<\/a><\/p>\n<p style=\"text-align: center;\"><a href=\"https:\/\/www.motorolasolutions.com\/pt_xl\/products\/radios-bidirecionais-seguranca-publica\/produtos-descontinuados\/dgp-8050-elite.html#tabproductinfo\">MOTOTRBO\u2122 radio bidireccional port\u00e1til<\/a><br \/><a href=\"https:\/\/www.motorolasolutions.com\/pt_xl\/products\/radios-bidirecionais-seguranca-publica\/produtos-descontinuados\/dgp-8050-elite.html#tabproductinfo\">DGP 8050 ELITE<\/a><\/p>\n<p style=\"text-align: center;\"><a href=\"https:\/\/www.motorolasolutions.com\/pt_xl\/archived-pages\/sl8050.html#tabproductinfo\">MOTOTRBO\u2122 radio bidireccional port\u00e1til<\/a><br \/><a href=\"https:\/\/www.motorolasolutions.com\/pt_xl\/archived-pages\/sl8050.html#tabproductinfo\">SL8050<\/a><\/p>\n<p style=\"text-align: center;\"><a href=\"https:\/\/www.motorolasolutions.com\/pt_xl\/products\/radios-bidirecionais-para-empresas\/radios-portateis\/area-ampla-para-grandes-empresas\/sl8550.html#tabproductinfo\">MOTOTRBO\u2122 radio bidireccional port\u00e1til<\/a><br \/><a href=\"https:\/\/www.motorolasolutions.com\/pt_xl\/products\/radios-bidirecionais-para-empresas\/radios-portateis\/area-ampla-para-grandes-empresas\/sl8550.html#tabproductinfo\">SL8550<\/a><\/p>\n<p style=\"text-align: center;\">\n\t\t\n<style>\n#text-4100531879 {\n  text-align: center;\n}\n<\/style>\n\t<\/div>\n\t\n\t\t<\/div>\n\t\t\t\t\n<style>\n#col-820481967 > .col-inner {\n  padding: 20px 0px 0px 0px;\n}\n<\/style>\n\t<\/div>\n\n\t\n<\/div>\n\t\t<\/div>\n\t\t\t\t\t<\/div>\n\n\t\n\n\t<div id=\"col-1040583668\" class=\"col medium-4 small-12 large-4\"  >\n\t\t\t\t<div class=\"col-inner\"  >\n\t\t\t\n\t\t\t\n<div class=\"row\"  id=\"row-1030241554\">\n\n\t<div id=\"col-1025941143\" class=\"col small-12 large-12\"  >\n\t\t\t\t<div class=\"col-inner\"  >\n\t\t\t\n\t<div class=\"is-border\"\n\t\tstyle=\"border-color:rgb(187, 178, 178);border-radius:7px;border-width:2px 2px 2px 2px;\">\n\t<\/div>\n\t\t\t\n<h3 style=\"text-align: center;\">Radios m\u00f3viles<\/h3>\n<p style=\"text-align: center;\">Radios m\u00f3viles bidireccionales MOTOTRBO<br \/>disponer de la tecnolog\u00eda digital que<br \/>necesidades para aumentar la productividad.<\/p>\n<p style=\"text-align: center;\">\n<p style=\"text-align: center;\"><a href=\"https:\/\/www.motorolasolutions.com\/pt_xl\/products\/radios-bidirecionais-para-empresas\/radios-moveis\/grandes-empresas\/dgm8000e-dgm5000e.html#tabproductinfo\">MOTOTRBO\u2122 DGM\u21228000e\/DGM\u21225000e<\/a><br \/><a href=\"https:\/\/www.motorolasolutions.com\/pt_xl\/products\/radios-bidirecionais-para-empresas\/radios-moveis\/grandes-empresas\/dgm8000e-dgm5000e.html#tabproductinfo\">Serie<\/a><\/p>\n<p style=\"text-align: center;\"><a href=\"https:\/\/www.motorolasolutions.com\/pt_xl\/products\/radios-bidirecionais-para-empresas\/radios-moveis\/grandes-empresas\/dem300.html#tabproductinfo\">MOTOTRBO\u2122 Mobile Radio DEM 300 (Pantalla<\/a><br \/><a href=\"https:\/\/www.motorolasolutions.com\/pt_xl\/products\/radios-bidirecionais-para-empresas\/radios-moveis\/grandes-empresas\/dem300.html#tabproductinfo\">Num\u00e9rico)<\/a><\/p>\n<p style=\"text-align: center;\"><a href=\"https:\/\/www.motorolasolutions.com\/pt_xl\/products\/radios-bidirecionais-para-empresas\/radios-moveis\/grandes-empresas\/dem400.html#tabproductinfo\">MOTOTRBO\u2122 Mobile Radio DEM 400 (Pantalla<\/a><br \/><a href=\"https:\/\/www.motorolasolutions.com\/pt_xl\/products\/radios-bidirecionais-para-empresas\/radios-moveis\/grandes-empresas\/dem400.html#tabproductinfo\">Num\u00e9rico)<\/a><\/p>\n<p style=\"text-align: center;\"><a href=\"https:\/\/www.motorolasolutions.com\/pt_xl\/products\/radios-bidirecionais-para-empresas\/radios-moveis\/grandes-empresas\/dem-500.html#tabproductinfo\">Radio m\u00f3vil MOTOTRBO\u2122 DEM 500<\/a><\/p>\n\t\t<\/div>\n\t\t\t\t\n<style>\n#col-1025941143 > .col-inner {\n  padding: 20px 0px 295px 0px;\n}\n<\/style>\n\t<\/div>\n\n\t\n<\/div>\n\t\t<\/div>\n\t\t\t\t\t<\/div>\n\n\t\n\n\t<div id=\"col-728101475\" class=\"col medium-4 small-12 large-4\"  >\n\t\t\t\t<div class=\"col-inner\"  >\n\t\t\t\n\t\t\t\n<div class=\"row\"  id=\"row-893267845\">\n\n\t<div id=\"col-331127817\" class=\"col small-12 large-12\"  >\n\t\t\t\t<div class=\"col-inner\"  >\n\t\t\t\n\t<div class=\"is-border\"\n\t\tstyle=\"border-color:rgb(187, 178, 178);border-radius:7px;border-width:2px 2px 2px 2px;\">\n\t<\/div>\n\t\t\t\n<h3 style=\"text-align: center;\">Infraestructura<\/h3>\n<p style=\"text-align: center;\">Mejore la funcionalidad de su sistema<br \/>MOTOTRBO al tiempo que aumenta la<br \/>productividad de su mano de obra.<\/p>\n<p style=\"text-align: center;\">\n<p style=\"text-align: center;\"><a href=\"https:\/\/www.motorolasolutions.com\/pt_xl\/products\/radios-bidirecionais-para-empresas\/infraestrutura\/estacoes-base-repetidoras\/slr-8000.html#tabproductinfo\">Repetidor MOTOTRBO\u2122 SLR 8000<\/a><\/p>\n<p style=\"text-align: center;\"><a href=\"https:\/\/www.motorolasolutions.com\/pt_xl\/products\/radios-bidirecionais-para-empresas\/infraestrutura\/estacoes-base-repetidoras\/slr-5000-series-repeater.html#tabproductinfo\">Repetidor MOTOTRBO\u2122 SLR 5100<\/a><\/p>\n<p style=\"text-align: center;\"><a href=\"https:\/\/www.motorolasolutions.com\/pt_xl\/products\/radios-bidirecionais-para-empresas\/infraestrutura\/estacoes-base-repetidoras\/slr-1000.html#tabproductinfo\">Repetidor MOTOTRBO\u2122 SLR1000<\/a><\/p>\n<p style=\"text-align: center;\"><a href=\"https:\/\/www.motorolasolutions.com\/pt_xl\/products\/radios-bidirecionais-seguranca-publica\/produtos-descontinuados\/dgr-6175.html#tabproductinfo\">Repetidor MOTOTRBO\u2122 DGR 6175<\/a><\/p>\n<p style=\"text-align: center;\"><a href=\"https:\/\/www.motorolasolutions.com\/pt_xl\/products\/radios-bidirecionais-seguranca-publica\/produtos-descontinuados\/mtr3000.html#tabproductinfo\">Repetidor MOTOTRBO\u2122 MTR3000<\/a><\/p>\n<p style=\"text-align: center;\"><a href=\"https:\/\/www.motorolasolutions.com\/pt_xl\/products\/radios-bidirecionais-seguranca-publica\/produtos-descontinuados\/xri9100-controller.html#tabproductinfo\">Pasarela MOTOTRBO\u2122 XRI 9000 \/ XRI 9100<\/a><br \/><a href=\"https:\/\/www.motorolasolutions.com\/pt_xl\/products\/radios-bidirecionais-seguranca-publica\/produtos-descontinuados\/xri9100-controller.html#tabproductinfo\">Interconexi\u00f3n<\/a><\/p>\n<p style=\"text-align: center;\"><a href=\"https:\/\/www.motorolasolutions.com\/pt_xl\/products\/radios-bidirecionais-seguranca-publica\/produtos-descontinuados\/mototrbo-xrc-9000-controller.html#tabproductinfo\">MOTOTRBO\u2122 XRC 9000 \/ XRC 9100<\/a><br \/><a href=\"https:\/\/www.motorolasolutions.com\/pt_xl\/products\/radios-bidirecionais-seguranca-publica\/produtos-descontinuados\/mototrbo-xrc-9000-controller.html#tabproductinfo\">Controlador<\/a><\/p>\n<p style=\"text-align: center;\"><a href=\"https:\/\/www.motorolasolutions.com\/pt_xl\/products\/radios-bidirecionais-seguranca-publica\/produtos-descontinuados\/xrt9000.html#tabproductinfo\">Pasarela MOTOTRBO\u2122 XRT 9000 \/ XRT 9100<\/a><\/p>\n\t\t<\/div>\n\t\t\t\t\n<style>\n#col-331127817 > .col-inner {\n  padding: 20px 0px 137px 0px;\n}\n<\/style>\n\t<\/div>\n\n\t\n<\/div>\n\t\t<\/div>\n\t\t\t\t\t<\/div>\n\n\t\n<\/div>\n\t\t<\/div>\n\n\t\t\n<style>\n#section_177273202 {\n  padding-top: 30px;\n  padding-bottom: 30px;\n}\n<\/style>\n\t<\/section>\n\t\n","protected":false},"excerpt":{"rendered":"","protected":false},"author":1,"featured_media":0,"parent":0,"menu_order":0,"comment_status":"closed","ping_status":"closed","template":"page-blank.php","meta":{"footnotes":""},"class_list":["post-19501","page","type-page","status-publish","hentry"],"yoast_head":"<!-- This site is optimized with the Yoast SEO plugin v27.3 - https:\/\/yoast.com\/product\/yoast-seo-wordpress\/ -->\n<title>MOTOTRBO\u2122 SISTEMA DE RADIO BIDIRECCIONAL DIGITAL - Abix<\/title>\n<meta name=\"robots\" content=\"index, follow, max-snippet:-1, max-image-preview:large, max-video-preview:-1\" \/>\n<link rel=\"canonical\" href=\"https:\/\/abix.com.br\/mototrbo-sistema-de-radios-digitais-bidirecionais-2\/\" \/>\n<meta property=\"og:locale\" content=\"es_ES\" \/>\n<meta property=\"og:type\" content=\"article\" \/>\n<meta property=\"og:title\" content=\"MOTOTRBO\u2122 SISTEMA DE RADIO BIDIRECCIONAL DIGITAL - Abix\" \/>\n<meta property=\"og:url\" content=\"https:\/\/abix.com.br\/mototrbo-sistema-de-radios-digitais-bidirecionais-2\/\" \/>\n<meta property=\"og:site_name\" content=\"Abix\" \/>\n<meta property=\"article:modified_time\" content=\"2023-10-19T19:10:29+00:00\" \/>\n<meta name=\"twitter:card\" content=\"summary_large_image\" \/>\n<meta name=\"twitter:label1\" content=\"Tiempo de lectura\" \/>\n\t<meta name=\"twitter:data1\" content=\"2 minutos\" \/>\n<script type=\"application\/ld+json\" class=\"yoast-schema-graph\">{\"@context\":\"https:\\\/\\\/schema.org\",\"@graph\":[{\"@type\":\"WebPage\",\"@id\":\"https:\\\/\\\/abix.com.br\\\/mototrbo-sistema-de-radios-digitais-bidirecionais-2\\\/\",\"url\":\"https:\\\/\\\/abix.com.br\\\/mototrbo-sistema-de-radios-digitais-bidirecionais-2\\\/\",\"name\":\"MOTOTRBO\u2122 SISTEMA DE RADIO BIDIRECCIONAL DIGITAL - Abix\",\"isPartOf\":{\"@id\":\"https:\\\/\\\/abix.com.br\\\/#website\"},\"datePublished\":\"2023-10-10T19:27:26+00:00\",\"dateModified\":\"2023-10-19T19:10:29+00:00\",\"breadcrumb\":{\"@id\":\"https:\\\/\\\/abix.com.br\\\/mototrbo-sistema-de-radios-digitais-bidirecionais-2\\\/#breadcrumb\"},\"inLanguage\":\"es\",\"potentialAction\":[{\"@type\":\"ReadAction\",\"target\":[\"https:\\\/\\\/abix.com.br\\\/mototrbo-sistema-de-radios-digitais-bidirecionais-2\\\/\"]}]},{\"@type\":\"BreadcrumbList\",\"@id\":\"https:\\\/\\\/abix.com.br\\\/mototrbo-sistema-de-radios-digitais-bidirecionais-2\\\/#breadcrumb\",\"itemListElement\":[{\"@type\":\"ListItem\",\"position\":1,\"name\":\"In\u00edcio\",\"item\":\"https:\\\/\\\/abix.com.br\\\/es\\\/\"},{\"@type\":\"ListItem\",\"position\":2,\"name\":\"MOTOTRBO\u2122 SISTEMA DE RADIO BIDIRECCIONAL DIGITAL\"}]},{\"@type\":\"WebSite\",\"@id\":\"https:\\\/\\\/abix.com.br\\\/#website\",\"url\":\"https:\\\/\\\/abix.com.br\\\/\",\"name\":\"Abix\",\"description\":\"\",\"potentialAction\":[{\"@type\":\"SearchAction\",\"target\":{\"@type\":\"EntryPoint\",\"urlTemplate\":\"https:\\\/\\\/abix.com.br\\\/?s={search_term_string}\"},\"query-input\":{\"@type\":\"PropertyValueSpecification\",\"valueRequired\":true,\"valueName\":\"search_term_string\"}}],\"inLanguage\":\"es\"}]}<\/script>\n<!-- \/ Yoast SEO plugin. -->","yoast_head_json":{"title":"MOTOTRBO\u2122 SISTEMA DE RADIO BIDIRECCIONAL DIGITAL - Abix","robots":{"index":"index","follow":"follow","max-snippet":"max-snippet:-1","max-image-preview":"max-image-preview:large","max-video-preview":"max-video-preview:-1"},"canonical":"https:\/\/abix.com.br\/mototrbo-sistema-de-radios-digitais-bidirecionais-2\/","og_locale":"es_ES","og_type":"article","og_title":"MOTOTRBO\u2122 SISTEMA DE RADIO BIDIRECCIONAL DIGITAL - Abix","og_url":"https:\/\/abix.com.br\/mototrbo-sistema-de-radios-digitais-bidirecionais-2\/","og_site_name":"Abix","article_modified_time":"2023-10-19T19:10:29+00:00","twitter_card":"summary_large_image","twitter_misc":{"Tiempo de lectura":"2 minutos"},"schema":{"@context":"https:\/\/schema.org","@graph":[{"@type":"WebPage","@id":"https:\/\/abix.com.br\/mototrbo-sistema-de-radios-digitais-bidirecionais-2\/","url":"https:\/\/abix.com.br\/mototrbo-sistema-de-radios-digitais-bidirecionais-2\/","name":"MOTOTRBO\u2122 SISTEMA DE RADIO BIDIRECCIONAL DIGITAL - Abix","isPartOf":{"@id":"https:\/\/abix.com.br\/#website"},"datePublished":"2023-10-10T19:27:26+00:00","dateModified":"2023-10-19T19:10:29+00:00","breadcrumb":{"@id":"https:\/\/abix.com.br\/mototrbo-sistema-de-radios-digitais-bidirecionais-2\/#breadcrumb"},"inLanguage":"es","potentialAction":[{"@type":"ReadAction","target":["https:\/\/abix.com.br\/mototrbo-sistema-de-radios-digitais-bidirecionais-2\/"]}]},{"@type":"BreadcrumbList","@id":"https:\/\/abix.com.br\/mototrbo-sistema-de-radios-digitais-bidirecionais-2\/#breadcrumb","itemListElement":[{"@type":"ListItem","position":1,"name":"In\u00edcio","item":"https:\/\/abix.com.br\/es\/"},{"@type":"ListItem","position":2,"name":"MOTOTRBO\u2122 SISTEMA DE RADIO BIDIRECCIONAL DIGITAL"}]},{"@type":"WebSite","@id":"https:\/\/abix.com.br\/#website","url":"https:\/\/abix.com.br\/","name":"Abix","description":"","potentialAction":[{"@type":"SearchAction","target":{"@type":"EntryPoint","urlTemplate":"https:\/\/abix.com.br\/?s={search_term_string}"},"query-input":{"@type":"PropertyValueSpecification","valueRequired":true,"valueName":"search_term_string"}}],"inLanguage":"es"}]}},"_links":{"self":[{"href":"https:\/\/abix.com.br\/es\/wp-json\/wp\/v2\/pages\/19501","targetHints":{"allow":["GET"]}}],"collection":[{"href":"https:\/\/abix.com.br\/es\/wp-json\/wp\/v2\/pages"}],"about":[{"href":"https:\/\/abix.com.br\/es\/wp-json\/wp\/v2\/types\/page"}],"author":[{"embeddable":true,"href":"https:\/\/abix.com.br\/es\/wp-json\/wp\/v2\/users\/1"}],"replies":[{"embeddable":true,"href":"https:\/\/abix.com.br\/es\/wp-json\/wp\/v2\/comments?post=19501"}],"version-history":[{"count":4,"href":"https:\/\/abix.com.br\/es\/wp-json\/wp\/v2\/pages\/19501\/revisions"}],"predecessor-version":[{"id":19505,"href":"https:\/\/abix.com.br\/es\/wp-json\/wp\/v2\/pages\/19501\/revisions\/19505"}],"wp:attachment":[{"href":"https:\/\/abix.com.br\/es\/wp-json\/wp\/v2\/media?parent=19501"}],"curies":[{"name":"wp","href":"https:\/\/api.w.org\/{rel}","templated":true}]}}