{"id":19506,"date":"2023-10-10T16:20:02","date_gmt":"2023-10-10T19:20:02","guid":{"rendered":"https:\/\/abix.com.br\/nodo-central-tetra-2\/"},"modified":"2023-10-19T17:19:59","modified_gmt":"2023-10-19T20:19:59","slug":"nodo-central-tetra-2","status":"publish","type":"page","link":"https:\/\/abix.com.br\/es\/nodo-central-tetra-2\/","title":{"rendered":"NODO TETRA CENTRAL"},"content":{"rendered":"\n\t<section class=\"section paginas-internas\" id=\"section_2135315996\">\n\t\t<div class=\"section-bg fill\" >\n\t\t\t\t\t\t\t\t\t\n\t\t\t\n\n\t\t<\/div>\n\n\t\t\n\n\t\t<div class=\"section-content relative\">\n\t\t\t\n<div class=\"row\"  id=\"row-1903075937\">\n\n\t<div id=\"col-1833438302\" class=\"col small-12 large-12\"  >\n\t\t\t\t<div class=\"col-inner\"  >\n\t\t\t\n\t\t\t\n<div class=\"page-heading page-heading-breadcrumbs clearfix\">\n<div class=\"container\">\n<div class=\"heading-text\" data-textalign=\"center\">\n<h1 class=\"entry-title\" style=\"text-align: center;\">NODO TETRA CENTRAL<\/h1>\n<\/div>\n<\/div>\n<\/div>\n<div class=\"container\">\n<div class=\"inner-page-wrap has-no-sidebar clearfix\">\n<div class=\"clearfix\">\n<div class=\"page-content hfeed clearfix\">\n<div id=\"14515\" class=\"clearfix post-14515 page type-page status-publish hentry\">\n<section class=\"row fw-row dynamic-header-change fw-row-adjusted\" data-header-style=\"\">\n<div class=\"spb-row \" data-row-type=\"\" data-wrap=\"full-width-contained\" data-image-movement=\"fixed\" data-content-stretch=\"false\" data-row-height=\"content-height\" data-col-v-pos=\"default\" data-legacy=\"true\" data-sb-init=\"true\">\n<div class=\"spb_content_element clearfix\">\n<section class=\"row \">\n<div class=\"spb-column-container col-sm-12 \">\n<div class=\"spb-column-inner row clearfix\">\n<section class=\"row \">\n<div class=\"spb_content_element col-sm-8 adequado spb_text_column\">\n<div class=\"spb-asset-content\" style=\"text-align: center;\"> <\/div>\n<\/div>\n<\/section>\n<\/div>\n<\/div>\n<\/section>\n<\/div>\n<\/div>\n<\/section>\n<\/div>\n<\/div>\n<\/div>\n<\/div>\n<\/div>\n\t\t<\/div>\n\t\t\t\t\t<\/div>\n\n\t\n<\/div>\n\t\t<\/div>\n\n\t\t\n<style>\n#section_2135315996 {\n  padding-top: 70px;\n  padding-bottom: 70px;\n}\n<\/style>\n\t<\/section>\n\t\n\n\t<section class=\"section\" id=\"section_838460457\">\n\t\t<div class=\"section-bg fill\" >\n\t\t\t\t\t\t\t\t\t\n\t\t\t\n\n\t\t<\/div>\n\n\t\t\n\n\t\t<div class=\"section-content relative\">\n\t\t\t\n<div class=\"row\"  id=\"row-1435715408\">\n\n\t<div id=\"col-1754207022\" class=\"col small-12 large-12\"  >\n\t\t\t\t<div class=\"col-inner\"  >\n\t\t\t\n\t\t\t\n\t<div id=\"text-2661271351\" class=\"text\">\n\t\t\n<h2 style=\"text-align: center;\">Sistemas de nodos centrales TETRA para comunicaciones de misi\u00f3n cr\u00edtica<\/h2>\n<p style=\"text-align: center;\">En el centro de las soluciones TETRA probadas de Motorola Solutions se encuentran los conmutadores IP Dimetra escalables para satisfacer sus necesidades actuales y futuras.<\/p>\n<p style=\"text-align: center;\">Cada soluci\u00f3n es espec\u00edfica para las necesidades individuales de cada organizaci\u00f3n. Por eso ofrecemos una gama de servicios de gesti\u00f3n del ciclo de vida y soluciones integradas que pueden proporcionar a su organizaci\u00f3n una red de comunicaciones de misi\u00f3n cr\u00edtica flexible, robusta y fiable.<br \/>Gracias a nuestro profundo conocimiento del entorno de la Seguridad P\u00fablica, contamos con los recursos y la experiencia necesarios para ayudarle a analizar su situaci\u00f3n espec\u00edfica, presupuesto, geograf\u00eda y personal para crear la soluci\u00f3n de comunicaciones de misi\u00f3n cr\u00edtica m\u00e1s adecuada para su organizaci\u00f3n.<\/p>\n\t\t\n<style>\n#text-2661271351 {\n  text-align: center;\n}\n<\/style>\n\t<\/div>\n\t\n\t\t<\/div>\n\t\t\t\t\t<\/div>\n\n\t\n<\/div>\n<div class=\"row\"  id=\"row-1761667001\">\n\n\t<div id=\"col-1785844674\" class=\"col small-12 large-12\"  >\n\t\t\t\t<div class=\"col-inner\"  >\n\t\t\t\n\t\t\t\n<h4><i class=\"fas fa-file-pdf\"><\/i> <a href=\"https:\/\/abix.com.br\/wp-content\/uploads\/2021\/09\/folha-de-dados.pdf\">HOJA DE DATOS (INGL\u00c9S)<\/a><\/h4>\n<h4><i class=\"fas fa-file-pdf\"><\/i> <a href=\"https:\/\/abix.com.br\/wp-content\/uploads\/2021\/09\/doc-tecnico.pdf\">DOCUMENTO T\u00c9CNICO (INGL\u00c9S)<\/a><\/h4>\n\t\t<\/div>\n\t\t\t\t\t<\/div>\n\n\t\n<\/div>\n\t\t<\/div>\n\n\t\t\n<style>\n#section_838460457 {\n  padding-top: 30px;\n  padding-bottom: 30px;\n}\n<\/style>\n\t<\/section>\n\t\n\n\t<section class=\"section\" id=\"section_1454452931\">\n\t\t<div class=\"section-bg fill\" >\n\t\t\t\t\t\t\t\t\t\n\t\t\t\n\n\t\t<\/div>\n\n\t\t\n\n\t\t<div class=\"section-content relative\">\n\t\t\t\n<div class=\"row\"  id=\"row-1574473890\">\n\n\t<div id=\"col-153300709\" class=\"col medium-3 small-6 large-3\"  >\n\t\t\t\t<div class=\"col-inner\"  >\n\t\t\t\n\t\t\t\n\t<div class=\"img has-hover borda-site x md-x lg-x y md-y lg-y\" id=\"image_736955742\">\n\t\t<a class=\"\" href=\"https:\/\/abix.com.br\/es\/dimetra-ip-micro\/\" >\t\t\t\t\t\t<div class=\"img-inner dark\" >\n\t\t\t<img decoding=\"async\" width=\"1155\" height=\"1159\" src=\"https:\/\/abix.com.br\/wp-content\/uploads\/2021\/10\/dimetra-ipmicro.webp\" class=\"attachment-original size-original\" alt=\"\" srcset=\"https:\/\/abix.com.br\/wp-content\/uploads\/2021\/10\/dimetra-ipmicro.webp 1155w, https:\/\/abix.com.br\/wp-content\/uploads\/2021\/10\/dimetra-ipmicro-300x300.webp 300w, https:\/\/abix.com.br\/wp-content\/uploads\/2021\/10\/dimetra-ipmicro-100x100.webp 100w, https:\/\/abix.com.br\/wp-content\/uploads\/2021\/10\/dimetra-ipmicro-600x602.webp 600w, https:\/\/abix.com.br\/wp-content\/uploads\/2021\/10\/dimetra-ipmicro-1020x1024.webp 1020w, https:\/\/abix.com.br\/wp-content\/uploads\/2021\/10\/dimetra-ipmicro-150x150.webp 150w, https:\/\/abix.com.br\/wp-content\/uploads\/2021\/10\/dimetra-ipmicro-768x771.webp 768w\" sizes=\"(max-width: 1155px) 100vw, 1155px\" \/>\t\t\t\t\t\t\n\t\t\t\t\t<\/div>\n\t\t\t\t\t\t<\/a>\t\t\n<style>\n#image_736955742 {\n  width: 100%;\n}\n<\/style>\n\t<\/div>\n\t\n\t<div id=\"text-4191365696\" class=\"text\">\n\t\t\n<h3>DIMETRA IP MICRO<\/h3>\n\t\t\n<style>\n#text-4191365696 {\n  text-align: center;\n}\n<\/style>\n\t<\/div>\n\t\n\t\t<\/div>\n\t\t\t\t\t<\/div>\n\n\t\n\n\t<div id=\"col-2038905781\" class=\"col medium-3 small-6 large-3\"  >\n\t\t\t\t<div class=\"col-inner\"  >\n\t\t\t\n\t\t\t\n\t<div class=\"img has-hover borda-site x md-x lg-x y md-y lg-y\" id=\"image_1402566316\">\n\t\t<a class=\"\" href=\"https:\/\/abix.com.br\/es\/dimetra-ip-compact\/\" >\t\t\t\t\t\t<div class=\"img-inner dark\" >\n\t\t\t<img decoding=\"async\" width=\"1155\" height=\"1159\" src=\"https:\/\/abix.com.br\/wp-content\/uploads\/2021\/10\/dimetra-ipcompact.webp\" class=\"attachment-original size-original\" alt=\"\" srcset=\"https:\/\/abix.com.br\/wp-content\/uploads\/2021\/10\/dimetra-ipcompact.webp 1155w, https:\/\/abix.com.br\/wp-content\/uploads\/2021\/10\/dimetra-ipcompact-300x300.webp 300w, https:\/\/abix.com.br\/wp-content\/uploads\/2021\/10\/dimetra-ipcompact-100x100.webp 100w, https:\/\/abix.com.br\/wp-content\/uploads\/2021\/10\/dimetra-ipcompact-600x602.webp 600w, https:\/\/abix.com.br\/wp-content\/uploads\/2021\/10\/dimetra-ipcompact-1020x1024.webp 1020w, https:\/\/abix.com.br\/wp-content\/uploads\/2021\/10\/dimetra-ipcompact-150x150.webp 150w, https:\/\/abix.com.br\/wp-content\/uploads\/2021\/10\/dimetra-ipcompact-768x771.webp 768w\" sizes=\"(max-width: 1155px) 100vw, 1155px\" \/>\t\t\t\t\t\t\n\t\t\t\t\t<\/div>\n\t\t\t\t\t\t<\/a>\t\t\n<style>\n#image_1402566316 {\n  width: 100%;\n}\n<\/style>\n\t<\/div>\n\t\n\t<div id=\"text-3751576085\" class=\"text\">\n\t\t\n<h3 style=\"text-align: center;\">DIMETRA IP COMPACT<\/h3>\n\t\t\n<style>\n#text-3751576085 {\n  text-align: center;\n}\n<\/style>\n\t<\/div>\n\t\n\t\t<\/div>\n\t\t\t\t\t<\/div>\n\n\t\n\n\t<div id=\"col-2122067492\" class=\"col medium-3 small-6 large-3\"  >\n\t\t\t\t<div class=\"col-inner\"  >\n\t\t\t\n\t\t\t\n\t<div class=\"img has-hover borda-site x md-x lg-x y md-y lg-y\" id=\"image_1756713911\">\n\t\t<a class=\"\" href=\"https:\/\/abix.com.br\/es\/dimetra-express-sistema-tetra\/\" >\t\t\t\t\t\t<div class=\"img-inner dark\" >\n\t\t\t<img decoding=\"async\" width=\"1155\" height=\"1159\" src=\"https:\/\/abix.com.br\/wp-content\/uploads\/2021\/10\/dimetra-express.webp\" class=\"attachment-original size-original\" alt=\"\" srcset=\"https:\/\/abix.com.br\/wp-content\/uploads\/2021\/10\/dimetra-express.webp 1155w, https:\/\/abix.com.br\/wp-content\/uploads\/2021\/10\/dimetra-express-300x300.webp 300w, https:\/\/abix.com.br\/wp-content\/uploads\/2021\/10\/dimetra-express-100x100.webp 100w, https:\/\/abix.com.br\/wp-content\/uploads\/2021\/10\/dimetra-express-600x602.webp 600w, https:\/\/abix.com.br\/wp-content\/uploads\/2021\/10\/dimetra-express-1020x1024.webp 1020w, https:\/\/abix.com.br\/wp-content\/uploads\/2021\/10\/dimetra-express-150x150.webp 150w, https:\/\/abix.com.br\/wp-content\/uploads\/2021\/10\/dimetra-express-768x771.webp 768w\" sizes=\"(max-width: 1155px) 100vw, 1155px\" \/>\t\t\t\t\t\t\n\t\t\t\t\t<\/div>\n\t\t\t\t\t\t<\/a>\t\t\n<style>\n#image_1756713911 {\n  width: 100%;\n}\n<\/style>\n\t<\/div>\n\t\n\t<div id=\"text-3331040437\" class=\"text\">\n\t\t\n<h3 style=\"text-align: center;\">DIMETRA EXPRESS<\/h3>\n\t\t\n<style>\n#text-3331040437 {\n  text-align: center;\n}\n<\/style>\n\t<\/div>\n\t\n\t\t<\/div>\n\t\t\t\t\t<\/div>\n\n\t\n\n\t<div id=\"col-2115217497\" class=\"col medium-3 small-6 large-3\"  >\n\t\t\t\t<div class=\"col-inner\"  >\n\t\t\t\n\t\t\t\n\t<div class=\"img has-hover borda-site x md-x lg-x y md-y lg-y\" id=\"image_595382209\">\n\t\t<a class=\"\" href=\"https:\/\/abix.com.br\/es\/dimetra-x-core\/\" >\t\t\t\t\t\t<div class=\"img-inner dark\" >\n\t\t\t<img decoding=\"async\" width=\"1155\" height=\"1159\" src=\"https:\/\/abix.com.br\/wp-content\/uploads\/2021\/10\/dimetra-xcore.webp\" class=\"attachment-original size-original\" alt=\"\" srcset=\"https:\/\/abix.com.br\/wp-content\/uploads\/2021\/10\/dimetra-xcore.webp 1155w, https:\/\/abix.com.br\/wp-content\/uploads\/2021\/10\/dimetra-xcore-300x300.webp 300w, https:\/\/abix.com.br\/wp-content\/uploads\/2021\/10\/dimetra-xcore-100x100.webp 100w, https:\/\/abix.com.br\/wp-content\/uploads\/2021\/10\/dimetra-xcore-600x602.webp 600w, https:\/\/abix.com.br\/wp-content\/uploads\/2021\/10\/dimetra-xcore-1020x1024.webp 1020w, https:\/\/abix.com.br\/wp-content\/uploads\/2021\/10\/dimetra-xcore-150x150.webp 150w, https:\/\/abix.com.br\/wp-content\/uploads\/2021\/10\/dimetra-xcore-768x771.webp 768w\" sizes=\"(max-width: 1155px) 100vw, 1155px\" \/>\t\t\t\t\t\t\n\t\t\t\t\t<\/div>\n\t\t\t\t\t\t<\/a>\t\t\n<style>\n#image_595382209 {\n  width: 100%;\n}\n<\/style>\n\t<\/div>\n\t\n\t<div id=\"text-1703763002\" class=\"text\">\n\t\t\n<h3 style=\"text-align: center;\">DIMETRA X CORE<\/h3>\n\t\t\n<style>\n#text-1703763002 {\n  text-align: center;\n}\n<\/style>\n\t<\/div>\n\t\n\t\t<\/div>\n\t\t\t\t\t<\/div>\n\n\t\n<\/div>\n\t\t<\/div>\n\n\t\t\n<style>\n#section_1454452931 {\n  padding-top: 30px;\n  padding-bottom: 30px;\n}\n<\/style>\n\t<\/section>\n\t\n","protected":false},"excerpt":{"rendered":"","protected":false},"author":1,"featured_media":0,"parent":0,"menu_order":0,"comment_status":"closed","ping_status":"closed","template":"page-blank.php","meta":{"footnotes":""},"class_list":["post-19506","page","type-page","status-publish","hentry"],"yoast_head":"<!-- This site is optimized with the Yoast SEO plugin v27.3 - https:\/\/yoast.com\/product\/yoast-seo-wordpress\/ -->\n<title>NODO TETRA CENTRAL - Abix<\/title>\n<meta name=\"robots\" content=\"index, follow, max-snippet:-1, max-image-preview:large, max-video-preview:-1\" \/>\n<link rel=\"canonical\" href=\"https:\/\/abix.com.br\/nodo-central-tetra-2\/\" \/>\n<meta property=\"og:locale\" content=\"es_ES\" \/>\n<meta property=\"og:type\" content=\"article\" \/>\n<meta property=\"og:title\" content=\"NODO TETRA CENTRAL - Abix\" \/>\n<meta property=\"og:url\" content=\"https:\/\/abix.com.br\/nodo-central-tetra-2\/\" \/>\n<meta property=\"og:site_name\" content=\"Abix\" \/>\n<meta property=\"article:modified_time\" content=\"2023-10-19T20:19:59+00:00\" \/>\n<meta name=\"twitter:card\" content=\"summary_large_image\" \/>\n<meta name=\"twitter:label1\" content=\"Tiempo de lectura\" \/>\n\t<meta name=\"twitter:data1\" content=\"2 minutos\" \/>\n<script type=\"application\/ld+json\" class=\"yoast-schema-graph\">{\"@context\":\"https:\\\/\\\/schema.org\",\"@graph\":[{\"@type\":\"WebPage\",\"@id\":\"https:\\\/\\\/abix.com.br\\\/nodo-central-tetra-2\\\/\",\"url\":\"https:\\\/\\\/abix.com.br\\\/nodo-central-tetra-2\\\/\",\"name\":\"NODO TETRA CENTRAL - Abix\",\"isPartOf\":{\"@id\":\"https:\\\/\\\/abix.com.br\\\/#website\"},\"datePublished\":\"2023-10-10T19:20:02+00:00\",\"dateModified\":\"2023-10-19T20:19:59+00:00\",\"breadcrumb\":{\"@id\":\"https:\\\/\\\/abix.com.br\\\/nodo-central-tetra-2\\\/#breadcrumb\"},\"inLanguage\":\"es\",\"potentialAction\":[{\"@type\":\"ReadAction\",\"target\":[\"https:\\\/\\\/abix.com.br\\\/nodo-central-tetra-2\\\/\"]}]},{\"@type\":\"BreadcrumbList\",\"@id\":\"https:\\\/\\\/abix.com.br\\\/nodo-central-tetra-2\\\/#breadcrumb\",\"itemListElement\":[{\"@type\":\"ListItem\",\"position\":1,\"name\":\"In\u00edcio\",\"item\":\"https:\\\/\\\/abix.com.br\\\/es\\\/\"},{\"@type\":\"ListItem\",\"position\":2,\"name\":\"NODO TETRA CENTRAL\"}]},{\"@type\":\"WebSite\",\"@id\":\"https:\\\/\\\/abix.com.br\\\/#website\",\"url\":\"https:\\\/\\\/abix.com.br\\\/\",\"name\":\"Abix\",\"description\":\"\",\"potentialAction\":[{\"@type\":\"SearchAction\",\"target\":{\"@type\":\"EntryPoint\",\"urlTemplate\":\"https:\\\/\\\/abix.com.br\\\/?s={search_term_string}\"},\"query-input\":{\"@type\":\"PropertyValueSpecification\",\"valueRequired\":true,\"valueName\":\"search_term_string\"}}],\"inLanguage\":\"es\"}]}<\/script>\n<!-- \/ Yoast SEO plugin. -->","yoast_head_json":{"title":"NODO TETRA CENTRAL - Abix","robots":{"index":"index","follow":"follow","max-snippet":"max-snippet:-1","max-image-preview":"max-image-preview:large","max-video-preview":"max-video-preview:-1"},"canonical":"https:\/\/abix.com.br\/nodo-central-tetra-2\/","og_locale":"es_ES","og_type":"article","og_title":"NODO TETRA CENTRAL - Abix","og_url":"https:\/\/abix.com.br\/nodo-central-tetra-2\/","og_site_name":"Abix","article_modified_time":"2023-10-19T20:19:59+00:00","twitter_card":"summary_large_image","twitter_misc":{"Tiempo de lectura":"2 minutos"},"schema":{"@context":"https:\/\/schema.org","@graph":[{"@type":"WebPage","@id":"https:\/\/abix.com.br\/nodo-central-tetra-2\/","url":"https:\/\/abix.com.br\/nodo-central-tetra-2\/","name":"NODO TETRA CENTRAL - Abix","isPartOf":{"@id":"https:\/\/abix.com.br\/#website"},"datePublished":"2023-10-10T19:20:02+00:00","dateModified":"2023-10-19T20:19:59+00:00","breadcrumb":{"@id":"https:\/\/abix.com.br\/nodo-central-tetra-2\/#breadcrumb"},"inLanguage":"es","potentialAction":[{"@type":"ReadAction","target":["https:\/\/abix.com.br\/nodo-central-tetra-2\/"]}]},{"@type":"BreadcrumbList","@id":"https:\/\/abix.com.br\/nodo-central-tetra-2\/#breadcrumb","itemListElement":[{"@type":"ListItem","position":1,"name":"In\u00edcio","item":"https:\/\/abix.com.br\/es\/"},{"@type":"ListItem","position":2,"name":"NODO TETRA CENTRAL"}]},{"@type":"WebSite","@id":"https:\/\/abix.com.br\/#website","url":"https:\/\/abix.com.br\/","name":"Abix","description":"","potentialAction":[{"@type":"SearchAction","target":{"@type":"EntryPoint","urlTemplate":"https:\/\/abix.com.br\/?s={search_term_string}"},"query-input":{"@type":"PropertyValueSpecification","valueRequired":true,"valueName":"search_term_string"}}],"inLanguage":"es"}]}},"_links":{"self":[{"href":"https:\/\/abix.com.br\/es\/wp-json\/wp\/v2\/pages\/19506","targetHints":{"allow":["GET"]}}],"collection":[{"href":"https:\/\/abix.com.br\/es\/wp-json\/wp\/v2\/pages"}],"about":[{"href":"https:\/\/abix.com.br\/es\/wp-json\/wp\/v2\/types\/page"}],"author":[{"embeddable":true,"href":"https:\/\/abix.com.br\/es\/wp-json\/wp\/v2\/users\/1"}],"replies":[{"embeddable":true,"href":"https:\/\/abix.com.br\/es\/wp-json\/wp\/v2\/comments?post=19506"}],"version-history":[{"count":5,"href":"https:\/\/abix.com.br\/es\/wp-json\/wp\/v2\/pages\/19506\/revisions"}],"predecessor-version":[{"id":19594,"href":"https:\/\/abix.com.br\/es\/wp-json\/wp\/v2\/pages\/19506\/revisions\/19594"}],"wp:attachment":[{"href":"https:\/\/abix.com.br\/es\/wp-json\/wp\/v2\/media?parent=19506"}],"curies":[{"name":"wp","href":"https:\/\/api.w.org\/{rel}","templated":true}]}}