{"id":19531,"date":"2022-09-29T11:32:40","date_gmt":"2022-09-29T14:32:40","guid":{"rendered":"https:\/\/abix.com.br\/politica-de-privacidade\/"},"modified":"2023-10-19T16:15:16","modified_gmt":"2023-10-19T19:15:16","slug":"politica-de-privacidade","status":"publish","type":"page","link":"https:\/\/abix.com.br\/es\/politica-de-privacidade\/","title":{"rendered":"Pol\u00edtica de privacidad"},"content":{"rendered":"<div class=\"row\"  id=\"row-626072500\">\n\n\t<div id=\"col-1293350060\" class=\"col small-12 large-12\"  >\n\t\t\t\t<div class=\"col-inner\"  >\n\t\t\t\n\t\t\t\n<h1 style=\"text-align: center;\">Pol\u00edtica de privacidad<\/h1>\n\t\t<\/div>\n\t\t\t\t\t<\/div>\n\n\t\n<\/div>\n\t<div id=\"text-994545350\" class=\"text\">\n\t\t\n<p>Su privacidad es importante para nosotros. Es pol\u00edtica de Nome do cliente respetar su privacidad con respecto a cualquier informaci\u00f3n que podamos recopilar de usted a trav\u00e9s de nuestro sitio web Nome do cliente, y otros sitios que poseemos y operamos.<\/p>\n<p>S\u00f3lo pedimos informaci\u00f3n personal cuando realmente la necesitamos para prestarle un servicio. Lo hacemos por medios justos y legales, con su conocimiento y consentimiento. Tambi\u00e9n le explicamos por qu\u00e9 la recopilamos y c\u00f3mo se utilizar\u00e1.<\/p>\n<p>S\u00f3lo conservamos la informaci\u00f3n recopilada durante el tiempo necesario para prestar el servicio solicitado. Cuando almacenamos datos, los protegemos con medios comercialmente aceptables para evitar p\u00e9rdidas y robos, as\u00ed como el acceso, la divulgaci\u00f3n, la copia, el uso o la modificaci\u00f3n no autorizados.<\/p>\n<p>No compartimos informaci\u00f3n personal identificable p\u00fablicamente ni con terceros, excepto cuando lo exige la ley.<\/p>\n<p>Nuestro sitio web puede contener enlaces a sitios web externos no gestionados por nosotros. Tenga en cuenta que no tenemos ning\u00fan control sobre el contenido y las pr\u00e1cticas de estos sitios y no podemos aceptar la responsabilidad de sus respectivas pol\u00edticas de privacidad.<\/p>\n<p>Usted es libre de rechazar nuestra solicitud de informaci\u00f3n personal entendiendo que es posible que no podamos prestarle algunos de los servicios que necesita.<\/p>\n<p>Su uso continuado de nuestro sitio web se considerar\u00e1 una aceptaci\u00f3n de nuestras pr\u00e1cticas de privacidad e informaci\u00f3n personal. Si tiene alguna pregunta sobre c\u00f3mo tratamos los datos de los usuarios y la informaci\u00f3n personal, p\u00f3ngase en contacto con nosotros.<\/p>\n<h2><strong>Pol\u00edtica de cookies <\/strong><strong>Nombre del cliente<\/strong><\/h2>\n<h3><strong>\u00bfQu\u00e9 son las cookies?<\/strong><\/h3>\n<p>Como es pr\u00e1ctica habitual en casi todos los sitios web profesionales, este sitio utiliza cookies, que son peque\u00f1os archivos que se descargan en su ordenador para mejorar su experiencia. Esta p\u00e1gina describe qu\u00e9 informaci\u00f3n recogen, c\u00f3mo la utilizamos y por qu\u00e9 a veces necesitamos almacenar estas cookies. Tambi\u00e9n le indicaremos c\u00f3mo puede evitar que se almacenen estas cookies, aunque esto puede degradar o \u00abromper\u00bb ciertos elementos de la funcionalidad del sitio web.<\/p>\n<h3><strong>\u00bfC\u00f3mo utilizamos las cookies?<\/strong><\/h3>\n<p>Utilizamos cookies por varios motivos, que se detallan a continuaci\u00f3n. Lamentablemente, en la mayor\u00eda de los casos, no existen opciones est\u00e1ndar en la industria para desactivar las cookies sin desactivar por completo la funcionalidad y las caracter\u00edsticas que a\u00f1aden a este sitio web. Se recomienda que abandone todas las cookies si no est\u00e1 seguro de si las necesita o no, en caso de que se utilicen para prestar un servicio que usted utilice.<\/p>\n<h3><strong>Deshabilitar las cookies<\/strong><\/h3>\n<p>Puede evitar la instalaci\u00f3n de cookies ajustando la configuraci\u00f3n de su navegador (consulte la Ayuda de su navegador para saber c\u00f3mo hacerlo). Tenga en cuenta que desactivar las cookies afectar\u00e1 a la funcionalidad de este y muchos otros sitios web que visite. La desactivaci\u00f3n de las cookies conllevar\u00e1 generalmente la desactivaci\u00f3n de determinadas funcionalidades y caracter\u00edsticas de este sitio web. Por lo tanto, le recomendamos que no desactive las cookies.<\/p>\n<h3><strong>Cookies que instalamos<\/strong><\/h3>\n<ul>\n<li>Cookies relacionadas con la cuenta<\/li>\n<\/ul>\n<ul>\n<li>Si crea una cuenta con nosotros, utilizaremos cookies para la gesti\u00f3n del proceso de inscripci\u00f3n y la administraci\u00f3n general. Por lo general, estas cookies se eliminan al cerrar la sesi\u00f3n, pero en algunos casos pueden permanecer despu\u00e9s para recordar sus preferencias en el sitio web cuando lo abandone.<\/li>\n<\/ul>\n<ul>\n<li>Cookies relacionadas con el inicio de sesi\u00f3n<\/li>\n<\/ul>\n<ul>\n<li>Utilizamos cookies cuando inicia sesi\u00f3n para poder recordar esa acci\u00f3n. Esto le evita tener que iniciar sesi\u00f3n cada vez que visita una nueva p\u00e1gina. Normalmente, estas cookies se eliminan o borran al cerrar la sesi\u00f3n para garantizar que s\u00f3lo pueda acceder a las funciones y \u00e1reas restringidas cuando inicie sesi\u00f3n.<\/li>\n<\/ul>\n<ul>\n<li>Cookies relacionadas con boletines por correo electr\u00f3nico<\/li>\n<\/ul>\n<ul>\n<li>Este sitio ofrece servicios de suscripci\u00f3n a boletines o correos electr\u00f3nicos, y las cookies pueden utilizarse para recordar si ya est\u00e1 registrado y para mostrar determinadas notificaciones v\u00e1lidas s\u00f3lo para usuarios suscritos\/no suscritos.<\/li>\n<\/ul>\n<ul>\n<li>Cookies relacionadas con la tramitaci\u00f3n de solicitudes<\/li>\n<\/ul>\n<ul>\n<li>Este sitio web ofrece facilidades de comercio electr\u00f3nico o de pago y algunas cookies son esenciales para garantizar que su pedido se recuerde entre p\u00e1ginas para que podamos procesarlo correctamente.<\/li>\n<\/ul>\n<ul>\n<li>Cookies de b\u00fasqueda<\/li>\n<\/ul>\n<ul>\n<li>Peri\u00f3dicamente ofrecemos encuestas y cuestionarios para proporcionar informaci\u00f3n interesante, herramientas \u00fatiles o para comprender con mayor precisi\u00f3n nuestra base de usuarios. Estas encuestas pueden utilizar cookies para recordar qui\u00e9n ha participado ya en una encuesta o para proporcionar resultados precisos despu\u00e9s de cambiar de p\u00e1gina.<\/li>\n<\/ul>\n<ul>\n<li>Cookies de formulario<\/li>\n<\/ul>\n<ul>\n<li>Cuando se env\u00edan datos a trav\u00e9s de un formulario, como los que se encuentran en las p\u00e1ginas de contacto o en los formularios de comentarios, se pueden instalar cookies para recordar los datos del usuario para futuras correspondencias.<\/li>\n<\/ul>\n<ul>\n<li>Cookies de preferencias del sitio<\/li>\n<\/ul>\n<ul>\n<li>Para proporcionarle una gran experiencia en este sitio, le ofrecemos la funcionalidad de establecer sus preferencias sobre c\u00f3mo funciona este sitio cuando lo utiliza. Para recordar sus preferencias, necesitamos instalar cookies de modo que esta informaci\u00f3n pueda ser consultada cada vez que usted interact\u00fae con una p\u00e1gina afectada por sus preferencias.<\/li>\n<\/ul>\n<h3><strong>Cookies de terceros<\/strong><\/h3>\n<p>En algunos casos especiales, tambi\u00e9n utilizamos cookies proporcionadas por terceros de confianza. La siguiente secci\u00f3n detalla qu\u00e9 cookies de terceros puede encontrar a trav\u00e9s de este sitio web.<\/p>\n<ul>\n<li>Este sitio utiliza Google Analytics, que es una de las soluciones de an\u00e1lisis m\u00e1s extendidas y fiables de la web, para ayudarnos a comprender c\u00f3mo utiliza el sitio y c\u00f3mo podemos mejorar su experiencia. Estas cookies pueden rastrear elementos como el tiempo que pasa en el sitio y las p\u00e1ginas que visita, para que podamos seguir produciendo contenidos atractivos.<\/li>\n<\/ul>\n<p>Para obtener m\u00e1s informaci\u00f3n sobre las cookies de Google Analytics, consulte la p\u00e1gina oficial de Google Analytics.<\/p>\n<ul>\n<li>Los an\u00e1lisis de terceros se utilizan para rastrear y medir el uso de este sitio, de modo que podamos seguir produciendo contenidos atractivos. Estas cookies pueden rastrear elementos como el tiempo que pasa en el sitio o las p\u00e1ginas que visita, lo que nos ayuda a entender c\u00f3mo podemos mejorar el sitio para usted.<\/li>\n<li>Peri\u00f3dicamente probamos nuevas funciones y hacemos cambios sutiles en el aspecto del sitio. Cuando a\u00fan estamos probando nuevas funciones, estas cookies pueden utilizarse para garantizar que usted reciba una experiencia coherente mientras navega por el sitio, al tiempo que comprendemos qu\u00e9 optimizaciones aprecian m\u00e1s nuestros usuarios.<\/li>\n<li>Como vendemos productos, es importante para nosotros conocer las estad\u00edsticas sobre cu\u00e1ntos visitantes de nuestro sitio compran realmente, por lo que este es el tipo de datos que rastrear\u00e1n estas cookies. Esto es importante para usted porque significa que podemos hacer previsiones comerciales precisas que nos permiten analizar nuestros costes de publicidad y productos para garantizar el mejor precio posible.<\/li>\n<\/ul>\n<h3><strong>Compromiso de los usuarios<\/strong><\/h3>\n<p>El usuario se compromete a hacer un uso adecuado de los contenidos e informaciones ofrecidos por Nombre del Cliente en el sitio web, y ello con car\u00e1cter enunciativo pero no limitativo:<\/p>\n<ul>\n<li>A) No realizar actividades ilegales o contrarias a la buena fe o al orden p\u00fablico;<\/li>\n<li>B) No difundir propaganda o contenidos de car\u00e1cter racista, xen\u00f3fobo, juegos de azar, cualquier tipo de pornograf\u00eda ilegal, apolog\u00eda del terrorismo o contra los derechos humanos;<\/li>\n<li>C) No provocar da\u00f1os en los sistemas f\u00edsicos (hardware) y l\u00f3gicos (software) de Nombre del Cliente, de sus proveedores o de terceras personas, introducir o difundir en la red virus inform\u00e1ticos o cualesquiera otros sistemas f\u00edsicos o l\u00f3gicos que sean susceptibles de provocar los da\u00f1os anteriormente mencionados.<\/li>\n<\/ul>\n<h3><strong>M\u00e1s informaci\u00f3n<\/strong><\/h3>\n<p>Esperemos que esto se haya aclarado y, como se mencion\u00f3 anteriormente, si hay algo que no est\u00e1 seguro de si necesita o no, generalmente es m\u00e1s seguro dejar las cookies habilitadas si interact\u00faa con una de las funciones que utiliza en nuestro sitio.<\/p>\n<p>Esta pol\u00edtica entrar\u00e1 en vigor a partir de <strong>Month\/2022<\/strong>.<\/p>\n\t\t\n<style>\n#text-994545350 {\n  line-height: 1.5;\n}\n<\/style>\n\t<\/div>\n\t\n","protected":false},"excerpt":{"rendered":"","protected":false},"author":1,"featured_media":0,"parent":0,"menu_order":0,"comment_status":"closed","ping_status":"closed","template":"","meta":{"footnotes":""},"class_list":["post-19531","page","type-page","status-publish","hentry"],"yoast_head":"<!-- This site is optimized with the Yoast SEO plugin v27.4 - https:\/\/yoast.com\/product\/yoast-seo-wordpress\/ -->\n<title>Pol\u00edtica de privacidad - Abix<\/title>\n<meta name=\"robots\" content=\"index, follow, max-snippet:-1, max-image-preview:large, max-video-preview:-1\" \/>\n<link rel=\"canonical\" href=\"https:\/\/abix.com.br\/politica-de-privacidade\/\" \/>\n<meta property=\"og:locale\" content=\"es_ES\" \/>\n<meta property=\"og:type\" content=\"article\" \/>\n<meta property=\"og:title\" content=\"Pol\u00edtica de privacidad - Abix\" \/>\n<meta property=\"og:url\" content=\"https:\/\/abix.com.br\/politica-de-privacidade\/\" \/>\n<meta property=\"og:site_name\" content=\"Abix\" \/>\n<meta property=\"article:modified_time\" content=\"2023-10-19T19:15:16+00:00\" \/>\n<meta name=\"twitter:card\" content=\"summary_large_image\" \/>\n<meta name=\"twitter:label1\" content=\"Tiempo de lectura\" \/>\n\t<meta name=\"twitter:data1\" content=\"7 minutos\" \/>\n<script type=\"application\/ld+json\" class=\"yoast-schema-graph\">{\"@context\":\"https:\\\/\\\/schema.org\",\"@graph\":[{\"@type\":\"WebPage\",\"@id\":\"https:\\\/\\\/abix.com.br\\\/politica-de-privacidade\\\/\",\"url\":\"https:\\\/\\\/abix.com.br\\\/politica-de-privacidade\\\/\",\"name\":\"Pol\u00edtica de privacidad - Abix\",\"isPartOf\":{\"@id\":\"https:\\\/\\\/abix.com.br\\\/#website\"},\"datePublished\":\"2022-09-29T14:32:40+00:00\",\"dateModified\":\"2023-10-19T19:15:16+00:00\",\"breadcrumb\":{\"@id\":\"https:\\\/\\\/abix.com.br\\\/politica-de-privacidade\\\/#breadcrumb\"},\"inLanguage\":\"es\",\"potentialAction\":[{\"@type\":\"ReadAction\",\"target\":[\"https:\\\/\\\/abix.com.br\\\/politica-de-privacidade\\\/\"]}]},{\"@type\":\"BreadcrumbList\",\"@id\":\"https:\\\/\\\/abix.com.br\\\/politica-de-privacidade\\\/#breadcrumb\",\"itemListElement\":[{\"@type\":\"ListItem\",\"position\":1,\"name\":\"In\u00edcio\",\"item\":\"https:\\\/\\\/abix.com.br\\\/es\\\/\"},{\"@type\":\"ListItem\",\"position\":2,\"name\":\"Pol\u00edtica de privacidad\"}]},{\"@type\":\"WebSite\",\"@id\":\"https:\\\/\\\/abix.com.br\\\/#website\",\"url\":\"https:\\\/\\\/abix.com.br\\\/\",\"name\":\"Abix\",\"description\":\"\",\"potentialAction\":[{\"@type\":\"SearchAction\",\"target\":{\"@type\":\"EntryPoint\",\"urlTemplate\":\"https:\\\/\\\/abix.com.br\\\/?s={search_term_string}\"},\"query-input\":{\"@type\":\"PropertyValueSpecification\",\"valueRequired\":true,\"valueName\":\"search_term_string\"}}],\"inLanguage\":\"es\"}]}<\/script>\n<!-- \/ Yoast SEO plugin. -->","yoast_head_json":{"title":"Pol\u00edtica de privacidad - Abix","robots":{"index":"index","follow":"follow","max-snippet":"max-snippet:-1","max-image-preview":"max-image-preview:large","max-video-preview":"max-video-preview:-1"},"canonical":"https:\/\/abix.com.br\/politica-de-privacidade\/","og_locale":"es_ES","og_type":"article","og_title":"Pol\u00edtica de privacidad - Abix","og_url":"https:\/\/abix.com.br\/politica-de-privacidade\/","og_site_name":"Abix","article_modified_time":"2023-10-19T19:15:16+00:00","twitter_card":"summary_large_image","twitter_misc":{"Tiempo de lectura":"7 minutos"},"schema":{"@context":"https:\/\/schema.org","@graph":[{"@type":"WebPage","@id":"https:\/\/abix.com.br\/politica-de-privacidade\/","url":"https:\/\/abix.com.br\/politica-de-privacidade\/","name":"Pol\u00edtica de privacidad - Abix","isPartOf":{"@id":"https:\/\/abix.com.br\/#website"},"datePublished":"2022-09-29T14:32:40+00:00","dateModified":"2023-10-19T19:15:16+00:00","breadcrumb":{"@id":"https:\/\/abix.com.br\/politica-de-privacidade\/#breadcrumb"},"inLanguage":"es","potentialAction":[{"@type":"ReadAction","target":["https:\/\/abix.com.br\/politica-de-privacidade\/"]}]},{"@type":"BreadcrumbList","@id":"https:\/\/abix.com.br\/politica-de-privacidade\/#breadcrumb","itemListElement":[{"@type":"ListItem","position":1,"name":"In\u00edcio","item":"https:\/\/abix.com.br\/es\/"},{"@type":"ListItem","position":2,"name":"Pol\u00edtica de privacidad"}]},{"@type":"WebSite","@id":"https:\/\/abix.com.br\/#website","url":"https:\/\/abix.com.br\/","name":"Abix","description":"","potentialAction":[{"@type":"SearchAction","target":{"@type":"EntryPoint","urlTemplate":"https:\/\/abix.com.br\/?s={search_term_string}"},"query-input":{"@type":"PropertyValueSpecification","valueRequired":true,"valueName":"search_term_string"}}],"inLanguage":"es"}]}},"_links":{"self":[{"href":"https:\/\/abix.com.br\/es\/wp-json\/wp\/v2\/pages\/19531","targetHints":{"allow":["GET"]}}],"collection":[{"href":"https:\/\/abix.com.br\/es\/wp-json\/wp\/v2\/pages"}],"about":[{"href":"https:\/\/abix.com.br\/es\/wp-json\/wp\/v2\/types\/page"}],"author":[{"embeddable":true,"href":"https:\/\/abix.com.br\/es\/wp-json\/wp\/v2\/users\/1"}],"replies":[{"embeddable":true,"href":"https:\/\/abix.com.br\/es\/wp-json\/wp\/v2\/comments?post=19531"}],"version-history":[{"count":3,"href":"https:\/\/abix.com.br\/es\/wp-json\/wp\/v2\/pages\/19531\/revisions"}],"predecessor-version":[{"id":19534,"href":"https:\/\/abix.com.br\/es\/wp-json\/wp\/v2\/pages\/19531\/revisions\/19534"}],"wp:attachment":[{"href":"https:\/\/abix.com.br\/es\/wp-json\/wp\/v2\/media?parent=19531"}],"curies":[{"name":"wp","href":"https:\/\/api.w.org\/{rel}","templated":true}]}}