{"id":19535,"date":"2023-10-10T16:06:49","date_gmt":"2023-10-10T19:06:49","guid":{"rendered":"https:\/\/abix.com.br\/push-to-talk-over-cellular-poc\/"},"modified":"2023-10-19T16:16:43","modified_gmt":"2023-10-19T19:16:43","slug":"push-to-talk-over-cellular-poc","status":"publish","type":"page","link":"https:\/\/abix.com.br\/es\/push-to-talk-over-cellular-poc\/","title":{"rendered":"PULSAR PARA HABLAR POR EL M\u00d3VIL (POC)"},"content":{"rendered":"\n\t<section class=\"section paginas-internas\" id=\"section_1030062704\">\n\t\t<div class=\"section-bg fill\" >\n\t\t\t\t\t\t\t\t\t\n\t\t\t\n\n\t\t<\/div>\n\n\t\t\n\n\t\t<div class=\"section-content relative\">\n\t\t\t\n<div class=\"row\"  id=\"row-1798650540\">\n\n\t<div id=\"col-50512282\" class=\"col small-12 large-12\"  >\n\t\t\t\t<div class=\"col-inner\"  >\n\t\t\t\n\t\t\t\n\t<div id=\"text-3700261818\" class=\"text\">\n\t\t\n<h2>PULSAR PARA HABLAR POR EL M\u00d3VIL (POC)<\/h2>\n\t\t\n<style>\n#text-3700261818 {\n  text-align: center;\n}\n<\/style>\n\t<\/div>\n\t\n\t\t<\/div>\n\t\t\t\t\t<\/div>\n\n\t\n<\/div>\n\t\t<\/div>\n\n\t\t\n<style>\n#section_1030062704 {\n  padding-top: 70px;\n  padding-bottom: 70px;\n}\n<\/style>\n\t<\/section>\n\t\n\n\t<section class=\"section\" id=\"section_685611008\">\n\t\t<div class=\"section-bg fill\" >\n\t\t\t<img decoding=\"async\" width=\"1920\" height=\"283\" src=\"https:\/\/abix.com.br\/wp-content\/uploads\/2020\/04\/radio-seccao-1.png\" class=\"bg attachment-original size-original\" alt=\"\" \/>\t\t\t\t\t\t\n\t\t\t\n\n\t\t<\/div>\n\n\t\t\n\n\t\t<div class=\"section-content relative\">\n\t\t\t\n<div class=\"row\"  id=\"row-554192401\">\n\n\t<div id=\"col-604207752\" class=\"col small-12 large-12\"  >\n\t\t\t\t<div class=\"col-inner\"  >\n\t\t\t\n\t\t\t\n\t<div id=\"gap-695705449\" class=\"gap-element clearfix\" style=\"display:block; height:auto;\">\n\t\t\n<style>\n#gap-695705449 {\n  padding-top: 40px;\n}\n<\/style>\n\t<\/div>\n\t\n\t<div id=\"text-1072831955\" class=\"text\">\n\t\t\n<p>Pulsar para hablar en el tel\u00e9fono m\u00f3vil; como su nombre indica, se trata de una tecnolog\u00eda emergente que combina la conocida funci\u00f3n \u00abPulsar para hablar\u00bb, utilizada habitualmente en las radios bidireccionales, con la cobertura celular 4G. Gracias al uso de 4G, los dispositivos tienen una cobertura muy amplia y pueden comunicarse con cualquier dispositivo que tenga cobertura 4G.<\/p>\n\t\t\n<style>\n#text-1072831955 {\n  color: rgb(255,255,255);\n}\n#text-1072831955 > * {\n  color: rgb(255,255,255);\n}\n<\/style>\n\t<\/div>\n\t\n\t\t<\/div>\n\t\t\t\t\t<\/div>\n\n\t\n<\/div>\n\t\t<\/div>\n\n\t\t\n<style>\n#section_685611008 {\n  padding-top: 30px;\n  padding-bottom: 30px;\n}\n<\/style>\n\t<\/section>\n\t\n\n\t<section class=\"section\" id=\"section_1378079801\">\n\t\t<div class=\"section-bg fill\" >\n\t\t\t\t\t\t\t\t\t\n\t\t\t\n\n\t\t<\/div>\n\n\t\t\n\n\t\t<div class=\"section-content relative\">\n\t\t\t\n\t<div id=\"gap-2100282277\" class=\"gap-element clearfix\" style=\"display:block; height:auto;\">\n\t\t\n<style>\n#gap-2100282277 {\n  padding-top: 40px;\n}\n<\/style>\n\t<\/div>\n\t\n<div class=\"row align-middle\"  id=\"row-1802102025\">\n\n\t<div id=\"col-1079828700\" class=\"col medium-6 small-12 large-6\"  >\n\t\t\t\t<div class=\"col-inner\"  >\n\t\t\t\n\t\t\t\n\t<div id=\"text-3382474848\" class=\"text\">\n\t\t\n<p><strong>ABIX OFRECE SISTEMAS INTUITIVOS Y F\u00c1CILES DE USAR DISE\u00d1ADOS PARA EMPRESAS QUE PUEDEN UTILIZAR REDES 4G Y WI-FI PARA TRANSMITIR VOZ POR INTERNET. PROPORCIONAMOS CHAT INSTANT\u00c1NEO, SEGUIMIENTO GPS EN DIRECTO Y NOTIFICACIONES DE ALERTA DE EMERGENCIA .  <\/strong><\/p>\n\t\t\n<style>\n#text-3382474848 {\n  color: #3365ae;\n}\n#text-3382474848 > * {\n  color: #3365ae;\n}\n<\/style>\n\t<\/div>\n\t\n<p>En el vertiginoso entorno laboral actual, la flexibilidad y la adaptabilidad son esenciales. Aunque, sin duda, sigue habiendo espacio para un sistema de radio bidireccional tradicional, especialmente en zonas donde la se\u00f1al 4G no est\u00e1 disponible o en industrias de alto riesgo, PoC ofrece una gran alternativa para muchos usuarios potenciales.<\/p>\n<p>La PdC es especialmente \u00fatil para quienes trabajan en varios sitios. Con \u00e1reas cada vez mayores de cobertura 4G y el desarrollo de nuevas tecnolog\u00edas como la 5G, la fiabilidad y el rendimiento de Push to Talk a trav\u00e9s del tel\u00e9fono m\u00f3vil no deber\u00edan sino mejorar, por lo que su viabilidad como alternativa a las radios bidireccionales ser\u00e1 apropiada para m\u00e1s usuarios comerciales.<\/p>\n\t\t<\/div>\n\t\t\t\t\t<\/div>\n\n\t\n\n\t<div id=\"col-206980482\" class=\"col medium-6 small-12 large-6\"  >\n\t\t\t\t<div class=\"col-inner\"  >\n\t\t\t\n\t\t\t\n\t<div class=\"img has-hover x md-x lg-x y md-y lg-y\" id=\"image_1443218207\">\n\t\t\t\t\t\t\t\t<div class=\"img-inner dark\" >\n\t\t\t<img decoding=\"async\" width=\"560\" height=\"358\" src=\"https:\/\/abix.com.br\/wp-content\/uploads\/2020\/10\/img-banner-1.jpg\" class=\"attachment-original size-original\" alt=\"\" srcset=\"https:\/\/abix.com.br\/wp-content\/uploads\/2020\/10\/img-banner-1.jpg 560w, https:\/\/abix.com.br\/wp-content\/uploads\/2020\/10\/img-banner-1-300x192.jpg 300w\" sizes=\"(max-width: 560px) 100vw, 560px\" \/>\t\t\t\t\t\t\n\t\t\t\t\t<\/div>\n\t\t\t\t\t\t\t\t\n<style>\n#image_1443218207 {\n  width: 100%;\n}\n<\/style>\n\t<\/div>\n\t\n\t\t<\/div>\n\t\t\t\t\t<\/div>\n\n\t\n<\/div>\n\t\t<\/div>\n\n\t\t\n<style>\n#section_1378079801 {\n  padding-top: 30px;\n  padding-bottom: 30px;\n}\n<\/style>\n\t<\/section>\n\t\n\n\t<section class=\"section\" id=\"section_1966854765\">\n\t\t<div class=\"section-bg fill\" >\n\t\t\t\t\t\t\t\t\t\n\t\t\t\n\n\t\t<\/div>\n\n\t\t\n\n\t\t<div class=\"section-content relative\">\n\t\t\t\n\t<div id=\"gap-621381303\" class=\"gap-element clearfix\" style=\"display:block; height:auto;\">\n\t\t\n<style>\n#gap-621381303 {\n  padding-top: 40px;\n}\n<\/style>\n\t<\/div>\n\t\n<div class=\"row align-middle\"  id=\"row-1656288681\">\n\n\t<div id=\"col-485914422\" class=\"col medium-6 small-12 large-6\"  >\n\t\t\t\t<div class=\"col-inner\"  >\n\t\t\t\n\t\t\t\n\t<div class=\"img has-hover x md-x lg-x y md-y lg-y\" id=\"image_1830444333\">\n\t\t\t\t\t\t\t\t<div class=\"img-inner dark\" >\n\t\t\t<img decoding=\"async\" width=\"526\" height=\"427\" src=\"https:\/\/abix.com.br\/wp-content\/uploads\/2020\/10\/img-abix-3.jpg\" class=\"attachment-original size-original\" alt=\"\" srcset=\"https:\/\/abix.com.br\/wp-content\/uploads\/2020\/10\/img-abix-3.jpg 526w, https:\/\/abix.com.br\/wp-content\/uploads\/2020\/10\/img-abix-3-300x244.jpg 300w\" sizes=\"(max-width: 526px) 100vw, 526px\" \/>\t\t\t\t\t\t\n\t\t\t\t\t<\/div>\n\t\t\t\t\t\t\t\t\n<style>\n#image_1830444333 {\n  width: 100%;\n}\n<\/style>\n\t<\/div>\n\t\n\t\t<\/div>\n\t\t\t\t\t<\/div>\n\n\t\n\n\t<div id=\"col-1272885558\" class=\"col medium-6 small-12 large-6\"  >\n\t\t\t\t<div class=\"col-inner\"  >\n\t\t\t\n\t\t\t\n<h4><strong>\u00bfC\u00d3MO FUNCIONA POC?<\/strong><\/h4>\n<p>Configurar Push to Talk a trav\u00e9s del tel\u00e9fono m\u00f3vil es un proceso muy sencillo de tres pasos.<\/p>\n<p><strong>Paso 1<\/strong> &#8211; Seleccione sus dispositivos: elija entre la amplia gama de dispositivos que ofrece Abix.<\/p>\n<p><strong>Paso 2<\/strong> &#8211; Configure la aplicaci\u00f3n con la informaci\u00f3n recibida de Abix e , que puede configurarse de diferentes maneras.<\/p>\n<p><strong>Paso 3<\/strong> &#8211; Elige tu tarjeta SIM &#8211; Compra el paquete 4G con el operador de tu elecci\u00f3n.<\/p>\n\t\t<\/div>\n\t\t\t\t\t<\/div>\n\n\t\n<\/div>\n\t\t<\/div>\n\n\t\t\n<style>\n#section_1966854765 {\n  padding-top: 30px;\n  padding-bottom: 30px;\n}\n<\/style>\n\t<\/section>\n\t\n\n\t<section class=\"section\" id=\"section_1158268182\">\n\t\t<div class=\"section-bg fill\" >\n\t\t\t<img decoding=\"async\" width=\"1920\" height=\"228\" src=\"https:\/\/abix.com.br\/wp-content\/uploads\/2020\/06\/bg-vantagens-abix-2.jpg\" class=\"bg attachment- size-\" alt=\"\" \/>\t\t\t\t\t\t\n\t\t\t\n\n\t\t<\/div>\n\n\t\t\n\n\t\t<div class=\"section-content relative\">\n\t\t\t\n\t<div id=\"gap-914474216\" class=\"gap-element clearfix\" style=\"display:block; height:auto;\">\n\t\t\n<style>\n#gap-914474216 {\n  padding-top: 40px;\n}\n<\/style>\n\t<\/div>\n\t\n<div class=\"row align-middle\"  id=\"row-48591505\">\n\n\t<div id=\"col-755206244\" class=\"col medium-8 small-12 large-8\"  >\n\t\t\t\t<div class=\"col-inner\"  >\n\t\t\t\n\t\t\t\n\t<div id=\"text-737945121\" class=\"text\">\n\t\t\n<h2><strong>\u00bfALGUNA PREGUNTA M\u00c1S? P\u00d3NGASE EN CONTACTO CON NOSOTROS Y<\/strong><br \/>ESTAREMOS ENCANTADOS DE RESPONDERLE.<\/h2>\n\t\t\n<style>\n#text-737945121 {\n  color: rgb(255, 255, 255);\n}\n#text-737945121 > * {\n  color: rgb(255, 255, 255);\n}\n<\/style>\n\t<\/div>\n\t\n\t\t<\/div>\n\t\t\t\t\t<\/div>\n\n\t\n\n\t<div id=\"col-1642385067\" class=\"col medium-4 small-12 large-4\"  >\n\t\t\t\t<div class=\"col-inner text-center\"  >\n\t\t\t\n\t\t\t\n<a href=\"https:\/\/abix.com.br\/es\/contato\/\" class=\"button primary btn-todos\"  >\n\t\t<span>PONERSE EN CONTACTO<\/span>\n\t<\/a>\n\n\t\t<\/div>\n\t\t\t\t\t<\/div>\n\n\t\n<\/div>\n\t\t<\/div>\n\n\t\t\n<style>\n#section_1158268182 {\n  padding-top: 30px;\n  padding-bottom: 30px;\n}\n<\/style>\n\t<\/section>\n\t\n\n\t<section class=\"section\" id=\"section_1694463986\">\n\t\t<div class=\"section-bg fill\" >\n\t\t\t\t\t\t\t\t\t\n\t\t\t\n\n\t\t<\/div>\n\n\t\t\n\n\t\t<div class=\"section-content relative\">\n\t\t\t\n<div class=\"row\"  id=\"row-99639802\">\n\n\t<div id=\"col-1134477676\" class=\"col small-12 large-12\"  >\n\t\t\t\t<div class=\"col-inner\"  >\n\t\t\t\n\t\t\t\n\t<div id=\"text-164667479\" class=\"text\">\n\t\t\n<h2 style=\"text-align: center;\">\u00bfCU\u00c1LES SON LAS VENTAJAS DE POC?<\/h2>\n\t\t\n<style>\n#text-164667479 {\n  text-align: center;\n  color: #3365ae;\n}\n#text-164667479 > * {\n  color: #3365ae;\n}\n<\/style>\n\t<\/div>\n\t\n\t\t<\/div>\n\t\t\t\t\t<\/div>\n\n\t\n<\/div>\n<div class=\"row\"  id=\"row-1317152422\">\n\n\t<div id=\"col-1420127430\" class=\"col medium-6 small-12 large-6\"  >\n\t\t\t\t<div class=\"col-inner\"  >\n\t\t\t\n\t\t\t\n<p>  Sin costes de infraestructura: en comparaci\u00f3n con los sistemas tradicionales de \u00e1rea extensa, que tienen unos costes de instalaci\u00f3n muy elevados.<\/p>\n<p>Seguimiento por GPS: pulse hablar en su tel\u00e9fono m\u00f3vil, lo que permite a los usuarios seguir a las personas en tiempo real con la funci\u00f3n Despacho.<\/p>\n<p>Funciones: los dispositivos POC son compatibles con una amplia variedad de funciones, como las de trabajador solitario y hombre ca\u00eddo.<\/p>\n<p>Compatible con m\u00faltiples dispositivos: la plataforma POC de Abix funciona en una amplia gama de dispositivos que suministramos. Tambi\u00e9n es compatible con dispositivos Android e iOS y podemos ofrecerte un paquete de solo licencia si quieres utilizar tu propio dispositivo.<\/p>\n\t\t<\/div>\n\t\t\t\t\t<\/div>\n\n\t\n\n\t<div id=\"col-1277298377\" class=\"col medium-6 small-12 large-6\"  >\n\t\t\t\t<div class=\"col-inner\"  >\n\t\t\t\n\t\t\t\n<p>Contratos vers\u00e1tiles: puede gestionar f\u00e1cilmente los datos sin tener que firmar largos contratos.<\/p>\n<p>Pagos flexibles: los dispositivos se pueden alquilar y los paquetes se pueden personalizar para adaptarlos a sus necesidades.<\/p>\n<p>Asistencia t\u00e9cnica especializada<\/p>\n<p>Sin necesidad de grandes inversiones para necesidades temporales<\/p>\n\t\t<\/div>\n\t\t\t\t\t<\/div>\n\n\t\n<\/div>\n\t\t<\/div>\n\n\t\t\n<style>\n#section_1694463986 {\n  padding-top: 30px;\n  padding-bottom: 30px;\n}\n<\/style>\n\t<\/section>\n\t\n","protected":false},"excerpt":{"rendered":"","protected":false},"author":1,"featured_media":0,"parent":0,"menu_order":0,"comment_status":"closed","ping_status":"closed","template":"page-blank.php","meta":{"footnotes":""},"class_list":["post-19535","page","type-page","status-publish","hentry"],"yoast_head":"<!-- This site is optimized with the Yoast SEO plugin v27.4 - https:\/\/yoast.com\/product\/yoast-seo-wordpress\/ -->\n<title>PULSAR PARA HABLAR POR EL M\u00d3VIL (POC) - Abix<\/title>\n<meta name=\"robots\" content=\"index, follow, max-snippet:-1, max-image-preview:large, max-video-preview:-1\" \/>\n<link rel=\"canonical\" href=\"https:\/\/abix.com.br\/push-to-talk-over-cellular-poc\/\" \/>\n<meta property=\"og:locale\" content=\"es_ES\" \/>\n<meta property=\"og:type\" content=\"article\" \/>\n<meta property=\"og:title\" content=\"PULSAR PARA HABLAR POR EL M\u00d3VIL (POC) - Abix\" \/>\n<meta property=\"og:url\" content=\"https:\/\/abix.com.br\/push-to-talk-over-cellular-poc\/\" \/>\n<meta property=\"og:site_name\" content=\"Abix\" \/>\n<meta property=\"article:modified_time\" content=\"2023-10-19T19:16:43+00:00\" \/>\n<meta name=\"twitter:card\" content=\"summary_large_image\" \/>\n<meta name=\"twitter:label1\" content=\"Tiempo de lectura\" \/>\n\t<meta name=\"twitter:data1\" content=\"3 minutos\" \/>\n<script type=\"application\/ld+json\" class=\"yoast-schema-graph\">{\"@context\":\"https:\\\/\\\/schema.org\",\"@graph\":[{\"@type\":\"WebPage\",\"@id\":\"https:\\\/\\\/abix.com.br\\\/push-to-talk-over-cellular-poc\\\/\",\"url\":\"https:\\\/\\\/abix.com.br\\\/push-to-talk-over-cellular-poc\\\/\",\"name\":\"PULSAR PARA HABLAR POR EL M\u00d3VIL (POC) - Abix\",\"isPartOf\":{\"@id\":\"https:\\\/\\\/abix.com.br\\\/#website\"},\"datePublished\":\"2023-10-10T19:06:49+00:00\",\"dateModified\":\"2023-10-19T19:16:43+00:00\",\"breadcrumb\":{\"@id\":\"https:\\\/\\\/abix.com.br\\\/push-to-talk-over-cellular-poc\\\/#breadcrumb\"},\"inLanguage\":\"es\",\"potentialAction\":[{\"@type\":\"ReadAction\",\"target\":[\"https:\\\/\\\/abix.com.br\\\/push-to-talk-over-cellular-poc\\\/\"]}]},{\"@type\":\"BreadcrumbList\",\"@id\":\"https:\\\/\\\/abix.com.br\\\/push-to-talk-over-cellular-poc\\\/#breadcrumb\",\"itemListElement\":[{\"@type\":\"ListItem\",\"position\":1,\"name\":\"In\u00edcio\",\"item\":\"https:\\\/\\\/abix.com.br\\\/es\\\/\"},{\"@type\":\"ListItem\",\"position\":2,\"name\":\"PULSAR PARA HABLAR POR EL M\u00d3VIL (POC)\"}]},{\"@type\":\"WebSite\",\"@id\":\"https:\\\/\\\/abix.com.br\\\/#website\",\"url\":\"https:\\\/\\\/abix.com.br\\\/\",\"name\":\"Abix\",\"description\":\"\",\"potentialAction\":[{\"@type\":\"SearchAction\",\"target\":{\"@type\":\"EntryPoint\",\"urlTemplate\":\"https:\\\/\\\/abix.com.br\\\/?s={search_term_string}\"},\"query-input\":{\"@type\":\"PropertyValueSpecification\",\"valueRequired\":true,\"valueName\":\"search_term_string\"}}],\"inLanguage\":\"es\"}]}<\/script>\n<!-- \/ Yoast SEO plugin. -->","yoast_head_json":{"title":"PULSAR PARA HABLAR POR EL M\u00d3VIL (POC) - Abix","robots":{"index":"index","follow":"follow","max-snippet":"max-snippet:-1","max-image-preview":"max-image-preview:large","max-video-preview":"max-video-preview:-1"},"canonical":"https:\/\/abix.com.br\/push-to-talk-over-cellular-poc\/","og_locale":"es_ES","og_type":"article","og_title":"PULSAR PARA HABLAR POR EL M\u00d3VIL (POC) - Abix","og_url":"https:\/\/abix.com.br\/push-to-talk-over-cellular-poc\/","og_site_name":"Abix","article_modified_time":"2023-10-19T19:16:43+00:00","twitter_card":"summary_large_image","twitter_misc":{"Tiempo de lectura":"3 minutos"},"schema":{"@context":"https:\/\/schema.org","@graph":[{"@type":"WebPage","@id":"https:\/\/abix.com.br\/push-to-talk-over-cellular-poc\/","url":"https:\/\/abix.com.br\/push-to-talk-over-cellular-poc\/","name":"PULSAR PARA HABLAR POR EL M\u00d3VIL (POC) - Abix","isPartOf":{"@id":"https:\/\/abix.com.br\/#website"},"datePublished":"2023-10-10T19:06:49+00:00","dateModified":"2023-10-19T19:16:43+00:00","breadcrumb":{"@id":"https:\/\/abix.com.br\/push-to-talk-over-cellular-poc\/#breadcrumb"},"inLanguage":"es","potentialAction":[{"@type":"ReadAction","target":["https:\/\/abix.com.br\/push-to-talk-over-cellular-poc\/"]}]},{"@type":"BreadcrumbList","@id":"https:\/\/abix.com.br\/push-to-talk-over-cellular-poc\/#breadcrumb","itemListElement":[{"@type":"ListItem","position":1,"name":"In\u00edcio","item":"https:\/\/abix.com.br\/es\/"},{"@type":"ListItem","position":2,"name":"PULSAR PARA HABLAR POR EL M\u00d3VIL (POC)"}]},{"@type":"WebSite","@id":"https:\/\/abix.com.br\/#website","url":"https:\/\/abix.com.br\/","name":"Abix","description":"","potentialAction":[{"@type":"SearchAction","target":{"@type":"EntryPoint","urlTemplate":"https:\/\/abix.com.br\/?s={search_term_string}"},"query-input":{"@type":"PropertyValueSpecification","valueRequired":true,"valueName":"search_term_string"}}],"inLanguage":"es"}]}},"_links":{"self":[{"href":"https:\/\/abix.com.br\/es\/wp-json\/wp\/v2\/pages\/19535","targetHints":{"allow":["GET"]}}],"collection":[{"href":"https:\/\/abix.com.br\/es\/wp-json\/wp\/v2\/pages"}],"about":[{"href":"https:\/\/abix.com.br\/es\/wp-json\/wp\/v2\/types\/page"}],"author":[{"embeddable":true,"href":"https:\/\/abix.com.br\/es\/wp-json\/wp\/v2\/users\/1"}],"replies":[{"embeddable":true,"href":"https:\/\/abix.com.br\/es\/wp-json\/wp\/v2\/comments?post=19535"}],"version-history":[{"count":7,"href":"https:\/\/abix.com.br\/es\/wp-json\/wp\/v2\/pages\/19535\/revisions"}],"predecessor-version":[{"id":19542,"href":"https:\/\/abix.com.br\/es\/wp-json\/wp\/v2\/pages\/19535\/revisions\/19542"}],"wp:attachment":[{"href":"https:\/\/abix.com.br\/es\/wp-json\/wp\/v2\/media?parent=19535"}],"curies":[{"name":"wp","href":"https:\/\/api.w.org\/{rel}","templated":true}]}}