{"id":19544,"date":"2020-06-29T09:02:52","date_gmt":"2020-06-29T12:02:52","guid":{"rendered":"https:\/\/abix.com.br\/suporte\/"},"modified":"2024-03-25T14:22:17","modified_gmt":"2024-03-25T17:22:17","slug":"suporte","status":"publish","type":"page","link":"https:\/\/abix.com.br\/es\/suporte\/","title":{"rendered":"Ayuda"},"content":{"rendered":"\n\t<section class=\"section paginas-internas\" id=\"section_2044525027\">\n\t\t<div class=\"section-bg fill\" >\n\t\t\t\t\t\t\t\t\t\n\t\t\t\n\n\t\t<\/div>\n\n\t\t\n\n\t\t<div class=\"section-content relative\">\n\t\t\t\n<div class=\"row\"  id=\"row-1189059384\">\n\n\t<div id=\"col-597640109\" class=\"col small-12 large-12\"  >\n\t\t\t\t<div class=\"col-inner\"  >\n\t\t\t\n\t\t\t\n<h2 style=\"text-align: center;\">APOYO<\/h2>\n\t\t<\/div>\n\t\t\t\t\t<\/div>\n\n\t\n<\/div>\n\t\t<\/div>\n\n\t\t\n<style>\n#section_2044525027 {\n  padding-top: 70px;\n  padding-bottom: 70px;\n}\n<\/style>\n\t<\/section>\n\t\n\n\t<section class=\"section\" id=\"section_664563072\">\n\t\t<div class=\"section-bg fill\" >\n\t\t\t\t\t\t\t\t\t\n\t\t\t\n\t<div class=\"is-border\"\n\t\tstyle=\"border-width:0px 0px 0px 0px;\">\n\t<\/div>\n\n\t\t<\/div>\n\n\t\t\n\n\t\t<div class=\"section-content relative\">\n\t\t\t\n<div class=\"row align-middle border_suporte\"  id=\"row-506320818\">\n\n\t<div id=\"col-1832574542\" class=\"col medium-4 small-12 large-4\"  >\n\t\t\t\t<div class=\"col-inner\"  >\n\t\t\t\n\t\t\t\n\t<div class=\"img has-hover x md-x lg-x y md-y lg-y\" id=\"image_1726618718\">\n\t\t\t\t\t\t\t\t<div class=\"img-inner dark\" >\n\t\t\t<img decoding=\"async\" width=\"368\" height=\"154\" src=\"https:\/\/abix.com.br\/wp-content\/uploads\/2020\/08\/Design-sem-nome-62.png\" class=\"attachment-original size-original\" alt=\"\" srcset=\"https:\/\/abix.com.br\/wp-content\/uploads\/2020\/08\/Design-sem-nome-62.png 368w, https:\/\/abix.com.br\/wp-content\/uploads\/2020\/08\/Design-sem-nome-62-300x126.png 300w\" sizes=\"(max-width: 368px) 100vw, 368px\" \/>\t\t\t\t\t\t\n\t\t\t\t\t<\/div>\n\t\t\t\t\t\t\t\t\n<style>\n#image_1726618718 {\n  width: 100%;\n}\n<\/style>\n\t<\/div>\n\t\n\t\t<\/div>\n\t\t\t\t\t<\/div>\n\n\t\n\n\t<div id=\"col-2079531079\" class=\"col medium-1 small-12 large-1\"  >\n\t\t\t\t<div class=\"col-inner\"  >\n\t\t\t\n\t\t\t\n\t\t<\/div>\n\t\t\t\t\t<\/div>\n\n\t\n\n\t<div id=\"col-1074054029\" class=\"col medium-7 small-12 large-7\"  >\n\t\t\t\t<div class=\"col-inner\"  >\n\t\t\t\n\t<div class=\"is-border\"\n\t\tstyle=\"border-width:0px 0px 0px 0px;\">\n\t<\/div>\n\t\t\t\n<h2>Comercial<\/h2>\n<p>El compromiso de Abix con sus clientes va mucho m\u00e1s all\u00e1 del suministro de equipos de comunicaciones de datos y voz y sistemas de CCTV.<\/p>\n<p>Nuestros asesores le ayudar\u00e1n a elegir la soluci\u00f3n que mejor se adapte a sus operaciones.<\/p>\n<a href=\"https:\/\/abix.com.br\/es\/contato\/\" class=\"button primary is-outline\"  >\n\t\t<span>P\u00f3ngase en contacto con los expertos de Abix<\/span>\n\t<\/a>\n\n\t\t<\/div>\n\t\t\t\t\n<style>\n#col-1074054029 > .col-inner {\n  margin: 0px 0px 0px 0px;\n}\n@media (min-width:550px) {\n  #col-1074054029 > .col-inner {\n    margin: 0px 0px 0px 0px;\n  }\n}\n<\/style>\n\t<\/div>\n\n\t\n\n<style>\n#row-506320818 > .col > .col-inner {\n  padding: 0px 0px 0px 0px;\n}\n<\/style>\n<\/div>\n\t\t<\/div>\n\n\t\t\n<style>\n#section_664563072 {\n  padding-top: 30px;\n  padding-bottom: 30px;\n}\n<\/style>\n\t<\/section>\n\t\n\n\t<section class=\"section\" id=\"section_401645157\">\n\t\t<div class=\"section-bg fill\" >\n\t\t\t\t\t\t\t\t\t\n\t\t\t\n\t<div class=\"is-border\"\n\t\tstyle=\"border-width:0px 0px 0px 0px;\">\n\t<\/div>\n\n\t\t<\/div>\n\n\t\t\n\n\t\t<div class=\"section-content relative\">\n\t\t\t\n<div class=\"row align-middle border_suporte\"  id=\"row-1102841765\">\n\n\t<div id=\"col-2033201753\" class=\"col medium-4 small-12 large-4\"  >\n\t\t\t\t<div class=\"col-inner text-center\"  >\n\t\t\t\n\t\t\t\n\t<div class=\"img has-hover x md-x lg-x y md-y lg-y\" id=\"image_1716388935\">\n\t\t\t\t\t\t\t\t<div class=\"img-inner dark\" >\n\t\t\t<img decoding=\"async\" width=\"365\" height=\"155\" src=\"https:\/\/abix.com.br\/wp-content\/uploads\/2020\/12\/img-suporte.png\" class=\"attachment-original size-original\" alt=\"\" srcset=\"https:\/\/abix.com.br\/wp-content\/uploads\/2020\/12\/img-suporte.png 365w, https:\/\/abix.com.br\/wp-content\/uploads\/2020\/12\/img-suporte-300x127.png 300w\" sizes=\"(max-width: 365px) 100vw, 365px\" \/>\t\t\t\t\t\t\n\t\t\t\t\t<\/div>\n\t\t\t\t\t\t\t\t\n<style>\n#image_1716388935 {\n  width: 100%;\n}\n<\/style>\n\t<\/div>\n\t\n\t\t<\/div>\n\t\t\t\t\t<\/div>\n\n\t\n\n\t<div id=\"col-306454110\" class=\"col medium-1 small-12 large-1\"  >\n\t\t\t\t<div class=\"col-inner\"  >\n\t\t\t\n\t\t\t\n\t\t<\/div>\n\t\t\t\t\t<\/div>\n\n\t\n\n\t<div id=\"col-1854895705\" class=\"col medium-7 small-12 large-7\"  >\n\t\t\t\t<div class=\"col-inner\"  >\n\t\t\t\n\t<div class=\"is-border\"\n\t\tstyle=\"border-width:0px 0px 0px 0px;\">\n\t<\/div>\n\t\t\t\n<h2>Ayuda<\/h2>\n<p>El objetivo de Abix es ofrecer a los clientes una asistencia centralizada que garantice una comunicaci\u00f3n m\u00e1s r\u00e1pida y eficaz entre nosotros y nuestros clientes.<\/p>\n<a href=\"https:\/\/atendimento.abix.com.br\/Account\/Login?ReturnUrl=%2f\" class=\"button primary is-outline\"  >\n\t\t<span>Acceda a nuestro portal de atenci\u00f3n al cliente<\/span>\n\t<\/a>\n\n\t\t<\/div>\n\t\t\t\t\n<style>\n#col-1854895705 > .col-inner {\n  margin: 0px 0px 0px 0px;\n}\n@media (min-width:550px) {\n  #col-1854895705 > .col-inner {\n    margin: 0px 0px 0px 0px;\n  }\n}\n<\/style>\n\t<\/div>\n\n\t\n\n<style>\n#row-1102841765 > .col > .col-inner {\n  padding: 0px 0px 0px 0px;\n}\n<\/style>\n<\/div>\n\t\t<\/div>\n\n\t\t\n<style>\n#section_401645157 {\n  padding-top: 30px;\n  padding-bottom: 30px;\n}\n<\/style>\n\t<\/section>\n\t\n\n\t<section class=\"section\" id=\"section_457791537\">\n\t\t<div class=\"section-bg fill\" >\n\t\t\t\t\t\t\t\t\t\n\t\t\t\n\t<div class=\"is-border\"\n\t\tstyle=\"border-width:0px 0px 0px 0px;\">\n\t<\/div>\n\n\t\t<\/div>\n\n\t\t\n\n\t\t<div class=\"section-content relative\">\n\t\t\t\n<div class=\"row align-middle align-center border_suporte\"  id=\"row-449688605\">\n\n\t<div id=\"col-2054003576\" class=\"col medium-4 small-12 large-4\"  >\n\t\t\t\t<div class=\"col-inner\"  >\n\t\t\t\n\t\t\t\n\t<div class=\"img has-hover x md-x lg-x y md-y lg-y\" id=\"image_560506167\">\n\t\t\t\t\t\t\t\t<div class=\"img-inner dark\" >\n\t\t\t<img decoding=\"async\" width=\"363\" height=\"167\" src=\"https:\/\/abix.com.br\/wp-content\/uploads\/2020\/12\/img-projetos.png\" class=\"attachment-original size-original\" alt=\"\" srcset=\"https:\/\/abix.com.br\/wp-content\/uploads\/2020\/12\/img-projetos.png 363w, https:\/\/abix.com.br\/wp-content\/uploads\/2020\/12\/img-projetos-300x138.png 300w\" sizes=\"(max-width: 363px) 100vw, 363px\" \/>\t\t\t\t\t\t\n\t\t\t\t\t<\/div>\n\t\t\t\t\t\t\t\t\n<style>\n#image_560506167 {\n  width: 100%;\n}\n<\/style>\n\t<\/div>\n\t\n\t\t<\/div>\n\t\t\t\t\t<\/div>\n\n\t\n\n\t<div id=\"col-649512427\" class=\"col medium-1 small-12 large-1\"  >\n\t\t\t\t<div class=\"col-inner\"  >\n\t\t\t\n\t\t\t\n\t\t<\/div>\n\t\t\t\t\t<\/div>\n\n\t\n\n\t<div id=\"col-46935406\" class=\"col medium-7 small-12 large-7\"  >\n\t\t\t\t<div class=\"col-inner\"  >\n\t\t\t\n\t<div class=\"is-border\"\n\t\tstyle=\"border-width:0px 0px 0px 0px;\">\n\t<\/div>\n\t\t\t\n<h2>Proyectos<\/h2>\n<p>Abix tiene su sistema de gesti\u00f3n de calidad certificado por las normas ISO9001, ISO14001 y OSHAS18001 de INMETRO para servicios de alquiler, instalaci\u00f3n, mantenimiento y dise\u00f1o de sistemas de radiocomunicaci\u00f3n de datos y voz y sistemas de CCTV.<\/p>\n<p>Nuestro equipo de campo puede proporcionar estudio de cobertura de RF, instalaci\u00f3n, configuraci\u00f3n y asistencia in situ para pruebas de aceptaci\u00f3n.<\/p>\n<a href=\"https:\/\/abix.com.br\/es\/contato\/\" class=\"button primary is-outline\"  >\n\t\t<span>Contacte con nuestro servicio t\u00e9cnico<\/span>\n\t<\/a>\n\n\t\t<\/div>\n\t\t\t\t\n<style>\n#col-46935406 > .col-inner {\n  padding: 0px 0px 0px 0px;\n  margin: 0px 0px 0px 0px;\n}\n@media (min-width:550px) {\n  #col-46935406 > .col-inner {\n    margin: 0px 0px 0px 0px;\n  }\n}\n<\/style>\n\t<\/div>\n\n\t\n\n<style>\n#row-449688605 > .col > .col-inner {\n  padding: 0px 0px 0px 0px;\n}\n<\/style>\n<\/div>\n\t\t<\/div>\n\n\t\t\n<style>\n#section_457791537 {\n  padding-top: 30px;\n  padding-bottom: 30px;\n}\n<\/style>\n\t<\/section>\n\t\n\n\t<section class=\"section\" id=\"section_1499012864\">\n\t\t<div class=\"section-bg fill\" >\n\t\t\t\t\t\t\t\t\t\n\t\t\t\n\t<div class=\"is-border\"\n\t\tstyle=\"border-width:0px 0px 0px 0px;\">\n\t<\/div>\n\n\t\t<\/div>\n\n\t\t\n\n\t\t<div class=\"section-content relative\">\n\t\t\t\n<div class=\"row align-middle border_suporte\"  id=\"row-1901945234\">\n\n\t<div id=\"col-1447262426\" class=\"col medium-4 small-12 large-4\"  >\n\t\t\t\t<div class=\"col-inner text-center\"  >\n\t\t\t\n\t\t\t\n\t<div class=\"img has-hover x md-x lg-x y md-y lg-y\" id=\"image_1006536845\">\n\t\t\t\t\t\t\t\t<div class=\"img-inner dark\" >\n\t\t\t<img decoding=\"async\" width=\"1461\" height=\"646\" src=\"https:\/\/abix.com.br\/wp-content\/uploads\/2021\/03\/suporte_ouvidoria-1.webp\" class=\"attachment-original size-original\" alt=\"\" srcset=\"https:\/\/abix.com.br\/wp-content\/uploads\/2021\/03\/suporte_ouvidoria-1.webp 1461w, https:\/\/abix.com.br\/wp-content\/uploads\/2021\/03\/suporte_ouvidoria-1-600x265.webp 600w, https:\/\/abix.com.br\/wp-content\/uploads\/2021\/03\/suporte_ouvidoria-1-300x133.webp 300w, https:\/\/abix.com.br\/wp-content\/uploads\/2021\/03\/suporte_ouvidoria-1-1024x453.webp 1024w, https:\/\/abix.com.br\/wp-content\/uploads\/2021\/03\/suporte_ouvidoria-1-768x340.webp 768w\" sizes=\"(max-width: 1461px) 100vw, 1461px\" \/>\t\t\t\t\t\t\n\t\t\t\t\t<\/div>\n\t\t\t\t\t\t\t\t\n<style>\n#image_1006536845 {\n  width: 100%;\n}\n<\/style>\n\t<\/div>\n\t\n\t\t<\/div>\n\t\t\t\t\t<\/div>\n\n\t\n\n\t<div id=\"col-1301446097\" class=\"col medium-1 small-12 large-1\"  >\n\t\t\t\t<div class=\"col-inner\"  >\n\t\t\t\n\t\t\t\n\t\t<\/div>\n\t\t\t\t\t<\/div>\n\n\t\n\n\t<div id=\"col-859127034\" class=\"col medium-7 small-12 large-7\"  >\n\t\t\t\t<div class=\"col-inner\"  >\n\t\t\t\n\t<div class=\"is-border\"\n\t\tstyle=\"border-width:0px 0px 0px 0px;\">\n\t<\/div>\n\t\t\t\n<h2>Defensor del Pueblo<\/h2>\n<p>Queremos saber lo que piensa para poder mejorar siempre nuestros procesos, productos y servicios. Por ello, si tiene alguna sugerencia, cr\u00edtica o felicitaci\u00f3n sobre la prestaci\u00f3n de nuestros servicios o alguna queja que no haya sido resuelta por los dem\u00e1s canales de relaci\u00f3n, p\u00f3ngase en contacto con nuestro Defensor del Pueblo.<\/p>\n<p>S\u00f3lo tiene que enviar un correo electr\u00f3nico a: ouvidoria@abix.com.br<\/p>\n\t\t<\/div>\n\t\t\t\t\n<style>\n#col-859127034 > .col-inner {\n  margin: 0px 0px 0px 0px;\n}\n@media (min-width:550px) {\n  #col-859127034 > .col-inner {\n    margin: 0px 0px 0px 0px;\n  }\n}\n<\/style>\n\t<\/div>\n\n\t\n\n<style>\n#row-1901945234 > .col > .col-inner {\n  padding: 0px 0px 0px 0px;\n}\n<\/style>\n<\/div>\n\t\t<\/div>\n\n\t\t\n<style>\n#section_1499012864 {\n  padding-top: 30px;\n  padding-bottom: 30px;\n}\n<\/style>\n\t<\/section>\n\t\n\n\t<section class=\"section dark\" id=\"section_24365758\">\n\t\t<div class=\"section-bg fill\" >\n\t\t\t\t\t\t\t\t\t<div class=\"section-bg-overlay absolute fill\"><\/div>\n\t\t\t\n\n\t\t<\/div>\n\n\t\t\n\n\t\t<div class=\"section-content relative\">\n\t\t\t\n<div class=\"row align-middle align-center\"  id=\"row-1988696095\">\n\n\t<div id=\"col-1352977423\" class=\"col small-12 large-12\"  >\n\t\t\t\t<div class=\"col-inner text-center\"  >\n\t\t\t\n\t\t\t\n\t<div id=\"text-2825071659\" class=\"text\">\n\t\t\n<h2 style=\"text-align: center;\">Descargar<\/h2>\n<p style=\"text-align: center;\">En esta p\u00e1gina encontrar\u00e1 contenido t\u00e9cnico donde podr\u00e1 descargar de forma r\u00e1pida y sencilla<\/br> manuales, fichas t\u00e9cnicas, folletos y cat\u00e1logos de los productos Abix.<\/p>\n\t\t\n<style>\n#text-2825071659 {\n  text-align: center;\n}\n<\/style>\n\t<\/div>\n\t\n<a href=\"https:\/\/abix.com.br\/es\/downloads\/\" class=\"button primary botao_branco\"  >\n\t\t<span>Pulse aqu\u00ed para acceder a la p\u00e1gina de descarga<\/span>\n\t<\/a>\n\n\t\t<\/div>\n\t\t\t\t\t<\/div>\n\n\t\n<\/div>\n\t\t<\/div>\n\n\t\t\n<style>\n#section_24365758 {\n  padding-top: 30px;\n  padding-bottom: 30px;\n  background-color: rgb(40, 40, 40);\n}\n#section_24365758 .section-bg-overlay {\n  background-color: #3365ae;\n}\n<\/style>\n\t<\/section>\n\t\n","protected":false},"excerpt":{"rendered":"","protected":false},"author":1,"featured_media":0,"parent":0,"menu_order":0,"comment_status":"closed","ping_status":"closed","template":"page-blank.php","meta":{"footnotes":""},"class_list":["post-19544","page","type-page","status-publish","hentry"],"yoast_head":"<!-- This site is optimized with the Yoast SEO plugin v27.3 - https:\/\/yoast.com\/product\/yoast-seo-wordpress\/ -->\n<title>Soporte para sistemas de radiocomunicaci\u00f3n - Abix<\/title>\n<meta name=\"description\" content=\"El objetivo de Abix es ofrecer a los clientes una asistencia centralizada que garantice una comunicaci\u00f3n m\u00e1s r\u00e1pida y eficaz. Compru\u00e9balo.\" \/>\n<meta name=\"robots\" content=\"index, follow, max-snippet:-1, max-image-preview:large, max-video-preview:-1\" \/>\n<link rel=\"canonical\" href=\"https:\/\/abix.com.br\/suporte\/\" \/>\n<meta property=\"og:locale\" content=\"es_ES\" \/>\n<meta property=\"og:type\" content=\"article\" \/>\n<meta property=\"og:title\" content=\"Soporte para sistemas de radiocomunicaci\u00f3n - Abix\" \/>\n<meta property=\"og:description\" content=\"El objetivo de Abix es ofrecer a los clientes una asistencia centralizada que garantice una comunicaci\u00f3n m\u00e1s r\u00e1pida y eficaz. Compru\u00e9balo.\" \/>\n<meta property=\"og:url\" content=\"https:\/\/abix.com.br\/suporte\/\" \/>\n<meta property=\"og:site_name\" content=\"Abix\" \/>\n<meta property=\"article:modified_time\" content=\"2024-03-25T17:22:17+00:00\" \/>\n<meta name=\"twitter:card\" content=\"summary_large_image\" \/>\n<meta name=\"twitter:label1\" content=\"Tiempo de lectura\" \/>\n\t<meta name=\"twitter:data1\" content=\"3 minutos\" \/>\n<script type=\"application\/ld+json\" class=\"yoast-schema-graph\">{\"@context\":\"https:\\\/\\\/schema.org\",\"@graph\":[{\"@type\":\"WebPage\",\"@id\":\"https:\\\/\\\/abix.com.br\\\/suporte\\\/\",\"url\":\"https:\\\/\\\/abix.com.br\\\/suporte\\\/\",\"name\":\"Soporte para sistemas de radiocomunicaci\u00f3n - Abix\",\"isPartOf\":{\"@id\":\"https:\\\/\\\/abix.com.br\\\/#website\"},\"datePublished\":\"2020-06-29T12:02:52+00:00\",\"dateModified\":\"2024-03-25T17:22:17+00:00\",\"description\":\"El objetivo de Abix es ofrecer a los clientes una asistencia centralizada que garantice una comunicaci\u00f3n m\u00e1s r\u00e1pida y eficaz. Compru\u00e9balo.\",\"breadcrumb\":{\"@id\":\"https:\\\/\\\/abix.com.br\\\/suporte\\\/#breadcrumb\"},\"inLanguage\":\"es\",\"potentialAction\":[{\"@type\":\"ReadAction\",\"target\":[\"https:\\\/\\\/abix.com.br\\\/suporte\\\/\"]}]},{\"@type\":\"BreadcrumbList\",\"@id\":\"https:\\\/\\\/abix.com.br\\\/suporte\\\/#breadcrumb\",\"itemListElement\":[{\"@type\":\"ListItem\",\"position\":1,\"name\":\"In\u00edcio\",\"item\":\"https:\\\/\\\/abix.com.br\\\/es\\\/\"},{\"@type\":\"ListItem\",\"position\":2,\"name\":\"Ayuda\"}]},{\"@type\":\"WebSite\",\"@id\":\"https:\\\/\\\/abix.com.br\\\/#website\",\"url\":\"https:\\\/\\\/abix.com.br\\\/\",\"name\":\"Abix\",\"description\":\"\",\"potentialAction\":[{\"@type\":\"SearchAction\",\"target\":{\"@type\":\"EntryPoint\",\"urlTemplate\":\"https:\\\/\\\/abix.com.br\\\/?s={search_term_string}\"},\"query-input\":{\"@type\":\"PropertyValueSpecification\",\"valueRequired\":true,\"valueName\":\"search_term_string\"}}],\"inLanguage\":\"es\"}]}<\/script>\n<!-- \/ Yoast SEO plugin. -->","yoast_head_json":{"title":"Soporte para sistemas de radiocomunicaci\u00f3n - Abix","description":"El objetivo de Abix es ofrecer a los clientes una asistencia centralizada que garantice una comunicaci\u00f3n m\u00e1s r\u00e1pida y eficaz. Compru\u00e9balo.","robots":{"index":"index","follow":"follow","max-snippet":"max-snippet:-1","max-image-preview":"max-image-preview:large","max-video-preview":"max-video-preview:-1"},"canonical":"https:\/\/abix.com.br\/suporte\/","og_locale":"es_ES","og_type":"article","og_title":"Soporte para sistemas de radiocomunicaci\u00f3n - Abix","og_description":"El objetivo de Abix es ofrecer a los clientes una asistencia centralizada que garantice una comunicaci\u00f3n m\u00e1s r\u00e1pida y eficaz. Compru\u00e9balo.","og_url":"https:\/\/abix.com.br\/suporte\/","og_site_name":"Abix","article_modified_time":"2024-03-25T17:22:17+00:00","twitter_card":"summary_large_image","twitter_misc":{"Tiempo de lectura":"3 minutos"},"schema":{"@context":"https:\/\/schema.org","@graph":[{"@type":"WebPage","@id":"https:\/\/abix.com.br\/suporte\/","url":"https:\/\/abix.com.br\/suporte\/","name":"Soporte para sistemas de radiocomunicaci\u00f3n - Abix","isPartOf":{"@id":"https:\/\/abix.com.br\/#website"},"datePublished":"2020-06-29T12:02:52+00:00","dateModified":"2024-03-25T17:22:17+00:00","description":"El objetivo de Abix es ofrecer a los clientes una asistencia centralizada que garantice una comunicaci\u00f3n m\u00e1s r\u00e1pida y eficaz. Compru\u00e9balo.","breadcrumb":{"@id":"https:\/\/abix.com.br\/suporte\/#breadcrumb"},"inLanguage":"es","potentialAction":[{"@type":"ReadAction","target":["https:\/\/abix.com.br\/suporte\/"]}]},{"@type":"BreadcrumbList","@id":"https:\/\/abix.com.br\/suporte\/#breadcrumb","itemListElement":[{"@type":"ListItem","position":1,"name":"In\u00edcio","item":"https:\/\/abix.com.br\/es\/"},{"@type":"ListItem","position":2,"name":"Ayuda"}]},{"@type":"WebSite","@id":"https:\/\/abix.com.br\/#website","url":"https:\/\/abix.com.br\/","name":"Abix","description":"","potentialAction":[{"@type":"SearchAction","target":{"@type":"EntryPoint","urlTemplate":"https:\/\/abix.com.br\/?s={search_term_string}"},"query-input":{"@type":"PropertyValueSpecification","valueRequired":true,"valueName":"search_term_string"}}],"inLanguage":"es"}]}},"_links":{"self":[{"href":"https:\/\/abix.com.br\/es\/wp-json\/wp\/v2\/pages\/19544","targetHints":{"allow":["GET"]}}],"collection":[{"href":"https:\/\/abix.com.br\/es\/wp-json\/wp\/v2\/pages"}],"about":[{"href":"https:\/\/abix.com.br\/es\/wp-json\/wp\/v2\/types\/page"}],"author":[{"embeddable":true,"href":"https:\/\/abix.com.br\/es\/wp-json\/wp\/v2\/users\/1"}],"replies":[{"embeddable":true,"href":"https:\/\/abix.com.br\/es\/wp-json\/wp\/v2\/comments?post=19544"}],"version-history":[{"count":6,"href":"https:\/\/abix.com.br\/es\/wp-json\/wp\/v2\/pages\/19544\/revisions"}],"predecessor-version":[{"id":20148,"href":"https:\/\/abix.com.br\/es\/wp-json\/wp\/v2\/pages\/19544\/revisions\/20148"}],"wp:attachment":[{"href":"https:\/\/abix.com.br\/es\/wp-json\/wp\/v2\/media?parent=19544"}],"curies":[{"name":"wp","href":"https:\/\/api.w.org\/{rel}","templated":true}]}}