{"id":21897,"date":"2025-08-22T14:37:00","date_gmt":"2025-08-22T17:37:00","guid":{"rendered":"https:\/\/abix.com.br\/?page_id=21897"},"modified":"2025-11-12T12:45:38","modified_gmt":"2025-11-12T15:45:38","slug":"scaneyes","status":"publish","type":"page","link":"https:\/\/abix.com.br\/es\/scaneyes\/","title":{"rendered":"Scaneyes"},"content":{"rendered":"\n\t<section class=\"section secao1-scaneyes\" id=\"section_1888301892\">\n\t\t<div class=\"section-bg fill\" >\n\t\t\t\t\t\t\t\t\t\n\t\t\t\n\n\t\t<\/div>\n\n\t\t\n\n\t\t<div class=\"section-content relative\">\n\t\t\t\n<div class=\"row\"  id=\"row-642852259\">\n\n\t<div id=\"col-871956363\" class=\"col coluna-1 medium-4 small-12 large-4\"  >\n\t\t\t\t<div class=\"col-inner\"  >\n\t\t\t\n\t\t\t\n<h1>SCANEYES<\/h1>\n\t\t<\/div>\n\t\t\t\t\t<\/div>\n\n\t\n\n\t<div id=\"col-939291013\" class=\"col coluna-2 medium-8 small-12 large-8\"  >\n\t\t\t\t<div class=\"col-inner\"  >\n\t\t\t\n\t\t\t\n\t<div class=\"img has-hover x md-x lg-x y md-y lg-y\" id=\"image_182609786\">\n\t\t\t\t\t\t\t\t<div class=\"img-inner dark\" >\n\t\t\t<img decoding=\"async\" width=\"2137\" height=\"1830\" src=\"https:\/\/abix.com.br\/wp-content\/uploads\/2025\/09\/16-1.png\" class=\"attachment-original size-original\" alt=\"\" srcset=\"https:\/\/abix.com.br\/wp-content\/uploads\/2025\/09\/16-1.png 2137w, https:\/\/abix.com.br\/wp-content\/uploads\/2025\/09\/16-1-300x257.png 300w, https:\/\/abix.com.br\/wp-content\/uploads\/2025\/09\/16-1-1024x877.png 1024w, https:\/\/abix.com.br\/wp-content\/uploads\/2025\/09\/16-1-768x658.png 768w, https:\/\/abix.com.br\/wp-content\/uploads\/2025\/09\/16-1-1536x1315.png 1536w, https:\/\/abix.com.br\/wp-content\/uploads\/2025\/09\/16-1-2048x1754.png 2048w, https:\/\/abix.com.br\/wp-content\/uploads\/2025\/09\/16-1-400x343.png 400w, https:\/\/abix.com.br\/wp-content\/uploads\/2025\/09\/16-1-150x128.png 150w, https:\/\/abix.com.br\/wp-content\/uploads\/2025\/09\/16-1-600x514.png 600w\" sizes=\"(max-width: 2137px) 100vw, 2137px\" \/>\t\t\t\t\t\t\n\t\t\t\t\t<\/div>\n\t\t\t\t\t\t\t\t\n<style>\n#image_182609786 {\n  width: 72%;\n}\n<\/style>\n\t<\/div>\n\t\n\t\t<\/div>\n\t\t\t\t\t<\/div>\n\n\t\n<\/div>\n\t\t<\/div>\n\n\t\t\n<style>\n#section_1888301892 {\n  padding-top: 20px;\n  padding-bottom: 20px;\n}\n<\/style>\n\t<\/section>\n\t\n\n\t<section class=\"section secao2-scaneyes\" id=\"section_340240138\">\n\t\t<div class=\"section-bg fill\" >\n\t\t\t\t\t\t\t\t\t\n\t\t\t\n\n\t\t<\/div>\n\n\t\t\n\n\t\t<div class=\"section-content relative\">\n\t\t\t\n<div class=\"row\"  id=\"row-793034446\">\n\n\t<div id=\"col-140627274\" class=\"col coluna-1 small-12 large-12\"  >\n\t\t\t\t<div class=\"col-inner\"  >\n\t\t\t\n\t\t\t\n<p>SCANEYES es una soluci\u00f3n innovadora en Internet de las Cosas (IoT), dise\u00f1ada para conectar dispositivos y recopilar datos en tiempo real. Su gama de productos incluye sensores que monitorean condiciones ambientales, dispositivos de rastreo v\u00eda LoRaWAN, LTE y 5G para comunicaci\u00f3n a larga distancia, y <em data-start=\"396\" data-end=\"405\">beacons<\/em> Bluetooth para localizaci\u00f3n precisa. SCANEYES ofrece soporte completo para la personalizaci\u00f3n e integraci\u00f3n de sistemas, permitiendo que las empresas adopten soluciones IoT adaptadas a sus necesidades espec\u00edficas. Como facilitadora de la Industria 4.0, SCANEYES mejora la automatizaci\u00f3n, optimiza la producci\u00f3n y promueve un entorno industrial m\u00e1s inteligente, seguro y conectado.<\/p>\n\t\t<\/div>\n\t\t\t\t\t<\/div>\n\n\t\n<\/div>\n\t\t<\/div>\n\n\t\t\n<style>\n#section_340240138 {\n  padding-top: 0px;\n  padding-bottom: 0px;\n}\n<\/style>\n\t<\/section>\n\t\n\n\t<section class=\"section secao4-i10\" id=\"section_1553029414\">\n\t\t<div class=\"section-bg fill\" >\n\t\t\t\t\t\t\t\t\t\n\t\t\t\n\n\t\t<\/div>\n\n\t\t\n\n\t\t<div class=\"section-content relative\">\n\t\t\t\n<div class=\"row\"  id=\"row-446658298\">\n\n\t<div id=\"col-236346136\" class=\"col coluna-1 medium-6 small-12 large-6\"  >\n\t\t\t\t<div class=\"col-inner\"  >\n\t\t\t\n\t\t\t\n\t<div class=\"img has-hover x md-x lg-x y md-y lg-y\" id=\"image_89147674\">\n\t\t\t\t\t\t\t\t<div class=\"img-inner dark\" >\n\t\t\t<img decoding=\"async\" width=\"2123\" height=\"1416\" src=\"https:\/\/abix.com.br\/wp-content\/uploads\/2025\/09\/9-7.png\" class=\"attachment-original size-original\" alt=\"\" srcset=\"https:\/\/abix.com.br\/wp-content\/uploads\/2025\/09\/9-7.png 2123w, https:\/\/abix.com.br\/wp-content\/uploads\/2025\/09\/9-7-300x200.png 300w, https:\/\/abix.com.br\/wp-content\/uploads\/2025\/09\/9-7-1024x683.png 1024w, https:\/\/abix.com.br\/wp-content\/uploads\/2025\/09\/9-7-768x512.png 768w, https:\/\/abix.com.br\/wp-content\/uploads\/2025\/09\/9-7-1536x1024.png 1536w, https:\/\/abix.com.br\/wp-content\/uploads\/2025\/09\/9-7-2048x1366.png 2048w, https:\/\/abix.com.br\/wp-content\/uploads\/2025\/09\/9-7-400x267.png 400w, https:\/\/abix.com.br\/wp-content\/uploads\/2025\/09\/9-7-150x100.png 150w, https:\/\/abix.com.br\/wp-content\/uploads\/2025\/09\/9-7-600x400.png 600w\" sizes=\"(max-width: 2123px) 100vw, 2123px\" \/>\t\t\t\t\t\t\n\t\t\t\t\t<\/div>\n\t\t\t\t\t\t\t\t\n<style>\n#image_89147674 {\n  width: 92%;\n}\n<\/style>\n\t<\/div>\n\t\n\t\t<\/div>\n\t\t\t\t\t<\/div>\n\n\t\n\n\t<div id=\"col-1302814190\" class=\"col coluna-2 medium-6 small-12 large-6\"  >\n\t\t\t\t<div class=\"col-inner\"  >\n\t\t\t\n\t\t\t\n\t<div id=\"text-1423154770\" class=\"text\">\n\t\t\n<h1>Eficiencia operativa mediante la monitorizaci\u00f3n de IoT<\/h1>\n\t\t\n<style>\n#text-1423154770 {\n  font-size: 1.05rem;\n  color: #3365ae;\n}\n#text-1423154770 > * {\n  color: #3365ae;\n}\n<\/style>\n\t<\/div>\n\t\n<p>Ofrecemos soluciones de monitorizaci\u00f3n de personas mediante dispositivos IoT, como wearables y sensores. Estos dispositivos permiten rastrear la ubicaci\u00f3n, monitorizar la salud y garantizar la seguridad de los trabajadores en entornos industriales. La tecnolog\u00eda facilita la comunicaci\u00f3n en tiempo real, lo que agiliza la respuesta ante emergencias y mejora la gesti\u00f3n de recursos humanos.<\/p>\n<a href=\"https:\/\/abix.com.br\/contato\/\" class=\"button primary lowercase\"  >\n\t\t<span>Hable con nosotros<\/span>\n\t<\/a>\n\n\t\t<\/div>\n\t\t\t\t\t<\/div>\n\n\t\n<\/div>\n\t\t<\/div>\n\n\t\t\n<style>\n#section_1553029414 {\n  padding-top: 75px;\n  padding-bottom: 75px;\n}\n<\/style>\n\t<\/section>\n\t\n\n\t<section class=\"section secao3-scaneyes\" id=\"section_1387782962\">\n\t\t<div class=\"section-bg fill\" >\n\t\t\t\t\t\t\t\t\t\n\t\t\t\n\n\t\t<\/div>\n\n\t\t\n\n\t\t<div class=\"section-content relative\">\n\t\t\t\n<div class=\"row\"  id=\"row-1429525121\">\n\n\t<div id=\"col-2026730665\" class=\"col coluna-1 medium-6 small-12 large-6\"  >\n\t\t\t\t<div class=\"col-inner\"  >\n\t\t\t\n\t\t\t\n\t<div id=\"text-3930608380\" class=\"text\">\n\t\t\n<h1>Seguimiento de activos<\/h1>\n\t\t\n<style>\n#text-3930608380 {\n  font-size: 1.05rem;\n  color: #3365ae;\n}\n#text-3930608380 > * {\n  color: #3365ae;\n}\n<\/style>\n\t<\/div>\n\t\n<p>Soluciones de monitoreo de activos mediante tecnolog\u00eda IoT, que permiten el rastreo en tiempo real de bienes y equipos. Utilizando dispositivos como etiquetas RFID, beacons Bluetooth y sensores, las empresas pueden acompa\u00f1ar la ubicaci\u00f3n, el estado y la condici\u00f3n de los activos, mejorando la eficiencia operativa y reduciendo p\u00e9rdidas. La integraci\u00f3n con los sistemas existentes posibilita una gesti\u00f3n m\u00e1s eficaz de los recursos.<\/p>\n<a href=\"https:\/\/abix.com.br\/contato\/\" class=\"button primary lowercase\"  >\n\t\t<span>Ponerse en contacto<\/span>\n\t<\/a>\n\n\t\t<\/div>\n\t\t\t\t\n<style>\n#col-2026730665 > .col-inner {\n  margin: -100px 0px 0px 0px;\n}\n<\/style>\n\t<\/div>\n\n\t\n\n\t<div id=\"col-428733006\" class=\"col coluna-2 medium-6 small-12 large-6\"  >\n\t\t\t\t<div class=\"col-inner\"  >\n\t\t\t\n\t\t\t\n\t<div class=\"img has-hover x md-x lg-x y md-y lg-y\" id=\"image_1717306260\">\n\t\t\t\t\t\t\t\t<div class=\"img-inner dark\" >\n\t\t\t<img decoding=\"async\" width=\"2002\" height=\"1997\" src=\"https:\/\/abix.com.br\/wp-content\/uploads\/2025\/09\/10-1.png\" class=\"attachment-original size-original\" alt=\"\" srcset=\"https:\/\/abix.com.br\/wp-content\/uploads\/2025\/09\/10-1.png 2002w, https:\/\/abix.com.br\/wp-content\/uploads\/2025\/09\/10-1-300x300.png 300w, https:\/\/abix.com.br\/wp-content\/uploads\/2025\/09\/10-1-1024x1021.png 1024w, https:\/\/abix.com.br\/wp-content\/uploads\/2025\/09\/10-1-150x150.png 150w, https:\/\/abix.com.br\/wp-content\/uploads\/2025\/09\/10-1-768x766.png 768w, https:\/\/abix.com.br\/wp-content\/uploads\/2025\/09\/10-1-1536x1532.png 1536w, https:\/\/abix.com.br\/wp-content\/uploads\/2025\/09\/10-1-400x400.png 400w, https:\/\/abix.com.br\/wp-content\/uploads\/2025\/09\/10-1-600x599.png 600w, https:\/\/abix.com.br\/wp-content\/uploads\/2025\/09\/10-1-100x100.png 100w\" sizes=\"(max-width: 2002px) 100vw, 2002px\" \/>\t\t\t\t\t\t\n\t\t\t\t\t<\/div>\n\t\t\t\t\t\t\t\t\n<style>\n#image_1717306260 {\n  width: 87%;\n}\n<\/style>\n\t<\/div>\n\t\n\t\t<\/div>\n\t\t\t\t\t<\/div>\n\n\t\n<\/div>\n\t\t<\/div>\n\n\t\t\n<style>\n#section_1387782962 {\n  padding-top: 30px;\n  padding-bottom: 30px;\n  background-color: rgb(249, 249, 249);\n}\n<\/style>\n\t<\/section>\n\t\n\n\t<section class=\"section secao4-scaneyes\" id=\"section_73009978\">\n\t\t<div class=\"section-bg fill\" >\n\t\t\t\t\t\t\t\t\t\n\t\t\t\n\n\t\t<\/div>\n\n\t\t\n\n\t\t<div class=\"section-content relative\">\n\t\t\t\n<div class=\"row\"  id=\"row-821439912\">\n\n\t<div id=\"col-359864939\" class=\"col coluna-1 medium-6 small-12 large-6\"  >\n\t\t\t\t<div class=\"col-inner\"  >\n\t\t\t\n\t\t\t\n\t<div class=\"img has-hover x md-x lg-x y md-y lg-y\" id=\"image_2119091743\">\n\t\t\t\t\t\t\t\t<div class=\"img-inner dark\" >\n\t\t\t<img decoding=\"async\" width=\"1911\" height=\"1721\" src=\"https:\/\/abix.com.br\/wp-content\/uploads\/2025\/09\/11-1.png\" class=\"attachment-original size-original\" alt=\"\" srcset=\"https:\/\/abix.com.br\/wp-content\/uploads\/2025\/09\/11-1.png 1911w, https:\/\/abix.com.br\/wp-content\/uploads\/2025\/09\/11-1-300x270.png 300w, https:\/\/abix.com.br\/wp-content\/uploads\/2025\/09\/11-1-1024x922.png 1024w, https:\/\/abix.com.br\/wp-content\/uploads\/2025\/09\/11-1-768x692.png 768w, https:\/\/abix.com.br\/wp-content\/uploads\/2025\/09\/11-1-1536x1383.png 1536w, https:\/\/abix.com.br\/wp-content\/uploads\/2025\/09\/11-1-400x360.png 400w, https:\/\/abix.com.br\/wp-content\/uploads\/2025\/09\/11-1-150x135.png 150w, https:\/\/abix.com.br\/wp-content\/uploads\/2025\/09\/11-1-600x540.png 600w\" sizes=\"(max-width: 1911px) 100vw, 1911px\" \/>\t\t\t\t\t\t\n\t\t\t\t\t<\/div>\n\t\t\t\t\t\t\t\t\n<style>\n#image_2119091743 {\n  width: 83%;\n}\n<\/style>\n\t<\/div>\n\t\n\t\t<\/div>\n\t\t\t\t\t<\/div>\n\n\t\n\n\t<div id=\"col-1196571450\" class=\"col coluna-2 medium-6 small-12 large-6\"  >\n\t\t\t\t<div class=\"col-inner\"  >\n\t\t\t\n\t\t\t\n\t<div id=\"text-1306523328\" class=\"text\">\n\t\t\n<h1>Planes de seguridad operativa y de emergencia<\/h1>\n\t\t\n<style>\n#text-1306523328 {\n  font-size: 1.05rem;\n  color: #3365ae;\n}\n#text-1306523328 > * {\n  color: #3365ae;\n}\n<\/style>\n\t<\/div>\n\t\n<p>Ofrece soluciones para planes de emergencia, utilizando dispositivos IoT para monitoreo en tiempo real y comunicaci\u00f3n eficaz en situaciones cr\u00edticas. Con sensores, beacons y tecnolog\u00edas de rastreo, las empresas pueden garantizar la seguridad de los empleados y la protecci\u00f3n de los activos. Estas soluciones permiten que las organizaciones respondan r\u00e1pidamente a emergencias, optimizando la gesti\u00f3n de riesgos y mejorando la seguridad operacional.<\/p>\n<a href=\"https:\/\/abix.com.br\/contato\/\" class=\"button primary lowercase\"  >\n\t\t<span>Ponerse en contacto<\/span>\n\t<\/a>\n\n\t\t<\/div>\n\t\t\t\t\t<\/div>\n\n\t\n<\/div>\n\t\t<\/div>\n\n\t\t\n<style>\n#section_73009978 {\n  padding-top: 30px;\n  padding-bottom: 30px;\n  background-color: rgb(249, 249, 249);\n}\n<\/style>\n\t<\/section>\n\t\n\n\t<section class=\"section secao5-scaneyes\" id=\"section_1434156138\">\n\t\t<div class=\"section-bg fill\" >\n\t\t\t\t\t\t\t\t\t\n\t\t\t\n\n\t\t<\/div>\n\n\t\t\n\n\t\t<div class=\"section-content relative\">\n\t\t\t\n<div class=\"row\"  id=\"row-114542637\">\n\n\t<div id=\"col-1404311256\" class=\"col coluna-1 medium-6 small-12 large-6\"  >\n\t\t\t\t<div class=\"col-inner\"  >\n\t\t\t\n\t\t\t\n\t<div id=\"text-2092068507\" class=\"text\">\n\t\t\n<h1>Plan de evacuaci\u00f3n inteligente<\/h1>\n\t\t\n<style>\n#text-2092068507 {\n  font-size: 1.05rem;\n  color: #3365ae;\n}\n#text-2092068507 > * {\n  color: #3365ae;\n}\n<\/style>\n\t<\/div>\n\t\n<p>El servicio de plan de evacuaci\u00f3n usando IoT con credenciales inteligentes permite un monitoreo eficaz en situaciones de emergencia. Las credenciales equipadas con tecnolog\u00eda de rastreo, como RFID o Bluetooth, permiten que las organizaciones sigan la ubicaci\u00f3n de los empleados en tiempo real. Durante una evacuaci\u00f3n, esta informaci\u00f3n es esencial para garantizar que todos sean contabilizados y dirigidos hacia las salidas seguras. Adem\u00e1s, el sistema puede alertar a los responsables sobre \u00e1reas congestionadas o problemas, facilitando una respuesta r\u00e1pida y organizada.<\/p>\n<a href=\"https:\/\/abix.com.br\/contato\/\" class=\"button primary lowercase\"  >\n\t\t<span>Ponerse en contacto<\/span>\n\t<\/a>\n\n\t\t<\/div>\n\t\t\t\t\t<\/div>\n\n\t\n\n\t<div id=\"col-110994950\" class=\"col coluna-2 medium-6 small-12 large-6\"  >\n\t\t\t\t<div class=\"col-inner\"  >\n\t\t\t\n\t\t\t\n\t<div class=\"img has-hover x md-x lg-x y md-y lg-y\" id=\"image_1000014734\">\n\t\t\t\t\t\t\t\t<div class=\"img-inner dark\" >\n\t\t\t<img decoding=\"async\" width=\"2074\" height=\"2217\" src=\"https:\/\/abix.com.br\/wp-content\/uploads\/2025\/09\/12-1.png\" class=\"attachment-original size-original\" alt=\"\" srcset=\"https:\/\/abix.com.br\/wp-content\/uploads\/2025\/09\/12-1.png 2074w, https:\/\/abix.com.br\/wp-content\/uploads\/2025\/09\/12-1-281x300.png 281w, https:\/\/abix.com.br\/wp-content\/uploads\/2025\/09\/12-1-958x1024.png 958w, https:\/\/abix.com.br\/wp-content\/uploads\/2025\/09\/12-1-768x821.png 768w, https:\/\/abix.com.br\/wp-content\/uploads\/2025\/09\/12-1-1437x1536.png 1437w, https:\/\/abix.com.br\/wp-content\/uploads\/2025\/09\/12-1-1916x2048.png 1916w, https:\/\/abix.com.br\/wp-content\/uploads\/2025\/09\/12-1-374x400.png 374w, https:\/\/abix.com.br\/wp-content\/uploads\/2025\/09\/12-1-140x150.png 140w, https:\/\/abix.com.br\/wp-content\/uploads\/2025\/09\/12-1-600x641.png 600w\" sizes=\"(max-width: 2074px) 100vw, 2074px\" \/>\t\t\t\t\t\t\n\t\t\t\t\t<\/div>\n\t\t\t\t\t\t\t\t\n<style>\n#image_1000014734 {\n  width: 90%;\n}\n<\/style>\n\t<\/div>\n\t\n\t\t<\/div>\n\t\t\t\t\t<\/div>\n\n\t\n<\/div>\n\t\t<\/div>\n\n\t\t\n<style>\n#section_1434156138 {\n  padding-top: 30px;\n  padding-bottom: 30px;\n  background-color: rgb(249, 249, 249);\n}\n<\/style>\n\t<\/section>\n\t\n\n\t<section class=\"section secao6-scaneyes\" id=\"section_1807119665\">\n\t\t<div class=\"section-bg fill\" >\n\t\t\t\t\t\t\t\t\t\n\t\t\t\n\n\t\t<\/div>\n\n\t\t\n\n\t\t<div class=\"section-content relative\">\n\t\t\t\n<div class=\"row\"  id=\"row-1309351776\">\n\n\t<div id=\"col-1165287277\" class=\"col coluna-1 medium-6 small-12 large-6\"  >\n\t\t\t\t<div class=\"col-inner\"  >\n\t\t\t\n\t\t\t\n\t<div class=\"img has-hover x md-x lg-x y md-y lg-y\" id=\"image_405282632\">\n\t\t\t\t\t\t\t\t<div class=\"img-inner dark\" >\n\t\t\t<img decoding=\"async\" width=\"2084\" height=\"1388\" src=\"https:\/\/abix.com.br\/wp-content\/uploads\/2025\/09\/13-1-1.png\" class=\"attachment-original size-original\" alt=\"\" srcset=\"https:\/\/abix.com.br\/wp-content\/uploads\/2025\/09\/13-1-1.png 2084w, https:\/\/abix.com.br\/wp-content\/uploads\/2025\/09\/13-1-1-300x200.png 300w, https:\/\/abix.com.br\/wp-content\/uploads\/2025\/09\/13-1-1-1024x682.png 1024w, https:\/\/abix.com.br\/wp-content\/uploads\/2025\/09\/13-1-1-768x512.png 768w, https:\/\/abix.com.br\/wp-content\/uploads\/2025\/09\/13-1-1-1536x1023.png 1536w, https:\/\/abix.com.br\/wp-content\/uploads\/2025\/09\/13-1-1-2048x1364.png 2048w, https:\/\/abix.com.br\/wp-content\/uploads\/2025\/09\/13-1-1-400x266.png 400w, https:\/\/abix.com.br\/wp-content\/uploads\/2025\/09\/13-1-1-150x100.png 150w, https:\/\/abix.com.br\/wp-content\/uploads\/2025\/09\/13-1-1-600x400.png 600w\" sizes=\"(max-width: 2084px) 100vw, 2084px\" \/>\t\t\t\t\t\t\n\t\t\t\t\t<\/div>\n\t\t\t\t\t\t\t\t\n<style>\n#image_405282632 {\n  width: 91%;\n}\n<\/style>\n\t<\/div>\n\t\n\t\t<\/div>\n\t\t\t\t\t<\/div>\n\n\t\n\n\t<div id=\"col-461545050\" class=\"col coluna-2 medium-6 small-12 large-6\"  >\n\t\t\t\t<div class=\"col-inner\"  >\n\t\t\t\n\t\t\t\n\t<div id=\"text-3599250520\" class=\"text\">\n\t\t\n<h1>An\u00e1lisis del comportamiento e interacci\u00f3n en el entorno corporativo<\/h1>\n\t\t\n<style>\n#text-3599250520 {\n  font-size: 1.05rem;\n  color: #3365ae;\n}\n#text-3599250520 > * {\n  color: #3365ae;\n}\n<\/style>\n\t<\/div>\n\t\n<p>El servicio de an\u00e1lisis de comportamiento del empleado v\u00eda IoT, utilizando credenciales inteligentes, permite monitorear patrones de interacci\u00f3n y movimiento dentro de la empresa. Estas credenciales recopilan datos sobre la frecuencia de presencia en diferentes \u00e1reas, interacci\u00f3n con colegas y uso de equipos. El an\u00e1lisis de esta informaci\u00f3n ayuda a las organizaciones a comprender mejor el comportamiento de los empleados, identificar \u00e1reas de mejora en el entorno laboral y promover un ambiente m\u00e1s colaborativo y productivo.<\/p>\n<a href=\"https:\/\/abix.com.br\/contato\/\" class=\"button primary lowercase\"  >\n\t\t<span>Hable con un especialista<\/span>\n\t<\/a>\n\n\t\t<\/div>\n\t\t\t\t\t<\/div>\n\n\t\n<\/div>\n<div class=\"row\"  id=\"row-1529929253\">\n\n\t<div id=\"col-816719812\" class=\"col small-12 large-12\"  >\n\t\t\t\t<div class=\"col-inner\"  >\n\t\t\t\n\t\t\t\n\t<div id=\"text-1160876264\" class=\"text\">\n\t\t\n<h2 class=\"uppercase\">V\u00eddeos destacados<\/h2>\n\t\t\n<style>\n#text-1160876264 {\n  font-size: 1.5rem;\n  line-height: 0.85;\n  text-align: center;\n  color: #4f4f4f;\n}\n#text-1160876264 > * {\n  color: #4f4f4f;\n}\n<\/style>\n\t<\/div>\n\t\n\t<div id=\"text-3340438401\" class=\"text\">\n\t\t\n<h3 style=\"text-align: center;\"><strong>Una variedad de v\u00eddeos sobre las soluciones<\/strong><\/h3>\n\t\t\n<style>\n#text-3340438401 {\n  font-size: 1.15rem;\n  color: #3f5b91;\n}\n#text-3340438401 > * {\n  color: #3f5b91;\n}\n<\/style>\n\t<\/div>\n\t\n\t\t<\/div>\n\t\t\t\t\n<style>\n#col-816719812 > .col-inner {\n  margin: 50px 0px 0px 0px;\n}\n<\/style>\n\t<\/div>\n\n\t\n<\/div>\n<div class=\"row\"  id=\"row-2117856434\">\n\n\t<div id=\"col-848517794\" class=\"col medium-4 small-12 large-4\"  >\n\t\t\t\t<div class=\"col-inner\"  >\n\t\t\t\n\t\t\t\n<div class=\"video video-fit mb\" style=\"padding-top:56.25%;\"><p><iframe title=\"Crach\u00e1 Inteligente - Cerca Eletr\u00f4nica\" width=\"1020\" height=\"574\" src=\"https:\/\/www.youtube.com\/embed\/9-v4TKy4Ako?feature=oembed\" frameborder=\"0\" allow=\"accelerometer; autoplay; clipboard-write; encrypted-media; gyroscope; picture-in-picture; web-share\" referrerpolicy=\"strict-origin-when-cross-origin\" allowfullscreen><\/iframe><\/p>\n<\/div>\n\t\t<\/div>\n\t\t\t\t\t<\/div>\n\n\t\n\n\t<div id=\"col-267928663\" class=\"col medium-4 small-12 large-4\"  >\n\t\t\t\t<div class=\"col-inner\"  >\n\t\t\t\n\t\t\t\n<div class=\"video video-fit mb\" style=\"padding-top:56.25%;\"><p><iframe title=\"Crach\u00e1 Inteligente - Funcionalidade Mandown\" width=\"1020\" height=\"574\" src=\"https:\/\/www.youtube.com\/embed\/CYbnQ2TyJU0?feature=oembed\" frameborder=\"0\" allow=\"accelerometer; autoplay; clipboard-write; encrypted-media; gyroscope; picture-in-picture; web-share\" referrerpolicy=\"strict-origin-when-cross-origin\" allowfullscreen><\/iframe><\/p>\n<\/div>\n\t\t<\/div>\n\t\t\t\t\t<\/div>\n\n\t\n\n\t<div id=\"col-587025141\" class=\"col medium-4 small-12 large-4\"  >\n\t\t\t\t<div class=\"col-inner\"  >\n\t\t\t\n\t\t\t\n<div class=\"video video-fit mb\" style=\"padding-top:56.25%;\"><p><iframe title=\"Crach\u00e1 Inteligente - Alerta e Evas\u00e3o\" width=\"1020\" height=\"574\" src=\"https:\/\/www.youtube.com\/embed\/SUO8zEJiHQs?feature=oembed\" frameborder=\"0\" allow=\"accelerometer; autoplay; clipboard-write; encrypted-media; gyroscope; picture-in-picture; web-share\" referrerpolicy=\"strict-origin-when-cross-origin\" allowfullscreen><\/iframe><\/p>\n<\/div>\n\t\t<\/div>\n\t\t\t\t\t<\/div>\n\n\t\n<\/div>\n\t\t<\/div>\n\n\t\t\n<style>\n#section_1807119665 {\n  padding-top: 30px;\n  padding-bottom: 30px;\n}\n<\/style>\n\t<\/section>\n\t\n\n\n\t<section class=\"section secao4-cracha\" id=\"section_1738065647\">\n\t\t<div class=\"section-bg fill\" >\n\t\t\t<img decoding=\"async\" width=\"1920\" height=\"209\" src=\"https:\/\/abix.com.br\/wp-content\/uploads\/2025\/08\/Bloco-3-6.png\" class=\"bg attachment-original size-original\" alt=\"\" \/>\t\t\t\t\t\t\n\t\t\t\n\n\t\t<\/div>\n\n\t\t\n\n\t\t<div class=\"section-content relative\">\n\t\t\t\n<div class=\"row\"  id=\"row-635701908\">\n\n\t<div id=\"col-1151829877\" class=\"col small-12 large-12\"  >\n\t\t\t\t<div class=\"col-inner text-center\"  >\n\t\t\t\n\t\t\t\n\t<div id=\"text-3375654218\" class=\"text texto-margin\">\n\t\t\n<h3>\u00bfDesea saber m\u00e1s? P\u00f3ngase en contacto con nosotros.<\/h3>\n\t\t\n<style>\n#text-3375654218 {\n  color: rgb(255, 255, 255);\n}\n#text-3375654218 > * {\n  color: rgb(255, 255, 255);\n}\n<\/style>\n\t<\/div>\n\t\n<a href=\"https:\/\/abix.com.br\/contato\/\" class=\"button primary lowercase\"  >\n\t\t<span>Hable con nosotros<\/span>\n\t<\/a>\n\n\t\t<\/div>\n\t\t\t\t\t<\/div>\n\n\t\n<\/div>\n\t\t<\/div>\n\n\t\t\n<style>\n#section_1738065647 {\n  padding-top: 30px;\n  padding-bottom: 30px;\n}\n<\/style>\n\t<\/section>\n\t\n","protected":false},"excerpt":{"rendered":"","protected":false},"author":1,"featured_media":0,"parent":0,"menu_order":0,"comment_status":"closed","ping_status":"closed","template":"page-blank.php","meta":{"footnotes":""},"class_list":["post-21897","page","type-page","status-publish","hentry"],"yoast_head":"<!-- This site is optimized with the Yoast SEO plugin v27.3 - https:\/\/yoast.com\/product\/yoast-seo-wordpress\/ -->\n<title>Scaneyes - Abix<\/title>\n<meta name=\"robots\" content=\"index, follow, max-snippet:-1, max-image-preview:large, max-video-preview:-1\" \/>\n<link rel=\"canonical\" href=\"https:\/\/abix.com.br\/es\/scaneyes\/\" \/>\n<meta property=\"og:locale\" content=\"es_ES\" \/>\n<meta property=\"og:type\" content=\"article\" \/>\n<meta property=\"og:title\" content=\"Scaneyes - Abix\" \/>\n<meta property=\"og:url\" content=\"https:\/\/abix.com.br\/es\/scaneyes\/\" \/>\n<meta property=\"og:site_name\" content=\"Abix\" \/>\n<meta property=\"article:modified_time\" content=\"2025-11-12T15:45:38+00:00\" \/>\n<meta name=\"twitter:card\" content=\"summary_large_image\" \/>\n<meta name=\"twitter:label1\" content=\"Tiempo de lectura\" \/>\n\t<meta name=\"twitter:data1\" content=\"5 minutos\" \/>\n<script type=\"application\/ld+json\" class=\"yoast-schema-graph\">{\"@context\":\"https:\\\/\\\/schema.org\",\"@graph\":[{\"@type\":\"WebPage\",\"@id\":\"https:\\\/\\\/abix.com.br\\\/es\\\/scaneyes\\\/\",\"url\":\"https:\\\/\\\/abix.com.br\\\/es\\\/scaneyes\\\/\",\"name\":\"Scaneyes - Abix\",\"isPartOf\":{\"@id\":\"https:\\\/\\\/abix.com.br\\\/#website\"},\"datePublished\":\"2025-08-22T17:37:00+00:00\",\"dateModified\":\"2025-11-12T15:45:38+00:00\",\"breadcrumb\":{\"@id\":\"https:\\\/\\\/abix.com.br\\\/es\\\/scaneyes\\\/#breadcrumb\"},\"inLanguage\":\"es\",\"potentialAction\":[{\"@type\":\"ReadAction\",\"target\":[\"https:\\\/\\\/abix.com.br\\\/es\\\/scaneyes\\\/\"]}]},{\"@type\":\"BreadcrumbList\",\"@id\":\"https:\\\/\\\/abix.com.br\\\/es\\\/scaneyes\\\/#breadcrumb\",\"itemListElement\":[{\"@type\":\"ListItem\",\"position\":1,\"name\":\"In\u00edcio\",\"item\":\"https:\\\/\\\/abix.com.br\\\/es\\\/\"},{\"@type\":\"ListItem\",\"position\":2,\"name\":\"Scaneyes\"}]},{\"@type\":\"WebSite\",\"@id\":\"https:\\\/\\\/abix.com.br\\\/#website\",\"url\":\"https:\\\/\\\/abix.com.br\\\/\",\"name\":\"Abix\",\"description\":\"\",\"potentialAction\":[{\"@type\":\"SearchAction\",\"target\":{\"@type\":\"EntryPoint\",\"urlTemplate\":\"https:\\\/\\\/abix.com.br\\\/?s={search_term_string}\"},\"query-input\":{\"@type\":\"PropertyValueSpecification\",\"valueRequired\":true,\"valueName\":\"search_term_string\"}}],\"inLanguage\":\"es\"}]}<\/script>\n<!-- \/ Yoast SEO plugin. -->","yoast_head_json":{"title":"Scaneyes - Abix","robots":{"index":"index","follow":"follow","max-snippet":"max-snippet:-1","max-image-preview":"max-image-preview:large","max-video-preview":"max-video-preview:-1"},"canonical":"https:\/\/abix.com.br\/es\/scaneyes\/","og_locale":"es_ES","og_type":"article","og_title":"Scaneyes - Abix","og_url":"https:\/\/abix.com.br\/es\/scaneyes\/","og_site_name":"Abix","article_modified_time":"2025-11-12T15:45:38+00:00","twitter_card":"summary_large_image","twitter_misc":{"Tiempo de lectura":"5 minutos"},"schema":{"@context":"https:\/\/schema.org","@graph":[{"@type":"WebPage","@id":"https:\/\/abix.com.br\/es\/scaneyes\/","url":"https:\/\/abix.com.br\/es\/scaneyes\/","name":"Scaneyes - Abix","isPartOf":{"@id":"https:\/\/abix.com.br\/#website"},"datePublished":"2025-08-22T17:37:00+00:00","dateModified":"2025-11-12T15:45:38+00:00","breadcrumb":{"@id":"https:\/\/abix.com.br\/es\/scaneyes\/#breadcrumb"},"inLanguage":"es","potentialAction":[{"@type":"ReadAction","target":["https:\/\/abix.com.br\/es\/scaneyes\/"]}]},{"@type":"BreadcrumbList","@id":"https:\/\/abix.com.br\/es\/scaneyes\/#breadcrumb","itemListElement":[{"@type":"ListItem","position":1,"name":"In\u00edcio","item":"https:\/\/abix.com.br\/es\/"},{"@type":"ListItem","position":2,"name":"Scaneyes"}]},{"@type":"WebSite","@id":"https:\/\/abix.com.br\/#website","url":"https:\/\/abix.com.br\/","name":"Abix","description":"","potentialAction":[{"@type":"SearchAction","target":{"@type":"EntryPoint","urlTemplate":"https:\/\/abix.com.br\/?s={search_term_string}"},"query-input":{"@type":"PropertyValueSpecification","valueRequired":true,"valueName":"search_term_string"}}],"inLanguage":"es"}]}},"_links":{"self":[{"href":"https:\/\/abix.com.br\/es\/wp-json\/wp\/v2\/pages\/21897","targetHints":{"allow":["GET"]}}],"collection":[{"href":"https:\/\/abix.com.br\/es\/wp-json\/wp\/v2\/pages"}],"about":[{"href":"https:\/\/abix.com.br\/es\/wp-json\/wp\/v2\/types\/page"}],"author":[{"embeddable":true,"href":"https:\/\/abix.com.br\/es\/wp-json\/wp\/v2\/users\/1"}],"replies":[{"embeddable":true,"href":"https:\/\/abix.com.br\/es\/wp-json\/wp\/v2\/comments?post=21897"}],"version-history":[{"count":19,"href":"https:\/\/abix.com.br\/es\/wp-json\/wp\/v2\/pages\/21897\/revisions"}],"predecessor-version":[{"id":22891,"href":"https:\/\/abix.com.br\/es\/wp-json\/wp\/v2\/pages\/21897\/revisions\/22891"}],"wp:attachment":[{"href":"https:\/\/abix.com.br\/es\/wp-json\/wp\/v2\/media?parent=21897"}],"curies":[{"name":"wp","href":"https:\/\/api.w.org\/{rel}","templated":true}]}}