{"id":10237,"date":"2020-05-28T17:58:37","date_gmt":"2020-05-28T20:58:37","guid":{"rendered":"http:\/\/www.abix.com.br\/?post_type=product&#038;p=10237"},"modified":"2025-05-29T22:59:41","modified_gmt":"2025-05-30T01:59:41","slug":"xtl2500","status":"publish","type":"product","link":"https:\/\/abix.com.br\/es\/produto\/xtl2500\/","title":{"rendered":"R\u00c1DIO M\u00d3VEL DIGITAL &#8211; XTL2500"},"content":{"rendered":"\n\t<section class=\"section\" id=\"section_2026116494\">\n\t\t<div class=\"section-bg fill\" >\n\t\t\t\t\t\t\t\t\t\n\t\t\t\n\n\t\t<\/div>\n\n\t\t\n\n\t\t<div class=\"section-content relative\">\n\t\t\t\n<div class=\"row\"  id=\"row-670166999\">\n\n\t<div id=\"col-1601717758\" class=\"col small-12 large-12\"  >\n\t\t\t\t<div class=\"col-inner\"  >\n\t\t\t\n\t\t\t\n<div class=\"row\"  id=\"row-693022306\">\n\n\t<div id=\"col-2119951289\" class=\"col small-12 large-12\"  >\n\t\t\t\t<div class=\"col-inner\"  >\n\t\t\t\n\t\t\t\n\n\t\t<div class=\"tabbed-content locacao-tabs\">\n\t\t\t\n\t\t\t<ul class=\"nav nav-tabs nav-normal nav-size-xlarge nav-left active-on-hover\" role=\"tablist\"><li id=\"tab-informa\u00c7\u00d5es\" class=\"tab active has-icon\" role=\"presentation\"><a href=\"#tab_informa\u00c7\u00d5es\" role=\"tab\" aria-selected=\"true\" aria-controls=\"tab_informa\u00c7\u00d5es\"><span>INFORMA\u00c7\u00d5ES<\/span><\/a><\/li>\n<li id=\"tab-acess\u00d3rios\" class=\"tab has-icon\" role=\"presentation\"><a href=\"#tab_acess\u00d3rios\" tabindex=\"-1\" role=\"tab\" aria-selected=\"false\" aria-controls=\"tab_acess\u00d3rios\"><span>ACESS\u00d3RIOS<\/span><\/a><\/li>\n<li id=\"tab-downloads\" class=\"tab has-icon\" role=\"presentation\"><a href=\"#tab_downloads\" tabindex=\"-1\" role=\"tab\" aria-selected=\"false\" aria-controls=\"tab_downloads\"><span>DOWNLOADS<\/span><\/a><\/li>\n<li id=\"tab-especifica\u00c7\u00d5es\" class=\"tab has-icon\" role=\"presentation\"><a href=\"#tab_especifica\u00c7\u00d5es\" tabindex=\"-1\" role=\"tab\" aria-selected=\"false\" aria-controls=\"tab_especifica\u00c7\u00d5es\"><span>ESPECIFICA\u00c7\u00d5ES<\/span><\/a><\/li><\/ul><div class=\"tab-panels\"><div id=\"tab_informa\u00c7\u00d5es\" class=\"panel active entry-content\" role=\"tabpanel\" aria-labelledby=\"tab-informa\u00c7\u00d5es\">\n<div class=\"row\"  id=\"row-223010364\">\n\n\t<div id=\"col-737654929\" class=\"col medium-6 small-12 large-6\"  >\n\t\t\t\t<div class=\"col-inner\"  >\n\t\t\t\n\t\t\t\n<p><strong>DESIGN R\u00cdGIDO E ERGON\u00d4MICO<\/strong><\/p>\n<p>Suporta choques e condi\u00e7\u00f5es clim\u00e1ticas adversas.<\/p>\n<p><strong>INTERFACE XTL<\/strong><\/p>\n<p>Oferece uma interface de usu\u00e1rio comum a todas as etapas para otimizar o treinamento.<\/p>\n<p><strong>SINAL DE VOZ INTEROPER\u00c1VEL<\/strong><\/p>\n<p>Atende \u00e0s normas do P25.<\/p>\n<div class=\"richtexteditor parbase\">\n<p><b>SELE\u00c7\u00c3O DE MODOS<\/b><\/p>\n<p>Funciona em modo digital, anal\u00f3gico, de concentra\u00e7\u00e3o de links ou convencional.<\/p>\n<p><b>TELA LCD DE 14 D\u00cdGITOS ALFANUM\u00c9RICO<\/b><\/p>\n<p>Permanece n\u00edtida em todo tipo de luz.<\/p>\n<p><b>COMPATIBILIDADE COM ACESS\u00d3RIOS<\/b><\/p>\n<p>Admite acess\u00f3rios comuns para o r\u00e1dio XTL 5000.<\/p>\n<\/div>\n\t\t<\/div>\n\t\t\t\t\t<\/div>\n\n\t\n\n\t<div id=\"col-212114943\" class=\"col medium-6 small-12 large-6\"  >\n\t\t\t\t<div class=\"col-inner text-left\"  >\n\t\t\t\n\t\t\t\n\t\t<\/div>\n\t\t\t\t\t<\/div>\n\n\t\n<\/div>\n<\/div>\n<div id=\"tab_acess\u00d3rios\" class=\"panel entry-content\" role=\"tabpanel\" aria-labelledby=\"tab-acess\u00d3rios\">\n<div class=\"row align-middle\"  id=\"row-1160806951\">\n\n\t<div id=\"col-1494076103\" class=\"col medium-10 small-12 large-10\"  >\n\t\t\t\t<div class=\"col-inner\"  >\n\t\t\t\n\t\t\t\n<p>CONTEUDO<\/p>\n\t\t<\/div>\n\t\t\t\t\t<\/div>\n\n\t\n\n\t<div id=\"col-1296160366\" class=\"col medium-2 small-12 large-2\"  >\n\t\t\t\t<div class=\"col-inner\"  >\n\t\t\t\n\t\t\t\n\t\t<\/div>\n\t\t\t\t\t<\/div>\n\n\t\n<\/div>\n<\/div>\n<div id=\"tab_downloads\" class=\"panel entry-content\" role=\"tabpanel\" aria-labelledby=\"tab-downloads\">\n<div class=\"row\"  id=\"row-363978121\">\n\n\t<div id=\"col-804472803\" class=\"col medium-10 small-12 large-10\"  >\n\t\t\t\t<div class=\"col-inner\"  >\n\t\t\t\n\t\t\t\n<p><a href=\"https:\/\/www.abix.com.br\/wp-content\/uploads\/Ficha-XTL2500.pdf\">Ficha XTL2500<\/a><\/p>\n\t\t<\/div>\n\t\t\t\t\t<\/div>\n\n\t\n<\/div>\n<\/div>\n<div id=\"tab_especifica\u00c7\u00d5es\" class=\"panel entry-content\" role=\"tabpanel\" aria-labelledby=\"tab-especifica\u00c7\u00d5es\">\n<div class=\"row\"  id=\"row-44990899\">\n\n\t<div id=\"col-932593229\" class=\"col medium-9 small-12 large-9\"  >\n\t\t\t\t<div class=\"col-inner\"  >\n\t\t\t\n\t\t\t\n<ul>\n<li><strong>Criptografia<\/strong><\/li>\n<\/ul>\n<p>Sim<\/p>\n<ul>\n<li><strong>Banda de frequ\u00eancia<\/strong><\/li>\n<\/ul>\n<p>VHF, UHF, 700 MHz, 800 MHz<\/p>\n<ul>\n<li><strong>Faixas de frequ\u00eancia<\/strong><\/li>\n<\/ul>\n<p>136-174 MHz; 380 \u2013 470 MHz; 450 \u2013 520 MHz; 764 \u2013 870 MHz<\/p>\n<ul>\n<li><strong>N\u00edveis de pot\u00eancia<\/strong><\/li>\n<\/ul>\n<p>10 \u2013 50 vatios (136 -174 MHz); 10 \u2013 40 vatios (380 \u2013 470 MHz); 10 \u2013 45 vatios (450 \u2013 520 MHz); 10 \u2013 35 vatios (764 \u2013 870 MHz);<\/p>\n<h3>TECNOLOGIA<\/h3>\n<ul>\n<li><strong>Tecnologia digital<\/strong><\/li>\n<\/ul>\n<p>Sim<\/p>\n<ul>\n<li><strong>Tipo de sistema<\/strong><\/li>\n<\/ul>\n<p>Convencional<\/p>\n<h3>AMBIENTE DO USU\u00c1RIO<\/h3>\n<ul>\n<li><strong>Especifica\u00e7\u00e3o militar<\/strong><\/li>\n<\/ul>\n<p>810 C, 810 D, 810 E, 810 F<\/p>\n<h3>CARACTER\u00cdSTICA F\u00cdSICAS<\/h3>\n<ul>\n<li><strong>Configura\u00e7\u00f5es<\/strong><\/li>\n<\/ul>\n<p>Veicular, Montagem remota<\/p>\n<ul>\n<li><strong>Dimens\u00f5es A x L x P<\/strong><\/li>\n<\/ul>\n<p>Transceptor de radio de potencia media de 50,8 x 177,8 x 198,1 mm (2 x 7 x 7,8 pulg.) alto x ancho x profundidad; Sistema de control 59,7 x 180,3 x 63,5 mm (2,35 x 7,1 x 2,5 pulg.) alto x ancho x profundidad; Transceptor de radio de potencia media y sistema de control; Kit de montaje: 59,7 x 180,3 x 231,1 mm (2,35 x 7,1 x 9,1 pulg.) alto x ancho x profundidad; Transceptor de alta potencia: 70,2 x 205,2 x 312,7 mm (2,765 x 8,08 x 12,31 pulg.) alto x ancho x profundidad;<\/p>\n<ul>\n<li><strong>Visor<\/strong><\/li>\n<\/ul>\n<p>Alfanum\u00e9rica<\/p>\n<ul>\n<li><strong>Teclado<\/strong><\/li>\n<\/ul>\n<p>Sim<\/p>\n<ul>\n<li><strong>Peso<\/strong><\/li>\n<\/ul>\n<p>Transceptor de radio de potencia media y sistema de control: 2,77 kg (6,1 libras); Transceptor de radio de alta potencia con mango: 3,99 kg (8,8 libras)<\/p>\n<h3>RECURSOS DO R\u00c1DIO<\/h3>\n<ul>\n<li><strong>N\u00famero de canais<\/strong><\/li>\n<\/ul>\n<p>512<\/p>\n<ul>\n<li><strong>Voz e dados integrados<\/strong><\/li>\n<\/ul>\n<p>Sim<\/p>\n\t\t<\/div>\n\t\t\t\t\t<\/div>\n\n\t\n<\/div>\n<\/div><\/div><\/div>\n\t\t<\/div>\n\t\t\t\t\t<\/div>\n\n\t\n<\/div>\n\t\t<\/div>\n\t\t\t\t\t<\/div>\n\n\t\n<\/div>\n\t\t<\/div>\n\n\t\t\n<style>\n#section_2026116494 {\n  padding-top: 0px;\n  padding-bottom: 0px;\n}\n<\/style>\n\t<\/section>\n\t\n","protected":false},"excerpt":{"rendered":"<p style=\"text-align: justify;\">O r\u00e1dio m\u00f3vel digital ASTRO\u00ae XTL\u2122 2500 \u00e9 muito eficaz em situa\u00e7\u00f5es exigentes. Ideal para opera\u00e7\u00f5es de miss\u00e3o cr\u00edtica, este r\u00e1dio combina tecnologia vision\u00e1ria, fun\u00e7\u00f5es avan\u00e7adas e a qualidade da Motorola para garantir comunica\u00e7\u00e3o clara e uniforme. O transceptor de alta qualidade e a elegante interface do usu\u00e1rio oferecem excelentes resultados em todos os momentos, seja procurando interoperabilidade de P25 ou dados e fun\u00e7\u00f5es de criptografia. Sua confiabilidade faz com que o r\u00e1dio ASTRO XTL 2500 seja a solu\u00e7\u00e3o perfeita para pol\u00edcia, postos de bombeiros, servi\u00e7os m\u00e9dicos de urg\u00eancia e \u00f3rg\u00e3os governamentais.<\/p>\n","protected":false},"featured_media":10245,"comment_status":"closed","ping_status":"closed","template":"","meta":[],"product_brand":[],"product_cat":[49,30,39,50,45,32,58,57],"product_tag":[],"class_list":{"0":"post-10237","1":"product","2":"type-product","3":"status-publish","4":"has-post-thumbnail","6":"product_cat-astro-25","7":"product_cat-linha-profissional","8":"product_cat-motorola","9":"product_cat-radio-p25","10":"product_cat-radios-analogicos","11":"product_cat-radios-digitais","12":"product_cat-radios-fixos-4","13":"product_cat-radios-moveis-3","15":"first","16":"instock","17":"shipping-taxable","18":"product-type-simple"},"yoast_head":"<!-- This site is optimized with the Yoast SEO plugin v27.3 - https:\/\/yoast.com\/product\/yoast-seo-wordpress\/ -->\n<title>R\u00c1DIO M\u00d3VEL DIGITAL XTL2500 - Abix Tecnologia<\/title>\n<meta name=\"description\" content=\"O r\u00e1dio m\u00f3vel digital ASTRO\u00ae XTL2500 \u00e9 muito eficaz em situa\u00e7\u00f5es exigentes. Entre em nosso site e veja mais informa\u00e7\u00f5es sobre o produto!\" \/>\n<meta name=\"robots\" content=\"index, follow, max-snippet:-1, max-image-preview:large, max-video-preview:-1\" \/>\n<link rel=\"canonical\" href=\"https:\/\/abix.com.br\/produto\/xtl2500\/\" \/>\n<meta property=\"og:locale\" content=\"es_ES\" \/>\n<meta property=\"og:type\" content=\"article\" \/>\n<meta property=\"og:title\" content=\"R\u00c1DIO M\u00d3VEL DIGITAL XTL2500 - Abix Tecnologia\" \/>\n<meta property=\"og:description\" content=\"O r\u00e1dio m\u00f3vel digital ASTRO\u00ae XTL2500 \u00e9 muito eficaz em situa\u00e7\u00f5es exigentes. Entre em nosso site e veja mais informa\u00e7\u00f5es sobre o produto!\" \/>\n<meta property=\"og:url\" content=\"https:\/\/abix.com.br\/produto\/xtl2500\/\" \/>\n<meta property=\"og:site_name\" content=\"Abix\" \/>\n<meta property=\"article:modified_time\" content=\"2025-05-30T01:59:41+00:00\" \/>\n<meta property=\"og:image\" content=\"https:\/\/abix.com.br\/wp-content\/uploads\/2020\/05\/XTL2500-1.png\" \/>\n\t<meta property=\"og:image:width\" content=\"512\" \/>\n\t<meta property=\"og:image:height\" content=\"512\" \/>\n\t<meta property=\"og:image:type\" content=\"image\/png\" \/>\n<meta name=\"twitter:card\" content=\"summary_large_image\" \/>\n<meta name=\"twitter:label1\" content=\"Tiempo de lectura\" \/>\n\t<meta name=\"twitter:data1\" content=\"3 minutos\" \/>\n<script type=\"application\/ld+json\" class=\"yoast-schema-graph\">{\"@context\":\"https:\\\/\\\/schema.org\",\"@graph\":[{\"@type\":\"WebPage\",\"@id\":\"https:\\\/\\\/abix.com.br\\\/produto\\\/xtl2500\\\/\",\"url\":\"https:\\\/\\\/abix.com.br\\\/produto\\\/xtl2500\\\/\",\"name\":\"R\u00c1DIO M\u00d3VEL DIGITAL XTL2500 - Abix Tecnologia\",\"isPartOf\":{\"@id\":\"https:\\\/\\\/abix.com.br\\\/#website\"},\"primaryImageOfPage\":{\"@id\":\"https:\\\/\\\/abix.com.br\\\/produto\\\/xtl2500\\\/#primaryimage\"},\"image\":{\"@id\":\"https:\\\/\\\/abix.com.br\\\/produto\\\/xtl2500\\\/#primaryimage\"},\"thumbnailUrl\":\"https:\\\/\\\/abix.com.br\\\/wp-content\\\/uploads\\\/2020\\\/05\\\/XTL2500-1.png\",\"datePublished\":\"2020-05-28T20:58:37+00:00\",\"dateModified\":\"2025-05-30T01:59:41+00:00\",\"description\":\"O r\u00e1dio m\u00f3vel digital ASTRO\u00ae XTL2500 \u00e9 muito eficaz em situa\u00e7\u00f5es exigentes. Entre em nosso site e veja mais informa\u00e7\u00f5es sobre o produto!\",\"breadcrumb\":{\"@id\":\"https:\\\/\\\/abix.com.br\\\/produto\\\/xtl2500\\\/#breadcrumb\"},\"inLanguage\":\"es\",\"potentialAction\":[{\"@type\":\"ReadAction\",\"target\":[\"https:\\\/\\\/abix.com.br\\\/produto\\\/xtl2500\\\/\"]}]},{\"@type\":\"ImageObject\",\"inLanguage\":\"es\",\"@id\":\"https:\\\/\\\/abix.com.br\\\/produto\\\/xtl2500\\\/#primaryimage\",\"url\":\"https:\\\/\\\/abix.com.br\\\/wp-content\\\/uploads\\\/2020\\\/05\\\/XTL2500-1.png\",\"contentUrl\":\"https:\\\/\\\/abix.com.br\\\/wp-content\\\/uploads\\\/2020\\\/05\\\/XTL2500-1.png\",\"width\":512,\"height\":512,\"caption\":\"R\u00c1DIO M\u00d3VEL DIGITAL XTL2500\"},{\"@type\":\"BreadcrumbList\",\"@id\":\"https:\\\/\\\/abix.com.br\\\/produto\\\/xtl2500\\\/#breadcrumb\",\"itemListElement\":[{\"@type\":\"ListItem\",\"position\":1,\"name\":\"In\u00edcio\",\"item\":\"https:\\\/\\\/abix.com.br\\\/es\\\/\"},{\"@type\":\"ListItem\",\"position\":2,\"name\":\"Tienda\",\"item\":\"https:\\\/\\\/abix.com.br\\\/loja\\\/\"},{\"@type\":\"ListItem\",\"position\":3,\"name\":\"R\u00c1DIO M\u00d3VEL DIGITAL &#8211; XTL2500\"}]},{\"@type\":\"WebSite\",\"@id\":\"https:\\\/\\\/abix.com.br\\\/#website\",\"url\":\"https:\\\/\\\/abix.com.br\\\/\",\"name\":\"Abix\",\"description\":\"\",\"potentialAction\":[{\"@type\":\"SearchAction\",\"target\":{\"@type\":\"EntryPoint\",\"urlTemplate\":\"https:\\\/\\\/abix.com.br\\\/?s={search_term_string}\"},\"query-input\":{\"@type\":\"PropertyValueSpecification\",\"valueRequired\":true,\"valueName\":\"search_term_string\"}}],\"inLanguage\":\"es\"}]}<\/script>\n<!-- \/ Yoast SEO plugin. -->","yoast_head_json":{"title":"R\u00c1DIO M\u00d3VEL DIGITAL XTL2500 - Abix Tecnologia","description":"O r\u00e1dio m\u00f3vel digital ASTRO\u00ae XTL2500 \u00e9 muito eficaz em situa\u00e7\u00f5es exigentes. Entre em nosso site e veja mais informa\u00e7\u00f5es sobre o produto!","robots":{"index":"index","follow":"follow","max-snippet":"max-snippet:-1","max-image-preview":"max-image-preview:large","max-video-preview":"max-video-preview:-1"},"canonical":"https:\/\/abix.com.br\/produto\/xtl2500\/","og_locale":"es_ES","og_type":"article","og_title":"R\u00c1DIO M\u00d3VEL DIGITAL XTL2500 - Abix Tecnologia","og_description":"O r\u00e1dio m\u00f3vel digital ASTRO\u00ae XTL2500 \u00e9 muito eficaz em situa\u00e7\u00f5es exigentes. Entre em nosso site e veja mais informa\u00e7\u00f5es sobre o produto!","og_url":"https:\/\/abix.com.br\/produto\/xtl2500\/","og_site_name":"Abix","article_modified_time":"2025-05-30T01:59:41+00:00","og_image":[{"width":512,"height":512,"url":"https:\/\/abix.com.br\/wp-content\/uploads\/2020\/05\/XTL2500-1.png","type":"image\/png"}],"twitter_card":"summary_large_image","twitter_misc":{"Tiempo de lectura":"3 minutos"},"schema":{"@context":"https:\/\/schema.org","@graph":[{"@type":"WebPage","@id":"https:\/\/abix.com.br\/produto\/xtl2500\/","url":"https:\/\/abix.com.br\/produto\/xtl2500\/","name":"R\u00c1DIO M\u00d3VEL DIGITAL XTL2500 - Abix Tecnologia","isPartOf":{"@id":"https:\/\/abix.com.br\/#website"},"primaryImageOfPage":{"@id":"https:\/\/abix.com.br\/produto\/xtl2500\/#primaryimage"},"image":{"@id":"https:\/\/abix.com.br\/produto\/xtl2500\/#primaryimage"},"thumbnailUrl":"https:\/\/abix.com.br\/wp-content\/uploads\/2020\/05\/XTL2500-1.png","datePublished":"2020-05-28T20:58:37+00:00","dateModified":"2025-05-30T01:59:41+00:00","description":"O r\u00e1dio m\u00f3vel digital ASTRO\u00ae XTL2500 \u00e9 muito eficaz em situa\u00e7\u00f5es exigentes. Entre em nosso site e veja mais informa\u00e7\u00f5es sobre o produto!","breadcrumb":{"@id":"https:\/\/abix.com.br\/produto\/xtl2500\/#breadcrumb"},"inLanguage":"es","potentialAction":[{"@type":"ReadAction","target":["https:\/\/abix.com.br\/produto\/xtl2500\/"]}]},{"@type":"ImageObject","inLanguage":"es","@id":"https:\/\/abix.com.br\/produto\/xtl2500\/#primaryimage","url":"https:\/\/abix.com.br\/wp-content\/uploads\/2020\/05\/XTL2500-1.png","contentUrl":"https:\/\/abix.com.br\/wp-content\/uploads\/2020\/05\/XTL2500-1.png","width":512,"height":512,"caption":"R\u00c1DIO M\u00d3VEL DIGITAL XTL2500"},{"@type":"BreadcrumbList","@id":"https:\/\/abix.com.br\/produto\/xtl2500\/#breadcrumb","itemListElement":[{"@type":"ListItem","position":1,"name":"In\u00edcio","item":"https:\/\/abix.com.br\/es\/"},{"@type":"ListItem","position":2,"name":"Tienda","item":"https:\/\/abix.com.br\/loja\/"},{"@type":"ListItem","position":3,"name":"R\u00c1DIO M\u00d3VEL DIGITAL &#8211; XTL2500"}]},{"@type":"WebSite","@id":"https:\/\/abix.com.br\/#website","url":"https:\/\/abix.com.br\/","name":"Abix","description":"","potentialAction":[{"@type":"SearchAction","target":{"@type":"EntryPoint","urlTemplate":"https:\/\/abix.com.br\/?s={search_term_string}"},"query-input":{"@type":"PropertyValueSpecification","valueRequired":true,"valueName":"search_term_string"}}],"inLanguage":"es"}]}},"_links":{"self":[{"href":"https:\/\/abix.com.br\/es\/wp-json\/wp\/v2\/product\/10237","targetHints":{"allow":["GET"]}}],"collection":[{"href":"https:\/\/abix.com.br\/es\/wp-json\/wp\/v2\/product"}],"about":[{"href":"https:\/\/abix.com.br\/es\/wp-json\/wp\/v2\/types\/product"}],"replies":[{"embeddable":true,"href":"https:\/\/abix.com.br\/es\/wp-json\/wp\/v2\/comments?post=10237"}],"wp:featuredmedia":[{"embeddable":true,"href":"https:\/\/abix.com.br\/es\/wp-json\/wp\/v2\/media\/10245"}],"wp:attachment":[{"href":"https:\/\/abix.com.br\/es\/wp-json\/wp\/v2\/media?parent=10237"}],"wp:term":[{"taxonomy":"product_brand","embeddable":true,"href":"https:\/\/abix.com.br\/es\/wp-json\/wp\/v2\/product_brand?post=10237"},{"taxonomy":"product_cat","embeddable":true,"href":"https:\/\/abix.com.br\/es\/wp-json\/wp\/v2\/product_cat?post=10237"},{"taxonomy":"product_tag","embeddable":true,"href":"https:\/\/abix.com.br\/es\/wp-json\/wp\/v2\/product_tag?post=10237"}],"curies":[{"name":"wp","href":"https:\/\/api.w.org\/{rel}","templated":true}]}}